{"id":212,"date":"2021-09-14T13:02:49","date_gmt":"2021-09-14T11:02:49","guid":{"rendered":"https:\/\/parier-presidentielle.com\/?page_id=212"},"modified":"2021-09-14T15:59:08","modified_gmt":"2021-09-14T13:59:08","slug":"melenchon-election","status":"publish","type":"page","link":"https:\/\/parier-presidentielle.com\/ro\/melenchon-elegere\/","title":{"rendered":"Paria\u021bi pe alegerea lui Jean-Luc M\u00e9lenchon"},"content":{"rendered":"<h2 class=\"wp-block-heading\" id=\"block-f005be1c-8637-4455-a388-e82bafcaf460\"><span id=\"cote-et-pronostics-pour-le-candidat-jean-luc-melenchon-paris-en-ligne-sur-la-politique-et-le-futur-president-de-la-france-de-2022\">Cote \u0219i previziuni pentru candidatul Jean-Luc M\u00e9lenchon:<br>Pariuri online pe politic\u0103 \u0219i viitorul pre\u0219edinte al Fran\u021bei \u00een 2022<\/span><\/h2>\n\n\n\n<p><\/p>\n\n\n\n<p><\/p>\n\n\n\n<p>Jean-Luc M\u00e9lenchon (fr. Jean-Luc M\u00e9lenchon, IPA (fr.):; B., Tanger) \u2013 om de stat \u0219i politician de st\u00e2nga francez, jurnalist. Ministrul Educa\u021biei Profesionale \u00een guvernul lui Lionel Jospin din 2000 p\u00e2n\u0103 \u00een 2002. Membru al Senatului francez din departamentul Eson (1986-2000; 2004-2010). Membru \u00een Parlamentul European din 2009 p\u00e2n\u0103 \u00een 2017 (European United Left Faction \/ Left-North Green). Unul dintre fondatorii \u0219i pre\u0219edin\u021bii \u201ePartidului de St\u00e2nga\u201d. Din 2017 \u2013 Membru al Adun\u0103rii Na\u021bionale Franceze pentru partidul \u201eFran\u021ba ne\u00eenvins\u0103\u201d.<\/p>\n\n\n\n<h2 class=\"wp-block-heading\"><span id=\"biographie-de-jean-luc-melenchon\">Biografia lui Jean-Luc M\u00e9lenchon<\/span><\/h2>\n\n\n\n<p><br>N\u0103scut \u00een Tanger (Zona Interna\u021bional\u0103 a Tangerului, ast\u0103zi Maroc). P\u0103rin\u021bii sunt func\u021bionari publici. \u00cen 1962, s-a mutat \u00eempreun\u0103 cu mama sa \u00een Fran\u021ba. Filosof de preg\u0103tire, a studiat la Universitatea din Franche-Comt\u00e9. A predat \u00een licee. El a fost implicat foarte devreme \u00een mi\u0219carea radical\u0103 a tineretului de st\u00e2nga, a fost membru al Uniunii Na\u021bionale a Studen\u021bilor Francezi \u0219i a participat la demonstra\u021biile din Mai Ro\u0219u din 1968. \u00cen cadrul mi\u0219c\u0103rii tro\u021bkiste franceze, M\u00e9lanchon s-a al\u0103turat Lamberti\u0219tilor, adep\u021bi de Pierre Lambert din Organiza\u021bia Comunist\u0103 Interna\u021bional\u0103. Participarea la munca sindical\u0103 din Besan\u00e7on.<\/p>\n\n\n\n<p>Cu toate acestea, \u00een 1977 s-a al\u0103turat Partidului Socialist din Fran\u021ba, rup\u00e2nd cu tro\u021bki\u015ftii. El l-a sprijinit activ pe pre\u0219edintele francez Fran\u00e7ois Mitterrand. Din 1988, Jean-Luc Melanchon a fost ales \u00een Consiliul Na\u0163ional \u015fi Oficiul Na\u0163ional al Partidului Socialist. \u00cempreun\u0103 cu oameni care au acelea\u0219i idei, a organizat \u201eSt\u00e2nga Socialist\u0103\u201d (mi\u0219care anticapitalist\u0103 din r\u00e2ndurile Partidului Socialist). Din 2000 p\u00e2n\u0103 \u00een 2002, a fost ministru delegat pentru \u00cenv\u0103\u021b\u0103m\u00e2ntul Profesional \u00een guvernul socialistului Lionel Jospin. A fost senator al departamentului din Eson (1986-2000 \u0219i 2004-2010). A lucrat \u0219i la nivel municipal \u00een departamentul Eson.<\/p>\n\n\n\n<p>\u00cen cadrul referendumului pentru adoptarea Constitu\u021biei Uniunii Europene, \u00eempreun\u0103 cu curentele interne de st\u00e2nga ale Partidului Socialist \u0219i ale altor persoane de st\u00e2nga, organiza\u021bia s-a opus ratific\u0103rii acesteia, \u00een timp ce conducerea partidului a sus\u021binut ratificarea acesteia. Participarea la campania \u00eempotriva a ceea ce politicienii de st\u00e2nga au v\u0103zut ca Constitu\u021bia neoliberal\u0103 a UE l-a adus pe Melanchon mai aproape de Partidul Comunist Francez \u0219i de tro\u021bki\u0219ti.<\/p>\n\n\n\n<p>\u00cen 2008 a p\u0103r\u0103sit Partidul Socialist din cauza contradic\u021biilor cu conducerea acestuia (inclusiv S\u00e9gol\u00e8ne Royal), pe care a criticat-o pentru cursul social-liberal \u0219i plecarea ideilor de st\u00e2nga. A ini\u021biat crearea \u201ePartidului de St\u00e2nga\u201d (pe modelul \u201est\u00e2ngii\u201d germane cu referire la ideile lui Jean Jaur\u00e8s); a devenit primul s\u0103u pre\u0219edinte. La lucrarea de creare a acestuia a participat \u0219i colegul s\u0103u Mark Dole. \u00cen 2010, partidul a fost coprezidat de liderul frac\u021biunii interne a Partidului Verzilor, care a p\u0103r\u0103sit partidul \u00eensu\u0219i \u2013 Martin Billard. \u00cen 2009, a fost ales europarlamentar pe lista grup\u0103rii St\u00e2nga Unit\u0103 European\u0103\/St\u00e2nga-Verzi Nord. Partidul de St\u00e2nga particip\u0103 la coali\u021bia Frontului de St\u00e2nga; Melanchon este unul dintre copre\u0219edin\u021bii s\u0103i.<\/p>\n\n\n\n<h2 class=\"wp-block-heading\"><span id=\"participation-aux-elections-presidentielles-de-2012-de-jean-luc-melenchon\">Participarea la alegerile preziden\u021biale din 2012 a lui Jean-Luc M\u00e9lenchon<\/span><\/h2>\n\n\n\n<p><br>Pe m\u0103sur\u0103 ce alegerile preziden\u021biale din 2012 se apropiau, Partidul Comunist Francez inten\u021biona s\u0103-\u0219i prezinte propriul candidat (Alain Boquet era cel mai probabil). Cu toate acestea, \u00een timpul congresului s\u0103u, care a avut loc \u00een perioada 16-18 iunie 2011, Jean-Luc Melanchon a adunat 59,12 % din voturile membrilor congresului \u0219i a fost desemnat candidat (au participat membri ai altor partide apar\u021bin\u00e2nd Frontului de St\u00e2nga). Astfel, a devenit candidat unic al acestei alian\u021be) Conform rezultatelor sondajelor efectuate \u00een 2012, \u00eenainte de alegeri, ratingul lui Melanchon era de 6 la 15 %. Pe tot parcursul campaniei preziden\u021biale, potrivit unor sondaje, el a reu\u0219it s\u0103 treac\u0103 de pe pozi\u021bia a cincea la a treia \u00een r\u00e2ndul aleg\u0103torilor gata s\u0103 voteze pentru Melanchon, dep\u0103\u0219indu-i astfel pe Marine Le Pen \u0219i Fran\u00e7ois Bayrou.<\/p>\n\n\n\n<p>Principala caracteristic\u0103 a programului s\u0103u a fost proclamarea \u201eA \u0219asea Republic\u0103 Francez\u0103\u201d prin modificarea constitu\u021biei franceze. \u00cen discursurile sale, a men\u021bionat \u00een repetate r\u00e2nduri istoria Revolu\u021biei Franceze \u0219i a Comunei de la Paris. El \u0219i-a cerut sus\u021bin\u0103torilor s\u0103i o revolu\u021bie \u201ecivil\u0103\u201d pa\u0219nic\u0103 \u2013 o lovitur\u0103 de stat, care este condus\u0103 nu de clasa muncitoare, ci de to\u021bi cet\u0103\u021benii care \u00ee\u0219i sus\u021bin \u021bara.<\/p>\n\n\n\n<p>Conform rezultatelor primului tur, M\u00e9lanchon a ob\u021binut 3.985.089 de voturi (11,1 % din num\u0103rul total de aleg\u0103tori), ocup\u00e2nd astfel locul patru. Este semnificativ mai mult dec\u00e2t candidatul Partidului Comunist din 2007 \u2013 Marie-Georges Buffet (rezultatul ei a fost de 1.93% din voturi).<\/p>\n\n\n\n<p>\u00cen turul doi, Melanchon a sus\u021binut candidatura lui Fran\u00e7ois Hollande, \u00een ciuda faptului c\u0103, din cauza contradic\u021biilor cu acesta, a p\u0103r\u0103sit Partidul Socialist \u00een 2008. La 6 mai 2012, Hollande a fost ales pre\u0219edinte al Fran\u021bei.<\/p>\n\n\n\n<p>Alte activitati<br>El a \u00eencercat s\u0103 devin\u0103 membru al Adun\u0103rii Na\u0163ionale Franceze \u00een 2012 din circumscrip\u0163ia 11 al departamentului Pas-de-Calais de pe lista \u201eFrontului de st\u00e2nga\u201d pentru a-l aresta pe liderul Frontului Na\u0163ional, Marine Le Pen, care era alerg\u00e2nd acolo. Cu toate acestea, \u00een primul tur de scrutin, a c\u00e2\u0219tigat 21,48 % din voturi \u0219i a ocupat locul trei, pierz\u00e2nd at\u00e2t \u00een fa\u021ba Marinei Le Pen (42,36 % din voturi), c\u00e2t \u0219i \u00een fa\u021ba lui Philippe.<\/p>\n\n\n\n<p><\/p>\n\n\n\n<p>Kemel, candidatul socialist (23,51 voturi TP4T). Astfel, Melanchon nu a putut ob\u021bine dreptul de a concura pentru mandatul de deputat.<\/p>\n\n\n\n<h2 class=\"wp-block-heading\"><span id=\"participation-a-l8217election-presidentielle-de-2017-de-jean-luc-melenchon\">Participarea la alegerile preziden\u021biale din 2017 a lui Jean-Luc M\u00e9lenchon<\/span><\/h2>\n\n\n\n<p><br>\u00cen februarie 2016, Melanchon \u0219i-a anun\u021bat inten\u021bia de a participa la campania preziden\u021bial\u0103 din 2017. Refuz\u00e2nd s\u0103 participe la \u201eprimarele de st\u00e2nga\u201d, organizate de Partidul Socialist, a devenit candidat pentru mi\u0219carea \u201eFran\u021ba ne\u00eenvins\u0103\u201d creat\u0103 \u00een acela\u0219i timp. Programul s\u0103u s-a bazat pe tezele sale din 2012, cu c\u00e2teva modific\u0103ri: \u00eenfiin\u021barea Republicii a \u0219asea (adic\u0103 adoptarea unei noi Constitu\u021bii), redistribuirea averii (impunerea de impozite pe venitul suplimentar la veniturile excedentare, sau reducerea s\u0103pt\u0103m\u00e2na de lucru la 32 de ore), sc\u0103derea v\u00e2rstei de pensionare la 60 de ani, ie\u0219irea Fran\u021bei din Uniunea European\u0103 \u0219i NATO. Melanchon \u0219i-a formulat p\u0103rerile \u00een cartea \u201eL\u2019avenir en commun\u201d (\u201eViitorul comun\u201d), distribuit\u0103 \u00een 200.000 de exemplare.<\/p>\n\n\n\n<p>Potrivit Le Figaro, programul Melanchon, care prevede o cre\u0219tere a cheltuielilor bugetare cu 270 de miliarde de euro \u0219i major\u0103ri de taxe cu 120 de miliarde de euro, o cre\u0219tere a concediului anual pl\u0103tit la \u0219ase s\u0103pt\u0103m\u00e2ni (durata acestuia \u00een 2017 este de cinci s\u0103pt\u0103m\u00e2ni), precum \u0219i precum confiscarea tuturor veniturilor care dep\u0103\u0219esc 400 de mii de euro pe an, inspirat\u0103 de ideile unor politicieni precum fostul pre\u0219edinte venezuelean Hugo Chavez.<\/p>\n\n\n\n<p>Pe 4 aprilie 2017, a fost organizat\u0103 o dezbatere televizat\u0103 cu participarea tuturor unsprezece candida\u021bi la pre\u0219edin\u021bie din Fran\u021ba, c\u00e2\u0219tig\u0103torul c\u0103ruia a fost senza\u021bional Melanchon \u2013 discursul s\u0103u a fost recunoscut drept cel mai conving\u0103tor de c\u0103tre 25% dintre cei intervieva\u021bi (Macron a primit sprijin de la 21% , Fillon \u2013 15%). Mai mult, potrivit rezultatelor unui studiu sociologic efectuat dup\u0103 dezbatere, M\u00e9lanchon cu sprijinul 21% s-a situat pe locul doi printre cei mai probabil c\u00e2\u0219tig\u0103tori ai primului tur al alegerilor \u2013 dup\u0103 Macron (27%) \u0219i \u00eenaintea lui Fillon (20%).<\/p>\n\n\n\n<p>\u00cen aprilie 2017, s-a remarcat prin utilizarea celor mai noi tehnologii de campanie electoral\u0103 \u2013 radio web \u0219i chiar propriile imagini holografice \u00een timpul mitingurilor din Nantes, Clermont-Ferrand, Montpellier, Grenoble, Nancy \u0219i R\u00e9union.<\/p>\n\n\n\n<p>Pe 20 aprilie 2017, o serie de figuri proeminente ale culturii americane - Danny Glover, filosoful Noam Chomsky, dramaturgul \u0219i feministul Eve Ensler, actorul Mark Ruffalo, Nancy Fraser \u0219i Oliver Stone au publicat o peti\u021bie prin care \u00eei \u00eendeamn\u0103 pe francezi s\u0103 \u201enu repete Clinton. tragedie \u00eempotriva lui Trump\u201d, adic\u0103 \u201enu for\u021ba\u021bi aleg\u0103torii francezi s\u0103 aleag\u0103 \u00eentre liberalismul institu\u021biei corporative \u0219i populismul xenofob de dreapta\u201d, ci \u201es\u0103 uni\u021bi \u00een primul tur al alegerilor preziden\u021biale \u00een jurul candidatului de st\u00e2nga cu cea mai mare sus\u021binere a aleg\u0103torilor. Autorii peti\u021biei l-au numit \u0219i pe acest candidat \u2013 Melanchon.<\/p>\n\n\n\n<p>Pe 23 aprilie 2017, a primit sprijinul a 19,58 aleg\u0103tori % (7.060.885 persoane) \u00een primul tur de scrutin, ocup\u00e2nd locul patru \u00eentre unsprezece candida\u021bi \u0219i neav\u00e2nd astfel \u00een turul doi. Cele mai bune rezultate s-au dovedit a fi rezultatele lui M\u00e9lenchon \u00een regiunile de peste m\u0103ri: a c\u00e2\u0219tigat la Reunion (24,53 %), \u00een Guyana (24,7 %), la Saint-Pierre \u0219i Miquelon (mai mult de 35 % fa\u021b\u0103 de 17,9 % pentru c\u00e2\u0219tig\u0103torul primei runde). la scar\u0103 na\u021bional\u0103 \u2013 Emmanuel Macron) \u0219i Martinica (27.3%).<\/p>\n\n\n\n<p>Alte activit\u0103\u021bi (din 2017)<br>La alegerile legislative din Fran\u021ba, partidul s\u0103u a c\u00e2\u0219tigat 17 mandate din 577, devenind al patrulea ca num\u0103r de deputa\u021bi. El \u00eensu\u0219i a fost ales deputat pentru una dintre comunele din Marsilia.<\/p>\n\n\n\n<p>Pe 16 octombrie 2018, casa de l\u00e2ng\u0103 M\u00e9lenchon \u0219i mai multe cl\u0103diri din \u201eFran\u021ba ne\u00eenvins\u0103\u201d au fost perchezi\u021bionate \u00een cadrul anchetei privind acuza\u021biile de angajare fictive de asisten\u021bi parlamentari \u0219i \u00eenc\u0103lcarea regulilor de finan\u021bare a campaniei, \u00een timpul c\u0103rora au avut loc confrunt\u0103ri \u00eentre activi\u0219ti. \u0219i agen\u021bii de aplicare a legii. La 20 septembrie 2019, instan\u021ba Bobigny l-a condamnat pe Melanchon la trei luni de \u00eenchisoare cu suspendare \u0219i o amend\u0103 de 8 mii de euro pentru obstruc\u021bionarea justi\u021biei \u0219i rebeliune, iar al\u021bi cinci inculpa\u021bi au fost condamna\u021bi la o amend\u0103 de la 2 mii la 10 mii de euro (proces desf\u0103\u0219urat dou\u0103 zile \u2013 19 \u0219i 20 septembrie, iar Melanchon a numit-o imediat persecu\u021bie politic\u0103).<\/p>\n\n\n\n<p><\/p>\n\n\n\n<p class=\"has-text-align-center unibet\" style=\"font-size:25px\"><mark style=\"background-color:rgba(0, 0, 0, 0);color:#0d7a12\" class=\"has-inline-color\"><strong><a href=\"https:\/\/parier-presidentielle.com\/ro\/recommends\/unibet\/\">Bonus de 150 EUR oferit cu Unibet<br>Pentru primul pariu politic sau sportiv: Face\u021bi clic aici<\/a><\/strong><\/mark><\/p>\n\n\n\n<p><\/p>\n\n\n<div class=\"wp-block-image\">\n<figure class=\"aligncenter is-resized wp-duotone-000097-ff4747-1\"><img decoding=\"async\" loading=\"lazy\" src=\"https:\/\/parier-presidentielle.com\/wp-content\/uploads\/2021\/09\/election-standard-scale-4_00x-gigapixel-1024x623.jpg\" alt=\"Alegeri 2022\" style=\"width:256px;height:156px\" width=\"256\" height=\"156\"\/><\/figure><\/div>\n\n\n<p><br><\/p>\n\n\n\n<p><strong>Parier-presiden\u0163ial v\u0103 ajut\u0103 s\u0103 alege\u0163i \u00eentre diferite<a href=\"https:\/\/parier-presidentielle.com\/ro\/\"> Casele de pariuri Bwin, Unibet, Betclic vor paria pe viitorul pre\u0219edinte american \u00een 2024<\/a> : <\/strong><br><a href=\"https:\/\/parier-presidentielle.com\/ro\/unibet-politica-elegeri-2022\/\">Casa de pariuri preziden\u021bial\u0103 Unibet<\/a> : Ghid detaliat \u0219i gratuit pentru a face primul pariu online cu toate cotele \u0219i cum s\u0103 profita\u021bi de Bonusul oferit!<\/p>\n\n\n\n<p>Ca \u0219i alte site-uri online din Paris: <a href=\"https:\/\/parier-presidentielle.com\/ro\/unibet-politica-elegeri-2022\/\">Bwin<\/a>, <a href=\"https:\/\/parier-presidentielle.com\/ro\/netbet-paris-politica-alegeri-2022\/\">NetBet<\/a>, <a href=\"https:\/\/parier-presidentielle.com\/ro\/betclic-presidential-2022\/\">Betclic<\/a>, <a href=\"https:\/\/parier-presidentielle.com\/ro\/winamax-politica-alegeri-2022\/\">Winamax<\/a>, Parions Sport, Zebet, Betway, France-Pari, Vbet, Cloudbet, 1Xbit, 1xbet, Betfair, Betwinner \u2026<\/p>\n\n\n\n<div class=\"wp-block-columns is-layout-flex wp-container-6 wp-block-columns-is-layout-flex\">\n<div class=\"wp-block-column is-layout-flow wp-block-column-is-layout-flow\" style=\"flex-basis:33.33%\">\n<p>Tocmai a\u021bi citit dosarul nostru:<\/p>\n<\/div>\n\n\n\n<div class=\"wp-block-column is-layout-flow wp-block-column-is-layout-flow\" style=\"flex-basis:33.33%\">\n<div class=\"wp-block-group is-layout-flow wp-block-group-is-layout-flow\"><div class=\"wp-block-group__inner-container\"><h4 class=\"has-text-align-center wp-block-post-title\"><span id=\"parier-sur-lelection-de-jean-luc-melenchon\"><a href=\"https:\/\/parier-presidentielle.com\/ro\/melenchon-elegere\/\" target=\"_self\" >Paria\u021bi pe alegerea lui Jean-Luc M\u00e9lenchon<\/a><\/span><\/h4><\/div><\/div>\n<\/div>\n\n\n\n<div class=\"wp-block-column is-layout-flow wp-block-column-is-layout-flow\" style=\"flex-basis:33.33%\">\n<p class=\"has-text-align-right\">Continua\u021bi s\u0103 citi\u021bi cu celelalte fi\u0219iere exclusive ale noastre,<\/p>\n<\/div>\n<\/div>\n\n\n\n<h3 class=\"wp-block-heading\" id=\"tous-les-pronostics-sondage-et-cotes-pour-parier-sur-le-futur-vainqueur-de-l-election-presidentielle-2022\"><span id=\"tous-les-pronostics-sondage-et-cotes-pour-parier-sur-le-futur-vainqueur-de-l8217election-presidentielle-2024\">Toate predic\u021biile, sondajele \u0219i cotele pentru a paria pe viitorul c\u00e2\u0219tig\u0103tor al alegerilor preziden\u021biale din 2024:<\/span><\/h3>\n\n\n\n<ul>\n<li><a href=\"https:\/\/parier-presidentielle.com\/ro\/macron-elegere\/\">Paria\u021bi pe Emmanuel Macron cu Unibet, Betclic, Bwin<\/a> : Favoritul \u00een sondaje \u0219i predic\u021bii <\/li>\n\n\n\n<li><a href=\"https:\/\/parier-presidentielle.com\/ro\/marine-le-pen-election\/\">Marine Le Pen: Cotele ei \u0219i cum s\u0103 pariezi cu casele de pariuri<\/a>: Provocatorul conform Unibet<\/li>\n<\/ul>\n\n\n\n<p><\/p>\n\n\n\n<center><script type=\"text\/javascript\" charset=\"utf-8\" src=\"https:\/\/www.gambling-affiliation.com\/cpm\/v=AmIMTDSs92QY6b0MzDMvM5laCjJ-ZlA-1oQ-7tKsi.w_GA7331V2\"><\/script><\/center>\n\n\n\n<h3 class=\"wp-block-heading\"><span id=\"donald-trump-vs-joe-biden-la-video-qui-lance-les-paris-en-ligne-sur-l8217election-politique-de-2024\">Donald Trump vs Joe Biden: videoclipul care lanseaz\u0103 pariuri online la alegerile politice din 2024<\/span><\/h3>\n\n\n\n<figure class=\"wp-block-embed is-type-video is-provider-youtube wp-block-embed-youtube wp-embed-aspect-16-9 wp-has-aspect-ratio\"><div class=\"wp-block-embed__wrapper\">\n<iframe loading=\"lazy\" title=\"Fostul pre\u0219edinte Donald Trump lanseaz\u0103 oferta #Short pentru 2024 la Casa Alb\u0103\" width=\"640\" height=\"360\" src=\"https:\/\/www.youtube.com\/embed\/hZykPRVe4Ag?feature=oembed\" frameborder=\"0\" allow=\"accelerometer; autoplay; clipboard-write; encrypted-media; gyroscope; picture-in-picture; web-share\" allowfullscreen><\/iframe>\n<\/div><\/figure>\n\n\n<div class=\"wp-block-image\">\n<figure class=\"aligncenter size-medium\"><a href=\"https:\/\/parier-presidentielle.com\/ro\/recommends\/unibet\/\" target=\"_blank\" rel=\"noopener\"><img decoding=\"async\" loading=\"lazy\" width=\"300\" height=\"169\" src=\"https:\/\/parier-presidentielle.com\/wp-content\/uploads\/2022\/04\/unibet-300x169.jpg\" alt=\"\" class=\"wp-image-1252\" srcset=\"https:\/\/parier-presidentielle.com\/wp-content\/uploads\/2022\/04\/unibet-300x169.jpg 300w, https:\/\/parier-presidentielle.com\/wp-content\/uploads\/2022\/04\/unibet-1024x576.jpg 1024w, https:\/\/parier-presidentielle.com\/wp-content\/uploads\/2022\/04\/unibet-768x432.jpg 768w, https:\/\/parier-presidentielle.com\/wp-content\/uploads\/2022\/04\/unibet-18x10.jpg 18w, https:\/\/parier-presidentielle.com\/wp-content\/uploads\/2022\/04\/unibet.jpg 1280w\" sizes=\"(max-width: 300px) 100vw, 300px\" \/><\/a><\/figure><\/div>\n\n\n<p>G\u0103si\u021bi Wiki, \u0219tirile politice esen\u021biale despre Cannabis \u0219i derivatele sale legale: <strong>HHC, H4cbd, Thcp, Thcv, HSD, HHCPO, C4B<\/strong><\/p>\n<div id=\"toc_container\" class=\"no_bullets\"><p class=\"toc_title\">Cuprins<\/p><ul class=\"toc_list\"><li><\/li><li><\/li><li><\/li><li><ul><li><ul><li><\/li><\/ul><\/li><li><\/li><li><\/li><\/ul><\/li><\/ul><\/div>","protected":false},"excerpt":{"rendered":"<p>Cote et pronostics pour le candidat Jean-Luc M\u00e9lenchon :Paris en ligne sur la politique et le futur pr\u00e9sident de la France de 2022 Jean-Luc M\u00e9lenchon (fr. Jean-Luc M\u00e9lenchon, IPA (fr.):; B., Tanger) &#8211; Homme d&#8217;\u00c9tat et homme politique fran\u00e7ais de gauche, journaliste. Ministre d\u00e9l\u00e9gu\u00e9e \u00e0 l&#8217;Enseignement professionnel dans le gouvernement de Lionel Jospin de 2000 &#8230;<\/p>","protected":false},"author":1,"featured_media":0,"parent":0,"menu_order":0,"comment_status":"closed","ping_status":"closed","template":"page-nosidebar.php","meta":{"footnotes":""},"yoast_head":"<!-- This site is optimized with the Yoast SEO Premium plugin v21.0 (Yoast SEO v21.0) - https:\/\/yoast.com\/wordpress\/plugins\/seo\/ -->\n<title>Parier sur l\u2019\u00e9lection de Jean-Luc M\u00e9lenchon - Finale Coupe du Monde FIFA<\/title>\n<meta name=\"description\" content=\"Pariez sur M\u00e9lenchon pour l&#039;\u00e9lection 2022 : Cliquez Ici et Gagnez Gros! Pronostics ,Comparaison des Bookmakers et des meilleurs Cotes.\" \/>\n<meta name=\"robots\" content=\"index, follow, max-snippet:-1, max-image-preview:large, max-video-preview:-1\" \/>\n<link rel=\"canonical\" href=\"https:\/\/parier-presidentielle.com\/ro\/melenchon-elegere\/\" \/>\n<meta property=\"og:locale\" content=\"ro_RO\" \/>\n<meta property=\"og:type\" content=\"article\" \/>\n<meta property=\"og:title\" content=\"Parier sur l\u2019\u00e9lection de Jean-Luc M\u00e9lenchon\" \/>\n<meta property=\"og:description\" content=\"Pariez sur M\u00e9lenchon pour l&#039;\u00e9lection 2022 : Cliquez Ici et Gagnez Gros! Pronostics ,Comparaison des Bookmakers et des meilleurs Cotes.\" \/>\n<meta property=\"og:url\" content=\"https:\/\/parier-presidentielle.com\/ro\/melenchon-elegere\/\" \/>\n<meta property=\"og:site_name\" content=\"Parier Pr\u00e9sidentielle\" \/>\n<meta property=\"article:modified_time\" content=\"2021-09-14T13:59:08+00:00\" \/>\n<meta name=\"twitter:card\" content=\"summary_large_image\" \/>\n<meta name=\"twitter:label1\" content=\"Est. reading time\" \/>\n\t<meta name=\"twitter:data1\" content=\"7 minute\" \/>\n<script type=\"application\/ld+json\" class=\"yoast-schema-graph\">{\"@context\":\"https:\/\/schema.org\",\"@graph\":[{\"@type\":\"WebPage\",\"@id\":\"https:\/\/parier-presidentielle.com\/melenchon-election\/\",\"url\":\"https:\/\/parier-presidentielle.com\/melenchon-election\/\",\"name\":\"Parier sur l\u2019\u00e9lection de Jean-Luc M\u00e9lenchon - Finale Coupe du Monde FIFA\",\"isPartOf\":{\"@id\":\"https:\/\/parier-presidentielle.com\/#website\"},\"datePublished\":\"2021-09-14T11:02:49+00:00\",\"dateModified\":\"2021-09-14T13:59:08+00:00\",\"description\":\"Pariez sur M\u00e9lenchon pour l'\u00e9lection 2022 : Cliquez Ici et Gagnez Gros! Pronostics ,Comparaison des Bookmakers et des meilleurs Cotes.\",\"breadcrumb\":{\"@id\":\"https:\/\/parier-presidentielle.com\/melenchon-election\/#breadcrumb\"},\"inLanguage\":\"ro-RO\",\"potentialAction\":[{\"@type\":\"ReadAction\",\"target\":[\"https:\/\/parier-presidentielle.com\/melenchon-election\/\"]}]},{\"@type\":\"BreadcrumbList\",\"@id\":\"https:\/\/parier-presidentielle.com\/melenchon-election\/#breadcrumb\",\"itemListElement\":[{\"@type\":\"ListItem\",\"position\":1,\"name\":\"Accueil\",\"item\":\"https:\/\/parier-presidentielle.com\/\"},{\"@type\":\"ListItem\",\"position\":2,\"name\":\"Parier sur l\u2019\u00e9lection de Jean-Luc M\u00e9lenchon\"}]},{\"@type\":\"WebSite\",\"@id\":\"https:\/\/parier-presidentielle.com\/#website\",\"url\":\"https:\/\/parier-presidentielle.com\/\",\"name\":\"Parier Pr\u00e9sidentielle\",\"description\":\"Paris, Pronostics, Wiki sur la Politique, les Elections Am\u00e9ricaines: Joe Biden, Donald Trump avec les Bookmakers en ligne Unibet, Bwin, Betclic, Winamax\",\"potentialAction\":[{\"@type\":\"SearchAction\",\"target\":{\"@type\":\"EntryPoint\",\"urlTemplate\":\"https:\/\/parier-presidentielle.com\/?s={search_term_string}\"},\"query-input\":\"required name=search_term_string\"}],\"inLanguage\":\"ro-RO\"}]}<\/script>\n<!-- \/ Yoast SEO Premium plugin. -->","yoast_head_json":{"title":"Parier sur l\u2019\u00e9lection de Jean-Luc M\u00e9lenchon - Finale Coupe du Monde FIFA","description":"Pariez sur M\u00e9lenchon pour l'\u00e9lection 2022 : Cliquez Ici et Gagnez Gros! Pronostics ,Comparaison des Bookmakers et des meilleurs Cotes.","robots":{"index":"index","follow":"follow","max-snippet":"max-snippet:-1","max-image-preview":"max-image-preview:large","max-video-preview":"max-video-preview:-1"},"canonical":"https:\/\/parier-presidentielle.com\/ro\/melenchon-elegere\/","og_locale":"ro_RO","og_type":"article","og_title":"Parier sur l\u2019\u00e9lection de Jean-Luc M\u00e9lenchon","og_description":"Pariez sur M\u00e9lenchon pour l'\u00e9lection 2022 : Cliquez Ici et Gagnez Gros! Pronostics ,Comparaison des Bookmakers et des meilleurs Cotes.","og_url":"https:\/\/parier-presidentielle.com\/ro\/melenchon-elegere\/","og_site_name":"Parier Pr\u00e9sidentielle","article_modified_time":"2021-09-14T13:59:08+00:00","twitter_card":"summary_large_image","twitter_misc":{"Est. reading time":"7 minute"},"schema":{"@context":"https:\/\/schema.org","@graph":[{"@type":"WebPage","@id":"https:\/\/parier-presidentielle.com\/melenchon-election\/","url":"https:\/\/parier-presidentielle.com\/melenchon-election\/","name":"Parier sur l\u2019\u00e9lection de Jean-Luc M\u00e9lenchon - Finale Coupe du Monde FIFA","isPartOf":{"@id":"https:\/\/parier-presidentielle.com\/#website"},"datePublished":"2021-09-14T11:02:49+00:00","dateModified":"2021-09-14T13:59:08+00:00","description":"Pariez sur M\u00e9lenchon pour l'\u00e9lection 2022 : Cliquez Ici et Gagnez Gros! Pronostics ,Comparaison des Bookmakers et des meilleurs Cotes.","breadcrumb":{"@id":"https:\/\/parier-presidentielle.com\/melenchon-election\/#breadcrumb"},"inLanguage":"ro-RO","potentialAction":[{"@type":"ReadAction","target":["https:\/\/parier-presidentielle.com\/melenchon-election\/"]}]},{"@type":"BreadcrumbList","@id":"https:\/\/parier-presidentielle.com\/melenchon-election\/#breadcrumb","itemListElement":[{"@type":"ListItem","position":1,"name":"Accueil","item":"https:\/\/parier-presidentielle.com\/"},{"@type":"ListItem","position":2,"name":"Parier sur l\u2019\u00e9lection de Jean-Luc M\u00e9lenchon"}]},{"@type":"WebSite","@id":"https:\/\/parier-presidentielle.com\/#website","url":"https:\/\/parier-presidentielle.com\/","name":"Parier Pr\u00e9sidentielle","description":"Paris, Pronostics, Wiki sur la Politique, les Elections Am\u00e9ricaines: Joe Biden, Donald Trump avec les Bookmakers en ligne Unibet, Bwin, Betclic, Winamax","potentialAction":[{"@type":"SearchAction","target":{"@type":"EntryPoint","urlTemplate":"https:\/\/parier-presidentielle.com\/?s={search_term_string}"},"query-input":"required name=search_term_string"}],"inLanguage":"ro-RO"}]}},"_links":{"self":[{"href":"https:\/\/parier-presidentielle.com\/ro\/wp-json\/wp\/v2\/pages\/212"}],"collection":[{"href":"https:\/\/parier-presidentielle.com\/ro\/wp-json\/wp\/v2\/pages"}],"about":[{"href":"https:\/\/parier-presidentielle.com\/ro\/wp-json\/wp\/v2\/types\/page"}],"author":[{"embeddable":true,"href":"https:\/\/parier-presidentielle.com\/ro\/wp-json\/wp\/v2\/users\/1"}],"replies":[{"embeddable":true,"href":"https:\/\/parier-presidentielle.com\/ro\/wp-json\/wp\/v2\/comments?post=212"}],"version-history":[{"count":4,"href":"https:\/\/parier-presidentielle.com\/ro\/wp-json\/wp\/v2\/pages\/212\/revisions"}],"predecessor-version":[{"id":234,"href":"https:\/\/parier-presidentielle.com\/ro\/wp-json\/wp\/v2\/pages\/212\/revisions\/234"}],"wp:attachment":[{"href":"https:\/\/parier-presidentielle.com\/ro\/wp-json\/wp\/v2\/media?parent=212"}],"curies":[{"name":"wp","href":"https:\/\/api.w.org\/{rel}","templated":true}]}}