{"id":24,"date":"2021-08-31T11:54:03","date_gmt":"2021-08-31T09:54:03","guid":{"rendered":"http:\/\/parier-presidentielle.com\/?page_id=24"},"modified":"2023-09-12T23:05:44","modified_gmt":"2023-09-12T21:05:44","slug":"parier-sur-lelection-presidentielle-de-2022-politique-paris","status":"publish","type":"page","link":"https:\/\/parier-presidentielle.com\/ro\/","title":{"rendered":"Paria\u021bi pe politic\u0103 \u0219i alegeri cu cele mai bune case de pariuri: Unibet, Bwin"},"content":{"rendered":"<div class=\"wp-block-group is-layout-flow wp-block-group-is-layout-flow\"><div class=\"wp-block-group__inner-container\">\n<div class=\"wp-block-columns is-layout-flex wp-container-3 wp-block-columns-is-layout-flex\">\n<div class=\"wp-block-column is-layout-flow wp-block-column-is-layout-flow\" style=\"flex-basis:100%\">\n<div class=\"wp-block-group alignwide is-layout-flow wp-block-group-is-layout-flow\"><div class=\"wp-block-group__inner-container\">\n<div class=\"wp-block-media-text alignwide is-stacked-on-mobile is-vertically-aligned-top\" style=\"grid-template-columns:35% auto\"><figure class=\"wp-block-media-text__media\"><img decoding=\"async\" loading=\"lazy\" width=\"1024\" height=\"711\" src=\"https:\/\/parier-presidentielle.com\/wp-content\/uploads\/2022\/12\/biden-vs-trump-1024x711.jpeg\" alt=\"\" class=\"wp-image-1865 size-full\" srcset=\"https:\/\/parier-presidentielle.com\/wp-content\/uploads\/2022\/12\/biden-vs-trump-1024x711.jpeg 1024w, https:\/\/parier-presidentielle.com\/wp-content\/uploads\/2022\/12\/biden-vs-trump-300x208.jpeg 300w, https:\/\/parier-presidentielle.com\/wp-content\/uploads\/2022\/12\/biden-vs-trump-768x533.jpeg 768w, https:\/\/parier-presidentielle.com\/wp-content\/uploads\/2022\/12\/biden-vs-trump-1536x1066.jpeg 1536w, https:\/\/parier-presidentielle.com\/wp-content\/uploads\/2022\/12\/biden-vs-trump-2048x1422.jpeg 2048w, https:\/\/parier-presidentielle.com\/wp-content\/uploads\/2022\/12\/biden-vs-trump-18x12.jpeg 18w\" sizes=\"(max-width: 1024px) 100vw, 1024px\" \/><\/figure><div class=\"wp-block-media-text__content\">\n<p style=\"font-size:18px\"><strong>Betting Presidential este site-ul de referin\u021b\u0103 pentru a v\u0103 ghida \u00een timpul primului pariu cu casele de pariuri: Unibet, Betclic, Bwin... despre politic\u0103 \u0219i alegerile preziden\u021biale franceze, americane \u0219i interna\u021bionale<\/strong>.<br><br><strong>Ghid \u0219i bonus pentru pariuri pe viitorul pre\u0219edinte al Statelor Unite \u0219i c\u00e2\u0219tig\u0103tor al rundei a doua: Joe Biden<\/strong> <strong>Macron sau Donald Trump!<\/strong><\/p>\n<\/div><\/div>\n<\/div><\/div>\n<\/div>\n<\/div>\n<\/div><\/div>\n\n\n\n<div class=\"wp-block-group is-layout-flow wp-block-group-is-layout-flow\"><div class=\"wp-block-group__inner-container\">\n<div class=\"wp-block-columns is-layout-flex wp-container-8 wp-block-columns-is-layout-flex\">\n<div class=\"wp-block-column is-layout-flow wp-block-column-is-layout-flow\" style=\"flex-basis:100%\">\n<div class=\"wp-block-columns is-layout-flex wp-container-6 wp-block-columns-is-layout-flex\">\n<div class=\"wp-block-column is-layout-flow wp-block-column-is-layout-flow\" style=\"flex-basis:100%\">\n<center><script type=\"text\/javascript\" charset=\"utf-8\" src=\"https:\/\/www.gambling-affiliation.com\/cpm\/v=AmIMTDSs92QY6b0MzDMvM5laCjJ-ZlA-1oQ-7tKsi.w_GA7331V2\"><\/script><\/center>\n\n\n\n<p><\/p>\n\n\n\n<div class=\"wp-block-image is-style-default\"><figure class=\"aligncenter size-medium\"><a href=\"https:\/\/parier-presidentielle.com\/ro\/recommends\/unibet-logo\/\" target=\"_blank\" rel=\"no follow noopener\"><img decoding=\"async\" loading=\"lazy\" width=\"300\" height=\"169\" src=\"https:\/\/parier-presidentielle.com\/wp-content\/uploads\/2022\/04\/unibet-300x169.jpg\" alt=\"\" class=\"wp-image-1252\" srcset=\"https:\/\/parier-presidentielle.com\/wp-content\/uploads\/2022\/04\/unibet-300x169.jpg 300w, https:\/\/parier-presidentielle.com\/wp-content\/uploads\/2022\/04\/unibet-1024x576.jpg 1024w, https:\/\/parier-presidentielle.com\/wp-content\/uploads\/2022\/04\/unibet-768x432.jpg 768w, https:\/\/parier-presidentielle.com\/wp-content\/uploads\/2022\/04\/unibet-18x10.jpg 18w, https:\/\/parier-presidentielle.com\/wp-content\/uploads\/2022\/04\/unibet.jpg 1280w\" sizes=\"(max-width: 300px) 100vw, 300px\" \/><\/a><\/figure><\/div>\n<\/div>\n<\/div>\n<\/div>\n<\/div>\n\n\n\n<h2 class=\"wp-block-heading\"><span id=\"guide-et-bonus-pour-parier-sur-le-futur-president-des-etats-unis-joe-biden-ou-donald-trump\">Ghid \u0219i bonus pentru pariuri pe viitorul pre\u0219edinte al Statelor Unite: Joe Biden sau Donald Trump <\/span><\/h2>\n\n\n\n<p>Alegerile preziden\u021biale din Statele Unite atrag aten\u021bia la nivel mondial deoarece alegerea urm\u0103torului pre\u0219edinte este un eveniment major care poate avea un impact semnificativ asupra viitorului \u021b\u0103rii. \u00cen 2020, este <strong>Joe Biden<\/strong> care a fost ales pre\u0219edinte, pun\u00e2nd cap\u0103t erei <strong>Atu<\/strong> \u0219i aducerea unei noi vie\u021bi politicii americane. Totu\u0219i, asta nu \u00eenseamn\u0103 c\u0103 casele de pariuri nu au cote la urm\u0103toarele alegeri preziden\u021biale, \u00een special cele din 2024. Multe site-uri de pariuri online, precum Unibet, Betclic \u0219i Bwin, ofer\u0103 cote pe diferi\u021bii candida\u021bi la pre\u0219edin\u021bie, inclusiv pe Joe Biden. \u0219i Donald Trump.<\/p>\n\n\n\n<h2 class=\"wp-block-heading\"><span id=\"voici-donc-un-guide-pour-vous-aider-a-parier-sur-le-futur-president-des-etats-unis\">Iat\u0103 un ghid care te va ajuta s\u0103 pariezi pe viitorul pre\u0219edinte al Statelor Unite:<\/span><\/h2>\n\n\n\n<p><strong>Afla\u021bi despre diferi\u021bii candida\u021bi \u0219i politicile acestora<\/strong> Este important s\u0103 afla\u021bi despre diferi\u021bi candida\u021bi \u0219i politicile acestora \u00eenainte de a lua o decizie de pariuri. Acest lucru v\u0103 va permite s\u0103 \u00een\u021belege\u021bi mai bine pozi\u021biile lor cu privire la problemele cheie \u0219i dac\u0103 sunt \u00een conformitate cu propriile valori \u0219i convingeri. <strong>Verifica\u021bi cotele oferite de casele de pariuri<\/strong> Casele de pariuri ofer\u0103 \u00een general cote pentru diferi\u021bii candida\u021bi la pre\u0219edin\u021bie. Aceste \u0219anse indic\u0103 probabilitatea fiec\u0103rui candidat de a c\u00e2\u0219tiga alegerile \u0219i se bazeaz\u0103 pe sondaje, analize politice \u0219i starea economiei, precum \u0219i al\u021bi factori care pot influen\u021ba rezultatul final. <strong>Paria\u021bi responsabil<\/strong> Este important de re\u021binut c\u0103 pariurile pe alegerile preziden\u021biale pot fi riscante \u0219i ar trebui s\u0103 pariezi \u00eentotdeauna responsabil. Asigura\u021bi-v\u0103 c\u0103 paria\u021bi doar ceea ce v\u0103 permite\u021bi s\u0103 pierde\u021bi \u0219i respecta\u021bi limitele de pariere stabilite de fiecare cas\u0103 de pariuri. <strong>Urm\u0103re\u0219te evenimentele politice \u0219i sondajele<\/strong> Este important s\u0103 r\u0103m\u00e2ne\u021bi la curent cu cele mai recente evolu\u021bii \u0219i s\u0103 urm\u0103ri\u021bi evenimentele politice \u0219i sondajele pe care trebuie s\u0103 le lua\u021bi<\/p>\n\n\n\n<ul><li><a href=\"https:\/\/thcp.wiki\/news-thcp\/thcv-et-le-pardon-du-cannabis\/\">Justi\u021bia verde a THCV \u0219i iertarea canabisului<\/a><\/li><li><a href=\"https:\/\/thcp.wiki\/news-thcp\/les-merveilles-cachees-du-cannabis-thcp-thcv\/\">Minunile ascunse ale canabisului: THCP, THCV<\/a><\/li><li><a href=\"https:\/\/thcp.wiki\/news-thcp\/thcp-thcv-les-bienfaits-caches-derriere-la-reforme-du-cannabis\/\">THCP, THCV: Beneficiile ascunse din spatele reformei canabisului<\/a><\/li><\/ul>\n\n\n\n<p>Pariul cu casa de pariuri potrivit\u0103 (Bwin, Unibet, Betclic etc.) pe viitorul pre\u0219edinte poate, prin urmare, s\u0103 pl\u0103teasc\u0103 mare, deoarece sondajele sau opiniile politice se dovedesc adesea a fi \u00een\u0219el\u0103toare! A\u0219adar, pentru a paria bine \u0219i a c\u00e2\u0219tiga, g\u0103si\u021bi fi\u0219ierele noastre gratuite pe site-ul nostru exclusiv pentru alegerile preziden\u021biale  <\/p>\n\n\n\n<h3 class=\"wp-block-heading\"><span id=\"les-specificite-du-paris-politique\">Specificul Parisului politic<\/span><\/h3>\n\n\n\n<p>Primul pas este s\u0103 \u00een\u021belege\u021bi cum func\u021bioneaz\u0103 pariurile. Cele mai frecvente pariuri sunt pe care candida\u021bii au cel mai mare \u0219ans s\u0103 c\u00e2\u0219tige alegerile. Po\u021bi paria pe candidatul favorit (cel care crezi c\u0103 va c\u00e2\u0219tiga) sau pe cel defavorizat (cel care nu este favorit).<\/p>\n\n\n\n<p>Dac\u0103 pariezi pe favorit\u0103, vei primi o sum\u0103 mic\u0103 de bani dac\u0103 vei c\u00e2\u0219tiga, pentru c\u0103 este foarte probabil ca acest candidat s\u0103 fie ales. Dac\u0103 pariezi pe un underdog, vei primi mai mul\u021bi bani dac\u0103 c\u00e2\u0219tig\u0103, deoarece aceast\u0103 posibilitate este mai pu\u021bin probabil\u0103. Ve\u0219ti bune Unibet v\u0103 ofer\u0103 s\u0103 v\u0103 ramburseze p\u00e2n\u0103 la 150 EUR pentru primul pariu, astfel \u00eenc\u00e2t riscul dumneavoastr\u0103 s\u0103 r\u0103m\u00e2n\u0103 limitat!<\/p>\n\n\n\n<h2 class=\"wp-block-heading\" id=\"fdquelle-est-le-meilleur-site-de-paris-en-ligne-bookmaker-pour-la-politique\"><span id=\"quelle-est-le-meilleur-site-de-paris-en-ligne-bookmaker-pour-la-politique\">Care este cel mai bun site de pariuri online pentru politic\u0103?<\/span><\/h2>\n\n\n\n<p><\/p>\n\n\n\n<p>La fel ca pariurile sportive, pariurile pe politic\u0103 sunt acum posibile, \u00een special casele de pariuri ofer\u0103 cote interesante pentru a atrage noi juc\u0103tori \u0219i pariori!  <br>Alege\u021bi \u00eentre diferitele case de pariuri pentru a paria pe viitorul pre\u0219edinte al Fran\u021bei \u00een 2022: <\/p>\n\n\n\n<ul>\n<li><mark style=\"background-color:rgba(0, 0, 0, 0);color:#0d7a12\" class=\"has-inline-color\"><strong>Unibet: Cele mai bune cote \u0219i bonusuri, casa de pariuri pe care o recomand\u0103m<\/strong><\/mark>!<\/li>\n\n\n\n<li>Bwin: Cel mai vechi site din Paris<\/li>\n\n\n\n<li>Betclic: Provocatorul<\/li>\n\n\n\n<li>NetBet: Noul copil<\/li>\n\n\n\n<li>Winamax: Referin\u021ba \u00een Poker<\/li>\n\n\n\n<li>1xBit: Originalul, singurul care se ofer\u0103 s\u0103 joace \u0219i s\u0103 c\u00e2\u0219tige \u00een Bitcoin<\/li>\n\n\n\n<li><a href=\"https:\/\/wikihhc.com\/\">HHC <\/a>: wiki de referin\u021b\u0103 pe HHC<\/li>\n<\/ul>\n\n\n\n<h2 class=\"wp-block-heading\" id=\"comment-realiser-son-premier-paris-en-ligne\"><span id=\"comment-realiser-son-premier-paris-en-ligne\">Cum s\u0103 faci primele pariuri online?<\/span><\/h2>\n\n\n\n<p>G\u0103si\u021bi ghidul nostru gratuit pentru \u00eenceperea pariurilor online pas cu pas \u0219i cu cele mai bune site-uri \u0219i aplica\u021bii de case de pariuri online. Toate \u0219ansele \u0219i previziunile noastre pentru cursa c\u0103tre Elys\u00e9e.<\/p>\n\n\n\n<p class=\"has-text-align-center unibet\" style=\"font-size:25px\"><mark style=\"background-color:rgba(0, 0, 0, 0);color:#0d7a12\" class=\"has-inline-color\"><strong><a href=\"https:\/\/parier-presidentielle.com\/ro\/recommends\/unibet-text\/\">Bonus de 100 EUR oferit cu Unibet <br>Pentru primul pariu online: Click aici<\/a><\/strong><\/mark><\/p>\n\n\n\n<h2 class=\"wp-block-heading\" id=\"les-candidats-2022-a-la-presidentielle\"><span id=\"les-candidats-2022-a-la-presidentielle\">Candida\u021bii la pre\u0219edin\u021bia anului 2022<\/span><\/h2>\n\n\n\n<p>Turul doi va avea loc duminic\u0103, 24 aprilie 2022, dup\u0103 primul tur surprinz\u0103tor din 10 aprilie! <br>Sondajele schimb\u0103 situa\u021bia \u00een fiecare s\u0103pt\u0103m\u00e2n\u0103 \u00een func\u021bie de \u0219tiri \u0219i alte evolu\u021bii, astfel r\u0103zboiul din Ucraina a schimbat cotele lui Macron \u00een r\u00e2ndul caselor de pariuri, g\u0103si\u021bi gratuit toate pronosticurile \u0219i cotele de la casele de pariuri Bwin, Unibet, Betclic pentru a paria online pe viitor c\u00e2\u0219tig\u0103tor al alegerilor preziden\u021biale din 2022 pe finali\u0219tii turului doi:<br>Emmanuel Macron (La R\u00e9publique En Marche), Marine Le Pen (Raliul Na\u021bional)<\/p>\n\n\n\n<p>La fel \u0219i instruc\u021biunile de vot pentru pierderea candida\u021bilor \u0219i a altor politicieni: Val\u00e9rie P\u00e9cresse (Les R\u00e9publicains), Anne Hidalgo (Partidul Socialist), Jean-Luc M\u00e9lenchon (La France insoumise), Yannick Jadot (Europe-\u00c9cologie-Les Verts) \u0219i str\u0103inul candida\u021bi:<br>Christiane Taubira, \u00c9douard Philippe, Nicolas Dupont-Aignan, Nicolas Sarkozy, Benoit Hamon, Fran\u00e7ois Fillon, S\u00e9gol\u00e8ne Royal, Fran\u00e7ois Asselineau (UPR), Fran\u00e7ois Hollande \u0219i jurnalistul Eric Zemmour.<\/p>\n\n\n\n<p>Care sunt opiniile politicienilor despre canabis? : <a href=\"https:\/\/thcv.wiki\/\">Thcv<\/a>, <a href=\"https:\/\/h4cbd.wiki\/\">H4CBD<\/a>, <a href=\"https:\/\/h4cbd.wiki\/\">THCP<\/a>&#8230;<\/p>\n\n\n\n<ul><li><a href=\"https:\/\/wiki-cannabis.com\/actualites\/decouvrez-les-secrets-du-cannabis-hhc-h4cbd-thcp-hhcp-o\/\">Descoperi\u021bi secretele canabisului: HHC, H4CBD, THCP, HHCP-O<\/a><\/li><li><a href=\"https:\/\/wiki-cannabis.com\/actualites\/decouverte-du-cbd-une-revolution-verte-dans-l-empire-de-l-herbe\/\">Descoperirea H4CBD, THCP, HHC: O revolu\u021bie verde \u00een Imperiul buruienilor<\/a><\/li><li><a href=\"https:\/\/wiki-cannabis.com\/actualites\/le-cannabis-et-les-nouveaux-cbd-h4cbd-thcp-hhc\/\">Canabisul \u0219i noile CBD: H4CBD, THCP, HHC<\/a><\/li><\/ul>\n\n\n\n<h2 class=\"wp-block-heading\"><span id=\"les-dossiers-de-parier-presidentiellecom\"><br>Fi\u0219ierele Parier-Pr\u00e9sidentielle.com<\/span><\/h2>\n\n\n\n<h2 class=\"wp-block-heading\"><span id=\"i\"> <\/span><\/h2>\n\n\n\n<h3 class=\"wp-block-heading\"><span id=\"selection-des-meilleurs-bookmakers\">Selec\u021bia celor mai bune case de pariuri<\/span><\/h3>\n\n\n\n<ul>\n<li><strong><a href=\"https:\/\/parier-presidentielle.com\/ro\/unibet-politica-elegeri-2022\/\">Unibet: pariuri online pentru alegerile preziden\u021biale<\/a><\/strong><\/li>\n\n\n\n<li><a href=\"https:\/\/parier-presidentielle.com\/ro\/bwin-politica-alegeri-2022\/\"><strong>Bwin <\/strong>: Casa de pariuri care pariaz\u0103 pe alegerile preziden\u021biale din 2022<\/a>\n<ul>\n<li><a href=\"https:\/\/parier-presidentielle.com\/ro\/bwin-paris-pe-politica\/\">Bwin: Pariuri pe politic\u0103<\/a><\/li>\n<\/ul>\n<\/li>\n\n\n\n<li><a href=\"https:\/\/parier-presidentielle.com\/ro\/betclic-presidential-2022\/\">Betclic: pariaz\u0103 pe alegerile preziden\u021biale din 2022<\/a><\/li>\n\n\n\n<li><a href=\"https:\/\/parier-presidentielle.com\/ro\/netbet-paris-politica-alegeri-2022\/\">NetBet: Casa de pariuri<\/a><\/li>\n\n\n\n<li><a href=\"https:\/\/parier-presidentielle.com\/ro\/1xbit-politica\/\">1xBit: Joac\u0103 \u00een criptomoned\u0103<\/a><\/li>\n\n\n\n<li>Betway<\/li>\n<\/ul>\n\n\n\n<h3 class=\"wp-block-heading\"><span id=\"comparatif-des-site-de-paris\">Compara\u021bia site-urilor de pariuri<\/span><\/h3>\n\n\n\n<ul>\n<li><a href=\"https:\/\/parier-presidentielle.com\/ro\/casa-de-pariuri-politica-elettorale-2022\/\">Casa de pariuri: Care este cel mai bun loc pentru a paria pe politic\u0103 \u0219i pe alegerile preziden\u021biale din 2022?<\/a><\/li>\n\n\n\n<li><a href=\"https:\/\/parier-presidentielle.com\/ro\/case-de-pariuri-macron-le-pen\/\">Cote caselor de pariuri pentru finala politic\u0103 a meciului Macron \u2013 Le Pen<\/a><\/li>\n<\/ul>\n\n\n\n<h3 class=\"wp-block-heading\"><span id=\"les-candidats-toutes-les-cotes-sondages-et-nos-pronotics\">Candida\u021bii: toate cotele, sondajele \u0219i previziunile noastre<\/span><\/h3>\n\n\n\n<ul>\n<li><a href=\"https:\/\/parier-presidentielle.com\/ro\/macron-elegere\/\">Emmanuel Macron favoritul alegerilor<\/a><\/li>\n\n\n\n<li><a href=\"https:\/\/parier-presidentielle.com\/ro\/marine-le-pen-election\/\">Paris la alegerea lui Marine Le Pen<\/a><\/li>\n\n\n\n<li><a href=\"https:\/\/parier-presidentielle.com\/ro\/macron-le-pen-bookmaker\/\">Macron \u2013 Le Pen: Casele de pariuri \u00ee\u0219i dau cotele<\/a><\/li>\n\n\n\n<li><a href=\"https:\/\/parier-presidentielle.com\/ro\/plan\/\">Harta site-ului<\/a><\/li>\n<\/ul>\n<\/div><\/div>\n\n\n\n<p class=\"has-text-align-center\" style=\"font-size:25px\"><\/p>\n\n\n\n\n<div class=\"wp-block-image\">\n<figure class=\"aligncenter size-large is-resized wp-duotone-000097-ff4747-10\"><img decoding=\"async\" loading=\"lazy\" src=\"https:\/\/parier-presidentielle.com\/wp-content\/uploads\/2021\/09\/election-standard-scale-4_00x-gigapixel-1024x623.jpg\" alt=\"\" class=\"wp-image-188\" style=\"width:256px;height:156px\" width=\"256\" height=\"156\" srcset=\"https:\/\/parier-presidentielle.com\/wp-content\/uploads\/2021\/09\/election-standard-scale-4_00x-gigapixel-1024x623.jpg 1024w, https:\/\/parier-presidentielle.com\/wp-content\/uploads\/2021\/09\/election-standard-scale-4_00x-gigapixel-300x182.jpg 300w, https:\/\/parier-presidentielle.com\/wp-content\/uploads\/2021\/09\/election-standard-scale-4_00x-gigapixel-768x467.jpg 768w, https:\/\/parier-presidentielle.com\/wp-content\/uploads\/2021\/09\/election-standard-scale-4_00x-gigapixel-1536x934.jpg 1536w, https:\/\/parier-presidentielle.com\/wp-content\/uploads\/2021\/09\/election-standard-scale-4_00x-gigapixel-2048x1245.jpg 2048w\" sizes=\"(max-width: 256px) 100vw, 256px\" \/><\/figure><\/div><div id=\"toc_container\" class=\"no_bullets\"><p class=\"toc_title\">Cuprins<\/p><ul class=\"toc_list\"><li><\/li><li><ul><li><\/li><\/ul><\/li><li><\/li><li><\/li><li><\/li><li><\/li><li><ul><li><\/li><li><\/li><li><\/li><\/ul><\/li><\/ul><\/div>","protected":false},"excerpt":{"rendered":"<p>Parier Pr\u00e9sidentielle est le site de r\u00e9f\u00e9rence pour vous guider lors de votre premier pari avec les bookmakers : Unibet, Betclic, Bwin&#8230; sur la Politique et les \u00e9lections Pr\u00e9sidentielle Fran\u00e7aises, Am\u00e9ricaines et Internationales. Guide et bonus pour Parier sur le Futur Pr\u00e9sident des Etats-Unis et Vainqueur du Second tour : Joe Biden Macron ou Donald &#8230;<\/p>","protected":false},"author":1,"featured_media":0,"parent":0,"menu_order":0,"comment_status":"closed","ping_status":"closed","template":"page-nosidebar.php","meta":{"footnotes":""},"yoast_head":"<!-- This site is optimized with the Yoast SEO Premium plugin v21.0 (Yoast SEO v21.0) - https:\/\/yoast.com\/wordpress\/plugins\/seo\/ -->\n<title>Parier Politique &amp; Elections : Cotes &amp; Bonus des Bookmakers<\/title>\n<meta name=\"description\" content=\"Pariez sur toutes les \u00e9lections Am\u00e9ricaines, Fran\u00e7aises : Guide des Bookmakers, Pronostics, 100\u20ac de Bonus Exclusif offert ici !\" \/>\n<meta name=\"robots\" content=\"index, follow, max-snippet:-1, max-image-preview:large, max-video-preview:-1\" \/>\n<link rel=\"canonical\" href=\"https:\/\/parier-presidentielle.com\/ro\/\" \/>\n<meta property=\"og:locale\" content=\"ro_RO\" \/>\n<meta property=\"og:type\" content=\"article\" \/>\n<meta property=\"og:title\" content=\"Parier sur la Politique et les Elections avec les meilleurs Bookmakers : Unibet, Bwin\" \/>\n<meta property=\"og:description\" content=\"Pariez sur toutes les \u00e9lections Am\u00e9ricaines, Fran\u00e7aises : Guide des Bookmakers, Pronostics, 100\u20ac de Bonus Exclusif offert ici !\" \/>\n<meta property=\"og:url\" content=\"https:\/\/parier-presidentielle.com\/ro\/\" \/>\n<meta property=\"og:site_name\" content=\"Parier Pr\u00e9sidentielle\" \/>\n<meta property=\"article:modified_time\" content=\"2023-09-12T21:05:44+00:00\" \/>\n<meta property=\"og:image\" content=\"https:\/\/parier-presidentielle.com\/wp-content\/uploads\/2022\/12\/biden-vs-trump-1024x711.jpeg\" \/>\n<meta name=\"twitter:card\" content=\"summary_large_image\" \/>\n<meta name=\"twitter:label1\" content=\"Est. reading time\" \/>\n\t<meta name=\"twitter:data1\" content=\"6 minute\" \/>\n<script type=\"application\/ld+json\" class=\"yoast-schema-graph\">{\"@context\":\"https:\/\/schema.org\",\"@graph\":[{\"@type\":\"WebPage\",\"@id\":\"https:\/\/parier-presidentielle.com\/\",\"url\":\"https:\/\/parier-presidentielle.com\/\",\"name\":\"Parier Politique & Elections : Cotes & Bonus des Bookmakers\",\"isPartOf\":{\"@id\":\"https:\/\/parier-presidentielle.com\/#website\"},\"datePublished\":\"2021-08-31T09:54:03+00:00\",\"dateModified\":\"2023-09-12T21:05:44+00:00\",\"description\":\"Pariez sur toutes les \u00e9lections Am\u00e9ricaines, Fran\u00e7aises : Guide des Bookmakers, Pronostics, 100\u20ac de Bonus Exclusif offert ici !\",\"breadcrumb\":{\"@id\":\"https:\/\/parier-presidentielle.com\/#breadcrumb\"},\"inLanguage\":\"ro-RO\",\"potentialAction\":[{\"@type\":\"ReadAction\",\"target\":[\"https:\/\/parier-presidentielle.com\/\"]}]},{\"@type\":\"BreadcrumbList\",\"@id\":\"https:\/\/parier-presidentielle.com\/#breadcrumb\",\"itemListElement\":[{\"@type\":\"ListItem\",\"position\":1,\"name\":\"Accueil\",\"item\":\"https:\/\/parier-presidentielle.com\/\"},{\"@type\":\"ListItem\",\"position\":2,\"name\":\"Parier sur la Politique et les Elections avec les meilleurs Bookmakers : Unibet, Bwin\"}]},{\"@type\":\"WebSite\",\"@id\":\"https:\/\/parier-presidentielle.com\/#website\",\"url\":\"https:\/\/parier-presidentielle.com\/\",\"name\":\"Parier Pr\u00e9sidentielle\",\"description\":\"Paris, Pronostics, Wiki sur la Politique, les Elections Am\u00e9ricaines: Joe Biden, Donald Trump avec les Bookmakers en ligne Unibet, Bwin, Betclic, Winamax\",\"potentialAction\":[{\"@type\":\"SearchAction\",\"target\":{\"@type\":\"EntryPoint\",\"urlTemplate\":\"https:\/\/parier-presidentielle.com\/?s={search_term_string}\"},\"query-input\":\"required name=search_term_string\"}],\"inLanguage\":\"ro-RO\"}]}<\/script>\n<!-- \/ Yoast SEO Premium plugin. -->","yoast_head_json":{"title":"Parier Politique & Elections : Cotes & Bonus des Bookmakers","description":"Pariez sur toutes les \u00e9lections Am\u00e9ricaines, Fran\u00e7aises : Guide des Bookmakers, Pronostics, 100\u20ac de Bonus Exclusif offert ici !","robots":{"index":"index","follow":"follow","max-snippet":"max-snippet:-1","max-image-preview":"max-image-preview:large","max-video-preview":"max-video-preview:-1"},"canonical":"https:\/\/parier-presidentielle.com\/ro\/","og_locale":"ro_RO","og_type":"article","og_title":"Parier sur la Politique et les Elections avec les meilleurs Bookmakers : Unibet, Bwin","og_description":"Pariez sur toutes les \u00e9lections Am\u00e9ricaines, Fran\u00e7aises : Guide des Bookmakers, Pronostics, 100\u20ac de Bonus Exclusif offert ici !","og_url":"https:\/\/parier-presidentielle.com\/ro\/","og_site_name":"Parier Pr\u00e9sidentielle","article_modified_time":"2023-09-12T21:05:44+00:00","og_image":[{"url":"https:\/\/parier-presidentielle.com\/wp-content\/uploads\/2022\/12\/biden-vs-trump-1024x711.jpeg"}],"twitter_card":"summary_large_image","twitter_misc":{"Est. reading time":"6 minute"},"schema":{"@context":"https:\/\/schema.org","@graph":[{"@type":"WebPage","@id":"https:\/\/parier-presidentielle.com\/","url":"https:\/\/parier-presidentielle.com\/","name":"Parier Politique & Elections : Cotes & Bonus des Bookmakers","isPartOf":{"@id":"https:\/\/parier-presidentielle.com\/#website"},"datePublished":"2021-08-31T09:54:03+00:00","dateModified":"2023-09-12T21:05:44+00:00","description":"Pariez sur toutes les \u00e9lections Am\u00e9ricaines, Fran\u00e7aises : Guide des Bookmakers, Pronostics, 100\u20ac de Bonus Exclusif offert ici !","breadcrumb":{"@id":"https:\/\/parier-presidentielle.com\/#breadcrumb"},"inLanguage":"ro-RO","potentialAction":[{"@type":"ReadAction","target":["https:\/\/parier-presidentielle.com\/"]}]},{"@type":"BreadcrumbList","@id":"https:\/\/parier-presidentielle.com\/#breadcrumb","itemListElement":[{"@type":"ListItem","position":1,"name":"Accueil","item":"https:\/\/parier-presidentielle.com\/"},{"@type":"ListItem","position":2,"name":"Parier sur la Politique et les Elections avec les meilleurs Bookmakers : Unibet, Bwin"}]},{"@type":"WebSite","@id":"https:\/\/parier-presidentielle.com\/#website","url":"https:\/\/parier-presidentielle.com\/","name":"Parier Pr\u00e9sidentielle","description":"Paris, Pronostics, Wiki sur la Politique, les Elections Am\u00e9ricaines: Joe Biden, Donald Trump avec les Bookmakers en ligne Unibet, Bwin, Betclic, Winamax","potentialAction":[{"@type":"SearchAction","target":{"@type":"EntryPoint","urlTemplate":"https:\/\/parier-presidentielle.com\/?s={search_term_string}"},"query-input":"required name=search_term_string"}],"inLanguage":"ro-RO"}]}},"_links":{"self":[{"href":"https:\/\/parier-presidentielle.com\/ro\/wp-json\/wp\/v2\/pages\/24"}],"collection":[{"href":"https:\/\/parier-presidentielle.com\/ro\/wp-json\/wp\/v2\/pages"}],"about":[{"href":"https:\/\/parier-presidentielle.com\/ro\/wp-json\/wp\/v2\/types\/page"}],"author":[{"embeddable":true,"href":"https:\/\/parier-presidentielle.com\/ro\/wp-json\/wp\/v2\/users\/1"}],"replies":[{"embeddable":true,"href":"https:\/\/parier-presidentielle.com\/ro\/wp-json\/wp\/v2\/comments?post=24"}],"version-history":[{"count":194,"href":"https:\/\/parier-presidentielle.com\/ro\/wp-json\/wp\/v2\/pages\/24\/revisions"}],"predecessor-version":[{"id":2483,"href":"https:\/\/parier-presidentielle.com\/ro\/wp-json\/wp\/v2\/pages\/24\/revisions\/2483"}],"wp:attachment":[{"href":"https:\/\/parier-presidentielle.com\/ro\/wp-json\/wp\/v2\/media?parent=24"}],"curies":[{"name":"wp","href":"https:\/\/api.w.org\/{rel}","templated":true}]}}