{"id":255,"date":"2021-09-14T16:48:34","date_gmt":"2021-09-14T14:48:34","guid":{"rendered":"https:\/\/parier-presidentielle.com\/?page_id=255"},"modified":"2022-04-14T15:41:15","modified_gmt":"2022-04-14T13:41:15","slug":"netbet-paris-politique-election-2022","status":"publish","type":"page","link":"https:\/\/parier-presidentielle.com\/ro\/netbet-paris-politica-alegeri-2022\/","title":{"rendered":"NetBet: Pariuri pe politic\u0103 \u0219i alegerile preziden\u021biale din 2022"},"content":{"rendered":"<p> <\/p>\n\n\n\n<a href=\"https:\/\/banners.livepartners.com\/click.php?z=151480\" target=\"_blank\" rel=\"noopener\"><img decoding=\"async\" loading=\"lazy\" src=\"https:\/\/banners.livepartners.com\/view.php?z=151480\" border=\"0\" width=\"728\" height=\"90\"><\/a>\n\n\n\n\n\n<h2 class=\"wp-block-heading\" id=\"quelle-est-l-offre-du-bookmaker-netbet-2022\"><span id=\"quelle-est-l8217offre-du-bookmaker-netbet-2022\">Ce este oferta NetBet Bookmaker 2022?<\/span><\/h2>\n\n\n\n<p class=\"has-text-align-left\">Netbet ofer\u0103 \u00een prezent cel mai bun bonus pentru pariuri online de 100 EUR!<br>Pentru a accesa acest bonus, pur \u0219i simplu accesa\u021bi linkul partenerului nostru:<\/p>\n\n\n\n<h2 class=\"has-text-align-center wp-block-heading\" id=\"100-offerts-sur-votre-1er-pari-cliquez-ici\"><span id=\"100e-offerts-sur-votre-1er-pari-cliquez-ici\"><br><a href=\"https:\/\/banners.livepartners.com\/click.php?z=151505\" target=\"_blank\" rel=\"noreferrer noopener nofollow\">100 \u20ac oferiti la primul pariu! Click aici<\/a><\/span><\/h2>\n\n\n\n<h3 class=\"wp-block-heading\"><span id=\"i\"><br><\/span><\/h3>\n\n\n\n<h2 class=\"wp-block-heading\" id=\"netbet\"><span id=\"netbet\">NetBet<\/span><\/h2>\n\n\n\n<p><br>NetBet este un operator de jocuri online de\u021binut de NetBet Enterprises Ltd. Platforma ofer\u0103 pariuri sportive live \u0219i live, pariuri pe meciuri virtuale \u0219i loterie interna\u021bionale, cazinou online, poker online \u0219i platform\u0103 de cazinou live. Compania opereaz\u0103 pe mai multe pie\u021be, printre care Rom\u00e2nia, Marea Britanie, Germania, Irlanda \u0219i America de Sud, Japonia \u0219i multe altele. NetBet este disponibil \u00een englez\u0103, german\u0103, japonez\u0103, spaniol\u0103, italian\u0103, francez\u0103, greac\u0103, rom\u00e2n\u0103, portughez\u0103 \u0219i finlandez\u0103. NetBet are sediul \u00een Malta \u0219i are birouri \u00een Regatul Unit, Fran\u021ba, Rom\u00e2nia \u0219i Statele Unite. \u00cen prezent are \u00een jur de 500 de angaja\u021bi.<\/p>\n\n\n\n<p>NetBet are o licen\u021b\u0103 european\u0103 \u00een Malta din 2006. NetBet este licen\u021biat de c\u0103tre UK Gambling Commission 3637 \u0219i este licen\u021biat \u00een Irlanda, Nigeria, Mexic \u0219i Grecia. Cazinourile online din Italia \u0219i Fran\u021ba func\u021bioneaz\u0103 \u0219i sub marca NetBet Enterprises. De asemenea, NetBet a ob\u021binut \u00een 2015 o licen\u021b\u0103 pentru a opera \u00een Rom\u00e2nia, devenind unul dintre primele 3 site-uri care ofer\u0103 jocuri de noroc online \u00een Rom\u00e2nia.<\/p>\n\n\n\n<p>NetBet Sport ofer\u0103 pariuri sportive online pre-live \u0219i live. Juc\u0103torii au, de asemenea, posibilitatea de a plasa pariuri pe eSporturi pentru anumite pie\u021be speciale care acoper\u0103 politic\u0103 \u0219i premii pentru filme \u0219i televiziune. Pentru a asigura rezultate 100% precise \u0219i aleatorii pentru toate jocurile, NetBet utilizeaz\u0103 separat dou\u0103 generatoare de numere aleatoare: generatorul ISAAC \u0219i un generator de zgomot. Astfel, \u00een 2018, coeficientul de returnare RTP c\u0103tre juc\u0103tor a fost de 96,65 %.<\/p>\n\n\n\n<p><\/p>\n\n\n\n<h2 class=\"wp-block-heading\" id=\"histoire-du-bookmaker\"><span id=\"histoire-du-bookmaker\">Istoria casei de pariuri<\/span><\/h2>\n\n\n\n<p><br>Cosmo Gaming a fost \u00eenfiin\u021bat\u0103 \u00een iulie 2006 \u0219i a \u00eenceput s\u0103 func\u021bioneze \u00een iulie 2007. \u0218i-a schimbat numele din Cosmo Gaming Company \u00een NetBet Enterprises Limited \u00een martie 2017. \u00cen august 2013, furnizorul de jocuri iSoftBet a semnat un acord exclusiv cu SBTech pentru a oferi servicii de pariuri sportive live pe site-ul NetBet.<\/p>\n\n\n\n<p>\u00cen timpul UEFA Euro 2016, NetBet a lansat Campionatul Multicultural. \u00cen acela\u0219i an, NetBet a semnat un contract pe \u0219ase ani cu furnizorul de jocuri Playtech. Acest contract prevede distribuirea de con\u021binut exclusiv Playtech pe platforma NetBet.<\/p>\n\n\n\n<p>\u00cen timpul Cupei Mondiale 2018, NetBet Sport a lansat o nou\u0103 ad\u0103ugire la seria \u201emulticultural\u0103\u201d sub numele de Cupa Multicultural\u0103.<\/p>\n\n\n\n<p>\u00cen 2018, Iron Dog Studio \u0219i-a lansat \u00eentreaga sa suit\u0103 de jocuri pe NetBet Casino datorit\u0103 unei integr\u0103ri facilitate de furnizorul NetBet iSoftBet.<\/p>\n\n\n\n<p>\u00cen 2019, NetBet a publicat o hart\u0103 interactiv\u0103 care urm\u0103re\u0219te toate filmele \u0219i anecdotele legate de personajul lui James Bond.<\/p>\n\n\n\n<p>\u00cen 2020, NetBet a publicat un studiu realizat de Blue Claw cu privire la poten\u021bialele amenzi cu care s-ar putea confrunta produc\u0103torii de automobile dac\u0103 nu \u00eendeplinesc \u021bintele de carbon stabilite de Uniunea European\u0103 pentru 2021.<br><\/p>\n\n\n\n<h3 class=\"wp-block-heading\" id=\"les-partenariats\"><span id=\"les-partenariats\">Parteneriate <\/span><\/h3>\n\n\n\n<p>NetBet a fost sponsorul sau partenerul oficial al mai multor echipe sportive, cum ar fi OGC Nice \u00een 2014, AS Saint-Etienne \u0219i Hamilton Academical \u00een 2016.<\/p>\n\n\n\n<p><\/p>\n\n\n\n<ul><li>\u00cen 2015, Netbet a semnat un contract de publicitate pe stadion cu West Bromwich Albion Football Club.<\/li><li>\u00cen 2017, NetBet a sponsorizat Cupa Falemi Nana Intercartiere, cea mai important\u0103 competi\u021bie de fotbal amator din Rom\u00e2nia.<\/li><li>\u00cen 2017, NetBet a fost al\u0103turi de exploratorul Daniel Cinghea, c\u00e2nd a cucerit cele mai impresionante v\u00e2rfuri din America de Sud.<\/li><li>\u00cen martie 2018, NetBet a sponsorizat cea de-a 3-a edi\u021bie a DanceMasters care a avut loc la Bucure\u0219ti.<\/li><li>\u00cen mai 2018, NetBet a sponsorizat cursele de la Goodwood Racecourse timp de dou\u0103 zile.<\/li><li>Pe 5 iunie 2018, NetBet a sponsorizat patru curse la Fontwell Park Racecourse.<\/li><li>Pe 9 iunie 2018, NetBet a sponsorizat un eveniment de box cu degetul gol, BKB11, la The O2.<\/li><li>Pe 21 iulie 2018, NetBet a sponsorizat o alt\u0103 lupt\u0103 pentru Bare Knuckle Boxing \u00een Cwmbran.<\/li><li>Pe 22 august 2018, NetBet a sponsorizat Ladies Night la Fontwell Park Racecourse.<\/li><li>Pe 4 septembrie 2018, NetBet a sponsorizat \u00eenc\u0103 o zi de curse la Goodwood Racecourse.<\/li><li>Pe 17 noiembrie 2019, NetBet a sponsorizat maratonul Corsorul din 15 noiembrie la Bra\u0219ov.<\/li><\/ul>\n\n\n\n<p>\u00cen cele din urm\u0103, \u00een 2020, NetBet a semnat contracte de sponsorizare cu dou\u0103 echipaje de raliu \u00eenscrise \u00een campionatul na\u021bional de raliuri. Cele dou\u0103 echipaje sponsorizate sunt formate din \u0219oferul Dan G\u00eertofan \u0219i navigatorul Tudor M\u00e2rza pe o Skoda R5, respectiv \u0219oferul R\u0103zvan Trisnevschi \u0219i navigatorul Traian-Codrut Arsenescu.<\/p>\n\n\n\n<p>Campanii de publicitate pentru taxiuri si autobuze<br>\u00cen 2019, NetBet a lansat dou\u0103 campanii de publicitate pe mobil pentru autobuze \u0219i taxiuri. Campania a personalizat logo-ul m\u0103rcii NetBet, autobuze \u0219i 750 de ma\u0219ini Black Cab care au alergat pe str\u0103zile Londrei.<\/p>\n\n\n\n<p>Ambasadori<br>Alexandre Ruiz este un jurnalist sportiv francez care lucreaz\u0103 pentru beIn Sports. El este ambasador NetBet FR din 2014.<\/p>\n\n\n\n<p>Daniel Bravo a fost un fotbalist francez care a jucat la Paris Saint-Germain, AS Monaco \u0219i Olympique de Marseille. A fost ambasador NetBet FR \u00een perioada 2012-2014.<\/p>\n\n\n\n<p>Dan Petrescu a fost primul ambasador al NetBet Rom\u00e2nia.<\/p>\n\n\n\n<p>Unele produse<br>Principalele produse NetBet includ NetBet Casino, NetBet Live, NetBet Vegas, NetBet Loto \u0219i NetBet Poker. Cazinoul ofer\u0103 peste 1.500 de aparate de slot, jocuri de c\u0103r\u021bi \u0219i jocuri de mas\u0103.<\/p>\n\n\n\n<p>NetBet Sport ofer\u0103 pariuri sportive online pre-live \u0219i live. \u00cen plus, juc\u0103torii au \u0219i op\u021biunea de a plasa pariuri pe eSporturi pentru anumite pie\u021be speciale care acoper\u0103 politici \u0219i premii pentru filme \u0219i televiziune.<\/p>\n\n\n\n<p>Unele dintre cele mai populare jocuri de slot sunt Starburst (NetEnt), Gonzo&#039;s Quest (NetEnt) \u0219i Who wants to be a Millionaire (NYX) \u0219i a\u0219a mai departe.<\/p>\n\n\n\n<p>Premii<br>\u00cen 2015, NetBet a c\u00e2\u0219tigat premiul \u201eCel mai bun site de rela\u021bii cu clien\u021bii\u201d la gala Premiilor revistei Casino Life &amp; Business.<\/p>\n\n\n\n<p>\u00cen 2016, la Central and Eastern European Gaming Conference Awards (CEEGA), NetBet a c\u00e2\u0219tigat premiul \u201eCel mai bun operator de pariuri sportive online\u201d, iar furnizorul lor, SBTech, a c\u00e2\u0219tigat premiul \u201eCel mai bun furnizor de pariuri sportive\u201d.<\/p>\n\n\n\n<p>\u00cen 2016, Blueclaw \u0219i GIMO au fost nominalizate la UK Search Awards \u0219i Best Use of Search pentru munca lor la NetBet Multicultural Championships \u0219i Premier League of Nations.<\/p>\n\n\n\n<p>\u00cen 2017, NetBet a fost nominalizat pentru \u201eCel mai bun program de afiliere non-englez\u201d la iGB Affiliate Award.<\/p>\n\n\n\n<p>\u00cen 2019, NetBet a fost nominalizat la Premiile EGR la categoria \u201eOperator de servicii pentru clien\u021bi\u201d.<\/p>\n\n\n\n<p>\u00cen 2018 \u0219i 2019, NetBet a primit trofeul \u201eCea mai bun\u0103 platform\u0103 de cazino online din Rom\u00e2nia\u201d la Gala Premiilor Casino Inside.<\/p>\n\n\n\n<p>Joc responsabil<br>NetBet lucreaz\u0103 \u00eendeaproape cu serviciile de consiliere privind dependen\u021ba de jocuri de noroc \u0219i le permite juc\u0103torilor s\u0103 stabileasc\u0103 limite pentru depunerea, retragerea \u0219i mesajele de avertizare. Site-ul ofer\u0103, de asemenea, versiuni demo ale jocurilor, care pot fi jucate f\u0103r\u0103 a paria pe bani reali. \u00cenregistrarea minorilor pe site-ul NetBet este interzis\u0103.<\/p>\n\n\n\n<p>NetBet a implementat \u0219i un instrument de autoevaluare. Acest instrument const\u0103 dintr-un set de 15 \u00eentreb\u0103ri care, pe baza r\u0103spunsurilor, permit juc\u0103torilor s\u0103-\u0219i evalueze nivelul de risc. Pe baza acestui nivel de risc, sunt sugerate ac\u021biuni precum impunerea de limite. \u00cen plus, \u00een cazul \u00een care rezultatul unui sondaj cu clien\u021bii prezint\u0103 riscuri de dependen\u021b\u0103, o alert\u0103 este trimis\u0103 echipei responsabile de jocuri, care va interac\u021biona cu clientul \u0219i va \u00eencepe s\u0103-\u0219i monitorizeze activitatea.<\/p>\n\n\n\n<p><\/p>\n\n\n\n<p class=\"has-text-align-center unibet\" style=\"font-size:25px\"><mark style=\"background-color:rgba(0, 0, 0, 0);color:#0d7a12\" class=\"has-inline-color\"><strong><a href=\"https:\/\/parier-presidentielle.com\/ro\/recommends\/unibet\/\">Bonus de 150 EUR oferit cu Unibet<br>Pentru primul pariu politic sau sportiv: Face\u021bi clic aici<\/a><\/strong><\/mark><\/p>\n\n\n\n<p><\/p>\n\n\n<div class=\"wp-block-image\">\n<figure class=\"aligncenter is-resized wp-duotone-000097-ff4747-1\"><img decoding=\"async\" loading=\"lazy\" src=\"https:\/\/parier-presidentielle.com\/wp-content\/uploads\/2021\/09\/election-standard-scale-4_00x-gigapixel-1024x623.jpg\" alt=\"Alegeri 2022\" style=\"width:256px;height:156px\" width=\"256\" height=\"156\"\/><\/figure><\/div>\n\n\n<p><br><\/p>\n\n\n\n<p><strong>Parier-presiden\u0163ial v\u0103 ajut\u0103 s\u0103 alege\u0163i \u00eentre diferite<a href=\"https:\/\/parier-presidentielle.com\/ro\/\"> Casele de pariuri Bwin, Unibet, Betclic vor paria pe viitorul pre\u0219edinte american \u00een 2024<\/a> : <\/strong><br><a href=\"https:\/\/parier-presidentielle.com\/ro\/unibet-politica-elegeri-2022\/\">Casa de pariuri preziden\u021bial\u0103 Unibet<\/a> : Ghid detaliat \u0219i gratuit pentru a face primul pariu online cu toate cotele \u0219i cum s\u0103 profita\u021bi de Bonusul oferit!<\/p>\n\n\n\n<p>Ca \u0219i alte site-uri online din Paris: <a href=\"https:\/\/parier-presidentielle.com\/ro\/unibet-politica-elegeri-2022\/\">Bwin<\/a>, <a href=\"https:\/\/parier-presidentielle.com\/ro\/netbet-paris-politica-alegeri-2022\/\">NetBet<\/a>, <a href=\"https:\/\/parier-presidentielle.com\/ro\/betclic-presidential-2022\/\">Betclic<\/a>, <a href=\"https:\/\/parier-presidentielle.com\/ro\/winamax-politica-alegeri-2022\/\">Winamax<\/a>, Parions Sport, Zebet, Betway, France-Pari, Vbet, Cloudbet, 1Xbit, 1xbet, Betfair, Betwinner \u2026<\/p>\n\n\n\n<div class=\"wp-block-columns is-layout-flex wp-container-6 wp-block-columns-is-layout-flex\">\n<div class=\"wp-block-column is-layout-flow wp-block-column-is-layout-flow\" style=\"flex-basis:33.33%\">\n<p>Tocmai a\u021bi citit dosarul nostru:<\/p>\n<\/div>\n\n\n\n<div class=\"wp-block-column is-layout-flow wp-block-column-is-layout-flow\" style=\"flex-basis:33.33%\">\n<div class=\"wp-block-group is-layout-flow wp-block-group-is-layout-flow\"><div class=\"wp-block-group__inner-container\"><h4 class=\"has-text-align-center wp-block-post-title\"><span id=\"netbet-parier-sur-la-politique-et-l8217election-presidentielle-2022\"><a href=\"https:\/\/parier-presidentielle.com\/ro\/netbet-paris-politica-alegeri-2022\/\" target=\"_self\" >NetBet: Pariuri pe politic\u0103 \u0219i alegerile preziden\u021biale din 2022<\/a><\/span><\/h4><\/div><\/div>\n<\/div>\n\n\n\n<div class=\"wp-block-column is-layout-flow wp-block-column-is-layout-flow\" style=\"flex-basis:33.33%\">\n<p class=\"has-text-align-right\">Continua\u021bi s\u0103 citi\u021bi cu celelalte fi\u0219iere exclusive ale noastre,<\/p>\n<\/div>\n<\/div>\n\n\n\n<h3 class=\"wp-block-heading\" id=\"tous-les-pronostics-sondage-et-cotes-pour-parier-sur-le-futur-vainqueur-de-l-election-presidentielle-2022\"><span id=\"tous-les-pronostics-sondage-et-cotes-pour-parier-sur-le-futur-vainqueur-de-l8217election-presidentielle-2024\">Toate predic\u021biile, sondajele \u0219i cotele pentru a paria pe viitorul c\u00e2\u0219tig\u0103tor al alegerilor preziden\u021biale din 2024:<\/span><\/h3>\n\n\n\n<ul>\n<li><a href=\"https:\/\/parier-presidentielle.com\/ro\/macron-elegere\/\">Paria\u021bi pe Emmanuel Macron cu Unibet, Betclic, Bwin<\/a> : Favoritul \u00een sondaje \u0219i predic\u021bii <\/li>\n\n\n\n<li><a href=\"https:\/\/parier-presidentielle.com\/ro\/marine-le-pen-election\/\">Marine Le Pen: Cotele ei \u0219i cum s\u0103 pariezi cu casele de pariuri<\/a>: Provocatorul conform Unibet<\/li>\n<\/ul>\n\n\n\n<p><\/p>\n\n\n\n<center><script type=\"text\/javascript\" charset=\"utf-8\" src=\"https:\/\/www.gambling-affiliation.com\/cpm\/v=AmIMTDSs92QY6b0MzDMvM5laCjJ-ZlA-1oQ-7tKsi.w_GA7331V2\"><\/script><\/center>\n\n\n\n<h3 class=\"wp-block-heading\"><span id=\"donald-trump-vs-joe-biden-la-video-qui-lance-les-paris-en-ligne-sur-l8217election-politique-de-2024\">Donald Trump vs Joe Biden: videoclipul care lanseaz\u0103 pariuri online la alegerile politice din 2024<\/span><\/h3>\n\n\n\n<figure class=\"wp-block-embed is-type-video is-provider-youtube wp-block-embed-youtube wp-embed-aspect-16-9 wp-has-aspect-ratio\"><div class=\"wp-block-embed__wrapper\">\n<iframe loading=\"lazy\" title=\"Fostul pre\u0219edinte Donald Trump lanseaz\u0103 oferta #Short pentru 2024 la Casa Alb\u0103\" width=\"640\" height=\"360\" src=\"https:\/\/www.youtube.com\/embed\/hZykPRVe4Ag?feature=oembed\" frameborder=\"0\" allow=\"accelerometer; autoplay; clipboard-write; encrypted-media; gyroscope; picture-in-picture; web-share\" allowfullscreen><\/iframe>\n<\/div><\/figure>\n\n\n<div class=\"wp-block-image\">\n<figure class=\"aligncenter size-medium\"><a href=\"https:\/\/parier-presidentielle.com\/ro\/recommends\/unibet\/\" target=\"_blank\" rel=\"noopener\"><img decoding=\"async\" loading=\"lazy\" width=\"300\" height=\"169\" src=\"https:\/\/parier-presidentielle.com\/wp-content\/uploads\/2022\/04\/unibet-300x169.jpg\" alt=\"\" class=\"wp-image-1252\" srcset=\"https:\/\/parier-presidentielle.com\/wp-content\/uploads\/2022\/04\/unibet-300x169.jpg 300w, https:\/\/parier-presidentielle.com\/wp-content\/uploads\/2022\/04\/unibet-1024x576.jpg 1024w, https:\/\/parier-presidentielle.com\/wp-content\/uploads\/2022\/04\/unibet-768x432.jpg 768w, https:\/\/parier-presidentielle.com\/wp-content\/uploads\/2022\/04\/unibet-18x10.jpg 18w, https:\/\/parier-presidentielle.com\/wp-content\/uploads\/2022\/04\/unibet.jpg 1280w\" sizes=\"(max-width: 300px) 100vw, 300px\" \/><\/a><\/figure><\/div>\n\n\n<p>G\u0103si\u021bi Wiki, \u0219tirile politice esen\u021biale despre Cannabis \u0219i derivatele sale legale: <strong>HHC, H4cbd, Thcp, Thcv, HSD, HHCPO, C4B<\/strong><\/p>\n\n\n\n<p><br><\/p>\n<div id=\"toc_container\" class=\"no_bullets\"><p class=\"toc_title\">Cuprins<\/p><ul class=\"toc_list\"><li><\/li><li><ul><li><\/li><\/ul><\/li><li><\/li><li><ul><li><ul><li><\/li><\/ul><\/li><li><\/li><li><\/li><\/ul><\/li><\/ul><\/div>","protected":false},"excerpt":{"rendered":"<p>Quelle est l&#8217;offre du Bookmaker NetBet 2022? Netbet propose actuellement le meilleur bonus pour parier en ligne 100\u20ac!Pour acc\u00e9der \u00e0 ce bonus il suffit de passer par notre lien partenaire : 100\u20ac offerts sur votre 1er Pari! cliquez ici NetBet NetBet est un op\u00e9rateur de jeux en ligne appartenant \u00e0 NetBet Enterprises Ltd. La plate-forme &#8230;<\/p>","protected":false},"author":1,"featured_media":0,"parent":0,"menu_order":0,"comment_status":"closed","ping_status":"closed","template":"page-nosidebar.php","meta":{"footnotes":""},"yoast_head":"<!-- This site is optimized with the Yoast SEO Premium plugin v21.0 (Yoast SEO v21.0) - https:\/\/yoast.com\/wordpress\/plugins\/seo\/ -->\n<title>NetBet : Parier sur la politique et l&#039;\u00e9lection Pr\u00e9sidentielle 2022 - Finale Coupe du Monde FIFA<\/title>\n<meta name=\"description\" content=\"Parier avec Netbet 100\u20ac offert pour votre 1er Pari sur la Politique, le Sport! Guide du Bookmaker pour profiter du Bonus de bienvenue...\" \/>\n<meta name=\"robots\" content=\"index, follow, max-snippet:-1, max-image-preview:large, max-video-preview:-1\" \/>\n<link rel=\"canonical\" href=\"https:\/\/parier-presidentielle.com\/ro\/netbet-paris-politica-alegeri-2022\/\" \/>\n<meta property=\"og:locale\" content=\"ro_RO\" \/>\n<meta property=\"og:type\" content=\"article\" \/>\n<meta property=\"og:title\" content=\"NetBet : Parier sur la politique et l&#039;\u00e9lection Pr\u00e9sidentielle 2022\" \/>\n<meta property=\"og:description\" content=\"Parier avec Netbet 100\u20ac offert pour votre 1er Pari sur la Politique, le Sport! Guide du Bookmaker pour profiter du Bonus de bienvenue...\" \/>\n<meta property=\"og:url\" content=\"https:\/\/parier-presidentielle.com\/ro\/netbet-paris-politica-alegeri-2022\/\" \/>\n<meta property=\"og:site_name\" content=\"Parier Pr\u00e9sidentielle\" \/>\n<meta property=\"article:modified_time\" content=\"2022-04-14T13:41:15+00:00\" \/>\n<meta property=\"og:image\" content=\"https:\/\/banners.livepartners.com\/view.php?z=151480\" \/>\n<meta name=\"twitter:card\" content=\"summary_large_image\" \/>\n<meta name=\"twitter:label1\" content=\"Est. reading time\" \/>\n\t<meta name=\"twitter:data1\" content=\"7 minute\" \/>\n<script type=\"application\/ld+json\" class=\"yoast-schema-graph\">{\"@context\":\"https:\/\/schema.org\",\"@graph\":[{\"@type\":\"WebPage\",\"@id\":\"https:\/\/parier-presidentielle.com\/netbet-paris-politique-election-2022\/\",\"url\":\"https:\/\/parier-presidentielle.com\/netbet-paris-politique-election-2022\/\",\"name\":\"NetBet : Parier sur la politique et l'\u00e9lection Pr\u00e9sidentielle 2022 - Finale Coupe du Monde FIFA\",\"isPartOf\":{\"@id\":\"https:\/\/parier-presidentielle.com\/#website\"},\"datePublished\":\"2021-09-14T14:48:34+00:00\",\"dateModified\":\"2022-04-14T13:41:15+00:00\",\"description\":\"Parier avec Netbet 100\u20ac offert pour votre 1er Pari sur la Politique, le Sport! Guide du Bookmaker pour profiter du Bonus de bienvenue...\",\"breadcrumb\":{\"@id\":\"https:\/\/parier-presidentielle.com\/netbet-paris-politique-election-2022\/#breadcrumb\"},\"inLanguage\":\"ro-RO\",\"potentialAction\":[{\"@type\":\"ReadAction\",\"target\":[\"https:\/\/parier-presidentielle.com\/netbet-paris-politique-election-2022\/\"]}]},{\"@type\":\"BreadcrumbList\",\"@id\":\"https:\/\/parier-presidentielle.com\/netbet-paris-politique-election-2022\/#breadcrumb\",\"itemListElement\":[{\"@type\":\"ListItem\",\"position\":1,\"name\":\"Accueil\",\"item\":\"https:\/\/parier-presidentielle.com\/\"},{\"@type\":\"ListItem\",\"position\":2,\"name\":\"NetBet : Parier sur la politique et l&#8217;\u00e9lection Pr\u00e9sidentielle 2022\"}]},{\"@type\":\"WebSite\",\"@id\":\"https:\/\/parier-presidentielle.com\/#website\",\"url\":\"https:\/\/parier-presidentielle.com\/\",\"name\":\"Parier Pr\u00e9sidentielle\",\"description\":\"Paris, Pronostics, Wiki sur la Politique, les Elections Am\u00e9ricaines: Joe Biden, Donald Trump avec les Bookmakers en ligne Unibet, Bwin, Betclic, Winamax\",\"potentialAction\":[{\"@type\":\"SearchAction\",\"target\":{\"@type\":\"EntryPoint\",\"urlTemplate\":\"https:\/\/parier-presidentielle.com\/?s={search_term_string}\"},\"query-input\":\"required name=search_term_string\"}],\"inLanguage\":\"ro-RO\"}]}<\/script>\n<!-- \/ Yoast SEO Premium plugin. -->","yoast_head_json":{"title":"NetBet : Parier sur la politique et l'\u00e9lection Pr\u00e9sidentielle 2022 - Finale Coupe du Monde FIFA","description":"Parier avec Netbet 100\u20ac offert pour votre 1er Pari sur la Politique, le Sport! Guide du Bookmaker pour profiter du Bonus de bienvenue...","robots":{"index":"index","follow":"follow","max-snippet":"max-snippet:-1","max-image-preview":"max-image-preview:large","max-video-preview":"max-video-preview:-1"},"canonical":"https:\/\/parier-presidentielle.com\/ro\/netbet-paris-politica-alegeri-2022\/","og_locale":"ro_RO","og_type":"article","og_title":"NetBet : Parier sur la politique et l'\u00e9lection Pr\u00e9sidentielle 2022","og_description":"Parier avec Netbet 100\u20ac offert pour votre 1er Pari sur la Politique, le Sport! Guide du Bookmaker pour profiter du Bonus de bienvenue...","og_url":"https:\/\/parier-presidentielle.com\/ro\/netbet-paris-politica-alegeri-2022\/","og_site_name":"Parier Pr\u00e9sidentielle","article_modified_time":"2022-04-14T13:41:15+00:00","og_image":[{"url":"https:\/\/banners.livepartners.com\/view.php?z=151480"}],"twitter_card":"summary_large_image","twitter_misc":{"Est. reading time":"7 minute"},"schema":{"@context":"https:\/\/schema.org","@graph":[{"@type":"WebPage","@id":"https:\/\/parier-presidentielle.com\/netbet-paris-politique-election-2022\/","url":"https:\/\/parier-presidentielle.com\/netbet-paris-politique-election-2022\/","name":"NetBet : Parier sur la politique et l'\u00e9lection Pr\u00e9sidentielle 2022 - Finale Coupe du Monde FIFA","isPartOf":{"@id":"https:\/\/parier-presidentielle.com\/#website"},"datePublished":"2021-09-14T14:48:34+00:00","dateModified":"2022-04-14T13:41:15+00:00","description":"Parier avec Netbet 100\u20ac offert pour votre 1er Pari sur la Politique, le Sport! Guide du Bookmaker pour profiter du Bonus de bienvenue...","breadcrumb":{"@id":"https:\/\/parier-presidentielle.com\/netbet-paris-politique-election-2022\/#breadcrumb"},"inLanguage":"ro-RO","potentialAction":[{"@type":"ReadAction","target":["https:\/\/parier-presidentielle.com\/netbet-paris-politique-election-2022\/"]}]},{"@type":"BreadcrumbList","@id":"https:\/\/parier-presidentielle.com\/netbet-paris-politique-election-2022\/#breadcrumb","itemListElement":[{"@type":"ListItem","position":1,"name":"Accueil","item":"https:\/\/parier-presidentielle.com\/"},{"@type":"ListItem","position":2,"name":"NetBet : Parier sur la politique et l&#8217;\u00e9lection Pr\u00e9sidentielle 2022"}]},{"@type":"WebSite","@id":"https:\/\/parier-presidentielle.com\/#website","url":"https:\/\/parier-presidentielle.com\/","name":"Parier Pr\u00e9sidentielle","description":"Paris, Pronostics, Wiki sur la Politique, les Elections Am\u00e9ricaines: Joe Biden, Donald Trump avec les Bookmakers en ligne Unibet, Bwin, Betclic, Winamax","potentialAction":[{"@type":"SearchAction","target":{"@type":"EntryPoint","urlTemplate":"https:\/\/parier-presidentielle.com\/?s={search_term_string}"},"query-input":"required name=search_term_string"}],"inLanguage":"ro-RO"}]}},"_links":{"self":[{"href":"https:\/\/parier-presidentielle.com\/ro\/wp-json\/wp\/v2\/pages\/255"}],"collection":[{"href":"https:\/\/parier-presidentielle.com\/ro\/wp-json\/wp\/v2\/pages"}],"about":[{"href":"https:\/\/parier-presidentielle.com\/ro\/wp-json\/wp\/v2\/types\/page"}],"author":[{"embeddable":true,"href":"https:\/\/parier-presidentielle.com\/ro\/wp-json\/wp\/v2\/users\/1"}],"replies":[{"embeddable":true,"href":"https:\/\/parier-presidentielle.com\/ro\/wp-json\/wp\/v2\/comments?post=255"}],"version-history":[{"count":26,"href":"https:\/\/parier-presidentielle.com\/ro\/wp-json\/wp\/v2\/pages\/255\/revisions"}],"predecessor-version":[{"id":1412,"href":"https:\/\/parier-presidentielle.com\/ro\/wp-json\/wp\/v2\/pages\/255\/revisions\/1412"}],"wp:attachment":[{"href":"https:\/\/parier-presidentielle.com\/ro\/wp-json\/wp\/v2\/media?parent=255"}],"curies":[{"name":"wp","href":"https:\/\/api.w.org\/{rel}","templated":true}]}}