{"id":281,"date":"2021-09-14T23:03:41","date_gmt":"2021-09-14T21:03:41","guid":{"rendered":"https:\/\/parier-presidentielle.com\/?page_id=281"},"modified":"2023-09-11T13:47:08","modified_gmt":"2023-09-11T11:47:08","slug":"anne-hidalgo-election-2022","status":"publish","type":"page","link":"https:\/\/parier-presidentielle.com\/ro\/anne-hidalgo-election-2022\/","title":{"rendered":"Paria\u021bi pe alegerea lui Anne Hidalgo 2022"},"content":{"rendered":"<h2 class=\"wp-block-heading\" id=\"h-les-cotes-des-bookmakers\"><span id=\"les-cotes-des-bookmakers\">Cote caselor de pariuri: <\/span><\/h2>\n\n\n\n<h3 class=\"wp-block-heading\" id=\"h-william-hill-propose-une-cote-de-41\"><span id=\"william-hill-propose-une-cote-de-41\">William Hill ofer\u0103 o evaluare de 41<\/span><\/h3>\n\n\n\n<figure class=\"wp-block-image size-large\"><img decoding=\"async\" loading=\"lazy\" width=\"1024\" height=\"42\" src=\"https:\/\/parier-presidentielle.com\/wp-content\/uploads\/2021\/09\/image-1-1024x42.png\" alt=\"Anne Hidalgo la William Hill\" class=\"wp-image-310\" srcset=\"https:\/\/parier-presidentielle.com\/wp-content\/uploads\/2021\/09\/image-1-1024x42.png 1024w, https:\/\/parier-presidentielle.com\/wp-content\/uploads\/2021\/09\/image-1-300x12.png 300w, https:\/\/parier-presidentielle.com\/wp-content\/uploads\/2021\/09\/image-1-768x32.png 768w, https:\/\/parier-presidentielle.com\/wp-content\/uploads\/2021\/09\/image-1.png 1072w\" sizes=\"(max-width: 1024px) 100vw, 1024px\" \/><\/figure>\n\n\n\n<h3 class=\"wp-block-heading\" id=\"h-betclic-propose-une-cote-de-22\"><span id=\"betclic-propose-une-cote-de-22\">Betclic ofer\u0103 cote de 22<\/span><\/h3>\n\n\n\n<figure class=\"wp-block-image size-full\"><img decoding=\"async\" loading=\"lazy\" width=\"991\" height=\"73\" src=\"https:\/\/parier-presidentielle.com\/wp-content\/uploads\/2021\/09\/image-2.png\" alt=\"\" class=\"wp-image-313\" srcset=\"https:\/\/parier-presidentielle.com\/wp-content\/uploads\/2021\/09\/image-2.png 991w, https:\/\/parier-presidentielle.com\/wp-content\/uploads\/2021\/09\/image-2-300x22.png 300w, https:\/\/parier-presidentielle.com\/wp-content\/uploads\/2021\/09\/image-2-768x57.png 768w\" sizes=\"(max-width: 991px) 100vw, 991px\" \/><\/figure>\n\n\n\n<h3 class=\"wp-block-heading\" id=\"h-unibet-propose-une-cote-de-21\"><span id=\"unibet-propose-une-cote-de-21\">Unibet ofer\u0103 cote de 21<\/span><\/h3>\n\n\n\n<figure class=\"wp-block-image size-full\"><img decoding=\"async\" loading=\"lazy\" width=\"1000\" height=\"64\" src=\"https:\/\/parier-presidentielle.com\/wp-content\/uploads\/2021\/09\/image-3.png\" alt=\"\" class=\"wp-image-314\" srcset=\"https:\/\/parier-presidentielle.com\/wp-content\/uploads\/2021\/09\/image-3.png 1000w, https:\/\/parier-presidentielle.com\/wp-content\/uploads\/2021\/09\/image-3-300x19.png 300w, https:\/\/parier-presidentielle.com\/wp-content\/uploads\/2021\/09\/image-3-768x49.png 768w\" sizes=\"(max-width: 1000px) 100vw, 1000px\" \/><\/figure>\n\n\n\n<p><\/p>\n\n\n\n<h2 class=\"wp-block-heading has-text-align-center\" id=\"h-analyse-amp-pronostics-pour-parier-sur-la-victoire-d-anne-hidalgo\"><span id=\"analyse-pronostics-pour-parier-sur-la-victoire-d8217anne-hidalgo\">Analize \u0219i predic\u021bii pentru a paria pe victoria lui Anne Hidalgo<\/span><\/h2>\n\n\n\n<p>\u00cen urma anun\u021bului, putem observa c\u0103 Unibet \u0219i Betclic ofer\u0103 aproximativ acelea\u0219i cote, \u00een timp ce casa de pariuri englez\u0103 William Hill cota este de 41, ceea ce este dublu! A\u0219a c\u0103 v\u0103 recomand\u0103m s\u0103 utiliza\u021bi aceast\u0103 cas\u0103 de pariuri pentru a paria pe alegerea lui Anne Hidalgo! <\/p>\n\n\n\n<p><\/p>\n\n\n\n<h3 class=\"wp-block-heading\" id=\"h-la-transformation-d-anne-hidalgo-en-candidate-a-la-presidentielle-en-2022-la-maire-de-paris-qui-ne-voulait-pas-se-presenter-l-election-a-changer-d-avis\"><span id=\"la-transformation-d8217anne-hidalgo-en-candidate-a-la-presidentielle-en-2022-la-maire-de-paris-qui-ne-voulait-pas-se-presenter-l8217election-a-changer-d8217avis8230\">Transformarea Annei Hidalgo \u00eentr-un candidat la pre\u0219edin\u021bie \u00een 2022: Primarul Parisului care nu a vrut s\u0103 candideze la alegeri \u0219i-a r\u0103zg\u00e2ndit...<\/span><\/h3>\n\n\n\n<p>\u201eNu caut altceva dec\u00e2t s\u0103 fiu primar al Parisului: nu voi candida la alegerile din 2022\u201d,<\/p>\n\n\n\n<p>a declarat Anne Hidalgo \u00eentr-un interviu. Dup\u0103 s\u0103pt\u0103m\u00e2ni de suspans fals, casele de pariuri au prezis-o oferindu-i cotele \u0219i incluz\u00e2nd posibilitatea de a paria pe \u0219ansele ei la Elys\u00e9e, ea \u0219i-a anun\u021bat duminic\u0103, 12 septembrie, candidatura pentru<a href=\"https:\/\/parier-presidentielle.com\/ro\/\"> alegerile preziden\u021biale din 2022.<\/a> \u201eNu m-am anticipat deloc \u00een aceast\u0103 campanie, dar am v\u0103zut \u0219i multe femei \u0219i b\u0103rba\u021bi, ale\u0219i, reprezentan\u021bi ai asocia\u021biilor, francezi \u0219i b\u0103rba\u021bi care au venit s\u0103-mi spun\u0103: \u201eNu pute\u021bi sc\u0103pa de aceast\u0103 responsabilitate care v\u0103 apar\u021bine. \u201eDe ce aceast\u0103 schimbare? Aceste circumstan\u021be au fost cele care au determinat-o s\u0103 se schimbe.\u201d . Provocarea este at\u00e2t de mare \u00eenc\u00e2t nu exist\u0103 alt loc\u201d, a declarat un senator PS de la Paris. \u00cen ochii tuturor, pe 28 iunie 2020, \u00een timpul celui de-al doilea tur al alegerilor municipale din capital\u0103, realegerea clar\u0103 a lui Anne Hidalgo a marcat primul ei pas personal c\u0103tre alegerile preziden\u021biale. \u201eVictorie pentru a restabili legitimitatea, \u00eencrederea \u00een sine \u0219i a face imposibilul\u201d, a declarat Jean-Fran\u00e7ois Bebat, primarul PS al Bourg-en-Bresse (AIN) \u0219i candidatul \u00eenchis.<\/p>\n\n\n\n<figure class=\"wp-block-image size-large wp-duotone-000097-ff4747-1\"><img decoding=\"async\" loading=\"lazy\" width=\"1024\" height=\"512\" src=\"https:\/\/parier-presidentielle.com\/wp-content\/uploads\/2021\/09\/Presidentielle-quelle-equipe-pour-accompagner-Anne-Hidalgo-1024x512.jpg\" alt=\"Anne Hidalgo \u00een drum spre alegerile preziden\u021biale\" class=\"wp-image-291\" srcset=\"https:\/\/parier-presidentielle.com\/wp-content\/uploads\/2021\/09\/Presidentielle-quelle-equipe-pour-accompagner-Anne-Hidalgo-1024x512.jpg 1024w, https:\/\/parier-presidentielle.com\/wp-content\/uploads\/2021\/09\/Presidentielle-quelle-equipe-pour-accompagner-Anne-Hidalgo-300x150.jpg 300w, https:\/\/parier-presidentielle.com\/wp-content\/uploads\/2021\/09\/Presidentielle-quelle-equipe-pour-accompagner-Anne-Hidalgo-768x384.jpg 768w, https:\/\/parier-presidentielle.com\/wp-content\/uploads\/2021\/09\/Presidentielle-quelle-equipe-pour-accompagner-Anne-Hidalgo-1536x768.jpg 1536w, https:\/\/parier-presidentielle.com\/wp-content\/uploads\/2021\/09\/Presidentielle-quelle-equipe-pour-accompagner-Anne-Hidalgo.jpg 2000w\" sizes=\"(max-width: 1024px) 100vw, 1024px\" \/><\/figure>\n\n\n\n<h2 class=\"wp-block-heading\" id=\"h-cap-politique-sur-2022\"><span id=\"cap-politique-sur-2022\">Curs politic pentru 2022<\/span><\/h2>\n\n\n\n<p>Dup\u0103 alegerile municipale, mintea lui Anne Hidalgo este \u00eenc\u0103 foarte vag\u0103. Ace\u0219ti prieteni politici \u0219i sprijinul ei din partea societ\u0103\u021bii civile \u0219i a altor asocia\u021bii au \u00eempins-o s\u0103 candideze pentru o func\u021bie. Din vara lui 2020, l-au f\u0103cut s\u0103 aud\u0103 de mai multe ori golul 2022: \u201eDac\u0103 e\u0219ti persoana potrivit\u0103, nu po\u021bi spune c\u0103 stai la Paris. Nu putem alege <a href=\"https:\/\/parier-presidentielle.com\/ro\/macron-elegere\/\">Macron<\/a> Sau <a href=\"https:\/\/parier-presidentielle.com\/ro\/marine-le-pen-election\/\">Stiloul <\/a>a\u0219a cum am f\u0103cut-o data trecut\u0103.\u201d <\/p>\n\n\n\n<p>Primarul Parisului este convins c\u0103 este necesar\u0103 \u00eenlocuirea celebrului duo Le Pen-Macron. \u201eAm sim\u021bit c\u0103 m\u0103 ascult\u0103, dar nu a vrut s\u0103 rezolve aceast\u0103 problem\u0103 \u00eentr-un mod foarte specific\u201d, \u0219i-a amintit un prieten senator. Vara a trecut, iar \u00eenceputul anului \u0219colar marcheaz\u0103 revenirea consilierilor municipali \u00een mass-media. O sim\u021bim deja, tonul este diferit. \u201eV\u0103d c\u0103 percep\u021bia despre mine s-a schimbat. Am auzit vocile comentatorilor \u0219i am v\u0103zut reac\u021bia entuziast\u0103 a parizienilor \u0219i a francezilor pe care i-am \u00eent\u00e2lnit \u00een aceast\u0103 var\u0103\u201d A decis c\u0103 \u201eva participa la viitoarea b\u0103t\u0103lie\u201d. Dou\u0103 luni mai t\u00e2rziu, ea a reiterat aceast\u0103 promisiune \u00eentr-un interviu pentru Lib\u00e9ration. \u201eAst\u0103zi, la nivel politic: am reu\u0219it s\u0103 sc\u0103p\u0103m de diferen\u021bele noastre fatale \u0219i am dezvoltat o viziune comun\u0103 care reune\u0219te cel mai mare num\u0103r? O vreau\u201d, a spus Anne Hidalgo.<\/p>\n\n\n\n<h2 class=\"wp-block-heading\" id=\"h-la-bataille-pour-la-presidentielle\"><span id=\"la-bataille-pour-la-presidentielle\">B\u0103t\u0103lia pentru alegerile preziden\u021biale<\/span><\/h2>\n\n\n\n<p>\u00cen acela\u0219i timp, cei apropia\u021bi au continuat s\u0103 spere:<\/p>\n\n\n\n<blockquote class=\"wp-block-quote\">\n<p>\u201eO asigur c\u0103, dac\u0103 candideaz\u0103 la pre\u0219edinte, o sus\u021bin\u201d, <\/p>\n<\/blockquote>\n\n\n\n<p>Cu toate acestea, Annie Hidalgo este o femeie care are altceva \u00een minte. Fostul asistent al lui Bertrand Delano\u00eb, \u0219i actualul primar al Parisului de dou\u0103 ori, \u0219tie c\u0103 candidatul la pre\u0219edin\u021bie se preg\u0103te\u0219te cu calm. \u201eCred c\u0103 e gata s\u0103 plece. un program pentru a vedea dac\u0103 poate deveni femeie \u00een aceast\u0103 situa\u021bie\u201d, a asigurat primarul PS. Primarul Parisului este convins c\u0103 \u201e\u00eennoirea st\u00e2ngii\u201d va vedea doar \u201epoliticieni care au c\u00e2\u0219tigat alegerile din 2017\u201d.<\/p>\n\n\n\n<h2 class=\"wp-block-heading\" id=\"h-la-naissance-d-une-ambition\"><span id=\"la-naissance-d8217une-ambition\">Na\u0219terea unei ambi\u021bii<\/span><\/h2>\n\n\n\n<p><br>Dar dac\u0103 Anne Hidalgo pune mult\u0103 energie \u00een Paris, re\u021beaua ei \u00een afara capitalei este foarte slab\u0103. Prin urmare, totul trebuie stabilit. s\u0103pt\u0103m\u00e2nal, Marc Dupond, supranumit <strong>\u201eantrenorul primarilor Fran\u021bei<\/strong> \u00bb, prospect \u00een toat\u0103 Fran\u021ba pentru ea!<\/p>\n\n\n\n<p><\/p>\n\n\n\n<p><\/p>\n\n\n\n<p>Acum sus\u021binut de cercul s\u0103u, tot ce r\u0103m\u00e2ne este binecuv\u00e2ntarea elefan\u021bilor PS. \u00cen timpul \u0219colii de var\u0103 de la PS, Anne Hidalgo, care a fost \u00eentotdeauna departe de logica socialist\u0103 (\u0219i dezbin\u0103toare), a fost foarte bine primit\u0103. Liderul partidului, Olivier Faure, a spus: \u201eCred c\u0103 ea continu\u0103 a\u0219a \u0219i va reu\u0219i la alegerile preziden\u021biale. Dac\u0103 Anne Hidalgo nu face nicio declara\u021bie oficial\u0103, va continua aventura pentru 2022  <\/p>\n\n\n\n<p>Pentru orice concurent la Elys\u00e9e, un alt pas important este s\u0103 \u00ee\u0219i scrie programul.  <em>\u201eO femeie francez\u0103\u201d<\/em> publicat pe 15 septembrie. \u201eDeci da, nu \u0219i-a bazat cariera pe ambi\u021biile preziden\u021biale, dar am descoperit c\u0103 exist\u0103 un lider politic. Totu\u0219i: Annie Hidalgo este sus\u021binut\u0103 doar de 7 la 9 % \u00een sondaje...<br>Pariul pe Hildago r\u0103m\u00e2ne a\u0219adar un pariu riscant!<\/p>\n\n\n\n<p><\/p>\n\n\n\n<p><\/p>\n\n\n\n<p class=\"has-text-align-center unibet\" style=\"font-size:25px\"><mark style=\"background-color:rgba(0, 0, 0, 0);color:#0d7a12\" class=\"has-inline-color\"><strong><a href=\"https:\/\/parier-presidentielle.com\/ro\/recommends\/unibet\/\">Bonus de 150 EUR oferit cu Unibet<br>Pentru primul pariu politic sau sportiv: Face\u021bi clic aici<\/a><\/strong><\/mark><\/p>\n\n\n\n<p><\/p>\n\n\n<div class=\"wp-block-image\">\n<figure class=\"aligncenter is-resized wp-duotone-000097-ff4747-2\"><img decoding=\"async\" loading=\"lazy\" src=\"https:\/\/parier-presidentielle.com\/wp-content\/uploads\/2021\/09\/election-standard-scale-4_00x-gigapixel-1024x623.jpg\" alt=\"Alegeri 2022\" style=\"width:256px;height:156px\" width=\"256\" height=\"156\"\/><\/figure><\/div>\n\n\n<p><br><\/p>\n\n\n\n<p><strong>Parier-presiden\u0163ial v\u0103 ajut\u0103 s\u0103 alege\u0163i \u00eentre diferite<a href=\"https:\/\/parier-presidentielle.com\/ro\/\"> Casele de pariuri Bwin, Unibet, Betclic vor paria pe viitorul pre\u0219edinte american \u00een 2024<\/a> : <\/strong><br><a href=\"https:\/\/parier-presidentielle.com\/ro\/unibet-politica-elegeri-2022\/\">Casa de pariuri preziden\u021bial\u0103 Unibet<\/a> : Ghid detaliat \u0219i gratuit pentru a face primul pariu online cu toate cotele \u0219i cum s\u0103 profita\u021bi de Bonusul oferit!<\/p>\n\n\n\n<p>Ca \u0219i alte site-uri online din Paris: <a href=\"https:\/\/parier-presidentielle.com\/ro\/unibet-politica-elegeri-2022\/\">Bwin<\/a>, <a href=\"https:\/\/parier-presidentielle.com\/ro\/netbet-paris-politica-alegeri-2022\/\">NetBet<\/a>, <a href=\"https:\/\/parier-presidentielle.com\/ro\/betclic-presidential-2022\/\">Betclic<\/a>, <a href=\"https:\/\/parier-presidentielle.com\/ro\/winamax-politica-alegeri-2022\/\">Winamax<\/a>, Parions Sport, Zebet, Betway, France-Pari, Vbet, Cloudbet, 1Xbit, 1xbet, Betfair, Betwinner \u2026<\/p>\n\n\n\n<div class=\"wp-block-columns is-layout-flex wp-container-7 wp-block-columns-is-layout-flex\">\n<div class=\"wp-block-column is-layout-flow wp-block-column-is-layout-flow\" style=\"flex-basis:33.33%\">\n<p>Tocmai a\u021bi citit dosarul nostru:<\/p>\n<\/div>\n\n\n\n<div class=\"wp-block-column is-layout-flow wp-block-column-is-layout-flow\" style=\"flex-basis:33.33%\">\n<div class=\"wp-block-group is-layout-flow wp-block-group-is-layout-flow\"><div class=\"wp-block-group__inner-container\"><h4 class=\"has-text-align-center wp-block-post-title\"><span id=\"parier-sur-lelection-danne-hidalgo-2022\"><a href=\"https:\/\/parier-presidentielle.com\/ro\/anne-hidalgo-election-2022\/\" target=\"_self\" >Paria\u021bi pe alegerea lui Anne Hidalgo 2022<\/a><\/span><\/h4><\/div><\/div>\n<\/div>\n\n\n\n<div class=\"wp-block-column is-layout-flow wp-block-column-is-layout-flow\" style=\"flex-basis:33.33%\">\n<p class=\"has-text-align-right\">Continua\u021bi s\u0103 citi\u021bi cu celelalte fi\u0219iere exclusive ale noastre,<\/p>\n<\/div>\n<\/div>\n\n\n\n<h3 class=\"wp-block-heading\" id=\"tous-les-pronostics-sondage-et-cotes-pour-parier-sur-le-futur-vainqueur-de-l-election-presidentielle-2022\"><span id=\"tous-les-pronostics-sondage-et-cotes-pour-parier-sur-le-futur-vainqueur-de-l8217election-presidentielle-2024\">Toate predic\u021biile, sondajele \u0219i cotele pentru a paria pe viitorul c\u00e2\u0219tig\u0103tor al alegerilor preziden\u021biale din 2024:<\/span><\/h3>\n\n\n\n<ul>\n<li><a href=\"https:\/\/parier-presidentielle.com\/ro\/macron-elegere\/\">Paria\u021bi pe Emmanuel Macron cu Unibet, Betclic, Bwin<\/a> : Favoritul \u00een sondaje \u0219i predic\u021bii <\/li>\n\n\n\n<li><a href=\"https:\/\/parier-presidentielle.com\/ro\/marine-le-pen-election\/\">Marine Le Pen: Cotele ei \u0219i cum s\u0103 pariezi cu casele de pariuri<\/a>: Provocatorul conform Unibet<\/li>\n<\/ul>\n\n\n\n<p><\/p>\n\n\n\n<center><script type=\"text\/javascript\" charset=\"utf-8\" src=\"https:\/\/www.gambling-affiliation.com\/cpm\/v=AmIMTDSs92QY6b0MzDMvM5laCjJ-ZlA-1oQ-7tKsi.w_GA7331V2\"><\/script><\/center>\n\n\n\n<h3 class=\"wp-block-heading\"><span id=\"donald-trump-vs-joe-biden-la-video-qui-lance-les-paris-en-ligne-sur-l8217election-politique-de-2024\">Donald Trump vs Joe Biden: videoclipul care lanseaz\u0103 pariuri online la alegerile politice din 2024<\/span><\/h3>\n\n\n\n<figure class=\"wp-block-embed is-type-video is-provider-youtube wp-block-embed-youtube wp-embed-aspect-16-9 wp-has-aspect-ratio\"><div class=\"wp-block-embed__wrapper\">\n<iframe loading=\"lazy\" title=\"Fostul pre\u0219edinte Donald Trump lanseaz\u0103 oferta #Short pentru 2024 la Casa Alb\u0103\" width=\"640\" height=\"360\" src=\"https:\/\/www.youtube.com\/embed\/hZykPRVe4Ag?feature=oembed\" frameborder=\"0\" allow=\"accelerometer; autoplay; clipboard-write; encrypted-media; gyroscope; picture-in-picture; web-share\" allowfullscreen><\/iframe>\n<\/div><\/figure>\n\n\n<div class=\"wp-block-image\">\n<figure class=\"aligncenter size-medium\"><a href=\"https:\/\/parier-presidentielle.com\/ro\/recommends\/unibet\/\" target=\"_blank\" rel=\"noopener\"><img decoding=\"async\" loading=\"lazy\" width=\"300\" height=\"169\" src=\"https:\/\/parier-presidentielle.com\/wp-content\/uploads\/2022\/04\/unibet-300x169.jpg\" alt=\"\" class=\"wp-image-1252\" srcset=\"https:\/\/parier-presidentielle.com\/wp-content\/uploads\/2022\/04\/unibet-300x169.jpg 300w, https:\/\/parier-presidentielle.com\/wp-content\/uploads\/2022\/04\/unibet-1024x576.jpg 1024w, https:\/\/parier-presidentielle.com\/wp-content\/uploads\/2022\/04\/unibet-768x432.jpg 768w, https:\/\/parier-presidentielle.com\/wp-content\/uploads\/2022\/04\/unibet-18x10.jpg 18w, https:\/\/parier-presidentielle.com\/wp-content\/uploads\/2022\/04\/unibet.jpg 1280w\" sizes=\"(max-width: 300px) 100vw, 300px\" \/><\/a><\/figure><\/div>\n\n\n<p>G\u0103si\u021bi Wiki, \u0219tirile politice esen\u021biale despre Cannabis \u0219i derivatele sale legale: <strong>HHC, H4cbd, Thcp, Thcv, HSD, HHCPO, C4B<\/strong><\/p>\n<div id=\"toc_container\" class=\"no_bullets\"><p class=\"toc_title\">Cuprins<\/p><ul class=\"toc_list\"><li><ul><li><\/li><li><\/li><li><\/li><\/ul><\/li><li><ul><li><\/li><\/ul><\/li><li><\/li><li><\/li><li><ul><li><ul><li><\/li><\/ul><\/li><li><\/li><li><\/li><\/ul><\/li><\/ul><\/div>","protected":false},"excerpt":{"rendered":"<p>Les cotes des bookmakers : William Hill propose une cote de 41 Betclic propose une cote de 22 Unibet propose une cote de 21 Analyse &amp; Pronostics pour parier sur la victoire d&#8217;Anne Hidalgo Suite \u00e0 son annonce on peut voir qu&#8217;Unibet et Betclic propose sensiblement la m\u00eame cote alors que le bookmaker anglais William &#8230;<\/p>","protected":false},"author":1,"featured_media":0,"parent":0,"menu_order":0,"comment_status":"closed","ping_status":"closed","template":"page-nosidebar.php","meta":{"footnotes":""},"yoast_head":"<!-- This site is optimized with the Yoast SEO Premium plugin v21.0 (Yoast SEO v21.0) - https:\/\/yoast.com\/wordpress\/plugins\/seo\/ -->\n<title>Parier sur l\u2019\u00e9lection d\u2019Anne Hidalgo 2022 - Finale Coupe du Monde FIFA<\/title>\n<meta name=\"description\" content=\"Pariez sur Anne Hidalgo pour l&#039;Election 2022 : Cliquez Ici et Gagnez Gros! Pronostics ,Comparaison des Bookmakers et des meilleurs Cotes.\" \/>\n<meta name=\"robots\" content=\"index, follow, max-snippet:-1, max-image-preview:large, max-video-preview:-1\" \/>\n<link rel=\"canonical\" href=\"https:\/\/parier-presidentielle.com\/ro\/anne-hidalgo-election-2022\/\" \/>\n<meta property=\"og:locale\" content=\"ro_RO\" \/>\n<meta property=\"og:type\" content=\"article\" \/>\n<meta property=\"og:title\" content=\"Parier sur l\u2019\u00e9lection d\u2019Anne Hidalgo 2022\" \/>\n<meta property=\"og:description\" content=\"Pariez sur Anne Hidalgo pour l&#039;Election 2022 : Cliquez Ici et Gagnez Gros! Pronostics ,Comparaison des Bookmakers et des meilleurs Cotes.\" \/>\n<meta property=\"og:url\" content=\"https:\/\/parier-presidentielle.com\/ro\/anne-hidalgo-election-2022\/\" \/>\n<meta property=\"og:site_name\" content=\"Parier Pr\u00e9sidentielle\" \/>\n<meta property=\"article:modified_time\" content=\"2023-09-11T11:47:08+00:00\" \/>\n<meta property=\"og:image\" content=\"https:\/\/parier-presidentielle.com\/wp-content\/uploads\/2021\/09\/image-1-1024x42.png\" \/>\n<meta name=\"twitter:card\" content=\"summary_large_image\" \/>\n<meta name=\"twitter:label1\" content=\"Est. reading time\" \/>\n\t<meta name=\"twitter:data1\" content=\"5 minute\" \/>\n<script type=\"application\/ld+json\" class=\"yoast-schema-graph\">{\"@context\":\"https:\/\/schema.org\",\"@graph\":[{\"@type\":\"WebPage\",\"@id\":\"https:\/\/parier-presidentielle.com\/anne-hidalgo-election-2022\/\",\"url\":\"https:\/\/parier-presidentielle.com\/anne-hidalgo-election-2022\/\",\"name\":\"Parier sur l\u2019\u00e9lection d\u2019Anne Hidalgo 2022 - Finale Coupe du Monde FIFA\",\"isPartOf\":{\"@id\":\"https:\/\/parier-presidentielle.com\/#website\"},\"datePublished\":\"2021-09-14T21:03:41+00:00\",\"dateModified\":\"2023-09-11T11:47:08+00:00\",\"description\":\"Pariez sur Anne Hidalgo pour l'Election 2022 : Cliquez Ici et Gagnez Gros! Pronostics ,Comparaison des Bookmakers et des meilleurs Cotes.\",\"breadcrumb\":{\"@id\":\"https:\/\/parier-presidentielle.com\/anne-hidalgo-election-2022\/#breadcrumb\"},\"inLanguage\":\"ro-RO\",\"potentialAction\":[{\"@type\":\"ReadAction\",\"target\":[\"https:\/\/parier-presidentielle.com\/anne-hidalgo-election-2022\/\"]}]},{\"@type\":\"BreadcrumbList\",\"@id\":\"https:\/\/parier-presidentielle.com\/anne-hidalgo-election-2022\/#breadcrumb\",\"itemListElement\":[{\"@type\":\"ListItem\",\"position\":1,\"name\":\"Accueil\",\"item\":\"https:\/\/parier-presidentielle.com\/\"},{\"@type\":\"ListItem\",\"position\":2,\"name\":\"Parier sur l\u2019\u00e9lection d\u2019Anne Hidalgo 2022\"}]},{\"@type\":\"WebSite\",\"@id\":\"https:\/\/parier-presidentielle.com\/#website\",\"url\":\"https:\/\/parier-presidentielle.com\/\",\"name\":\"Parier Pr\u00e9sidentielle\",\"description\":\"Paris, Pronostics, Wiki sur la Politique, les Elections Am\u00e9ricaines: Joe Biden, Donald Trump avec les Bookmakers en ligne Unibet, Bwin, Betclic, Winamax\",\"potentialAction\":[{\"@type\":\"SearchAction\",\"target\":{\"@type\":\"EntryPoint\",\"urlTemplate\":\"https:\/\/parier-presidentielle.com\/?s={search_term_string}\"},\"query-input\":\"required name=search_term_string\"}],\"inLanguage\":\"ro-RO\"}]}<\/script>\n<!-- \/ Yoast SEO Premium plugin. -->","yoast_head_json":{"title":"Parier sur l\u2019\u00e9lection d\u2019Anne Hidalgo 2022 - Finale Coupe du Monde FIFA","description":"Pariez sur Anne Hidalgo pour l'Election 2022 : Cliquez Ici et Gagnez Gros! Pronostics ,Comparaison des Bookmakers et des meilleurs Cotes.","robots":{"index":"index","follow":"follow","max-snippet":"max-snippet:-1","max-image-preview":"max-image-preview:large","max-video-preview":"max-video-preview:-1"},"canonical":"https:\/\/parier-presidentielle.com\/ro\/anne-hidalgo-election-2022\/","og_locale":"ro_RO","og_type":"article","og_title":"Parier sur l\u2019\u00e9lection d\u2019Anne Hidalgo 2022","og_description":"Pariez sur Anne Hidalgo pour l'Election 2022 : Cliquez Ici et Gagnez Gros! Pronostics ,Comparaison des Bookmakers et des meilleurs Cotes.","og_url":"https:\/\/parier-presidentielle.com\/ro\/anne-hidalgo-election-2022\/","og_site_name":"Parier Pr\u00e9sidentielle","article_modified_time":"2023-09-11T11:47:08+00:00","og_image":[{"url":"https:\/\/parier-presidentielle.com\/wp-content\/uploads\/2021\/09\/image-1-1024x42.png"}],"twitter_card":"summary_large_image","twitter_misc":{"Est. reading time":"5 minute"},"schema":{"@context":"https:\/\/schema.org","@graph":[{"@type":"WebPage","@id":"https:\/\/parier-presidentielle.com\/anne-hidalgo-election-2022\/","url":"https:\/\/parier-presidentielle.com\/anne-hidalgo-election-2022\/","name":"Parier sur l\u2019\u00e9lection d\u2019Anne Hidalgo 2022 - Finale Coupe du Monde FIFA","isPartOf":{"@id":"https:\/\/parier-presidentielle.com\/#website"},"datePublished":"2021-09-14T21:03:41+00:00","dateModified":"2023-09-11T11:47:08+00:00","description":"Pariez sur Anne Hidalgo pour l'Election 2022 : Cliquez Ici et Gagnez Gros! Pronostics ,Comparaison des Bookmakers et des meilleurs Cotes.","breadcrumb":{"@id":"https:\/\/parier-presidentielle.com\/anne-hidalgo-election-2022\/#breadcrumb"},"inLanguage":"ro-RO","potentialAction":[{"@type":"ReadAction","target":["https:\/\/parier-presidentielle.com\/anne-hidalgo-election-2022\/"]}]},{"@type":"BreadcrumbList","@id":"https:\/\/parier-presidentielle.com\/anne-hidalgo-election-2022\/#breadcrumb","itemListElement":[{"@type":"ListItem","position":1,"name":"Accueil","item":"https:\/\/parier-presidentielle.com\/"},{"@type":"ListItem","position":2,"name":"Parier sur l\u2019\u00e9lection d\u2019Anne Hidalgo 2022"}]},{"@type":"WebSite","@id":"https:\/\/parier-presidentielle.com\/#website","url":"https:\/\/parier-presidentielle.com\/","name":"Parier Pr\u00e9sidentielle","description":"Paris, Pronostics, Wiki sur la Politique, les Elections Am\u00e9ricaines: Joe Biden, Donald Trump avec les Bookmakers en ligne Unibet, Bwin, Betclic, Winamax","potentialAction":[{"@type":"SearchAction","target":{"@type":"EntryPoint","urlTemplate":"https:\/\/parier-presidentielle.com\/?s={search_term_string}"},"query-input":"required name=search_term_string"}],"inLanguage":"ro-RO"}]}},"_links":{"self":[{"href":"https:\/\/parier-presidentielle.com\/ro\/wp-json\/wp\/v2\/pages\/281"}],"collection":[{"href":"https:\/\/parier-presidentielle.com\/ro\/wp-json\/wp\/v2\/pages"}],"about":[{"href":"https:\/\/parier-presidentielle.com\/ro\/wp-json\/wp\/v2\/types\/page"}],"author":[{"embeddable":true,"href":"https:\/\/parier-presidentielle.com\/ro\/wp-json\/wp\/v2\/users\/1"}],"replies":[{"embeddable":true,"href":"https:\/\/parier-presidentielle.com\/ro\/wp-json\/wp\/v2\/comments?post=281"}],"version-history":[{"count":21,"href":"https:\/\/parier-presidentielle.com\/ro\/wp-json\/wp\/v2\/pages\/281\/revisions"}],"predecessor-version":[{"id":2422,"href":"https:\/\/parier-presidentielle.com\/ro\/wp-json\/wp\/v2\/pages\/281\/revisions\/2422"}],"wp:attachment":[{"href":"https:\/\/parier-presidentielle.com\/ro\/wp-json\/wp\/v2\/media?parent=281"}],"curies":[{"name":"wp","href":"https:\/\/api.w.org\/{rel}","templated":true}]}}