{"id":30,"date":"2021-09-06T22:23:37","date_gmt":"2021-09-06T20:23:37","guid":{"rendered":"https:\/\/parier-presidentielle.com\/?page_id=30"},"modified":"2022-04-24T18:08:09","modified_gmt":"2022-04-24T16:08:09","slug":"macron-le-pen-bookmaker","status":"publish","type":"page","link":"https:\/\/parier-presidentielle.com\/ro\/macron-le-pen-bookmaker\/","title":{"rendered":"Macron \u2013 Le Pen: Casele de pariuri \u00ee\u0219i dau cotele pentru al doilea tur al alegerilor preziden\u021biale"},"content":{"rendered":"<div class=\"wp-block-columns is-layout-flex wp-container-4 wp-block-columns-is-layout-flex\">\n<div class=\"wp-block-column is-layout-flow wp-block-column-is-layout-flow\" style=\"flex-basis:100%\">\n<div class=\"wp-block-columns is-layout-flex wp-container-2 wp-block-columns-is-layout-flex\">\n<div class=\"wp-block-column is-layout-flow wp-block-column-is-layout-flow\" style=\"flex-basis:100%\">\n<center><script type=\"text\/javascript\" charset=\"utf-8\" src=\"https:\/\/www.gambling-affiliation.com\/cpm\/v=AmIMTDSs92QY6b0MzDMvM5laCjJ-ZlA-1oQ-7tKsi.w_GA7331V2\"><\/script><\/center>\n\n\n\n<p><\/p>\n\n\n\n<div class=\"wp-block-image is-style-default\"><figure class=\"aligncenter size-medium\"><a href=\"https:\/\/parier-presidentielle.com\/ro\/recommends\/unibet-logo\/\" target=\"_blank\" rel=\"no follow noopener\"><img decoding=\"async\" loading=\"lazy\" width=\"300\" height=\"169\" src=\"https:\/\/parier-presidentielle.com\/wp-content\/uploads\/2022\/04\/unibet-300x169.jpg\" alt=\"\" class=\"wp-image-1252\" srcset=\"https:\/\/parier-presidentielle.com\/wp-content\/uploads\/2022\/04\/unibet-300x169.jpg 300w, https:\/\/parier-presidentielle.com\/wp-content\/uploads\/2022\/04\/unibet-1024x576.jpg 1024w, https:\/\/parier-presidentielle.com\/wp-content\/uploads\/2022\/04\/unibet-768x432.jpg 768w, https:\/\/parier-presidentielle.com\/wp-content\/uploads\/2022\/04\/unibet-18x10.jpg 18w, https:\/\/parier-presidentielle.com\/wp-content\/uploads\/2022\/04\/unibet.jpg 1280w\" sizes=\"(max-width: 300px) 100vw, 300px\" \/><\/a><\/figure><\/div>\n<\/div>\n<\/div>\n<\/div>\n<\/div>\n\n\n\n<h2 class=\"wp-block-heading\"><span id=\"emmanuel-macron-gagnant-de-la-presidentielle-face-a-marine-le-pen\">Emmanuel Macron a c\u00e2\u0219tigat alegerile preziden\u021biale \u00eempotriva Marinei Le Pen?<\/span><\/h2>\n\n\n\n<p>Casele de pariuri sau site-urile de pariuri ofer\u0103 acum pariuri online pe c\u00e2\u0219tig\u0103torul alegerilor preziden\u021biale din 2022. <strong>\u00cen Fran\u021ba este posibil doar s\u0103 pariezi cu Unibet pe politic\u0103.<\/strong> Aceasta \u00eenseamn\u0103 c\u0103 po\u021bi paria pe victoria sau \u00eenfr\u00e2ngerea lor a unuia dintre cei doi candida\u021bi p\u00e2n\u0103 \u00een ultimul moment \u00eenainte de rezultatul alegerilor. <br>Prin \u201evictorie\u201d \u00een\u021belegem victoria \u00een primul tur sau victoria \u00een ambele runde (turda a doua are loc la dou\u0103 s\u0103pt\u0103m\u00e2ni dup\u0103 prima). Cotele se schimba in timp in functie de cat de departe suntem de ziua alegerilor, dar si in functie de probabilitatea de victorie conform sondajelor.<\/p>\n\n\n\n<p>Al doilea tur va avea loc pe 24 aprilie 2022. Emmanuel Macron \u0219i Marine Le Pen au fost primii \u00een primul tur.<br>Sondarii au prezis un al doilea tur foarte apropiat, cu 55% pentru Macron \u0219i 45% pentru Le Pen. Decalajul este at\u00e2t de aproape \u00eenc\u00e2t victoria \u00eentr-un fel sau altul se afl\u0103 \u00een marja de eroare a sondajelor. Deci este \u00een orice caz mult mai aproape dec\u00e2t \u00een 2017, c\u00e2nd Macron l-a \u00eenvins pe Le Pen cu 66,1 % din vot.<\/p>\n\n\n\n<h3 class=\"wp-block-heading\"><span id=\"les-cotes-d8217unibet-pour-le-second-tour\">Cote Unibet pentru runda a doua<\/span><\/h3>\n\n\n\n<figure class=\"wp-block-image size-large is-resized\"><img decoding=\"async\" loading=\"lazy\" src=\"https:\/\/parier-presidentielle.com\/wp-content\/uploads\/2022\/04\/unibet-cote-macron-le-pen-2022-1024x202.jpg\" alt=\"Cote Unibet pentru runda a doua\" class=\"wp-image-1473\" width=\"768\" height=\"152\" srcset=\"https:\/\/parier-presidentielle.com\/wp-content\/uploads\/2022\/04\/unibet-cote-macron-le-pen-2022-1024x202.jpg 1024w, https:\/\/parier-presidentielle.com\/wp-content\/uploads\/2022\/04\/unibet-cote-macron-le-pen-2022-300x59.jpg 300w, https:\/\/parier-presidentielle.com\/wp-content\/uploads\/2022\/04\/unibet-cote-macron-le-pen-2022-768x152.jpg 768w, https:\/\/parier-presidentielle.com\/wp-content\/uploads\/2022\/04\/unibet-cote-macron-le-pen-2022-1536x303.jpg 1536w, https:\/\/parier-presidentielle.com\/wp-content\/uploads\/2022\/04\/unibet-cote-macron-le-pen-2022-2048x404.jpg 2048w, https:\/\/parier-presidentielle.com\/wp-content\/uploads\/2022\/04\/unibet-cote-macron-le-pen-2022-18x4.jpg 18w\" sizes=\"(max-width: 768px) 100vw, 768px\" \/><\/figure>\n\n\n\n<p><\/p>\n\n\n\n<h3 class=\"wp-block-heading\" id=\"comment-realiser-son-1-pari-avec-bwin-c\"><span id=\"comment-realiser-son-1er-pari-avec-unibet\">Cum s\u0103 faci primul pariu cu Unibet?<\/span><\/h3>\n\n\n\n<p id=\"comment-realiser-son-1-pari-avec-bwin-c\">A\u0219a cum po\u021bi paria pe victoria echipei tale favorite de fotbal, este posibil s\u0103 pariezi pe c\u00e2\u0219tig\u0103torul cursei c\u0103tre Elys\u00e9e, este rapid \u0219i u\u0219or!<\/p>\n\n\n\n<ol><li>Alege\u021bi candidatul pe care dori\u021bi s\u0103 paria\u021bi:<br> \u00een exemplul nostru este Marine le Pen!<br><\/li><li>Indica\u021bi miza pe care dori\u021bi s\u0103 o paria\u021bi,<br>100\u20ac \u00een simularea noastr\u0103<br><\/li><li>\u0218i acum, s-a terminat!<br>\u00cen captura noastr\u0103 de ecran, Cota fiind 501 \u0219i miza de 10 \u20ac \u00een caz de victorie c\u00e2\u0219tigi 575 \u20ac!<\/li><\/ol>\n\n\n\n<p><\/p>\n\n\n\n<div class=\"wp-block-image\"><figure class=\"aligncenter size-full is-resized\"><img decoding=\"async\" loading=\"lazy\" src=\"https:\/\/parier-presidentielle.com\/wp-content\/uploads\/2022\/04\/unibet-parier-cote-macron-le-pen-2022.jpg\" alt=\"\" class=\"wp-image-1476\" width=\"464\" height=\"277\"\/><\/figure><\/div>\n\n\n\n<p class=\"has-text-align-center unibet\" style=\"font-size:25px\"><mark style=\"background-color:rgba(0, 0, 0, 0);color:#0d7a12\" class=\"has-inline-color\"><strong><a href=\"https:\/\/parier-presidentielle.com\/ro\/recommends\/unibet-text\/\">Bonus de 100 EUR oferit cu Unibet <br>Pentru primul pariu online: Click aici<\/a><\/strong><\/mark><\/p>\n\n\n\n<h2 class=\"wp-block-heading\"><span id=\"emmanuel-macron-ou-marine-le-pen-avec-qui-parier-sur-la-presidentielle\">Emmanuel Macron sau Marine Le Pen cu cine s\u0103 parieze pe alegerile preziden\u021biale?<\/span><\/h2>\n\n\n\n<p>\u00cen acest articol, v\u0103 vom prezenta regulile pentru pariuri pe politic\u0103, apoi vom analiza cei 2 candida\u021bi \u0219i diferitele pariuri posibile pe acest eveniment al turului doi al alegerilor preziden\u021biale din Fran\u021ba din 2022. Pariul pe alegerile preziden\u021biale din Fran\u021ba din 2022 poate fi foarte interesant, la fel ca orice alt eveniment sportiv. Pentru aceasta, este esen\u021bial s\u0103 cunoa\u0219te\u021bi protagoni\u0219tii \u0219i cotele lor respective.<br><br>Inten\u021bia de vot \u00een primul tur al alegerilor preziden\u021biale a fost reflectat\u0103 \u00eentr-un nou sondaj din 2022, realizat mar\u021bi de Institutul Elabe. \u00cen timpul invaziei ruse a Ucrainei, cotele de aprobare ale lui Emmanuel Macron au crescut, candidatul la pre\u0219edin\u021bie fiind \u00eentr-o mare majoritate. <br><\/p>\n\n\n\n<div class=\"wp-block-image wp-duotone-000097-ff4747-5\"><figure class=\"aligncenter size-full is-resized\"><img decoding=\"async\" loading=\"lazy\" src=\"https:\/\/parier-presidentielle.com\/wp-content\/uploads\/2022\/03\/macron-le-pen-bookmaker.jpg\" alt=\"\" class=\"wp-image-1024\" width=\"600\" height=\"338\" srcset=\"https:\/\/parier-presidentielle.com\/wp-content\/uploads\/2022\/03\/macron-le-pen-bookmaker.jpg 800w, https:\/\/parier-presidentielle.com\/wp-content\/uploads\/2022\/03\/macron-le-pen-bookmaker-300x169.jpg 300w, https:\/\/parier-presidentielle.com\/wp-content\/uploads\/2022\/03\/macron-le-pen-bookmaker-768x432.jpg 768w\" sizes=\"(max-width: 600px) 100vw, 600px\" \/><\/figure><\/div>\n\n\n\n<p>Potrivit noului sondaj Opinia 2022, realizat de Institutul Elabe \u0219i lansat mar\u021bi seara, num\u0103rul candida\u021bilor la pre\u0219edin\u021bie care se concentreaz\u0103 \u00een primul r\u00e2nd pe r\u0103zboiul din Ucraina a crescut cu 8,5 puncte procentuale fa\u021b\u0103 de s\u0103pt\u0103m\u00e2na trecut\u0103. Inten\u021bia de vot a \u0219efului statului \u00een primul tur de scrutin este \u00een prezent de 33,5%, fa\u021b\u0103 de 25% s\u0103pt\u0103m\u00e2na trecut\u0103.<\/p>\n\n\n\n<p class=\"has-text-align-center unibet\" style=\"font-size:25px\"><mark style=\"background-color:rgba(0, 0, 0, 0);color:#0d7a12\" class=\"has-inline-color\"><strong><a href=\"https:\/\/parier-presidentielle.com\/ro\/recommends\/unibet-text\/\">Bonus de 100 EUR oferit cu Unibet <br>Pentru primul pariu online: Click aici<\/a><\/strong><\/mark><\/p>\n\n\n\n<h2 class=\"wp-block-heading\"><span id=\"l8217ecart-au-second-tour-se-creuse-en-cas-de-duel-macron-le-pen\">Diferen\u021ba din turul doi se m\u0103re\u0219te \u00een cazul unui duel Macron-Le Pen<\/span><\/h2>\n\n\n\n<p><br>\u00cen al doilea tur, dac\u0103 al doilea este Macron-Le Pen, decalajul dintre cei doi candida\u021bi se va m\u0103ri. 61% dintre cei chestiona\u021bi au votat pentru actualul \u0219ef al statului, \u00een cre\u0219tere cu 3,5% fa\u021b\u0103 de s\u0103pt\u0103m\u00e2na trecut\u0103.<\/p>\n\n\n\n<p><br>Dar \u00een ultimii trei ani, \u00een special cu Brexit \u0219i alegerile americane, britanicii \u0219i multe alte \u021b\u0103ri au devenit fani ai pariurilor online pe politic\u0103. Deci, \u00eentreaga lume pariaz\u0103 pe rezultatul alegerilor preziden\u021biale din Fran\u021ba. \u201eDe obicei la alegeri aveam doar c\u00e2\u021biva oameni care pariau pe politica francez\u0103, c\u00e2teva mii de euro. Acolo sunt deja miza\u021bi 350.000 de euro. Marion le Pen va fi un dezastru pentru noi. <a href=\"https:\/\/parier-presidentielle.com\/ro\/macron-elegere\/\"><strong>Emmanuel Macron<\/strong><\/a>, vom face mul\u021bi bani\u201d, a explicat casa de pariuri William Hill. <\/p>\n\n\n\n<p>Pentru pariori, Marine Le Pen este o nefavorabil\u0103, \u0219ansele ei sunt 4 la 1. Aceasta \u00eenseamn\u0103 c\u0103 dac\u0103 pariezi 5.000 GBP pe victoria ei \u0219i ea c\u00e2\u0219tig\u0103, c\u00e2\u0219tigi 20.000 GBP.<\/p>\n\n\n\n<h2 class=\"wp-block-heading\"><span id=\"les-societes-de-paris-sportifs-parient-sur-l8217election-presidentielle-francaise-le-premier-et-le-second-tour\"><strong>Companiile de pariuri sportive pariaz\u0103 pe alegerile preziden\u021biale din Fran\u021ba \u00een primul \u0219i al doilea tur!<\/strong><\/span><\/h2>\n\n\n\n<p>Alegerile preziden\u021biale din Fran\u021ba dezl\u0103n\u021buie pasiunea de cealalt\u0103 parte a str\u00e2mtorii, unde pariurile sunt deschise... <br>Netbet este situat \u00eentr-o zon\u0103 de lux a Londrei \u0219i este una dintre cele mai importante companii de pariuri online precum Betclic, Unibet, Winamax. Aceast\u0103 cas\u0103 de pariuri stabilit\u0103 \u00een Regatul Unit din 1934: ofer\u0103 curse de cai, curse de ogari \u0219i evenimente sportive majore \u00een 2.350 de loca\u021bii de pariuri din Regatul Unit. <\/p>\n\n\n\n<p><br><\/p>\n\n\n\n<p><\/p>\n\n\n\n<h3 class=\"has-text-align-center wp-block-heading\"><span id=\"dossier-special-bookmaker-unibet-bwin-mondial-quatar\"><br>Raport special Casa de pariuri Unibet Bwin &amp; Mondial Quatar <\/span><\/h3>\n\n\n\n<p>Face\u021bi primul pariu online pe politic\u0103 \u0219i toate sporturile datorit\u0103 fi\u0219ierelor noastre de pe diferite site-uri: Betclic, Winamax, Unibet, Betclic: <\/p>\n\n\n\n<p>Cu ajutorul caselor de pariuri online precum Bwin, Unibet \u0219i Betclic, pute\u021bi accesa o varietate de pie\u021be de pariuri pentru turneu, oferindu-v\u0103 \u0219ansa de a c\u00e2\u0219tiga mare \u00cen concluzie, echipa francez\u0103 ar putea fi una dintre echipele de urm\u0103rit \u00een timpul Mondial 2022. Cea\u0219c\u0103. Cu ajutorul caselor de pariuri online precum Bwin, Unibet \u0219i Betclic, pute\u021bi aduna informa\u021bii despre Portugalia \u0219i pute\u021bi face pariuri informate pe performan\u021ba lor \u00een acest turneu. A\u0219adar, de ce s\u0103 nu profita\u021bi de oportunitatea de a beneficia poten\u021bial de succesul Fran\u021bei \u00een 2022?<\/p>\n\n\n\n<p><\/p>\n\n\n\n<p class=\"has-text-align-center unibet\" style=\"font-size:25px\"><mark style=\"background-color:rgba(0, 0, 0, 0);color:#0d7a12\" class=\"has-inline-color\"><strong><a href=\"https:\/\/parier-presidentielle.com\/ro\/recommends\/unibet\/\">Bonus de 150 EUR oferit cu Unibet<br>Pentru primul pariu politic sau sportiv: Face\u021bi clic aici<\/a><\/strong><\/mark><\/p>\n\n\n\n<p><\/p>\n\n\n<div class=\"wp-block-image\">\n<figure class=\"aligncenter is-resized wp-duotone-000097-ff4747-6\"><img decoding=\"async\" loading=\"lazy\" src=\"https:\/\/parier-presidentielle.com\/wp-content\/uploads\/2021\/09\/election-standard-scale-4_00x-gigapixel-1024x623.jpg\" alt=\"Alegeri 2022\" style=\"width:256px;height:156px\" width=\"256\" height=\"156\"\/><\/figure><\/div>\n\n\n<p><br><\/p>\n\n\n\n<p><strong>Parier-presiden\u0163ial v\u0103 ajut\u0103 s\u0103 alege\u0163i \u00eentre diferite<a href=\"https:\/\/parier-presidentielle.com\/ro\/\"> Casele de pariuri Bwin, Unibet, Betclic vor paria pe viitorul pre\u0219edinte american \u00een 2024<\/a> : <\/strong><br><a href=\"https:\/\/parier-presidentielle.com\/ro\/unibet-politica-elegeri-2022\/\">Casa de pariuri preziden\u021bial\u0103 Unibet<\/a> : Ghid detaliat \u0219i gratuit pentru a face primul pariu online cu toate cotele \u0219i cum s\u0103 profita\u021bi de Bonusul oferit!<\/p>\n\n\n\n<p>Ca \u0219i alte site-uri online din Paris: <a href=\"https:\/\/parier-presidentielle.com\/ro\/unibet-politica-elegeri-2022\/\">Bwin<\/a>, <a href=\"https:\/\/parier-presidentielle.com\/ro\/netbet-paris-politica-alegeri-2022\/\">NetBet<\/a>, <a href=\"https:\/\/parier-presidentielle.com\/ro\/betclic-presidential-2022\/\">Betclic<\/a>, <a href=\"https:\/\/parier-presidentielle.com\/ro\/winamax-politica-alegeri-2022\/\">Winamax<\/a>, Parions Sport, Zebet, Betway, France-Pari, Vbet, Cloudbet, 1Xbit, 1xbet, Betfair, Betwinner \u2026<\/p>\n\n\n\n<div class=\"wp-block-columns is-layout-flex wp-container-11 wp-block-columns-is-layout-flex\">\n<div class=\"wp-block-column is-layout-flow wp-block-column-is-layout-flow\" style=\"flex-basis:33.33%\">\n<p>Tocmai a\u021bi citit dosarul nostru:<\/p>\n<\/div>\n\n\n\n<div class=\"wp-block-column is-layout-flow wp-block-column-is-layout-flow\" style=\"flex-basis:33.33%\">\n<div class=\"wp-block-group is-layout-flow wp-block-group-is-layout-flow\"><div class=\"wp-block-group__inner-container\"><h4 class=\"has-text-align-center wp-block-post-title\"><span id=\"macron-8211-le-pen-les-bookmakers-donnent-leur-cotes-pour-le-second-tour-de-l8217election-presidentielle\"><a href=\"https:\/\/parier-presidentielle.com\/ro\/macron-le-pen-bookmaker\/\" target=\"_self\" >Macron \u2013 Le Pen: Casele de pariuri \u00ee\u0219i dau cotele pentru al doilea tur al alegerilor preziden\u021biale<\/a><\/span><\/h4><\/div><\/div>\n<\/div>\n\n\n\n<div class=\"wp-block-column is-layout-flow wp-block-column-is-layout-flow\" style=\"flex-basis:33.33%\">\n<p class=\"has-text-align-right\">Continua\u021bi s\u0103 citi\u021bi cu celelalte fi\u0219iere exclusive ale noastre,<\/p>\n<\/div>\n<\/div>\n\n\n\n<h3 class=\"wp-block-heading\" id=\"tous-les-pronostics-sondage-et-cotes-pour-parier-sur-le-futur-vainqueur-de-l-election-presidentielle-2022\"><span id=\"tous-les-pronostics-sondage-et-cotes-pour-parier-sur-le-futur-vainqueur-de-l8217election-presidentielle-2024\">Toate predic\u021biile, sondajele \u0219i cotele pentru a paria pe viitorul c\u00e2\u0219tig\u0103tor al alegerilor preziden\u021biale din 2024:<\/span><\/h3>\n\n\n\n<ul>\n<li><a href=\"https:\/\/parier-presidentielle.com\/ro\/macron-elegere\/\">Paria\u021bi pe Emmanuel Macron cu Unibet, Betclic, Bwin<\/a> : Favoritul \u00een sondaje \u0219i predic\u021bii <\/li>\n\n\n\n<li><a href=\"https:\/\/parier-presidentielle.com\/ro\/marine-le-pen-election\/\">Marine Le Pen: Cotele ei \u0219i cum s\u0103 pariezi cu casele de pariuri<\/a>: Provocatorul conform Unibet<\/li>\n<\/ul>\n\n\n\n<p><\/p>\n\n\n\n<center><script type=\"text\/javascript\" charset=\"utf-8\" src=\"https:\/\/www.gambling-affiliation.com\/cpm\/v=AmIMTDSs92QY6b0MzDMvM5laCjJ-ZlA-1oQ-7tKsi.w_GA7331V2\"><\/script><\/center>\n\n\n\n<h3 class=\"wp-block-heading\"><span id=\"donald-trump-vs-joe-biden-la-video-qui-lance-les-paris-en-ligne-sur-l8217election-politique-de-2024\">Donald Trump vs Joe Biden: videoclipul care lanseaz\u0103 pariuri online la alegerile politice din 2024<\/span><\/h3>\n\n\n\n<figure class=\"wp-block-embed is-type-video is-provider-youtube wp-block-embed-youtube wp-embed-aspect-16-9 wp-has-aspect-ratio\"><div class=\"wp-block-embed__wrapper\">\n<iframe loading=\"lazy\" title=\"Fostul pre\u0219edinte Donald Trump lanseaz\u0103 oferta #Short pentru 2024 la Casa Alb\u0103\" width=\"640\" height=\"360\" src=\"https:\/\/www.youtube.com\/embed\/hZykPRVe4Ag?feature=oembed\" frameborder=\"0\" allow=\"accelerometer; autoplay; clipboard-write; encrypted-media; gyroscope; picture-in-picture; web-share\" allowfullscreen><\/iframe>\n<\/div><\/figure>\n\n\n<div class=\"wp-block-image\">\n<figure class=\"aligncenter size-medium\"><a href=\"https:\/\/parier-presidentielle.com\/ro\/recommends\/unibet\/\" target=\"_blank\" rel=\"noopener\"><img decoding=\"async\" loading=\"lazy\" width=\"300\" height=\"169\" src=\"https:\/\/parier-presidentielle.com\/wp-content\/uploads\/2022\/04\/unibet-300x169.jpg\" alt=\"\" class=\"wp-image-1252\" srcset=\"https:\/\/parier-presidentielle.com\/wp-content\/uploads\/2022\/04\/unibet-300x169.jpg 300w, https:\/\/parier-presidentielle.com\/wp-content\/uploads\/2022\/04\/unibet-1024x576.jpg 1024w, https:\/\/parier-presidentielle.com\/wp-content\/uploads\/2022\/04\/unibet-768x432.jpg 768w, https:\/\/parier-presidentielle.com\/wp-content\/uploads\/2022\/04\/unibet-18x10.jpg 18w, https:\/\/parier-presidentielle.com\/wp-content\/uploads\/2022\/04\/unibet.jpg 1280w\" sizes=\"(max-width: 300px) 100vw, 300px\" \/><\/a><\/figure><\/div>\n\n\n<p>G\u0103si\u021bi Wiki, \u0219tirile politice esen\u021biale despre Cannabis \u0219i derivatele sale legale: <strong>HHC, H4cbd, Thcp, Thcv, HSD, HHCPO, C4B<\/strong><\/p>\n<div id=\"toc_container\" class=\"no_bullets\"><p class=\"toc_title\">Cuprins<\/p><ul class=\"toc_list\"><li><ul><li><\/li><li><\/li><\/ul><\/li><li><\/li><li><\/li><li><ul><li><ul><li><\/li><\/ul><\/li><li><\/li><li><\/li><\/ul><\/li><\/ul><\/div>","protected":false},"excerpt":{"rendered":"<p>Emmanuel Macron gagnant de la pr\u00e9sidentielle face \u00e0 Marine Le Pen? Les bookmakers ou sites de paris proposent d\u00e9sormais de parier en ligne se le vainqueur de l&#8217;\u00e9lection pr\u00e9sidentielle de 2022. En France il est possible de parier seulement avec Unibet sur la politique. Cela signifie que vous pouvez parier sur leur victoire ou leur &#8230;<\/p>","protected":false},"author":1,"featured_media":0,"parent":0,"menu_order":0,"comment_status":"closed","ping_status":"closed","template":"page-nosidebar.php","meta":{"footnotes":""},"yoast_head":"<!-- This site is optimized with the Yoast SEO Premium plugin v21.0 (Yoast SEO v21.0) - https:\/\/yoast.com\/wordpress\/plugins\/seo\/ -->\n<title>Macron - Le Pen : les Bookmakers donnent leur Cotes pour le Second tour de l&#039;\u00e9lection pr\u00e9sidentielle - Finale Coupe du Monde FIFA<\/title>\n<meta name=\"description\" content=\"Les cotes des bookmakers pour parier sur le second tour Macron - Le Pen\" \/>\n<meta name=\"robots\" content=\"index, follow, max-snippet:-1, max-image-preview:large, max-video-preview:-1\" \/>\n<link rel=\"canonical\" href=\"https:\/\/parier-presidentielle.com\/ro\/macron-le-pen-bookmaker\/\" \/>\n<meta property=\"og:locale\" content=\"ro_RO\" \/>\n<meta property=\"og:type\" content=\"article\" \/>\n<meta property=\"og:title\" content=\"Macron - Le Pen : les Bookmakers donnent leur Cotes pour le Second tour de l&#039;\u00e9lection pr\u00e9sidentielle\" \/>\n<meta property=\"og:description\" content=\"Les cotes des bookmakers pour parier sur le second tour Macron - Le Pen\" \/>\n<meta property=\"og:url\" content=\"https:\/\/parier-presidentielle.com\/ro\/macron-le-pen-bookmaker\/\" \/>\n<meta property=\"og:site_name\" content=\"Parier Pr\u00e9sidentielle\" \/>\n<meta property=\"article:modified_time\" content=\"2022-04-24T16:08:09+00:00\" \/>\n<meta property=\"og:image\" content=\"https:\/\/parier-presidentielle.com\/wp-content\/uploads\/2022\/04\/unibet-cote-macron-le-pen-2022-1024x202.jpg\" \/>\n<meta name=\"twitter:card\" content=\"summary_large_image\" \/>\n<meta name=\"twitter:label1\" content=\"Est. reading time\" \/>\n\t<meta name=\"twitter:data1\" content=\"5 minute\" \/>\n<script type=\"application\/ld+json\" class=\"yoast-schema-graph\">{\"@context\":\"https:\/\/schema.org\",\"@graph\":[{\"@type\":\"WebPage\",\"@id\":\"https:\/\/parier-presidentielle.com\/macron-le-pen-bookmaker\/\",\"url\":\"https:\/\/parier-presidentielle.com\/macron-le-pen-bookmaker\/\",\"name\":\"Macron - Le Pen : les Bookmakers donnent leur Cotes pour le Second tour de l'\u00e9lection pr\u00e9sidentielle - Finale Coupe du Monde FIFA\",\"isPartOf\":{\"@id\":\"https:\/\/parier-presidentielle.com\/#website\"},\"datePublished\":\"2021-09-06T20:23:37+00:00\",\"dateModified\":\"2022-04-24T16:08:09+00:00\",\"description\":\"Les cotes des bookmakers pour parier sur le second tour Macron - Le Pen\",\"breadcrumb\":{\"@id\":\"https:\/\/parier-presidentielle.com\/macron-le-pen-bookmaker\/#breadcrumb\"},\"inLanguage\":\"ro-RO\",\"potentialAction\":[{\"@type\":\"ReadAction\",\"target\":[\"https:\/\/parier-presidentielle.com\/macron-le-pen-bookmaker\/\"]}]},{\"@type\":\"BreadcrumbList\",\"@id\":\"https:\/\/parier-presidentielle.com\/macron-le-pen-bookmaker\/#breadcrumb\",\"itemListElement\":[{\"@type\":\"ListItem\",\"position\":1,\"name\":\"Accueil\",\"item\":\"https:\/\/parier-presidentielle.com\/\"},{\"@type\":\"ListItem\",\"position\":2,\"name\":\"Macron &#8211; Le Pen : les Bookmakers donnent leur Cotes pour le Second tour de l&#8217;\u00e9lection pr\u00e9sidentielle\"}]},{\"@type\":\"WebSite\",\"@id\":\"https:\/\/parier-presidentielle.com\/#website\",\"url\":\"https:\/\/parier-presidentielle.com\/\",\"name\":\"Parier Pr\u00e9sidentielle\",\"description\":\"Paris, Pronostics, Wiki sur la Politique, les Elections Am\u00e9ricaines: Joe Biden, Donald Trump avec les Bookmakers en ligne Unibet, Bwin, Betclic, Winamax\",\"potentialAction\":[{\"@type\":\"SearchAction\",\"target\":{\"@type\":\"EntryPoint\",\"urlTemplate\":\"https:\/\/parier-presidentielle.com\/?s={search_term_string}\"},\"query-input\":\"required name=search_term_string\"}],\"inLanguage\":\"ro-RO\"}]}<\/script>\n<!-- \/ Yoast SEO Premium plugin. -->","yoast_head_json":{"title":"Macron - Le Pen : les Bookmakers donnent leur Cotes pour le Second tour de l'\u00e9lection pr\u00e9sidentielle - Finale Coupe du Monde FIFA","description":"Les cotes des bookmakers pour parier sur le second tour Macron - Le Pen","robots":{"index":"index","follow":"follow","max-snippet":"max-snippet:-1","max-image-preview":"max-image-preview:large","max-video-preview":"max-video-preview:-1"},"canonical":"https:\/\/parier-presidentielle.com\/ro\/macron-le-pen-bookmaker\/","og_locale":"ro_RO","og_type":"article","og_title":"Macron - Le Pen : les Bookmakers donnent leur Cotes pour le Second tour de l'\u00e9lection pr\u00e9sidentielle","og_description":"Les cotes des bookmakers pour parier sur le second tour Macron - Le Pen","og_url":"https:\/\/parier-presidentielle.com\/ro\/macron-le-pen-bookmaker\/","og_site_name":"Parier Pr\u00e9sidentielle","article_modified_time":"2022-04-24T16:08:09+00:00","og_image":[{"url":"https:\/\/parier-presidentielle.com\/wp-content\/uploads\/2022\/04\/unibet-cote-macron-le-pen-2022-1024x202.jpg"}],"twitter_card":"summary_large_image","twitter_misc":{"Est. reading time":"5 minute"},"schema":{"@context":"https:\/\/schema.org","@graph":[{"@type":"WebPage","@id":"https:\/\/parier-presidentielle.com\/macron-le-pen-bookmaker\/","url":"https:\/\/parier-presidentielle.com\/macron-le-pen-bookmaker\/","name":"Macron - Le Pen : les Bookmakers donnent leur Cotes pour le Second tour de l'\u00e9lection pr\u00e9sidentielle - Finale Coupe du Monde FIFA","isPartOf":{"@id":"https:\/\/parier-presidentielle.com\/#website"},"datePublished":"2021-09-06T20:23:37+00:00","dateModified":"2022-04-24T16:08:09+00:00","description":"Les cotes des bookmakers pour parier sur le second tour Macron - Le Pen","breadcrumb":{"@id":"https:\/\/parier-presidentielle.com\/macron-le-pen-bookmaker\/#breadcrumb"},"inLanguage":"ro-RO","potentialAction":[{"@type":"ReadAction","target":["https:\/\/parier-presidentielle.com\/macron-le-pen-bookmaker\/"]}]},{"@type":"BreadcrumbList","@id":"https:\/\/parier-presidentielle.com\/macron-le-pen-bookmaker\/#breadcrumb","itemListElement":[{"@type":"ListItem","position":1,"name":"Accueil","item":"https:\/\/parier-presidentielle.com\/"},{"@type":"ListItem","position":2,"name":"Macron &#8211; Le Pen : les Bookmakers donnent leur Cotes pour le Second tour de l&#8217;\u00e9lection pr\u00e9sidentielle"}]},{"@type":"WebSite","@id":"https:\/\/parier-presidentielle.com\/#website","url":"https:\/\/parier-presidentielle.com\/","name":"Parier Pr\u00e9sidentielle","description":"Paris, Pronostics, Wiki sur la Politique, les Elections Am\u00e9ricaines: Joe Biden, Donald Trump avec les Bookmakers en ligne Unibet, Bwin, Betclic, Winamax","potentialAction":[{"@type":"SearchAction","target":{"@type":"EntryPoint","urlTemplate":"https:\/\/parier-presidentielle.com\/?s={search_term_string}"},"query-input":"required name=search_term_string"}],"inLanguage":"ro-RO"}]}},"_links":{"self":[{"href":"https:\/\/parier-presidentielle.com\/ro\/wp-json\/wp\/v2\/pages\/30"}],"collection":[{"href":"https:\/\/parier-presidentielle.com\/ro\/wp-json\/wp\/v2\/pages"}],"about":[{"href":"https:\/\/parier-presidentielle.com\/ro\/wp-json\/wp\/v2\/types\/page"}],"author":[{"embeddable":true,"href":"https:\/\/parier-presidentielle.com\/ro\/wp-json\/wp\/v2\/users\/1"}],"replies":[{"embeddable":true,"href":"https:\/\/parier-presidentielle.com\/ro\/wp-json\/wp\/v2\/comments?post=30"}],"version-history":[{"count":16,"href":"https:\/\/parier-presidentielle.com\/ro\/wp-json\/wp\/v2\/pages\/30\/revisions"}],"predecessor-version":[{"id":1649,"href":"https:\/\/parier-presidentielle.com\/ro\/wp-json\/wp\/v2\/pages\/30\/revisions\/1649"}],"wp:attachment":[{"href":"https:\/\/parier-presidentielle.com\/ro\/wp-json\/wp\/v2\/media?parent=30"}],"curies":[{"name":"wp","href":"https:\/\/api.w.org\/{rel}","templated":true}]}}