{"id":31,"date":"2021-09-06T22:20:59","date_gmt":"2021-09-06T20:20:59","guid":{"rendered":"https:\/\/parier-presidentielle.com\/?page_id=31"},"modified":"2022-04-26T15:43:52","modified_gmt":"2022-04-26T13:43:52","slug":"macron-election","status":"publish","type":"page","link":"https:\/\/parier-presidentielle.com\/ro\/macron-elegere\/","title":{"rendered":"Paria\u021bi pe alegerea lui Emmanuel Macron"},"content":{"rendered":"<div class=\"wp-block-columns is-layout-flex wp-container-4 wp-block-columns-is-layout-flex\">\n<div class=\"wp-block-column is-layout-flow wp-block-column-is-layout-flow\" style=\"flex-basis:100%\">\n<div class=\"wp-block-columns is-layout-flex wp-container-2 wp-block-columns-is-layout-flex\">\n<div class=\"wp-block-column is-layout-flow wp-block-column-is-layout-flow\" style=\"flex-basis:100%\">\n<center><script type=\"text\/javascript\" charset=\"utf-8\" src=\"https:\/\/www.gambling-affiliation.com\/cpm\/v=AmIMTDSs92QY6b0MzDMvM5laCjJ-ZlA-1oQ-7tKsi.w_GA7331V2\"><\/script><\/center>\n\n\n\n<p><\/p>\n\n\n\n<div class=\"wp-block-image is-style-default\"><figure class=\"aligncenter size-medium\"><a href=\"https:\/\/parier-presidentielle.com\/ro\/recommends\/unibet-logo\/\" target=\"_blank\" rel=\"no follow noopener\"><img decoding=\"async\" loading=\"lazy\" width=\"300\" height=\"169\" src=\"https:\/\/parier-presidentielle.com\/wp-content\/uploads\/2022\/04\/unibet-300x169.jpg\" alt=\"\" class=\"wp-image-1252\" srcset=\"https:\/\/parier-presidentielle.com\/wp-content\/uploads\/2022\/04\/unibet-300x169.jpg 300w, https:\/\/parier-presidentielle.com\/wp-content\/uploads\/2022\/04\/unibet-1024x576.jpg 1024w, https:\/\/parier-presidentielle.com\/wp-content\/uploads\/2022\/04\/unibet-768x432.jpg 768w, https:\/\/parier-presidentielle.com\/wp-content\/uploads\/2022\/04\/unibet-18x10.jpg 18w, https:\/\/parier-presidentielle.com\/wp-content\/uploads\/2022\/04\/unibet.jpg 1280w\" sizes=\"(max-width: 300px) 100vw, 300px\" \/><\/a><\/figure><\/div>\n<\/div>\n<\/div>\n<\/div>\n<\/div>\n\n\n\n<h2 class=\"wp-block-heading\"><span id=\"cote-et-pronostics-pour-le-candidat-emmanuel-macron-paris-en-ligne-sur-la-politique-et-le-futur-president-de-la-france-de-2022\">Cote \u0219i previziuni pentru candidatul Emmanuel Macron:<br>Pariuri online pe politic\u0103 \u0219i viitorul pre\u0219edinte al Fran\u021bei \u00een 2022<br><\/span><\/h2>\n\n\n\n<div class=\"wp-block-image wp-duotone-000097-ff4747-5\"><figure class=\"aligncenter size-full is-resized\"><img decoding=\"async\" loading=\"lazy\" src=\"https:\/\/parier-presidentielle.com\/wp-content\/uploads\/2021\/09\/6TNLTJIHZ5EAXMULO2IZVXGGGA.jpg\" alt=\"Candidatul Emmanuel Macron\" class=\"wp-image-388\" width=\"456\" height=\"284\" srcset=\"https:\/\/parier-presidentielle.com\/wp-content\/uploads\/2021\/09\/6TNLTJIHZ5EAXMULO2IZVXGGGA.jpg 932w, https:\/\/parier-presidentielle.com\/wp-content\/uploads\/2021\/09\/6TNLTJIHZ5EAXMULO2IZVXGGGA-300x187.jpg 300w, https:\/\/parier-presidentielle.com\/wp-content\/uploads\/2021\/09\/6TNLTJIHZ5EAXMULO2IZVXGGGA-768x480.jpg 768w\" sizes=\"(max-width: 456px) 100vw, 456px\" \/><\/figure><\/div>\n\n\n\n<h3 class=\"wp-block-heading\" id=\"comment-realiser-son-1-pari-avec-bwin-c\"><span id=\"comment-realiser-son-1er-pari-sur-macron-avec-unibet\">Cum s\u0103 faci primul pariu pe Macron cu Unibet?<\/span><\/h3>\n\n\n\n<p id=\"comment-realiser-son-1-pari-avec-bwin-c\">A\u0219a cum po\u021bi paria pe victoria echipei tale favorite de fotbal, este posibil s\u0103 pariezi pe c\u00e2\u0219tig\u0103torul cursei c\u0103tre Elys\u00e9e, este rapid \u0219i u\u0219or!<\/p>\n\n\n\n<ol><li>Alege\u021bi candidatul pe care dori\u021bi s\u0103 paria\u021bi:<br> \u00een exemplul nostru este Emmanuel Macron!<br><\/li><li>Indica\u021bi miza pe care dori\u021bi s\u0103 o paria\u021bi:<br>100\u20ac \u00een simularea noastr\u0103<br><\/li><li>\u0218i acum, s-a terminat!<br>\u00cen captura noastr\u0103 de ecran, Cota fiind 1,14 \u0219i miza de 100 \u20ac \u00een caz de victorie c\u00e2\u0219tigi 114 \u20ac!<\/li><\/ol>\n\n\n\n<p><\/p>\n\n\n\n<div class=\"wp-block-image\"><figure class=\"aligncenter size-large is-resized\"><img decoding=\"async\" loading=\"lazy\" src=\"https:\/\/parier-presidentielle.com\/wp-content\/uploads\/2022\/04\/unibet-parier-cote-macron-2022-1024x606.jpg\" alt=\"\" class=\"wp-image-1521\" width=\"768\" height=\"455\" srcset=\"https:\/\/parier-presidentielle.com\/wp-content\/uploads\/2022\/04\/unibet-parier-cote-macron-2022-1024x606.jpg 1024w, https:\/\/parier-presidentielle.com\/wp-content\/uploads\/2022\/04\/unibet-parier-cote-macron-2022-300x178.jpg 300w, https:\/\/parier-presidentielle.com\/wp-content\/uploads\/2022\/04\/unibet-parier-cote-macron-2022-768x455.jpg 768w, https:\/\/parier-presidentielle.com\/wp-content\/uploads\/2022\/04\/unibet-parier-cote-macron-2022-18x12.jpg 18w, https:\/\/parier-presidentielle.com\/wp-content\/uploads\/2022\/04\/unibet-parier-cote-macron-2022.jpg 1247w\" sizes=\"(max-width: 768px) 100vw, 768px\" \/><\/figure><\/div>\n\n\n\n<p class=\"has-text-align-center unibet\" style=\"font-size:25px\"><mark style=\"background-color:rgba(0, 0, 0, 0);color:#0d7a12\" class=\"has-inline-color\"><strong><a href=\"https:\/\/parier-presidentielle.com\/ro\/recommends\/unibet-text\/\">Bonus de 100 EUR oferit cu Unibet <br>Pentru primul pariu online: Click aici<\/a><\/strong><\/mark><\/p>\n\n\n\n<h2 class=\"wp-block-heading\"><span id=\"pourquoi-parier-avec-les-bookmakers-unibet-bwin-betclic-sur-la-victoire-du-candidat-emmanuel-macron-pour-le-second-tour\">De ce s\u0103 pariezi cu casele de pariuri: Unibet, Bwin, Betclic pe victoria candidatului Emmanuel Macron pentru turul doi?<\/span><\/h2>\n\n\n\n<p><strong>Nu rata\u021bi \u0219ansa, alegerile se vor decide cu c\u00e2teva puncte \u0219i pute\u021bi profita de ea pentru a c\u00e2\u0219tiga mul\u021bi bani!<\/strong><\/p>\n\n\n\n<p>Cuvinte cheie ale paginii: <br><br><br> \u201eRipoliner la fa\u00e7ade\u201d, \u201eFinito\u201d \u0219i \u201eC\u2019est pas G\u00e9rard Majax\u201d o dezbatere \u00eentre dou\u0103 ture cu expresii noi,)<\/p>\n\n\n\n<p>Cotele privind cine va c\u00e2\u0219tiga alegerile preziden\u021biale din 2022 dezv\u0103luie o curs\u0103 foarte str\u00e2ns\u0103 \u00eentre Emmanuel Macron \u0219i Marine Le Pen, v\u0103 recomand\u0103m s\u0103 paria\u021bi pe actualul pre\u0219edinte!<br>Vestea bun\u0103 este c\u0103, chiar dac\u0103 pariezi Marine le Pen \u0219i \u00ee\u021bi asumi mai mult risc pentru a beneficia de cote mai bune, casa de pariuri unibet \u00ee\u021bi va rambursa primul pariu!<\/p>\n\n\n\n<p><\/p>\n\n\n\n<p>Alegeri preziden\u021biale: site-urile de pariuri ofer\u0103 cote bune pe Marine Le Pen.<\/p>\n\n\n\n<p>Compararea cotelor caselor de pariuri arat\u0103 c\u0103 concuren\u021ba este str\u00e2ns\u0103 \u00eentre Emmanuel Macron \u0219i Marine Le Pen. Prin urmare, v\u0103 pute\u021bi face pronosticuri pari\u00e2nd online pe Bwin, Unibet sau Betclic, printre alte case de pariuri, selec\u021bia noastr\u0103 pentru a g\u0103si toate cele mai bune site-uri de pariuri pentru pariuri pe sport \u0219i politic\u0103.<\/p>\n\n\n\n<h2 class=\"wp-block-heading\"><span id=\"emmanuel-macron-son-histoire-pour-mieux-parier-avant-le-second-tour-face-a-marine-le-pen\">Emmanuel Macron povestea lui pentru a paria mai bine \u00eenainte de turul doi \u00eempotriva lui Marine Le Pen<\/span><\/h2>\n\n\n\n<p><\/p>\n\n\n\n<p>Emmanuel Jean-Michel Fr\u00e9d\u00e9ric Macron (francez\u0103: ; n\u0103scut la 21 decembrie 1977) este un politician francez care este pre\u0219edintele Fran\u021bei din 14 mai 2017.<\/p>\n\n\n\n<p>N\u0103scut la Amiens, Macron a studiat filozofia la Universitatea Paris Nanterre, a ob\u021binut ulterior un master \u00een afaceri publice la Sciences Po \u0219i a absolvit \u00c9cole nationale d&#039;administration \u00een 2004. A lucrat ca func\u021bionar public superior la Inspectoratul General de Finan\u021be, apoi a devenit un bancher de investi\u021bii la Rothschild &amp; Co.<\/p>\n\n\n\n<p>Macron a fost numit secretar general adjunct de c\u0103tre pre\u0219edintele Fran\u00e7ois Hollande la scurt timp dup\u0103 alegerea sa \u00een mai 2012, f\u0103c\u00e2ndu-l pe Macron unul dintre principalii consilieri ai lui Hollande. El a fost apoi numit \u00een cabinetul francez ca ministru al Economiei, Industriei \u0219i Afacerilor Digitale \u00een august 2014 de c\u0103tre prim-ministrul Manuel Valls. \u00cen acest rol, Macron a sus\u021binut o serie de reforme favorabile afacerilor. A demisionat din cabinet \u00een august 2016, lans\u00e2nd o campanie pentru alegerile preziden\u021biale din Fran\u021ba din 2017. De\u0219i Macron a fost membru al Partidului Socialist din 2006 p\u00e2n\u0103 \u00een 2009, a candidat pentru o func\u021bie sub steagul La R\u00e9publique en marche !, un centrist \u0219i mi\u0219care politic\u0103 pro-european\u0103 pe care a fondat-o \u00een aprilie 2016.<\/p>\n\n\n\n<p>Par\u021bial datorit\u0103 afacerii Fillon, Macron a ie\u0219it pe primul loc \u00een primul tur \u0219i a fost ales pre\u0219edinte al Fran\u021bei pe 7 mai 2017 cu 66,1% din voturi \u00een turul doi, \u00eenving\u00e2ndu-l pe Marine Le Pen. La 39 de ani, Macron a devenit cel mai t\u00e2n\u0103r pre\u0219edinte din istoria Fran\u021bei. El l-a numit pe \u00c9douard Philippe prim-ministru, iar la alegerile legislative din Fran\u021ba din 2017, o lun\u0103 mai t\u00e2rziu, partidul lui Macron, redenumit La R\u00e9publique en Marche (LREM), a c\u00e2\u0219tigat majoritatea \u00een Adunarea Na\u021bional\u0103. \u00cen timpul pre\u0219edin\u021biei sale, Macron a supravegheat mai multe reforme ale legisla\u021biei muncii \u0219i fiscale. Opozi\u021bia fa\u021b\u0103 de reformele sale, \u00een special o tax\u0103 propus\u0103 pe combustibil, a culminat cu protestele vestelor galbene din 2018 \u0219i alte demonstra\u021bii. \u00cen 2020, l-a numit pe Jean Castex prim-ministru \u00een urma demisiei lui Philippe. \u00cencep\u00e2nd cu 2020, el conduce r\u0103spunsul continuu al Fran\u021bei la pandemia COVID-19 \u0219i lansarea vaccin\u0103rii.<br><\/p>\n\n\n\n<h2 class=\"wp-block-heading\"><span id=\"i\"><br><\/span><\/h2>\n\n\n\n<p class=\"has-text-align-center unibet\" style=\"font-size:25px\"><mark style=\"background-color:rgba(0, 0, 0, 0);color:#0d7a12\" class=\"has-inline-color\"><strong><a href=\"https:\/\/parier-presidentielle.com\/ro\/recommends\/unibet\/\">Bonus de 150 EUR oferit cu Unibet<br>Pentru primul pariu politic sau sportiv: Face\u021bi clic aici<\/a><\/strong><\/mark><\/p>\n\n\n\n<p><\/p>\n\n\n<div class=\"wp-block-image\">\n<figure class=\"aligncenter is-resized wp-duotone-000097-ff4747-6\"><img decoding=\"async\" loading=\"lazy\" src=\"https:\/\/parier-presidentielle.com\/wp-content\/uploads\/2021\/09\/election-standard-scale-4_00x-gigapixel-1024x623.jpg\" alt=\"Alegeri 2022\" style=\"width:256px;height:156px\" width=\"256\" height=\"156\"\/><\/figure><\/div>\n\n\n<p><br><\/p>\n\n\n\n<p><strong>Parier-presiden\u0163ial v\u0103 ajut\u0103 s\u0103 alege\u0163i \u00eentre diferite<a href=\"https:\/\/parier-presidentielle.com\/ro\/\"> Casele de pariuri Bwin, Unibet, Betclic vor paria pe viitorul pre\u0219edinte american \u00een 2024<\/a> : <\/strong><br><a href=\"https:\/\/parier-presidentielle.com\/ro\/unibet-politica-elegeri-2022\/\">Casa de pariuri preziden\u021bial\u0103 Unibet<\/a> : Ghid detaliat \u0219i gratuit pentru a face primul pariu online cu toate cotele \u0219i cum s\u0103 profita\u021bi de Bonusul oferit!<\/p>\n\n\n\n<p>Ca \u0219i alte site-uri online din Paris: <a href=\"https:\/\/parier-presidentielle.com\/ro\/unibet-politica-elegeri-2022\/\">Bwin<\/a>, <a href=\"https:\/\/parier-presidentielle.com\/ro\/netbet-paris-politica-alegeri-2022\/\">NetBet<\/a>, <a href=\"https:\/\/parier-presidentielle.com\/ro\/betclic-presidential-2022\/\">Betclic<\/a>, <a href=\"https:\/\/parier-presidentielle.com\/ro\/winamax-politica-alegeri-2022\/\">Winamax<\/a>, Parions Sport, Zebet, Betway, France-Pari, Vbet, Cloudbet, 1Xbit, 1xbet, Betfair, Betwinner \u2026<\/p>\n\n\n\n<div class=\"wp-block-columns is-layout-flex wp-container-11 wp-block-columns-is-layout-flex\">\n<div class=\"wp-block-column is-layout-flow wp-block-column-is-layout-flow\" style=\"flex-basis:33.33%\">\n<p>Tocmai a\u021bi citit dosarul nostru:<\/p>\n<\/div>\n\n\n\n<div class=\"wp-block-column is-layout-flow wp-block-column-is-layout-flow\" style=\"flex-basis:33.33%\">\n<div class=\"wp-block-group is-layout-flow wp-block-group-is-layout-flow\"><div class=\"wp-block-group__inner-container\"><h4 class=\"has-text-align-center wp-block-post-title\"><span id=\"parier-sur-l8217election-d8217emmanuel-macron\"><a href=\"https:\/\/parier-presidentielle.com\/ro\/macron-elegere\/\" target=\"_self\" >Paria\u021bi pe alegerea lui Emmanuel Macron<\/a><\/span><\/h4><\/div><\/div>\n<\/div>\n\n\n\n<div class=\"wp-block-column is-layout-flow wp-block-column-is-layout-flow\" style=\"flex-basis:33.33%\">\n<p class=\"has-text-align-right\">Continua\u021bi s\u0103 citi\u021bi cu celelalte fi\u0219iere exclusive ale noastre,<\/p>\n<\/div>\n<\/div>\n\n\n\n<h3 class=\"wp-block-heading\" id=\"tous-les-pronostics-sondage-et-cotes-pour-parier-sur-le-futur-vainqueur-de-l-election-presidentielle-2022\"><span id=\"tous-les-pronostics-sondage-et-cotes-pour-parier-sur-le-futur-vainqueur-de-l8217election-presidentielle-2024\">Toate predic\u021biile, sondajele \u0219i cotele pentru a paria pe viitorul c\u00e2\u0219tig\u0103tor al alegerilor preziden\u021biale din 2024:<\/span><\/h3>\n\n\n\n<ul>\n<li><a href=\"https:\/\/parier-presidentielle.com\/ro\/macron-elegere\/\">Paria\u021bi pe Emmanuel Macron cu Unibet, Betclic, Bwin<\/a> : Favoritul \u00een sondaje \u0219i predic\u021bii <\/li>\n\n\n\n<li><a href=\"https:\/\/parier-presidentielle.com\/ro\/marine-le-pen-election\/\">Marine Le Pen: Cotele ei \u0219i cum s\u0103 pariezi cu casele de pariuri<\/a>: Provocatorul conform Unibet<\/li>\n<\/ul>\n\n\n\n<p><\/p>\n\n\n\n<center><script type=\"text\/javascript\" charset=\"utf-8\" src=\"https:\/\/www.gambling-affiliation.com\/cpm\/v=AmIMTDSs92QY6b0MzDMvM5laCjJ-ZlA-1oQ-7tKsi.w_GA7331V2\"><\/script><\/center>\n\n\n\n<h3 class=\"wp-block-heading\"><span id=\"donald-trump-vs-joe-biden-la-video-qui-lance-les-paris-en-ligne-sur-l8217election-politique-de-2024\">Donald Trump vs Joe Biden: videoclipul care lanseaz\u0103 pariuri online la alegerile politice din 2024<\/span><\/h3>\n\n\n\n<figure class=\"wp-block-embed is-type-video is-provider-youtube wp-block-embed-youtube wp-embed-aspect-16-9 wp-has-aspect-ratio\"><div class=\"wp-block-embed__wrapper\">\n<iframe loading=\"lazy\" title=\"Fostul pre\u0219edinte Donald Trump lanseaz\u0103 oferta #Short pentru 2024 la Casa Alb\u0103\" width=\"640\" height=\"360\" src=\"https:\/\/www.youtube.com\/embed\/hZykPRVe4Ag?feature=oembed\" frameborder=\"0\" allow=\"accelerometer; autoplay; clipboard-write; encrypted-media; gyroscope; picture-in-picture; web-share\" allowfullscreen><\/iframe>\n<\/div><\/figure>\n\n\n<div class=\"wp-block-image\">\n<figure class=\"aligncenter size-medium\"><a href=\"https:\/\/parier-presidentielle.com\/ro\/recommends\/unibet\/\" target=\"_blank\" rel=\"noopener\"><img decoding=\"async\" loading=\"lazy\" width=\"300\" height=\"169\" src=\"https:\/\/parier-presidentielle.com\/wp-content\/uploads\/2022\/04\/unibet-300x169.jpg\" alt=\"\" class=\"wp-image-1252\" srcset=\"https:\/\/parier-presidentielle.com\/wp-content\/uploads\/2022\/04\/unibet-300x169.jpg 300w, https:\/\/parier-presidentielle.com\/wp-content\/uploads\/2022\/04\/unibet-1024x576.jpg 1024w, https:\/\/parier-presidentielle.com\/wp-content\/uploads\/2022\/04\/unibet-768x432.jpg 768w, https:\/\/parier-presidentielle.com\/wp-content\/uploads\/2022\/04\/unibet-18x10.jpg 18w, https:\/\/parier-presidentielle.com\/wp-content\/uploads\/2022\/04\/unibet.jpg 1280w\" sizes=\"(max-width: 300px) 100vw, 300px\" \/><\/a><\/figure><\/div>\n\n\n<p>G\u0103si\u021bi Wiki, \u0219tirile politice esen\u021biale despre Cannabis \u0219i derivatele sale legale: <strong>HHC, H4cbd, Thcp, Thcv, HSD, HHCPO, C4B<\/strong><\/p>\n\n\n\n<p>Cuvinte cheie ale paginii: <br><br><br>#Macron2022, Paris Emanuel Macron, Casa de pariuri 2022,   <br>C\u00e2\u0219tig\u0103tor al alegerilor franceze, sondaj \u0219i rating sportiv de macron mcfly \u0219i carlito, \u201eRipoliner la fa\u00e7ade\u201d, \u201eFinito\u201d \u0219i \u201eC&#039;est pas G\u00e9rard Majax\u201d o dezbatere \u00eentre dou\u0103 runde cu expresii noi,)<\/p>\n<div id=\"toc_container\" class=\"no_bullets\"><p class=\"toc_title\">Cuprins<\/p><ul class=\"toc_list\"><li><ul><li><\/li><\/ul><\/li><li><\/li><li><\/li><li><ul><li><ul><li><\/li><\/ul><\/li><li><\/li><li><\/li><\/ul><\/li><\/ul><\/div>","protected":false},"excerpt":{"rendered":"<p>Cote et pronostics pour le candidat Emmanuel Macron :Paris en ligne sur la politique et le futur pr\u00e9sident de la France de 2022 Comment r\u00e9aliser son 1er pari sur Macron avec Unibet? Tout comme vous pouvez parier sur la victoire de votre \u00e9quipe de foot pr\u00e9f\u00e9r\u00e9, il est possible de parier sur le vainqueur de &#8230;<\/p>","protected":false},"author":1,"featured_media":0,"parent":0,"menu_order":0,"comment_status":"closed","ping_status":"closed","template":"page-nosidebar.php","meta":{"footnotes":""},"yoast_head":"<!-- This site is optimized with the Yoast SEO Premium plugin v21.0 (Yoast SEO v21.0) - https:\/\/yoast.com\/wordpress\/plugins\/seo\/ -->\n<title>Parier sur l&#039;\u00e9lection d&#039;Emmanuel Macron - Finale Coupe du Monde FIFA<\/title>\n<meta name=\"description\" content=\"Pariez sur Emmanuel Macron pour l&#039;\u00c9lection 2022 : Cliquez Ici et Gagnez Gros! Pronostics ,Comparaison des Bookmakers et des meilleurs Cotes.\" \/>\n<meta name=\"robots\" content=\"index, follow, max-snippet:-1, max-image-preview:large, max-video-preview:-1\" \/>\n<link rel=\"canonical\" href=\"https:\/\/parier-presidentielle.com\/ro\/macron-elegere\/\" \/>\n<meta property=\"og:locale\" content=\"ro_RO\" \/>\n<meta property=\"og:type\" content=\"article\" \/>\n<meta property=\"og:title\" content=\"Parier sur l&#039;\u00e9lection d&#039;Emmanuel Macron\" \/>\n<meta property=\"og:description\" content=\"Pariez sur Emmanuel Macron pour l&#039;\u00c9lection 2022 : Cliquez Ici et Gagnez Gros! Pronostics ,Comparaison des Bookmakers et des meilleurs Cotes.\" \/>\n<meta property=\"og:url\" content=\"https:\/\/parier-presidentielle.com\/ro\/macron-elegere\/\" \/>\n<meta property=\"og:site_name\" content=\"Parier Pr\u00e9sidentielle\" \/>\n<meta property=\"article:modified_time\" content=\"2022-04-26T13:43:52+00:00\" \/>\n<meta property=\"og:image\" content=\"https:\/\/parier-presidentielle.com\/wp-content\/uploads\/2021\/09\/6TNLTJIHZ5EAXMULO2IZVXGGGA.jpg\" \/>\n<meta name=\"twitter:card\" content=\"summary_large_image\" \/>\n<meta name=\"twitter:label1\" content=\"Est. reading time\" \/>\n\t<meta name=\"twitter:data1\" content=\"5 minute\" \/>\n<script type=\"application\/ld+json\" class=\"yoast-schema-graph\">{\"@context\":\"https:\/\/schema.org\",\"@graph\":[{\"@type\":\"WebPage\",\"@id\":\"https:\/\/parier-presidentielle.com\/macron-election\/\",\"url\":\"https:\/\/parier-presidentielle.com\/macron-election\/\",\"name\":\"Parier sur l'\u00e9lection d'Emmanuel Macron - Finale Coupe du Monde FIFA\",\"isPartOf\":{\"@id\":\"https:\/\/parier-presidentielle.com\/#website\"},\"datePublished\":\"2021-09-06T20:20:59+00:00\",\"dateModified\":\"2022-04-26T13:43:52+00:00\",\"description\":\"Pariez sur Emmanuel Macron pour l'\u00c9lection 2022 : Cliquez Ici et Gagnez Gros! Pronostics ,Comparaison des Bookmakers et des meilleurs Cotes.\",\"breadcrumb\":{\"@id\":\"https:\/\/parier-presidentielle.com\/macron-election\/#breadcrumb\"},\"inLanguage\":\"ro-RO\",\"potentialAction\":[{\"@type\":\"ReadAction\",\"target\":[\"https:\/\/parier-presidentielle.com\/macron-election\/\"]}]},{\"@type\":\"BreadcrumbList\",\"@id\":\"https:\/\/parier-presidentielle.com\/macron-election\/#breadcrumb\",\"itemListElement\":[{\"@type\":\"ListItem\",\"position\":1,\"name\":\"Accueil\",\"item\":\"https:\/\/parier-presidentielle.com\/\"},{\"@type\":\"ListItem\",\"position\":2,\"name\":\"Parier sur l&#8217;\u00e9lection d&#8217;Emmanuel Macron\"}]},{\"@type\":\"WebSite\",\"@id\":\"https:\/\/parier-presidentielle.com\/#website\",\"url\":\"https:\/\/parier-presidentielle.com\/\",\"name\":\"Parier Pr\u00e9sidentielle\",\"description\":\"Paris, Pronostics, Wiki sur la Politique, les Elections Am\u00e9ricaines: Joe Biden, Donald Trump avec les Bookmakers en ligne Unibet, Bwin, Betclic, Winamax\",\"potentialAction\":[{\"@type\":\"SearchAction\",\"target\":{\"@type\":\"EntryPoint\",\"urlTemplate\":\"https:\/\/parier-presidentielle.com\/?s={search_term_string}\"},\"query-input\":\"required name=search_term_string\"}],\"inLanguage\":\"ro-RO\"}]}<\/script>\n<!-- \/ Yoast SEO Premium plugin. -->","yoast_head_json":{"title":"Parier sur l'\u00e9lection d'Emmanuel Macron - Finale Coupe du Monde FIFA","description":"Pariez sur Emmanuel Macron pour l'\u00c9lection 2022 : Cliquez Ici et Gagnez Gros! Pronostics ,Comparaison des Bookmakers et des meilleurs Cotes.","robots":{"index":"index","follow":"follow","max-snippet":"max-snippet:-1","max-image-preview":"max-image-preview:large","max-video-preview":"max-video-preview:-1"},"canonical":"https:\/\/parier-presidentielle.com\/ro\/macron-elegere\/","og_locale":"ro_RO","og_type":"article","og_title":"Parier sur l'\u00e9lection d'Emmanuel Macron","og_description":"Pariez sur Emmanuel Macron pour l'\u00c9lection 2022 : Cliquez Ici et Gagnez Gros! Pronostics ,Comparaison des Bookmakers et des meilleurs Cotes.","og_url":"https:\/\/parier-presidentielle.com\/ro\/macron-elegere\/","og_site_name":"Parier Pr\u00e9sidentielle","article_modified_time":"2022-04-26T13:43:52+00:00","og_image":[{"url":"https:\/\/parier-presidentielle.com\/wp-content\/uploads\/2021\/09\/6TNLTJIHZ5EAXMULO2IZVXGGGA.jpg"}],"twitter_card":"summary_large_image","twitter_misc":{"Est. reading time":"5 minute"},"schema":{"@context":"https:\/\/schema.org","@graph":[{"@type":"WebPage","@id":"https:\/\/parier-presidentielle.com\/macron-election\/","url":"https:\/\/parier-presidentielle.com\/macron-election\/","name":"Parier sur l'\u00e9lection d'Emmanuel Macron - Finale Coupe du Monde FIFA","isPartOf":{"@id":"https:\/\/parier-presidentielle.com\/#website"},"datePublished":"2021-09-06T20:20:59+00:00","dateModified":"2022-04-26T13:43:52+00:00","description":"Pariez sur Emmanuel Macron pour l'\u00c9lection 2022 : Cliquez Ici et Gagnez Gros! Pronostics ,Comparaison des Bookmakers et des meilleurs Cotes.","breadcrumb":{"@id":"https:\/\/parier-presidentielle.com\/macron-election\/#breadcrumb"},"inLanguage":"ro-RO","potentialAction":[{"@type":"ReadAction","target":["https:\/\/parier-presidentielle.com\/macron-election\/"]}]},{"@type":"BreadcrumbList","@id":"https:\/\/parier-presidentielle.com\/macron-election\/#breadcrumb","itemListElement":[{"@type":"ListItem","position":1,"name":"Accueil","item":"https:\/\/parier-presidentielle.com\/"},{"@type":"ListItem","position":2,"name":"Parier sur l&#8217;\u00e9lection d&#8217;Emmanuel Macron"}]},{"@type":"WebSite","@id":"https:\/\/parier-presidentielle.com\/#website","url":"https:\/\/parier-presidentielle.com\/","name":"Parier Pr\u00e9sidentielle","description":"Paris, Pronostics, Wiki sur la Politique, les Elections Am\u00e9ricaines: Joe Biden, Donald Trump avec les Bookmakers en ligne Unibet, Bwin, Betclic, Winamax","potentialAction":[{"@type":"SearchAction","target":{"@type":"EntryPoint","urlTemplate":"https:\/\/parier-presidentielle.com\/?s={search_term_string}"},"query-input":"required name=search_term_string"}],"inLanguage":"ro-RO"}]}},"_links":{"self":[{"href":"https:\/\/parier-presidentielle.com\/ro\/wp-json\/wp\/v2\/pages\/31"}],"collection":[{"href":"https:\/\/parier-presidentielle.com\/ro\/wp-json\/wp\/v2\/pages"}],"about":[{"href":"https:\/\/parier-presidentielle.com\/ro\/wp-json\/wp\/v2\/types\/page"}],"author":[{"embeddable":true,"href":"https:\/\/parier-presidentielle.com\/ro\/wp-json\/wp\/v2\/users\/1"}],"replies":[{"embeddable":true,"href":"https:\/\/parier-presidentielle.com\/ro\/wp-json\/wp\/v2\/comments?post=31"}],"version-history":[{"count":15,"href":"https:\/\/parier-presidentielle.com\/ro\/wp-json\/wp\/v2\/pages\/31\/revisions"}],"predecessor-version":[{"id":1532,"href":"https:\/\/parier-presidentielle.com\/ro\/wp-json\/wp\/v2\/pages\/31\/revisions\/1532"}],"wp:attachment":[{"href":"https:\/\/parier-presidentielle.com\/ro\/wp-json\/wp\/v2\/media?parent=31"}],"curies":[{"name":"wp","href":"https:\/\/api.w.org\/{rel}","templated":true}]}}