{"id":422,"date":"2022-01-11T22:54:26","date_gmt":"2022-01-11T21:54:26","guid":{"rendered":"https:\/\/parier-presidentielle.com\/?page_id=422"},"modified":"2022-04-24T09:32:12","modified_gmt":"2022-04-24T07:32:12","slug":"valerie-pecresse-election","status":"publish","type":"page","link":"https:\/\/parier-presidentielle.com\/ro\/valerie-pecresse-election\/","title":{"rendered":"Paria\u021bi pe alegerea lui Val\u00e9rie P\u00e9cresse"},"content":{"rendered":"<h2 class=\"wp-block-heading\"><span id=\"cote-et-pronostics-pour-la-candidate-ump-valerie-pecresse-paris-en-ligne-sur-la-politique-et-la-future-presidente-de-la-france-de-2022\">Cote \u0219i previziuni pentru candidata UMP Val\u00e9rie P\u00e9cresse:<br>Pariuri online pe politic\u0103 \u0219i viitorul pre\u0219edinte al Fran\u021bei \u00een 2022<br><br><\/span><\/h2>\n\n\n\n<div class=\"wp-block-image wp-duotone-000097-ff4747-1\"><figure class=\"aligncenter size-large is-resized\"><img decoding=\"async\" loading=\"lazy\" src=\"https:\/\/parier-presidentielle.com\/wp-content\/uploads\/2022\/01\/valerie-pecresse-1024x512.jpeg\" alt=\"Valerie Pecresse\" class=\"wp-image-427\" width=\"526\" height=\"262\" srcset=\"https:\/\/parier-presidentielle.com\/wp-content\/uploads\/2022\/01\/valerie-pecresse-1024x512.jpeg 1024w, https:\/\/parier-presidentielle.com\/wp-content\/uploads\/2022\/01\/valerie-pecresse-300x150.jpeg 300w, https:\/\/parier-presidentielle.com\/wp-content\/uploads\/2022\/01\/valerie-pecresse-768x384.jpeg 768w, https:\/\/parier-presidentielle.com\/wp-content\/uploads\/2022\/01\/valerie-pecresse.jpeg 1440w\" sizes=\"(max-width: 526px) 100vw, 526px\" \/><\/figure><\/div>\n\n\n\n<p><br>Alegerile preziden\u021biale din 2022 sunt deja \u00een centrul aten\u021biei. Acesta va fi un test pentru \u201enoua normalitate\u201d. Francezii nu au avut \u00eenc\u0103 ocazia s\u0103 voteze de la \u00eenceputul crizei de s\u0103n\u0103tate. Ei vor trebui s\u0103 se adapteze noilor moduri de vot, de la distan\u021b\u0103 \u0219i cu m\u0103\u0219ti. Alegerile preziden\u021biale sunt \u00eentotdeauna un eveniment major \u00een Fran\u021ba, a\u0219a c\u0103 este important s\u0103 urm\u0103ri\u021bi sondajele \u0219i s\u0103 paria\u021bi pe candidatul care are cele mai multe \u0219anse s\u0103-l succed\u0103 lui Macron.<\/p>\n\n\n\n<p>Anul acesta, mul\u021bi candida\u021bi sunt pe linia de start. Unele sunt mai cunoscute dec\u00e2t altele. Pariul pe Val\u00e9rie P\u00e9cresse, de exemplu, este un pariu sigur pentru c\u0103 ea este de mult\u0103 vreme \u00een politic\u0103 \u0219i are sus\u021bin\u0103torii ei. A fost primar al ora\u0219ului Versailles din 2002 p\u00e2n\u0103 \u00een 2016, apoi pre\u0219edinte al \u00cele-de-France p\u00e2n\u0103 \u00een 2020.<\/p>\n\n\n\n<p>Preziden\u021bial 2022: notele \u0219i previziunile lui Val\u00e9rie P\u00e9cresse<\/p>\n\n\n\n<p>Val\u00e9rie P\u00e9cresse a luat decizia de a candida la pre\u0219edin\u021bie dup\u0103 ce a fost membr\u0103 a mai multor partide politice de-a lungul carierei: UDF, UMP apoi Les R\u00e9publicains. Ea a f\u0103cut parte din guvernul lui Nicolas Sarkozy c\u00e2nd a devenit pre\u0219edinte al Fran\u021bei \u00een 2007. \u00cen 2017, l-a sus\u021binut deschis pe Emmanuel Macron \u00een timpul campaniei preziden\u021biale.<\/p>\n\n\n\n<h2 class=\"wp-block-heading\"><span id=\"biographie-de-valerie-pecresse-pour-bien-parier\"> <br>Biografia lui Val\u00e9rie P\u00e9cresse pentru un pariu bun!<\/span><\/h2>\n\n\n\n<p><\/p>\n\n\n\n<p><strong>Val\u00e9rie P\u00e9cresse<\/strong>\u00a0n\u0103scut\u0103 Val\u00e9rie Roux (Neuilly-sur-Seine, 14 iulie 1967) este un politician francez. \u00cen prezent este pre\u0219edinte al consiliului regional Ile de France.<\/p>\n\n\n\n<p>Pe 4 decembrie 2021, ea a fost aleas\u0103 candidat\u0103 la alegerile preziden\u021biale din Fran\u021ba din 2022 de c\u0103tre Partidul Republican, cu 61 de voturi % fa\u021b\u0103 de cele 39 de % ob\u021binute de Eric Ciotti \u00een turul doi al primarelor.<\/p>\n\n\n\n<h2 class=\"wp-block-heading\"><span id=\"biographie\">Biografie<\/span><\/h2>\n\n\n\n<p>Auditor la Consiliul de Stat din 1992, a fost consilier al lui Jacques Chirac \u0219i a predat timp de \u0219ase ani la Facultatea Institutului de Studii Politice din Paris. \u00cen timpul alegerilor legislative din 2002, a fost ales deputat pentru Yvelines \u0219i reales \u00een 2007 \u0219i 2012. Ministrul \u00cenv\u0103\u021b\u0103m\u00e2ntului Superior \u0219i Cercet\u0103rii din 2007 p\u00e2n\u0103 \u00een 2011, a condus reforma autonomiei universitare \u0219i a fost capul listei UMP la alegerile regionale din 2010 din regiunea Ile-de-France. Din 2011 p\u00e2n\u0103 \u00een 2012, a fost ministru al bugetului, conturilor publice \u0219i reformei statului \u0219i purt\u0103tor de cuv\u00e2nt al Guvernului. \u00cen decembrie 2014, a fost numit\u0103 coordonator al alegerilor regionale din 2015 \u0219i a fost \u0219ef de list\u0103 a partidului Les R\u00e9publicains pentru regiunea Ile-de-France, pe care a c\u00e2\u0219tigat-o \u00een turul doi \u00eempotriva candidatului socialist Claude Bartolone.<\/p>\n\n\n\n<p>A fost membru al Uniunii pentru o Mi\u0219care Popular\u0103 (UMP) din 2002 p\u00e2n\u0103 \u00een 2015 \u0219i al Republicanilor (LR) p\u00e2n\u0103 pe 5 iunie 2019, c\u00e2nd a anun\u021bat c\u0103 p\u0103r\u0103se\u0219te partidul dup\u0103 e\u0219ecul la alegerile europene. (8,51 voturi TP4T) \u0219i demisia lui Laurent Wauquiez. P\u00e9cresse \u0219i-a exprimat apoi dorin\u021ba de a \u201e&nbsp;&nbsp;<em>reconstrui\u021bi dreptul, amenin\u021bat cu dispari\u021bia<\/em>&nbsp;&quot;dar de&quot;&nbsp;<em>exteriorul<\/em>&nbsp;\u00bb, prin conducerea propriei sale&nbsp;<em>S\u0103 fim liberi de mi\u0219care<\/em>&nbsp;!.<\/p>\n\n\n\n<h3 class=\"wp-block-heading\"><span id=\"candidat-aux-elections-presidentielles-de-2022\">Candidat la alegerile preziden\u021biale din 2022<\/span><\/h3>\n\n\n\n<p>Pe 22 iulie 2021, Val\u00e9rie P\u00e9cresse \u0219i-a anun\u021bat candidatura pentru primarele de dreapta \u00een vederea alegerilor preziden\u021biale din 2022, declar\u00e2nd c\u0103 dore\u0219te \u201erestaureaz\u0103 m\u00e2ndria francez\u0103\u201d \u0219i \u201eaduce ordine \u00een Fran\u021ba\u201d. Candidat\u0103 la Congresul Republican cu scopul de a numi candidatul la pre\u0219edin\u021bie al partidului, ea \u0219i-a reluat legitima\u021bia de partid \u00een octombrie 2021. Pe 2 decembrie a ajuns pe locul doi \u00een primul tur al primarelor din Congres, cu 25 % din voturi, la mai pu\u021bin de un punct \u00een spatele lui Eric Ciotti (25,59 %). Dup\u0103 ce rezultatele primului tur au fost anun\u021bate \u00eenainte de cel de-al doilea tur, ea a primit sprijinul lui Xavier Bertrand, Michel Barnier \u0219i Philippe Juvin. alegeri de c\u0103tre Partidul Republican, cu 61% \u00eempotriva 39% produs de Eric Ciotti.<\/p>\n\n\n\n<h2 class=\"wp-block-heading\"><span id=\"positions-politiques\">Pozi\u021bii politice<\/span><\/h2>\n\n\n\n<p>Declar\u00e2ndu-se \u00een favoarea liberalismului economic, el a afirmat \u00een august 2021 c\u0103 este vorba de \u201edou\u0103 treimi Merkel, o treime Thatcher\u201d.<\/p>\n\n\n\n<p>Pe m\u0103sur\u0103 ce alegerile preziden\u021biale din 2022 se apropie, el a promis c\u0103 va reduce cheltuielile publice \u0219i impozitele prin patru reforme majore: eliminarea a 150.000 de locuri de munc\u0103 \u00een administra\u021bia public\u0103, trecerea la pensionare la 65 de ani, reducerea indemniza\u021biilor de \u0219omaj \u0219i separarea de stat. de la companii concurente la care este ac\u021bionar minoritar.<\/p>\n\n\n\n<p>Opus\u0103 legii privind c\u0103s\u0103toriile \u00eentre persoane de acela\u0219i sex \u00een Fran\u021ba, ea a participat la diferite demonstra\u021bii care se opun c\u0103s\u0103toriei \u00eentre persoane de acela\u0219i sex \u0219i parentalitatea \u00eentre persoane de acela\u0219i sex, \u00eentre 2012 \u0219i 2013, conduse \u00een special de La Manif pour tous. ARE<\/p>\n\n\n\n<p>\u00cen 2021, el a pledat pentru o abordare mai restrictiv\u0103 a problemei imigra\u021biei, numind-o \u201eo mare provocare pentru societate\u201d. \u00cen special, propune stabilirea de plafoane anuale maxime de imigrare \u0219i de condi\u021bii mai stricte pentru eliberarea unui permis de \u0219edere, cum ar fi s\u0103 dispun\u0103 de \u201eresurse suficiente\u201d (a c\u0103ror valoare ar cre\u0219te cu 25 %), \u201ecunoa\u0219tere a limbii franceze\u201d \u0219i \u201erespect pentru secularism \u0219i pentru valorile Republicii\u201d. \u00cen cele din urm\u0103, dori\u021bi s\u0103 exclude\u021bi din schemele de asisten\u021b\u0103 social\u0103 persoanele care au re\u0219edin\u021ba \u00een Fran\u021ba de mai pu\u021bin de cinci ani.<\/p>\n\n\n\n<p><\/p>\n\n\n\n<p><\/p>\n<div id=\"toc_container\" class=\"no_bullets\"><p class=\"toc_title\">Cuprins<\/p><ul class=\"toc_list\"><li><\/li><li><\/li><li><ul><li><\/li><\/ul><\/li><li><\/li><\/ul><\/div>","protected":false},"excerpt":{"rendered":"<p>Cote \u0219i previziuni pentru candidata UMP Val\u00e9rie P\u00e9cresse: Pariuri online pe politic\u0103 \u0219i viitorul pre\u0219edinte al Fran\u021bei \u00een 2022 Alegerile preziden\u021biale din 2022 sunt deja \u00een centrul aten\u021biei. Acesta va fi un test pentru \u201enoua normalitate\u201d. Francezii nu au avut \u00eenc\u0103 ocazia s\u0103 voteze de c\u00e2nd...<\/p>","protected":false},"author":1,"featured_media":0,"parent":0,"menu_order":0,"comment_status":"closed","ping_status":"closed","template":"page-nosidebar.php","meta":{"footnotes":""},"yoast_head":"<!-- This site is optimized with the Yoast SEO Premium plugin v21.0 (Yoast SEO v21.0) - https:\/\/yoast.com\/wordpress\/plugins\/seo\/ -->\n<title>Parier sur l\u2019\u00e9lection de Val\u00e9rie P\u00e9cresse - Finale Coupe du Monde FIFA<\/title>\n<meta name=\"description\" content=\"Pariez sur P\u00e9cresse pour l&#039;\u00e9lection 2022 : Cliquez Ici et Gagnez Gros! Pronostics ,Comparaison des Bookmakers et des meilleurs Cotes.\" \/>\n<meta name=\"robots\" content=\"index, follow, max-snippet:-1, max-image-preview:large, max-video-preview:-1\" \/>\n<link rel=\"canonical\" href=\"https:\/\/parier-presidentielle.com\/ro\/valerie-pecresse-election\/\" \/>\n<meta property=\"og:locale\" content=\"ro_RO\" \/>\n<meta property=\"og:type\" content=\"article\" \/>\n<meta property=\"og:title\" content=\"Parier sur l\u2019\u00e9lection de Val\u00e9rie P\u00e9cresse\" \/>\n<meta property=\"og:description\" content=\"Pariez sur P\u00e9cresse pour l&#039;\u00e9lection 2022 : Cliquez Ici et Gagnez Gros! Pronostics ,Comparaison des Bookmakers et des meilleurs Cotes.\" \/>\n<meta property=\"og:url\" content=\"https:\/\/parier-presidentielle.com\/ro\/valerie-pecresse-election\/\" \/>\n<meta property=\"og:site_name\" content=\"Parier Pr\u00e9sidentielle\" \/>\n<meta property=\"article:modified_time\" content=\"2022-04-24T07:32:12+00:00\" \/>\n<meta property=\"og:image\" content=\"https:\/\/parier-presidentielle.com\/wp-content\/uploads\/2022\/01\/valerie-pecresse-1024x512.jpeg\" \/>\n<meta name=\"twitter:card\" content=\"summary_large_image\" \/>\n<meta name=\"twitter:label1\" content=\"Est. reading time\" \/>\n\t<meta name=\"twitter:data1\" content=\"5 minute\" \/>\n<script type=\"application\/ld+json\" class=\"yoast-schema-graph\">{\"@context\":\"https:\/\/schema.org\",\"@graph\":[{\"@type\":\"WebPage\",\"@id\":\"https:\/\/parier-presidentielle.com\/valerie-pecresse-election\/\",\"url\":\"https:\/\/parier-presidentielle.com\/valerie-pecresse-election\/\",\"name\":\"Parier sur l\u2019\u00e9lection de Val\u00e9rie P\u00e9cresse - Finale Coupe du Monde FIFA\",\"isPartOf\":{\"@id\":\"https:\/\/parier-presidentielle.com\/#website\"},\"datePublished\":\"2022-01-11T21:54:26+00:00\",\"dateModified\":\"2022-04-24T07:32:12+00:00\",\"description\":\"Pariez sur P\u00e9cresse pour l'\u00e9lection 2022 : Cliquez Ici et Gagnez Gros! Pronostics ,Comparaison des Bookmakers et des meilleurs Cotes.\",\"breadcrumb\":{\"@id\":\"https:\/\/parier-presidentielle.com\/valerie-pecresse-election\/#breadcrumb\"},\"inLanguage\":\"ro-RO\",\"potentialAction\":[{\"@type\":\"ReadAction\",\"target\":[\"https:\/\/parier-presidentielle.com\/valerie-pecresse-election\/\"]}]},{\"@type\":\"BreadcrumbList\",\"@id\":\"https:\/\/parier-presidentielle.com\/valerie-pecresse-election\/#breadcrumb\",\"itemListElement\":[{\"@type\":\"ListItem\",\"position\":1,\"name\":\"Accueil\",\"item\":\"https:\/\/parier-presidentielle.com\/\"},{\"@type\":\"ListItem\",\"position\":2,\"name\":\"Parier sur l\u2019\u00e9lection de Val\u00e9rie P\u00e9cresse\"}]},{\"@type\":\"WebSite\",\"@id\":\"https:\/\/parier-presidentielle.com\/#website\",\"url\":\"https:\/\/parier-presidentielle.com\/\",\"name\":\"Parier Pr\u00e9sidentielle\",\"description\":\"Paris, Pronostics, Wiki sur la Politique, les Elections Am\u00e9ricaines: Joe Biden, Donald Trump avec les Bookmakers en ligne Unibet, Bwin, Betclic, Winamax\",\"potentialAction\":[{\"@type\":\"SearchAction\",\"target\":{\"@type\":\"EntryPoint\",\"urlTemplate\":\"https:\/\/parier-presidentielle.com\/?s={search_term_string}\"},\"query-input\":\"required name=search_term_string\"}],\"inLanguage\":\"ro-RO\"}]}<\/script>\n<!-- \/ Yoast SEO Premium plugin. -->","yoast_head_json":{"title":"Parier sur l\u2019\u00e9lection de Val\u00e9rie P\u00e9cresse - Finale Coupe du Monde FIFA","description":"Pariez sur P\u00e9cresse pour l'\u00e9lection 2022 : Cliquez Ici et Gagnez Gros! Pronostics ,Comparaison des Bookmakers et des meilleurs Cotes.","robots":{"index":"index","follow":"follow","max-snippet":"max-snippet:-1","max-image-preview":"max-image-preview:large","max-video-preview":"max-video-preview:-1"},"canonical":"https:\/\/parier-presidentielle.com\/ro\/valerie-pecresse-election\/","og_locale":"ro_RO","og_type":"article","og_title":"Parier sur l\u2019\u00e9lection de Val\u00e9rie P\u00e9cresse","og_description":"Pariez sur P\u00e9cresse pour l'\u00e9lection 2022 : Cliquez Ici et Gagnez Gros! Pronostics ,Comparaison des Bookmakers et des meilleurs Cotes.","og_url":"https:\/\/parier-presidentielle.com\/ro\/valerie-pecresse-election\/","og_site_name":"Parier Pr\u00e9sidentielle","article_modified_time":"2022-04-24T07:32:12+00:00","og_image":[{"url":"https:\/\/parier-presidentielle.com\/wp-content\/uploads\/2022\/01\/valerie-pecresse-1024x512.jpeg"}],"twitter_card":"summary_large_image","twitter_misc":{"Est. reading time":"5 minute"},"schema":{"@context":"https:\/\/schema.org","@graph":[{"@type":"WebPage","@id":"https:\/\/parier-presidentielle.com\/valerie-pecresse-election\/","url":"https:\/\/parier-presidentielle.com\/valerie-pecresse-election\/","name":"Parier sur l\u2019\u00e9lection de Val\u00e9rie P\u00e9cresse - Finale Coupe du Monde FIFA","isPartOf":{"@id":"https:\/\/parier-presidentielle.com\/#website"},"datePublished":"2022-01-11T21:54:26+00:00","dateModified":"2022-04-24T07:32:12+00:00","description":"Pariez sur P\u00e9cresse pour l'\u00e9lection 2022 : Cliquez Ici et Gagnez Gros! Pronostics ,Comparaison des Bookmakers et des meilleurs Cotes.","breadcrumb":{"@id":"https:\/\/parier-presidentielle.com\/valerie-pecresse-election\/#breadcrumb"},"inLanguage":"ro-RO","potentialAction":[{"@type":"ReadAction","target":["https:\/\/parier-presidentielle.com\/valerie-pecresse-election\/"]}]},{"@type":"BreadcrumbList","@id":"https:\/\/parier-presidentielle.com\/valerie-pecresse-election\/#breadcrumb","itemListElement":[{"@type":"ListItem","position":1,"name":"Accueil","item":"https:\/\/parier-presidentielle.com\/"},{"@type":"ListItem","position":2,"name":"Parier sur l\u2019\u00e9lection de Val\u00e9rie P\u00e9cresse"}]},{"@type":"WebSite","@id":"https:\/\/parier-presidentielle.com\/#website","url":"https:\/\/parier-presidentielle.com\/","name":"Parier Pr\u00e9sidentielle","description":"Paris, Pronostics, Wiki sur la Politique, les Elections Am\u00e9ricaines: Joe Biden, Donald Trump avec les Bookmakers en ligne Unibet, Bwin, Betclic, Winamax","potentialAction":[{"@type":"SearchAction","target":{"@type":"EntryPoint","urlTemplate":"https:\/\/parier-presidentielle.com\/?s={search_term_string}"},"query-input":"required name=search_term_string"}],"inLanguage":"ro-RO"}]}},"_links":{"self":[{"href":"https:\/\/parier-presidentielle.com\/ro\/wp-json\/wp\/v2\/pages\/422"}],"collection":[{"href":"https:\/\/parier-presidentielle.com\/ro\/wp-json\/wp\/v2\/pages"}],"about":[{"href":"https:\/\/parier-presidentielle.com\/ro\/wp-json\/wp\/v2\/types\/page"}],"author":[{"embeddable":true,"href":"https:\/\/parier-presidentielle.com\/ro\/wp-json\/wp\/v2\/users\/1"}],"replies":[{"embeddable":true,"href":"https:\/\/parier-presidentielle.com\/ro\/wp-json\/wp\/v2\/comments?post=422"}],"version-history":[{"count":7,"href":"https:\/\/parier-presidentielle.com\/ro\/wp-json\/wp\/v2\/pages\/422\/revisions"}],"predecessor-version":[{"id":1598,"href":"https:\/\/parier-presidentielle.com\/ro\/wp-json\/wp\/v2\/pages\/422\/revisions\/1598"}],"wp:attachment":[{"href":"https:\/\/parier-presidentielle.com\/ro\/wp-json\/wp\/v2\/media?parent=422"}],"curies":[{"name":"wp","href":"https:\/\/api.w.org\/{rel}","templated":true}]}}