{"id":525,"date":"2022-02-17T17:17:02","date_gmt":"2022-02-17T16:17:02","guid":{"rendered":"https:\/\/parier-presidentielle.com\/?page_id=525"},"modified":"2022-04-12T00:47:22","modified_gmt":"2022-04-11T22:47:22","slug":"1xbit-politique","status":"publish","type":"page","link":"https:\/\/parier-presidentielle.com\/ro\/1xbit-politica\/","title":{"rendered":"1xBit: Pentru a paria pe Politic\u0103 \u00een Bitcoin"},"content":{"rendered":"<h2 class=\"wp-block-heading\"><span id=\"1xbit-analyse-du-nouveaux-bookmaker-specialise-en-bitcoin\">1xbit: Analiza noii case de pariuri specializat\u0103 \u00een Bitcoin<\/span><\/h2>\n\n\n\n<p>1xBit este, de fapt, cel mai inovator site de pariuri sportive\/jocuri de pe scena interna\u021bional\u0103 <strong>este singurul care permite doar depuneri \u0219i retrageri prin criptomonede<\/strong>, este cu siguran\u021b\u0103 o noutate care a zguduit lumea jocurilor online. <br>Datorit\u0103 acestei metode de plat\u0103, platforma nu necesit\u0103 nicio licen\u021b\u0103 specific\u0103 pentru a func\u021biona pe pia\u021b\u0103, dar deoarece casa de pariuri este considerat\u0103 sigur\u0103 \u0219i securizat\u0103, deoarece face parte din grupul \u201e1X Corp NV\u201d. Proprietarul celui mai faimos site 1xBet cu licen\u021b\u0103 interna\u021bional\u0103 emis\u0103 de legea Curacao \u0219i mii de centre de pariuri din toat\u0103 Europa, \u00een plus, a dezvoltat \u0219i un spa\u021biu considerabil \u00een ultimii ani datorit\u0103 sponsoriz\u0103rii unor echipe de fotbal de talie mondial\u0103.<\/p>\n\n\n\n<div class=\"wp-block-image\"><figure class=\"aligncenter size-large is-resized\"><img decoding=\"async\" loading=\"lazy\" src=\"https:\/\/parier-presidentielle.com\/wp-content\/uploads\/2022\/04\/1xBit-pour-parier-sur-la-politique-en-bitcoin-1024x546.jpg\" alt=\"1xbit pentru a paria pe politica bitcoin\" class=\"wp-image-1223\" width=\"768\" height=\"410\" srcset=\"https:\/\/parier-presidentielle.com\/wp-content\/uploads\/2022\/04\/1xBit-pour-parier-sur-la-politique-en-bitcoin-1024x546.jpg 1024w, https:\/\/parier-presidentielle.com\/wp-content\/uploads\/2022\/04\/1xBit-pour-parier-sur-la-politique-en-bitcoin-300x160.jpg 300w, https:\/\/parier-presidentielle.com\/wp-content\/uploads\/2022\/04\/1xBit-pour-parier-sur-la-politique-en-bitcoin-768x410.jpg 768w, https:\/\/parier-presidentielle.com\/wp-content\/uploads\/2022\/04\/1xBit-pour-parier-sur-la-politique-en-bitcoin-1536x819.jpg 1536w, https:\/\/parier-presidentielle.com\/wp-content\/uploads\/2022\/04\/1xBit-pour-parier-sur-la-politique-en-bitcoin-2048x1092.jpg 2048w, https:\/\/parier-presidentielle.com\/wp-content\/uploads\/2022\/04\/1xBit-pour-parier-sur-la-politique-en-bitcoin-18x10.jpg 18w\" sizes=\"(max-width: 768px) 100vw, 768px\" \/><\/figure><\/div>\n\n\n\n<p>Revenind la 1xBit, putem spune c\u0103 atunci c\u00e2nd vine vorba de pariuri sportive, este o alegere a multor pariori, deoarece ofer\u0103 o gam\u0103 larg\u0103 de tipuri de pariuri cu cote mult peste medie \u0219i ofer\u0103, de asemenea, o sec\u021biune excelent\u0103 dedicat\u0103 evenimentelor live. Foarte u\u0219or de utilizat, chiar \u0219i cei care nu sunt foarte familiariza\u021bi cu sportul pot sim\u021bi emo\u021biile, datorit\u0103 serviciului s\u0103u de statistici actualizat constant, sugestiilor de jocuri de jucat \u0219i posibilit\u0103\u021bii de a discuta \u00een timp real cu al\u021bi juc\u0103tori, dac\u0103 sunt conecta\u021bi. la site. Toate aceste inova\u021bii \u00eel fac unul dintre cele mai bune site-uri de pariuri.1xBit \u00ee\u021bi permite, de asemenea, s\u0103 urm\u0103re\u0219ti multe evenimente live, trebuie doar s\u0103 ai bani \u00een contul t\u0103u de joc!<\/p>\n\n\n\n<h2 class=\"wp-block-heading\"><span id=\"comment-s8217inscrire-sur-1xbit-et-parier-sur-la-presidentielle\">Cum s\u0103 v\u0103 \u00eenregistra\u021bi pe 1xbit \u0219i s\u0103 paria\u021bi pe alegerile preziden\u021biale<\/span><\/h2>\n\n\n\n<p>O alt\u0103 caracteristic\u0103 nou\u0103 care va atrage cu siguran\u021b\u0103 pariorii este \u00eenregistrarea <strong>foarte rapid \u0219i complet anonim<\/strong> pe site, de fapt, doar \u00een criptomonede, f\u0103r\u0103 a trimite documente \u0219i date personale, ci doar un e-mail sau un num\u0103r de mobil\u2026 pentru a v\u0103 \u00eenregistra \u00een scurt timp, opera\u021biunea de depunere va fi complet anonim\u0103, respect\u00e2nd pe deplin confiden\u021bialitatea clientului.<\/p>\n\n\n\n<h2 class=\"wp-block-heading\"><span id=\"bonus-de-bienvenue\">Bonus de bun venit<\/span><\/h2>\n\n\n\n<p>La fel ca toate celelalte site-uri de pariuri, 1xBit ofer\u0103 un bonus de bun venit clien\u021bilor noi, p\u00e2n\u0103 la 100% de 7 BTC la prima depunere. Bonusul de bun venit oferit este valabil at\u00e2t pentru pariuri sportive, c\u00e2t \u0219i pentru Politics Casino. Pentru a profita din plin de aceast\u0103 promo\u021bie, v\u0103 recomand\u0103m s\u0103 citi\u021bi termenii \u0219i condi\u021biile acesteia dup\u0103 \u00eenregistrare.<\/p>\n\n\n\n<p>Iat\u0103 cele mai importante puncte explicate de echipa noastr\u0103:<\/p>\n\n\n\n<p><\/p>\n\n\n\n<p>Pentru a paria, pentru a ob\u021bine bonusul, pariul trebuie s\u0103 aib\u0103 cote de 1,60, f\u0103r\u0103 jocuri de cazinou \u0219i 1xbit, doar paria\u021bi orice sum\u0103.<\/p>\n\n\n\n<p><\/p>\n\n\n\n<p>Paria\u021bi pe politic\u0103 dar \u0219i pe Cazino: jocuri, slot machines etc.<\/p>\n\n\n\n<p>Calendarul sportiv nu se limiteaz\u0103 la lumea fotbalului, ci v\u0103 permite \u0219i s\u0103 paria\u021bi pe multe alte sporturi \u0219i are, de asemenea, o sec\u021biune dedicat\u0103 pariurilor virtuale \u0219i o sec\u021biune pentru sporturi, astfel \u00eenc\u00e2t s\u0103 pute\u021bi alege dintr-o lume larg\u0103 din Paris.<\/p>\n\n\n\n<p>Exist\u0103 \u0219i sec\u021biunea Casino, unde vei g\u0103si nenum\u0103rate jocuri, inclusiv sloturi fantastice, precum \u0219i jackpot-uri \u0219i bonusuri fantastice.<\/p>\n\n\n\n<p>\u00cen ceea ce prive\u0219te sec\u021biunea de pariuri sau sport, 1xbit ofer\u0103 platforme tradi\u021bionale (foarte asem\u0103n\u0103toare cu Melbet, 1xbet \u0219i 22Bet). Cu toate acestea, experien\u021ba de joc este foarte pl\u0103cut\u0103 \u0219i pute\u021bi g\u0103si lista de sporturi \u00een bara lateral\u0103 din centrul listei de jocuri cu cote \u0219i tipuri de pariuri.<\/p>\n\n\n\n<p><strong>Unul dintre punctele forte ale acestei case de pariuri este programul, faptul c\u0103 1xBit ofer\u0103 cote uria\u0219e,<\/strong> fie c\u0103 sunt turnee locale sau evenimente sportive interna\u021bionale, acestea nu sunt nici m\u0103car competitive, ci ridicate \u00een compara\u021bie cu competi\u021biile.<\/p>\n\n\n\n<p>Un alt punct men\u021bionat anterior este pagina 1xbit Sport, care ofer\u0103 op\u021biuni interesante precum:<\/p>\n\n\n\n<p>Evenimentele sau turneele de ast\u0103zi: 1xbit selecteaz\u0103 cele mai importante evenimente ale zilei \u0219i \u00ee\u0219i invit\u0103 clien\u021bii s\u0103 fac\u0103 pariuri, \u00een schimbul oferirii unei promo\u021bii diferite \u00een fiecare zi. (Miza minim\u0103 este de 2 Mbt).<\/p>\n\n\n\n<p>Paria\u021bi pe echipa na\u021bional\u0103: 1xbet v\u0103 folose\u0219te adresa IP pentru a v\u0103 ar\u0103ta sporturile din \u021bara dvs. sau echipa na\u021bional\u0103 pe pagina de pornire a tuturor sporturilor acceptate, cum ar fi fotbal, tenis, golf sau alte competi\u021bii.<\/p>\n\n\n\n<p>Paria\u021bi pe cele mai bune turnee: Aceast\u0103 op\u021biune este foarte util\u0103, afi\u0219eaz\u0103 \u00eentr-un singur clic cel mai bun meci de lig\u0103 al zilei cu cele mai mari cote.<\/p>\n\n\n\n<p>Pariuri pe politic\u0103: aceasta este probabil una dintre pu\u021binele case de pariuri de pe web care ofer\u0103 acest tip de joc, oferind diferite op\u021biuni de pariere pentru situa\u021bia politic\u0103 din toate \u021b\u0103rile din lume. Miza\u021bi pe cine va fi noul pre\u0219edinte francez sau american<\/p>\n\n\n\n<p><\/p>\n\n\n\n<h2 class=\"wp-block-heading\"><span id=\"service-clients\">Serviciu clien\u021bi <\/span><\/h2>\n\n\n\n<p><br>Site-ul este pe deplin disponibil pentru clien\u021bii s\u0103i, motiv pentru care ofer\u0103 asisten\u021b\u0103 24\/7 prin chat live sau e-mail. Bonusurile se pl\u0103tesc foarte repede, de fapt sunt pl\u0103tite \u00een cel mult 30 de minute de la \u00eencheierea pariului. Metodele disponibile sunt: live chat, e-mail \u0219i numere de telefon, precum \u0219i asisten\u021b\u0103 prin re\u021belele sociale (1xBit pe Twitter, 1xBit pe Instagram, 1xBit pe canalul YouTube, 1xBit pe Telegram).<\/p>\n\n\n\n<p>\u00cen plus, 1xbit ofer\u0103 \u0219i un blog al companiei care v\u0103 ofer\u0103 \u0219tiri interesante \u0219i informa\u021bii bonus.<\/p>\n\n\n\n<h2 class=\"wp-block-heading\"><span id=\"conclusion-sur-le-bookmaker-1xbit\">Concluzie despre casa de pariuri 1xbit<\/span><\/h2>\n\n\n\n<p>Acest site este original! Dac\u0103 vrei s\u0103 vizitezi un site unde po\u021bi paria pe aproape multe sporturi sau alte tipuri de jocuri, aceast\u0103 cas\u0103 de pariuri este pentru tine. 1xBit.com a \u00eendeplinit a\u0219tept\u0103rile noastre \u0219i echipa noastr\u0103 a decis s\u0103 \u00eei acorde 5 stele pentru c\u0103 ofer\u0103 o experien\u021b\u0103 excelent\u0103 de gaming. S\u0103 nu uit\u0103m nici de sec\u021biunea de cazinouri, este foarte bine f\u0103cut\u0103, ofer\u0103 peste 3.000 de aparate sloturi, slot machines \u0219i multe c\u0103r\u021bi jocuri. Singurul defect pe care l-am g\u0103sit a fost c\u0103 nu accept\u0103 carduri de credit \u0219i transferuri bancare online.<\/p>\n\n\n\n<h3 class=\"wp-block-heading\"><span id=\"en-resume\"><br><strong>\u00cen concluzie<\/strong><\/span><\/h3>\n\n\n\n<p>Avantaj<\/p>\n\n\n\n<ul><li>Singurul site de pariuri sportive care accept\u0103 bitcoini<\/li><li>Jocuri live \u0219i o mul\u021bime de sloturi.<\/li><li>Promo\u021bii mari \u0219i bonusuri<\/li><li>Depuneri \u0219i retrageri gratuite<\/li><\/ul>\n\n\n\n<p><br>Mod implicit<\/p>\n\n\n\n<ul><li>Nu exist\u0103 alte op\u021biuni bancare \u00een afar\u0103 de criptomonede.<\/li><li>Site-ul are nevoie de unele modific\u0103ri ergonomice<\/li><\/ul>\n\n\n\n<p class=\"has-text-align-center unibet\" style=\"font-size:25px\"><mark style=\"background-color:rgba(0, 0, 0, 0);color:#0d7a12\" class=\"has-inline-color\"><strong><a href=\"https:\/\/parier-presidentielle.com\/ro\/recommends\/unibet\/\">Bonus de 150 EUR oferit cu Unibet<br>Pentru primul pariu politic sau sportiv: Face\u021bi clic aici<\/a><\/strong><\/mark><\/p>\n\n\n\n<p><\/p>\n\n\n<div class=\"wp-block-image\">\n<figure class=\"aligncenter is-resized wp-duotone-000097-ff4747-1\"><img decoding=\"async\" loading=\"lazy\" src=\"https:\/\/parier-presidentielle.com\/wp-content\/uploads\/2021\/09\/election-standard-scale-4_00x-gigapixel-1024x623.jpg\" alt=\"Alegeri 2022\" style=\"width:256px;height:156px\" width=\"256\" height=\"156\"\/><\/figure><\/div>\n\n\n<p><br><\/p>\n\n\n\n<p><strong>Parier-presiden\u0163ial v\u0103 ajut\u0103 s\u0103 alege\u0163i \u00eentre diferite<a href=\"https:\/\/parier-presidentielle.com\/ro\/\"> Casele de pariuri Bwin, Unibet, Betclic vor paria pe viitorul pre\u0219edinte american \u00een 2024<\/a> : <\/strong><br><a href=\"https:\/\/parier-presidentielle.com\/ro\/unibet-politica-elegeri-2022\/\">Casa de pariuri preziden\u021bial\u0103 Unibet<\/a> : Ghid detaliat \u0219i gratuit pentru a face primul pariu online cu toate cotele \u0219i cum s\u0103 profita\u021bi de Bonusul oferit!<\/p>\n\n\n\n<p>Ca \u0219i alte site-uri online din Paris: <a href=\"https:\/\/parier-presidentielle.com\/ro\/unibet-politica-elegeri-2022\/\">Bwin<\/a>, <a href=\"https:\/\/parier-presidentielle.com\/ro\/netbet-paris-politica-alegeri-2022\/\">NetBet<\/a>, <a href=\"https:\/\/parier-presidentielle.com\/ro\/betclic-presidential-2022\/\">Betclic<\/a>, <a href=\"https:\/\/parier-presidentielle.com\/ro\/winamax-politica-alegeri-2022\/\">Winamax<\/a>, Parions Sport, Zebet, Betway, France-Pari, Vbet, Cloudbet, 1Xbit, 1xbet, Betfair, Betwinner \u2026<\/p>\n\n\n\n<div class=\"wp-block-columns is-layout-flex wp-container-6 wp-block-columns-is-layout-flex\">\n<div class=\"wp-block-column is-layout-flow wp-block-column-is-layout-flow\" style=\"flex-basis:33.33%\">\n<p>Tocmai a\u021bi citit dosarul nostru:<\/p>\n<\/div>\n\n\n\n<div class=\"wp-block-column is-layout-flow wp-block-column-is-layout-flow\" style=\"flex-basis:33.33%\">\n<div class=\"wp-block-group is-layout-flow wp-block-group-is-layout-flow\"><div class=\"wp-block-group__inner-container\"><h4 class=\"has-text-align-center wp-block-post-title\"><span id=\"1xbit-pour-parier-sur-la-politique-en-bitcoin\"><a href=\"https:\/\/parier-presidentielle.com\/ro\/1xbit-politica\/\" target=\"_self\" >1xBit: Pentru a paria pe Politic\u0103 \u00een Bitcoin<\/a><\/span><\/h4><\/div><\/div>\n<\/div>\n\n\n\n<div class=\"wp-block-column is-layout-flow wp-block-column-is-layout-flow\" style=\"flex-basis:33.33%\">\n<p class=\"has-text-align-right\">Continua\u021bi s\u0103 citi\u021bi cu celelalte fi\u0219iere exclusive ale noastre,<\/p>\n<\/div>\n<\/div>\n\n\n\n<h3 class=\"wp-block-heading\" id=\"tous-les-pronostics-sondage-et-cotes-pour-parier-sur-le-futur-vainqueur-de-l-election-presidentielle-2022\"><span id=\"tous-les-pronostics-sondage-et-cotes-pour-parier-sur-le-futur-vainqueur-de-l8217election-presidentielle-2024\">Toate predic\u021biile, sondajele \u0219i cotele pentru a paria pe viitorul c\u00e2\u0219tig\u0103tor al alegerilor preziden\u021biale din 2024:<\/span><\/h3>\n\n\n\n<ul>\n<li><a href=\"https:\/\/parier-presidentielle.com\/ro\/macron-elegere\/\">Paria\u021bi pe Emmanuel Macron cu Unibet, Betclic, Bwin<\/a> : Favoritul \u00een sondaje \u0219i predic\u021bii <\/li>\n\n\n\n<li><a href=\"https:\/\/parier-presidentielle.com\/ro\/marine-le-pen-election\/\">Marine Le Pen: Cotele ei \u0219i cum s\u0103 pariezi cu casele de pariuri<\/a>: Provocatorul conform Unibet<\/li>\n<\/ul>\n\n\n\n<p><\/p>\n\n\n\n<center><script type=\"text\/javascript\" charset=\"utf-8\" src=\"https:\/\/www.gambling-affiliation.com\/cpm\/v=AmIMTDSs92QY6b0MzDMvM5laCjJ-ZlA-1oQ-7tKsi.w_GA7331V2\"><\/script><\/center>\n\n\n\n<h3 class=\"wp-block-heading\"><span id=\"donald-trump-vs-joe-biden-la-video-qui-lance-les-paris-en-ligne-sur-l8217election-politique-de-2024\">Donald Trump vs Joe Biden: videoclipul care lanseaz\u0103 pariuri online la alegerile politice din 2024<\/span><\/h3>\n\n\n\n<figure class=\"wp-block-embed is-type-video is-provider-youtube wp-block-embed-youtube wp-embed-aspect-16-9 wp-has-aspect-ratio\"><div class=\"wp-block-embed__wrapper\">\n<iframe loading=\"lazy\" title=\"Fostul pre\u0219edinte Donald Trump lanseaz\u0103 oferta #Short pentru 2024 la Casa Alb\u0103\" width=\"640\" height=\"360\" src=\"https:\/\/www.youtube.com\/embed\/hZykPRVe4Ag?feature=oembed\" frameborder=\"0\" allow=\"accelerometer; autoplay; clipboard-write; encrypted-media; gyroscope; picture-in-picture; web-share\" allowfullscreen><\/iframe>\n<\/div><\/figure>\n\n\n<div class=\"wp-block-image\">\n<figure class=\"aligncenter size-medium\"><a href=\"https:\/\/parier-presidentielle.com\/ro\/recommends\/unibet\/\" target=\"_blank\" rel=\"noopener\"><img decoding=\"async\" loading=\"lazy\" width=\"300\" height=\"169\" src=\"https:\/\/parier-presidentielle.com\/wp-content\/uploads\/2022\/04\/unibet-300x169.jpg\" alt=\"\" class=\"wp-image-1252\" srcset=\"https:\/\/parier-presidentielle.com\/wp-content\/uploads\/2022\/04\/unibet-300x169.jpg 300w, https:\/\/parier-presidentielle.com\/wp-content\/uploads\/2022\/04\/unibet-1024x576.jpg 1024w, https:\/\/parier-presidentielle.com\/wp-content\/uploads\/2022\/04\/unibet-768x432.jpg 768w, https:\/\/parier-presidentielle.com\/wp-content\/uploads\/2022\/04\/unibet-18x10.jpg 18w, https:\/\/parier-presidentielle.com\/wp-content\/uploads\/2022\/04\/unibet.jpg 1280w\" sizes=\"(max-width: 300px) 100vw, 300px\" \/><\/a><\/figure><\/div>\n\n\n<p>G\u0103si\u021bi Wiki, \u0219tirile politice esen\u021biale despre Cannabis \u0219i derivatele sale legale: <strong>HHC, H4cbd, Thcp, Thcv, HSD, HHCPO, C4B<\/strong><\/p>\n<div id=\"toc_container\" class=\"no_bullets\"><p class=\"toc_title\">Cuprins<\/p><ul class=\"toc_list\"><li><\/li><li><\/li><li><\/li><li><\/li><li><ul><li><ul><li><\/li><\/ul><\/li><li><\/li><li><\/li><\/ul><\/li><\/ul><\/div>","protected":false},"excerpt":{"rendered":"<p>1xbit : Analyse du nouveaux bookmaker sp\u00e9cialis\u00e9 en Bitcoin 1xBit est le site de Paris Sportifs\/Jeu le plus innovant sur la sc\u00e8ne internationale, en fait c&#8217;est le seul qui n&#8217;autorise que les d\u00e9p\u00f4ts et les retraits via des crypto-monnaies, c&#8217;est d\u00e9finitivement une nouveaut\u00e9 qui a secou\u00e9 le monde du jeu en ligne. En raison de &#8230;<\/p>","protected":false},"author":1,"featured_media":0,"parent":0,"menu_order":0,"comment_status":"closed","ping_status":"closed","template":"page-nosidebar.php","meta":{"footnotes":""},"yoast_head":"<!-- This site is optimized with the Yoast SEO Premium plugin v21.0 (Yoast SEO v21.0) - https:\/\/yoast.com\/wordpress\/plugins\/seo\/ -->\n<title>1xBit : Pour parier sur la Politique en Bitcoin - Finale Coupe du Monde FIFA<\/title>\n<meta name=\"description\" content=\"Parier avec 1xBit : 7 BTC offert pour votre 1er Pari sur la Politique, le Sport! Guide du Bookmaker pour profiter du Bonus de bienvenue...\" \/>\n<meta name=\"robots\" content=\"index, follow, max-snippet:-1, max-image-preview:large, max-video-preview:-1\" \/>\n<link rel=\"canonical\" href=\"https:\/\/parier-presidentielle.com\/ro\/1xbit-politica\/\" \/>\n<meta property=\"og:locale\" content=\"ro_RO\" \/>\n<meta property=\"og:type\" content=\"article\" \/>\n<meta property=\"og:title\" content=\"1xBit : Pour parier sur la Politique en Bitcoin\" \/>\n<meta property=\"og:description\" content=\"Parier avec 1xBit : 7 BTC offert pour votre 1er Pari sur la Politique, le Sport! Guide du Bookmaker pour profiter du Bonus de bienvenue...\" \/>\n<meta property=\"og:url\" content=\"https:\/\/parier-presidentielle.com\/ro\/1xbit-politica\/\" \/>\n<meta property=\"og:site_name\" content=\"Parier Pr\u00e9sidentielle\" \/>\n<meta property=\"article:modified_time\" content=\"2022-04-11T22:47:22+00:00\" \/>\n<meta property=\"og:image\" content=\"https:\/\/parier-presidentielle.com\/wp-content\/uploads\/2022\/04\/1xBit-pour-parier-sur-la-politique-en-bitcoin-1024x546.jpg\" \/>\n<meta name=\"twitter:card\" content=\"summary_large_image\" \/>\n<meta name=\"twitter:label1\" content=\"Est. reading time\" \/>\n\t<meta name=\"twitter:data1\" content=\"6 minute\" \/>\n<script type=\"application\/ld+json\" class=\"yoast-schema-graph\">{\"@context\":\"https:\/\/schema.org\",\"@graph\":[{\"@type\":\"WebPage\",\"@id\":\"https:\/\/parier-presidentielle.com\/1xbit-politique\/\",\"url\":\"https:\/\/parier-presidentielle.com\/1xbit-politique\/\",\"name\":\"1xBit : Pour parier sur la Politique en Bitcoin - Finale Coupe du Monde FIFA\",\"isPartOf\":{\"@id\":\"https:\/\/parier-presidentielle.com\/#website\"},\"datePublished\":\"2022-02-17T16:17:02+00:00\",\"dateModified\":\"2022-04-11T22:47:22+00:00\",\"description\":\"Parier avec 1xBit : 7 BTC offert pour votre 1er Pari sur la Politique, le Sport! Guide du Bookmaker pour profiter du Bonus de bienvenue...\",\"breadcrumb\":{\"@id\":\"https:\/\/parier-presidentielle.com\/1xbit-politique\/#breadcrumb\"},\"inLanguage\":\"ro-RO\",\"potentialAction\":[{\"@type\":\"ReadAction\",\"target\":[\"https:\/\/parier-presidentielle.com\/1xbit-politique\/\"]}]},{\"@type\":\"BreadcrumbList\",\"@id\":\"https:\/\/parier-presidentielle.com\/1xbit-politique\/#breadcrumb\",\"itemListElement\":[{\"@type\":\"ListItem\",\"position\":1,\"name\":\"Accueil\",\"item\":\"https:\/\/parier-presidentielle.com\/\"},{\"@type\":\"ListItem\",\"position\":2,\"name\":\"1xBit : Pour parier sur la Politique en Bitcoin\"}]},{\"@type\":\"WebSite\",\"@id\":\"https:\/\/parier-presidentielle.com\/#website\",\"url\":\"https:\/\/parier-presidentielle.com\/\",\"name\":\"Parier Pr\u00e9sidentielle\",\"description\":\"Paris, Pronostics, Wiki sur la Politique, les Elections Am\u00e9ricaines: Joe Biden, Donald Trump avec les Bookmakers en ligne Unibet, Bwin, Betclic, Winamax\",\"potentialAction\":[{\"@type\":\"SearchAction\",\"target\":{\"@type\":\"EntryPoint\",\"urlTemplate\":\"https:\/\/parier-presidentielle.com\/?s={search_term_string}\"},\"query-input\":\"required name=search_term_string\"}],\"inLanguage\":\"ro-RO\"}]}<\/script>\n<!-- \/ Yoast SEO Premium plugin. -->","yoast_head_json":{"title":"1xBit : Pour parier sur la Politique en Bitcoin - Finale Coupe du Monde FIFA","description":"Parier avec 1xBit : 7 BTC offert pour votre 1er Pari sur la Politique, le Sport! Guide du Bookmaker pour profiter du Bonus de bienvenue...","robots":{"index":"index","follow":"follow","max-snippet":"max-snippet:-1","max-image-preview":"max-image-preview:large","max-video-preview":"max-video-preview:-1"},"canonical":"https:\/\/parier-presidentielle.com\/ro\/1xbit-politica\/","og_locale":"ro_RO","og_type":"article","og_title":"1xBit : Pour parier sur la Politique en Bitcoin","og_description":"Parier avec 1xBit : 7 BTC offert pour votre 1er Pari sur la Politique, le Sport! Guide du Bookmaker pour profiter du Bonus de bienvenue...","og_url":"https:\/\/parier-presidentielle.com\/ro\/1xbit-politica\/","og_site_name":"Parier Pr\u00e9sidentielle","article_modified_time":"2022-04-11T22:47:22+00:00","og_image":[{"url":"https:\/\/parier-presidentielle.com\/wp-content\/uploads\/2022\/04\/1xBit-pour-parier-sur-la-politique-en-bitcoin-1024x546.jpg"}],"twitter_card":"summary_large_image","twitter_misc":{"Est. reading time":"6 minute"},"schema":{"@context":"https:\/\/schema.org","@graph":[{"@type":"WebPage","@id":"https:\/\/parier-presidentielle.com\/1xbit-politique\/","url":"https:\/\/parier-presidentielle.com\/1xbit-politique\/","name":"1xBit : Pour parier sur la Politique en Bitcoin - Finale Coupe du Monde FIFA","isPartOf":{"@id":"https:\/\/parier-presidentielle.com\/#website"},"datePublished":"2022-02-17T16:17:02+00:00","dateModified":"2022-04-11T22:47:22+00:00","description":"Parier avec 1xBit : 7 BTC offert pour votre 1er Pari sur la Politique, le Sport! Guide du Bookmaker pour profiter du Bonus de bienvenue...","breadcrumb":{"@id":"https:\/\/parier-presidentielle.com\/1xbit-politique\/#breadcrumb"},"inLanguage":"ro-RO","potentialAction":[{"@type":"ReadAction","target":["https:\/\/parier-presidentielle.com\/1xbit-politique\/"]}]},{"@type":"BreadcrumbList","@id":"https:\/\/parier-presidentielle.com\/1xbit-politique\/#breadcrumb","itemListElement":[{"@type":"ListItem","position":1,"name":"Accueil","item":"https:\/\/parier-presidentielle.com\/"},{"@type":"ListItem","position":2,"name":"1xBit : Pour parier sur la Politique en Bitcoin"}]},{"@type":"WebSite","@id":"https:\/\/parier-presidentielle.com\/#website","url":"https:\/\/parier-presidentielle.com\/","name":"Parier Pr\u00e9sidentielle","description":"Paris, Pronostics, Wiki sur la Politique, les Elections Am\u00e9ricaines: Joe Biden, Donald Trump avec les Bookmakers en ligne Unibet, Bwin, Betclic, Winamax","potentialAction":[{"@type":"SearchAction","target":{"@type":"EntryPoint","urlTemplate":"https:\/\/parier-presidentielle.com\/?s={search_term_string}"},"query-input":"required name=search_term_string"}],"inLanguage":"ro-RO"}]}},"_links":{"self":[{"href":"https:\/\/parier-presidentielle.com\/ro\/wp-json\/wp\/v2\/pages\/525"}],"collection":[{"href":"https:\/\/parier-presidentielle.com\/ro\/wp-json\/wp\/v2\/pages"}],"about":[{"href":"https:\/\/parier-presidentielle.com\/ro\/wp-json\/wp\/v2\/types\/page"}],"author":[{"embeddable":true,"href":"https:\/\/parier-presidentielle.com\/ro\/wp-json\/wp\/v2\/users\/1"}],"replies":[{"embeddable":true,"href":"https:\/\/parier-presidentielle.com\/ro\/wp-json\/wp\/v2\/comments?post=525"}],"version-history":[{"count":8,"href":"https:\/\/parier-presidentielle.com\/ro\/wp-json\/wp\/v2\/pages\/525\/revisions"}],"predecessor-version":[{"id":1228,"href":"https:\/\/parier-presidentielle.com\/ro\/wp-json\/wp\/v2\/pages\/525\/revisions\/1228"}],"wp:attachment":[{"href":"https:\/\/parier-presidentielle.com\/ro\/wp-json\/wp\/v2\/media?parent=525"}],"curies":[{"name":"wp","href":"https:\/\/api.w.org\/{rel}","templated":true}]}}