{"id":54,"date":"2021-09-07T00:14:00","date_gmt":"2021-09-06T22:14:00","guid":{"rendered":"https:\/\/parier-presidentielle.com\/?page_id=54"},"modified":"2022-04-24T12:00:40","modified_gmt":"2022-04-24T10:00:40","slug":"bookmakers-election","status":"publish","type":"page","link":"https:\/\/parier-presidentielle.com\/ro\/case-de-pariuri-elegere\/","title":{"rendered":"Casele de pariuri \u0219i alegerile preziden\u021biale"},"content":{"rendered":"<div class=\"wp-block-columns is-layout-flex wp-container-4 wp-block-columns-is-layout-flex\">\n<div class=\"wp-block-column is-layout-flow wp-block-column-is-layout-flow\" style=\"flex-basis:100%\">\n<div class=\"wp-block-columns is-layout-flex wp-container-2 wp-block-columns-is-layout-flex\">\n<div class=\"wp-block-column is-layout-flow wp-block-column-is-layout-flow\" style=\"flex-basis:100%\">\n<center><script type=\"text\/javascript\" charset=\"utf-8\" src=\"https:\/\/www.gambling-affiliation.com\/cpm\/v=AmIMTDSs92QY6b0MzDMvM5laCjJ-ZlA-1oQ-7tKsi.w_GA7331V2\"><\/script><\/center>\n\n\n\n<p><\/p>\n\n\n\n<div class=\"wp-block-image is-style-default\"><figure class=\"aligncenter size-medium\"><a href=\"https:\/\/parier-presidentielle.com\/ro\/recommends\/unibet-logo\/\" target=\"_blank\" rel=\"no follow noopener\"><img decoding=\"async\" loading=\"lazy\" width=\"300\" height=\"169\" src=\"https:\/\/parier-presidentielle.com\/wp-content\/uploads\/2022\/04\/unibet-300x169.jpg\" alt=\"\" class=\"wp-image-1252\" srcset=\"https:\/\/parier-presidentielle.com\/wp-content\/uploads\/2022\/04\/unibet-300x169.jpg 300w, https:\/\/parier-presidentielle.com\/wp-content\/uploads\/2022\/04\/unibet-1024x576.jpg 1024w, https:\/\/parier-presidentielle.com\/wp-content\/uploads\/2022\/04\/unibet-768x432.jpg 768w, https:\/\/parier-presidentielle.com\/wp-content\/uploads\/2022\/04\/unibet-18x10.jpg 18w, https:\/\/parier-presidentielle.com\/wp-content\/uploads\/2022\/04\/unibet.jpg 1280w\" sizes=\"(max-width: 300px) 100vw, 300px\" \/><\/a><\/figure><\/div>\n<\/div>\n<\/div>\n<\/div>\n<\/div>\n\n\n\n<h2 class=\"wp-block-heading\"><span id=\"les-cote-pour-parier-en-ligne-sur-le-futur-vainqueur-en-france-macron-vs-le-pen\">Cotele pentru pariuri online pe viitorul C\u00e2\u0219tig\u0103tor \u00een Fran\u021ba Macron vs Le Pen<\/span><\/h2>\n\n\n\n<p>Dac\u0103 sunte\u021bi \u00een c\u0103utarea unui site de pariuri sau \u00een limba englez\u0103 <a href=\"https:\/\/parier-presidentielle.com\/ro\/\">Casa de pariuri <\/a> pentru alegerile preziden\u021biale din 2022, aici ve\u021bi g\u0103si cele mai complete \u0219i detaliate informa\u021bii despre Parier-Pr\u00e9sidentielle!<br>\u00cen plus, g\u0103sim toate pariurile oferite de casele de pariuri inclusiv cote de pariuri, rezultate\/tendin\u021be live \u0219i alte pariuri, altele dec\u00e2t cele politice, cum ar fi pariurile sportive (fotbal etc.) sau chiar poker.<\/p>\n\n\n\n<p>\u00cen acest articol, v\u0103 vom prezenta regulile pariurilor preziden\u021biale din 2022, apoi vom analiza candida\u021bii \u0219i diferitele pariuri posibile pe acest eveniment al turului doi al alegerilor preziden\u021biale din Fran\u021ba din 2022.<\/p>\n\n\n\n<p>Descoperi\u021bi toate \u0219ansele pentru alegerile preziden\u021biale din 2022 <a href=\"https:\/\/parier-presidentielle.com\/ro\/unibet-politica-elegeri-2022\/\">Unibet<\/a> ! A\u0219a c\u0103 acum c\u0103 \u0219tii totul, nu ezita \u0219i mergi la Bwin, Betclic, William Hill pentru a-\u021bi face predic\u021bii!<\/p>\n\n\n\n<p>Sondarii au prezis un al doilea tur foarte apropiat, cu 52% pentru Macron \u0219i 48% pentru Le Pen. Decalajul este at\u00e2t de aproape \u00eenc\u00e2t victoria \u00eentr-un fel sau altul se afl\u0103 \u00een marja de eroare. Dar este \u00een orice caz mult mai aproape dec\u00e2t \u00een 2017, c\u00e2nd Macron l-a \u00eenvins pe Le Pen cu 66,1 % din vot.<\/p>\n\n\n\n<p><strong>Cine este cel mai probabil s\u0103 c\u00e2\u0219tige alegerile preziden\u021biale?<\/strong><\/p>\n\n\n\n<p>Emmanuel Macron cu cota 1.14 \u0219i Marine Le Pen cu 5.3 a\u0219a c\u0103, potrivit caselor de pariuri, actualul pre\u0219edinte are cele mai mari \u0219anse de c\u00e2\u0219tig.<\/p>\n\n\n\n<h2 class=\"wp-block-heading\"><span id=\"une-election-francaise-qui-interesse-le-monde-entier\">Alegeri franceze care intereseaz\u0103 \u00eentreaga lume!<\/span><\/h2>\n\n\n\n<p>Al doilea tur al alegerilor preziden\u021biale din Fran\u021ba i-a fascinat pe britanici. Pe l\u00e2ng\u0103 mass-media, companiile de pariuri online au examinat cu aten\u021bie \u0219i cele mai recente evolu\u021bii din campania francez\u0103. Suma pariurilor a stabilit un record. Nu sunt mul\u021bumit cu pariurile pe curse de cai sau meciuri de fotbal <a href=\"https:\/\/www.foot-parier.com\/\">fotbal<\/a>, britanicii pot paria acum pe... <strong>alegerile preziden\u021biale franceze<\/strong> cu numeroasele lor case de pariuri. <a href=\"https:\/\/parier-presidentielle.com\/ro\/macron-elegere\/\">Emmanuel Macron <\/a>Sau <a href=\"https:\/\/parier-presidentielle.com\/ro\/marine-le-pen-election\/\">Marine Le Pen<\/a>, acest afi\u0219 \u00eei fascineaz\u0103 \u00een mod clar pe vecinii no\u0219tri de peste Str\u00e2mtoare. La Betclic, una dintre cele mai mari companii de pariuri din Marea Britanie, liderul En Marche! Favorita este dat\u0103 la cot\u0103 de 1 din 8. Marine Le Pen este un outsider la 5 la 1,5\u2033, a explicat Rupert Adams redac\u021biei TF1. <\/p>\n\n\n\n<blockquote class=\"wp-block-quote\"><p><\/p><cite>\u201eCel mai mare pariu al nostru este 21.000 de euro, ceea ce este f\u0103r\u0103 precedent. \u201e<\/cite><\/blockquote>\n\n\n\n<div class=\"wp-block-image is-style-default wp-duotone-000097-ff4747-5\"><figure class=\"aligncenter size-large is-resized\"><img decoding=\"async\" loading=\"lazy\" src=\"https:\/\/parier-presidentielle.com\/wp-content\/uploads\/2021\/09\/macron-1024x578.jpeg\" alt=\"Macron \u00een \u00eent\u00e2lnire pentru alegerile preziden\u021biale\" class=\"wp-image-57\" width=\"675\" height=\"381\" srcset=\"https:\/\/parier-presidentielle.com\/wp-content\/uploads\/2021\/09\/macron-1024x578.jpeg 1024w, https:\/\/parier-presidentielle.com\/wp-content\/uploads\/2021\/09\/macron-300x169.jpeg 300w, https:\/\/parier-presidentielle.com\/wp-content\/uploads\/2021\/09\/macron-768x433.jpeg 768w, https:\/\/parier-presidentielle.com\/wp-content\/uploads\/2021\/09\/macron.jpeg 1255w\" sizes=\"(max-width: 675px) 100vw, 675px\" \/><\/figure><\/div>\n\n\n\n<p>Presa britanic\u0103 a raportat pe scar\u0103 larg\u0103 acest lucru <a href=\"https:\/\/parier-presidentielle.com\/ro\/\"><strong>alegerile franceze<\/strong><\/a> p\u0103rea s\u0103 genereze un adev\u0103rat entuziasm. Numeroase evolu\u021bii, precum sondajele foarte deschise din ajunul primului tur, le-au \u00eenzecit curiozitatea. Toate informa\u021biile privind turul doi al alegerilor preziden\u021biale din 2022. Alegerea lui Trump \u0219i Brexit au z\u0103d\u0103rnicit sondajele astfel \u00eenc\u00e2t situa\u021bia s\u0103 poat\u0103 fi re\u00eennoit\u0103 \u00een Fran\u021ba, de unde \u0219i interesul<a href=\"https:\/\/parier-presidentielle.com\/ro\/casa-de-pariuri-politica-elettorale-2022\/\"> pariaz\u0103 pe casa de pariuri potrivit\u0103<\/a>\u2026 Ca s\u0103 nu mai vorbim de acest nou mod de abordare a politicii: \u00een acest domeniu, la fel ca \u00een evenimentele sportive, rezultatele nu sunt niciodat\u0103 predeterminate. \u00cen acest sens, victoria alegerii lui Donald Trump sau a Brexit-ului \u00een Statele Unite a dovedit c\u0103 schimb\u0103rile de ultim\u0103 or\u0103 nu pot fi niciodat\u0103 excluse. Ceea ce a l\u0103sat \u00een suspans publicul \u0219i casele de pariuri.<\/p>\n\n\n\n<h2 class=\"wp-block-heading\"><span id=\"l8217avis-de-l8217expert-en-paris-sportifs-pour-l8217election\">Opinia expertului \u00een pariuri sportive pentru alegeri<\/span><\/h2>\n\n\n\n<p>\u201eAceste dou\u0103 lucruri au schimbat situa\u021bia\u201d, a subliniat Emmanuelle de France despre site <a href=\"https:\/\/parier-presidentielle.com\/ro\/\">Paria\u021bi pe preziden\u021bial: Bookmaker Election France,<\/a> de la expertul \u00een pariuri online <strong>Bwin <\/strong>. \u201eTotul se poate \u00eent\u00e2mpla. Acesta este al treilea eveniment politic care a st\u00e2rnit at\u00e2t de mult interes\u201d, a declarat ea pentru TF1. \u00cen ceea ce prive\u0219te acest grup de case de pariuri, miza pe jocul Elys\u00e9e ar putea dep\u0103\u0219i 30 de milioane de euro. Un rezultat \u0219i mai surprinz\u0103tor dec\u00e2t \u00een 2012, la ultimele alegeri preziden\u021biale din Fran\u021ba,  <strong>Bwin  <\/strong>nu considerase necesar\u0103 deschiderea evenimentului pentru pariori.<\/p>\n\n\n\n<p>Pentru toate alegerile preziden\u021biale din 2022, Unibet a pus la dispozi\u021bie tuturor juc\u0103torilor s\u0103i o multitudine de pariuri printre care pute\u021bi paria pe candidatul c\u00e2\u0219tig\u0103tor al turului doi al alegerilor preziden\u021biale din Fran\u021ba din 2022.<\/p>\n\n\n\n<p>De acum \u00eencolo, po\u021bi g\u0103si toate \u0219ansele pentru alegerile preziden\u021biale din 2022 datorit\u0103 Unibet!<\/p>\n\n\n\n<p>C\u00e2t despre Bwin, \u00ee\u021bi ofer\u0103 o ofert\u0103 complet\u0103 de pariuri pe politic\u0103 cu, de exemplu, pariuri pe urm\u0103torul pre\u0219edinte al Fran\u021bei.<\/p>\n\n\n\n<p>\u00centr-adev\u0103r, mul\u021bi pariori \u0219i-au plasat deja pronosticurile asupra acestui viitor eveniment aleg\u00e2nd dintre candida\u021bii care au ap\u0103rut deja \u00een sondajele anterioare.<\/p>\n\n\n\n<p>Ve\u021bi putea paria pe Marine Le Pen (5.30 la Bwin), Emmanuel Macron (1.14 la Bwin), Jean-Luc M\u00e9lenchon (15.00 la Bwin), Beno\u00eet Hamon (50.00 la Bwin) sau chiar Fran\u00e7ois Baroin (67.00 la Bwin) .<\/p>\n\n\n\n<p>G\u0103si\u021bi toate \u0219ansele pentru alegerile preziden\u021biale din 2022 pe Unibet! A\u0219a c\u0103 acum c\u0103 \u0219tii totul, nu ezita \u0219i mergi la bwin pentru a-\u021bi face predic\u021bii!<\/p>\n\n\n\n<p><\/p>\n\n\n\n<h3 class=\"has-text-align-center wp-block-heading\"><span id=\"dossier-special-bookmaker-unibet-bwin-mondial-quatar\"><br>Raport special Casa de pariuri Unibet Bwin &amp; Mondial Quatar <\/span><\/h3>\n\n\n\n<p>Face\u021bi primul pariu online pe politic\u0103 \u0219i toate sporturile datorit\u0103 fi\u0219ierelor noastre de pe diferite site-uri: Betclic, Winamax, Unibet, Betclic: <\/p>\n\n\n\n<p>Cu ajutorul caselor de pariuri online precum Bwin, Unibet \u0219i Betclic, pute\u021bi accesa o varietate de pie\u021be de pariuri pentru turneu, oferindu-v\u0103 \u0219ansa de a c\u00e2\u0219tiga mare \u00cen concluzie, echipa francez\u0103 ar putea fi una dintre echipele de urm\u0103rit \u00een timpul Mondial 2022. Cea\u0219c\u0103. Cu ajutorul caselor de pariuri online precum Bwin, Unibet \u0219i Betclic, pute\u021bi aduna informa\u021bii despre Portugalia \u0219i pute\u021bi face pariuri informate pe performan\u021ba lor \u00een acest turneu. A\u0219adar, de ce s\u0103 nu profita\u021bi de oportunitatea de a beneficia poten\u021bial de succesul Fran\u021bei \u00een 2022?<\/p>\n\n\n\n<p><\/p>\n\n\n\n<p class=\"has-text-align-center unibet\" style=\"font-size:25px\"><mark style=\"background-color:rgba(0, 0, 0, 0);color:#0d7a12\" class=\"has-inline-color\"><strong><a href=\"https:\/\/parier-presidentielle.com\/ro\/recommends\/unibet\/\">Bonus de 150 EUR oferit cu Unibet<br>Pentru primul pariu politic sau sportiv: Face\u021bi clic aici<\/a><\/strong><\/mark><\/p>\n\n\n\n<p><\/p>\n\n\n<div class=\"wp-block-image\">\n<figure class=\"aligncenter is-resized wp-duotone-000097-ff4747-6\"><img decoding=\"async\" loading=\"lazy\" src=\"https:\/\/parier-presidentielle.com\/wp-content\/uploads\/2021\/09\/election-standard-scale-4_00x-gigapixel-1024x623.jpg\" alt=\"Alegeri 2022\" style=\"width:256px;height:156px\" width=\"256\" height=\"156\"\/><\/figure><\/div>\n\n\n<p><br><\/p>\n\n\n\n<p><strong>Parier-presiden\u0163ial v\u0103 ajut\u0103 s\u0103 alege\u0163i \u00eentre diferite<a href=\"https:\/\/parier-presidentielle.com\/ro\/\"> Casele de pariuri Bwin, Unibet, Betclic vor paria pe viitorul pre\u0219edinte american \u00een 2024<\/a> : <\/strong><br><a href=\"https:\/\/parier-presidentielle.com\/ro\/unibet-politica-elegeri-2022\/\">Casa de pariuri preziden\u021bial\u0103 Unibet<\/a> : Ghid detaliat \u0219i gratuit pentru a face primul pariu online cu toate cotele \u0219i cum s\u0103 profita\u021bi de Bonusul oferit!<\/p>\n\n\n\n<p>Ca \u0219i alte site-uri online din Paris: <a href=\"https:\/\/parier-presidentielle.com\/ro\/unibet-politica-elegeri-2022\/\">Bwin<\/a>, <a href=\"https:\/\/parier-presidentielle.com\/ro\/netbet-paris-politica-alegeri-2022\/\">NetBet<\/a>, <a href=\"https:\/\/parier-presidentielle.com\/ro\/betclic-presidential-2022\/\">Betclic<\/a>, <a href=\"https:\/\/parier-presidentielle.com\/ro\/winamax-politica-alegeri-2022\/\">Winamax<\/a>, Parions Sport, Zebet, Betway, France-Pari, Vbet, Cloudbet, 1Xbit, 1xbet, Betfair, Betwinner \u2026<\/p>\n\n\n\n<div class=\"wp-block-columns is-layout-flex wp-container-11 wp-block-columns-is-layout-flex\">\n<div class=\"wp-block-column is-layout-flow wp-block-column-is-layout-flow\" style=\"flex-basis:33.33%\">\n<p>Tocmai a\u021bi citit dosarul nostru:<\/p>\n<\/div>\n\n\n\n<div class=\"wp-block-column is-layout-flow wp-block-column-is-layout-flow\" style=\"flex-basis:33.33%\">\n<div class=\"wp-block-group is-layout-flow wp-block-group-is-layout-flow\"><div class=\"wp-block-group__inner-container\"><h4 class=\"has-text-align-center wp-block-post-title\"><span id=\"les-bookmakers-et-l8217election-presidentielle\"><a href=\"https:\/\/parier-presidentielle.com\/ro\/case-de-pariuri-elegere\/\" target=\"_self\" >Casele de pariuri \u0219i alegerile preziden\u021biale<\/a><\/span><\/h4><\/div><\/div>\n<\/div>\n\n\n\n<div class=\"wp-block-column is-layout-flow wp-block-column-is-layout-flow\" style=\"flex-basis:33.33%\">\n<p class=\"has-text-align-right\">Continua\u021bi s\u0103 citi\u021bi cu celelalte fi\u0219iere exclusive ale noastre,<\/p>\n<\/div>\n<\/div>\n\n\n\n<h3 class=\"wp-block-heading\" id=\"tous-les-pronostics-sondage-et-cotes-pour-parier-sur-le-futur-vainqueur-de-l-election-presidentielle-2022\"><span id=\"tous-les-pronostics-sondage-et-cotes-pour-parier-sur-le-futur-vainqueur-de-l8217election-presidentielle-2024\">Toate predic\u021biile, sondajele \u0219i cotele pentru a paria pe viitorul c\u00e2\u0219tig\u0103tor al alegerilor preziden\u021biale din 2024:<\/span><\/h3>\n\n\n\n<ul>\n<li><a href=\"https:\/\/parier-presidentielle.com\/ro\/macron-elegere\/\">Paria\u021bi pe Emmanuel Macron cu Unibet, Betclic, Bwin<\/a> : Favoritul \u00een sondaje \u0219i predic\u021bii <\/li>\n\n\n\n<li><a href=\"https:\/\/parier-presidentielle.com\/ro\/marine-le-pen-election\/\">Marine Le Pen: Cotele ei \u0219i cum s\u0103 pariezi cu casele de pariuri<\/a>: Provocatorul conform Unibet<\/li>\n<\/ul>\n\n\n\n<p><\/p>\n\n\n\n<center><script type=\"text\/javascript\" charset=\"utf-8\" src=\"https:\/\/www.gambling-affiliation.com\/cpm\/v=AmIMTDSs92QY6b0MzDMvM5laCjJ-ZlA-1oQ-7tKsi.w_GA7331V2\"><\/script><\/center>\n\n\n\n<h3 class=\"wp-block-heading\"><span id=\"donald-trump-vs-joe-biden-la-video-qui-lance-les-paris-en-ligne-sur-l8217election-politique-de-2024\">Donald Trump vs Joe Biden: videoclipul care lanseaz\u0103 pariuri online la alegerile politice din 2024<\/span><\/h3>\n\n\n\n<figure class=\"wp-block-embed is-type-video is-provider-youtube wp-block-embed-youtube wp-embed-aspect-16-9 wp-has-aspect-ratio\"><div class=\"wp-block-embed__wrapper\">\n<iframe loading=\"lazy\" title=\"Fostul pre\u0219edinte Donald Trump lanseaz\u0103 oferta #Short pentru 2024 la Casa Alb\u0103\" width=\"640\" height=\"360\" src=\"https:\/\/www.youtube.com\/embed\/hZykPRVe4Ag?feature=oembed\" frameborder=\"0\" allow=\"accelerometer; autoplay; clipboard-write; encrypted-media; gyroscope; picture-in-picture; web-share\" allowfullscreen><\/iframe>\n<\/div><\/figure>\n\n\n<div class=\"wp-block-image\">\n<figure class=\"aligncenter size-medium\"><a href=\"https:\/\/parier-presidentielle.com\/ro\/recommends\/unibet\/\" target=\"_blank\" rel=\"noopener\"><img decoding=\"async\" loading=\"lazy\" width=\"300\" height=\"169\" src=\"https:\/\/parier-presidentielle.com\/wp-content\/uploads\/2022\/04\/unibet-300x169.jpg\" alt=\"\" class=\"wp-image-1252\" srcset=\"https:\/\/parier-presidentielle.com\/wp-content\/uploads\/2022\/04\/unibet-300x169.jpg 300w, https:\/\/parier-presidentielle.com\/wp-content\/uploads\/2022\/04\/unibet-1024x576.jpg 1024w, https:\/\/parier-presidentielle.com\/wp-content\/uploads\/2022\/04\/unibet-768x432.jpg 768w, https:\/\/parier-presidentielle.com\/wp-content\/uploads\/2022\/04\/unibet-18x10.jpg 18w, https:\/\/parier-presidentielle.com\/wp-content\/uploads\/2022\/04\/unibet.jpg 1280w\" sizes=\"(max-width: 300px) 100vw, 300px\" \/><\/a><\/figure><\/div>\n\n\n<p>G\u0103si\u021bi Wiki, \u0219tirile politice esen\u021biale despre Cannabis \u0219i derivatele sale legale: <strong>HHC, H4cbd, Thcp, Thcv, HSD, HHCPO, C4B<\/strong><\/p>\n\n\n\n<p><\/p>\n\n\n\n<p><\/p>\n<div id=\"toc_container\" class=\"no_bullets\"><p class=\"toc_title\">Cuprins<\/p><ul class=\"toc_list\"><li><\/li><li><\/li><li><ul><li><ul><li><\/li><\/ul><\/li><li><\/li><li><\/li><\/ul><\/li><\/ul><\/div>","protected":false},"excerpt":{"rendered":"<p>Les cote pour parier en ligne sur le futur Vainqueur en France Macron vs Le Pen Si vous \u00eates \u00e0 la recherche d&#8217;un site de paris ou en anglais Bookmaker pour la pr\u00e9sidentielle 2022, vous trouverez ici les informations les plus compl\u00e8tes et d\u00e9taill\u00e9es sur Parier-Pr\u00e9sidentielle!De plus, on y retrouve tous les paris propos\u00e9s par &#8230;<\/p>","protected":false},"author":1,"featured_media":0,"parent":0,"menu_order":0,"comment_status":"closed","ping_status":"closed","template":"page-nosidebar.php","meta":{"footnotes":""},"yoast_head":"<!-- This site is optimized with the Yoast SEO Premium plugin v21.0 (Yoast SEO v21.0) - https:\/\/yoast.com\/wordpress\/plugins\/seo\/ -->\n<title>Les Bookmakers et l&#039;\u00e9lection Pr\u00e9sidentielle - Finale Coupe du Monde FIFA<\/title>\n<meta name=\"description\" content=\"Les cote des sites de paris sur le futur Vainqueur en France Macron vs Le Pen\" \/>\n<meta name=\"robots\" content=\"index, follow, max-snippet:-1, max-image-preview:large, max-video-preview:-1\" \/>\n<link rel=\"canonical\" href=\"https:\/\/parier-presidentielle.com\/ro\/case-de-pariuri-elegere\/\" \/>\n<meta property=\"og:locale\" content=\"ro_RO\" \/>\n<meta property=\"og:type\" content=\"article\" \/>\n<meta property=\"og:title\" content=\"Les Bookmakers et l&#039;\u00e9lection Pr\u00e9sidentielle\" \/>\n<meta property=\"og:description\" content=\"Les cote des sites de paris sur le futur Vainqueur en France Macron vs Le Pen\" \/>\n<meta property=\"og:url\" content=\"https:\/\/parier-presidentielle.com\/ro\/case-de-pariuri-elegere\/\" \/>\n<meta property=\"og:site_name\" content=\"Parier Pr\u00e9sidentielle\" \/>\n<meta property=\"article:modified_time\" content=\"2022-04-24T10:00:40+00:00\" \/>\n<meta property=\"og:image\" content=\"https:\/\/parier-presidentielle.com\/wp-content\/uploads\/2021\/09\/macron-1024x578.jpeg\" \/>\n<meta name=\"twitter:card\" content=\"summary_large_image\" \/>\n<meta name=\"twitter:label1\" content=\"Est. reading time\" \/>\n\t<meta name=\"twitter:data1\" content=\"5 minute\" \/>\n<script type=\"application\/ld+json\" class=\"yoast-schema-graph\">{\"@context\":\"https:\/\/schema.org\",\"@graph\":[{\"@type\":\"WebPage\",\"@id\":\"https:\/\/parier-presidentielle.com\/bookmakers-election\/\",\"url\":\"https:\/\/parier-presidentielle.com\/bookmakers-election\/\",\"name\":\"Les Bookmakers et l'\u00e9lection Pr\u00e9sidentielle - Finale Coupe du Monde FIFA\",\"isPartOf\":{\"@id\":\"https:\/\/parier-presidentielle.com\/#website\"},\"datePublished\":\"2021-09-06T22:14:00+00:00\",\"dateModified\":\"2022-04-24T10:00:40+00:00\",\"description\":\"Les cote des sites de paris sur le futur Vainqueur en France Macron vs Le Pen\",\"breadcrumb\":{\"@id\":\"https:\/\/parier-presidentielle.com\/bookmakers-election\/#breadcrumb\"},\"inLanguage\":\"ro-RO\",\"potentialAction\":[{\"@type\":\"ReadAction\",\"target\":[\"https:\/\/parier-presidentielle.com\/bookmakers-election\/\"]}]},{\"@type\":\"BreadcrumbList\",\"@id\":\"https:\/\/parier-presidentielle.com\/bookmakers-election\/#breadcrumb\",\"itemListElement\":[{\"@type\":\"ListItem\",\"position\":1,\"name\":\"Accueil\",\"item\":\"https:\/\/parier-presidentielle.com\/\"},{\"@type\":\"ListItem\",\"position\":2,\"name\":\"Les Bookmakers et l&#8217;\u00e9lection Pr\u00e9sidentielle\"}]},{\"@type\":\"WebSite\",\"@id\":\"https:\/\/parier-presidentielle.com\/#website\",\"url\":\"https:\/\/parier-presidentielle.com\/\",\"name\":\"Parier Pr\u00e9sidentielle\",\"description\":\"Paris, Pronostics, Wiki sur la Politique, les Elections Am\u00e9ricaines: Joe Biden, Donald Trump avec les Bookmakers en ligne Unibet, Bwin, Betclic, Winamax\",\"potentialAction\":[{\"@type\":\"SearchAction\",\"target\":{\"@type\":\"EntryPoint\",\"urlTemplate\":\"https:\/\/parier-presidentielle.com\/?s={search_term_string}\"},\"query-input\":\"required name=search_term_string\"}],\"inLanguage\":\"ro-RO\"}]}<\/script>\n<!-- \/ Yoast SEO Premium plugin. -->","yoast_head_json":{"title":"Les Bookmakers et l'\u00e9lection Pr\u00e9sidentielle - Finale Coupe du Monde FIFA","description":"Les cote des sites de paris sur le futur Vainqueur en France Macron vs Le Pen","robots":{"index":"index","follow":"follow","max-snippet":"max-snippet:-1","max-image-preview":"max-image-preview:large","max-video-preview":"max-video-preview:-1"},"canonical":"https:\/\/parier-presidentielle.com\/ro\/case-de-pariuri-elegere\/","og_locale":"ro_RO","og_type":"article","og_title":"Les Bookmakers et l'\u00e9lection Pr\u00e9sidentielle","og_description":"Les cote des sites de paris sur le futur Vainqueur en France Macron vs Le Pen","og_url":"https:\/\/parier-presidentielle.com\/ro\/case-de-pariuri-elegere\/","og_site_name":"Parier Pr\u00e9sidentielle","article_modified_time":"2022-04-24T10:00:40+00:00","og_image":[{"url":"https:\/\/parier-presidentielle.com\/wp-content\/uploads\/2021\/09\/macron-1024x578.jpeg"}],"twitter_card":"summary_large_image","twitter_misc":{"Est. reading time":"5 minute"},"schema":{"@context":"https:\/\/schema.org","@graph":[{"@type":"WebPage","@id":"https:\/\/parier-presidentielle.com\/bookmakers-election\/","url":"https:\/\/parier-presidentielle.com\/bookmakers-election\/","name":"Les Bookmakers et l'\u00e9lection Pr\u00e9sidentielle - Finale Coupe du Monde FIFA","isPartOf":{"@id":"https:\/\/parier-presidentielle.com\/#website"},"datePublished":"2021-09-06T22:14:00+00:00","dateModified":"2022-04-24T10:00:40+00:00","description":"Les cote des sites de paris sur le futur Vainqueur en France Macron vs Le Pen","breadcrumb":{"@id":"https:\/\/parier-presidentielle.com\/bookmakers-election\/#breadcrumb"},"inLanguage":"ro-RO","potentialAction":[{"@type":"ReadAction","target":["https:\/\/parier-presidentielle.com\/bookmakers-election\/"]}]},{"@type":"BreadcrumbList","@id":"https:\/\/parier-presidentielle.com\/bookmakers-election\/#breadcrumb","itemListElement":[{"@type":"ListItem","position":1,"name":"Accueil","item":"https:\/\/parier-presidentielle.com\/"},{"@type":"ListItem","position":2,"name":"Les Bookmakers et l&#8217;\u00e9lection Pr\u00e9sidentielle"}]},{"@type":"WebSite","@id":"https:\/\/parier-presidentielle.com\/#website","url":"https:\/\/parier-presidentielle.com\/","name":"Parier Pr\u00e9sidentielle","description":"Paris, Pronostics, Wiki sur la Politique, les Elections Am\u00e9ricaines: Joe Biden, Donald Trump avec les Bookmakers en ligne Unibet, Bwin, Betclic, Winamax","potentialAction":[{"@type":"SearchAction","target":{"@type":"EntryPoint","urlTemplate":"https:\/\/parier-presidentielle.com\/?s={search_term_string}"},"query-input":"required name=search_term_string"}],"inLanguage":"ro-RO"}]}},"_links":{"self":[{"href":"https:\/\/parier-presidentielle.com\/ro\/wp-json\/wp\/v2\/pages\/54"}],"collection":[{"href":"https:\/\/parier-presidentielle.com\/ro\/wp-json\/wp\/v2\/pages"}],"about":[{"href":"https:\/\/parier-presidentielle.com\/ro\/wp-json\/wp\/v2\/types\/page"}],"author":[{"embeddable":true,"href":"https:\/\/parier-presidentielle.com\/ro\/wp-json\/wp\/v2\/users\/1"}],"replies":[{"embeddable":true,"href":"https:\/\/parier-presidentielle.com\/ro\/wp-json\/wp\/v2\/comments?post=54"}],"version-history":[{"count":26,"href":"https:\/\/parier-presidentielle.com\/ro\/wp-json\/wp\/v2\/pages\/54\/revisions"}],"predecessor-version":[{"id":1634,"href":"https:\/\/parier-presidentielle.com\/ro\/wp-json\/wp\/v2\/pages\/54\/revisions\/1634"}],"wp:attachment":[{"href":"https:\/\/parier-presidentielle.com\/ro\/wp-json\/wp\/v2\/media?parent=54"}],"curies":[{"name":"wp","href":"https:\/\/api.w.org\/{rel}","templated":true}]}}