{"id":557,"date":"2022-02-21T12:38:33","date_gmt":"2022-02-21T11:38:33","guid":{"rendered":"https:\/\/parier-presidentielle.com\/?page_id=557"},"modified":"2022-10-27T08:34:43","modified_gmt":"2022-10-27T06:34:43","slug":"bwin-paris-sur-la-politique","status":"publish","type":"page","link":"https:\/\/parier-presidentielle.com\/ro\/bwin-paris-pe-politica\/","title":{"rendered":"Bwin: Pariuri pe politic\u0103"},"content":{"rendered":"<h2 class=\"wp-block-heading\" id=\"l-integralite-des-cotes-de-bwin-france-usa\"><span id=\"l8217integralite-des-cotes-de-bwin-pour-les-elections-en-france-usa8230\">Cota total\u0103 Bwin pentru alegerile din Fran\u021ba, SUA...<\/span><\/h2>\n\n\n\n<p>Dac\u0103 Bwin este unul dintre liderii \u00een domeniul pariurilor sportive, este \u0219i cea mai bun\u0103 cas\u0103 de pariuri \u00een domeniul pariurilor politice \u0219i al alegerilor preziden\u021biale, deoarece ofer\u0103 cele mai multe pariuri pe politica francez\u0103, precum \u0219i pe cea american\u0103 \u0219i britanic\u0103 (prim-ministru)...<br><\/p>\n\n\n<div class=\"wp-block-image\">\n<figure class=\"aligncenter size-medium is-resized\"><img decoding=\"async\" src=\"https:\/\/parier-presidentielle.com\/wp-content\/uploads\/2022\/02\/bwin-elections-300x175.png\" alt=\"\" class=\"wp-image-559\" width=\"500\" srcset=\"https:\/\/parier-presidentielle.com\/wp-content\/uploads\/2022\/02\/bwin-elections-300x175.png 300w, https:\/\/parier-presidentielle.com\/wp-content\/uploads\/2022\/02\/bwin-elections-1024x597.png 1024w, https:\/\/parier-presidentielle.com\/wp-content\/uploads\/2022\/02\/bwin-elections-768x448.png 768w, https:\/\/parier-presidentielle.com\/wp-content\/uploads\/2022\/02\/bwin-elections-1536x896.png 1536w, https:\/\/parier-presidentielle.com\/wp-content\/uploads\/2022\/02\/bwin-elections.png 1961w\" sizes=\"(max-width: 300px) 100vw, 300px\" \/><\/figure><\/div>\n\n\n<h3 class=\"wp-block-heading\" id=\"prochain-candidat-a-la-cour-supreme-des-etats-unis-les-cotes-de-bwin\"><span id=\"i\"><br><\/span><\/h3>\n\n\n\n<p>Pe m\u0103sur\u0103 ce se apropie alegerile preziden\u021biale, Bwin se ofer\u0103 s\u0103 parieze pe alegeri. Bwin este o cas\u0103 de pariuri specializat\u0103 \u00een pariuri sportive online \u0219i pariuri live. Fran\u021ba a fost ales Pre\u0219edinte al Republicii pe 24 aprilie 2022.<\/p>\n\n\n\n<p><strong>Pariaz\u0103 pe urm\u0103toarele alegeri<\/strong><\/p>\n\n\n\n<p>Urm\u0103torul mare eveniment politic vor fi alegerile preziden\u021biale din Fran\u021ba. al doilea tur pe 24 aprilie 2022, sunt disponibile dou\u0103 tipuri de pariuri pe politic\u0103: cine va fi pre\u0219edintele ales dup\u0103 alegeri? Dar \u0219i ce partid va ob\u021bine majoritatea absolut\u0103 \u00een Adunarea Na\u021bional\u0103?<\/p>\n\n\n\n<p>Bwin indic\u0103 faptul c\u0103, \u00een ultimii ani, pariurile au c\u0103p\u0103tat o nou\u0103 dimensiune. \u00centr-adev\u0103r, mul\u021bi politicieni au reu\u0219it s\u0103 valorifice acest tip de pariu pentru a-\u0219i transmite mesajul. Mai mult, unii candida\u021bi chiar au sus\u021binut c\u0103 au c\u00e2\u0219tigat chiar \u00eenainte de \u00eenchiderea urnelor! Pe scurt, pariurile au devenit o parte integrant\u0103 a oric\u0103rui eveniment politic important. Putem vedea aceasta ca pe o adev\u0103rat\u0103 demonstra\u021bie a angajamentului democratic.<\/p>\n\n\n\n<p>\u00cen acest sens, victoria lui Emmanuel Macron a stimulat foarte mult interesul pentru pariuri pe politic\u0103. \u0218i dac\u0103 vrei s\u0103 \u0219tii totul despre politica francez\u0103 \u0219i despre alegerile acesteia (preziden\u0163iale, legislative sau locale), ai ajuns la locul potrivit! Casele de pariuri ofer\u0103 toate informa\u021biile posibile: sondaje, cote, dar \u0219i sfaturi \u0219i predic\u021bii pentru fiecare alegere.<\/p>\n\n\n\n<h3 class=\"wp-block-heading\" id=\"prochain-candidat-a-la-cour-supreme-des-etats-unis-les-cotes-de-bwin\"><span id=\"prochain-candidat-a-la-cour-supreme-des-etats-unis-les-cotes-de-bwin\"><a href=\"https:\/\/parier-presidentielle.com\/ro\/paris-candidat-curte-suprema-state-unite\/\">Urm\u0103torul candidat la Curtea Suprem\u0103 a Statelor Unite, Bwin odds<\/a><\/span><\/h3>\n\n\n\n<p id=\"prochain-candidat-a-la-cour-supreme-des-etats-unis01-04-2022-23-00\">Ziua alegerilor. 01.04.2022 23:00<br><strong>Cine va fi urm\u0103torul nominalizat la Curtea Suprem\u0103 a Statelor Unite?<\/strong> <br>G\u0103si\u021bi toate cotele Bwin pentru a paria pe candida\u021bi: <br>Ketanji Brown Jackson, Julianna Michelle Childs, Leondra Kruger...<br><\/p>\n\n\n\n<h3 class=\"wp-block-heading\" id=\"prochaine-election-presidentielle-en-france-les-cotes-de-bwin\"><span id=\"prochaine-election-presidentielle-en-france-les-cotes-de-bwin\"><a href=\"https:\/\/parier-presidentielle.com\/ro\/bwin-politica-alegeri-2022\/\">Urm\u0103toarele alegeri preziden\u021biale din Fran\u021ba, cote Bwin<\/a><\/span><\/h3>\n\n\n\n<p>Ziua alegerilor. 14.05.2022 12:00<br><strong>Cine va fi urm\u0103torul pre\u0219edinte al republicii franceze?<\/strong> <br>G\u0103si\u021bi toate cotele Bwin pentru a paria pe candida\u021bi: <br><a href=\"https:\/\/parier-presidentielle.com\/ro\/macron-elegere\/\">Emmanuel Macron<\/a>, Val\u00e9rie P\u00e9cresse, Anne Hidalgo, <a href=\"https:\/\/parier-presidentielle.com\/ro\/marine-le-pen-election\/\">Marine Le Pen<\/a>, Jean-Luc M\u00e9lenchon, <a href=\"https:\/\/parier-presidentielle.com\/ro\/zemmour-elegere\/\">Eric Zemmour<\/a><br><\/p>\n\n\n\n<h3 class=\"wp-block-heading\" id=\"election-presidentielle-americaine-2024-les-cotes-de-bwin\"><span id=\"election-presidentielle-americaine-2024-les-cotes-de-bwin\"><br>Alegeri preziden\u021biale din SUA 2024, cote Bwin<\/span><\/h3>\n\n\n\n<p>05\/11\/2024 22:00<br>G\u0103si\u021bi toate cotele Bwin pentru a paria pe candida\u021bi: <br>Donald Trump, Joe Biden, Kamala Harris, Pete Buttigieg, Tucker Carlson, Elizabeth Warren, Hillary Clinton,<br>Alexandria Ocasio-Cortez, Marco Rubio, Ted Cruz, Mike Pompeo, Mitt Romney...<\/p>\n\n\n\n<h3 class=\"wp-block-heading\" id=\"prochain-premier-ministre-du-royaume-uni-les-cotes-de-bwin\"><span id=\"prochain-premier-ministre-du-royaume-uni-les-cotes-de-bwin\"><br><br>Urm\u0103torul prim-ministru al Regatului Unit, cote Bwin<\/span><\/h3>\n\n\n\n<p><br>01\/01\/2025 10:00<br><\/p>\n\n\n\n<h2 class=\"wp-block-heading\" id=\"sondage-trahison-les-specificite-du-paris-politique\"><span id=\"sondage-trahison-les-specificite-du-paris-politique\">Sondaj, tr\u0103dare: specificul Parisului politic<\/span><\/h2>\n\n\n\n<p><br>Pariurile \u00een avans pot pl\u0103ti mari: deoarece pariurile pe rezultatele alegerilor politice sunt disponibile pe <a href=\"https:\/\/parier-presidentielle.com\/ro\/bwin-politica-alegeri-2022\/\"><strong>Bwin<\/strong><\/a> \u0219i poate \u00eencepe cu ani \u00eenainte de data alegerilor. Fiecare alegere are propriile sale surprize \u0219i pariorii trebuie s\u0103 fie capabili s\u0103 judece ce afecteaz\u0103 c\u00e2\u0219tig\u0103torul final, ultimele alegeri franceze \u0219i americane au dejucat de fiecare dat\u0103 multe predic\u021bii cu r\u0103sturn\u0103ri \u0219i r\u0103sturn\u0103ri \u0219i invers\u0103ri de ultim moment!<\/p>\n\n\n\n<h3 class=\"wp-block-heading\" id=\"facteurs-affectant-les-paris-politiques\"><span id=\"facteurs-affectant-les-paris-politiques\"> <br>Factori care afecteaz\u0103 pariurile politice <\/span><\/h3>\n\n\n\n<p>Mai mul\u021bi factori pot afecta rezultatul. Ar putea fi un scandal, zvonuri din tab\u0103ra opozi\u021biei, evenimente actuale, o convingere \u0219oc, calitatea liderilor, promisiuni de campanie, partidul care \u00eei sus\u021bine, modul \u00een care mass-media prezint\u0103 candida\u021bii, puterea credin\u021bei \u00een dezbatere.<\/p>\n\n\n\n<h3 class=\"wp-block-heading\" id=\"parier-sur-la-prochaine-election\"><span id=\"parier-sur-la-prochaine-election-avec-bwin\"><br>Paria\u021bi pe urm\u0103toarele alegeri cu Bwin<\/span><\/h3>\n\n\n\n<p>Urm\u0103torul mare eveniment politic vor fi alegerile preziden\u021biale din Fran\u021ba (toate pariurile sunt pe alegerile preziden\u021biale din Fran\u021ba). \u00cen timp ce primul tur va avea loc pe 10 aprilie \u0219i al doilea pe 24 aprilie 2022, sunt posibile dou\u0103 tipuri de pariuri politice: Cine va ajunge \u00een turul doi \u0219i cine va fi pre\u0219edintele ales la sf\u00e2r\u0219itul votului?<br>La sf\u00e2r\u0219itul anului 2022, Brazilia va organiza alegeri preziden\u021biale. Urm\u0103toarele mari evenimente vor fi alegerile preziden\u021biale din SUA din 2024 \u0219i urm\u0103torul prim-ministru al Regatului Unit din ianuarie 2025. Paria\u021bi pe ce parte a Partidului Democrat sau Republican va c\u00e2\u0219tiga alegerile preziden\u021biale din SUA pe site-ul nostru.<\/p>\n<div id=\"toc_container\" class=\"no_bullets\"><p class=\"toc_title\">Cuprins<\/p><ul class=\"toc_list\"><li><ul><li><\/li><li><\/li><li><\/li><li><\/li><li><\/li><\/ul><\/li><li><ul><li><\/li><li><\/li><\/ul><\/li><\/ul><\/div>","protected":false},"excerpt":{"rendered":"<p>L&#8217;int\u00e9gralit\u00e9 des cotes de Bwin pour les \u00e9lections en France, Usa&#8230; Si Bwin est un des leaders du Paris Sportif il est \u00e9galement le meilleur bookmaker dans le domaine du Pari Politique et des \u00c9lections pr\u00e9sidentielles car il propose le plus de pari aussi bien sur la vie politique Fran\u00e7aise que celle Am\u00e9ricaine, Britannique ( &#8230;<\/p>","protected":false},"author":1,"featured_media":0,"parent":0,"menu_order":0,"comment_status":"closed","ping_status":"closed","template":"page-nosidebar.php","meta":{"footnotes":""},"yoast_head":"<!-- This site is optimized with the Yoast SEO Premium plugin v21.0 (Yoast SEO v21.0) - https:\/\/yoast.com\/wordpress\/plugins\/seo\/ -->\n<title>Bwin : Paris sur la Politique - Finale Coupe du Monde FIFA<\/title>\n<meta name=\"description\" content=\"Parier sur les \u00e9lections Fran\u00e7aise, Am\u00e9ricaine avec le meilleur Bookmaker : Bwin. Int\u00e9gralit\u00e9 des cotes et pronostics pour Parier sur la Politique.\" \/>\n<meta name=\"robots\" content=\"index, follow, max-snippet:-1, max-image-preview:large, max-video-preview:-1\" \/>\n<link rel=\"canonical\" href=\"https:\/\/parier-presidentielle.com\/ro\/bwin-paris-pe-politica\/\" \/>\n<meta property=\"og:locale\" content=\"ro_RO\" \/>\n<meta property=\"og:type\" content=\"article\" \/>\n<meta property=\"og:title\" content=\"Bwin : Paris sur la Politique\" \/>\n<meta property=\"og:description\" content=\"Parier sur les \u00e9lections Fran\u00e7aise, Am\u00e9ricaine avec le meilleur Bookmaker : Bwin. Int\u00e9gralit\u00e9 des cotes et pronostics pour Parier sur la Politique.\" \/>\n<meta property=\"og:url\" content=\"https:\/\/parier-presidentielle.com\/ro\/bwin-paris-pe-politica\/\" \/>\n<meta property=\"og:site_name\" content=\"Parier Pr\u00e9sidentielle\" \/>\n<meta property=\"article:modified_time\" content=\"2022-10-27T06:34:43+00:00\" \/>\n<meta property=\"og:image\" content=\"https:\/\/parier-presidentielle.com\/wp-content\/uploads\/2022\/02\/bwin-elections-300x175.png\" \/>\n<meta name=\"twitter:card\" content=\"summary_large_image\" \/>\n<meta name=\"twitter:label1\" content=\"Est. reading time\" \/>\n\t<meta name=\"twitter:data1\" content=\"4 minute\" \/>\n<script type=\"application\/ld+json\" class=\"yoast-schema-graph\">{\"@context\":\"https:\/\/schema.org\",\"@graph\":[{\"@type\":\"WebPage\",\"@id\":\"https:\/\/parier-presidentielle.com\/bwin-paris-sur-la-politique\/\",\"url\":\"https:\/\/parier-presidentielle.com\/bwin-paris-sur-la-politique\/\",\"name\":\"Bwin : Paris sur la Politique - Finale Coupe du Monde FIFA\",\"isPartOf\":{\"@id\":\"https:\/\/parier-presidentielle.com\/#website\"},\"datePublished\":\"2022-02-21T11:38:33+00:00\",\"dateModified\":\"2022-10-27T06:34:43+00:00\",\"description\":\"Parier sur les \u00e9lections Fran\u00e7aise, Am\u00e9ricaine avec le meilleur Bookmaker : Bwin. Int\u00e9gralit\u00e9 des cotes et pronostics pour Parier sur la Politique.\",\"breadcrumb\":{\"@id\":\"https:\/\/parier-presidentielle.com\/bwin-paris-sur-la-politique\/#breadcrumb\"},\"inLanguage\":\"ro-RO\",\"potentialAction\":[{\"@type\":\"ReadAction\",\"target\":[\"https:\/\/parier-presidentielle.com\/bwin-paris-sur-la-politique\/\"]}]},{\"@type\":\"BreadcrumbList\",\"@id\":\"https:\/\/parier-presidentielle.com\/bwin-paris-sur-la-politique\/#breadcrumb\",\"itemListElement\":[{\"@type\":\"ListItem\",\"position\":1,\"name\":\"Accueil\",\"item\":\"https:\/\/parier-presidentielle.com\/\"},{\"@type\":\"ListItem\",\"position\":2,\"name\":\"Bwin : Paris sur la Politique\"}]},{\"@type\":\"WebSite\",\"@id\":\"https:\/\/parier-presidentielle.com\/#website\",\"url\":\"https:\/\/parier-presidentielle.com\/\",\"name\":\"Parier Pr\u00e9sidentielle\",\"description\":\"Paris, Pronostics, Wiki sur la Politique, les Elections Am\u00e9ricaines: Joe Biden, Donald Trump avec les Bookmakers en ligne Unibet, Bwin, Betclic, Winamax\",\"potentialAction\":[{\"@type\":\"SearchAction\",\"target\":{\"@type\":\"EntryPoint\",\"urlTemplate\":\"https:\/\/parier-presidentielle.com\/?s={search_term_string}\"},\"query-input\":\"required name=search_term_string\"}],\"inLanguage\":\"ro-RO\"}]}<\/script>\n<!-- \/ Yoast SEO Premium plugin. -->","yoast_head_json":{"title":"Bwin : Paris sur la Politique - Finale Coupe du Monde FIFA","description":"Parier sur les \u00e9lections Fran\u00e7aise, Am\u00e9ricaine avec le meilleur Bookmaker : Bwin. Int\u00e9gralit\u00e9 des cotes et pronostics pour Parier sur la Politique.","robots":{"index":"index","follow":"follow","max-snippet":"max-snippet:-1","max-image-preview":"max-image-preview:large","max-video-preview":"max-video-preview:-1"},"canonical":"https:\/\/parier-presidentielle.com\/ro\/bwin-paris-pe-politica\/","og_locale":"ro_RO","og_type":"article","og_title":"Bwin : Paris sur la Politique","og_description":"Parier sur les \u00e9lections Fran\u00e7aise, Am\u00e9ricaine avec le meilleur Bookmaker : Bwin. Int\u00e9gralit\u00e9 des cotes et pronostics pour Parier sur la Politique.","og_url":"https:\/\/parier-presidentielle.com\/ro\/bwin-paris-pe-politica\/","og_site_name":"Parier Pr\u00e9sidentielle","article_modified_time":"2022-10-27T06:34:43+00:00","og_image":[{"url":"https:\/\/parier-presidentielle.com\/wp-content\/uploads\/2022\/02\/bwin-elections-300x175.png"}],"twitter_card":"summary_large_image","twitter_misc":{"Est. reading time":"4 minute"},"schema":{"@context":"https:\/\/schema.org","@graph":[{"@type":"WebPage","@id":"https:\/\/parier-presidentielle.com\/bwin-paris-sur-la-politique\/","url":"https:\/\/parier-presidentielle.com\/bwin-paris-sur-la-politique\/","name":"Bwin : Paris sur la Politique - Finale Coupe du Monde FIFA","isPartOf":{"@id":"https:\/\/parier-presidentielle.com\/#website"},"datePublished":"2022-02-21T11:38:33+00:00","dateModified":"2022-10-27T06:34:43+00:00","description":"Parier sur les \u00e9lections Fran\u00e7aise, Am\u00e9ricaine avec le meilleur Bookmaker : Bwin. Int\u00e9gralit\u00e9 des cotes et pronostics pour Parier sur la Politique.","breadcrumb":{"@id":"https:\/\/parier-presidentielle.com\/bwin-paris-sur-la-politique\/#breadcrumb"},"inLanguage":"ro-RO","potentialAction":[{"@type":"ReadAction","target":["https:\/\/parier-presidentielle.com\/bwin-paris-sur-la-politique\/"]}]},{"@type":"BreadcrumbList","@id":"https:\/\/parier-presidentielle.com\/bwin-paris-sur-la-politique\/#breadcrumb","itemListElement":[{"@type":"ListItem","position":1,"name":"Accueil","item":"https:\/\/parier-presidentielle.com\/"},{"@type":"ListItem","position":2,"name":"Bwin : Paris sur la Politique"}]},{"@type":"WebSite","@id":"https:\/\/parier-presidentielle.com\/#website","url":"https:\/\/parier-presidentielle.com\/","name":"Parier Pr\u00e9sidentielle","description":"Paris, Pronostics, Wiki sur la Politique, les Elections Am\u00e9ricaines: Joe Biden, Donald Trump avec les Bookmakers en ligne Unibet, Bwin, Betclic, Winamax","potentialAction":[{"@type":"SearchAction","target":{"@type":"EntryPoint","urlTemplate":"https:\/\/parier-presidentielle.com\/?s={search_term_string}"},"query-input":"required name=search_term_string"}],"inLanguage":"ro-RO"}]}},"_links":{"self":[{"href":"https:\/\/parier-presidentielle.com\/ro\/wp-json\/wp\/v2\/pages\/557"}],"collection":[{"href":"https:\/\/parier-presidentielle.com\/ro\/wp-json\/wp\/v2\/pages"}],"about":[{"href":"https:\/\/parier-presidentielle.com\/ro\/wp-json\/wp\/v2\/types\/page"}],"author":[{"embeddable":true,"href":"https:\/\/parier-presidentielle.com\/ro\/wp-json\/wp\/v2\/users\/1"}],"replies":[{"embeddable":true,"href":"https:\/\/parier-presidentielle.com\/ro\/wp-json\/wp\/v2\/comments?post=557"}],"version-history":[{"count":24,"href":"https:\/\/parier-presidentielle.com\/ro\/wp-json\/wp\/v2\/pages\/557\/revisions"}],"predecessor-version":[{"id":1684,"href":"https:\/\/parier-presidentielle.com\/ro\/wp-json\/wp\/v2\/pages\/557\/revisions\/1684"}],"wp:attachment":[{"href":"https:\/\/parier-presidentielle.com\/ro\/wp-json\/wp\/v2\/media?parent=557"}],"curies":[{"name":"wp","href":"https:\/\/api.w.org\/{rel}","templated":true}]}}