{"id":709,"date":"2022-02-23T13:20:38","date_gmt":"2022-02-23T12:20:38","guid":{"rendered":"https:\/\/parier-presidentielle.com\/?page_id=709"},"modified":"2022-02-24T23:13:37","modified_gmt":"2022-02-24T22:13:37","slug":"betclic-election-americaine-2024","status":"publish","type":"page","link":"https:\/\/parier-presidentielle.com\/ro\/betclic-american-election-2024\/","title":{"rendered":"Betclic: pariaz\u0103 pe alegerile preziden\u021biale americane din 2024"},"content":{"rendered":"<div class=\"wp-block-image\"><figure class=\"aligncenter size-full is-resized\"><img decoding=\"async\" loading=\"lazy\" src=\"https:\/\/parier-presidentielle.com\/wp-content\/uploads\/2022\/02\/betclic-election-usa-2024-header.jpg\" alt=\"Pariaz\u0103 pe alegerile Joe Biden \u0219i Donald Trump, candida\u021bii anului 2024\" class=\"wp-image-717\" width=\"480\" height=\"270\" srcset=\"https:\/\/parier-presidentielle.com\/wp-content\/uploads\/2022\/02\/betclic-election-usa-2024-header.jpg 640w, https:\/\/parier-presidentielle.com\/wp-content\/uploads\/2022\/02\/betclic-election-usa-2024-header-300x169.jpg 300w\" sizes=\"(max-width: 480px) 100vw, 480px\" \/><\/figure><\/div>\n\n\n\n<h2 class=\"wp-block-heading\"><span id=\"qui-sera-le-prochain-president-etats-unis\">Cine va fi viitorul pre\u0219edinte al Statelor Unite? <\/span><\/h2>\n\n\n\n<p>Pentru \u00eenceput, Joe Biden a fost ales cu greu \u00een 2020, Trump \u0219i sus\u021bin\u0103torii s\u0103i \u00ee\u0219i a\u0219teapt\u0103 cu ner\u0103bdare r\u0103zbunarea! Deci acum po\u021bi miza pe c\u00e2\u0219tig\u0103torul alegerilor preziden\u021biale dac\u0103 \u00eei g\u0103sim pe capetele de afi\u0219 ale politicii republicane \u0219i democrate cu Joe Biden, Kamala Harris, Donald Trump, Nikki Haley Ron; Mike Pence... Cu Betclic este posibil s\u0103 pariezi \u0219i pe celebrit\u0103\u021bi precum Dwayne Johnson, Kanye West, Oprah Winfrey, George Clooney, Mark Zuckerberg\u2026. Chiar dac\u0103 au cote de 200, nu recomand\u0103m s\u0103 pariezi pe ele!<br><\/p>\n\n\n\n<h3 class=\"wp-block-heading\"><span id=\"les-cotes-de-betclic-pour-l8217election-americaine\">Cote Betclic pentru alegerile americane<\/span><\/h3>\n\n\n\n<p>G\u0103si\u021bi \u00een exclusivitate toate cotele de la casa de pariuri Betclic referitoare la viitorul ocupant al Casei Albe:<\/p>\n\n\n\n<div class=\"wp-block-group is-layout-flow wp-block-group-is-layout-flow\"><div class=\"wp-block-group__inner-container\">\n<div class=\"wp-block-columns is-layout-flex wp-container-6 wp-block-columns-is-layout-flex\">\n<div class=\"wp-block-column is-layout-flow wp-block-column-is-layout-flow\">\n<div class=\"wp-block-group is-layout-flow wp-block-group-is-layout-flow\"><div class=\"wp-block-group__inner-container\">\n<div class=\"wp-block-group is-layout-flow wp-block-group-is-layout-flow\"><div class=\"wp-block-group__inner-container\">\n<ul><li><em><strong>Joe Biden 5<\/strong><\/em><\/li><li><em><strong>Kamala Harris 5.50<\/strong><\/em><\/li><li><em><strong>Donald Trump 7.00<\/strong><\/em><\/li><li><em>Nikki Haley 15<\/em><\/li><li><em>Ron DeSantis 13<\/em><\/li><li><em>Mike Pence 17 ani<\/em><\/li><li><em>Jeff Bezos 20<\/em><\/li><li><em>Alexandria Ocasio-Cortez 30<\/em><\/li><li><em>Dwayne Johnson 30<\/em><\/li><li><em>Michelle Obama 35 de ani<\/em><\/li><li><em>Pete Buttigieg 35<\/em><\/li><li><em>Tucker Carlson 35<\/em><\/li><li><em>Ted Cruz 40<\/em><\/li><li><em>Candace Owens 40<\/em><\/li><li><em>Mike Pompeo 40<\/em><\/li><li><em>Ivanka Trump 50<\/em><\/li><\/ul>\n<\/div><\/div>\n<\/div><\/div>\n\n\n\n<p><\/p>\n\n\n\n<p><\/p>\n<\/div>\n\n\n\n<div class=\"wp-block-column is-layout-flow wp-block-column-is-layout-flow\">\n<ul><li><em>Michael Flynn 50<\/em><\/li><li><em>Tom Cotton 50<\/em><\/li><li><em>Elizabeth Warren 50 de ani<\/em><\/li><li><em>Marco Rubio 50<\/em><\/li><li><em>John Kasich 60<\/em><\/li><li><em>Andrew Cuomo 65 de ani<\/em><\/li><li><em>Mark Cuban 65 de ani<\/em><\/li><li><em>Dan Crenshaw 65 de ani<\/em><\/li><li><em>Andrew Yang 65<\/em><\/li><li><em>Amy Klobuchar 65<\/em><\/li><li><em>Beto O&#039;Rourke 65<\/em><\/li><li><em>Ben Carson 80<\/em><\/li><li><em>Tulsi Gabbard 80<\/em><\/li><li><em>Pantaloni Keisha Lance 80<\/em><\/li><li><em>Val Demings 80<\/em><\/li><li><em>Cory Booker 100<\/em><\/li><\/ul>\n\n\n\n<p><\/p>\n<\/div>\n\n\n\n<div class=\"wp-block-column is-layout-flow wp-block-column-is-layout-flow\">\n<ul><li><em>Gavin Newsom 100<\/em><\/li><li><em>Stacey Abrams 100<\/em><\/li><li><em>Joseph P Kennedy 100<\/em><\/li><li><em>Paul Ryan 100<\/em><\/li><li><em>Bernie Sanders 100<\/em><\/li><li><em>Rand Paul 100<\/em><\/li><li><em>Susan Rice 100<\/em><\/li><li><em>Chris Christie 100<\/em><\/li><li><em>Hillary Clinton 100<\/em><\/li><li><em>Kanye West 100<\/em><\/li><li><em>Michael Bloomberg 100<\/em><\/li><li><em>Mitt Romney 100<\/em><\/li><li><em>Oprah Winfrey 100<\/em><\/li><li><em>George Clooney 100<\/em><\/li><li><em>Chelsea Clinton 200<\/em><\/li><li><em>Mark Zuckerberg 200<\/em><\/li><\/ul>\n<\/div>\n<\/div>\n<\/div><\/div>\n\n\n\n<h4 class=\"has-text-align-center wp-block-heading\"><span id=\"presentation-des-cotes-de-du-site-de-betclic\">Prezentarea cotelor de pe site-ul Betclic<\/span><\/h4>\n\n\n\n<div class=\"wp-block-image\"><figure class=\"aligncenter size-large is-resized\"><img decoding=\"async\" loading=\"lazy\" src=\"https:\/\/parier-presidentielle.com\/wp-content\/uploads\/2022\/02\/betclic-election-usa-2024-976x1024.png\" alt=\"Cote Betclic pentru urm\u0103torul candidat Viitorul pre\u0219edinte american\" class=\"wp-image-710\" width=\"488\" height=\"512\"\/><\/figure><\/div>\n\n\n\n<h3 class=\"wp-block-heading\" id=\"analyse-et-pronostics\"><span id=\"analyse-et-pronostics-pour-parier-sur-le-futur-president-americain\">Analiz\u0103 \u0219i predic\u021bii pentru pariuri pe viitorul pre\u0219edinte american<\/span><\/h3>\n\n\n\n<p>Dup\u0103 ce am analizat \u0219tirile \u0219i sondajele pentru moment, Joe Biden \u0219i Donald Trump sunt la g\u00e2t! \u00cen plus, \u0219ansele pentru ace\u0219ti 2 candida\u021bi sunt foarte mari 5 \u0219i 7! Ceea ce \u00eenseamn\u0103 c\u0103 pariul acum poate pl\u0103ti foarte mult, ca s\u0103 nu mai vorbim c\u0103 dac\u0103 un candidat nu se \u00eenscrie, pariul t\u0103u este automat rambursat!<br><br><\/p>\n\n\n\n<h3 class=\"wp-block-heading\" id=\"comment-realiser-son-1-pari-avec-bwin-c\"><span id=\"comment-realiser-son-1er-pari-avec-betclic-sur-un-candidat-a-la-presidentielle-des-etats-unis\">Cum s\u0103 pariezi primul t\u0103u cu Betclic pe un candidat la pre\u0219edin\u021bia Statelor Unite?<\/span><\/h3>\n\n\n\n<p id=\"comment-realiser-son-1-pari-avec-bwin-c\">A\u0219a cum po\u021bi paria pe victoria echipei de fotbal preferate, este posibil s\u0103 pariezi pe c\u00e2\u0219tig\u0103torul alegerilor preziden\u021biale din Statele Unite cu casa de pariuri Betclic: este rapid \u0219i u\u0219or!<\/p>\n\n\n\n<ol><li>Alege\u021bi candidatul pe care dori\u021bi s\u0103 paria\u021bi:<br>\u00een exemplul nostru este Joe Biden.<br><\/li><li>Indica\u021bi miza pe care dori\u021bi s\u0103 o paria\u021bi,<br>10\u20ac \u00een simularea noastr\u0103<br><\/li><li>\u0218i acum, s-a terminat!<br>\u00cen captura noastr\u0103 de ecran, Cota fiind 5 \u0219i miza de 10 \u20ac \u00een caz de victorie <strong>c\u00e2\u0219tigi 50\u20ac!<\/strong><\/li><\/ol>\n\n\n\n<div class=\"wp-block-image\"><figure class=\"aligncenter size-full is-resized\"><img decoding=\"async\" loading=\"lazy\" src=\"https:\/\/parier-presidentielle.com\/wp-content\/uploads\/2022\/02\/betclic-paris-president-des-etats-unis.png\" alt=\"cum s\u0103 pariezi cu Betclic pentru urm\u0103torul candidat pentru urm\u0103torul candidat Viitorul pre\u0219edinte american\" class=\"wp-image-768\" width=\"259\" height=\"372\" srcset=\"https:\/\/parier-presidentielle.com\/wp-content\/uploads\/2022\/02\/betclic-paris-president-des-etats-unis.png 517w, https:\/\/parier-presidentielle.com\/wp-content\/uploads\/2022\/02\/betclic-paris-president-des-etats-unis-208x300.png 208w\" sizes=\"(max-width: 259px) 100vw, 259px\" \/><\/figure><\/div>\n\n\n\n<h2 class=\"wp-block-heading\"><span id=\"l8217actualite-des-candidats-a-l8217election-presidentielle-des-etats-unis\">\u0218tiri de la candida\u021bii la alegerile preziden\u021biale din Statele Unite<\/span><\/h2>\n\n\n\n<h3 class=\"wp-block-heading\"><span id=\"plus-d8217interrogations-que-de-reponses-sur-l8217election-presidentielle-de-2024\">Mai multe \u00eentreb\u0103ri dec\u00e2t r\u0103spunsuri despre alegerile preziden\u021biale din 2024. <\/span><\/h3>\n\n\n\n<p><br>Pre\u0219edinte <strong>Joe Biden<\/strong> va ap\u0103rea el? El spune c\u0103 inten\u021bioneaz\u0103 s\u0103 fac\u0103 acest lucru, dar dac\u0103 nu o face, cine va fi candidatul democrat? Fostul presedinte <strong>Donald Trump <\/strong>va ap\u0103rea el? Va contesta cineva serios nominalizarea lui republican? Exist\u0103 mai multe necunoscute dec\u00e2t informa\u021bii cunoscute. <\/p>\n\n\n\n<blockquote class=\"wp-block-quote\"><p>Dar dac\u0103 istoria recent\u0103 este un ghid, \u0219tim un lucru important: alegerile din 2024 sunt deja foarte aproape. <\/p><\/blockquote>\n\n\n\n<h3 class=\"wp-block-heading\"><span id=\"les-defis-et-les-dangers-auxquels-sont-confrontes-les-democrates-dans-la-prochaine-course-presidentielle\">Provoc\u0103rile \u0219i pericolele cu care se confrunt\u0103 democra\u021bii \u00een viitoarea curs\u0103 preziden\u021bial\u0103.<\/span><\/h3>\n\n\n\n<p>\u201e\u00cen 10 din 17 alegeri preziden\u021biale din 1920 p\u00e2n\u0103 \u00een 1984, votul popular a fost de 10 puncte sau mai mult. \u2026 Dar la cele nou\u0103 alegeri din 1988 p\u00e2n\u0103 \u00een 2020, niciun candidat nu s-a apropiat de 10. Punct procentual c\u00e2\u0219tig\u0103, cinci din ultimele \u0219ase fiind stabilite cu mai pu\u021bin de 5 puncte procentuale.\u201d Este destul de incredibil. De fapt, dac\u0103 adun\u0103m toate voturile (aproximativ 1 miliard) pentru cei doi candida\u021bi majori ai partidei \u00een ultimele nou\u0103 alegeri, democra\u021bii au ob\u021binut 51,2 % din total, \u00een timp ce republicanii au ob\u021binut 48,2 %. Galston \u0219i Carmack. Asta e o cravat\u0103 dracului. Realitatea relev\u0103 aceste cifre este c\u0103 am fost \u2013 \u0219i \u00eenc\u0103 suntem \u2013 o perioad\u0103 volatil\u0103 \u00een care niciunul dintre partide nu poate ob\u021bine un avantaj electoral pentru o perioad\u0103 prelungit\u0103. (\u00cen ultimele nou\u0103 alegeri preziden\u021biale, controlul Casei Albe s-a schimbat de cinci ori.) <br>P\u00e2n\u0103 c\u00e2nd un partid va dep\u0103\u0219i impasul \u0219i va construi o majoritate na\u021bional\u0103 de durat\u0103, alegerile apropiate vor r\u0103m\u00e2ne regula, aleg\u0103torii indeci\u0219i din statele cheie r\u0103m\u00e2n\u00e2nd cheia victoriei.<\/p>\n\n\n\n<h4 class=\"wp-block-heading\"><span id=\"la-candidature-de-trump-l8217element-determinant\"><br>Candidatura lui Trump factor determinant<\/span><\/h4>\n\n\n\n<p>Dac\u0103 Trump va rula \u0219ansele de <a href=\"https:\/\/parier-presidentielle.com\/ro\/betclic-presidential-2022\/\">Betclic<\/a> la 7 este o afacere foarte bun\u0103, deoarece predic\u021bia c\u0103 nu va c\u00e2\u0219tiga din nou pre\u0219edin\u021bia este contestat\u0103 direct de constat\u0103rile acestui articol. Alegerile preziden\u021biale din 2024 vor fi cu siguran\u021b\u0103 o curs\u0103 foarte str\u00e2ns\u0103, ceea ce \u00eenseamn\u0103 c\u0103 \u0219ansele de victorie ale lui Trump vor fi foarte aproape de aruncarea unei monede!<br><\/p>\n\n\n\n<p class=\"has-text-align-center unibet\" style=\"font-size:25px\"><mark style=\"background-color:rgba(0, 0, 0, 0);color:#0d7a12\" class=\"has-inline-color\"><strong><a href=\"https:\/\/parier-presidentielle.com\/ro\/recommends\/unibet\/\">Bonus de 150 EUR oferit cu Unibet<br>Pentru primul pariu politic sau sportiv: Face\u021bi clic aici<\/a><\/strong><\/mark><\/p>\n\n\n\n<p><\/p>\n\n\n<div class=\"wp-block-image\">\n<figure class=\"aligncenter is-resized wp-duotone-000097-ff4747-8\"><img decoding=\"async\" loading=\"lazy\" src=\"https:\/\/parier-presidentielle.com\/wp-content\/uploads\/2021\/09\/election-standard-scale-4_00x-gigapixel-1024x623.jpg\" alt=\"Alegeri 2022\" style=\"width:256px;height:156px\" width=\"256\" height=\"156\"\/><\/figure><\/div>\n\n\n<p><br><\/p>\n\n\n\n<p><strong>Parier-presiden\u0163ial v\u0103 ajut\u0103 s\u0103 alege\u0163i \u00eentre diferite<a href=\"https:\/\/parier-presidentielle.com\/ro\/\"> Casele de pariuri Bwin, Unibet, Betclic vor paria pe viitorul pre\u0219edinte american \u00een 2024<\/a> : <\/strong><br><a href=\"https:\/\/parier-presidentielle.com\/ro\/unibet-politica-elegeri-2022\/\">Casa de pariuri preziden\u021bial\u0103 Unibet<\/a> : Ghid detaliat \u0219i gratuit pentru a face primul pariu online cu toate cotele \u0219i cum s\u0103 profita\u021bi de Bonusul oferit!<\/p>\n\n\n\n<p>Ca \u0219i alte site-uri online din Paris: <a href=\"https:\/\/parier-presidentielle.com\/ro\/unibet-politica-elegeri-2022\/\">Bwin<\/a>, <a href=\"https:\/\/parier-presidentielle.com\/ro\/netbet-paris-politica-alegeri-2022\/\">NetBet<\/a>, <a href=\"https:\/\/parier-presidentielle.com\/ro\/betclic-presidential-2022\/\">Betclic<\/a>, <a href=\"https:\/\/parier-presidentielle.com\/ro\/winamax-politica-alegeri-2022\/\">Winamax<\/a>, Parions Sport, Zebet, Betway, France-Pari, Vbet, Cloudbet, 1Xbit, 1xbet, Betfair, Betwinner \u2026<\/p>\n\n\n\n<div class=\"wp-block-columns is-layout-flex wp-container-13 wp-block-columns-is-layout-flex\">\n<div class=\"wp-block-column is-layout-flow wp-block-column-is-layout-flow\" style=\"flex-basis:33.33%\">\n<p>Tocmai a\u021bi citit dosarul nostru:<\/p>\n<\/div>\n\n\n\n<div class=\"wp-block-column is-layout-flow wp-block-column-is-layout-flow\" style=\"flex-basis:33.33%\">\n<div class=\"wp-block-group is-layout-flow wp-block-group-is-layout-flow\"><div class=\"wp-block-group__inner-container\"><h4 class=\"has-text-align-center wp-block-post-title\"><span id=\"betclic-parier-sur-l8217election-presidentielle-americaine-de-2024\"><a href=\"https:\/\/parier-presidentielle.com\/ro\/betclic-american-election-2024\/\" target=\"_self\" >Betclic: pariaz\u0103 pe alegerile preziden\u021biale americane din 2024<\/a><\/span><\/h4><\/div><\/div>\n<\/div>\n\n\n\n<div class=\"wp-block-column is-layout-flow wp-block-column-is-layout-flow\" style=\"flex-basis:33.33%\">\n<p class=\"has-text-align-right\">Continua\u021bi s\u0103 citi\u021bi cu celelalte fi\u0219iere exclusive ale noastre,<\/p>\n<\/div>\n<\/div>\n\n\n\n<h3 class=\"wp-block-heading\" id=\"tous-les-pronostics-sondage-et-cotes-pour-parier-sur-le-futur-vainqueur-de-l-election-presidentielle-2022\"><span id=\"tous-les-pronostics-sondage-et-cotes-pour-parier-sur-le-futur-vainqueur-de-l8217election-presidentielle-2024\">Toate predic\u021biile, sondajele \u0219i cotele pentru a paria pe viitorul c\u00e2\u0219tig\u0103tor al alegerilor preziden\u021biale din 2024:<\/span><\/h3>\n\n\n\n<ul>\n<li><a href=\"https:\/\/parier-presidentielle.com\/ro\/macron-elegere\/\">Paria\u021bi pe Emmanuel Macron cu Unibet, Betclic, Bwin<\/a> : Favoritul \u00een sondaje \u0219i predic\u021bii <\/li>\n\n\n\n<li><a href=\"https:\/\/parier-presidentielle.com\/ro\/marine-le-pen-election\/\">Marine Le Pen: Cotele ei \u0219i cum s\u0103 pariezi cu casele de pariuri<\/a>: Provocatorul conform Unibet<\/li>\n<\/ul>\n\n\n\n<p><\/p>\n\n\n\n<center><script type=\"text\/javascript\" charset=\"utf-8\" src=\"https:\/\/www.gambling-affiliation.com\/cpm\/v=AmIMTDSs92QY6b0MzDMvM5laCjJ-ZlA-1oQ-7tKsi.w_GA7331V2\"><\/script><\/center>\n\n\n\n<h3 class=\"wp-block-heading\"><span id=\"donald-trump-vs-joe-biden-la-video-qui-lance-les-paris-en-ligne-sur-l8217election-politique-de-2024\">Donald Trump vs Joe Biden: videoclipul care lanseaz\u0103 pariuri online la alegerile politice din 2024<\/span><\/h3>\n\n\n\n<figure class=\"wp-block-embed is-type-video is-provider-youtube wp-block-embed-youtube wp-embed-aspect-16-9 wp-has-aspect-ratio\"><div class=\"wp-block-embed__wrapper\">\n<iframe loading=\"lazy\" title=\"Fostul pre\u0219edinte Donald Trump lanseaz\u0103 oferta #Short pentru 2024 la Casa Alb\u0103\" width=\"640\" height=\"360\" src=\"https:\/\/www.youtube.com\/embed\/hZykPRVe4Ag?feature=oembed\" frameborder=\"0\" allow=\"accelerometer; autoplay; clipboard-write; encrypted-media; gyroscope; picture-in-picture; web-share\" allowfullscreen><\/iframe>\n<\/div><\/figure>\n\n\n<div class=\"wp-block-image\">\n<figure class=\"aligncenter size-medium\"><a href=\"https:\/\/parier-presidentielle.com\/ro\/recommends\/unibet\/\" target=\"_blank\" rel=\"noopener\"><img decoding=\"async\" loading=\"lazy\" width=\"300\" height=\"169\" src=\"https:\/\/parier-presidentielle.com\/wp-content\/uploads\/2022\/04\/unibet-300x169.jpg\" alt=\"\" class=\"wp-image-1252\" srcset=\"https:\/\/parier-presidentielle.com\/wp-content\/uploads\/2022\/04\/unibet-300x169.jpg 300w, https:\/\/parier-presidentielle.com\/wp-content\/uploads\/2022\/04\/unibet-1024x576.jpg 1024w, https:\/\/parier-presidentielle.com\/wp-content\/uploads\/2022\/04\/unibet-768x432.jpg 768w, https:\/\/parier-presidentielle.com\/wp-content\/uploads\/2022\/04\/unibet-18x10.jpg 18w, https:\/\/parier-presidentielle.com\/wp-content\/uploads\/2022\/04\/unibet.jpg 1280w\" sizes=\"(max-width: 300px) 100vw, 300px\" \/><\/a><\/figure><\/div>\n\n\n<p>G\u0103si\u021bi Wiki, \u0219tirile politice esen\u021biale despre Cannabis \u0219i derivatele sale legale: <strong>HHC, H4cbd, Thcp, Thcv, HSD, HHCPO, C4B<\/strong><\/p>\n<div id=\"toc_container\" class=\"no_bullets\"><p class=\"toc_title\">Cuprins<\/p><ul class=\"toc_list\"><li><ul><li><ul><li><\/li><\/ul><\/li><li><\/li><li><\/li><\/ul><\/li><li><ul><li><\/li><li><ul><li><\/li><li><\/li><\/ul><\/li><li><\/li><li><\/li><\/ul><\/li><\/ul><\/div>","protected":false},"excerpt":{"rendered":"<p>Cine va fi viitorul pre\u0219edinte al Statelor Unite? Pentru \u00eenceput, Joe Biden a fost ales cu greu \u00een 2020, Trump \u0219i sus\u021bin\u0103torii s\u0103i \u00ee\u0219i a\u0219teapt\u0103 cu ner\u0103bdare r\u0103zbunarea! A\u0219a c\u0103 acum po\u021bi paria pe c\u00e2\u0219tig\u0103torul alegerilor preziden\u021biale dac\u0103 \u00eei g\u0103sim pe capul de afi\u0219 al politicii republicane \u0219i democrate cu Joe Biden, Kamala...<\/p>","protected":false},"author":1,"featured_media":0,"parent":0,"menu_order":0,"comment_status":"closed","ping_status":"closed","template":"page-nosidebar.php","meta":{"footnotes":""},"yoast_head":"<!-- This site is optimized with the Yoast SEO Premium plugin v21.0 (Yoast SEO v21.0) - https:\/\/yoast.com\/wordpress\/plugins\/seo\/ -->\n<title>Betclic : Parier sur l&#039;\u00c9lection Pr\u00e9sidentielle Am\u00e9ricaine de 2024 - Finale Coupe du Monde FIFA<\/title>\n<meta name=\"description\" content=\"L&#039;int\u00e9gral des Cotes de Betclic pour l\u2019\u00e9lection am\u00e9ricaine\" \/>\n<meta name=\"robots\" content=\"index, follow, max-snippet:-1, max-image-preview:large, max-video-preview:-1\" \/>\n<link rel=\"canonical\" href=\"https:\/\/parier-presidentielle.com\/ro\/betclic-american-election-2024\/\" \/>\n<meta property=\"og:locale\" content=\"ro_RO\" \/>\n<meta property=\"og:type\" content=\"article\" \/>\n<meta property=\"og:title\" content=\"Betclic : Parier sur l&#039;\u00c9lection Pr\u00e9sidentielle Am\u00e9ricaine de 2024\" \/>\n<meta property=\"og:description\" content=\"L&#039;int\u00e9gral des Cotes de Betclic pour l\u2019\u00e9lection am\u00e9ricaine\" \/>\n<meta property=\"og:url\" content=\"https:\/\/parier-presidentielle.com\/ro\/betclic-american-election-2024\/\" \/>\n<meta property=\"og:site_name\" content=\"Parier Pr\u00e9sidentielle\" \/>\n<meta property=\"article:modified_time\" content=\"2022-02-24T22:13:37+00:00\" \/>\n<meta property=\"og:image\" content=\"https:\/\/parier-presidentielle.com\/wp-content\/uploads\/2022\/02\/betclic-election-usa-2024-header.jpg\" \/>\n<meta name=\"twitter:card\" content=\"summary_large_image\" \/>\n<meta name=\"twitter:label1\" content=\"Est. reading time\" \/>\n\t<meta name=\"twitter:data1\" content=\"2 minute\" \/>\n<script type=\"application\/ld+json\" class=\"yoast-schema-graph\">{\"@context\":\"https:\/\/schema.org\",\"@graph\":[{\"@type\":\"WebPage\",\"@id\":\"https:\/\/parier-presidentielle.com\/betclic-election-americaine-2024\/\",\"url\":\"https:\/\/parier-presidentielle.com\/betclic-election-americaine-2024\/\",\"name\":\"Betclic : Parier sur l'\u00c9lection Pr\u00e9sidentielle Am\u00e9ricaine de 2024 - Finale Coupe du Monde FIFA\",\"isPartOf\":{\"@id\":\"https:\/\/parier-presidentielle.com\/#website\"},\"datePublished\":\"2022-02-23T12:20:38+00:00\",\"dateModified\":\"2022-02-24T22:13:37+00:00\",\"description\":\"L'int\u00e9gral des Cotes de Betclic pour l\u2019\u00e9lection am\u00e9ricaine\",\"breadcrumb\":{\"@id\":\"https:\/\/parier-presidentielle.com\/betclic-election-americaine-2024\/#breadcrumb\"},\"inLanguage\":\"ro-RO\",\"potentialAction\":[{\"@type\":\"ReadAction\",\"target\":[\"https:\/\/parier-presidentielle.com\/betclic-election-americaine-2024\/\"]}]},{\"@type\":\"BreadcrumbList\",\"@id\":\"https:\/\/parier-presidentielle.com\/betclic-election-americaine-2024\/#breadcrumb\",\"itemListElement\":[{\"@type\":\"ListItem\",\"position\":1,\"name\":\"Accueil\",\"item\":\"https:\/\/parier-presidentielle.com\/\"},{\"@type\":\"ListItem\",\"position\":2,\"name\":\"Betclic : Parier sur l&rsquo;\u00c9lection Pr\u00e9sidentielle Am\u00e9ricaine de 2024\"}]},{\"@type\":\"WebSite\",\"@id\":\"https:\/\/parier-presidentielle.com\/#website\",\"url\":\"https:\/\/parier-presidentielle.com\/\",\"name\":\"Parier Pr\u00e9sidentielle\",\"description\":\"Paris, Pronostics, Wiki sur la Politique, les Elections Am\u00e9ricaines: Joe Biden, Donald Trump avec les Bookmakers en ligne Unibet, Bwin, Betclic, Winamax\",\"potentialAction\":[{\"@type\":\"SearchAction\",\"target\":{\"@type\":\"EntryPoint\",\"urlTemplate\":\"https:\/\/parier-presidentielle.com\/?s={search_term_string}\"},\"query-input\":\"required name=search_term_string\"}],\"inLanguage\":\"ro-RO\"}]}<\/script>\n<!-- \/ Yoast SEO Premium plugin. -->","yoast_head_json":{"title":"Betclic : Parier sur l'\u00c9lection Pr\u00e9sidentielle Am\u00e9ricaine de 2024 - Finale Coupe du Monde FIFA","description":"L'int\u00e9gral des Cotes de Betclic pour l\u2019\u00e9lection am\u00e9ricaine","robots":{"index":"index","follow":"follow","max-snippet":"max-snippet:-1","max-image-preview":"max-image-preview:large","max-video-preview":"max-video-preview:-1"},"canonical":"https:\/\/parier-presidentielle.com\/ro\/betclic-american-election-2024\/","og_locale":"ro_RO","og_type":"article","og_title":"Betclic : Parier sur l'\u00c9lection Pr\u00e9sidentielle Am\u00e9ricaine de 2024","og_description":"L'int\u00e9gral des Cotes de Betclic pour l\u2019\u00e9lection am\u00e9ricaine","og_url":"https:\/\/parier-presidentielle.com\/ro\/betclic-american-election-2024\/","og_site_name":"Parier Pr\u00e9sidentielle","article_modified_time":"2022-02-24T22:13:37+00:00","og_image":[{"url":"https:\/\/parier-presidentielle.com\/wp-content\/uploads\/2022\/02\/betclic-election-usa-2024-header.jpg"}],"twitter_card":"summary_large_image","twitter_misc":{"Est. reading time":"2 minute"},"schema":{"@context":"https:\/\/schema.org","@graph":[{"@type":"WebPage","@id":"https:\/\/parier-presidentielle.com\/betclic-election-americaine-2024\/","url":"https:\/\/parier-presidentielle.com\/betclic-election-americaine-2024\/","name":"Betclic : Parier sur l'\u00c9lection Pr\u00e9sidentielle Am\u00e9ricaine de 2024 - Finale Coupe du Monde FIFA","isPartOf":{"@id":"https:\/\/parier-presidentielle.com\/#website"},"datePublished":"2022-02-23T12:20:38+00:00","dateModified":"2022-02-24T22:13:37+00:00","description":"L'int\u00e9gral des Cotes de Betclic pour l\u2019\u00e9lection am\u00e9ricaine","breadcrumb":{"@id":"https:\/\/parier-presidentielle.com\/betclic-election-americaine-2024\/#breadcrumb"},"inLanguage":"ro-RO","potentialAction":[{"@type":"ReadAction","target":["https:\/\/parier-presidentielle.com\/betclic-election-americaine-2024\/"]}]},{"@type":"BreadcrumbList","@id":"https:\/\/parier-presidentielle.com\/betclic-election-americaine-2024\/#breadcrumb","itemListElement":[{"@type":"ListItem","position":1,"name":"Accueil","item":"https:\/\/parier-presidentielle.com\/"},{"@type":"ListItem","position":2,"name":"Betclic : Parier sur l&rsquo;\u00c9lection Pr\u00e9sidentielle Am\u00e9ricaine de 2024"}]},{"@type":"WebSite","@id":"https:\/\/parier-presidentielle.com\/#website","url":"https:\/\/parier-presidentielle.com\/","name":"Parier Pr\u00e9sidentielle","description":"Paris, Pronostics, Wiki sur la Politique, les Elections Am\u00e9ricaines: Joe Biden, Donald Trump avec les Bookmakers en ligne Unibet, Bwin, Betclic, Winamax","potentialAction":[{"@type":"SearchAction","target":{"@type":"EntryPoint","urlTemplate":"https:\/\/parier-presidentielle.com\/?s={search_term_string}"},"query-input":"required name=search_term_string"}],"inLanguage":"ro-RO"}]}},"_links":{"self":[{"href":"https:\/\/parier-presidentielle.com\/ro\/wp-json\/wp\/v2\/pages\/709"}],"collection":[{"href":"https:\/\/parier-presidentielle.com\/ro\/wp-json\/wp\/v2\/pages"}],"about":[{"href":"https:\/\/parier-presidentielle.com\/ro\/wp-json\/wp\/v2\/types\/page"}],"author":[{"embeddable":true,"href":"https:\/\/parier-presidentielle.com\/ro\/wp-json\/wp\/v2\/users\/1"}],"replies":[{"embeddable":true,"href":"https:\/\/parier-presidentielle.com\/ro\/wp-json\/wp\/v2\/comments?post=709"}],"version-history":[{"count":37,"href":"https:\/\/parier-presidentielle.com\/ro\/wp-json\/wp\/v2\/pages\/709\/revisions"}],"predecessor-version":[{"id":777,"href":"https:\/\/parier-presidentielle.com\/ro\/wp-json\/wp\/v2\/pages\/709\/revisions\/777"}],"wp:attachment":[{"href":"https:\/\/parier-presidentielle.com\/ro\/wp-json\/wp\/v2\/media?parent=709"}],"curies":[{"name":"wp","href":"https:\/\/api.w.org\/{rel}","templated":true}]}}