{"id":951,"date":"2022-03-08T15:51:23","date_gmt":"2022-03-08T14:51:23","guid":{"rendered":"https:\/\/parier-presidentielle.com\/?page_id=951"},"modified":"2022-03-30T23:38:42","modified_gmt":"2022-03-30T21:38:42","slug":"bookmakers-sondages-election-presidentielle","status":"publish","type":"page","link":"https:\/\/parier-presidentielle.com\/ro\/case-de-pariuri-sondaje-alegeri-prezidentiale\/","title":{"rendered":"Casele de pariuri: mai de \u00eencredere dec\u00e2t Sondajele pentru alegerile preziden\u021biale"},"content":{"rendered":"<h2 class=\"wp-block-heading\"><span id=\"le-paradoxe-des-sondages-politiques\">Paradoxul sondajelor politice<\/span><\/h2>\n\n\n\n<p><br><em>Cu c\u00e2t au \u00eenv\u0103\u021bat mai mul\u021bi oameni despre tehnicile de sondaj \u0219i au fost expu\u0219i la rezultate, cu at\u00e2t rezultatele au devenit mai p\u0103rtinitoare. Pentru ce?<\/em><\/p>\n\n\n\n<figure class=\"wp-block-image size-large wp-duotone-000096-rgba2557171051-1\"><img decoding=\"async\" loading=\"lazy\" width=\"1024\" height=\"545\" src=\"https:\/\/parier-presidentielle.com\/wp-content\/uploads\/2022\/03\/bookmakers-sondages-election-presidentielle-1024x545.jpg\" alt=\"\" class=\"wp-image-965\" srcset=\"https:\/\/parier-presidentielle.com\/wp-content\/uploads\/2022\/03\/bookmakers-sondages-election-presidentielle-1024x545.jpg 1024w, https:\/\/parier-presidentielle.com\/wp-content\/uploads\/2022\/03\/bookmakers-sondages-election-presidentielle-300x160.jpg 300w, https:\/\/parier-presidentielle.com\/wp-content\/uploads\/2022\/03\/bookmakers-sondages-election-presidentielle-768x409.jpg 768w, https:\/\/parier-presidentielle.com\/wp-content\/uploads\/2022\/03\/bookmakers-sondages-election-presidentielle-1536x818.jpg 1536w, https:\/\/parier-presidentielle.com\/wp-content\/uploads\/2022\/03\/bookmakers-sondages-election-presidentielle-2048x1091.jpg 2048w\" sizes=\"(max-width: 1024px) 100vw, 1024px\" \/><\/figure>\n\n\n\n<p>\u00cen ciuda istoriei lor lungi, sondajele preelectorale au un defect major: responden\u021bii au liberul arbitru de a min\u021bi, de a se r\u0103zg\u00e2ndi \u0219i de a \u00een\u0219ela buletinele de vot din trecut. Exemple recente din Regatul Unit \u0219i Statele Unite arat\u0103 c\u0103 o mare parte a popula\u021biei fie este nereprezentat\u0103 \u00een e\u0219antionul chestionat \u0219i, prin urmare, este dificil de corectat, fie \u00ee\u0219i schimb\u0103 inten\u021biile de vot \u00een ultimul moment \u00een func\u021bie de factori directi sau voluntar (un fapt bazat pe pe sondajele statistice prin sondaj face dificil\u0103 urm\u0103rirea cauzei acestei schimb\u0103ri). Ceea ce este foarte clar \u00een timpul acestor alegeri, num\u0103rul aleg\u0103torilor este un record!<\/p>\n\n\n\n<div class=\"wp-block-columns is-layout-flex wp-container-5 wp-block-columns-is-layout-flex\">\n<div class=\"wp-block-column is-layout-flow wp-block-column-is-layout-flow\" style=\"flex-basis:100%\">\n<div class=\"wp-block-columns is-layout-flex wp-container-3 wp-block-columns-is-layout-flex\">\n<div class=\"wp-block-column is-layout-flow wp-block-column-is-layout-flow\" style=\"flex-basis:100%\">\n<center><script type=\"text\/javascript\" charset=\"utf-8\" src=\"https:\/\/www.gambling-affiliation.com\/cpm\/v=AmIMTDSs92QY6b0MzDMvM5laCjJ-ZlA-1oQ-7tKsi.w_GA7331V2\"><\/script><\/center>\n\n\n\n<p><\/p>\n\n\n\n<div class=\"wp-block-image is-style-default\"><figure class=\"aligncenter size-medium\"><a href=\"https:\/\/parier-presidentielle.com\/ro\/recommends\/unibet-logo\/\" target=\"_blank\" rel=\"no follow noopener\"><img decoding=\"async\" loading=\"lazy\" width=\"300\" height=\"169\" src=\"https:\/\/parier-presidentielle.com\/wp-content\/uploads\/2022\/04\/unibet-300x169.jpg\" alt=\"\" class=\"wp-image-1252\" srcset=\"https:\/\/parier-presidentielle.com\/wp-content\/uploads\/2022\/04\/unibet-300x169.jpg 300w, https:\/\/parier-presidentielle.com\/wp-content\/uploads\/2022\/04\/unibet-1024x576.jpg 1024w, https:\/\/parier-presidentielle.com\/wp-content\/uploads\/2022\/04\/unibet-768x432.jpg 768w, https:\/\/parier-presidentielle.com\/wp-content\/uploads\/2022\/04\/unibet-18x10.jpg 18w, https:\/\/parier-presidentielle.com\/wp-content\/uploads\/2022\/04\/unibet.jpg 1280w\" sizes=\"(max-width: 300px) 100vw, 300px\" \/><\/a><\/figure><\/div>\n<\/div>\n<\/div>\n<\/div>\n<\/div>\n\n\n\n<p>Ce se \u00eent\u00e2mpl\u0103 dac\u0103 prea multe sondaje le-ar fi dep\u0103\u0219ite? \u0218i dac\u0103 am fi \u00een fa\u021ba unui paradox, pe care l-a\u0219 defini astfel: \u201e<strong> Cu c\u00e2t oamenii \u00een\u021beleg mai mul\u021bi tehnici de sondaj \u0219i sunt expu\u0219i la rezultate, cu at\u00e2t rezultatele devin mai p\u0103rtinitoare.<\/strong> ?<br>Ceea ce nu este cazul <a href=\"https:\/\/parier-presidentielle.com\/ro\/case-de-pariuri-sondaje-alegeri-prezidentiale\/\">case de pariuri<\/a> de exemplu Unibet, <a href=\"https:\/\/parier-presidentielle.com\/ro\/bwin-politica-alegeri-2022\/\">Bwin<\/a>, Betclic...<\/p>\n\n\n\n<div class=\"flourish-embed flourish-chart\" data-src=\"visualisation\/8788732\"><script src=\"https:\/\/public.flourish.studio\/resources\/embed.js\"><\/script><\/div>\n\n\n\n<h2 class=\"wp-block-heading\"><span id=\"les-sondages-politique-face-aux-opinions-et-bulle-informative\">Sondajele politice versus opinii \u0219i bule de informa\u021bii<\/span><\/h2>\n\n\n\n<p>Mai mult, publicarea continu\u0103 \u0219i expunerea la nivel na\u021bional a cercet\u0103rii opiniei publice se ciocne\u0219te de dou\u0103 fenomene psihologice care interac\u021bioneaz\u0103: p\u0103rtinirea de confirmare \u00eenseamn\u0103 c\u0103 cineva tinde s\u0103 prefere informa\u021biile \u00een direc\u021bia g\u00e2ndurilor \u0219i ipotezelor sale; \u00een acela\u0219i timp, bulele de informa\u021bii filtrate duc la preferarea Are surse similare de informa\u021bii \u0219i, prin urmare, tinde s\u0103 fie de acord cu el (fie c\u0103 sunt prieteni de pe re\u021belele de socializare, fie c\u0103 aleg surse tradi\u021bionale de informare, cunoscute publicului prin liniile lor editoriale).<\/p>\n\n\n\n<p>Confruntat cu incertitudine \u0219i e\u0219antioane p\u0103rtinitoare, instrumente de prognoz\u0103 altele dec\u00e2t <a href=\"https:\/\/parier-presidentielle.com\/ro\/case-de-pariuri-sondaje-alegeri-prezidentiale\/\">Sondajele <\/a>poate ap\u0103rea \u0219i cred c\u0103 cel mai relevant este cel care mi se p\u0103rea incongruent \u00een urm\u0103 cu un an: jocurile de noroc online cu site-uri precum Unibet, Bwin, Betclic.<\/p>\n\n\n\n<h3 class=\"wp-block-heading\"><span id=\"les-elections-presidentielles-c8217est-comme-le-pmu\">Alegerile preziden\u021biale sunt ca PMU <\/span><\/h3>\n\n\n\n<p>Primul <a href=\"https:\/\/parier-presidentielle.com\/ro\/\">pariind pe alegeri <\/a>arata ca ceea ce vezi pe o pista de curse. Fiecare candidat are un rang, care este \u00een continu\u0103 schimbare. Acesta este calculat de c\u0103tre exper\u021bi care folosesc computere, care pot integra sondaje de opinie, factori socio-economici, evenimente recente, rezultate ale consult\u0103rilor anterioare \u0219i probleme deja \u00eenregistrate \u00een calculele lor.<\/p>\n\n\n\n<p><\/p>\n\n\n\n<p>De exemplu, dac\u0103 un parior pariaz\u0103 suma \u00een acea noapte, el va fi ales \u00een seara zilei de 10 aprilie \u0219i \u00ee\u0219i va restabili miza ini\u021bial\u0103, cresc\u00e2ndu-\u0219i suma cu aproximativ (de la 5\/6 la 11\/10, \u00een func\u021bie de site) . Evident, dac\u0103 nu ajunge pre\u0219edinte, cu siguran\u021b\u0103 va pierde pariul ini\u021bial. Av\u00e2nd \u00een vedere acest tabel, dac\u0103 Nicolas Dupont-Aignan c\u00e2\u0219tig\u0103, o persoan\u0103 foarte norocoas\u0103 sau foarte vizionar\u0103 poate c\u00e2\u0219tiga de p\u00e2n\u0103 la 1000 de ori miza sa.<\/p>\n\n\n\n<p>Ca urmare, casele de pariuri vor trebui s\u0103 decid\u0103 \u00eentre cre\u0219terea cotelor pentru a atrage poten\u021biali pariori pe site-urile lor \u0219i sc\u0103derea cotelor pentru a nu pl\u0103ti \u00een exces c\u00e2\u0219tig\u0103torul \u0219i a-\u0219i p\u0103stra c\u00e2\u0219tigurile. Mecanismul tinde deci s\u0103 se autoregleze, motiv pentru care vedem un consens asupra scorurilor de pe acest tabel, diferen\u021ba dintre cei trei candida\u021bi cel mai bine cota\u021bi este neglijabil\u0103, astfel casele de pariuri Unibet, Bwin, Betclic concureaz\u0103 cu ofertele publicitare \u0219i activit\u0103\u021bile promo\u021bionale \u00eentre lor.<\/p>\n\n\n\n<p><\/p>\n\n\n\n<h3 class=\"wp-block-heading\"><span id=\"un-bon-parieur-c8217est-un-bon-trader\">Un bun parior este un bun comerciant<\/span><\/h3>\n\n\n\n<p>Al doilea pariu pe care l-am g\u0103sit este similar cu modul \u00een care func\u021bioneaz\u0103 bursa. Site-ul este o pia\u021b\u0103 pentru tranzac\u021bionarea produselor care func\u021bioneaz\u0103 ca ac\u021biuni. Un produs Da va fi pl\u0103tit cu 1 $ \u00een noaptea alegerilor dac\u0103 candidatul pe care \u00eel reprezint\u0103 c\u00e2\u0219tig\u0103 alegerile, iar \u00een caz contrar 0. Dimpotriv\u0103, un produs Nu va fi pl\u0103tit cu 1 $ dac\u0103 pierde \u0219i f\u0103r\u0103 valoare dac\u0103 c\u00e2\u0219tig\u0103. Prin urmare, pre\u021bul s\u0103u poate fluctua \u00eentre 0 $ \u0219i 1 $, exprimat \u00een cen\u021bi. Aici, este la latitudinea pariorului s\u0103 stabileasc\u0103 el \u00eensu\u0219i pre\u021bul. Dac\u0103 un investitor de\u021bine ac\u021biunile unui candidat \u0219i crede c\u0103 nu vor fi ale\u0219i, le poate vinde unei alte persoane, at\u00e2ta timp c\u00e2t pre\u021burile lor de v\u00e2nzare \u0219i cump\u0103rare sunt comparabile. Dar dac\u0103 to\u021bi v\u00e2nz\u0103torii doresc un pre\u021b pe care cump\u0103r\u0103torii nu sunt dispu\u0219i s\u0103-l pl\u0103teasc\u0103, atunci afacerea nu se va \u00eent\u00e2mpla. <strong>Astfel, cotele afi\u0219ate sunt pre\u021bul ultimei tranzac\u021bii \u0219i, prin urmare, reprezint\u0103 consensul pie\u021bei cu privire la probabilitatea de a c\u00e2\u0219tiga pentru cutare sau pentru acel candidat.<\/strong>  <\/p>\n\n\n\n<p>Ca urmare, pariorii pot \u00eenregistra profituri sau pierderi cu mult \u00eenainte de alegeri. Cump\u0103r\u00e2nd ac\u021biunile Yes ale acestui candidat pe 5 februarie \u0219i v\u00e2nz\u00e2ndu-le pe 21 februarie, a\u0219 ob\u021bine aproximativ de dou\u0103 ori mai mult\u0103 participare ini\u021bial\u0103, ignor\u00e2nd chiar \u0219i rezultatul din 7 mai. A\u0219adar, putem juca fie prin prezicerea rezultatului final, fie pur \u0219i simplu prin prezicerea tendin\u021belor \u00eentr-o anumit\u0103 perioad\u0103 de timp. <\/p>\n\n\n\n<h2 class=\"wp-block-heading\"><span id=\"mieux-que-les-sondages-vouloir-gagner-son-paris-permet-de-trouver-le-vainqueur-final-de-l8217election-presidentielle\">Mai bine dec\u00e2t sondajele care doresc s\u0103 c\u00e2\u0219tige Parisul v\u0103 permite s\u0103 g\u0103si\u021bi c\u00e2\u0219tig\u0103torul final al alegerilor preziden\u021biale <\/span><\/h2>\n\n\n\n<p>\u00cen ambele cazuri, p\u0103rtinirile psihologice asociate cu sondajul \u0219i rezultatele acestuia au fost c\u00e2nt\u0103rite deoarece participan\u021bii nu erau interesa\u021bi s\u0103 parieze pe rezultatul pe care \u0219i-l doreau, ci pe rezultatul pe care credeau c\u0103 se va \u00eent\u00e2mpla. Prin urmare, sistemul de predic\u021bie bazat pe l\u0103comie pare s\u0103 fie mai pu\u021bin susceptibil la manipulare, fie c\u0103 este voluntar\u0103 sau involuntar\u0103, iar pariorii nu au niciun interes s\u0103 joace jocul.Dar acest lucru ridic\u0103 \u00eentrebarea dificil\u0103 etica de a pl\u0103ti pentru opinia ta...<\/p>\n\n\n\n<p class=\"has-text-align-center unibet\" style=\"font-size:25px\"><mark style=\"background-color:rgba(0, 0, 0, 0);color:#0d7a12\" class=\"has-inline-color\"><strong><a href=\"https:\/\/parier-presidentielle.com\/ro\/recommends\/unibet\/\">Bonus de 150 EUR oferit cu Unibet<br>Pentru primul pariu politic sau sportiv: Face\u021bi clic aici<\/a><\/strong><\/mark><\/p>\n\n\n\n<p><\/p>\n\n\n<div class=\"wp-block-image\">\n<figure class=\"aligncenter is-resized wp-duotone-000097-ff4747-6\"><img decoding=\"async\" loading=\"lazy\" src=\"https:\/\/parier-presidentielle.com\/wp-content\/uploads\/2021\/09\/election-standard-scale-4_00x-gigapixel-1024x623.jpg\" alt=\"Alegeri 2022\" style=\"width:256px;height:156px\" width=\"256\" height=\"156\"\/><\/figure><\/div>\n\n\n<p><br><\/p>\n\n\n\n<p><strong>Parier-presiden\u0163ial v\u0103 ajut\u0103 s\u0103 alege\u0163i \u00eentre diferite<a href=\"https:\/\/parier-presidentielle.com\/ro\/\"> Casele de pariuri Bwin, Unibet, Betclic vor paria pe viitorul pre\u0219edinte american \u00een 2024<\/a> : <\/strong><br><a href=\"https:\/\/parier-presidentielle.com\/ro\/unibet-politica-elegeri-2022\/\">Casa de pariuri preziden\u021bial\u0103 Unibet<\/a> : Ghid detaliat \u0219i gratuit pentru a face primul pariu online cu toate cotele \u0219i cum s\u0103 profita\u021bi de Bonusul oferit!<\/p>\n\n\n\n<p>Ca \u0219i alte site-uri online din Paris: <a href=\"https:\/\/parier-presidentielle.com\/ro\/unibet-politica-elegeri-2022\/\">Bwin<\/a>, <a href=\"https:\/\/parier-presidentielle.com\/ro\/netbet-paris-politica-alegeri-2022\/\">NetBet<\/a>, <a href=\"https:\/\/parier-presidentielle.com\/ro\/betclic-presidential-2022\/\">Betclic<\/a>, <a href=\"https:\/\/parier-presidentielle.com\/ro\/winamax-politica-alegeri-2022\/\">Winamax<\/a>, Parions Sport, Zebet, Betway, France-Pari, Vbet, Cloudbet, 1Xbit, 1xbet, Betfair, Betwinner \u2026<\/p>\n\n\n\n<div class=\"wp-block-columns is-layout-flex wp-container-11 wp-block-columns-is-layout-flex\">\n<div class=\"wp-block-column is-layout-flow wp-block-column-is-layout-flow\" style=\"flex-basis:33.33%\">\n<p>Tocmai a\u021bi citit dosarul nostru:<\/p>\n<\/div>\n\n\n\n<div class=\"wp-block-column is-layout-flow wp-block-column-is-layout-flow\" style=\"flex-basis:33.33%\">\n<div class=\"wp-block-group is-layout-flow wp-block-group-is-layout-flow\"><div class=\"wp-block-group__inner-container\"><h4 class=\"has-text-align-center wp-block-post-title\"><span id=\"les-bookmakers-plus-fiable-que-les-sondages-pour-l8217election-presidentielle\"><a href=\"https:\/\/parier-presidentielle.com\/ro\/case-de-pariuri-sondaje-alegeri-prezidentiale\/\" target=\"_self\" >Casele de pariuri: mai de \u00eencredere dec\u00e2t Sondajele pentru alegerile preziden\u021biale<\/a><\/span><\/h4><\/div><\/div>\n<\/div>\n\n\n\n<div class=\"wp-block-column is-layout-flow wp-block-column-is-layout-flow\" style=\"flex-basis:33.33%\">\n<p class=\"has-text-align-right\">Continua\u021bi s\u0103 citi\u021bi cu celelalte fi\u0219iere exclusive ale noastre,<\/p>\n<\/div>\n<\/div>\n\n\n\n<h3 class=\"wp-block-heading\" id=\"tous-les-pronostics-sondage-et-cotes-pour-parier-sur-le-futur-vainqueur-de-l-election-presidentielle-2022\"><span id=\"tous-les-pronostics-sondage-et-cotes-pour-parier-sur-le-futur-vainqueur-de-l8217election-presidentielle-2024\">Toate predic\u021biile, sondajele \u0219i cotele pentru a paria pe viitorul c\u00e2\u0219tig\u0103tor al alegerilor preziden\u021biale din 2024:<\/span><\/h3>\n\n\n\n<ul>\n<li><a href=\"https:\/\/parier-presidentielle.com\/ro\/macron-elegere\/\">Paria\u021bi pe Emmanuel Macron cu Unibet, Betclic, Bwin<\/a> : Favoritul \u00een sondaje \u0219i predic\u021bii <\/li>\n\n\n\n<li><a href=\"https:\/\/parier-presidentielle.com\/ro\/marine-le-pen-election\/\">Marine Le Pen: Cotele ei \u0219i cum s\u0103 pariezi cu casele de pariuri<\/a>: Provocatorul conform Unibet<\/li>\n<\/ul>\n\n\n\n<p><\/p>\n\n\n\n<center><script type=\"text\/javascript\" charset=\"utf-8\" src=\"https:\/\/www.gambling-affiliation.com\/cpm\/v=AmIMTDSs92QY6b0MzDMvM5laCjJ-ZlA-1oQ-7tKsi.w_GA7331V2\"><\/script><\/center>\n\n\n\n<h3 class=\"wp-block-heading\"><span id=\"donald-trump-vs-joe-biden-la-video-qui-lance-les-paris-en-ligne-sur-l8217election-politique-de-2024\">Donald Trump vs Joe Biden: videoclipul care lanseaz\u0103 pariuri online la alegerile politice din 2024<\/span><\/h3>\n\n\n\n<figure class=\"wp-block-embed is-type-video is-provider-youtube wp-block-embed-youtube wp-embed-aspect-16-9 wp-has-aspect-ratio\"><div class=\"wp-block-embed__wrapper\">\n<iframe loading=\"lazy\" title=\"Fostul pre\u0219edinte Donald Trump lanseaz\u0103 oferta #Short pentru 2024 la Casa Alb\u0103\" width=\"640\" height=\"360\" src=\"https:\/\/www.youtube.com\/embed\/hZykPRVe4Ag?feature=oembed\" frameborder=\"0\" allow=\"accelerometer; autoplay; clipboard-write; encrypted-media; gyroscope; picture-in-picture; web-share\" allowfullscreen><\/iframe>\n<\/div><\/figure>\n\n\n<div class=\"wp-block-image\">\n<figure class=\"aligncenter size-medium\"><a href=\"https:\/\/parier-presidentielle.com\/ro\/recommends\/unibet\/\" target=\"_blank\" rel=\"noopener\"><img decoding=\"async\" loading=\"lazy\" width=\"300\" height=\"169\" src=\"https:\/\/parier-presidentielle.com\/wp-content\/uploads\/2022\/04\/unibet-300x169.jpg\" alt=\"\" class=\"wp-image-1252\" srcset=\"https:\/\/parier-presidentielle.com\/wp-content\/uploads\/2022\/04\/unibet-300x169.jpg 300w, https:\/\/parier-presidentielle.com\/wp-content\/uploads\/2022\/04\/unibet-1024x576.jpg 1024w, https:\/\/parier-presidentielle.com\/wp-content\/uploads\/2022\/04\/unibet-768x432.jpg 768w, https:\/\/parier-presidentielle.com\/wp-content\/uploads\/2022\/04\/unibet-18x10.jpg 18w, https:\/\/parier-presidentielle.com\/wp-content\/uploads\/2022\/04\/unibet.jpg 1280w\" sizes=\"(max-width: 300px) 100vw, 300px\" \/><\/a><\/figure><\/div>\n\n\n<p>G\u0103si\u021bi Wiki, \u0219tirile politice esen\u021biale despre Cannabis \u0219i derivatele sale legale: <strong>HHC, H4cbd, Thcp, Thcv, HSD, HHCPO, C4B<\/strong><\/p>\n\n\n\n<p><\/p>\n<div id=\"toc_container\" class=\"no_bullets\"><p class=\"toc_title\">Cuprins<\/p><ul class=\"toc_list\"><li><\/li><li><ul><li><\/li><li><\/li><\/ul><\/li><li><ul><li><ul><li><\/li><\/ul><\/li><li><\/li><li><\/li><\/ul><\/li><\/ul><\/div>","protected":false},"excerpt":{"rendered":"<p>Le Paradoxe des sondages politiques Plus les gens apprenaient les techniques de sondage et \u00e9taient expos\u00e9s aux r\u00e9sultats, plus les r\u00e9sultats devenaient biais\u00e9s. Pourquoi? Malgr\u00e9 leur longue histoire, les sondages pr\u00e9\u00e9lectoraux ont un d\u00e9faut majeur\u00a0: les r\u00e9pondants ont le libre arbitre de mentir, de changer d&#8217;avis et de tricher sur les bulletins de vote pass\u00e9s. &#8230;<\/p>","protected":false},"author":1,"featured_media":0,"parent":0,"menu_order":0,"comment_status":"closed","ping_status":"closed","template":"page-nosidebar.php","meta":{"footnotes":""},"yoast_head":"<!-- This site is optimized with the Yoast SEO Premium plugin v21.0 (Yoast SEO v21.0) - https:\/\/yoast.com\/wordpress\/plugins\/seo\/ -->\n<title>Les Bookmakers : plus fiable que les Sondages pour l&#039;\u00e9lection pr\u00e9sidentielle - Finale Coupe du Monde FIFA<\/title>\n<meta name=\"description\" content=\"Les cotes des bookmakers sont plus fiable que les sondage pour la Politique : Pourquoi et comment en profiter?\" \/>\n<meta name=\"robots\" content=\"index, follow, max-snippet:-1, max-image-preview:large, max-video-preview:-1\" \/>\n<link rel=\"canonical\" href=\"https:\/\/parier-presidentielle.com\/ro\/case-de-pariuri-sondaje-alegeri-prezidentiale\/\" \/>\n<meta property=\"og:locale\" content=\"ro_RO\" \/>\n<meta property=\"og:type\" content=\"article\" \/>\n<meta property=\"og:title\" content=\"Les Bookmakers : plus fiable que les Sondages pour l&#039;\u00e9lection pr\u00e9sidentielle\" \/>\n<meta property=\"og:description\" content=\"Les cotes des bookmakers sont plus fiable que les sondage pour la Politique : Pourquoi et comment en profiter?\" \/>\n<meta property=\"og:url\" content=\"https:\/\/parier-presidentielle.com\/ro\/case-de-pariuri-sondaje-alegeri-prezidentiale\/\" \/>\n<meta property=\"og:site_name\" content=\"Parier Pr\u00e9sidentielle\" \/>\n<meta property=\"article:modified_time\" content=\"2022-03-30T21:38:42+00:00\" \/>\n<meta property=\"og:image\" content=\"https:\/\/parier-presidentielle.com\/wp-content\/uploads\/2022\/03\/bookmakers-sondages-election-presidentielle-1024x545.jpg\" \/>\n<meta name=\"twitter:card\" content=\"summary_large_image\" \/>\n<meta name=\"twitter:label1\" content=\"Est. reading time\" \/>\n\t<meta name=\"twitter:data1\" content=\"5 minute\" \/>\n<script type=\"application\/ld+json\" class=\"yoast-schema-graph\">{\"@context\":\"https:\/\/schema.org\",\"@graph\":[{\"@type\":\"WebPage\",\"@id\":\"https:\/\/parier-presidentielle.com\/bookmakers-sondages-election-presidentielle\/\",\"url\":\"https:\/\/parier-presidentielle.com\/bookmakers-sondages-election-presidentielle\/\",\"name\":\"Les Bookmakers : plus fiable que les Sondages pour l'\u00e9lection pr\u00e9sidentielle - Finale Coupe du Monde FIFA\",\"isPartOf\":{\"@id\":\"https:\/\/parier-presidentielle.com\/#website\"},\"datePublished\":\"2022-03-08T14:51:23+00:00\",\"dateModified\":\"2022-03-30T21:38:42+00:00\",\"description\":\"Les cotes des bookmakers sont plus fiable que les sondage pour la Politique : Pourquoi et comment en profiter?\",\"breadcrumb\":{\"@id\":\"https:\/\/parier-presidentielle.com\/bookmakers-sondages-election-presidentielle\/#breadcrumb\"},\"inLanguage\":\"ro-RO\",\"potentialAction\":[{\"@type\":\"ReadAction\",\"target\":[\"https:\/\/parier-presidentielle.com\/bookmakers-sondages-election-presidentielle\/\"]}]},{\"@type\":\"BreadcrumbList\",\"@id\":\"https:\/\/parier-presidentielle.com\/bookmakers-sondages-election-presidentielle\/#breadcrumb\",\"itemListElement\":[{\"@type\":\"ListItem\",\"position\":1,\"name\":\"Accueil\",\"item\":\"https:\/\/parier-presidentielle.com\/\"},{\"@type\":\"ListItem\",\"position\":2,\"name\":\"Les Bookmakers : plus fiable que les Sondages pour l&rsquo;\u00e9lection pr\u00e9sidentielle\"}]},{\"@type\":\"WebSite\",\"@id\":\"https:\/\/parier-presidentielle.com\/#website\",\"url\":\"https:\/\/parier-presidentielle.com\/\",\"name\":\"Parier Pr\u00e9sidentielle\",\"description\":\"Paris, Pronostics, Wiki sur la Politique, les Elections Am\u00e9ricaines: Joe Biden, Donald Trump avec les Bookmakers en ligne Unibet, Bwin, Betclic, Winamax\",\"potentialAction\":[{\"@type\":\"SearchAction\",\"target\":{\"@type\":\"EntryPoint\",\"urlTemplate\":\"https:\/\/parier-presidentielle.com\/?s={search_term_string}\"},\"query-input\":\"required name=search_term_string\"}],\"inLanguage\":\"ro-RO\"}]}<\/script>\n<!-- \/ Yoast SEO Premium plugin. -->","yoast_head_json":{"title":"Les Bookmakers : plus fiable que les Sondages pour l'\u00e9lection pr\u00e9sidentielle - Finale Coupe du Monde FIFA","description":"Les cotes des bookmakers sont plus fiable que les sondage pour la Politique : Pourquoi et comment en profiter?","robots":{"index":"index","follow":"follow","max-snippet":"max-snippet:-1","max-image-preview":"max-image-preview:large","max-video-preview":"max-video-preview:-1"},"canonical":"https:\/\/parier-presidentielle.com\/ro\/case-de-pariuri-sondaje-alegeri-prezidentiale\/","og_locale":"ro_RO","og_type":"article","og_title":"Les Bookmakers : plus fiable que les Sondages pour l'\u00e9lection pr\u00e9sidentielle","og_description":"Les cotes des bookmakers sont plus fiable que les sondage pour la Politique : Pourquoi et comment en profiter?","og_url":"https:\/\/parier-presidentielle.com\/ro\/case-de-pariuri-sondaje-alegeri-prezidentiale\/","og_site_name":"Parier Pr\u00e9sidentielle","article_modified_time":"2022-03-30T21:38:42+00:00","og_image":[{"url":"https:\/\/parier-presidentielle.com\/wp-content\/uploads\/2022\/03\/bookmakers-sondages-election-presidentielle-1024x545.jpg"}],"twitter_card":"summary_large_image","twitter_misc":{"Est. reading time":"5 minute"},"schema":{"@context":"https:\/\/schema.org","@graph":[{"@type":"WebPage","@id":"https:\/\/parier-presidentielle.com\/bookmakers-sondages-election-presidentielle\/","url":"https:\/\/parier-presidentielle.com\/bookmakers-sondages-election-presidentielle\/","name":"Les Bookmakers : plus fiable que les Sondages pour l'\u00e9lection pr\u00e9sidentielle - Finale Coupe du Monde FIFA","isPartOf":{"@id":"https:\/\/parier-presidentielle.com\/#website"},"datePublished":"2022-03-08T14:51:23+00:00","dateModified":"2022-03-30T21:38:42+00:00","description":"Les cotes des bookmakers sont plus fiable que les sondage pour la Politique : Pourquoi et comment en profiter?","breadcrumb":{"@id":"https:\/\/parier-presidentielle.com\/bookmakers-sondages-election-presidentielle\/#breadcrumb"},"inLanguage":"ro-RO","potentialAction":[{"@type":"ReadAction","target":["https:\/\/parier-presidentielle.com\/bookmakers-sondages-election-presidentielle\/"]}]},{"@type":"BreadcrumbList","@id":"https:\/\/parier-presidentielle.com\/bookmakers-sondages-election-presidentielle\/#breadcrumb","itemListElement":[{"@type":"ListItem","position":1,"name":"Accueil","item":"https:\/\/parier-presidentielle.com\/"},{"@type":"ListItem","position":2,"name":"Les Bookmakers : plus fiable que les Sondages pour l&rsquo;\u00e9lection pr\u00e9sidentielle"}]},{"@type":"WebSite","@id":"https:\/\/parier-presidentielle.com\/#website","url":"https:\/\/parier-presidentielle.com\/","name":"Parier Pr\u00e9sidentielle","description":"Paris, Pronostics, Wiki sur la Politique, les Elections Am\u00e9ricaines: Joe Biden, Donald Trump avec les Bookmakers en ligne Unibet, Bwin, Betclic, Winamax","potentialAction":[{"@type":"SearchAction","target":{"@type":"EntryPoint","urlTemplate":"https:\/\/parier-presidentielle.com\/?s={search_term_string}"},"query-input":"required name=search_term_string"}],"inLanguage":"ro-RO"}]}},"_links":{"self":[{"href":"https:\/\/parier-presidentielle.com\/ro\/wp-json\/wp\/v2\/pages\/951"}],"collection":[{"href":"https:\/\/parier-presidentielle.com\/ro\/wp-json\/wp\/v2\/pages"}],"about":[{"href":"https:\/\/parier-presidentielle.com\/ro\/wp-json\/wp\/v2\/types\/page"}],"author":[{"embeddable":true,"href":"https:\/\/parier-presidentielle.com\/ro\/wp-json\/wp\/v2\/users\/1"}],"replies":[{"embeddable":true,"href":"https:\/\/parier-presidentielle.com\/ro\/wp-json\/wp\/v2\/comments?post=951"}],"version-history":[{"count":10,"href":"https:\/\/parier-presidentielle.com\/ro\/wp-json\/wp\/v2\/pages\/951\/revisions"}],"predecessor-version":[{"id":1111,"href":"https:\/\/parier-presidentielle.com\/ro\/wp-json\/wp\/v2\/pages\/951\/revisions\/1111"}],"wp:attachment":[{"href":"https:\/\/parier-presidentielle.com\/ro\/wp-json\/wp\/v2\/media?parent=951"}],"curies":[{"name":"wp","href":"https:\/\/api.w.org\/{rel}","templated":true}]}}