{"id":121,"date":"2021-09-10T13:58:16","date_gmt":"2021-09-10T11:58:16","guid":{"rendered":"https:\/\/parier-presidentielle.com\/?page_id=121"},"modified":"2023-09-09T20:26:39","modified_gmt":"2023-09-09T18:26:39","slug":"asselineau-bookmaker-unibet-bwin","status":"publish","type":"page","link":"https:\/\/parier-presidentielle.com\/sv\/asselineau-bookmaker-unibet-bwin\/","title":{"rendered":"Asselineau och presidentvalet enligt Les Bookmakers Bwin, Unibet"},"content":{"rendered":"<h2 class=\"wp-block-heading\" id=\"h-pour-les-parieurs-britanniques-le-candidat-socialiste-etait-deja-en-piteux-etat-a-dix-jours-du-premier-tour-de-la-presidentielle-et-ne-se-presentera-pas-au-terme-de-sa-peine-contrairement-a-francois-asselineau\"><span id=\"pour-les-parieurs-britanniques-le-candidat-socialiste-etait-deja-en-piteux-etat-a-dix-jours-du-premier-tour-de-la-presidentielle-et-ne-se-presentera-pas-au-terme-de-sa-peine-contrairement-a-francois-asselineau\">F\u00f6r brittiska spelarna var den socialistiska kandidaten redan i d\u00e5ligt skick tio dagar f\u00f6re den f\u00f6rsta omg\u00e5ngen av presidentvalet och kommer inte att kandidera i slutet av sitt straff till skillnad fr\u00e5n Fran\u00e7ois Asselineau!<\/span><\/h2>\n\n\n\n<p><\/p>\n\n\n\n<p>Mindre \u00e4n tv\u00e5 veckor f\u00f6re den f\u00f6rsta omg\u00e5ngen av presidentvalet var det f\u00e5 observat\u00f6rer som s\u00e5g den socialistiska kandidaten g\u00e5 vidare till den andra omg\u00e5ngen. Den st\u00f6rsta aktie\u00e4garen f\u00f6ll till femte plats. Han verkade sj\u00e4lv ha tappat hoppet och n\u00e4mnde till och med p\u00e5 v\u00e5r antenn utsikten till &quot;en god natts s\u00f6mn&quot; i h\u00e4ndelse av misslyckande den 23 april. &quot;Benoit Hamon verkar ha internaliserat sitt misslyckande&quot;, analyserade journalisten Alba Ventura. Och nedg\u00e5ngen kan forts\u00e4tta.<br><\/p>\n\n\n\n<figure class=\"wp-block-image wp-duotone-000097-ff4747-1\"><img decoding=\"async\" loading=\"lazy\" width=\"752\" height=\"423\" src=\"https:\/\/parier-presidentielle.com\/wp-content\/uploads\/2021\/09\/asselineau.jpg\" alt=\"\" class=\"wp-image-114\" srcset=\"https:\/\/parier-presidentielle.com\/wp-content\/uploads\/2021\/09\/asselineau.jpg 752w, https:\/\/parier-presidentielle.com\/wp-content\/uploads\/2021\/09\/asselineau-300x169.jpg 300w\" sizes=\"(max-width: 752px) 100vw, 752px\" \/><\/figure>\n\n\n\n<h2 class=\"wp-block-heading\" id=\"h-benoit-hamon-vit-une-veritable-chute-aux-enfers-dans-les-sondages-et-donc-egalement-dans-ses-cotes-selon-les-sites-de-paris-en-ligne-bwin-unibet-netbet-betclic-winamax\"><span id=\"benoit-hamon-vit-une-veritable-chute-aux-enfers-dans-les-sondages-et-donc-egalement-dans-ses-cotes-selon-les-sites-de-paris-en-ligne-bwin-unibet-netbet-betclic-winamax\">Beno\u00eet Hamon upplever ett rej\u00e4lt fall i helvetet i opinionsm\u00e4tningarna och d\u00e4rf\u00f6r \u00e4ven i sina odds enligt n\u00e4tspelsajterna Bwin, Unibet, Netbet, Betclic, Winamax.<\/span><\/h2>\n\n\n\n<p><br>Enligt det brittiska spelbolaget kan den tidigare utbildningsministern bli avsatt fr\u00e5n fj\u00e4rde plats av Fran\u00e7ois Asselineau. Presidenten f\u00f6r Popular Resistance League degraderade socialisten till sj\u00e4tte plats med en po\u00e4ng p\u00e5 100\/1, till 200\/1, oavgjort med Nicolas Dupont-Aignan. I en intervju med Lib\u00e9ration f\u00f6rs\u00f6kte Graham Sharpe, talesperson f\u00f6r William Hill, (motsvarande bookmakerna Bwin, Unibet, Netbet, Betclic, Winamax), ett av de st\u00f6rsta spelbolagen i kanalen, f\u00f6rklara detta fenomen med att Fran\u00e7ois Asselineau antog en antieuropeisk, anti-euro och anti-NATO-strategi, som m\u00e5nga anh\u00e4ngare av Brexit. En m\u00e4ktig spelare, ans\u00e5g Hans Majest\u00e4ts unders\u00e5tar <a href=\"https:\/\/parier-presidentielle.com\/sv\/makron-val\/\">Emmanuel Macron<\/a> som den stora vinnaren av drottningvalet den 8\/11. &quot;Arbetar! &quot;Ledare! Strax bakom \u00e4r <a href=\"https:\/\/parier-presidentielle.com\/sv\/marin-le-pen-val\/\">Marine Le Pen <\/a>(11\/4). Fran\u00e7ois Fillon kommer p\u00e5 pallen vid 9\/2, f\u00f6re Jean-Luc M\u00e9lanchon (8\/1). Dessa f\u00f6ruts\u00e4gelser b\u00f6r dock reserveras. Dessa f\u00f6ruts\u00e4gelser b\u00f6r dock tas med en nypa salt. Den 22 juni 2016, kv\u00e4llen f\u00f6re den brittiska folkomr\u00f6stningen om att l\u00e4mna EU, hade bookmakers satsat p\u00e5 att beh\u00e5lla...<br><br><\/p>\n\n\n\n<p class=\"has-text-align-center unibet\" style=\"font-size:25px\"><mark style=\"background-color:rgba(0, 0, 0, 0);color:#0d7a12\" class=\"has-inline-color\"><strong><a href=\"https:\/\/parier-presidentielle.com\/sv\/recommends\/unibet\/\">150\u20ac Bonus erbjuds med Unibet<br>F\u00f6r ditt f\u00f6rsta politiska eller sportspel: Klicka h\u00e4r<\/a><\/strong><\/mark><\/p>\n\n\n\n<p><\/p>\n\n\n<div class=\"wp-block-image\">\n<figure class=\"aligncenter is-resized wp-duotone-000097-ff4747-2\"><img decoding=\"async\" loading=\"lazy\" src=\"https:\/\/parier-presidentielle.com\/wp-content\/uploads\/2021\/09\/election-standard-scale-4_00x-gigapixel-1024x623.jpg\" alt=\"Val 2022\" style=\"width:256px;height:156px\" width=\"256\" height=\"156\"\/><\/figure><\/div>\n\n\n<p><br><\/p>\n\n\n\n<p><strong>Parier-presidential hj\u00e4lper dig att g\u00f6ra ditt val mellan de olika<a href=\"https:\/\/parier-presidentielle.com\/sv\/\"> Bookmakers Bwin, Unibet, Betclic kommer att satsa p\u00e5 den framtida amerikanska presidenten 2024<\/a> : <\/strong><br><a href=\"https:\/\/parier-presidentielle.com\/sv\/unibet-politik-val-2022\/\">Unibet Presidential Bookmaker<\/a> : Detaljerad och gratis guide f\u00f6r att g\u00f6ra ditt f\u00f6rsta onlinespel med alla odds och hur du drar nytta av den erbjudna bonusen!<\/p>\n\n\n\n<p>F\u00f6rutom andra Paris-webbplatser: <a href=\"https:\/\/parier-presidentielle.com\/sv\/unibet-politik-val-2022\/\">Bwin<\/a>, <a href=\"https:\/\/parier-presidentielle.com\/sv\/netbet-paris-politik-val-2022\/\">NetBet<\/a>, <a href=\"https:\/\/parier-presidentielle.com\/sv\/betclic-presidential-2022\/\">Betclic<\/a>, <a href=\"https:\/\/parier-presidentielle.com\/sv\/winamax-politik-val-2022\/\">Winamax<\/a>, Parions Sport, Zebet, Betway, France-Pari, Vbet, Cloudbet, 1Xbit, 1xbet, Betfair, Betwinner \u2026<\/p>\n\n\n\n<div class=\"wp-block-columns is-layout-flex wp-container-7 wp-block-columns-is-layout-flex\">\n<div class=\"wp-block-column is-layout-flow wp-block-column-is-layout-flow\" style=\"flex-basis:33.33%\">\n<p>Du har precis l\u00e4st v\u00e5r fil:<\/p>\n<\/div>\n\n\n\n<div class=\"wp-block-column is-layout-flow wp-block-column-is-layout-flow\" style=\"flex-basis:33.33%\">\n<div class=\"wp-block-group is-layout-flow wp-block-group-is-layout-flow\"><div class=\"wp-block-group__inner-container\"><h4 class=\"has-text-align-center wp-block-post-title\"><span id=\"asselineau-et-l8217election-presidentielle-selon-les-bookmakers-bwin-unibet\"><a href=\"https:\/\/parier-presidentielle.com\/sv\/asselineau-bookmaker-unibet-bwin\/\" target=\"_self\" >Asselineau och presidentvalet enligt Les Bookmakers Bwin, Unibet<\/a><\/span><\/h4><\/div><\/div>\n<\/div>\n\n\n\n<div class=\"wp-block-column is-layout-flow wp-block-column-is-layout-flow\" style=\"flex-basis:33.33%\">\n<p class=\"has-text-align-right\">Forts\u00e4tt l\u00e4sa med v\u00e5ra andra exklusiva filer,<\/p>\n<\/div>\n<\/div>\n\n\n\n<h3 class=\"wp-block-heading\" id=\"tous-les-pronostics-sondage-et-cotes-pour-parier-sur-le-futur-vainqueur-de-l-election-presidentielle-2022\"><span id=\"tous-les-pronostics-sondage-et-cotes-pour-parier-sur-le-futur-vainqueur-de-l8217election-presidentielle-2024\">Alla f\u00f6ruts\u00e4gelser, unders\u00f6kningar och odds att satsa p\u00e5 den framtida vinnaren av presidentvalet 2024:<\/span><\/h3>\n\n\n\n<ul>\n<li><a href=\"https:\/\/parier-presidentielle.com\/sv\/makron-val\/\">Satsa p\u00e5 Emmanuel Macron med Unibet, Betclic, Bwin<\/a> : Favoriten i omr\u00f6stningar och f\u00f6ruts\u00e4gelser <\/li>\n\n\n\n<li><a href=\"https:\/\/parier-presidentielle.com\/sv\/marin-le-pen-val\/\">Marine Le Pen: Hennes odds och hur man satsar med bookmakers<\/a>: Utmanaren enligt Unibet<\/li>\n<\/ul>\n\n\n\n<p><\/p>\n\n\n\n<center><script type=\"text\/javascript\" charset=\"utf-8\" src=\"https:\/\/www.gambling-affiliation.com\/cpm\/v=AmIMTDSs92QY6b0MzDMvM5laCjJ-ZlA-1oQ-7tKsi.w_GA7331V2\"><\/script><\/center>\n\n\n\n<h3 class=\"wp-block-heading\"><span id=\"donald-trump-vs-joe-biden-la-video-qui-lance-les-paris-en-ligne-sur-l8217election-politique-de-2024\">Donald Trump vs Joe Biden: Videon som lanserar vadslagning online om det politiska valet 2024<\/span><\/h3>\n\n\n\n<figure class=\"wp-block-embed is-type-video is-provider-youtube wp-block-embed-youtube wp-embed-aspect-16-9 wp-has-aspect-ratio\"><div class=\"wp-block-embed__wrapper\">\n<iframe loading=\"lazy\" title=\"Tidigare president Donald Trump lanserar 2024 Vita husets bud #Short\" width=\"640\" height=\"360\" src=\"https:\/\/www.youtube.com\/embed\/hZykPRVe4Ag?feature=oembed\" frameborder=\"0\" allow=\"accelerometer; autoplay; clipboard-write; encrypted-media; gyroscope; picture-in-picture; web-share\" allowfullscreen><\/iframe>\n<\/div><\/figure>\n\n\n<div class=\"wp-block-image\">\n<figure class=\"aligncenter size-medium\"><a href=\"https:\/\/parier-presidentielle.com\/sv\/recommends\/unibet\/\" target=\"_blank\" rel=\"noopener\"><img decoding=\"async\" loading=\"lazy\" width=\"300\" height=\"169\" src=\"https:\/\/parier-presidentielle.com\/wp-content\/uploads\/2022\/04\/unibet-300x169.jpg\" alt=\"\" class=\"wp-image-1252\" srcset=\"https:\/\/parier-presidentielle.com\/wp-content\/uploads\/2022\/04\/unibet-300x169.jpg 300w, https:\/\/parier-presidentielle.com\/wp-content\/uploads\/2022\/04\/unibet-1024x576.jpg 1024w, https:\/\/parier-presidentielle.com\/wp-content\/uploads\/2022\/04\/unibet-768x432.jpg 768w, https:\/\/parier-presidentielle.com\/wp-content\/uploads\/2022\/04\/unibet-18x10.jpg 18w, https:\/\/parier-presidentielle.com\/wp-content\/uploads\/2022\/04\/unibet.jpg 1280w\" sizes=\"(max-width: 300px) 100vw, 300px\" \/><\/a><\/figure><\/div>\n\n\n<p>Hitta Wiki, de viktiga politiska nyheterna om cannabis och dess juridiska derivat: <strong>HHC, H4cbd, Thcp, Thcv, HSD, HHCPO, C4B<\/strong><\/p>\n<div id=\"toc_container\" class=\"no_bullets\"><p class=\"toc_title\">Inneh\u00e5ll<\/p><ul class=\"toc_list\"><li><\/li><li><ul><li><ul><li><\/li><\/ul><\/li><li><\/li><li><\/li><\/ul><\/li><\/ul><\/div>","protected":false},"excerpt":{"rendered":"<p>Pour les parieurs britanniques, le candidat socialiste \u00e9tait d\u00e9j\u00e0 en piteux \u00e9tat \u00e0 dix jours du premier tour de la pr\u00e9sidentielle et ne se pr\u00e9sentera pas au terme de sa peine contrairement \u00e0 Fran\u00e7ois Asselineau! A moins de deux semaines du premier tour de l&#8217;\u00e9lection pr\u00e9sidentielle, peu d&#8217;observateurs ont vu le candidat socialiste passer au &#8230;<\/p>","protected":false},"author":1,"featured_media":0,"parent":0,"menu_order":0,"comment_status":"closed","ping_status":"closed","template":"page-nosidebar.php","meta":{"footnotes":""},"yoast_head":"<!-- This site is optimized with the Yoast SEO Premium plugin v21.0 (Yoast SEO v21.0) - https:\/\/yoast.com\/wordpress\/plugins\/seo\/ -->\n<title>Asselineau et l&#039;Election Pr\u00e9sidentielle selon Les Bookmakers Bwin, Unibet - Finale Coupe du Monde FIFA<\/title>\n<meta name=\"description\" content=\"Quellles sont les Cote d&#039;Asselineau selon les sites de paris Bwin, Unibet?\" \/>\n<meta name=\"robots\" content=\"index, follow, max-snippet:-1, max-image-preview:large, max-video-preview:-1\" \/>\n<link rel=\"canonical\" href=\"https:\/\/parier-presidentielle.com\/sv\/asselineau-bookmaker-unibet-bwin\/\" \/>\n<meta property=\"og:locale\" content=\"sv_SE\" \/>\n<meta property=\"og:type\" content=\"article\" \/>\n<meta property=\"og:title\" content=\"Asselineau et l&#039;Election Pr\u00e9sidentielle selon Les Bookmakers Bwin, Unibet\" \/>\n<meta property=\"og:description\" content=\"Quellles sont les Cote d&#039;Asselineau selon les sites de paris Bwin, Unibet?\" \/>\n<meta property=\"og:url\" content=\"https:\/\/parier-presidentielle.com\/sv\/asselineau-bookmaker-unibet-bwin\/\" \/>\n<meta property=\"og:site_name\" content=\"Parier Pr\u00e9sidentielle\" \/>\n<meta property=\"article:modified_time\" content=\"2023-09-09T18:26:39+00:00\" \/>\n<meta property=\"og:image\" content=\"https:\/\/parier-presidentielle.com\/wp-content\/uploads\/2021\/09\/asselineau.jpg\" \/>\n<meta name=\"twitter:card\" content=\"summary_large_image\" \/>\n<meta name=\"twitter:label1\" content=\"Est. reading time\" \/>\n\t<meta name=\"twitter:data1\" content=\"2 minuter\" \/>\n<script type=\"application\/ld+json\" class=\"yoast-schema-graph\">{\"@context\":\"https:\/\/schema.org\",\"@graph\":[{\"@type\":\"WebPage\",\"@id\":\"https:\/\/parier-presidentielle.com\/asselineau-bookmaker-unibet-bwin\/\",\"url\":\"https:\/\/parier-presidentielle.com\/asselineau-bookmaker-unibet-bwin\/\",\"name\":\"Asselineau et l'Election Pr\u00e9sidentielle selon Les Bookmakers Bwin, Unibet - Finale Coupe du Monde FIFA\",\"isPartOf\":{\"@id\":\"https:\/\/parier-presidentielle.com\/#website\"},\"datePublished\":\"2021-09-10T11:58:16+00:00\",\"dateModified\":\"2023-09-09T18:26:39+00:00\",\"description\":\"Quellles sont les Cote d'Asselineau selon les sites de paris Bwin, Unibet?\",\"breadcrumb\":{\"@id\":\"https:\/\/parier-presidentielle.com\/asselineau-bookmaker-unibet-bwin\/#breadcrumb\"},\"inLanguage\":\"sv-SE\",\"potentialAction\":[{\"@type\":\"ReadAction\",\"target\":[\"https:\/\/parier-presidentielle.com\/asselineau-bookmaker-unibet-bwin\/\"]}]},{\"@type\":\"BreadcrumbList\",\"@id\":\"https:\/\/parier-presidentielle.com\/asselineau-bookmaker-unibet-bwin\/#breadcrumb\",\"itemListElement\":[{\"@type\":\"ListItem\",\"position\":1,\"name\":\"Accueil\",\"item\":\"https:\/\/parier-presidentielle.com\/\"},{\"@type\":\"ListItem\",\"position\":2,\"name\":\"Asselineau et l&#8217;Election Pr\u00e9sidentielle selon Les Bookmakers Bwin, Unibet\"}]},{\"@type\":\"WebSite\",\"@id\":\"https:\/\/parier-presidentielle.com\/#website\",\"url\":\"https:\/\/parier-presidentielle.com\/\",\"name\":\"Parier Pr\u00e9sidentielle\",\"description\":\"Paris, Pronostics, Wiki sur la Politique, les Elections Am\u00e9ricaines: Joe Biden, Donald Trump avec les Bookmakers en ligne Unibet, Bwin, Betclic, Winamax\",\"potentialAction\":[{\"@type\":\"SearchAction\",\"target\":{\"@type\":\"EntryPoint\",\"urlTemplate\":\"https:\/\/parier-presidentielle.com\/?s={search_term_string}\"},\"query-input\":\"required name=search_term_string\"}],\"inLanguage\":\"sv-SE\"}]}<\/script>\n<!-- \/ Yoast SEO Premium plugin. -->","yoast_head_json":{"title":"Asselineau et l'Election Pr\u00e9sidentielle selon Les Bookmakers Bwin, Unibet - Finale Coupe du Monde FIFA","description":"Quellles sont les Cote d'Asselineau selon les sites de paris Bwin, Unibet?","robots":{"index":"index","follow":"follow","max-snippet":"max-snippet:-1","max-image-preview":"max-image-preview:large","max-video-preview":"max-video-preview:-1"},"canonical":"https:\/\/parier-presidentielle.com\/sv\/asselineau-bookmaker-unibet-bwin\/","og_locale":"sv_SE","og_type":"article","og_title":"Asselineau et l'Election Pr\u00e9sidentielle selon Les Bookmakers Bwin, Unibet","og_description":"Quellles sont les Cote d'Asselineau selon les sites de paris Bwin, Unibet?","og_url":"https:\/\/parier-presidentielle.com\/sv\/asselineau-bookmaker-unibet-bwin\/","og_site_name":"Parier Pr\u00e9sidentielle","article_modified_time":"2023-09-09T18:26:39+00:00","og_image":[{"url":"https:\/\/parier-presidentielle.com\/wp-content\/uploads\/2021\/09\/asselineau.jpg"}],"twitter_card":"summary_large_image","twitter_misc":{"Est. reading time":"2 minuter"},"schema":{"@context":"https:\/\/schema.org","@graph":[{"@type":"WebPage","@id":"https:\/\/parier-presidentielle.com\/asselineau-bookmaker-unibet-bwin\/","url":"https:\/\/parier-presidentielle.com\/asselineau-bookmaker-unibet-bwin\/","name":"Asselineau et l'Election Pr\u00e9sidentielle selon Les Bookmakers Bwin, Unibet - Finale Coupe du Monde FIFA","isPartOf":{"@id":"https:\/\/parier-presidentielle.com\/#website"},"datePublished":"2021-09-10T11:58:16+00:00","dateModified":"2023-09-09T18:26:39+00:00","description":"Quellles sont les Cote d'Asselineau selon les sites de paris Bwin, Unibet?","breadcrumb":{"@id":"https:\/\/parier-presidentielle.com\/asselineau-bookmaker-unibet-bwin\/#breadcrumb"},"inLanguage":"sv-SE","potentialAction":[{"@type":"ReadAction","target":["https:\/\/parier-presidentielle.com\/asselineau-bookmaker-unibet-bwin\/"]}]},{"@type":"BreadcrumbList","@id":"https:\/\/parier-presidentielle.com\/asselineau-bookmaker-unibet-bwin\/#breadcrumb","itemListElement":[{"@type":"ListItem","position":1,"name":"Accueil","item":"https:\/\/parier-presidentielle.com\/"},{"@type":"ListItem","position":2,"name":"Asselineau et l&#8217;Election Pr\u00e9sidentielle selon Les Bookmakers Bwin, Unibet"}]},{"@type":"WebSite","@id":"https:\/\/parier-presidentielle.com\/#website","url":"https:\/\/parier-presidentielle.com\/","name":"Parier Pr\u00e9sidentielle","description":"Paris, Pronostics, Wiki sur la Politique, les Elections Am\u00e9ricaines: Joe Biden, Donald Trump avec les Bookmakers en ligne Unibet, Bwin, Betclic, Winamax","potentialAction":[{"@type":"SearchAction","target":{"@type":"EntryPoint","urlTemplate":"https:\/\/parier-presidentielle.com\/?s={search_term_string}"},"query-input":"required name=search_term_string"}],"inLanguage":"sv-SE"}]}},"_links":{"self":[{"href":"https:\/\/parier-presidentielle.com\/sv\/wp-json\/wp\/v2\/pages\/121"}],"collection":[{"href":"https:\/\/parier-presidentielle.com\/sv\/wp-json\/wp\/v2\/pages"}],"about":[{"href":"https:\/\/parier-presidentielle.com\/sv\/wp-json\/wp\/v2\/types\/page"}],"author":[{"embeddable":true,"href":"https:\/\/parier-presidentielle.com\/sv\/wp-json\/wp\/v2\/users\/1"}],"replies":[{"embeddable":true,"href":"https:\/\/parier-presidentielle.com\/sv\/wp-json\/wp\/v2\/comments?post=121"}],"version-history":[{"count":11,"href":"https:\/\/parier-presidentielle.com\/sv\/wp-json\/wp\/v2\/pages\/121\/revisions"}],"predecessor-version":[{"id":2334,"href":"https:\/\/parier-presidentielle.com\/sv\/wp-json\/wp\/v2\/pages\/121\/revisions\/2334"}],"wp:attachment":[{"href":"https:\/\/parier-presidentielle.com\/sv\/wp-json\/wp\/v2\/media?parent=121"}],"curies":[{"name":"wp","href":"https:\/\/api.w.org\/{rel}","templated":true}]}}