{"id":163,"date":"2021-09-13T14:41:45","date_gmt":"2021-09-13T12:41:45","guid":{"rendered":"https:\/\/parier-presidentielle.com\/?page_id=163"},"modified":"2023-01-24T18:49:06","modified_gmt":"2023-01-24T17:49:06","slug":"asselineau-bookmakers","status":"publish","type":"page","link":"https:\/\/parier-presidentielle.com\/sv\/asselineau-bookmakers\/","title":{"rendered":"Asselineau Bookmakers: Paris, odds och f\u00f6ruts\u00e4gelser"},"content":{"rendered":"<p>Guiden till vadslagning p\u00e5 kandidaten  <a href=\"https:\/\/parier-presidentielle.com\/sv\/asselineau-val\/\">Fran\u00e7ois Asselineau<\/a> 2022, hitta de b\u00e4sta oddsen enligt bookmakers: <span style=\"text-decoration: underline;\"><a href=\"https:\/\/parier-presidentielle.com\/sv\/unibet-politik-val-2022\/\">Unibet<\/a><\/span>, Bwin...<\/p>\n\n\n\n<p><\/p>\n\n\n\n<h2 class=\"wp-block-heading\" id=\"parier-sur-francois-asselineau-en-2022-notre-analyse-cotes-et-pronostics\"><span id=\"parier-sur-francois-asselineau-en-2022-notre-analyse-cotes-et-pronostics\">Spelar du p\u00e5 Francois Asselineau 2022? V\u00e5r analys, odds och f\u00f6ruts\u00e4gelser!<br><\/span><\/h2>\n\n\n\n<h1 class=\"wp-block-heading\"><span id=\"parier-sur-francois-asselineau-en-2022-analyse-cotes-et-pronostics\">Betting p\u00e5 Francois Asselineau 2022: analys, odds och f\u00f6ruts\u00e4gelser<\/span><\/h1>\n\n\n\n<p><em>Francois Asselineau, grundare och ordf\u00f6rande f\u00f6r Union Populaire R\u00e9publicaine (UPR), \u00e4r en kandidat som v\u00e4cker allt mer uppm\u00e4rksamhet i det franska politiska landskapet. Fr\u00e5gan uppst\u00e5r d\u00e4rf\u00f6r: \u00e4r det klokt att satsa p\u00e5 honom inf\u00f6r n\u00e4sta presidentval 2022? Vi kommer att f\u00f6rs\u00f6ka besvara denna fr\u00e5ga genom att analysera nuvarande odds och f\u00f6ruts\u00e4gelser.<\/em><\/p>\n\n\n\n<h2 class=\"wp-block-heading\"><span id=\"les-cotes-actuelles\">Aktuella odds<\/span><\/h2>\n\n\n\n<p>\nEnligt bookmakers \u00e4r oddsen f\u00f6r Francois Asselineau i presidentvalet 2022 f\u00f6r n\u00e4rvarande ganska l\u00e5ga. Han \u00e4r rankad till 100\/1, vilket betyder att han anses vara en underdog av proffs. Det \u00e4r dock viktigt att notera att dessa odds kan variera beroende p\u00e5 h\u00e4ndelser och omr\u00f6stningar som \u00e4ger rum under de kommande m\u00e5naderna. Det \u00e4r d\u00e4rf\u00f6r m\u00f6jligt att oddsen f\u00f6r Asselineau kommer att \u00f6ka under de kommande m\u00e5naderna.\n\n<\/p>\n\n\n\n<h2 class=\"wp-block-heading\"><span id=\"les-pronostics\">F\u00f6ruts\u00e4gelserna<\/span><\/h2>\n\n\n\n<p>\nDet \u00e4r sv\u00e5rt att ge en f\u00f6ruts\u00e4gelse om Francois Asselineaus chanser i presidentvalet 2022, eftersom det fortfarande r\u00e5der stor os\u00e4kerhet om vilka kandidater som kandiderar och hur den politiska situationen kommer att utvecklas under de kommande m\u00e5naderna. Det \u00e4r dock viktigt att notera att Fran\u00e7ois Asselineau \u00e4r en kandidat som har ett starkt st\u00f6d bland v\u00e4ljare som \u00e4r missn\u00f6jda med traditionella partier och som s\u00f6ker ett alternativ till etablissemanget. Det \u00e4r d\u00e4rf\u00f6r m\u00f6jligt att han kommer att prestera b\u00e4ttre \u00e4n vad nuvarande betyg antyder.\n\n<\/p>\n\n\n\n<h2 class=\"wp-block-heading\"><span id=\"analyse\">Analys<\/span><\/h2>\n\n\n\n<p>\nDet \u00e4r tydligt att de nuvarande oddsen och f\u00f6ruts\u00e4gelserna f\u00f6r Francois Asselineau \u00e4r ganska ogynnsamma, men vi f\u00e5r inte gl\u00f6mma att det fortfarande \u00e4r v\u00e4ldigt tidigt att f\u00f6rutse resultatet av presidentvalet 2022. Det \u00e4r viktigt att f\u00f6lja utvecklingen av den politiska situationen och opinionsm\u00e4tningarna att bed\u00f6ma chanserna f\u00f6r Francois Asselineau. Det \u00e4r ocks\u00e5 viktigt att ta h\u00e4nsyn till dess inverkan p\u00e5 v\u00e4ljarna som \u00e4r missn\u00f6jda med traditionella partier, som skulle kunna ge det betydande st\u00f6d. Sammanfattningsvis kan det vara riskabelt att satsa p\u00e5 Francois Asselineau f\u00f6r tillf\u00e4llet, men vi b\u00f6r inte heller utesluta honom helt ur kappl\u00f6pningen om presidentvalet 2022. Det \u00e4r viktigt att f\u00f6lja utvecklingen och unders\u00f6kningarna f\u00f6r att bed\u00f6ma dess verkliga chanser. Det \u00e4r ocks\u00e5 viktigt att komma ih\u00e5g att oddsen kan f\u00f6r\u00e4ndras avsev\u00e4rt under de kommande m\u00e5naderna, s\u00e5 h\u00e5ll dig vaksam.<\/p>\n\n\n\n<p>President 2022. Fran\u00e7ois Asselineau greps i februari 2021. Utredningen p\u00e5g\u00e5r fortfarande. Men varf\u00f6r bryr sig politikerna alltid om r\u00e4ttvisa? I februari 2021 var det en tsunami i politiken: Fran\u00e7ois Asselineau greps f\u00f6r moraliska trakasserier, sexuella trakasserier och sexuella \u00f6vergrepp. Utredningen genomf\u00f6rdes i maj 2020 med brigaden f\u00f6r kampen mot brottslighet mot personen (BRDP) fr\u00e5n Paris r\u00e4ttspolis. Tv\u00e5 olika offer som arbetar f\u00f6r Universal Periodic Review (Republican Popular Union) av Fran\u00e7ois Asselineau l\u00e4mnade in tv\u00e5 klagom\u00e5l: det ena l\u00e4mnades in i Aller och det andra i Paris. En f\u00f6re detta chef rapporterade ocks\u00e5 till \u00e5klagaren, och vissa fakta avsl\u00f6jades 2019.<br><\/p>\n\n\n\n<p>Snart kallade Fran\u00e7ois Asselineau anklagelserna f\u00f6r \u00e4rekr\u00e4nkning och konspiration f\u00f6r att ta bort honom fr\u00e5n presidentskapet f\u00f6r den universella periodiska granskningen och f\u00f6rhindra honom fr\u00e5n att delta i presidentvalet 2022: apotek, s\u00e4ger han p\u00e5 Facebook. \u00c4rendet p\u00e5g\u00e5r fortfarande. Som en p\u00e5minnelse, 2020, \u00e4ven om dessa klagom\u00e5l just har publicerats (men innan hans beg\u00e4ran om polish\u00e4ktning), \u00e4r politikern fortfarande vald bland direkt\u00f6rerna f\u00f6r sitt parti, vilket provocerar o\u00f6nskade partiaktivister. sexuella \u00f6vergrepp blev deras president. Vem \u00e4r Fran\u00e7ois Arcelino? Fran\u00e7ois Asselineau var finansinspekt\u00f6r innan han gick in i politiken. 2017 samlade han mer \u00e4n 500 sponsorer och deltog i det misslyckade presidentvalet 2012. <\/p>\n\n\n\n<p><\/p>\n\n\n\n<h3 class=\"wp-block-heading\" id=\"la-victoire-francois-asselineau-a-l-election-presidentielle-est-impossible\"><span id=\"la-victoire-francois-asselineau-a-l8217election-presidentielle-est-impossible\">Seger f\u00f6r Fran\u00e7ois Asselineau i presidentvalet \u00e4r om\u00f6jligt!<\/span><\/h3>\n\n\n\n<p><strong><span class=\"has-inline-color has-vivid-red-color\">Efter att ha analyserat Francois Asselineau-profilen \u00e4r det f\u00f6r riskabelt att satsa p\u00e5 hans seger trots otroliga odds...<\/span><\/strong><\/p>\n\n\n\n<h2 class=\"wp-block-heading\" id=\"unibet\"><span id=\"unibet\">Unibet<\/span><\/h2>\n\n\n\n<p><br>Fran\u00e7ois Asselineaus odds hos Unibets bookmaker: <\/p>\n\n\n\n<p>101<\/p>\n\n\n\n<p><\/p>\n\n\n\n<h2 class=\"wp-block-heading\" id=\"william-hill\"><span id=\"william-hill\">William Hill<\/span><\/h2>\n\n\n\n<p>Fran\u00e7ois Asselineaus odds hos William Hill bookmaker:  <\/p>\n\n\n\n<p>Inte tillg\u00e4nglig f\u00f6r tillf\u00e4llet<\/p>\n\n\n\n\n\n\n\n<p><\/p>\n\n\n\n<p class=\"has-text-align-center unibet\" style=\"font-size:25px\"><mark style=\"background-color:rgba(0, 0, 0, 0);color:#0d7a12\" class=\"has-inline-color\"><strong><a href=\"https:\/\/parier-presidentielle.com\/sv\/recommends\/unibet\/\">150\u20ac Bonus erbjuds med Unibet<br>F\u00f6r ditt f\u00f6rsta politiska eller sportspel: Klicka h\u00e4r<\/a><\/strong><\/mark><\/p>\n\n\n\n<p><\/p>\n\n\n<div class=\"wp-block-image\">\n<figure class=\"aligncenter is-resized wp-duotone-000097-ff4747-1\"><img decoding=\"async\" loading=\"lazy\" src=\"https:\/\/parier-presidentielle.com\/wp-content\/uploads\/2021\/09\/election-standard-scale-4_00x-gigapixel-1024x623.jpg\" alt=\"Val 2022\" style=\"width:256px;height:156px\" width=\"256\" height=\"156\"\/><\/figure><\/div>\n\n\n<p><br><\/p>\n\n\n\n<p><strong>Parier-presidential hj\u00e4lper dig att g\u00f6ra ditt val mellan de olika<a href=\"https:\/\/parier-presidentielle.com\/sv\/\"> Bookmakers Bwin, Unibet, Betclic kommer att satsa p\u00e5 den framtida amerikanska presidenten 2024<\/a> : <\/strong><br><a href=\"https:\/\/parier-presidentielle.com\/sv\/unibet-politik-val-2022\/\">Unibet Presidential Bookmaker<\/a> : Detaljerad och gratis guide f\u00f6r att g\u00f6ra ditt f\u00f6rsta onlinespel med alla odds och hur du drar nytta av den erbjudna bonusen!<\/p>\n\n\n\n<p>F\u00f6rutom andra Paris-webbplatser: <a href=\"https:\/\/parier-presidentielle.com\/sv\/unibet-politik-val-2022\/\">Bwin<\/a>, <a href=\"https:\/\/parier-presidentielle.com\/sv\/netbet-paris-politik-val-2022\/\">NetBet<\/a>, <a href=\"https:\/\/parier-presidentielle.com\/sv\/betclic-presidential-2022\/\">Betclic<\/a>, <a href=\"https:\/\/parier-presidentielle.com\/sv\/winamax-politik-val-2022\/\">Winamax<\/a>, Parions Sport, Zebet, Betway, France-Pari, Vbet, Cloudbet, 1Xbit, 1xbet, Betfair, Betwinner \u2026<\/p>\n\n\n\n<div class=\"wp-block-columns is-layout-flex wp-container-6 wp-block-columns-is-layout-flex\">\n<div class=\"wp-block-column is-layout-flow wp-block-column-is-layout-flow\" style=\"flex-basis:33.33%\">\n<p>Du har precis l\u00e4st v\u00e5r fil:<\/p>\n<\/div>\n\n\n\n<div class=\"wp-block-column is-layout-flow wp-block-column-is-layout-flow\" style=\"flex-basis:33.33%\">\n<div class=\"wp-block-group is-layout-flow wp-block-group-is-layout-flow\"><div class=\"wp-block-group__inner-container\"><h4 class=\"has-text-align-center wp-block-post-title\"><span id=\"asselineau-bookmakers-paris-cote-et-pronostics\"><a href=\"https:\/\/parier-presidentielle.com\/sv\/asselineau-bookmakers\/\" target=\"_self\" >Asselineau Bookmakers: Paris, odds och f\u00f6ruts\u00e4gelser<\/a><\/span><\/h4><\/div><\/div>\n<\/div>\n\n\n\n<div class=\"wp-block-column is-layout-flow wp-block-column-is-layout-flow\" style=\"flex-basis:33.33%\">\n<p class=\"has-text-align-right\">Forts\u00e4tt l\u00e4sa med v\u00e5ra andra exklusiva filer,<\/p>\n<\/div>\n<\/div>\n\n\n\n<h3 class=\"wp-block-heading\" id=\"tous-les-pronostics-sondage-et-cotes-pour-parier-sur-le-futur-vainqueur-de-l-election-presidentielle-2022\"><span id=\"tous-les-pronostics-sondage-et-cotes-pour-parier-sur-le-futur-vainqueur-de-l8217election-presidentielle-2024\">Alla f\u00f6ruts\u00e4gelser, unders\u00f6kningar och odds att satsa p\u00e5 den framtida vinnaren av presidentvalet 2024:<\/span><\/h3>\n\n\n\n<ul>\n<li><a href=\"https:\/\/parier-presidentielle.com\/sv\/makron-val\/\">Satsa p\u00e5 Emmanuel Macron med Unibet, Betclic, Bwin<\/a> : Favoriten i omr\u00f6stningar och f\u00f6ruts\u00e4gelser <\/li>\n\n\n\n<li><a href=\"https:\/\/parier-presidentielle.com\/sv\/marin-le-pen-val\/\">Marine Le Pen: Hennes odds och hur man satsar med bookmakers<\/a>: Utmanaren enligt Unibet<\/li>\n<\/ul>\n\n\n\n<p><\/p>\n\n\n\n<center><script type=\"text\/javascript\" charset=\"utf-8\" src=\"https:\/\/www.gambling-affiliation.com\/cpm\/v=AmIMTDSs92QY6b0MzDMvM5laCjJ-ZlA-1oQ-7tKsi.w_GA7331V2\"><\/script><\/center>\n\n\n\n<h3 class=\"wp-block-heading\"><span id=\"donald-trump-vs-joe-biden-la-video-qui-lance-les-paris-en-ligne-sur-l8217election-politique-de-2024\">Donald Trump vs Joe Biden: Videon som lanserar vadslagning online om det politiska valet 2024<\/span><\/h3>\n\n\n\n<figure class=\"wp-block-embed is-type-video is-provider-youtube wp-block-embed-youtube wp-embed-aspect-16-9 wp-has-aspect-ratio\"><div class=\"wp-block-embed__wrapper\">\n<iframe loading=\"lazy\" title=\"Tidigare president Donald Trump lanserar 2024 Vita husets bud #Short\" width=\"640\" height=\"360\" src=\"https:\/\/www.youtube.com\/embed\/hZykPRVe4Ag?feature=oembed\" frameborder=\"0\" allow=\"accelerometer; autoplay; clipboard-write; encrypted-media; gyroscope; picture-in-picture; web-share\" allowfullscreen><\/iframe>\n<\/div><\/figure>\n\n\n<div class=\"wp-block-image\">\n<figure class=\"aligncenter size-medium\"><a href=\"https:\/\/parier-presidentielle.com\/sv\/recommends\/unibet\/\" target=\"_blank\" rel=\"noopener\"><img decoding=\"async\" loading=\"lazy\" width=\"300\" height=\"169\" src=\"https:\/\/parier-presidentielle.com\/wp-content\/uploads\/2022\/04\/unibet-300x169.jpg\" alt=\"\" class=\"wp-image-1252\" srcset=\"https:\/\/parier-presidentielle.com\/wp-content\/uploads\/2022\/04\/unibet-300x169.jpg 300w, https:\/\/parier-presidentielle.com\/wp-content\/uploads\/2022\/04\/unibet-1024x576.jpg 1024w, https:\/\/parier-presidentielle.com\/wp-content\/uploads\/2022\/04\/unibet-768x432.jpg 768w, https:\/\/parier-presidentielle.com\/wp-content\/uploads\/2022\/04\/unibet-18x10.jpg 18w, https:\/\/parier-presidentielle.com\/wp-content\/uploads\/2022\/04\/unibet.jpg 1280w\" sizes=\"(max-width: 300px) 100vw, 300px\" \/><\/a><\/figure><\/div>\n\n\n<p>Hitta Wiki, de viktiga politiska nyheterna om cannabis och dess juridiska derivat: <strong>HHC, H4cbd, Thcp, Thcv, HSD, HHCPO, C4B<\/strong><\/p>\n\n\n\n<p><\/p>\n<div id=\"toc_container\" class=\"no_bullets\"><p class=\"toc_title\">Inneh\u00e5ll<\/p><ul class=\"toc_list\"><ul><li><\/li><\/ul><\/li><li><ul><li><\/li><li><\/li><li><ul><li><\/li><\/ul><\/li><li><\/li><li><ul><li><ul><li><\/li><\/ul><\/li><li><\/li><li><\/li><\/ul><\/li><\/ul><\/li><\/ul><\/div>","protected":false},"excerpt":{"rendered":"<p>Le guide pour parier sur le candidat Fran\u00e7ois Asselineau en 2022, retrouver les meilleurs cotes selon les bookmakers : Unibet, Bwin&#8230; Parier sur Francois Asselineau en 2022? Notre analyse, cotes et pronostics! Parier sur Francois Asselineau en 2022 : analyse, cotes et pronostics Francois Asselineau, fondateur et pr\u00e9sident de l&#8217;Union Populaire R\u00e9publicaine (UPR), est un &#8230;<\/p>","protected":false},"author":1,"featured_media":0,"parent":0,"menu_order":0,"comment_status":"closed","ping_status":"closed","template":"page-nosidebar.php","meta":{"footnotes":""},"yoast_head":"<!-- This site is optimized with the Yoast SEO Premium plugin v21.0 (Yoast SEO v21.0) - https:\/\/yoast.com\/wordpress\/plugins\/seo\/ -->\n<title>Asselineau Bookmakers : Paris, Cote et Pronostics - Finale Coupe du Monde FIFA<\/title>\n<meta name=\"description\" content=\"Pariez sur Asselineau pour l&#039;Election 2022 : Cliquez Ici et Gagnez Gros! Pronostics ,Comparaison des Bookmakers et des meilleurs Cotes.\" \/>\n<meta name=\"robots\" content=\"index, follow, max-snippet:-1, max-image-preview:large, max-video-preview:-1\" \/>\n<link rel=\"canonical\" href=\"https:\/\/parier-presidentielle.com\/sv\/asselineau-bookmakers\/\" \/>\n<meta property=\"og:locale\" content=\"sv_SE\" \/>\n<meta property=\"og:type\" content=\"article\" \/>\n<meta property=\"og:title\" content=\"Asselineau Bookmakers : Paris, Cote et Pronostics\" \/>\n<meta property=\"og:description\" content=\"Pariez sur Asselineau pour l&#039;Election 2022 : Cliquez Ici et Gagnez Gros! Pronostics ,Comparaison des Bookmakers et des meilleurs Cotes.\" \/>\n<meta property=\"og:url\" content=\"https:\/\/parier-presidentielle.com\/sv\/asselineau-bookmakers\/\" \/>\n<meta property=\"og:site_name\" content=\"Parier Pr\u00e9sidentielle\" \/>\n<meta property=\"article:modified_time\" content=\"2023-01-24T17:49:06+00:00\" \/>\n<meta name=\"twitter:card\" content=\"summary_large_image\" \/>\n<meta name=\"twitter:label1\" content=\"Est. reading time\" \/>\n\t<meta name=\"twitter:data1\" content=\"2 minuter\" \/>\n<script type=\"application\/ld+json\" class=\"yoast-schema-graph\">{\"@context\":\"https:\/\/schema.org\",\"@graph\":[{\"@type\":\"WebPage\",\"@id\":\"https:\/\/parier-presidentielle.com\/asselineau-bookmakers\/\",\"url\":\"https:\/\/parier-presidentielle.com\/asselineau-bookmakers\/\",\"name\":\"Asselineau Bookmakers : Paris, Cote et Pronostics - Finale Coupe du Monde FIFA\",\"isPartOf\":{\"@id\":\"https:\/\/parier-presidentielle.com\/#website\"},\"datePublished\":\"2021-09-13T12:41:45+00:00\",\"dateModified\":\"2023-01-24T17:49:06+00:00\",\"description\":\"Pariez sur Asselineau pour l'Election 2022 : Cliquez Ici et Gagnez Gros! Pronostics ,Comparaison des Bookmakers et des meilleurs Cotes.\",\"breadcrumb\":{\"@id\":\"https:\/\/parier-presidentielle.com\/asselineau-bookmakers\/#breadcrumb\"},\"inLanguage\":\"sv-SE\",\"potentialAction\":[{\"@type\":\"ReadAction\",\"target\":[\"https:\/\/parier-presidentielle.com\/asselineau-bookmakers\/\"]}]},{\"@type\":\"BreadcrumbList\",\"@id\":\"https:\/\/parier-presidentielle.com\/asselineau-bookmakers\/#breadcrumb\",\"itemListElement\":[{\"@type\":\"ListItem\",\"position\":1,\"name\":\"Accueil\",\"item\":\"https:\/\/parier-presidentielle.com\/\"},{\"@type\":\"ListItem\",\"position\":2,\"name\":\"Asselineau Bookmakers : Paris, Cote et Pronostics\"}]},{\"@type\":\"WebSite\",\"@id\":\"https:\/\/parier-presidentielle.com\/#website\",\"url\":\"https:\/\/parier-presidentielle.com\/\",\"name\":\"Parier Pr\u00e9sidentielle\",\"description\":\"Paris, Pronostics, Wiki sur la Politique, les Elections Am\u00e9ricaines: Joe Biden, Donald Trump avec les Bookmakers en ligne Unibet, Bwin, Betclic, Winamax\",\"potentialAction\":[{\"@type\":\"SearchAction\",\"target\":{\"@type\":\"EntryPoint\",\"urlTemplate\":\"https:\/\/parier-presidentielle.com\/?s={search_term_string}\"},\"query-input\":\"required name=search_term_string\"}],\"inLanguage\":\"sv-SE\"}]}<\/script>\n<!-- \/ Yoast SEO Premium plugin. -->","yoast_head_json":{"title":"Asselineau Bookmakers : Paris, Cote et Pronostics - Finale Coupe du Monde FIFA","description":"Pariez sur Asselineau pour l'Election 2022 : Cliquez Ici et Gagnez Gros! Pronostics ,Comparaison des Bookmakers et des meilleurs Cotes.","robots":{"index":"index","follow":"follow","max-snippet":"max-snippet:-1","max-image-preview":"max-image-preview:large","max-video-preview":"max-video-preview:-1"},"canonical":"https:\/\/parier-presidentielle.com\/sv\/asselineau-bookmakers\/","og_locale":"sv_SE","og_type":"article","og_title":"Asselineau Bookmakers : Paris, Cote et Pronostics","og_description":"Pariez sur Asselineau pour l'Election 2022 : Cliquez Ici et Gagnez Gros! Pronostics ,Comparaison des Bookmakers et des meilleurs Cotes.","og_url":"https:\/\/parier-presidentielle.com\/sv\/asselineau-bookmakers\/","og_site_name":"Parier Pr\u00e9sidentielle","article_modified_time":"2023-01-24T17:49:06+00:00","twitter_card":"summary_large_image","twitter_misc":{"Est. reading time":"2 minuter"},"schema":{"@context":"https:\/\/schema.org","@graph":[{"@type":"WebPage","@id":"https:\/\/parier-presidentielle.com\/asselineau-bookmakers\/","url":"https:\/\/parier-presidentielle.com\/asselineau-bookmakers\/","name":"Asselineau Bookmakers : Paris, Cote et Pronostics - Finale Coupe du Monde FIFA","isPartOf":{"@id":"https:\/\/parier-presidentielle.com\/#website"},"datePublished":"2021-09-13T12:41:45+00:00","dateModified":"2023-01-24T17:49:06+00:00","description":"Pariez sur Asselineau pour l'Election 2022 : Cliquez Ici et Gagnez Gros! Pronostics ,Comparaison des Bookmakers et des meilleurs Cotes.","breadcrumb":{"@id":"https:\/\/parier-presidentielle.com\/asselineau-bookmakers\/#breadcrumb"},"inLanguage":"sv-SE","potentialAction":[{"@type":"ReadAction","target":["https:\/\/parier-presidentielle.com\/asselineau-bookmakers\/"]}]},{"@type":"BreadcrumbList","@id":"https:\/\/parier-presidentielle.com\/asselineau-bookmakers\/#breadcrumb","itemListElement":[{"@type":"ListItem","position":1,"name":"Accueil","item":"https:\/\/parier-presidentielle.com\/"},{"@type":"ListItem","position":2,"name":"Asselineau Bookmakers : Paris, Cote et Pronostics"}]},{"@type":"WebSite","@id":"https:\/\/parier-presidentielle.com\/#website","url":"https:\/\/parier-presidentielle.com\/","name":"Parier Pr\u00e9sidentielle","description":"Paris, Pronostics, Wiki sur la Politique, les Elections Am\u00e9ricaines: Joe Biden, Donald Trump avec les Bookmakers en ligne Unibet, Bwin, Betclic, Winamax","potentialAction":[{"@type":"SearchAction","target":{"@type":"EntryPoint","urlTemplate":"https:\/\/parier-presidentielle.com\/?s={search_term_string}"},"query-input":"required name=search_term_string"}],"inLanguage":"sv-SE"}]}},"_links":{"self":[{"href":"https:\/\/parier-presidentielle.com\/sv\/wp-json\/wp\/v2\/pages\/163"}],"collection":[{"href":"https:\/\/parier-presidentielle.com\/sv\/wp-json\/wp\/v2\/pages"}],"about":[{"href":"https:\/\/parier-presidentielle.com\/sv\/wp-json\/wp\/v2\/types\/page"}],"author":[{"embeddable":true,"href":"https:\/\/parier-presidentielle.com\/sv\/wp-json\/wp\/v2\/users\/1"}],"replies":[{"embeddable":true,"href":"https:\/\/parier-presidentielle.com\/sv\/wp-json\/wp\/v2\/comments?post=163"}],"version-history":[{"count":22,"href":"https:\/\/parier-presidentielle.com\/sv\/wp-json\/wp\/v2\/pages\/163\/revisions"}],"predecessor-version":[{"id":1915,"href":"https:\/\/parier-presidentielle.com\/sv\/wp-json\/wp\/v2\/pages\/163\/revisions\/1915"}],"wp:attachment":[{"href":"https:\/\/parier-presidentielle.com\/sv\/wp-json\/wp\/v2\/media?parent=163"}],"curies":[{"name":"wp","href":"https:\/\/api.w.org\/{rel}","templated":true}]}}