{"id":1946,"date":"2023-03-20T16:35:45","date_gmt":"2023-03-20T15:35:45","guid":{"rendered":"https:\/\/parier-presidentielle.com\/?page_id=1946"},"modified":"2023-06-02T11:23:14","modified_gmt":"2023-06-02T09:23:14","slug":"joe-biden-cannabis-hhc","status":"publish","type":"page","link":"https:\/\/parier-presidentielle.com\/sv\/joe-biden-cannabis-hhc\/","title":{"rendered":"Joe Biden och cannabismarknaden, HHC"},"content":{"rendered":"<h2 class=\"wp-block-heading\"><span id=\"l8217arrivee-de-joe-biden-sur-le-marche-du-cannabis-et-de-l8217hhc-aux-etats-unis-un-nouvel-espoir-pour-les-consommateurs-et-les-entrepreneurs\">Joe Bidens ankomst till cannabis- och HHC-marknaden i USA: Nytt hopp f\u00f6r konsumenter och entrepren\u00f6rer<\/span><\/h2>\n\n\n\n<p>Cannabis- och cannabinoidmarknaden som <a href=\"https:\/\/wikihhc.com\/\">HHC<\/a> har sett en explosiv tillv\u00e4xt i USA de senaste \u00e5ren. Fler och fler stater legaliserar rekreations- eller terapeutisk anv\u00e4ndning av cannabis, och fler och fler konsumenter v\u00e4nder sig till cannabinoidprodukter f\u00f6r att behandla en m\u00e4ngd olika tillst\u00e5nd. USA:s federala cannabislagar \u00e4r dock fortfarande oklara och restriktiva, vilket begr\u00e4nsar entrepren\u00f6rer och konsumenters tillg\u00e5ng till f\u00f6rdelarna med denna blomstrande marknad.<\/p>\n\n\n\n<p>Men med ankomsten av Joe Biden som president i USA kan saker och ting f\u00f6r\u00e4ndras f\u00f6r cannabis- och cannabinoidmarknaden. President Biden har sagt att han st\u00f6der legalisering av cannabis f\u00f6r medicinska \u00e4ndam\u00e5l, men st\u00f6der inte legalisering av det f\u00f6r fritidsbruk. Men hans administration har redan vidtagit \u00e5tg\u00e4rder f\u00f6r att till\u00e5ta cannabinoidforskning, vilket kan vara ett f\u00f6rsta steg mot en bredare legalisering.<\/p>\n\n\n\n<h2 class=\"wp-block-heading\"><span id=\"la-legalisation-du-cannabis-un-enjeu-economique\">Legaliseringen av cannabis: en ekonomisk fr\u00e5ga<\/span><\/h2>\n\n\n\n<p>Legaliseringen av cannabis f\u00f6r medicinska och rekreations\u00e4ndam\u00e5l \u00e4r en viktig ekonomisk fr\u00e5ga f\u00f6r USA. Faktum \u00e4r att produktion, distribution och f\u00f6rs\u00e4ljning av cannabis kan generera betydande int\u00e4kter f\u00f6r stater, samtidigt som det skapar jobb och stimulerar den lokala ekonomin.<\/p>\n\n\n\n<h2 class=\"wp-block-heading\"><span id=\"les-obstacles-a-la-legalisation\">Hinder f\u00f6r legalisering<\/span><\/h2>\n\n\n\n<p>Legaliseringen av cannabis m\u00f6ter dock m\u00e5nga hinder i USA. Federala cannabislagar \u00e4r fortfarande oklara och restriktiva, vilket g\u00f6r det sv\u00e5rt f\u00f6r entrepren\u00f6rer att v\u00e4xa sina f\u00f6retag och f\u00f6r konsumenter att f\u00e5 tillg\u00e5ng till s\u00e4kra kvalitetsprodukter. Dessutom kan stigmatiseringen av cannabis i det amerikanska samh\u00e4llet g\u00f6ra det sv\u00e5rt f\u00f6r myndigheter och v\u00e4ljare att acceptera legalisering.<\/p>\n\n\n\n<h2 class=\"wp-block-heading\"><span id=\"les-avantages-potentiels-de-la-legalisation\">De potentiella f\u00f6rdelarna med legalisering<\/span><\/h2>\n\n\n\n<p>Trots dessa hinder kan legaliseringen av cannabis och cannabinoider ge m\u00e5nga f\u00f6rdelar f\u00f6r konsumenter och entrepren\u00f6rer i USA. Cannabinoidprodukter kan hj\u00e4lpa till att behandla tillst\u00e5nd som kronisk sm\u00e4rta, \u00e5ngest, depression och s\u00f6mnl\u00f6shet, vilket kan f\u00f6rb\u00e4ttra livskvaliteten f\u00f6r miljontals amerikaner. Dessutom kan legalisering skapa jobb inom cannabissektorn och stimulera den lokala ekonomin.<\/p>\n\n\n\n<h2 class=\"wp-block-heading\"><span id=\"la-position-de-joe-biden\">Joe Bidens position<\/span><\/h2>\n\n\n\n<p>Joe Bidens st\u00e5ndpunkt om legalisering av cannabis och cannabinoider \u00e4r komplex. \u00c4ven om han st\u00f6der legalisering f\u00f6r medicinska \u00e4ndam\u00e5l, har han inte g\u00e5tt ut f\u00f6r legalisering f\u00f6r rekreations\u00e4ndam\u00e5l. Men hans administration har redan vidtagit \u00e5tg\u00e4rder f\u00f6r att till\u00e5ta cannabinoidforskning, vilket kan vara ett positivt tecken f\u00f6r anh\u00e4ngare av bredare legalisering.<\/p>\n\n\n\n<p>Dessutom uttryckte Joe Biden ocks\u00e5 st\u00f6d f\u00f6r radering av cannabisrelaterade brottsregister, vilket skulle kunna hj\u00e4lpa m\u00e4nniskor som felaktigt har d\u00f6mts f\u00f6r cannabisrelaterade brott att rensa sina register och ha en chans att b\u00f6rja om.<\/p>\n\n\n\n<h2 class=\"wp-block-heading\"><span id=\"l8217hhc-un-nouvel-espoir-pour-les-consommateurs\">HHC: nytt hopp f\u00f6r konsumenterna<\/span><\/h2>\n\n\n\n<p>F\u00f6rutom legaliseringen av cannabis kan Joe Bidens ankomst till cannabinoidmarknaden i USA ocks\u00e5 erbjuda nya m\u00f6jligheter f\u00f6r konsumenter tack vare framv\u00e4xten av HHC, eller delta-8-tetrahydrocannabinol.<\/p>\n\n\n\n<p>HHC \u00e4r en cannabinoid som h\u00e4rr\u00f6r fr\u00e5n cannabis som har liknande effekter som THC, men som \u00e4r laglig i m\u00e5nga stater d\u00e4r cannabis \u00e4r f\u00f6rbjudet. Konsumenter kan d\u00e4rf\u00f6r njuta av f\u00f6rdelarna med HHC utan att oroa sig f\u00f6r juridiska fr\u00e5gor relaterade till cannabis.<\/p>\n\n\n\n<h2 class=\"wp-block-heading\"><span id=\"les-entrepreneurs-prets-a-saisir-les-opportunites\">Entrepren\u00f6rer redo att ta vara p\u00e5 m\u00f6jligheter<\/span><\/h2>\n\n\n\n<p>Entrepren\u00f6rer p\u00e5 cannabinoidmarknaden \u00e4r ocks\u00e5 redo att ta vara p\u00e5 de m\u00f6jligheter som Joe Bidens ankomst p\u00e5 marknaden erbjuder. M\u00e5nga f\u00f6retag arbetar redan med produkter baserade p\u00e5<a href=\"https:\/\/wikihhc.com\/france\/fleurs-hhc\/\"> av HHC som blommor <\/a>, och vissa har till och med b\u00f6rjat v\u00e4nda sig till produktion av legaliserad cannabis f\u00f6r medicinska \u00e4ndam\u00e5l.<\/p>\n\n\n\n<h2 class=\"wp-block-heading\"><span id=\"conclusion-un-nouvel-espoir-pour-les-consommateurs-et-les-entrepreneurs\">Slutsats: nytt hopp f\u00f6r konsumenter och f\u00f6retagare<\/span><\/h2>\n\n\n\n<p>Joe Bidens ankomst till cannabis- och cannabinoidmarknaden i USA erbjuder nytt hopp f\u00f6r konsumenter och entrepren\u00f6rer. \u00c4ven om Joe Bidens st\u00e5ndpunkt om legalisering av cannabis f\u00f6r fritidsbruk \u00e4r oklar, \u00e4r hans agerande till f\u00f6rm\u00e5n f\u00f6r cannabinoidforskning och utpl\u00e5ning av cannabisrelaterade brottsregister positiva tecken f\u00f6r legaliseringsanh\u00e4ngare. M\u00e5nga webbplatser erbjuder rabatter p\u00e5 <a href=\"https:\/\/wikihhc.com\/site\/weecl\/code-promo-coupon-bon-de-reduction-weecl\/\">CBD och HHC gillar Weecl med kampanjkoder<\/a>.<\/p>\n\n\n\n<p>Dessutom ger uppkomsten av HHC nya m\u00f6jligheter f\u00f6r konsumenter och entrepren\u00f6rer, vilket g\u00f6r att konsumenter kan njuta av f\u00f6rdelarna med cannabinoider utan de juridiska problem som \u00e4r f\u00f6rknippade med cannabis.<\/p>\n\n\n\n<figure class=\"wp-block-embed is-type-video is-provider-youtube wp-block-embed-youtube wp-embed-aspect-16-9 wp-has-aspect-ratio\"><div class=\"wp-block-embed__wrapper\">\n<iframe loading=\"lazy\" title=\"USA: Joe Biden ben\u00e5dar tusentals amerikaner som d\u00f6mts f\u00f6r innehav av marijuana\" width=\"640\" height=\"360\" src=\"https:\/\/www.youtube.com\/embed\/EmSpSXaJnlY?feature=oembed\" frameborder=\"0\" allow=\"accelerometer; autoplay; clipboard-write; encrypted-media; gyroscope; picture-in-picture; web-share\" allowfullscreen><\/iframe>\n<\/div><\/figure>\n<div id=\"toc_container\" class=\"no_bullets\"><p class=\"toc_title\">Inneh\u00e5ll<\/p><ul class=\"toc_list\"><li><\/li><li><\/li><li><\/li><li><\/li><li><\/li><li><\/li><li><\/li><li><\/li><\/ul><\/div>","protected":false},"excerpt":{"rendered":"<p>L&#8217;arriv\u00e9e de Joe Biden sur le march\u00e9 du cannabis et de l&#8217;HHC aux \u00c9tats-Unis : Un nouvel espoir pour les consommateurs et les entrepreneurs Le march\u00e9 du cannabis et des cannabino\u00efdes comme HHC a connu une croissance explosive aux \u00c9tats-Unis ces derni\u00e8res ann\u00e9es . De plus en plus d&#8217;\u00c9tats l\u00e9galisent l&#8217;usage r\u00e9cr\u00e9atif ou th\u00e9rapeutique du &#8230;<\/p>","protected":false},"author":1,"featured_media":1955,"parent":0,"menu_order":0,"comment_status":"closed","ping_status":"closed","template":"page-nosidebar.php","meta":{"footnotes":""},"yoast_head":"<!-- This site is optimized with the Yoast SEO Premium plugin v21.0 (Yoast SEO v21.0) - https:\/\/yoast.com\/wordpress\/plugins\/seo\/ -->\n<title>Joe Biden et le march\u00e9 du Cannabis, HHC - Finale Coupe du Monde FIFA<\/title>\n<meta name=\"robots\" content=\"index, follow, max-snippet:-1, max-image-preview:large, max-video-preview:-1\" \/>\n<link rel=\"canonical\" href=\"https:\/\/parier-presidentielle.com\/sv\/joe-biden-cannabis-hhc\/\" \/>\n<meta property=\"og:locale\" content=\"sv_SE\" \/>\n<meta property=\"og:type\" content=\"article\" \/>\n<meta property=\"og:title\" content=\"Joe Biden et le march\u00e9 du Cannabis, HHC\" \/>\n<meta property=\"og:description\" content=\"L&#8217;arriv\u00e9e de Joe Biden sur le march\u00e9 du cannabis et de l&#8217;HHC aux \u00c9tats-Unis : Un nouvel espoir pour les consommateurs et les entrepreneurs Le march\u00e9 du cannabis et des cannabino\u00efdes comme HHC a connu une croissance explosive aux \u00c9tats-Unis ces derni\u00e8res ann\u00e9es . De plus en plus d&#8217;\u00c9tats l\u00e9galisent l&#8217;usage r\u00e9cr\u00e9atif ou th\u00e9rapeutique du ...\" \/>\n<meta property=\"og:url\" content=\"https:\/\/parier-presidentielle.com\/sv\/joe-biden-cannabis-hhc\/\" \/>\n<meta property=\"og:site_name\" content=\"Parier Pr\u00e9sidentielle\" \/>\n<meta property=\"article:modified_time\" content=\"2023-06-02T09:23:14+00:00\" \/>\n<meta property=\"og:image\" content=\"https:\/\/parier-presidentielle.com\/wp-content\/uploads\/2023\/03\/joe-biden-hhc-1-scaled.jpg\" \/>\n\t<meta property=\"og:image:width\" content=\"2560\" \/>\n\t<meta property=\"og:image:height\" content=\"1440\" \/>\n\t<meta property=\"og:image:type\" content=\"image\/jpeg\" \/>\n<meta name=\"twitter:card\" content=\"summary_large_image\" \/>\n<meta name=\"twitter:label1\" content=\"Est. reading time\" \/>\n\t<meta name=\"twitter:data1\" content=\"4 minuter\" \/>\n<script type=\"application\/ld+json\" class=\"yoast-schema-graph\">{\"@context\":\"https:\/\/schema.org\",\"@graph\":[{\"@type\":\"WebPage\",\"@id\":\"https:\/\/parier-presidentielle.com\/joe-biden-cannabis-hhc\/\",\"url\":\"https:\/\/parier-presidentielle.com\/joe-biden-cannabis-hhc\/\",\"name\":\"Joe Biden et le march\u00e9 du Cannabis, HHC - Finale Coupe du Monde FIFA\",\"isPartOf\":{\"@id\":\"https:\/\/parier-presidentielle.com\/#website\"},\"datePublished\":\"2023-03-20T15:35:45+00:00\",\"dateModified\":\"2023-06-02T09:23:14+00:00\",\"breadcrumb\":{\"@id\":\"https:\/\/parier-presidentielle.com\/joe-biden-cannabis-hhc\/#breadcrumb\"},\"inLanguage\":\"sv-SE\",\"potentialAction\":[{\"@type\":\"ReadAction\",\"target\":[\"https:\/\/parier-presidentielle.com\/joe-biden-cannabis-hhc\/\"]}]},{\"@type\":\"BreadcrumbList\",\"@id\":\"https:\/\/parier-presidentielle.com\/joe-biden-cannabis-hhc\/#breadcrumb\",\"itemListElement\":[{\"@type\":\"ListItem\",\"position\":1,\"name\":\"Accueil\",\"item\":\"https:\/\/parier-presidentielle.com\/\"},{\"@type\":\"ListItem\",\"position\":2,\"name\":\"Joe Biden et le march\u00e9 du Cannabis, HHC\"}]},{\"@type\":\"WebSite\",\"@id\":\"https:\/\/parier-presidentielle.com\/#website\",\"url\":\"https:\/\/parier-presidentielle.com\/\",\"name\":\"Parier Pr\u00e9sidentielle\",\"description\":\"Paris, Pronostics, Wiki sur la Politique, les Elections Am\u00e9ricaines: Joe Biden, Donald Trump avec les Bookmakers en ligne Unibet, Bwin, Betclic, Winamax\",\"potentialAction\":[{\"@type\":\"SearchAction\",\"target\":{\"@type\":\"EntryPoint\",\"urlTemplate\":\"https:\/\/parier-presidentielle.com\/?s={search_term_string}\"},\"query-input\":\"required name=search_term_string\"}],\"inLanguage\":\"sv-SE\"}]}<\/script>\n<!-- \/ Yoast SEO Premium plugin. -->","yoast_head_json":{"title":"Joe Biden et le march\u00e9 du Cannabis, HHC - Finale Coupe du Monde FIFA","robots":{"index":"index","follow":"follow","max-snippet":"max-snippet:-1","max-image-preview":"max-image-preview:large","max-video-preview":"max-video-preview:-1"},"canonical":"https:\/\/parier-presidentielle.com\/sv\/joe-biden-cannabis-hhc\/","og_locale":"sv_SE","og_type":"article","og_title":"Joe Biden et le march\u00e9 du Cannabis, HHC","og_description":"L&#8217;arriv\u00e9e de Joe Biden sur le march\u00e9 du cannabis et de l&#8217;HHC aux \u00c9tats-Unis : Un nouvel espoir pour les consommateurs et les entrepreneurs Le march\u00e9 du cannabis et des cannabino\u00efdes comme HHC a connu une croissance explosive aux \u00c9tats-Unis ces derni\u00e8res ann\u00e9es . De plus en plus d&#8217;\u00c9tats l\u00e9galisent l&#8217;usage r\u00e9cr\u00e9atif ou th\u00e9rapeutique du ...","og_url":"https:\/\/parier-presidentielle.com\/sv\/joe-biden-cannabis-hhc\/","og_site_name":"Parier Pr\u00e9sidentielle","article_modified_time":"2023-06-02T09:23:14+00:00","og_image":[{"width":2560,"height":1440,"url":"https:\/\/parier-presidentielle.com\/wp-content\/uploads\/2023\/03\/joe-biden-hhc-1-scaled.jpg","type":"image\/jpeg"}],"twitter_card":"summary_large_image","twitter_misc":{"Est. reading time":"4 minuter"},"schema":{"@context":"https:\/\/schema.org","@graph":[{"@type":"WebPage","@id":"https:\/\/parier-presidentielle.com\/joe-biden-cannabis-hhc\/","url":"https:\/\/parier-presidentielle.com\/joe-biden-cannabis-hhc\/","name":"Joe Biden et le march\u00e9 du Cannabis, HHC - Finale Coupe du Monde FIFA","isPartOf":{"@id":"https:\/\/parier-presidentielle.com\/#website"},"datePublished":"2023-03-20T15:35:45+00:00","dateModified":"2023-06-02T09:23:14+00:00","breadcrumb":{"@id":"https:\/\/parier-presidentielle.com\/joe-biden-cannabis-hhc\/#breadcrumb"},"inLanguage":"sv-SE","potentialAction":[{"@type":"ReadAction","target":["https:\/\/parier-presidentielle.com\/joe-biden-cannabis-hhc\/"]}]},{"@type":"BreadcrumbList","@id":"https:\/\/parier-presidentielle.com\/joe-biden-cannabis-hhc\/#breadcrumb","itemListElement":[{"@type":"ListItem","position":1,"name":"Accueil","item":"https:\/\/parier-presidentielle.com\/"},{"@type":"ListItem","position":2,"name":"Joe Biden et le march\u00e9 du Cannabis, HHC"}]},{"@type":"WebSite","@id":"https:\/\/parier-presidentielle.com\/#website","url":"https:\/\/parier-presidentielle.com\/","name":"Parier Pr\u00e9sidentielle","description":"Paris, Pronostics, Wiki sur la Politique, les Elections Am\u00e9ricaines: Joe Biden, Donald Trump avec les Bookmakers en ligne Unibet, Bwin, Betclic, Winamax","potentialAction":[{"@type":"SearchAction","target":{"@type":"EntryPoint","urlTemplate":"https:\/\/parier-presidentielle.com\/?s={search_term_string}"},"query-input":"required name=search_term_string"}],"inLanguage":"sv-SE"}]}},"_links":{"self":[{"href":"https:\/\/parier-presidentielle.com\/sv\/wp-json\/wp\/v2\/pages\/1946"}],"collection":[{"href":"https:\/\/parier-presidentielle.com\/sv\/wp-json\/wp\/v2\/pages"}],"about":[{"href":"https:\/\/parier-presidentielle.com\/sv\/wp-json\/wp\/v2\/types\/page"}],"author":[{"embeddable":true,"href":"https:\/\/parier-presidentielle.com\/sv\/wp-json\/wp\/v2\/users\/1"}],"replies":[{"embeddable":true,"href":"https:\/\/parier-presidentielle.com\/sv\/wp-json\/wp\/v2\/comments?post=1946"}],"version-history":[{"count":5,"href":"https:\/\/parier-presidentielle.com\/sv\/wp-json\/wp\/v2\/pages\/1946\/revisions"}],"predecessor-version":[{"id":2000,"href":"https:\/\/parier-presidentielle.com\/sv\/wp-json\/wp\/v2\/pages\/1946\/revisions\/2000"}],"wp:featuredmedia":[{"embeddable":true,"href":"https:\/\/parier-presidentielle.com\/sv\/wp-json\/wp\/v2\/media\/1955"}],"wp:attachment":[{"href":"https:\/\/parier-presidentielle.com\/sv\/wp-json\/wp\/v2\/media?parent=1946"}],"curies":[{"name":"wp","href":"https:\/\/api.w.org\/{rel}","templated":true}]}}