{"id":1956,"date":"2023-03-20T17:03:39","date_gmt":"2023-03-20T16:03:39","guid":{"rendered":"https:\/\/parier-presidentielle.com\/?page_id=1956"},"modified":"2023-06-02T11:27:55","modified_gmt":"2023-06-02T09:27:55","slug":"donald-trump-sur-le-marche-du-cannabis-et-du-hhc","status":"publish","type":"page","link":"https:\/\/parier-presidentielle.com\/sv\/donald-trump-pa-cannabis-och-hhc-marknaden\/","title":{"rendered":"Donald Trumps inverkan p\u00e5 cannabis- och HHC-marknaden"},"content":{"rendered":"<p>Sedan invigningen av Donald Trump som president i USA 2016 har cannabis- och cannabisindustrin <a href=\"https:\/\/wikihhc.com\/en\/\" target=\"_blank\" rel=\"noreferrer noopener\">HHC<\/a> (Hamp-derived Cannabinoid) har st\u00e4ndigt utvecklats. Presidentens uttalanden och implementerade policyer har haft en betydande inverkan p\u00e5 denna v\u00e4xande marknad. I den h\u00e4r artikeln kommer vi att utforska viktiga beslut fattade av Trump och hur de p\u00e5verkar framtiden f\u00f6r cannabis- och HHC-industrin. M\u00e5nga webbplatser erbjuder rabatter p\u00e5 <a href=\"https:\/\/wikihhc.com\/site\/weecl\/code-promo-coupon-bon-de-reduction-weecl\/\">CBD och HHC gillar Weecl med kampanjkoder<\/a>.<\/p>\n\n\n\n<h2 class=\"wp-block-heading\"><span id=\"la-position-initiale-de-trump-sur-le-cannabis\">Trumps f\u00f6rsta inst\u00e4llning till cannabis<\/span><\/h2>\n\n\n\n<p>Under sin valkampanj 2016 tog Donald Trump en ganska vag st\u00e4llning i fr\u00e5gan om cannabis. Han sa att fr\u00e5gan borde l\u00f6sas av enskilda stater och att han inte motsatte sig medicinsk anv\u00e4ndning av cannabis. Han uttryckte dock ocks\u00e5 oro \u00f6ver \u00f6kningen av cannabisanv\u00e4ndning bland unga och de potentiella negativa effekterna p\u00e5 folkh\u00e4lsan.<\/p>\n\n\n\n<h2 class=\"wp-block-heading\"><span id=\"la-nomination-de-jeff-sessions\">Nomineringen av Jeff Sessions<\/span><\/h2>\n\n\n\n<p>Ett av Trumps f\u00f6rsta beslut ang\u00e5ende cannabis var utn\u00e4mningen av Jeff Sessions till justitieminister. Sessions var k\u00e4nd f\u00f6r sitt starka motst\u00e5nd mot cannabis och f\u00f6r sin st\u00e5ndpunkt att cannabis var &quot;farligt&quot; och borde &quot;undvikas till varje pris&quot;. Denna utn\u00e4mning v\u00e4ckte oro inom cannabis- och HHC-industrin, och m\u00e5nga fruktade att det skulle leda till \u00f6kade tillslag mot cannabisf\u00f6retag.<\/p>\n\n\n\n<h2 class=\"wp-block-heading\"><span id=\"le-rescrit-de-cole\">Coles reskript<\/span><\/h2>\n\n\n\n<p>Ett annat viktigt beslut av Trump var upph\u00e4vandet av Cole-domen 2018. Domen sattes p\u00e5 plats av Obama-administrationen 2013 f\u00f6r att ge v\u00e4gledning till federala \u00e5klagare om hur man hanterar cannabislagar i stater som hade legaliserat cannabis f\u00f6r medicinska och rekreations\u00e4ndam\u00e5l . Upph\u00e4vandet av denna dom s\u00e5gs som ett stort bakslag f\u00f6r cannabis- och HHC-industrin och v\u00e4ckte oro \u00f6ver \u00f6kad till\u00e4mpning av cannabis p\u00e5 federal niv\u00e5.<\/p>\n\n\n\n<h2 class=\"wp-block-heading\"><span id=\"le-farm-bill-de-2018\">Farm Bill 2018<\/span><\/h2>\n\n\n\n<p>Trots motg\u00e5ngar s\u00e5g HHC-branschen en betydande framg\u00e5ng 2018 med Farm Bill. Denna lag legaliserade odling, produktion och f\u00f6rs\u00e4ljning av industriell hampa, definierad som cannabis inneh\u00e5llande mindre \u00e4n 0,3 % THC, i hela landet. Flytten v\u00e4lkomnades av HHC-industrin, som l\u00e4nge hade f\u00f6rs\u00f6kt legalisera hampaodlingen f\u00f6r sin CBD-produktion.<\/p>\n\n\n\n<h2 class=\"wp-block-heading\"><span id=\"la-pandemie-de-covid-19\">COVID-19-pandemin<\/span><\/h2>\n\n\n\n<p>COVID-19-pandemin har ocks\u00e5 haft en betydande inverkan p\u00e5 cannabis- och HHC-industrin. Som en viktig sektor har m\u00e5nga cannabisdispens\u00e4rer och f\u00f6retag fortsatt att verka trots f\u00f6retagsnedl\u00e4ggningar i andra sektorer. Men pandemin har ocks\u00e5 lett till en minskad efterfr\u00e5gan p\u00e5 cannabisprodukter, s\u00e4rskilt bland konsumenter.<\/p>\n\n\n\n<p>fritidsentusiaster. Resestriktioner har ocks\u00e5 p\u00e5verkat cannabis- och HHC-industrins leveranskedjor, vilket har lett till st\u00f6rningar i produktion och distribution.<\/p>\n\n\n\n<h2 class=\"wp-block-heading\"><span id=\"l8217avenir-de-l8217industrie-du-cannabis-et-du-hhc-sous-l8217administration-biden\">Framtiden f\u00f6r cannabis- och HHC-industrin under Biden-administrationen<\/span><\/h2>\n\n\n\n<p>Med invigningen av Joe Biden i januari 2021, <a href=\"https:\/\/wikihhc.com\/site\/\">cannabis- och HHC-industrin <\/a>s\u00e5g fram emot en f\u00f6r\u00e4ndring i riktning fr\u00e5n politik som genomf\u00f6rdes under Trump-administrationen. Biden har uttryckt sitt st\u00f6d f\u00f6r att legalisera medicinsk anv\u00e4ndning av cannabis och eliminera obligatoriska straff f\u00f6r cannabisbrott. Men han sa ocks\u00e5 att han skulle st\u00f6dja den nuvarande klassificeringen av cannabis som ett schema I-\u00e4mne, vilket inneb\u00e4r att det anses ha en h\u00f6g potential f\u00f6r missbruk och ingen giltig medicinsk anv\u00e4ndning.<\/p>\n\n\n\n<p>Trots os\u00e4kerhet om framtiden f\u00f6r cannabis- och HHC-industrin under Biden-administrationen, forts\u00e4tter branschen att utvecklas st\u00e4ndigt och forts\u00e4tter att v\u00e4xa. Stater forts\u00e4tter att legalisera cannabis f\u00f6r medicinska och rekreations\u00e4ndam\u00e5l, och nya HHC-f\u00f6retag skapas f\u00f6r att m\u00f6ta den v\u00e4xande efterfr\u00e5gan p\u00e5 CBD-produkter. Cannabis- och HHC-industrin \u00e4r fortfarande en v\u00e4xande sektor med m\u00e5nga m\u00f6jligheter f\u00f6r entrepren\u00f6rer och investerare.<\/p>\n\n\n\n<p>Sammanfattningsvis har Donald Trumps inverkan p\u00e5 cannabis- och HHC-industrin varit betydande, men os\u00e4kerheter kvarst\u00e5r ang\u00e5ende framtiden f\u00f6r denna industri under Biden-administrationen. Trots detta forts\u00e4tter branschen att v\u00e4xa och utvecklas, vilket ger m\u00e5nga m\u00f6jligheter f\u00f6r f\u00f6retag och investerare.<\/p>\n\n\n\n<p><\/p>\n\n\n\n<figure class=\"wp-block-embed is-type-video is-provider-youtube wp-block-embed-youtube wp-embed-aspect-16-9 wp-has-aspect-ratio\"><div class=\"wp-block-embed__wrapper\">\n<iframe loading=\"lazy\" title=\"Trumps seger: mot slutet av cannabisf\u00f6rbudet? - RTL - RTL\" width=\"640\" height=\"360\" src=\"https:\/\/www.youtube.com\/embed\/j5oDI7O_byY?feature=oembed\" frameborder=\"0\" allow=\"accelerometer; autoplay; clipboard-write; encrypted-media; gyroscope; picture-in-picture; web-share\" allowfullscreen><\/iframe>\n<\/div><\/figure>\n\n\n\n<p>Vanliga fr\u00e5gor:<\/p>\n\n\n\n<ol>\n<li>Vad \u00e4r HHC? HHC (Hemp-derived Cannabinoid) \u00e4r en cannabinoidf\u00f6rening som h\u00e4rr\u00f6r fr\u00e5n industriell hampa, som inneh\u00e5ller mindre \u00e4n 0,3 % THC.<\/li>\n\n\n\n<li>Vilka amerikanska stater har legaliserat cannabis? Hittills har 36 amerikanska stater legaliserat cannabis f\u00f6r medicinska \u00e4ndam\u00e5l och 15 stater har legaliserat cannabis f\u00f6r rekreationsbruk.<\/li>\n\n\n\n<li>Vad \u00e4r effekten av att klassificera cannabis som ett schema I-\u00e4mne? Klassificeringen av cannabis som ett schema I-\u00e4mne inneb\u00e4r att det anses ha en h\u00f6g potential f\u00f6r missbruk och ingen giltig medicinsk anv\u00e4ndning, vilket g\u00f6r det sv\u00e5rt f\u00f6r forskare att genomf\u00f6ra studier om dess medicinska egenskaper.<\/li>\n\n\n\n<li>Vilka \u00e4r st\u00f6rningarna i cannabisproduktionen orsakade av covid-19-pandemin? COVID-19-pandemin har lett till st\u00f6rningar i cannabis- och HHC-industrins leveranskedjor, vilket lett till f\u00f6rseningar i produktion och distribution.<\/li>\n<\/ol>\n<div id=\"toc_container\" class=\"no_bullets\"><p class=\"toc_title\">Inneh\u00e5ll<\/p><ul class=\"toc_list\"><li><\/li><li><\/li><li><\/li><li><\/li><li><\/li><li><\/li><\/ul><\/div>","protected":false},"excerpt":{"rendered":"<p>Depuis l&#8217;investiture de Donald Trump \u00e0 la pr\u00e9sidence des \u00c9tats-Unis en 2016, l&#8217;industrie du cannabis et du HHC (Hemp-derived Cannabinoid) a \u00e9t\u00e9 en constante \u00e9volution. Les d\u00e9clarations du pr\u00e9sident et les politiques mises en place ont eu un impact significatif sur ce march\u00e9 en pleine expansion. Dans cet article, nous allons explorer les d\u00e9cisions cl\u00e9s &#8230;<\/p>","protected":false},"author":1,"featured_media":1959,"parent":0,"menu_order":0,"comment_status":"closed","ping_status":"closed","template":"page-nosidebar.php","meta":{"footnotes":""},"yoast_head":"<!-- This site is optimized with the Yoast SEO Premium plugin v21.0 (Yoast SEO v21.0) - https:\/\/yoast.com\/wordpress\/plugins\/seo\/ -->\n<title>L&#039;impact de Donald Trump sur le march\u00e9 du Cannabis et du HHC - Finale Coupe du Monde FIFA<\/title>\n<meta name=\"robots\" content=\"index, follow, max-snippet:-1, max-image-preview:large, max-video-preview:-1\" \/>\n<link rel=\"canonical\" href=\"https:\/\/parier-presidentielle.com\/sv\/donald-trump-pa-cannabis-och-hhc-marknaden\/\" \/>\n<meta property=\"og:locale\" content=\"sv_SE\" \/>\n<meta property=\"og:type\" content=\"article\" \/>\n<meta property=\"og:title\" content=\"L&#039;impact de Donald Trump sur le march\u00e9 du Cannabis et du HHC\" \/>\n<meta property=\"og:description\" content=\"Depuis l&#8217;investiture de Donald Trump \u00e0 la pr\u00e9sidence des \u00c9tats-Unis en 2016, l&#8217;industrie du cannabis et du HHC (Hemp-derived Cannabinoid) a \u00e9t\u00e9 en constante \u00e9volution. Les d\u00e9clarations du pr\u00e9sident et les politiques mises en place ont eu un impact significatif sur ce march\u00e9 en pleine expansion. Dans cet article, nous allons explorer les d\u00e9cisions cl\u00e9s ...\" \/>\n<meta property=\"og:url\" content=\"https:\/\/parier-presidentielle.com\/sv\/donald-trump-pa-cannabis-och-hhc-marknaden\/\" \/>\n<meta property=\"og:site_name\" content=\"Parier Pr\u00e9sidentielle\" \/>\n<meta property=\"article:modified_time\" content=\"2023-06-02T09:27:55+00:00\" \/>\n<meta property=\"og:image\" content=\"https:\/\/parier-presidentielle.com\/wp-content\/uploads\/2023\/03\/donald-trump-hhc-scaled.jpg\" \/>\n\t<meta property=\"og:image:width\" content=\"2560\" \/>\n\t<meta property=\"og:image:height\" content=\"1440\" \/>\n\t<meta property=\"og:image:type\" content=\"image\/jpeg\" \/>\n<meta name=\"twitter:card\" content=\"summary_large_image\" \/>\n<meta name=\"twitter:label1\" content=\"Est. reading time\" \/>\n\t<meta name=\"twitter:data1\" content=\"5 minuter\" \/>\n<script type=\"application\/ld+json\" class=\"yoast-schema-graph\">{\"@context\":\"https:\/\/schema.org\",\"@graph\":[{\"@type\":\"WebPage\",\"@id\":\"https:\/\/parier-presidentielle.com\/donald-trump-sur-le-marche-du-cannabis-et-du-hhc\/\",\"url\":\"https:\/\/parier-presidentielle.com\/donald-trump-sur-le-marche-du-cannabis-et-du-hhc\/\",\"name\":\"L'impact de Donald Trump sur le march\u00e9 du Cannabis et du HHC - Finale Coupe du Monde FIFA\",\"isPartOf\":{\"@id\":\"https:\/\/parier-presidentielle.com\/#website\"},\"datePublished\":\"2023-03-20T16:03:39+00:00\",\"dateModified\":\"2023-06-02T09:27:55+00:00\",\"breadcrumb\":{\"@id\":\"https:\/\/parier-presidentielle.com\/donald-trump-sur-le-marche-du-cannabis-et-du-hhc\/#breadcrumb\"},\"inLanguage\":\"sv-SE\",\"potentialAction\":[{\"@type\":\"ReadAction\",\"target\":[\"https:\/\/parier-presidentielle.com\/donald-trump-sur-le-marche-du-cannabis-et-du-hhc\/\"]}]},{\"@type\":\"BreadcrumbList\",\"@id\":\"https:\/\/parier-presidentielle.com\/donald-trump-sur-le-marche-du-cannabis-et-du-hhc\/#breadcrumb\",\"itemListElement\":[{\"@type\":\"ListItem\",\"position\":1,\"name\":\"Accueil\",\"item\":\"https:\/\/parier-presidentielle.com\/\"},{\"@type\":\"ListItem\",\"position\":2,\"name\":\"L&#8217;impact de Donald Trump sur le march\u00e9 du Cannabis et du HHC\"}]},{\"@type\":\"WebSite\",\"@id\":\"https:\/\/parier-presidentielle.com\/#website\",\"url\":\"https:\/\/parier-presidentielle.com\/\",\"name\":\"Parier Pr\u00e9sidentielle\",\"description\":\"Paris, Pronostics, Wiki sur la Politique, les Elections Am\u00e9ricaines: Joe Biden, Donald Trump avec les Bookmakers en ligne Unibet, Bwin, Betclic, Winamax\",\"potentialAction\":[{\"@type\":\"SearchAction\",\"target\":{\"@type\":\"EntryPoint\",\"urlTemplate\":\"https:\/\/parier-presidentielle.com\/?s={search_term_string}\"},\"query-input\":\"required name=search_term_string\"}],\"inLanguage\":\"sv-SE\"}]}<\/script>\n<!-- \/ Yoast SEO Premium plugin. -->","yoast_head_json":{"title":"L'impact de Donald Trump sur le march\u00e9 du Cannabis et du HHC - Finale Coupe du Monde FIFA","robots":{"index":"index","follow":"follow","max-snippet":"max-snippet:-1","max-image-preview":"max-image-preview:large","max-video-preview":"max-video-preview:-1"},"canonical":"https:\/\/parier-presidentielle.com\/sv\/donald-trump-pa-cannabis-och-hhc-marknaden\/","og_locale":"sv_SE","og_type":"article","og_title":"L'impact de Donald Trump sur le march\u00e9 du Cannabis et du HHC","og_description":"Depuis l&#8217;investiture de Donald Trump \u00e0 la pr\u00e9sidence des \u00c9tats-Unis en 2016, l&#8217;industrie du cannabis et du HHC (Hemp-derived Cannabinoid) a \u00e9t\u00e9 en constante \u00e9volution. Les d\u00e9clarations du pr\u00e9sident et les politiques mises en place ont eu un impact significatif sur ce march\u00e9 en pleine expansion. Dans cet article, nous allons explorer les d\u00e9cisions cl\u00e9s ...","og_url":"https:\/\/parier-presidentielle.com\/sv\/donald-trump-pa-cannabis-och-hhc-marknaden\/","og_site_name":"Parier Pr\u00e9sidentielle","article_modified_time":"2023-06-02T09:27:55+00:00","og_image":[{"width":2560,"height":1440,"url":"https:\/\/parier-presidentielle.com\/wp-content\/uploads\/2023\/03\/donald-trump-hhc-scaled.jpg","type":"image\/jpeg"}],"twitter_card":"summary_large_image","twitter_misc":{"Est. reading time":"5 minuter"},"schema":{"@context":"https:\/\/schema.org","@graph":[{"@type":"WebPage","@id":"https:\/\/parier-presidentielle.com\/donald-trump-sur-le-marche-du-cannabis-et-du-hhc\/","url":"https:\/\/parier-presidentielle.com\/donald-trump-sur-le-marche-du-cannabis-et-du-hhc\/","name":"L'impact de Donald Trump sur le march\u00e9 du Cannabis et du HHC - Finale Coupe du Monde FIFA","isPartOf":{"@id":"https:\/\/parier-presidentielle.com\/#website"},"datePublished":"2023-03-20T16:03:39+00:00","dateModified":"2023-06-02T09:27:55+00:00","breadcrumb":{"@id":"https:\/\/parier-presidentielle.com\/donald-trump-sur-le-marche-du-cannabis-et-du-hhc\/#breadcrumb"},"inLanguage":"sv-SE","potentialAction":[{"@type":"ReadAction","target":["https:\/\/parier-presidentielle.com\/donald-trump-sur-le-marche-du-cannabis-et-du-hhc\/"]}]},{"@type":"BreadcrumbList","@id":"https:\/\/parier-presidentielle.com\/donald-trump-sur-le-marche-du-cannabis-et-du-hhc\/#breadcrumb","itemListElement":[{"@type":"ListItem","position":1,"name":"Accueil","item":"https:\/\/parier-presidentielle.com\/"},{"@type":"ListItem","position":2,"name":"L&#8217;impact de Donald Trump sur le march\u00e9 du Cannabis et du HHC"}]},{"@type":"WebSite","@id":"https:\/\/parier-presidentielle.com\/#website","url":"https:\/\/parier-presidentielle.com\/","name":"Parier Pr\u00e9sidentielle","description":"Paris, Pronostics, Wiki sur la Politique, les Elections Am\u00e9ricaines: Joe Biden, Donald Trump avec les Bookmakers en ligne Unibet, Bwin, Betclic, Winamax","potentialAction":[{"@type":"SearchAction","target":{"@type":"EntryPoint","urlTemplate":"https:\/\/parier-presidentielle.com\/?s={search_term_string}"},"query-input":"required name=search_term_string"}],"inLanguage":"sv-SE"}]}},"_links":{"self":[{"href":"https:\/\/parier-presidentielle.com\/sv\/wp-json\/wp\/v2\/pages\/1956"}],"collection":[{"href":"https:\/\/parier-presidentielle.com\/sv\/wp-json\/wp\/v2\/pages"}],"about":[{"href":"https:\/\/parier-presidentielle.com\/sv\/wp-json\/wp\/v2\/types\/page"}],"author":[{"embeddable":true,"href":"https:\/\/parier-presidentielle.com\/sv\/wp-json\/wp\/v2\/users\/1"}],"replies":[{"embeddable":true,"href":"https:\/\/parier-presidentielle.com\/sv\/wp-json\/wp\/v2\/comments?post=1956"}],"version-history":[{"count":4,"href":"https:\/\/parier-presidentielle.com\/sv\/wp-json\/wp\/v2\/pages\/1956\/revisions"}],"predecessor-version":[{"id":2001,"href":"https:\/\/parier-presidentielle.com\/sv\/wp-json\/wp\/v2\/pages\/1956\/revisions\/2001"}],"wp:featuredmedia":[{"embeddable":true,"href":"https:\/\/parier-presidentielle.com\/sv\/wp-json\/wp\/v2\/media\/1959"}],"wp:attachment":[{"href":"https:\/\/parier-presidentielle.com\/sv\/wp-json\/wp\/v2\/media?parent=1956"}],"curies":[{"name":"wp","href":"https:\/\/api.w.org\/{rel}","templated":true}]}}