{"id":1962,"date":"2023-03-20T17:10:50","date_gmt":"2023-03-20T16:10:50","guid":{"rendered":"https:\/\/parier-presidentielle.com\/?page_id=1962"},"modified":"2023-06-02T11:27:56","modified_gmt":"2023-06-02T09:27:56","slug":"vladimir-poutine-quelle-avis-sur-le-marche-du-cannabis-et-hhc","status":"publish","type":"page","link":"https:\/\/parier-presidentielle.com\/sv\/vladimir-poutine-vilken-asikt-om-cannabismarknaden-och-hhc\/","title":{"rendered":"Vad \u00e4r Vladimir Putins \u00e5sikt om cannabis- och HHC-marknaden?"},"content":{"rendered":"<p>Cannabismarknaden <a href=\"https:\/\/wikihhc.com\/france\/fleurs-hhc\/ou-trouver-fleurs-hhc-france-guide\/\">hhc<\/a>  blomstrar och v\u00e4cker intresse fr\u00e5n stora ledare runt om i v\u00e4rlden. En s\u00e5dan ledare \u00e4r Vladimir Putin, den ryske presidenten, som nyligen uttryckte sitt st\u00f6d f\u00f6r att legalisera anv\u00e4ndningen av cannabis f\u00f6r medicinska och industriella \u00e4ndam\u00e5l.<\/p>\n\n\n\n<h2 class=\"wp-block-heading\"><span id=\"le-passe-controverse-de-poutine-avec-le-cannabis\">Putins kontroversiella f\u00f6rflutna med cannabis<\/span><\/h2>\n\n\n\n<p>Innan du hoppar in i denna debatt \u00e4r det viktigt att p\u00e5minna om Putins kontroversiella f\u00f6rflutna ang\u00e5ende cannabis som n\u00e4mnts <a href=\"https:\/\/wikihhc.com\/guide\/hhc\/\">Wikipedia<\/a>. 2006 inledde Ryssland ett krig mot droger, d\u00e4r Putin spelade en betydande roll. Detta har lett till \u00f6kade tillslag mot droganv\u00e4ndning, inklusive cannabis, och lett till att tusentals m\u00e4nniskor har f\u00e4ngslats.<\/p>\n\n\n\n<p>Det verkar dock som om Putins syn p\u00e5 saken har utvecklats \u00f6ver tiden. 2019 sa han att Ryssland borde f\u00f6lja n\u00e5gra amerikanska staters ledning och legalisera cannabis f\u00f6r medicinska och industriella \u00e4ndam\u00e5l. Denna deklaration f\u00f6ljdes av lagstiftning till f\u00f6rm\u00e5n f\u00f6r odling av industrihampa. M\u00e5nga webbplatser erbjuder rabatter p\u00e5 <a href=\"https:\/\/wikihhc.com\/site\/weecl\/code-promo-coupon-bon-de-reduction-weecl\/\">CBD och HHC gillar Weecl med kampanjkoder<\/a>.<\/p>\n\n\n\n<h2 class=\"wp-block-heading\"><span id=\"le-soutien-de-poutine-a-l8217utilisation-medicale-du-cannabis\">Putins st\u00f6d f\u00f6r medicinsk anv\u00e4ndning av cannabis<\/span><\/h2>\n\n\n\n<p>Senast, i januari 2022, uttalade Putin att han st\u00f6dde medicinsk anv\u00e4ndning av cannabis och beordrade den ryska regeringen att ta fram f\u00f6rslag f\u00f6r att reglera anv\u00e4ndningen av cannabis f\u00f6r medicinska \u00e4ndam\u00e5l. Detta beslut mottogs positivt av anh\u00e4ngare av legalisering av cannabis i Ryssland och v\u00e4ckte debatt i fr\u00e5gan.<\/p>\n\n\n\n<p>Putin uttryckte ocks\u00e5 st\u00f6d f\u00f6r produktionen av <a href=\"https:\/\/wikihhc.com\"> produkt inneh\u00e5llande HHC<\/a> (Hydrogenated Cannabis Oil), en form av cannabis som har medicinska och industriella till\u00e4mpningar. Han efterlyste en \u00f6kning av produktionen av \u00e4mnet i Ryssland och sa att det hade betydande ekonomisk potential.<\/p>\n\n\n\n<h2 class=\"wp-block-heading\"><span id=\"les-defis-de-la-legalisation-du-cannabis-en-russie\">Utmaningarna med att legalisera cannabis i Ryssland<\/span><\/h2>\n\n\n\n<p>Legaliseringen av cannabis f\u00f6r medicinska och industriella \u00e4ndam\u00e5l i Ryssland \u00e4r dock inte utan utmaningar. Nuvarande ryska droglagar \u00e4r mycket strikta och cannabisanv\u00e4ndning \u00e4r olagligt. Dessutom har Ryssland undertecknat flera internationella narkotikakonventioner som f\u00f6rbjuder anv\u00e4ndning och tillverkning av droger, inklusive cannabis.<\/p>\n\n\n\n<p>Detta inneb\u00e4r att all lagstiftning som st\u00f6der legalisering av cannabis b\u00f6r vara noggrant utformad och implementerad p\u00e5 ett s\u00e4tt som \u00f6verensst\u00e4mmer med internationella konventioner och ryska lagar.<\/p>\n\n\n\n<h2 class=\"wp-block-heading\"><span id=\"conclusion\">Slutsats<\/span><\/h2>\n\n\n\n<p>Sammanfattningsvis \u00e4r Putins st\u00f6d f\u00f6r legaliseringen av medicinsk och industriell anv\u00e4ndning av cannabis i Ryssland ett viktigt beslut som v\u00e4cker debatt i landet. \u00c4ven om det finns utmaningar med att anta lagstiftning f\u00f6r att legalisera cannabis, \u00e4r det tydligt att Putins syn p\u00e5 fr\u00e5gan har utvecklats \u00f6ver tiden. Det ska bli intressant att se hur denna fr\u00e5ga utvecklas i Ryssland i framtiden.<\/p>\n\n\n\n<figure class=\"wp-block-embed is-type-video is-provider-youtube wp-block-embed-youtube wp-embed-aspect-16-9 wp-has-aspect-ratio\"><div class=\"wp-block-embed__wrapper\">\n<iframe loading=\"lazy\" title=\"Vill ryssarna att marijuana ska legaliseras?\" width=\"640\" height=\"360\" src=\"https:\/\/www.youtube.com\/embed\/lvfG8jTKhow?feature=oembed\" frameborder=\"0\" allow=\"accelerometer; autoplay; clipboard-write; encrypted-media; gyroscope; picture-in-picture; web-share\" allowfullscreen><\/iframe>\n<\/div><\/figure>\n<div id=\"toc_container\" class=\"no_bullets\"><p class=\"toc_title\">Inneh\u00e5ll<\/p><ul class=\"toc_list\"><li><\/li><li><\/li><li><\/li><li><\/li><\/ul><\/div>","protected":false},"excerpt":{"rendered":"<p>Le march\u00e9 du cannabis du hhc est en plein essor et suscite l&#8217;int\u00e9r\u00eat des grands dirigeants du monde entier. L&#8217;un de ces dirigeants est Vladimir Poutine, le pr\u00e9sident russe, qui a r\u00e9cemment exprim\u00e9 son soutien \u00e0 la l\u00e9galisation de l&#8217;utilisation du cannabis \u00e0 des fins m\u00e9dicales et industrielles. Le pass\u00e9 controvers\u00e9 de Poutine avec le &#8230;<\/p>","protected":false},"author":1,"featured_media":1965,"parent":0,"menu_order":0,"comment_status":"closed","ping_status":"closed","template":"page-nosidebar.php","meta":{"footnotes":""},"yoast_head":"<!-- This site is optimized with the Yoast SEO Premium plugin v21.0 (Yoast SEO v21.0) - https:\/\/yoast.com\/wordpress\/plugins\/seo\/ -->\n<title>Vladimir Poutine quelle avis sur le march\u00e9 du Cannabis et HHC? - Finale Coupe du Monde FIFA<\/title>\n<meta name=\"robots\" content=\"index, follow, max-snippet:-1, max-image-preview:large, max-video-preview:-1\" \/>\n<link rel=\"canonical\" href=\"https:\/\/parier-presidentielle.com\/sv\/vladimir-poutine-vilken-asikt-om-cannabismarknaden-och-hhc\/\" \/>\n<meta property=\"og:locale\" content=\"sv_SE\" \/>\n<meta property=\"og:type\" content=\"article\" \/>\n<meta property=\"og:title\" content=\"Vladimir Poutine quelle avis sur le march\u00e9 du Cannabis et HHC?\" \/>\n<meta property=\"og:description\" content=\"Le march\u00e9 du cannabis du hhc est en plein essor et suscite l&#8217;int\u00e9r\u00eat des grands dirigeants du monde entier. L&#8217;un de ces dirigeants est Vladimir Poutine, le pr\u00e9sident russe, qui a r\u00e9cemment exprim\u00e9 son soutien \u00e0 la l\u00e9galisation de l&#8217;utilisation du cannabis \u00e0 des fins m\u00e9dicales et industrielles. Le pass\u00e9 controvers\u00e9 de Poutine avec le ...\" \/>\n<meta property=\"og:url\" content=\"https:\/\/parier-presidentielle.com\/sv\/vladimir-poutine-vilken-asikt-om-cannabismarknaden-och-hhc\/\" \/>\n<meta property=\"og:site_name\" content=\"Parier Pr\u00e9sidentielle\" \/>\n<meta property=\"article:modified_time\" content=\"2023-06-02T09:27:56+00:00\" \/>\n<meta property=\"og:image\" content=\"https:\/\/parier-presidentielle.com\/wp-content\/uploads\/2023\/03\/vladimir-poutine-hhc-scaled.jpg\" \/>\n\t<meta property=\"og:image:width\" content=\"2560\" \/>\n\t<meta property=\"og:image:height\" content=\"1302\" \/>\n\t<meta property=\"og:image:type\" content=\"image\/jpeg\" \/>\n<meta name=\"twitter:card\" content=\"summary_large_image\" \/>\n<meta name=\"twitter:label1\" content=\"Est. reading time\" \/>\n\t<meta name=\"twitter:data1\" content=\"3 minuter\" \/>\n<script type=\"application\/ld+json\" class=\"yoast-schema-graph\">{\"@context\":\"https:\/\/schema.org\",\"@graph\":[{\"@type\":\"WebPage\",\"@id\":\"https:\/\/parier-presidentielle.com\/vladimir-poutine-quelle-avis-sur-le-marche-du-cannabis-et-hhc\/\",\"url\":\"https:\/\/parier-presidentielle.com\/vladimir-poutine-quelle-avis-sur-le-marche-du-cannabis-et-hhc\/\",\"name\":\"Vladimir Poutine quelle avis sur le march\u00e9 du Cannabis et HHC? - Finale Coupe du Monde FIFA\",\"isPartOf\":{\"@id\":\"https:\/\/parier-presidentielle.com\/#website\"},\"datePublished\":\"2023-03-20T16:10:50+00:00\",\"dateModified\":\"2023-06-02T09:27:56+00:00\",\"breadcrumb\":{\"@id\":\"https:\/\/parier-presidentielle.com\/vladimir-poutine-quelle-avis-sur-le-marche-du-cannabis-et-hhc\/#breadcrumb\"},\"inLanguage\":\"sv-SE\",\"potentialAction\":[{\"@type\":\"ReadAction\",\"target\":[\"https:\/\/parier-presidentielle.com\/vladimir-poutine-quelle-avis-sur-le-marche-du-cannabis-et-hhc\/\"]}]},{\"@type\":\"BreadcrumbList\",\"@id\":\"https:\/\/parier-presidentielle.com\/vladimir-poutine-quelle-avis-sur-le-marche-du-cannabis-et-hhc\/#breadcrumb\",\"itemListElement\":[{\"@type\":\"ListItem\",\"position\":1,\"name\":\"Accueil\",\"item\":\"https:\/\/parier-presidentielle.com\/\"},{\"@type\":\"ListItem\",\"position\":2,\"name\":\"Vladimir Poutine quelle avis sur le march\u00e9 du Cannabis et HHC?\"}]},{\"@type\":\"WebSite\",\"@id\":\"https:\/\/parier-presidentielle.com\/#website\",\"url\":\"https:\/\/parier-presidentielle.com\/\",\"name\":\"Parier Pr\u00e9sidentielle\",\"description\":\"Paris, Pronostics, Wiki sur la Politique, les Elections Am\u00e9ricaines: Joe Biden, Donald Trump avec les Bookmakers en ligne Unibet, Bwin, Betclic, Winamax\",\"potentialAction\":[{\"@type\":\"SearchAction\",\"target\":{\"@type\":\"EntryPoint\",\"urlTemplate\":\"https:\/\/parier-presidentielle.com\/?s={search_term_string}\"},\"query-input\":\"required name=search_term_string\"}],\"inLanguage\":\"sv-SE\"}]}<\/script>\n<!-- \/ Yoast SEO Premium plugin. -->","yoast_head_json":{"title":"Vladimir Poutine quelle avis sur le march\u00e9 du Cannabis et HHC? - Finale Coupe du Monde FIFA","robots":{"index":"index","follow":"follow","max-snippet":"max-snippet:-1","max-image-preview":"max-image-preview:large","max-video-preview":"max-video-preview:-1"},"canonical":"https:\/\/parier-presidentielle.com\/sv\/vladimir-poutine-vilken-asikt-om-cannabismarknaden-och-hhc\/","og_locale":"sv_SE","og_type":"article","og_title":"Vladimir Poutine quelle avis sur le march\u00e9 du Cannabis et HHC?","og_description":"Le march\u00e9 du cannabis du hhc est en plein essor et suscite l&#8217;int\u00e9r\u00eat des grands dirigeants du monde entier. L&#8217;un de ces dirigeants est Vladimir Poutine, le pr\u00e9sident russe, qui a r\u00e9cemment exprim\u00e9 son soutien \u00e0 la l\u00e9galisation de l&#8217;utilisation du cannabis \u00e0 des fins m\u00e9dicales et industrielles. Le pass\u00e9 controvers\u00e9 de Poutine avec le ...","og_url":"https:\/\/parier-presidentielle.com\/sv\/vladimir-poutine-vilken-asikt-om-cannabismarknaden-och-hhc\/","og_site_name":"Parier Pr\u00e9sidentielle","article_modified_time":"2023-06-02T09:27:56+00:00","og_image":[{"width":2560,"height":1302,"url":"https:\/\/parier-presidentielle.com\/wp-content\/uploads\/2023\/03\/vladimir-poutine-hhc-scaled.jpg","type":"image\/jpeg"}],"twitter_card":"summary_large_image","twitter_misc":{"Est. reading time":"3 minuter"},"schema":{"@context":"https:\/\/schema.org","@graph":[{"@type":"WebPage","@id":"https:\/\/parier-presidentielle.com\/vladimir-poutine-quelle-avis-sur-le-marche-du-cannabis-et-hhc\/","url":"https:\/\/parier-presidentielle.com\/vladimir-poutine-quelle-avis-sur-le-marche-du-cannabis-et-hhc\/","name":"Vladimir Poutine quelle avis sur le march\u00e9 du Cannabis et HHC? - Finale Coupe du Monde FIFA","isPartOf":{"@id":"https:\/\/parier-presidentielle.com\/#website"},"datePublished":"2023-03-20T16:10:50+00:00","dateModified":"2023-06-02T09:27:56+00:00","breadcrumb":{"@id":"https:\/\/parier-presidentielle.com\/vladimir-poutine-quelle-avis-sur-le-marche-du-cannabis-et-hhc\/#breadcrumb"},"inLanguage":"sv-SE","potentialAction":[{"@type":"ReadAction","target":["https:\/\/parier-presidentielle.com\/vladimir-poutine-quelle-avis-sur-le-marche-du-cannabis-et-hhc\/"]}]},{"@type":"BreadcrumbList","@id":"https:\/\/parier-presidentielle.com\/vladimir-poutine-quelle-avis-sur-le-marche-du-cannabis-et-hhc\/#breadcrumb","itemListElement":[{"@type":"ListItem","position":1,"name":"Accueil","item":"https:\/\/parier-presidentielle.com\/"},{"@type":"ListItem","position":2,"name":"Vladimir Poutine quelle avis sur le march\u00e9 du Cannabis et HHC?"}]},{"@type":"WebSite","@id":"https:\/\/parier-presidentielle.com\/#website","url":"https:\/\/parier-presidentielle.com\/","name":"Parier Pr\u00e9sidentielle","description":"Paris, Pronostics, Wiki sur la Politique, les Elections Am\u00e9ricaines: Joe Biden, Donald Trump avec les Bookmakers en ligne Unibet, Bwin, Betclic, Winamax","potentialAction":[{"@type":"SearchAction","target":{"@type":"EntryPoint","urlTemplate":"https:\/\/parier-presidentielle.com\/?s={search_term_string}"},"query-input":"required name=search_term_string"}],"inLanguage":"sv-SE"}]}},"_links":{"self":[{"href":"https:\/\/parier-presidentielle.com\/sv\/wp-json\/wp\/v2\/pages\/1962"}],"collection":[{"href":"https:\/\/parier-presidentielle.com\/sv\/wp-json\/wp\/v2\/pages"}],"about":[{"href":"https:\/\/parier-presidentielle.com\/sv\/wp-json\/wp\/v2\/types\/page"}],"author":[{"embeddable":true,"href":"https:\/\/parier-presidentielle.com\/sv\/wp-json\/wp\/v2\/users\/1"}],"replies":[{"embeddable":true,"href":"https:\/\/parier-presidentielle.com\/sv\/wp-json\/wp\/v2\/comments?post=1962"}],"version-history":[{"count":4,"href":"https:\/\/parier-presidentielle.com\/sv\/wp-json\/wp\/v2\/pages\/1962\/revisions"}],"predecessor-version":[{"id":2002,"href":"https:\/\/parier-presidentielle.com\/sv\/wp-json\/wp\/v2\/pages\/1962\/revisions\/2002"}],"wp:featuredmedia":[{"embeddable":true,"href":"https:\/\/parier-presidentielle.com\/sv\/wp-json\/wp\/v2\/media\/1965"}],"wp:attachment":[{"href":"https:\/\/parier-presidentielle.com\/sv\/wp-json\/wp\/v2\/media?parent=1962"}],"curies":[{"name":"wp","href":"https:\/\/api.w.org\/{rel}","templated":true}]}}