{"id":212,"date":"2021-09-14T13:02:49","date_gmt":"2021-09-14T11:02:49","guid":{"rendered":"https:\/\/parier-presidentielle.com\/?page_id=212"},"modified":"2021-09-14T15:59:08","modified_gmt":"2021-09-14T13:59:08","slug":"melenchon-election","status":"publish","type":"page","link":"https:\/\/parier-presidentielle.com\/sv\/melenchon-val\/","title":{"rendered":"Satsa p\u00e5 valet av Jean-Luc M\u00e9lenchon"},"content":{"rendered":"<h2 class=\"wp-block-heading\" id=\"block-f005be1c-8637-4455-a388-e82bafcaf460\"><span id=\"cote-et-pronostics-pour-le-candidat-jean-luc-melenchon-paris-en-ligne-sur-la-politique-et-le-futur-president-de-la-france-de-2022\">Odds och f\u00f6ruts\u00e4gelser f\u00f6r kandidaten Jean-Luc M\u00e9lenchon:<br>Onlinespel p\u00e5 politik och Frankrikes framtida president 2022<\/span><\/h2>\n\n\n\n<p><\/p>\n\n\n\n<p><\/p>\n\n\n\n<p>Jean-Luc M\u00e9lenchon (fr. Jean-Luc M\u00e9lenchon, IPA (fr.):; B., Tanger) \u2013 fransk v\u00e4nsterstatsman och politiker, journalist. Minister f\u00f6r yrkesutbildning i Lionel Jospins regering 2000-2002. Ledamot av den franska senaten fr\u00e5n Eson-departementet (1986-2000; 2004-2010). Ledamot av Europaparlamentet fr\u00e5n 2009 till 2017 (European United Left Faction \/ Left-North Green). En av grundarna och ordf\u00f6randena f\u00f6r &quot;V\u00e4nsterpartiet&quot;. Sedan 2017 \u2013 Medlem av den franska nationalf\u00f6rsamlingen f\u00f6r partiet &quot;Obesegrade Frankrike&quot;.<\/p>\n\n\n\n<h2 class=\"wp-block-heading\"><span id=\"biographie-de-jean-luc-melenchon\">Biografi om Jean-Luc M\u00e9lenchon<\/span><\/h2>\n\n\n\n<p><br>F\u00f6dd i Tanger (International Zone of Tangier, idag Marocko). F\u00f6r\u00e4ldrarna \u00e4r tj\u00e4nstem\u00e4n. 1962 flyttade han till Frankrike med sin mamma. Filosof till utbildning studerade han vid universitetet i Franche-Comt\u00e9. Han undervisade i gymnasieskolor. Han engagerade sig mycket tidigt i den radikala v\u00e4nsterns ungdomsr\u00f6relse, var medlem i National Union of French Students och deltog i R\u00f6da majdemonstrationer 1968. Inom den franska trotskistr\u00f6relsen ansl\u00f6t sig M\u00e9lanchon till Lambertisterna, efterf\u00f6ljare av Pierre Lambert fr\u00e5n den internationella kommunistiska organisationen. Deltagande i fackligt arbete i Besan\u00e7on.<\/p>\n\n\n\n<p>Men 1977 gick han med i Frankrikes socialistiska parti och br\u00f6t med trotskisterna. Han st\u00f6dde aktivt Frankrikes president Fran\u00e7ois Mitterrand. Sedan 1988 har Jean-Luc Melanchon blivit invald i Nationalr\u00e5det och Socialistpartiets nationella kansli. Tillsammans med likasinnade organiserade han &quot;Socialistisk v\u00e4nster&quot; (antikapitalistisk r\u00f6relse inom socialistpartiets led). Fr\u00e5n 2000 till 2002 var han ministerdelegat f\u00f6r yrkesutbildning i socialisten Lionel Jospins regering. Han var senator f\u00f6r departementet Eson (1986-2000 och 2004-2010). Han arbetade \u00e4ven p\u00e5 kommunal niv\u00e5 p\u00e5 avdelningen Eson.<\/p>\n\n\n\n<p>Som en del av folkomr\u00f6stningen om antagandet av Europeiska unionens konstitution, tillsammans med interna v\u00e4nsterstr\u00f6mningar i Socialistpartiet och andra v\u00e4nsterpartister, motsatte sig organisationen dess ratificering, medan partiledningen f\u00f6respr\u00e5kade dess ratificering. Att delta i kampanjen mot vad v\u00e4nsterpolitiker s\u00e5g som den nyliberala EU-konstitutionen f\u00f6rde Melanchon n\u00e4rmare det franska kommunistpartiet och trotskisterna.<\/p>\n\n\n\n<p>2008 l\u00e4mnade han Socialist Party p\u00e5 grund av mots\u00e4ttningar med dess ledning (inklusive S\u00e9gol\u00e8ne Royal), som han kritiserade f\u00f6r den socialliberala kursen och v\u00e4nsterid\u00e9ernas avg\u00e5ng. Initierade skapandet av &quot;v\u00e4nsterpartiet&quot; (efter modell av den tyska &quot;v\u00e4nstern&quot; med h\u00e4nvisning till Jean Jaur\u00e8s id\u00e9er); blev dess f\u00f6rsta president. Hans kollega Mark Dole deltog ocks\u00e5 i arbetet med dess tillkomst. 2010 leddes partiet tillsammans av ledaren f\u00f6r Milj\u00f6partiets interna fraktion, som sj\u00e4lv l\u00e4mnade partiet \u2013 Martin Billard. 2009 valdes han till MEP p\u00e5 listan f\u00f6r European United Left\/Left-Greens North-gruppen. V\u00e4nsterpartiet deltar i V\u00e4nsterfrontskoalitionen; Melanchon \u00e4r en av dess medordf\u00f6rande.<\/p>\n\n\n\n<h2 class=\"wp-block-heading\"><span id=\"participation-aux-elections-presidentielles-de-2012-de-jean-luc-melenchon\">Deltagande i presidentvalet 2012 av Jean-Luc M\u00e9lenchon<\/span><\/h2>\n\n\n\n<p><br>N\u00e4r presidentvalet 2012 n\u00e4rmade sig hade det franska kommunistpartiet f\u00f6r avsikt att presentera sin egen kandidat (Alain Boquet var mest trolig). Men under sin kongress, som h\u00f6lls 16-18 juni 2011, samlade Jean-Luc Melanchon 59,12 % av r\u00f6sterna fr\u00e5n kongressmedlemmarna och uts\u00e5gs till kandidat (medlemmar fr\u00e5n andra partier som tillh\u00f6rde v\u00e4nsterfronten deltog S\u00e5ledes blev han ensam kandidat till denna allians) Enligt resultaten fr\u00e5n unders\u00f6kningar som genomf\u00f6rdes 2012, f\u00f6re valet, var Melanchons betyg 6 till 15 %. Under hela presidentkampanjen lyckades han, enligt vissa unders\u00f6kningar, g\u00e5 fr\u00e5n femte till tredje plats bland v\u00e4ljare som var redo att r\u00f6sta p\u00e5 Melanchon, och gick d\u00e4rmed om Marine Le Pen och Fran\u00e7ois Bayrou.<\/p>\n\n\n\n<p>Huvuddraget i hans program var proklamationen av &quot;Sj\u00e4tte franska republiken&quot; genom att modifiera den franska konstitutionen. I sina tal n\u00e4mnde han upprepade g\u00e5nger historien om den franska revolutionen och Pariskommunen. Han uppmanade sina anh\u00e4ngare f\u00f6r en fredlig &quot;civil&quot; revolution - en kupp, som inte leds av arbetarklassen, utan av alla medborgare som rotar i sitt land.<\/p>\n\n\n\n<p>Enligt resultatet av den f\u00f6rsta omg\u00e5ngen fick M\u00e9lanchon 3 985 089 r\u00f6ster (11,1 % av det totala antalet v\u00e4ljare) och tog d\u00e4rmed fj\u00e4rde plats. Detta \u00e4r betydligt mer \u00e4n kommunistpartiets kandidat 2007 \u2013 Marie-Georges Buffet (hennes resultat var 1,93% av r\u00f6sterna).<\/p>\n\n\n\n<p>I den andra omg\u00e5ngen st\u00f6dde Melanchon Fran\u00e7ois Hollandes kandidatur, trots att han p\u00e5 grund av mots\u00e4ttningar med honom l\u00e4mnade Socialistpartiet 2008. Den 6 maj 2012 valdes Hollande till Frankrikes president.<\/p>\n\n\n\n<p>Andra aktiviteter<br>Han f\u00f6rs\u00f6kte bli medlem i den franska nationalf\u00f6rsamlingen 2012 fr\u00e5n det elfte valdistriktet i departementet Pas-de-Calais p\u00e5 &quot;v\u00e4nsterfronten&quot;-listan f\u00f6r att arrestera ledaren f\u00f6r den nationella fronten, Marine Le Pen, som var springer d\u00e4r. Men i den f\u00f6rsta valomg\u00e5ngen vann han 21,48 % av r\u00f6sterna och tog en tredje plats och f\u00f6rlorade mot b\u00e5de Marine Le Pen (42,36 % av r\u00f6sterna) och Philippe.<\/p>\n\n\n\n<p><\/p>\n\n\n\n<p>Kemel, den socialistiska kandidaten (23.5% r\u00f6ster). Melanchon kunde s\u00e5ledes inte f\u00e5 r\u00e4tten att t\u00e4vla om mandatet som suppleant.<\/p>\n\n\n\n<h2 class=\"wp-block-heading\"><span id=\"participation-a-l8217election-presidentielle-de-2017-de-jean-luc-melenchon\">Deltagande i presidentvalet 2017 av Jean-Luc M\u00e9lenchon<\/span><\/h2>\n\n\n\n<p><br>I februari 2016 tillk\u00e4nnagav Melanchon sin avsikt att delta i presidentkampanjen 2017. Han v\u00e4grade att delta i &quot;v\u00e4nsterprim\u00e4rerna&quot;, organiserade av socialistpartiet, och blev en kandidat f\u00f6r r\u00f6relsen &quot;Obesegrade Frankrike&quot; som skapades samtidigt. . Hans program baserades p\u00e5 hans teser fr\u00e5n 2012 med n\u00e5gra \u00e4ndringar: uppr\u00e4ttandet av den sj\u00e4tte republiken (dvs. antagandet av en ny konstitution), omf\u00f6rdelningen av v\u00e4lst\u00e5nd (p\u00e5f\u00f6randet av skatter p\u00e5 extra inkomster p\u00e5 \u00f6verskottsinkomster, eller minskningen av arbetsvecka till 32 timmar), s\u00e4nkningen av pensions\u00e5ldern till 60, Frankrikes uttr\u00e4de ur EU och Nato . Melanchon formulerade sina \u00e5sikter i boken &quot;L&#039;avenir en commun&quot; (&quot;Gemensam framtid&quot;), distribuerad i 200 000 exemplar.<\/p>\n\n\n\n<p>Enligt Le Figaro, Melanchons program, som inneb\u00e4r en \u00f6kning av budgetutgifterna med 270 miljarder euro och skatteh\u00f6jningar p\u00e5 120 miljarder euro, en \u00f6kning av den \u00e5rliga betalda semestern till sex veckor (dess varaktighet 2017 \u00e4r fem veckor), samt som konfiskering av alla inkomster som \u00f6verstiger 400 tusen euro per \u00e5r, inspirerade av id\u00e9er fr\u00e5n politiker som f\u00f6re detta Venezuelas president Hugo Chavez.<\/p>\n\n\n\n<p>Den 4 april 2017 anordnades en tv-debatt med deltagande av alla elva presidentkandidaterna i Frankrike, vinnaren av denna var sensationellt Melanchon \u2013 hans tal erk\u00e4ndes som det mest \u00f6vertygande av 25% av de intervjuade (Macron fick st\u00f6d fr\u00e5n 21% , Fillon \u2013 15%). Dessutom, enligt resultaten av en sociologisk studie som genomf\u00f6rdes efter debatten, hamnade M\u00e9lanchon med 21%-st\u00f6d p\u00e5 andra plats bland de mest sannolika vinnarna av den f\u00f6rsta valomg\u00e5ngen \u2013 efter Macron (27%) och f\u00f6re Fillon (20%).<\/p>\n\n\n\n<p>I april 2017 stack han ut genom att anv\u00e4nda den senaste valkampanjtekniken \u2013 webbradio och till och med sina egna holografiska bilder under demonstrationer i Nantes, Clermont-Ferrand, Montpellier, Grenoble, Nancy och R\u00e9union.<\/p>\n\n\n\n<p>Den 20 april 2017 publicerade ett antal framst\u00e5ende figurer inom den amerikanska kulturen - Danny Glover, filosofen Noam Chomsky, dramatikern och feministen Eve Ensler, sk\u00e5despelaren Mark Ruffalo, Nancy Fraser och Oliver Stone en petition som uppmanade fransm\u00e4nnen att &quot;inte upprepa Clinton kontra Trump-tragedin\u201d, det vill s\u00e4ga \u201dtvinga inte franska v\u00e4ljare att v\u00e4lja mellan f\u00f6retagsetablissemangets liberalism och fr\u00e4mlingsfientlig h\u00f6gerpopulism\u201d, utan \u201df\u00f6rena dig i den f\u00f6rsta omg\u00e5ngen av presidentvalet kring v\u00e4nsterkandidaten med mest v\u00e4ljarst\u00f6d. F\u00f6rfattarna till framst\u00e4llningen namngav ocks\u00e5 denna kandidat \u2013 Melanchon.<\/p>\n\n\n\n<p>Den 23 april 2017 fick han st\u00f6d av 19,58 %-v\u00e4ljare (7 060 885 personer) i den f\u00f6rsta omr\u00f6stningen, tog en fj\u00e4rde plats bland elva kandidater och n\u00e5dde d\u00e4rmed inte den andra omg\u00e5ngen. De b\u00e4sta resultaten visade sig vara M\u00e9lenchons resultat i utomeuropeiska regioner: han vann i Reunion (24,53 %), i Guyana (24,7 %), i Saint-Pierre och Miquelon (mer \u00e4n 35 % mot 17,9 % f\u00f6r vinnaren av f\u00f6rsta omg\u00e5ngen i nationell skala \u2013 Emmanuel Macron) och Martinique (27.3%).<\/p>\n\n\n\n<p>Andra aktiviteter (sedan 2017)<br>I parlamentsvalet i Frankrike vann hans parti 17 platser av 577 och blev det fj\u00e4rde i antal suppleanter. Han valdes sj\u00e4lv till suppleant f\u00f6r en av kommunerna i Marseille.<\/p>\n\n\n\n<p>Den 16 oktober 2018 husrannsakades huset n\u00e4ra M\u00e9lenchon och flera byggnader i &quot;Obesegrade Frankrike&quot; som en del av utredningen av anklagelser om fiktiv uthyrning av parlamentariska assistenter och brott mot reglerna f\u00f6r kampanjfinansiering, under vilka det f\u00f6rekom sammandrabbningar mellan aktivister. och brottsbek\u00e4mpande tj\u00e4nstem\u00e4n. Den 20 september 2019 d\u00f6mde domstolen i Bobigny Melanchon till tre m\u00e5naders villkorligt f\u00e4ngelse och b\u00f6ter p\u00e5 8 000 euro f\u00f6r att hindra r\u00e4ttvisa och uppror, och fem andra \u00e5talade d\u00f6mdes till b\u00f6ter p\u00e5 2 000 till 10 000 euro (r\u00e4tteg\u00e5ng h\u00f6lls tv\u00e5 dagar \u2013 19 och 20 september, och Melanchon kallade det omedelbart politisk f\u00f6rf\u00f6ljelse).<\/p>\n\n\n\n<p><\/p>\n\n\n\n<p class=\"has-text-align-center unibet\" style=\"font-size:25px\"><mark style=\"background-color:rgba(0, 0, 0, 0);color:#0d7a12\" class=\"has-inline-color\"><strong><a href=\"https:\/\/parier-presidentielle.com\/sv\/recommends\/unibet\/\">150\u20ac Bonus erbjuds med Unibet<br>F\u00f6r ditt f\u00f6rsta politiska eller sportspel: Klicka h\u00e4r<\/a><\/strong><\/mark><\/p>\n\n\n\n<p><\/p>\n\n\n<div class=\"wp-block-image\">\n<figure class=\"aligncenter is-resized wp-duotone-000097-ff4747-1\"><img decoding=\"async\" loading=\"lazy\" src=\"https:\/\/parier-presidentielle.com\/wp-content\/uploads\/2021\/09\/election-standard-scale-4_00x-gigapixel-1024x623.jpg\" alt=\"Val 2022\" style=\"width:256px;height:156px\" width=\"256\" height=\"156\"\/><\/figure><\/div>\n\n\n<p><br><\/p>\n\n\n\n<p><strong>Parier-presidential hj\u00e4lper dig att g\u00f6ra ditt val mellan de olika<a href=\"https:\/\/parier-presidentielle.com\/sv\/\"> Bookmakers Bwin, Unibet, Betclic kommer att satsa p\u00e5 den framtida amerikanska presidenten 2024<\/a> : <\/strong><br><a href=\"https:\/\/parier-presidentielle.com\/sv\/unibet-politik-val-2022\/\">Unibet Presidential Bookmaker<\/a> : Detaljerad och gratis guide f\u00f6r att g\u00f6ra ditt f\u00f6rsta onlinespel med alla odds och hur du drar nytta av den erbjudna bonusen!<\/p>\n\n\n\n<p>F\u00f6rutom andra Paris-webbplatser: <a href=\"https:\/\/parier-presidentielle.com\/sv\/unibet-politik-val-2022\/\">Bwin<\/a>, <a href=\"https:\/\/parier-presidentielle.com\/sv\/netbet-paris-politik-val-2022\/\">NetBet<\/a>, <a href=\"https:\/\/parier-presidentielle.com\/sv\/betclic-presidential-2022\/\">Betclic<\/a>, <a href=\"https:\/\/parier-presidentielle.com\/sv\/winamax-politik-val-2022\/\">Winamax<\/a>, Parions Sport, Zebet, Betway, France-Pari, Vbet, Cloudbet, 1Xbit, 1xbet, Betfair, Betwinner \u2026<\/p>\n\n\n\n<div class=\"wp-block-columns is-layout-flex wp-container-6 wp-block-columns-is-layout-flex\">\n<div class=\"wp-block-column is-layout-flow wp-block-column-is-layout-flow\" style=\"flex-basis:33.33%\">\n<p>Du har precis l\u00e4st v\u00e5r fil:<\/p>\n<\/div>\n\n\n\n<div class=\"wp-block-column is-layout-flow wp-block-column-is-layout-flow\" style=\"flex-basis:33.33%\">\n<div class=\"wp-block-group is-layout-flow wp-block-group-is-layout-flow\"><div class=\"wp-block-group__inner-container\"><h4 class=\"has-text-align-center wp-block-post-title\"><span id=\"parier-sur-lelection-de-jean-luc-melenchon\"><a href=\"https:\/\/parier-presidentielle.com\/sv\/melenchon-val\/\" target=\"_self\" >Satsa p\u00e5 valet av Jean-Luc M\u00e9lenchon<\/a><\/span><\/h4><\/div><\/div>\n<\/div>\n\n\n\n<div class=\"wp-block-column is-layout-flow wp-block-column-is-layout-flow\" style=\"flex-basis:33.33%\">\n<p class=\"has-text-align-right\">Forts\u00e4tt l\u00e4sa med v\u00e5ra andra exklusiva filer,<\/p>\n<\/div>\n<\/div>\n\n\n\n<h3 class=\"wp-block-heading\" id=\"tous-les-pronostics-sondage-et-cotes-pour-parier-sur-le-futur-vainqueur-de-l-election-presidentielle-2022\"><span id=\"tous-les-pronostics-sondage-et-cotes-pour-parier-sur-le-futur-vainqueur-de-l8217election-presidentielle-2024\">Alla f\u00f6ruts\u00e4gelser, unders\u00f6kningar och odds att satsa p\u00e5 den framtida vinnaren av presidentvalet 2024:<\/span><\/h3>\n\n\n\n<ul>\n<li><a href=\"https:\/\/parier-presidentielle.com\/sv\/makron-val\/\">Satsa p\u00e5 Emmanuel Macron med Unibet, Betclic, Bwin<\/a> : Favoriten i omr\u00f6stningar och f\u00f6ruts\u00e4gelser <\/li>\n\n\n\n<li><a href=\"https:\/\/parier-presidentielle.com\/sv\/marin-le-pen-val\/\">Marine Le Pen: Hennes odds och hur man satsar med bookmakers<\/a>: Utmanaren enligt Unibet<\/li>\n<\/ul>\n\n\n\n<p><\/p>\n\n\n\n<center><script type=\"text\/javascript\" charset=\"utf-8\" src=\"https:\/\/www.gambling-affiliation.com\/cpm\/v=AmIMTDSs92QY6b0MzDMvM5laCjJ-ZlA-1oQ-7tKsi.w_GA7331V2\"><\/script><\/center>\n\n\n\n<h3 class=\"wp-block-heading\"><span id=\"donald-trump-vs-joe-biden-la-video-qui-lance-les-paris-en-ligne-sur-l8217election-politique-de-2024\">Donald Trump vs Joe Biden: Videon som lanserar vadslagning online om det politiska valet 2024<\/span><\/h3>\n\n\n\n<figure class=\"wp-block-embed is-type-video is-provider-youtube wp-block-embed-youtube wp-embed-aspect-16-9 wp-has-aspect-ratio\"><div class=\"wp-block-embed__wrapper\">\n<iframe loading=\"lazy\" title=\"Tidigare president Donald Trump lanserar 2024 Vita husets bud #Short\" width=\"640\" height=\"360\" src=\"https:\/\/www.youtube.com\/embed\/hZykPRVe4Ag?feature=oembed\" frameborder=\"0\" allow=\"accelerometer; autoplay; clipboard-write; encrypted-media; gyroscope; picture-in-picture; web-share\" allowfullscreen><\/iframe>\n<\/div><\/figure>\n\n\n<div class=\"wp-block-image\">\n<figure class=\"aligncenter size-medium\"><a href=\"https:\/\/parier-presidentielle.com\/sv\/recommends\/unibet\/\" target=\"_blank\" rel=\"noopener\"><img decoding=\"async\" loading=\"lazy\" width=\"300\" height=\"169\" src=\"https:\/\/parier-presidentielle.com\/wp-content\/uploads\/2022\/04\/unibet-300x169.jpg\" alt=\"\" class=\"wp-image-1252\" srcset=\"https:\/\/parier-presidentielle.com\/wp-content\/uploads\/2022\/04\/unibet-300x169.jpg 300w, https:\/\/parier-presidentielle.com\/wp-content\/uploads\/2022\/04\/unibet-1024x576.jpg 1024w, https:\/\/parier-presidentielle.com\/wp-content\/uploads\/2022\/04\/unibet-768x432.jpg 768w, https:\/\/parier-presidentielle.com\/wp-content\/uploads\/2022\/04\/unibet-18x10.jpg 18w, https:\/\/parier-presidentielle.com\/wp-content\/uploads\/2022\/04\/unibet.jpg 1280w\" sizes=\"(max-width: 300px) 100vw, 300px\" \/><\/a><\/figure><\/div>\n\n\n<p>Hitta Wiki, de viktiga politiska nyheterna om cannabis och dess juridiska derivat: <strong>HHC, H4cbd, Thcp, Thcv, HSD, HHCPO, C4B<\/strong><\/p>\n<div id=\"toc_container\" class=\"no_bullets\"><p class=\"toc_title\">Inneh\u00e5ll<\/p><ul class=\"toc_list\"><li><\/li><li><\/li><li><\/li><li><ul><li><ul><li><\/li><\/ul><\/li><li><\/li><li><\/li><\/ul><\/li><\/ul><\/div>","protected":false},"excerpt":{"rendered":"<p>Cote et pronostics pour le candidat Jean-Luc M\u00e9lenchon :Paris en ligne sur la politique et le futur pr\u00e9sident de la France de 2022 Jean-Luc M\u00e9lenchon (fr. Jean-Luc M\u00e9lenchon, IPA (fr.):; B., Tanger) &#8211; Homme d&#8217;\u00c9tat et homme politique fran\u00e7ais de gauche, journaliste. Ministre d\u00e9l\u00e9gu\u00e9e \u00e0 l&#8217;Enseignement professionnel dans le gouvernement de Lionel Jospin de 2000 &#8230;<\/p>","protected":false},"author":1,"featured_media":0,"parent":0,"menu_order":0,"comment_status":"closed","ping_status":"closed","template":"page-nosidebar.php","meta":{"footnotes":""},"yoast_head":"<!-- This site is optimized with the Yoast SEO Premium plugin v21.0 (Yoast SEO v21.0) - https:\/\/yoast.com\/wordpress\/plugins\/seo\/ -->\n<title>Parier sur l\u2019\u00e9lection de Jean-Luc M\u00e9lenchon - Finale Coupe du Monde FIFA<\/title>\n<meta name=\"description\" content=\"Pariez sur M\u00e9lenchon pour l&#039;\u00e9lection 2022 : Cliquez Ici et Gagnez Gros! Pronostics ,Comparaison des Bookmakers et des meilleurs Cotes.\" \/>\n<meta name=\"robots\" content=\"index, follow, max-snippet:-1, max-image-preview:large, max-video-preview:-1\" \/>\n<link rel=\"canonical\" href=\"https:\/\/parier-presidentielle.com\/sv\/melenchon-val\/\" \/>\n<meta property=\"og:locale\" content=\"sv_SE\" \/>\n<meta property=\"og:type\" content=\"article\" \/>\n<meta property=\"og:title\" content=\"Parier sur l\u2019\u00e9lection de Jean-Luc M\u00e9lenchon\" \/>\n<meta property=\"og:description\" content=\"Pariez sur M\u00e9lenchon pour l&#039;\u00e9lection 2022 : Cliquez Ici et Gagnez Gros! Pronostics ,Comparaison des Bookmakers et des meilleurs Cotes.\" \/>\n<meta property=\"og:url\" content=\"https:\/\/parier-presidentielle.com\/sv\/melenchon-val\/\" \/>\n<meta property=\"og:site_name\" content=\"Parier Pr\u00e9sidentielle\" \/>\n<meta property=\"article:modified_time\" content=\"2021-09-14T13:59:08+00:00\" \/>\n<meta name=\"twitter:card\" content=\"summary_large_image\" \/>\n<meta name=\"twitter:label1\" content=\"Est. reading time\" \/>\n\t<meta name=\"twitter:data1\" content=\"7 minuter\" \/>\n<script type=\"application\/ld+json\" class=\"yoast-schema-graph\">{\"@context\":\"https:\/\/schema.org\",\"@graph\":[{\"@type\":\"WebPage\",\"@id\":\"https:\/\/parier-presidentielle.com\/melenchon-election\/\",\"url\":\"https:\/\/parier-presidentielle.com\/melenchon-election\/\",\"name\":\"Parier sur l\u2019\u00e9lection de Jean-Luc M\u00e9lenchon - Finale Coupe du Monde FIFA\",\"isPartOf\":{\"@id\":\"https:\/\/parier-presidentielle.com\/#website\"},\"datePublished\":\"2021-09-14T11:02:49+00:00\",\"dateModified\":\"2021-09-14T13:59:08+00:00\",\"description\":\"Pariez sur M\u00e9lenchon pour l'\u00e9lection 2022 : Cliquez Ici et Gagnez Gros! Pronostics ,Comparaison des Bookmakers et des meilleurs Cotes.\",\"breadcrumb\":{\"@id\":\"https:\/\/parier-presidentielle.com\/melenchon-election\/#breadcrumb\"},\"inLanguage\":\"sv-SE\",\"potentialAction\":[{\"@type\":\"ReadAction\",\"target\":[\"https:\/\/parier-presidentielle.com\/melenchon-election\/\"]}]},{\"@type\":\"BreadcrumbList\",\"@id\":\"https:\/\/parier-presidentielle.com\/melenchon-election\/#breadcrumb\",\"itemListElement\":[{\"@type\":\"ListItem\",\"position\":1,\"name\":\"Accueil\",\"item\":\"https:\/\/parier-presidentielle.com\/\"},{\"@type\":\"ListItem\",\"position\":2,\"name\":\"Parier sur l\u2019\u00e9lection de Jean-Luc M\u00e9lenchon\"}]},{\"@type\":\"WebSite\",\"@id\":\"https:\/\/parier-presidentielle.com\/#website\",\"url\":\"https:\/\/parier-presidentielle.com\/\",\"name\":\"Parier Pr\u00e9sidentielle\",\"description\":\"Paris, Pronostics, Wiki sur la Politique, les Elections Am\u00e9ricaines: Joe Biden, Donald Trump avec les Bookmakers en ligne Unibet, Bwin, Betclic, Winamax\",\"potentialAction\":[{\"@type\":\"SearchAction\",\"target\":{\"@type\":\"EntryPoint\",\"urlTemplate\":\"https:\/\/parier-presidentielle.com\/?s={search_term_string}\"},\"query-input\":\"required name=search_term_string\"}],\"inLanguage\":\"sv-SE\"}]}<\/script>\n<!-- \/ Yoast SEO Premium plugin. -->","yoast_head_json":{"title":"Parier sur l\u2019\u00e9lection de Jean-Luc M\u00e9lenchon - Finale Coupe du Monde FIFA","description":"Pariez sur M\u00e9lenchon pour l'\u00e9lection 2022 : Cliquez Ici et Gagnez Gros! Pronostics ,Comparaison des Bookmakers et des meilleurs Cotes.","robots":{"index":"index","follow":"follow","max-snippet":"max-snippet:-1","max-image-preview":"max-image-preview:large","max-video-preview":"max-video-preview:-1"},"canonical":"https:\/\/parier-presidentielle.com\/sv\/melenchon-val\/","og_locale":"sv_SE","og_type":"article","og_title":"Parier sur l\u2019\u00e9lection de Jean-Luc M\u00e9lenchon","og_description":"Pariez sur M\u00e9lenchon pour l'\u00e9lection 2022 : Cliquez Ici et Gagnez Gros! Pronostics ,Comparaison des Bookmakers et des meilleurs Cotes.","og_url":"https:\/\/parier-presidentielle.com\/sv\/melenchon-val\/","og_site_name":"Parier Pr\u00e9sidentielle","article_modified_time":"2021-09-14T13:59:08+00:00","twitter_card":"summary_large_image","twitter_misc":{"Est. reading time":"7 minuter"},"schema":{"@context":"https:\/\/schema.org","@graph":[{"@type":"WebPage","@id":"https:\/\/parier-presidentielle.com\/melenchon-election\/","url":"https:\/\/parier-presidentielle.com\/melenchon-election\/","name":"Parier sur l\u2019\u00e9lection de Jean-Luc M\u00e9lenchon - Finale Coupe du Monde FIFA","isPartOf":{"@id":"https:\/\/parier-presidentielle.com\/#website"},"datePublished":"2021-09-14T11:02:49+00:00","dateModified":"2021-09-14T13:59:08+00:00","description":"Pariez sur M\u00e9lenchon pour l'\u00e9lection 2022 : Cliquez Ici et Gagnez Gros! Pronostics ,Comparaison des Bookmakers et des meilleurs Cotes.","breadcrumb":{"@id":"https:\/\/parier-presidentielle.com\/melenchon-election\/#breadcrumb"},"inLanguage":"sv-SE","potentialAction":[{"@type":"ReadAction","target":["https:\/\/parier-presidentielle.com\/melenchon-election\/"]}]},{"@type":"BreadcrumbList","@id":"https:\/\/parier-presidentielle.com\/melenchon-election\/#breadcrumb","itemListElement":[{"@type":"ListItem","position":1,"name":"Accueil","item":"https:\/\/parier-presidentielle.com\/"},{"@type":"ListItem","position":2,"name":"Parier sur l\u2019\u00e9lection de Jean-Luc M\u00e9lenchon"}]},{"@type":"WebSite","@id":"https:\/\/parier-presidentielle.com\/#website","url":"https:\/\/parier-presidentielle.com\/","name":"Parier Pr\u00e9sidentielle","description":"Paris, Pronostics, Wiki sur la Politique, les Elections Am\u00e9ricaines: Joe Biden, Donald Trump avec les Bookmakers en ligne Unibet, Bwin, Betclic, Winamax","potentialAction":[{"@type":"SearchAction","target":{"@type":"EntryPoint","urlTemplate":"https:\/\/parier-presidentielle.com\/?s={search_term_string}"},"query-input":"required name=search_term_string"}],"inLanguage":"sv-SE"}]}},"_links":{"self":[{"href":"https:\/\/parier-presidentielle.com\/sv\/wp-json\/wp\/v2\/pages\/212"}],"collection":[{"href":"https:\/\/parier-presidentielle.com\/sv\/wp-json\/wp\/v2\/pages"}],"about":[{"href":"https:\/\/parier-presidentielle.com\/sv\/wp-json\/wp\/v2\/types\/page"}],"author":[{"embeddable":true,"href":"https:\/\/parier-presidentielle.com\/sv\/wp-json\/wp\/v2\/users\/1"}],"replies":[{"embeddable":true,"href":"https:\/\/parier-presidentielle.com\/sv\/wp-json\/wp\/v2\/comments?post=212"}],"version-history":[{"count":4,"href":"https:\/\/parier-presidentielle.com\/sv\/wp-json\/wp\/v2\/pages\/212\/revisions"}],"predecessor-version":[{"id":234,"href":"https:\/\/parier-presidentielle.com\/sv\/wp-json\/wp\/v2\/pages\/212\/revisions\/234"}],"wp:attachment":[{"href":"https:\/\/parier-presidentielle.com\/sv\/wp-json\/wp\/v2\/media?parent=212"}],"curies":[{"name":"wp","href":"https:\/\/api.w.org\/{rel}","templated":true}]}}