{"id":235,"date":"2021-09-14T16:33:07","date_gmt":"2021-09-14T14:33:07","guid":{"rendered":"https:\/\/parier-presidentielle.com\/?page_id=235"},"modified":"2022-12-16T18:12:01","modified_gmt":"2022-12-16T17:12:01","slug":"betclic-presidentielle-2022","status":"publish","type":"page","link":"https:\/\/parier-presidentielle.com\/sv\/betclic-presidential-2022\/","title":{"rendered":"Betclic: Satsa p\u00e5 presidentvalet 2022"},"content":{"rendered":"<div class=\"wp-block-columns is-layout-flex wp-container-4 wp-block-columns-is-layout-flex\">\n<div class=\"wp-block-column is-layout-flow wp-block-column-is-layout-flow\" style=\"flex-basis:100%\">\n<div class=\"wp-block-columns is-layout-flex wp-container-2 wp-block-columns-is-layout-flex\">\n<div class=\"wp-block-column is-layout-flow wp-block-column-is-layout-flow\" style=\"flex-basis:100%\">\n<center><script type=\"text\/javascript\" charset=\"utf-8\" src=\"https:\/\/www.gambling-affiliation.com\/cpm\/v=AmIMTDSs92QY6b0MzDMvM5laCjJ-ZlA-1oQ-7tKsi.w_GA7331V2\"><\/script><\/center>\n\n\n\n<p><\/p>\n\n\n\n<div class=\"wp-block-image is-style-default\"><figure class=\"aligncenter size-medium\"><a href=\"https:\/\/parier-presidentielle.com\/sv\/recommends\/unibet-logo\/\" target=\"_blank\" rel=\"no follow noopener\"><img decoding=\"async\" loading=\"lazy\" width=\"300\" height=\"169\" src=\"https:\/\/parier-presidentielle.com\/wp-content\/uploads\/2022\/04\/unibet-300x169.jpg\" alt=\"\" class=\"wp-image-1252\" srcset=\"https:\/\/parier-presidentielle.com\/wp-content\/uploads\/2022\/04\/unibet-300x169.jpg 300w, https:\/\/parier-presidentielle.com\/wp-content\/uploads\/2022\/04\/unibet-1024x576.jpg 1024w, https:\/\/parier-presidentielle.com\/wp-content\/uploads\/2022\/04\/unibet-768x432.jpg 768w, https:\/\/parier-presidentielle.com\/wp-content\/uploads\/2022\/04\/unibet-18x10.jpg 18w, https:\/\/parier-presidentielle.com\/wp-content\/uploads\/2022\/04\/unibet.jpg 1280w\" sizes=\"(max-width: 300px) 100vw, 300px\" \/><\/a><\/figure><\/div>\n<\/div>\n<\/div>\n<\/div>\n<\/div>\n\n\n\n<h2 class=\"wp-block-heading\" id=\"le-meilleur-bookmaker-de-france-betclic\"><span id=\"le-bookmaker-betclic-et-la-politique-francaise\">Betclic Bookmaker och fransk politik!?<\/span><\/h2>\n\n\n\n<h3 class=\"wp-block-heading\" id=\"parier-sur-l-election-presidentielle-2022-c-est-possible-avec-un-seul-site-de-paris-en-ligne-en-france-et-ca-tombe-car-c-est-aussi-le-meilleur-et-le-plus-sur-betclic\"><span id=\"parier-sur-l8217election-presidentielle-2022-n8217est-plus-possible-avec-le-site-de-paris-betclic-en-france-mais-seulement-avec-unibet\">Att spela p\u00e5 presidentvalet 2022 \u00e4r inte l\u00e4ngre m\u00f6jligt med Betclic bettingsajt i Frankrike utan bara med Unibet!<\/span><\/h3>\n\n\n\n<p><strong>Betclic <\/strong>tyv\u00e4rr erbjuder inte l\u00e4ngre Paris p\u00e5 fransk politik, men lyckligtvis \u00e4r det fortfarande m\u00f6jligt att spela hos andra bookmakers \u00e4n Betclic: <strong>Unibet<\/strong>! S\u00e5 Parier-Pr\u00e9sidentielle-teamet rekommenderar marknadsledaren som erbjuder en bonus och \u00e4nnu mer intressanta odds: <\/p>\n\n\n\n<p class=\"has-text-align-center unibet has-medium-font-size\"><a href=\"https:\/\/parier-presidentielle.com\/sv\/recommends\/unibet-text-betclic\/\"><strong>150\u20ac Bonus erbjuds med Unibet F\u00f6r ditt f\u00f6rsta Paris: Klicka h\u00e4r<\/strong><\/a><\/p>\n\n\n\n<p> Hitta v\u00e5ra guider och f\u00f6ruts\u00e4gelser fr\u00e5n Bookmaker i v\u00e5ra specialfiler: <\/p>\n\n\n\n<ul>\n<li><strong><a href=\"https:\/\/parier-presidentielle.com\/sv\/unibet-politik-val-2022\/\">Unibet: Bookmaker&#039;s Guide f\u00f6r presidentvalet 2022<\/a><\/strong><\/li>\n\n\n\n<li><a href=\"https:\/\/parier-presidentielle.com\/sv\/bookmakers-macron-le-pen\/\"><strong>Guide och f\u00f6ruts\u00e4gelser f\u00f6r vadslagning p\u00e5 Macron \u2013 Le Pen andra omg\u00e5ngen<\/strong><\/a><\/li>\n<\/ul>\n\n\n\n<p>Betclic: Mot Bwin &amp; Unibet<\/p>\n\n\n\n<p>Att satsa p\u00e5 politik kommer inte bara att krydda dina valkv\u00e4llar utan kan ocks\u00e5 ge dig stora vinster! S\u00e5 p\u00e5 den h\u00e4r sidan hittar du all information f\u00f6r att g\u00f6ra ditt f\u00f6rsta spel med den franska referensen inom onlinespel, Betclic bookmaker. Samt alla odds och v\u00e5ra f\u00f6ruts\u00e4gelser f\u00f6r detta val 2022.<\/p>\n\n\n\n<p class=\"has-text-align-center\"><strong>Informationen, oddsen och r\u00e5den nedan \u00e4r d\u00e4rf\u00f6r nu f\u00f6r\u00e5ldrade och finns endast tillg\u00e4ngliga som arkiv om du vill satsa p\u00e5 den andra omg\u00e5ngen: v\u00e4nd dig till ledaren f\u00f6r <a href=\"https:\/\/parier-presidentielle.com\/sv\/unibet-politik-val-2022\/\">Paris f\u00f6r Unibet-valet<\/a><\/strong><\/p>\n\n\n\n<p><\/p>\n\n\n\n<p><\/p>\n\n\n\n<p><\/p>\n\n\n\n<p><\/p>\n\n\n\n<p class=\"has-text-align-center\">Arkiv <\/p>\n\n\n\n<h2 class=\"wp-block-heading\" id=\"les-cotes-des-candidats-du-bookmaker-sur-betclic\"><span id=\"les-cotes-des-candidats-du-bookmaker-sur-betclic\">Oddsen f\u00f6r bookmakerns kandidater p\u00e5 Betclic <\/span><\/h2>\n\n\n\n<p>L\u00e5t oss b\u00f6rja med att titta p\u00e5 olika politiska personers betyg: <\/p>\n\n\n\n<ul>\n<li>Emmanuel Macron <strong>1,58<\/strong><\/li>\n\n\n\n<li>Marine Le Pen <strong>4,00<\/strong><\/li>\n\n\n\n<li>Jean-Luc M\u00e9lenchon <strong>15<\/strong><\/li>\n\n\n\n<li>Edward Philippe <strong>17<\/strong><\/li>\n\n\n\n<li>Xavier Bertrand <strong>17<\/strong><\/li>\n\n\n\n<li>Anne Hidalgo <strong>22<\/strong><\/li>\n\n\n\n<li>Laurent Wauquiez <strong>25<\/strong><\/li>\n\n\n\n<li>Nicolas Sarkozy <strong>25<\/strong><\/li>\n\n\n\n<li>Fran\u00e7ois Barouin <strong>28<\/strong><\/li>\n\n\n\n<li>Nicolas Dupont-Aignan <strong>30<\/strong><\/li>\n\n\n\n<li>Bernard Cazeneuve <strong>65<\/strong><\/li>\n\n\n\n<li>Benoit Hamon <strong>65<\/strong><\/li>\n\n\n\n<li>Jean Lassalle <strong>100<\/strong><\/li>\n\n\n\n<li>Francois Hollande <strong>100<\/strong><\/li>\n<\/ul>\n\n\n<div class=\"wp-block-image\">\n<figure class=\"aligncenter size-large is-resized\"><img decoding=\"async\" loading=\"lazy\" src=\"https:\/\/parier-presidentielle.com\/wp-content\/uploads\/2021\/09\/image-4-1024x872.png\" alt=\"Kandidatodds f\u00f6r Betclic bookmaker inf\u00f6r presidentvalet 2022\" class=\"wp-image-329\" width=\"768\" height=\"654\" srcset=\"https:\/\/parier-presidentielle.com\/wp-content\/uploads\/2021\/09\/image-4-1024x872.png 1024w, https:\/\/parier-presidentielle.com\/wp-content\/uploads\/2021\/09\/image-4-300x255.png 300w, https:\/\/parier-presidentielle.com\/wp-content\/uploads\/2021\/09\/image-4-768x654.png 768w, https:\/\/parier-presidentielle.com\/wp-content\/uploads\/2021\/09\/image-4.png 1118w\" sizes=\"(max-width: 768px) 100vw, 768px\" \/><\/figure><\/div>\n\n\n<h2 class=\"wp-block-heading\" id=\"l-analyse-des-cotes-de-betclic\"><span id=\"l8217analyse-des-cotes-de-betclic\">Betclic oddsanalys<\/span><\/h2>\n\n\n\n<p>Emmanuel Macrons betyg \u00e4r <strong>1,58<\/strong> mot Marine Le Pens <strong>4,00<\/strong>, Vid en f\u00f6rsta anblick kan satsning p\u00e5 kandidaten till National Rally verka intressant eftersom oddsen \u00e4r st\u00f6rre, men det m\u00e5ste tas med i ber\u00e4kningen att trots \u00e5ren oavsett om det \u00e4r pappan eller dottern har de alltid f\u00f6rlorat och det spelar ingen roll kandidaten till h\u00f6ger eller mitten...<br>Alla valinstitut ger den nuvarande presidenten den andra omg\u00e5ngen och vinnaren av finalen. <\/p>\n\n\n\n<p>F\u00f6ljaktligen <a href=\"https:\/\/parier-presidentielle.com\/sv\/makron-val\/\">satsa p\u00e5 Emmanuel Macrons seger<\/a> i presidentvalet \u00e4r det b\u00e4sta alternativet! Genom att satsa hos Betclic Bookmaker drar du ocks\u00e5 nytta av ett speciellt bonuserbjudande p\u00e5 \u20ac100 men bara p\u00e5 sport, det \u00e4r d\u00e4rf\u00f6r vi rekommenderar Bwin och Unibet!<\/p>\n\n\n\n<p><br><br><\/p>\n\n\n\n<h2 class=\"wp-block-heading\" id=\"betclic-origine-et-paris-politique\"><span id=\"betclic-origine-et-paris-politique\">Betclic: Ursprung och politisk vadslagning<\/span><\/h2>\n\n\n\n<p>Betclic \u00e4r ett franskt onlinespelf\u00f6retag. F\u00f6retaget grundades i London 2005, baserat p\u00e5 Malta, och ledningen finns i Bordeaux. P\u00e5 den franska marknaden har f\u00f6retaget licenser att satsa p\u00e5 sport, racing och onlinepoker.<br><\/p>\n\n\n\n<p>Betclics historia<br><strong>Betclic <\/strong>grundades i London av Nicolas Bero 2005 med en anst\u00e4lld och en investering p\u00e5 3 miljoner euro. 2008 k\u00f6pte Mangas Gaming en andel p\u00e5 75 % i Betclic fr\u00e5n \u00e4garen f\u00f6r 50 miljoner euro, och 2009 f\u00f6rv\u00e4rvade SBM en andel p\u00e5 50 % i f\u00f6retaget. 2010 tillk\u00e4nnagavs att Betclic hade 35 till 40% av den franska marknaden och var den st\u00f6rsta bookmakern i landet. Under Euro 2012 accepterade Betclic 2 miljoner spel p\u00e5 sportt\u00e4vlingar och tj\u00e4nade 12 miljoner euro. Den 31 maj 2016 gick Betclic samman med onlinepokerf\u00f6retaget Everest Poker. I oktober 2016 flyttade de sina kontor fr\u00e5n London och Paris till Bordeaux. I september 2018 f\u00f6rv\u00e4rvade Betclic en licens att verka i Polen.<\/p>\n\n\n\n<h2 class=\"wp-block-heading\" id=\"partenariat-et-legitimite-pour-parier-en-2022\"><span id=\"partenariat-et-legitimite-pour-parier-en-2022\">Partnerskap och legitimitet f\u00f6r vadslagning 2022<\/span><\/h2>\n\n\n\n<p>Betclics f\u00f6rsta sportsponsring var Olympique Lyonnais 2009, som annonserade f\u00f6retaget p\u00e5 T-shirts f\u00f6r s\u00e4songen 2010-11. Fr\u00e5n 2010 till 2012 sponsrade Betclic kl\u00e4der f\u00f6r s\u00e5dana som Olympique de Marseille och Juventus. P\u00e5 samma s\u00e4tt tillk\u00e4nnagavs 2018 ett partnerskap med Bordeaux Beggle Rugby Club. Med en ny licens att arbeta i Polen, erh\u00e5llen 2018, undertecknade Betclic sponsringsavtal sommaren 2019 med polska fotbollsm\u00e4starna Piast och polska cupvinnarklubben Lechia. S\u00e5 om Betclic \u00e4r en ledande bookmaker inom sportvadslagning, erbjuder den tyv\u00e4rr inget erbjudande f\u00f6r presidentvalet 2022 f\u00f6r <a href=\"https:\/\/parier-presidentielle.com\/sv\/\">satsa p\u00e5 Macron eller Lepen <\/a>du m\u00e5ste g\u00e5 igenom Bwin eller Unibet!<\/p>\n\n\n\n<p><\/p>\n\n\n\n<p class=\"has-text-align-center unibet\" style=\"font-size:25px\"><mark style=\"background-color:rgba(0, 0, 0, 0);color:#0d7a12\" class=\"has-inline-color\"><strong><a href=\"https:\/\/parier-presidentielle.com\/sv\/recommends\/unibet\/\">150\u20ac Bonus erbjuds med Unibet<br>F\u00f6r ditt f\u00f6rsta politiska eller sportspel: Klicka h\u00e4r<\/a><\/strong><\/mark><\/p>\n\n\n\n<p><\/p>\n\n\n<div class=\"wp-block-image\">\n<figure class=\"aligncenter is-resized wp-duotone-000097-ff4747-5\"><img decoding=\"async\" loading=\"lazy\" src=\"https:\/\/parier-presidentielle.com\/wp-content\/uploads\/2021\/09\/election-standard-scale-4_00x-gigapixel-1024x623.jpg\" alt=\"Val 2022\" style=\"width:256px;height:156px\" width=\"256\" height=\"156\"\/><\/figure><\/div>\n\n\n<p><br><\/p>\n\n\n\n<p><strong>Parier-presidential hj\u00e4lper dig att g\u00f6ra ditt val mellan de olika<a href=\"https:\/\/parier-presidentielle.com\/sv\/\"> Bookmakers Bwin, Unibet, Betclic kommer att satsa p\u00e5 den framtida amerikanska presidenten 2024<\/a> : <\/strong><br><a href=\"https:\/\/parier-presidentielle.com\/sv\/unibet-politik-val-2022\/\">Unibet Presidential Bookmaker<\/a> : Detaljerad och gratis guide f\u00f6r att g\u00f6ra ditt f\u00f6rsta onlinespel med alla odds och hur du drar nytta av den erbjudna bonusen!<\/p>\n\n\n\n<p>F\u00f6rutom andra Paris-webbplatser: <a href=\"https:\/\/parier-presidentielle.com\/sv\/unibet-politik-val-2022\/\">Bwin<\/a>, <a href=\"https:\/\/parier-presidentielle.com\/sv\/netbet-paris-politik-val-2022\/\">NetBet<\/a>, <a href=\"https:\/\/parier-presidentielle.com\/sv\/betclic-presidential-2022\/\">Betclic<\/a>, <a href=\"https:\/\/parier-presidentielle.com\/sv\/winamax-politik-val-2022\/\">Winamax<\/a>, Parions Sport, Zebet, Betway, France-Pari, Vbet, Cloudbet, 1Xbit, 1xbet, Betfair, Betwinner \u2026<\/p>\n\n\n\n<div class=\"wp-block-columns is-layout-flex wp-container-10 wp-block-columns-is-layout-flex\">\n<div class=\"wp-block-column is-layout-flow wp-block-column-is-layout-flow\" style=\"flex-basis:33.33%\">\n<p>Du har precis l\u00e4st v\u00e5r fil:<\/p>\n<\/div>\n\n\n\n<div class=\"wp-block-column is-layout-flow wp-block-column-is-layout-flow\" style=\"flex-basis:33.33%\">\n<div class=\"wp-block-group is-layout-flow wp-block-group-is-layout-flow\"><div class=\"wp-block-group__inner-container\"><h4 class=\"has-text-align-center wp-block-post-title\"><span id=\"betclic-parier-sur-lelection-presidentielle-2022\"><a href=\"https:\/\/parier-presidentielle.com\/sv\/betclic-presidential-2022\/\" target=\"_self\" >Betclic: Satsa p\u00e5 presidentvalet 2022<\/a><\/span><\/h4><\/div><\/div>\n<\/div>\n\n\n\n<div class=\"wp-block-column is-layout-flow wp-block-column-is-layout-flow\" style=\"flex-basis:33.33%\">\n<p class=\"has-text-align-right\">Forts\u00e4tt l\u00e4sa med v\u00e5ra andra exklusiva filer,<\/p>\n<\/div>\n<\/div>\n\n\n\n<h3 class=\"wp-block-heading\" id=\"tous-les-pronostics-sondage-et-cotes-pour-parier-sur-le-futur-vainqueur-de-l-election-presidentielle-2022\"><span id=\"tous-les-pronostics-sondage-et-cotes-pour-parier-sur-le-futur-vainqueur-de-l8217election-presidentielle-2024\">Alla f\u00f6ruts\u00e4gelser, unders\u00f6kningar och odds att satsa p\u00e5 den framtida vinnaren av presidentvalet 2024:<\/span><\/h3>\n\n\n\n<ul>\n<li><a href=\"https:\/\/parier-presidentielle.com\/sv\/makron-val\/\">Satsa p\u00e5 Emmanuel Macron med Unibet, Betclic, Bwin<\/a> : Favoriten i omr\u00f6stningar och f\u00f6ruts\u00e4gelser <\/li>\n\n\n\n<li><a href=\"https:\/\/parier-presidentielle.com\/sv\/marin-le-pen-val\/\">Marine Le Pen: Hennes odds och hur man satsar med bookmakers<\/a>: Utmanaren enligt Unibet<\/li>\n<\/ul>\n\n\n\n<p><\/p>\n\n\n\n<center><script type=\"text\/javascript\" charset=\"utf-8\" src=\"https:\/\/www.gambling-affiliation.com\/cpm\/v=AmIMTDSs92QY6b0MzDMvM5laCjJ-ZlA-1oQ-7tKsi.w_GA7331V2\"><\/script><\/center>\n\n\n\n<h3 class=\"wp-block-heading\"><span id=\"donald-trump-vs-joe-biden-la-video-qui-lance-les-paris-en-ligne-sur-l8217election-politique-de-2024\">Donald Trump vs Joe Biden: Videon som lanserar vadslagning online om det politiska valet 2024<\/span><\/h3>\n\n\n\n<figure class=\"wp-block-embed is-type-video is-provider-youtube wp-block-embed-youtube wp-embed-aspect-16-9 wp-has-aspect-ratio\"><div class=\"wp-block-embed__wrapper\">\n<iframe loading=\"lazy\" title=\"Tidigare president Donald Trump lanserar 2024 Vita husets bud #Short\" width=\"640\" height=\"360\" src=\"https:\/\/www.youtube.com\/embed\/hZykPRVe4Ag?feature=oembed\" frameborder=\"0\" allow=\"accelerometer; autoplay; clipboard-write; encrypted-media; gyroscope; picture-in-picture; web-share\" allowfullscreen><\/iframe>\n<\/div><\/figure>\n\n\n<div class=\"wp-block-image\">\n<figure class=\"aligncenter size-medium\"><a href=\"https:\/\/parier-presidentielle.com\/sv\/recommends\/unibet\/\" target=\"_blank\" rel=\"noopener\"><img decoding=\"async\" loading=\"lazy\" width=\"300\" height=\"169\" src=\"https:\/\/parier-presidentielle.com\/wp-content\/uploads\/2022\/04\/unibet-300x169.jpg\" alt=\"\" class=\"wp-image-1252\" srcset=\"https:\/\/parier-presidentielle.com\/wp-content\/uploads\/2022\/04\/unibet-300x169.jpg 300w, https:\/\/parier-presidentielle.com\/wp-content\/uploads\/2022\/04\/unibet-1024x576.jpg 1024w, https:\/\/parier-presidentielle.com\/wp-content\/uploads\/2022\/04\/unibet-768x432.jpg 768w, https:\/\/parier-presidentielle.com\/wp-content\/uploads\/2022\/04\/unibet-18x10.jpg 18w, https:\/\/parier-presidentielle.com\/wp-content\/uploads\/2022\/04\/unibet.jpg 1280w\" sizes=\"(max-width: 300px) 100vw, 300px\" \/><\/a><\/figure><\/div>\n\n\n<p>Hitta Wiki, de viktiga politiska nyheterna om cannabis och dess juridiska derivat: <strong>HHC, H4cbd, Thcp, Thcv, HSD, HHCPO, C4B<\/strong><\/p>\n\n\n\n<p>s\u00f6kord p\u00e5 sidan: Betclick, Bet clic, odds, f\u00f6ruts\u00e4gelser<\/p>\n<div id=\"toc_container\" class=\"no_bullets\"><p class=\"toc_title\">Inneh\u00e5ll<\/p><ul class=\"toc_list\"><li><ul><li><\/li><\/ul><\/li><li><\/li><li><\/li><li><\/li><li><ul><li><ul><li><\/li><\/ul><\/li><li><\/li><li><\/li><\/ul><\/li><\/ul><\/div>","protected":false},"excerpt":{"rendered":"<p>Le Bookmaker Betclic et la politique Francaise!? Parier sur l&#8217;\u00e9lection Pr\u00e9sidentielle 2022 n&#8217;est plus possible avec le site de paris Betclic en France mais seulement avec Unibet! Betclic malheureusement ne propose plus de Paris sur la Politique Francaise, mais heureusement il est toujours possible de parier avec d&#8217;autre bookmaker que Betclic : Unibet! Ainsi l&#8217;\u00e9quipe &#8230;<\/p>","protected":false},"author":1,"featured_media":0,"parent":0,"menu_order":0,"comment_status":"closed","ping_status":"closed","template":"page-nosidebar.php","meta":{"footnotes":""},"yoast_head":"<!-- This site is optimized with the Yoast SEO Premium plugin v21.0 (Yoast SEO v21.0) - https:\/\/yoast.com\/wordpress\/plugins\/seo\/ -->\n<title>Betclic : Parier sur l\u2019\u00e9lection Pr\u00e9sidentielle 2022 - Finale Coupe du Monde FIFA<\/title>\n<meta name=\"description\" content=\"Parier avec Betclic 100\u20ac offert pour votre 1er Pari sur la Politique, le Sport! Guide du Bookmaker pour profiter du Bonus de bienvenue...\" \/>\n<meta name=\"robots\" content=\"index, follow, max-snippet:-1, max-image-preview:large, max-video-preview:-1\" \/>\n<link rel=\"canonical\" href=\"https:\/\/parier-presidentielle.com\/sv\/betclic-presidential-2022\/\" \/>\n<meta property=\"og:locale\" content=\"sv_SE\" \/>\n<meta property=\"og:type\" content=\"article\" \/>\n<meta property=\"og:title\" content=\"Betclic : Parier sur l\u2019\u00e9lection Pr\u00e9sidentielle 2022\" \/>\n<meta property=\"og:description\" content=\"Parier avec Betclic 100\u20ac offert pour votre 1er Pari sur la Politique, le Sport! Guide du Bookmaker pour profiter du Bonus de bienvenue...\" \/>\n<meta property=\"og:url\" content=\"https:\/\/parier-presidentielle.com\/sv\/betclic-presidential-2022\/\" \/>\n<meta property=\"og:site_name\" content=\"Parier Pr\u00e9sidentielle\" \/>\n<meta property=\"article:modified_time\" content=\"2022-12-16T17:12:01+00:00\" \/>\n<meta property=\"og:image\" content=\"https:\/\/parier-presidentielle.com\/wp-content\/uploads\/2021\/09\/image-4-1024x872.png\" \/>\n<meta name=\"twitter:card\" content=\"summary_large_image\" \/>\n<meta name=\"twitter:label1\" content=\"Est. reading time\" \/>\n\t<meta name=\"twitter:data1\" content=\"5 minuter\" \/>\n<script type=\"application\/ld+json\" class=\"yoast-schema-graph\">{\"@context\":\"https:\/\/schema.org\",\"@graph\":[{\"@type\":\"WebPage\",\"@id\":\"https:\/\/parier-presidentielle.com\/betclic-presidentielle-2022\/\",\"url\":\"https:\/\/parier-presidentielle.com\/betclic-presidentielle-2022\/\",\"name\":\"Betclic : Parier sur l\u2019\u00e9lection Pr\u00e9sidentielle 2022 - Finale Coupe du Monde FIFA\",\"isPartOf\":{\"@id\":\"https:\/\/parier-presidentielle.com\/#website\"},\"datePublished\":\"2021-09-14T14:33:07+00:00\",\"dateModified\":\"2022-12-16T17:12:01+00:00\",\"description\":\"Parier avec Betclic 100\u20ac offert pour votre 1er Pari sur la Politique, le Sport! Guide du Bookmaker pour profiter du Bonus de bienvenue...\",\"breadcrumb\":{\"@id\":\"https:\/\/parier-presidentielle.com\/betclic-presidentielle-2022\/#breadcrumb\"},\"inLanguage\":\"sv-SE\",\"potentialAction\":[{\"@type\":\"ReadAction\",\"target\":[\"https:\/\/parier-presidentielle.com\/betclic-presidentielle-2022\/\"]}]},{\"@type\":\"BreadcrumbList\",\"@id\":\"https:\/\/parier-presidentielle.com\/betclic-presidentielle-2022\/#breadcrumb\",\"itemListElement\":[{\"@type\":\"ListItem\",\"position\":1,\"name\":\"Accueil\",\"item\":\"https:\/\/parier-presidentielle.com\/\"},{\"@type\":\"ListItem\",\"position\":2,\"name\":\"Betclic : Parier sur l\u2019\u00e9lection Pr\u00e9sidentielle 2022\"}]},{\"@type\":\"WebSite\",\"@id\":\"https:\/\/parier-presidentielle.com\/#website\",\"url\":\"https:\/\/parier-presidentielle.com\/\",\"name\":\"Parier Pr\u00e9sidentielle\",\"description\":\"Paris, Pronostics, Wiki sur la Politique, les Elections Am\u00e9ricaines: Joe Biden, Donald Trump avec les Bookmakers en ligne Unibet, Bwin, Betclic, Winamax\",\"potentialAction\":[{\"@type\":\"SearchAction\",\"target\":{\"@type\":\"EntryPoint\",\"urlTemplate\":\"https:\/\/parier-presidentielle.com\/?s={search_term_string}\"},\"query-input\":\"required name=search_term_string\"}],\"inLanguage\":\"sv-SE\"}]}<\/script>\n<!-- \/ Yoast SEO Premium plugin. -->","yoast_head_json":{"title":"Betclic : Parier sur l\u2019\u00e9lection Pr\u00e9sidentielle 2022 - Finale Coupe du Monde FIFA","description":"Parier avec Betclic 100\u20ac offert pour votre 1er Pari sur la Politique, le Sport! Guide du Bookmaker pour profiter du Bonus de bienvenue...","robots":{"index":"index","follow":"follow","max-snippet":"max-snippet:-1","max-image-preview":"max-image-preview:large","max-video-preview":"max-video-preview:-1"},"canonical":"https:\/\/parier-presidentielle.com\/sv\/betclic-presidential-2022\/","og_locale":"sv_SE","og_type":"article","og_title":"Betclic : Parier sur l\u2019\u00e9lection Pr\u00e9sidentielle 2022","og_description":"Parier avec Betclic 100\u20ac offert pour votre 1er Pari sur la Politique, le Sport! Guide du Bookmaker pour profiter du Bonus de bienvenue...","og_url":"https:\/\/parier-presidentielle.com\/sv\/betclic-presidential-2022\/","og_site_name":"Parier Pr\u00e9sidentielle","article_modified_time":"2022-12-16T17:12:01+00:00","og_image":[{"url":"https:\/\/parier-presidentielle.com\/wp-content\/uploads\/2021\/09\/image-4-1024x872.png"}],"twitter_card":"summary_large_image","twitter_misc":{"Est. reading time":"5 minuter"},"schema":{"@context":"https:\/\/schema.org","@graph":[{"@type":"WebPage","@id":"https:\/\/parier-presidentielle.com\/betclic-presidentielle-2022\/","url":"https:\/\/parier-presidentielle.com\/betclic-presidentielle-2022\/","name":"Betclic : Parier sur l\u2019\u00e9lection Pr\u00e9sidentielle 2022 - Finale Coupe du Monde FIFA","isPartOf":{"@id":"https:\/\/parier-presidentielle.com\/#website"},"datePublished":"2021-09-14T14:33:07+00:00","dateModified":"2022-12-16T17:12:01+00:00","description":"Parier avec Betclic 100\u20ac offert pour votre 1er Pari sur la Politique, le Sport! Guide du Bookmaker pour profiter du Bonus de bienvenue...","breadcrumb":{"@id":"https:\/\/parier-presidentielle.com\/betclic-presidentielle-2022\/#breadcrumb"},"inLanguage":"sv-SE","potentialAction":[{"@type":"ReadAction","target":["https:\/\/parier-presidentielle.com\/betclic-presidentielle-2022\/"]}]},{"@type":"BreadcrumbList","@id":"https:\/\/parier-presidentielle.com\/betclic-presidentielle-2022\/#breadcrumb","itemListElement":[{"@type":"ListItem","position":1,"name":"Accueil","item":"https:\/\/parier-presidentielle.com\/"},{"@type":"ListItem","position":2,"name":"Betclic : Parier sur l\u2019\u00e9lection Pr\u00e9sidentielle 2022"}]},{"@type":"WebSite","@id":"https:\/\/parier-presidentielle.com\/#website","url":"https:\/\/parier-presidentielle.com\/","name":"Parier Pr\u00e9sidentielle","description":"Paris, Pronostics, Wiki sur la Politique, les Elections Am\u00e9ricaines: Joe Biden, Donald Trump avec les Bookmakers en ligne Unibet, Bwin, Betclic, Winamax","potentialAction":[{"@type":"SearchAction","target":{"@type":"EntryPoint","urlTemplate":"https:\/\/parier-presidentielle.com\/?s={search_term_string}"},"query-input":"required name=search_term_string"}],"inLanguage":"sv-SE"}]}},"_links":{"self":[{"href":"https:\/\/parier-presidentielle.com\/sv\/wp-json\/wp\/v2\/pages\/235"}],"collection":[{"href":"https:\/\/parier-presidentielle.com\/sv\/wp-json\/wp\/v2\/pages"}],"about":[{"href":"https:\/\/parier-presidentielle.com\/sv\/wp-json\/wp\/v2\/types\/page"}],"author":[{"embeddable":true,"href":"https:\/\/parier-presidentielle.com\/sv\/wp-json\/wp\/v2\/users\/1"}],"replies":[{"embeddable":true,"href":"https:\/\/parier-presidentielle.com\/sv\/wp-json\/wp\/v2\/comments?post=235"}],"version-history":[{"count":39,"href":"https:\/\/parier-presidentielle.com\/sv\/wp-json\/wp\/v2\/pages\/235\/revisions"}],"predecessor-version":[{"id":1825,"href":"https:\/\/parier-presidentielle.com\/sv\/wp-json\/wp\/v2\/pages\/235\/revisions\/1825"}],"wp:attachment":[{"href":"https:\/\/parier-presidentielle.com\/sv\/wp-json\/wp\/v2\/media?parent=235"}],"curies":[{"name":"wp","href":"https:\/\/api.w.org\/{rel}","templated":true}]}}