{"id":24,"date":"2021-08-31T11:54:03","date_gmt":"2021-08-31T09:54:03","guid":{"rendered":"http:\/\/parier-presidentielle.com\/?page_id=24"},"modified":"2023-09-12T23:05:44","modified_gmt":"2023-09-12T21:05:44","slug":"parier-sur-lelection-presidentielle-de-2022-politique-paris","status":"publish","type":"page","link":"https:\/\/parier-presidentielle.com\/sv\/","title":{"rendered":"Spela p\u00e5 politik och val med de b\u00e4sta spelbolagen: Unibet, Bwin"},"content":{"rendered":"<div class=\"wp-block-group is-layout-flow wp-block-group-is-layout-flow\"><div class=\"wp-block-group__inner-container\">\n<div class=\"wp-block-columns is-layout-flex wp-container-3 wp-block-columns-is-layout-flex\">\n<div class=\"wp-block-column is-layout-flow wp-block-column-is-layout-flow\" style=\"flex-basis:100%\">\n<div class=\"wp-block-group alignwide is-layout-flow wp-block-group-is-layout-flow\"><div class=\"wp-block-group__inner-container\">\n<div class=\"wp-block-media-text alignwide is-stacked-on-mobile is-vertically-aligned-top\" style=\"grid-template-columns:35% auto\"><figure class=\"wp-block-media-text__media\"><img decoding=\"async\" loading=\"lazy\" width=\"1024\" height=\"711\" src=\"https:\/\/parier-presidentielle.com\/wp-content\/uploads\/2022\/12\/biden-vs-trump-1024x711.jpeg\" alt=\"\" class=\"wp-image-1865 size-full\" srcset=\"https:\/\/parier-presidentielle.com\/wp-content\/uploads\/2022\/12\/biden-vs-trump-1024x711.jpeg 1024w, https:\/\/parier-presidentielle.com\/wp-content\/uploads\/2022\/12\/biden-vs-trump-300x208.jpeg 300w, https:\/\/parier-presidentielle.com\/wp-content\/uploads\/2022\/12\/biden-vs-trump-768x533.jpeg 768w, https:\/\/parier-presidentielle.com\/wp-content\/uploads\/2022\/12\/biden-vs-trump-1536x1066.jpeg 1536w, https:\/\/parier-presidentielle.com\/wp-content\/uploads\/2022\/12\/biden-vs-trump-2048x1422.jpeg 2048w, https:\/\/parier-presidentielle.com\/wp-content\/uploads\/2022\/12\/biden-vs-trump-18x12.jpeg 18w\" sizes=\"(max-width: 1024px) 100vw, 1024px\" \/><\/figure><div class=\"wp-block-media-text__content\">\n<p style=\"font-size:18px\"><strong>Betting Presidential \u00e4r referenssidan f\u00f6r att v\u00e4gleda dig under ditt f\u00f6rsta spel med bookmakers: Unibet, Betclic, Bwin... om politik och de franska, amerikanska och internationella presidentvalen<\/strong>.<br><br><strong>Guide och bonus f\u00f6r vadslagning p\u00e5 USA:s framtida president och vinnare av andra omg\u00e5ngen: Joe Biden<\/strong> <strong>Macron eller Donald Trump!<\/strong><\/p>\n<\/div><\/div>\n<\/div><\/div>\n<\/div>\n<\/div>\n<\/div><\/div>\n\n\n\n<div class=\"wp-block-group is-layout-flow wp-block-group-is-layout-flow\"><div class=\"wp-block-group__inner-container\">\n<div class=\"wp-block-columns is-layout-flex wp-container-8 wp-block-columns-is-layout-flex\">\n<div class=\"wp-block-column is-layout-flow wp-block-column-is-layout-flow\" style=\"flex-basis:100%\">\n<div class=\"wp-block-columns is-layout-flex wp-container-6 wp-block-columns-is-layout-flex\">\n<div class=\"wp-block-column is-layout-flow wp-block-column-is-layout-flow\" style=\"flex-basis:100%\">\n<center><script type=\"text\/javascript\" charset=\"utf-8\" src=\"https:\/\/www.gambling-affiliation.com\/cpm\/v=AmIMTDSs92QY6b0MzDMvM5laCjJ-ZlA-1oQ-7tKsi.w_GA7331V2\"><\/script><\/center>\n\n\n\n<p><\/p>\n\n\n\n<div class=\"wp-block-image is-style-default\"><figure class=\"aligncenter size-medium\"><a href=\"https:\/\/parier-presidentielle.com\/sv\/recommends\/unibet-logo\/\" target=\"_blank\" rel=\"no follow noopener\"><img decoding=\"async\" loading=\"lazy\" width=\"300\" height=\"169\" src=\"https:\/\/parier-presidentielle.com\/wp-content\/uploads\/2022\/04\/unibet-300x169.jpg\" alt=\"\" class=\"wp-image-1252\" srcset=\"https:\/\/parier-presidentielle.com\/wp-content\/uploads\/2022\/04\/unibet-300x169.jpg 300w, https:\/\/parier-presidentielle.com\/wp-content\/uploads\/2022\/04\/unibet-1024x576.jpg 1024w, https:\/\/parier-presidentielle.com\/wp-content\/uploads\/2022\/04\/unibet-768x432.jpg 768w, https:\/\/parier-presidentielle.com\/wp-content\/uploads\/2022\/04\/unibet-18x10.jpg 18w, https:\/\/parier-presidentielle.com\/wp-content\/uploads\/2022\/04\/unibet.jpg 1280w\" sizes=\"(max-width: 300px) 100vw, 300px\" \/><\/a><\/figure><\/div>\n<\/div>\n<\/div>\n<\/div>\n<\/div>\n\n\n\n<h2 class=\"wp-block-heading\"><span id=\"guide-et-bonus-pour-parier-sur-le-futur-president-des-etats-unis-joe-biden-ou-donald-trump\">Guide och bonus f\u00f6r att satsa p\u00e5 USA:s framtida president: Joe Biden eller Donald Trump <\/span><\/h2>\n\n\n\n<p>USA:s presidentval v\u00e4cker uppm\u00e4rksamhet \u00f6ver hela v\u00e4rlden eftersom valet av n\u00e4sta president \u00e4r en stor h\u00e4ndelse som kan ha en betydande inverkan p\u00e5 landets framtid. \u00c5r 2020 \u00e4r det s\u00e5 <strong>Joe Biden<\/strong> som valdes till president, vilket avslutade eran <strong>Trumf<\/strong> och ge nytt liv till amerikansk politik. Detta betyder dock inte att bookmakers inte har odds p\u00e5 n\u00e4sta presidentval, s\u00e4rskilt inte 2024. M\u00e5nga bettingsajter online, som Unibet, Betclic och Bwin, erbjuder odds p\u00e5 de olika kandidaterna till presidentposten, inklusive p\u00e5 Joe Biden och Donald Trump.<\/p>\n\n\n\n<h2 class=\"wp-block-heading\"><span id=\"voici-donc-un-guide-pour-vous-aider-a-parier-sur-le-futur-president-des-etats-unis\">H\u00e4r \u00e4r en guide som hj\u00e4lper dig att satsa p\u00e5 USA:s framtida president:<\/span><\/h2>\n\n\n\n<p><strong>L\u00e4r dig mer om de olika kandidaterna och deras policy<\/strong> Det \u00e4r viktigt att l\u00e4ra sig om olika kandidater och deras policy innan du fattar ett vadslagningsbeslut. Detta g\u00f6r att du b\u00e4ttre kan f\u00f6rst\u00e5 deras st\u00e5ndpunkter i nyckelfr\u00e5gor och om de \u00e4r i linje med dina egna v\u00e4rderingar och \u00f6vertygelser. <strong>Kontrollera oddsen som erbjuds av bookmakers<\/strong> Bookmakers erbjuder i allm\u00e4nhet odds p\u00e5 de olika presidentkandidaterna. Dessa odds indikerar varje kandidats sannolikhet att vinna valet och baseras p\u00e5 opinionsunders\u00f6kningar, politisk analys och ekonomins tillst\u00e5nd, samt andra faktorer som kan p\u00e5verka det slutliga resultatet. <strong>Satsa ansvarsfullt<\/strong> Det \u00e4r viktigt att komma ih\u00e5g att vadslagning p\u00e5 presidentval kan vara riskabelt och du b\u00f6r alltid spela ansvarsfullt. Se till att du bara satsar det du har r\u00e5d att f\u00f6rlora och respektera satsningsgr\u00e4nserna som varje bookmaker s\u00e4tter. <strong>F\u00f6lj politiska h\u00e4ndelser och omr\u00f6stningar<\/strong> Det \u00e4r viktigt att h\u00e5lla sig informerad om den senaste utvecklingen och f\u00f6lja politiska h\u00e4ndelser och unders\u00f6kningar att ta<\/p>\n\n\n\n<ul><li><a href=\"https:\/\/thcp.wiki\/news-thcp\/thcv-et-le-pardon-du-cannabis\/\">The Green Justice of THCV and the Forgiveness of Cannabis<\/a><\/li><li><a href=\"https:\/\/thcp.wiki\/news-thcp\/les-merveilles-cachees-du-cannabis-thcp-thcv\/\">Cannabisens dolda underverk: THCP, THCV<\/a><\/li><li><a href=\"https:\/\/thcp.wiki\/news-thcp\/thcp-thcv-les-bienfaits-caches-derriere-la-reforme-du-cannabis\/\">THCP, THCV: De dolda f\u00f6rdelarna bakom cannabisreformen<\/a><\/li><\/ul>\n\n\n\n<p>Att satsa med r\u00e4tt bookmaker (Bwin, Unibet, Betclic, etc.) p\u00e5 den blivande presidenten kan d\u00e4rf\u00f6r l\u00f6na sig stort eftersom unders\u00f6kningar eller politiska \u00e5sikter ofta visar sig vara missvisande! S\u00e5 f\u00f6r att satsa bra och vinna, hitta v\u00e5ra gratisfiler p\u00e5 v\u00e5r webbplats exklusivt f\u00f6r presidentvalet  <\/p>\n\n\n\n<h3 class=\"wp-block-heading\"><span id=\"les-specificite-du-paris-politique\">Det politiska Paris s\u00e4rdrag<\/span><\/h3>\n\n\n\n<p>Det f\u00f6rsta steget \u00e4r att f\u00f6rst\u00e5 hur betting fungerar. De vanligaste satsningarna \u00e4r vilka kandidater som har st\u00f6rst sannolikhet att vinna valet. Du kan satsa p\u00e5 favoritkandidaten (den som du tror kommer att vinna) eller p\u00e5 underdogen (den som inte \u00e4r favorit).<\/p>\n\n\n\n<p>Om du satsar p\u00e5 favoriten f\u00e5r du en liten summa pengar om du vinner, eftersom det \u00e4r mycket troligt att den h\u00e4r kandidaten blir vald. Om du satsar p\u00e5 en underdog kommer du att f\u00e5 mer pengar om de vinner, eftersom denna m\u00f6jlighet \u00e4r mindre trolig. Goda nyheter Unibet erbjuder dig att ers\u00e4tta dig upp till \u20ac150 f\u00f6r ditt f\u00f6rsta spel s\u00e5 att din risk f\u00f6rblir begr\u00e4nsad!<\/p>\n\n\n\n<h2 class=\"wp-block-heading\" id=\"fdquelle-est-le-meilleur-site-de-paris-en-ligne-bookmaker-pour-la-politique\"><span id=\"quelle-est-le-meilleur-site-de-paris-en-ligne-bookmaker-pour-la-politique\">Vilken \u00e4r den b\u00e4sta Paris-\/bookmakerwebbplatsen f\u00f6r politik online?<\/span><\/h2>\n\n\n\n<p><\/p>\n\n\n\n<p>Precis som sportspel \u00e4r det nu m\u00f6jligt att satsa p\u00e5 politik, speciellt bookmakers erbjuder intressanta odds f\u00f6r att locka nya spelare och spelarna!  <br>G\u00f6r ditt val mellan de olika bookmakerna f\u00f6r att satsa p\u00e5 Frankrikes framtida president 2022: <\/p>\n\n\n\n<ul>\n<li><mark style=\"background-color:rgba(0, 0, 0, 0);color:#0d7a12\" class=\"has-inline-color\"><strong>Unibet: De b\u00e4sta oddsen och bonusarna, den bookmaker vi rekommenderar<\/strong><\/mark>!<\/li>\n\n\n\n<li>Bwin: Den \u00e4ldsta platsen i Paris<\/li>\n\n\n\n<li>Betclic: Utmanaren<\/li>\n\n\n\n<li>NetBet: Det nya barnet<\/li>\n\n\n\n<li>Winamax: Referensen inom poker<\/li>\n\n\n\n<li>1xBit: the Original den enda som erbjuder att spela och vinna i Bitcoin<\/li>\n\n\n\n<li><a href=\"https:\/\/wikihhc.com\/\">HHC <\/a>: referenswikin om HHC<\/li>\n<\/ul>\n\n\n\n<h2 class=\"wp-block-heading\" id=\"comment-realiser-son-premier-paris-en-ligne\"><span id=\"comment-realiser-son-premier-paris-en-ligne\">Hur g\u00f6r du dina f\u00f6rsta satsningar online?<\/span><\/h2>\n\n\n\n<p>Hitta v\u00e5r kostnadsfria guide f\u00f6r att komma ig\u00e5ng med betting online steg f\u00f6r steg och med de b\u00e4sta bookmakersajterna och applikationerna online. Alla odds och v\u00e5ra f\u00f6ruts\u00e4gelser f\u00f6r loppet till Elys\u00e9e.<\/p>\n\n\n\n<p class=\"has-text-align-center unibet\" style=\"font-size:25px\"><mark style=\"background-color:rgba(0, 0, 0, 0);color:#0d7a12\" class=\"has-inline-color\"><strong><a href=\"https:\/\/parier-presidentielle.com\/sv\/recommends\/unibet-text\/\">100\u20ac Bonus erbjuds med Unibet <br>F\u00f6r ditt f\u00f6rsta onlinespel: Klicka h\u00e4r<\/a><\/strong><\/mark><\/p>\n\n\n\n<h2 class=\"wp-block-heading\" id=\"les-candidats-2022-a-la-presidentielle\"><span id=\"les-candidats-2022-a-la-presidentielle\">Presidentkandidaterna 2022<\/span><\/h2>\n\n\n\n<p>Den andra omg\u00e5ngen kommer att \u00e4ga rum s\u00f6ndagen den 24 april 2022 efter den \u00f6verraskande f\u00f6rsta omg\u00e5ngen den 10 april! <br>M\u00e4tningarna f\u00f6r\u00e4ndrar situationen varje vecka beroende p\u00e5 nyheter och annan utveckling, s\u00e5 kriget i Ukraina har f\u00f6r\u00e4ndrat Macrons odds bland bookmakers, hitta gratis alla f\u00f6ruts\u00e4gelser och odds fr\u00e5n bookmakers Bwin, Unibet, Betclic f\u00f6r att spela online p\u00e5 framtiden vinnare av presidentvalet 2022 p\u00e5 finalisterna i andra omg\u00e5ngen:<br>Emmanuel Macron (La R\u00e9publique En Marche), Marine Le Pen (National Rally)<\/p>\n\n\n\n<p>Samt r\u00f6stinstruktionerna f\u00f6r f\u00f6rlorande kandidater och andra politiker: Val\u00e9rie P\u00e9cresse (Les R\u00e9publicains), Anne Hidalgo (Socialistpartiet), Jean-Luc M\u00e9lenchon (La France insoumise), Yannick Jadot (Europe-\u00c9cologie-Les Verts) och outsidern kandidater:<br>Christiane Taubira, \u00c9douard Philippe, Nicolas Dupont-Aignan, Nicolas Sarkozy, Benoit Hamon, Fran\u00e7ois Fillon, S\u00e9gol\u00e8ne Royal, Fran\u00e7ois Asselineau (UPR), Fran\u00e7ois Hollande och journalisten Eric Zemmour.<\/p>\n\n\n\n<p>Vad har politikerna f\u00f6r \u00e5sikter om cannabis? : <a href=\"https:\/\/thcv.wiki\/\">Thcv<\/a>, <a href=\"https:\/\/h4cbd.wiki\/\">H4CBD<\/a>, <a href=\"https:\/\/h4cbd.wiki\/\">THCP<\/a>&#8230;<\/p>\n\n\n\n<ul><li><a href=\"https:\/\/wiki-cannabis.com\/actualites\/decouvrez-les-secrets-du-cannabis-hhc-h4cbd-thcp-hhcp-o\/\">Uppt\u00e4ck cannabisens hemligheter: HHC, H4CBD, THCP, HHCP-O<\/a><\/li><li><a href=\"https:\/\/wiki-cannabis.com\/actualites\/decouverte-du-cbd-une-revolution-verte-dans-l-empire-de-l-herbe\/\">Discovery of H4CBD, THCP, HHC: A Green Revolution in the Empire of Weed<\/a><\/li><li><a href=\"https:\/\/wiki-cannabis.com\/actualites\/le-cannabis-et-les-nouveaux-cbd-h4cbd-thcp-hhc\/\">Cannabis och de nya CBD:erna: H4CBD, THCP, HHC<\/a><\/li><\/ul>\n\n\n\n<h2 class=\"wp-block-heading\"><span id=\"les-dossiers-de-parier-presidentiellecom\"><br>Filerna fr\u00e5n Parier-Pr\u00e9sidentielle.com<\/span><\/h2>\n\n\n\n<h2 class=\"wp-block-heading\"><span id=\"i\"> <\/span><\/h2>\n\n\n\n<h3 class=\"wp-block-heading\"><span id=\"selection-des-meilleurs-bookmakers\">Urval av de b\u00e4sta bookmakerna<\/span><\/h3>\n\n\n\n<ul>\n<li><strong><a href=\"https:\/\/parier-presidentielle.com\/sv\/unibet-politik-val-2022\/\">Unibet: Onlinespel f\u00f6r presidentvalet<\/a><\/strong><\/li>\n\n\n\n<li><a href=\"https:\/\/parier-presidentielle.com\/sv\/bwin-politik-val-2022\/\"><strong>Bwin <\/strong>: Bookmaker att satsa p\u00e5 presidentvalet 2022<\/a>\n<ul>\n<li><a href=\"https:\/\/parier-presidentielle.com\/sv\/bwin-paris-om-politik\/\">Bwin: Satsar p\u00e5 politik<\/a><\/li>\n<\/ul>\n<\/li>\n\n\n\n<li><a href=\"https:\/\/parier-presidentielle.com\/sv\/betclic-presidential-2022\/\">Betclic: Satsa p\u00e5 presidentvalet 2022<\/a><\/li>\n\n\n\n<li><a href=\"https:\/\/parier-presidentielle.com\/sv\/netbet-paris-politik-val-2022\/\">NetBet: Bookmaker<\/a><\/li>\n\n\n\n<li><a href=\"https:\/\/parier-presidentielle.com\/sv\/1xbit-policy\/\">1xBit: Spela i kryptovaluta<\/a><\/li>\n\n\n\n<li>Betway<\/li>\n<\/ul>\n\n\n\n<h3 class=\"wp-block-heading\"><span id=\"comparatif-des-site-de-paris\">J\u00e4mf\u00f6relse av bettingsidor<\/span><\/h3>\n\n\n\n<ul>\n<li><a href=\"https:\/\/parier-presidentielle.com\/sv\/bookmaker-val-politik-2022\/\">Bookmaker: Vilket \u00e4r det b\u00e4sta st\u00e4llet att satsa p\u00e5 politik och presidentvalet 2022?<\/a><\/li>\n\n\n\n<li><a href=\"https:\/\/parier-presidentielle.com\/sv\/bookmakers-macron-le-pen\/\">Bookmakerodds f\u00f6r den politiska finalen i Macron \u2013 Le Pen-matchen<\/a><\/li>\n<\/ul>\n\n\n\n<h3 class=\"wp-block-heading\"><span id=\"les-candidats-toutes-les-cotes-sondages-et-nos-pronotics\">Kandidaterna: alla odds, unders\u00f6kningar och v\u00e5ra f\u00f6ruts\u00e4gelser<\/span><\/h3>\n\n\n\n<ul>\n<li><a href=\"https:\/\/parier-presidentielle.com\/sv\/makron-val\/\">Emmanuel Macron valets favorit<\/a><\/li>\n\n\n\n<li><a href=\"https:\/\/parier-presidentielle.com\/sv\/marin-le-pen-val\/\">Paris om valet av Marine Le Pen<\/a><\/li>\n\n\n\n<li><a href=\"https:\/\/parier-presidentielle.com\/sv\/macron-le-pen-bookmaker\/\">Macron \u2013 Le Pen: Bookmakers ger sina odds<\/a><\/li>\n\n\n\n<li><a href=\"https:\/\/parier-presidentielle.com\/sv\/planen\/\">Webbplatskarta<\/a><\/li>\n<\/ul>\n<\/div><\/div>\n\n\n\n<p class=\"has-text-align-center\" style=\"font-size:25px\"><\/p>\n\n\n\n\n<div class=\"wp-block-image\">\n<figure class=\"aligncenter size-large is-resized wp-duotone-000097-ff4747-10\"><img decoding=\"async\" loading=\"lazy\" src=\"https:\/\/parier-presidentielle.com\/wp-content\/uploads\/2021\/09\/election-standard-scale-4_00x-gigapixel-1024x623.jpg\" alt=\"\" class=\"wp-image-188\" style=\"width:256px;height:156px\" width=\"256\" height=\"156\" srcset=\"https:\/\/parier-presidentielle.com\/wp-content\/uploads\/2021\/09\/election-standard-scale-4_00x-gigapixel-1024x623.jpg 1024w, https:\/\/parier-presidentielle.com\/wp-content\/uploads\/2021\/09\/election-standard-scale-4_00x-gigapixel-300x182.jpg 300w, https:\/\/parier-presidentielle.com\/wp-content\/uploads\/2021\/09\/election-standard-scale-4_00x-gigapixel-768x467.jpg 768w, https:\/\/parier-presidentielle.com\/wp-content\/uploads\/2021\/09\/election-standard-scale-4_00x-gigapixel-1536x934.jpg 1536w, https:\/\/parier-presidentielle.com\/wp-content\/uploads\/2021\/09\/election-standard-scale-4_00x-gigapixel-2048x1245.jpg 2048w\" sizes=\"(max-width: 256px) 100vw, 256px\" \/><\/figure><\/div><div id=\"toc_container\" class=\"no_bullets\"><p class=\"toc_title\">Inneh\u00e5ll<\/p><ul class=\"toc_list\"><li><\/li><li><ul><li><\/li><\/ul><\/li><li><\/li><li><\/li><li><\/li><li><\/li><li><ul><li><\/li><li><\/li><li><\/li><\/ul><\/li><\/ul><\/div>","protected":false},"excerpt":{"rendered":"<p>Parier Pr\u00e9sidentielle est le site de r\u00e9f\u00e9rence pour vous guider lors de votre premier pari avec les bookmakers : Unibet, Betclic, Bwin&#8230; sur la Politique et les \u00e9lections Pr\u00e9sidentielle Fran\u00e7aises, Am\u00e9ricaines et Internationales. Guide et bonus pour Parier sur le Futur Pr\u00e9sident des Etats-Unis et Vainqueur du Second tour : Joe Biden Macron ou Donald &#8230;<\/p>","protected":false},"author":1,"featured_media":0,"parent":0,"menu_order":0,"comment_status":"closed","ping_status":"closed","template":"page-nosidebar.php","meta":{"footnotes":""},"yoast_head":"<!-- This site is optimized with the Yoast SEO Premium plugin v21.0 (Yoast SEO v21.0) - https:\/\/yoast.com\/wordpress\/plugins\/seo\/ -->\n<title>Parier Politique &amp; Elections : Cotes &amp; Bonus des Bookmakers<\/title>\n<meta name=\"description\" content=\"Pariez sur toutes les \u00e9lections Am\u00e9ricaines, Fran\u00e7aises : Guide des Bookmakers, Pronostics, 100\u20ac de Bonus Exclusif offert ici !\" \/>\n<meta name=\"robots\" content=\"index, follow, max-snippet:-1, max-image-preview:large, max-video-preview:-1\" \/>\n<link rel=\"canonical\" href=\"https:\/\/parier-presidentielle.com\/sv\/\" \/>\n<meta property=\"og:locale\" content=\"sv_SE\" \/>\n<meta property=\"og:type\" content=\"article\" \/>\n<meta property=\"og:title\" content=\"Parier sur la Politique et les Elections avec les meilleurs Bookmakers : Unibet, Bwin\" \/>\n<meta property=\"og:description\" content=\"Pariez sur toutes les \u00e9lections Am\u00e9ricaines, Fran\u00e7aises : Guide des Bookmakers, Pronostics, 100\u20ac de Bonus Exclusif offert ici !\" \/>\n<meta property=\"og:url\" content=\"https:\/\/parier-presidentielle.com\/sv\/\" \/>\n<meta property=\"og:site_name\" content=\"Parier Pr\u00e9sidentielle\" \/>\n<meta property=\"article:modified_time\" content=\"2023-09-12T21:05:44+00:00\" \/>\n<meta property=\"og:image\" content=\"https:\/\/parier-presidentielle.com\/wp-content\/uploads\/2022\/12\/biden-vs-trump-1024x711.jpeg\" \/>\n<meta name=\"twitter:card\" content=\"summary_large_image\" \/>\n<meta name=\"twitter:label1\" content=\"Est. reading time\" \/>\n\t<meta name=\"twitter:data1\" content=\"6 minuter\" \/>\n<script type=\"application\/ld+json\" class=\"yoast-schema-graph\">{\"@context\":\"https:\/\/schema.org\",\"@graph\":[{\"@type\":\"WebPage\",\"@id\":\"https:\/\/parier-presidentielle.com\/\",\"url\":\"https:\/\/parier-presidentielle.com\/\",\"name\":\"Parier Politique & Elections : Cotes & Bonus des Bookmakers\",\"isPartOf\":{\"@id\":\"https:\/\/parier-presidentielle.com\/#website\"},\"datePublished\":\"2021-08-31T09:54:03+00:00\",\"dateModified\":\"2023-09-12T21:05:44+00:00\",\"description\":\"Pariez sur toutes les \u00e9lections Am\u00e9ricaines, Fran\u00e7aises : Guide des Bookmakers, Pronostics, 100\u20ac de Bonus Exclusif offert ici !\",\"breadcrumb\":{\"@id\":\"https:\/\/parier-presidentielle.com\/#breadcrumb\"},\"inLanguage\":\"sv-SE\",\"potentialAction\":[{\"@type\":\"ReadAction\",\"target\":[\"https:\/\/parier-presidentielle.com\/\"]}]},{\"@type\":\"BreadcrumbList\",\"@id\":\"https:\/\/parier-presidentielle.com\/#breadcrumb\",\"itemListElement\":[{\"@type\":\"ListItem\",\"position\":1,\"name\":\"Accueil\",\"item\":\"https:\/\/parier-presidentielle.com\/\"},{\"@type\":\"ListItem\",\"position\":2,\"name\":\"Parier sur la Politique et les Elections avec les meilleurs Bookmakers : Unibet, Bwin\"}]},{\"@type\":\"WebSite\",\"@id\":\"https:\/\/parier-presidentielle.com\/#website\",\"url\":\"https:\/\/parier-presidentielle.com\/\",\"name\":\"Parier Pr\u00e9sidentielle\",\"description\":\"Paris, Pronostics, Wiki sur la Politique, les Elections Am\u00e9ricaines: Joe Biden, Donald Trump avec les Bookmakers en ligne Unibet, Bwin, Betclic, Winamax\",\"potentialAction\":[{\"@type\":\"SearchAction\",\"target\":{\"@type\":\"EntryPoint\",\"urlTemplate\":\"https:\/\/parier-presidentielle.com\/?s={search_term_string}\"},\"query-input\":\"required name=search_term_string\"}],\"inLanguage\":\"sv-SE\"}]}<\/script>\n<!-- \/ Yoast SEO Premium plugin. -->","yoast_head_json":{"title":"Parier Politique & Elections : Cotes & Bonus des Bookmakers","description":"Pariez sur toutes les \u00e9lections Am\u00e9ricaines, Fran\u00e7aises : Guide des Bookmakers, Pronostics, 100\u20ac de Bonus Exclusif offert ici !","robots":{"index":"index","follow":"follow","max-snippet":"max-snippet:-1","max-image-preview":"max-image-preview:large","max-video-preview":"max-video-preview:-1"},"canonical":"https:\/\/parier-presidentielle.com\/sv\/","og_locale":"sv_SE","og_type":"article","og_title":"Parier sur la Politique et les Elections avec les meilleurs Bookmakers : Unibet, Bwin","og_description":"Pariez sur toutes les \u00e9lections Am\u00e9ricaines, Fran\u00e7aises : Guide des Bookmakers, Pronostics, 100\u20ac de Bonus Exclusif offert ici !","og_url":"https:\/\/parier-presidentielle.com\/sv\/","og_site_name":"Parier Pr\u00e9sidentielle","article_modified_time":"2023-09-12T21:05:44+00:00","og_image":[{"url":"https:\/\/parier-presidentielle.com\/wp-content\/uploads\/2022\/12\/biden-vs-trump-1024x711.jpeg"}],"twitter_card":"summary_large_image","twitter_misc":{"Est. reading time":"6 minuter"},"schema":{"@context":"https:\/\/schema.org","@graph":[{"@type":"WebPage","@id":"https:\/\/parier-presidentielle.com\/","url":"https:\/\/parier-presidentielle.com\/","name":"Parier Politique & Elections : Cotes & Bonus des Bookmakers","isPartOf":{"@id":"https:\/\/parier-presidentielle.com\/#website"},"datePublished":"2021-08-31T09:54:03+00:00","dateModified":"2023-09-12T21:05:44+00:00","description":"Pariez sur toutes les \u00e9lections Am\u00e9ricaines, Fran\u00e7aises : Guide des Bookmakers, Pronostics, 100\u20ac de Bonus Exclusif offert ici !","breadcrumb":{"@id":"https:\/\/parier-presidentielle.com\/#breadcrumb"},"inLanguage":"sv-SE","potentialAction":[{"@type":"ReadAction","target":["https:\/\/parier-presidentielle.com\/"]}]},{"@type":"BreadcrumbList","@id":"https:\/\/parier-presidentielle.com\/#breadcrumb","itemListElement":[{"@type":"ListItem","position":1,"name":"Accueil","item":"https:\/\/parier-presidentielle.com\/"},{"@type":"ListItem","position":2,"name":"Parier sur la Politique et les Elections avec les meilleurs Bookmakers : Unibet, Bwin"}]},{"@type":"WebSite","@id":"https:\/\/parier-presidentielle.com\/#website","url":"https:\/\/parier-presidentielle.com\/","name":"Parier Pr\u00e9sidentielle","description":"Paris, Pronostics, Wiki sur la Politique, les Elections Am\u00e9ricaines: Joe Biden, Donald Trump avec les Bookmakers en ligne Unibet, Bwin, Betclic, Winamax","potentialAction":[{"@type":"SearchAction","target":{"@type":"EntryPoint","urlTemplate":"https:\/\/parier-presidentielle.com\/?s={search_term_string}"},"query-input":"required name=search_term_string"}],"inLanguage":"sv-SE"}]}},"_links":{"self":[{"href":"https:\/\/parier-presidentielle.com\/sv\/wp-json\/wp\/v2\/pages\/24"}],"collection":[{"href":"https:\/\/parier-presidentielle.com\/sv\/wp-json\/wp\/v2\/pages"}],"about":[{"href":"https:\/\/parier-presidentielle.com\/sv\/wp-json\/wp\/v2\/types\/page"}],"author":[{"embeddable":true,"href":"https:\/\/parier-presidentielle.com\/sv\/wp-json\/wp\/v2\/users\/1"}],"replies":[{"embeddable":true,"href":"https:\/\/parier-presidentielle.com\/sv\/wp-json\/wp\/v2\/comments?post=24"}],"version-history":[{"count":194,"href":"https:\/\/parier-presidentielle.com\/sv\/wp-json\/wp\/v2\/pages\/24\/revisions"}],"predecessor-version":[{"id":2483,"href":"https:\/\/parier-presidentielle.com\/sv\/wp-json\/wp\/v2\/pages\/24\/revisions\/2483"}],"wp:attachment":[{"href":"https:\/\/parier-presidentielle.com\/sv\/wp-json\/wp\/v2\/media?parent=24"}],"curies":[{"name":"wp","href":"https:\/\/api.w.org\/{rel}","templated":true}]}}