{"id":255,"date":"2021-09-14T16:48:34","date_gmt":"2021-09-14T14:48:34","guid":{"rendered":"https:\/\/parier-presidentielle.com\/?page_id=255"},"modified":"2022-04-14T15:41:15","modified_gmt":"2022-04-14T13:41:15","slug":"netbet-paris-politique-election-2022","status":"publish","type":"page","link":"https:\/\/parier-presidentielle.com\/sv\/netbet-paris-politik-val-2022\/","title":{"rendered":"NetBet: Betting p\u00e5 politik och presidentvalet 2022"},"content":{"rendered":"<p> <\/p>\n\n\n\n<a href=\"https:\/\/banners.livepartners.com\/click.php?z=151480\" target=\"_blank\" rel=\"noopener\"><img decoding=\"async\" loading=\"lazy\" src=\"https:\/\/banners.livepartners.com\/view.php?z=151480\" border=\"0\" width=\"728\" height=\"90\"><\/a>\n\n\n\n\n\n<h2 class=\"wp-block-heading\" id=\"quelle-est-l-offre-du-bookmaker-netbet-2022\"><span id=\"quelle-est-l8217offre-du-bookmaker-netbet-2022\">Vad \u00e4r NetBet Bookmaker 2022-erbjudandet?<\/span><\/h2>\n\n\n\n<p class=\"has-text-align-left\">Netbet erbjuder f\u00f6r n\u00e4rvarande den b\u00e4sta bonusen f\u00f6r att satsa online \u20ac100!<br>F\u00f6r att f\u00e5 tillg\u00e5ng till denna bonus, g\u00e5 helt enkelt via v\u00e5r partnerl\u00e4nk:<\/p>\n\n\n\n<h2 class=\"has-text-align-center wp-block-heading\" id=\"100-offerts-sur-votre-1er-pari-cliquez-ici\"><span id=\"100e-offerts-sur-votre-1er-pari-cliquez-ici\"><br><a href=\"https:\/\/banners.livepartners.com\/click.php?z=151505\" target=\"_blank\" rel=\"noreferrer noopener nofollow\">100 \u20ac erbjuds p\u00e5 ditt f\u00f6rsta spel! Klicka h\u00e4r<\/a><\/span><\/h2>\n\n\n\n<h3 class=\"wp-block-heading\"><span id=\"i\"><br><\/span><\/h3>\n\n\n\n<h2 class=\"wp-block-heading\" id=\"netbet\"><span id=\"netbet\">NetBet<\/span><\/h2>\n\n\n\n<p><br>NetBet \u00e4r en onlinespeloperat\u00f6r som \u00e4gs av NetBet Enterprises Ltd. Plattformen erbjuder live- och livespel p\u00e5 sport, betting p\u00e5 virtuella matcher och internationella lotterier, onlinekasino, onlinepoker och livecasinoplattform. F\u00f6retaget verkar p\u00e5 flera marknader, inklusive Rum\u00e4nien, Storbritannien, Tyskland, Irland och Sydamerika, Japan och m\u00e5nga andra. NetBet \u00e4r tillg\u00e4ngligt p\u00e5 engelska, tyska, japanska, spanska, italienska, franska, grekiska, rum\u00e4nska, portugisiska och finska. NetBet har sitt huvudkontor p\u00e5 Malta och har kontor i Storbritannien, Frankrike, Rum\u00e4nien och USA. Den har f\u00f6r n\u00e4rvarande cirka 500 anst\u00e4llda.<\/p>\n\n\n\n<p>NetBet har haft en europeisk licens p\u00e5 Malta sedan 2006. NetBet \u00e4r licensierad av UK Gambling Commission 3637 och \u00e4r licensierad i Irland, Nigeria, Mexiko och Grekland. Onlinekasinon i Italien och Frankrike verkar ocks\u00e5 under varum\u00e4rket NetBet Enterprises. NetBet fick ocks\u00e5 en licens att verka i Rum\u00e4nien 2015 och blev en av de tre f\u00f6rsta sajterna som erbjuder onlinespel i Rum\u00e4nien.<\/p>\n\n\n\n<p>NetBet Sport erbjuder sportspel f\u00f6re live och live online. Spelare har ocks\u00e5 m\u00f6jlighet att l\u00e4gga vad p\u00e5 eSport f\u00f6r vissa speciella marknader som t\u00e4cker politik och priser f\u00f6r film och tv. F\u00f6r att s\u00e4kerst\u00e4lla korrekta och slumpm\u00e4ssiga 100%-resultat f\u00f6r alla spel, anv\u00e4nder NetBet tv\u00e5 slumptalsgeneratorer separat: ISAAC-generatorn och en brusgenerator. Under 2018 var RTP-avkastningskoefficienten till spelaren 96,65 %.<\/p>\n\n\n\n<p><\/p>\n\n\n\n<h2 class=\"wp-block-heading\" id=\"histoire-du-bookmaker\"><span id=\"histoire-du-bookmaker\">Bookmakerns historia<\/span><\/h2>\n\n\n\n<p><br>Cosmo Gaming etablerades i juli 2006 och startade sin verksamhet i juli 2007. Det bytte namn fr\u00e5n Cosmo Gaming Company till NetBet Enterprises Limited i mars 2017. I augusti 2013 tecknade spelleverant\u00f6ren iSoftBet ett exklusivt avtal med SBTech f\u00f6r att tillhandah\u00e5lla livespeltj\u00e4nster p\u00e5 sport p\u00e5 webbplatsen f\u00f6r NetBet.<\/p>\n\n\n\n<p>Under UEFA Euro 2016 lanserade NetBet det m\u00e5ngkulturella m\u00e4sterskapet. Samma \u00e5r skrev NetBet p\u00e5 ett sex\u00e5rskontrakt med spelleverant\u00f6ren Playtech. Detta avtal tillhandah\u00e5ller distribution av exklusivt Playtech-inneh\u00e5ll p\u00e5 NetBet-plattformen.<\/p>\n\n\n\n<p>Under VM 2018 lanserade NetBet Sport ett nytt tillskott till den &quot;multikulturella&quot; serien under namnet Multicultural Cup.<\/p>\n\n\n\n<p>Under 2018 lanserade Iron Dog Studio hela sin spelsvit p\u00e5 NetBet Casino tack vare en integration som underl\u00e4ttas av NetBet-leverant\u00f6ren iSoftBet.<\/p>\n\n\n\n<p>Under 2019 publicerade NetBet en interaktiv karta som sp\u00e5rar alla filmer och anekdoter kopplade till karakt\u00e4ren James Bond.<\/p>\n\n\n\n<p>\u00c5r 2020 publicerade NetBet en studie utf\u00f6rd av Blue Claw om de potentiella b\u00f6ter som biltillverkare kan drabbas av om de inte uppfyller de koldioxidm\u00e5l som satts upp av EU f\u00f6r 2021.<br><\/p>\n\n\n\n<h3 class=\"wp-block-heading\" id=\"les-partenariats\"><span id=\"les-partenariats\">Partnerskap <\/span><\/h3>\n\n\n\n<p>NetBet var officiell sponsor eller partner till flera idrottslag, som OGC Nice 2014, AS Saint-Etienne och Hamilton Academical 2016.<\/p>\n\n\n\n<p><\/p>\n\n\n\n<ul><li>2015 tecknade Netbet ett reklamavtal p\u00e5 stadion med West Bromwich Albion Football Club.<\/li><li>Under 2017 sponsrade NetBet Falemi Nana Intercartiere Cup, den viktigaste amat\u00f6rfotbollst\u00e4vlingen i Rum\u00e4nien.<\/li><li>2017 var NetBet med uppt\u00e4cktsresande Daniel Cinghea n\u00e4r han er\u00f6vrade de mest imponerande topparna i Sydamerika.<\/li><li>I mars 2018 sponsrade NetBet den 3:e upplagan av DanceMasters som \u00e4gde rum i Bukarest.<\/li><li>I maj 2018 sponsrade NetBet loppen p\u00e5 Goodwood Racecourse i tv\u00e5 dagar.<\/li><li>Den 5 juni 2018 sponsrade NetBet fyra lopp p\u00e5 Fontwell Park Racecourse.<\/li><li>Den 9 juni 2018 sponsrade NetBet ett barknutet boxningsevenemang, BKB11, p\u00e5 The O2.<\/li><li>Den 21 juli 2018 sponsrade NetBet ytterligare en kamp f\u00f6r Bare Knuckle Boxing i Cwmbran.<\/li><li>Den 22 augusti 2018 sponsrade NetBet Ladies Night p\u00e5 Fontwell Park Racecourse.<\/li><li>Den 4 september 2018 sponsrade NetBet ytterligare en t\u00e4vlingsdag p\u00e5 Goodwood Racecourse.<\/li><li>Den 17 november 2019 sponsrade NetBet Corsorul maraton den 15 november i Bra\u0219ov.<\/li><\/ul>\n\n\n\n<p>Slutligen 2020 tecknade NetBet sponsringskontrakt med tv\u00e5 rallyteam som deltog i det nationella rallym\u00e4sterskapet. De tv\u00e5 sponsrade bes\u00e4ttningarna best\u00e5r av f\u00f6raren Dan G\u00eertofan och navigat\u00f6ren Tudor M\u00e2rza p\u00e5 en Skoda R5, respektive f\u00f6raren R\u0103zvan Trisnevschi och navigat\u00f6ren Traian-Codrut Arsenescu.<\/p>\n\n\n\n<p>Annonskampanjer f\u00f6r taxi och bussar<br>Under 2019 lanserade NetBet tv\u00e5 mobila reklamkampanjer f\u00f6r bussar och taxibilar. Kampanjen anpassade NetBets varum\u00e4rkeslogotyp, bussar och 750 Black Cab-bilar som t\u00e4vlade genom Londons gator.<\/p>\n\n\n\n<p>Ambassad\u00f6rer<br>Alexandre Ruiz \u00e4r en fransk sportjournalist som arbetar f\u00f6r beIn Sports. Han har varit NetBet FR-ambassad\u00f6r sedan 2014.<\/p>\n\n\n\n<p>Daniel Bravo var en fransk fotbollsspelare som spelade f\u00f6r Paris Saint-Germain, AS Monaco och Olympique de Marseille. Han var NetBet FR-ambassad\u00f6r under perioden 2012-2014.<\/p>\n\n\n\n<p>Dan Petrescu var den f\u00f6rsta ambassad\u00f6ren f\u00f6r NetBet Rum\u00e4nien.<\/p>\n\n\n\n<p>Vissa produkter<br>NetBets huvudprodukter inkluderar NetBet Casino, NetBet Live, NetBet Vegas, NetBet Loto och NetBet Poker. Kasinot erbjuder \u00f6ver 1 500 spelautomater, kortspel och bordsspel.<\/p>\n\n\n\n<p>NetBet Sport erbjuder sportspel f\u00f6re live och live online. Dessutom har spelare ocks\u00e5 m\u00f6jligheten att satsa p\u00e5 eSport f\u00f6r vissa speciella marknader som t\u00e4cker politik och priser f\u00f6r filmer och tv.<\/p>\n\n\n\n<p>N\u00e5gra av de mest popul\u00e4ra slotspelen \u00e4r Starburst (NetEnt), Gonzo&#039;s Quest (NetEnt) och Who wants to be a Millionaire (NYX) och s\u00e5 vidare.<\/p>\n\n\n\n<p>Utm\u00e4rkelser<br>\u00c5r 2015 vann NetBet priset &quot;B\u00e4sta kundrelationssajt&quot; p\u00e5 galan Casino Life &amp; Business Magazine Awards.<\/p>\n\n\n\n<p>Under 2016, vid Central and Eastern European Gaming Conference Awards (CEEGA), vann NetBet priset &quot;B\u00e4sta onlinesportspeloperat\u00f6r&quot; och deras leverant\u00f6r, SBTech, vann priset &quot;B\u00e4sta sportspelsleverant\u00f6r&quot;.<\/p>\n\n\n\n<p>Under 2016 nominerades Blueclaw och GIMO till UK Search Awards och Best Use of Search f\u00f6r sitt arbete med NetBet Multicultural Championships och Premier League of Nations.<\/p>\n\n\n\n<p>Under 2017 nominerades NetBet till &quot;B\u00e4sta icke-engelska affiliateprogram&quot; vid iGB Affiliate Award.<\/p>\n\n\n\n<p>Under 2019 nominerades NetBet till EGR Awards i kategorin &quot;Customer Service Operator&quot;.<\/p>\n\n\n\n<p>Under 2018 och 2019 mottog NetBet pokalen &quot;B\u00e4sta onlinekasinoplattform i Rum\u00e4nien&quot; p\u00e5 Casino Inside Awards Gala.<\/p>\n\n\n\n<p>Ansvarsfullt spelande<br>NetBet arbetar n\u00e4ra med r\u00e5dgivningstj\u00e4nster f\u00f6r spelberoende och l\u00e5ter spelare s\u00e4tta gr\u00e4nser f\u00f6r ins\u00e4ttningar, uttag och varningsmeddelanden. Sajten erbjuder \u00e4ven demoversioner av spelen, som kan spelas utan att satsa riktiga pengar. Det \u00e4r f\u00f6rbjudet att registrera minder\u00e5riga p\u00e5 NetBets webbplats.<\/p>\n\n\n\n<p>NetBet har \u00e4ven implementerat ett sj\u00e4lvutv\u00e4rderingsverktyg. Detta verktyg best\u00e5r av en upps\u00e4ttning av 15 fr\u00e5gor som, baserat p\u00e5 svaren, l\u00e5ter spelarna bed\u00f6ma sin riskniv\u00e5. Baserat p\u00e5 denna riskniv\u00e5 f\u00f6resl\u00e5s \u00e5tg\u00e4rder som att inf\u00f6ra gr\u00e4nser. Dessutom, om resultatet av en kundunders\u00f6kning visar risker f\u00f6r missbruk, skickas en varning till det ansvariga spelteamet, som kommer att interagera med kunden och b\u00f6rja \u00f6vervaka deras aktivitet.<\/p>\n\n\n\n<p><\/p>\n\n\n\n<p class=\"has-text-align-center unibet\" style=\"font-size:25px\"><mark style=\"background-color:rgba(0, 0, 0, 0);color:#0d7a12\" class=\"has-inline-color\"><strong><a href=\"https:\/\/parier-presidentielle.com\/sv\/recommends\/unibet\/\">150\u20ac Bonus erbjuds med Unibet<br>F\u00f6r ditt f\u00f6rsta politiska eller sportspel: Klicka h\u00e4r<\/a><\/strong><\/mark><\/p>\n\n\n\n<p><\/p>\n\n\n<div class=\"wp-block-image\">\n<figure class=\"aligncenter is-resized wp-duotone-000097-ff4747-1\"><img decoding=\"async\" loading=\"lazy\" src=\"https:\/\/parier-presidentielle.com\/wp-content\/uploads\/2021\/09\/election-standard-scale-4_00x-gigapixel-1024x623.jpg\" alt=\"Val 2022\" style=\"width:256px;height:156px\" width=\"256\" height=\"156\"\/><\/figure><\/div>\n\n\n<p><br><\/p>\n\n\n\n<p><strong>Parier-presidential hj\u00e4lper dig att g\u00f6ra ditt val mellan de olika<a href=\"https:\/\/parier-presidentielle.com\/sv\/\"> Bookmakers Bwin, Unibet, Betclic kommer att satsa p\u00e5 den framtida amerikanska presidenten 2024<\/a> : <\/strong><br><a href=\"https:\/\/parier-presidentielle.com\/sv\/unibet-politik-val-2022\/\">Unibet Presidential Bookmaker<\/a> : Detaljerad och gratis guide f\u00f6r att g\u00f6ra ditt f\u00f6rsta onlinespel med alla odds och hur du drar nytta av den erbjudna bonusen!<\/p>\n\n\n\n<p>F\u00f6rutom andra Paris-webbplatser: <a href=\"https:\/\/parier-presidentielle.com\/sv\/unibet-politik-val-2022\/\">Bwin<\/a>, <a href=\"https:\/\/parier-presidentielle.com\/sv\/netbet-paris-politik-val-2022\/\">NetBet<\/a>, <a href=\"https:\/\/parier-presidentielle.com\/sv\/betclic-presidential-2022\/\">Betclic<\/a>, <a href=\"https:\/\/parier-presidentielle.com\/sv\/winamax-politik-val-2022\/\">Winamax<\/a>, Parions Sport, Zebet, Betway, France-Pari, Vbet, Cloudbet, 1Xbit, 1xbet, Betfair, Betwinner \u2026<\/p>\n\n\n\n<div class=\"wp-block-columns is-layout-flex wp-container-6 wp-block-columns-is-layout-flex\">\n<div class=\"wp-block-column is-layout-flow wp-block-column-is-layout-flow\" style=\"flex-basis:33.33%\">\n<p>Du har precis l\u00e4st v\u00e5r fil:<\/p>\n<\/div>\n\n\n\n<div class=\"wp-block-column is-layout-flow wp-block-column-is-layout-flow\" style=\"flex-basis:33.33%\">\n<div class=\"wp-block-group is-layout-flow wp-block-group-is-layout-flow\"><div class=\"wp-block-group__inner-container\"><h4 class=\"has-text-align-center wp-block-post-title\"><span id=\"netbet-parier-sur-la-politique-et-l8217election-presidentielle-2022\"><a href=\"https:\/\/parier-presidentielle.com\/sv\/netbet-paris-politik-val-2022\/\" target=\"_self\" >NetBet: Betting p\u00e5 politik och presidentvalet 2022<\/a><\/span><\/h4><\/div><\/div>\n<\/div>\n\n\n\n<div class=\"wp-block-column is-layout-flow wp-block-column-is-layout-flow\" style=\"flex-basis:33.33%\">\n<p class=\"has-text-align-right\">Forts\u00e4tt l\u00e4sa med v\u00e5ra andra exklusiva filer,<\/p>\n<\/div>\n<\/div>\n\n\n\n<h3 class=\"wp-block-heading\" id=\"tous-les-pronostics-sondage-et-cotes-pour-parier-sur-le-futur-vainqueur-de-l-election-presidentielle-2022\"><span id=\"tous-les-pronostics-sondage-et-cotes-pour-parier-sur-le-futur-vainqueur-de-l8217election-presidentielle-2024\">Alla f\u00f6ruts\u00e4gelser, unders\u00f6kningar och odds att satsa p\u00e5 den framtida vinnaren av presidentvalet 2024:<\/span><\/h3>\n\n\n\n<ul>\n<li><a href=\"https:\/\/parier-presidentielle.com\/sv\/makron-val\/\">Satsa p\u00e5 Emmanuel Macron med Unibet, Betclic, Bwin<\/a> : Favoriten i omr\u00f6stningar och f\u00f6ruts\u00e4gelser <\/li>\n\n\n\n<li><a href=\"https:\/\/parier-presidentielle.com\/sv\/marin-le-pen-val\/\">Marine Le Pen: Hennes odds och hur man satsar med bookmakers<\/a>: Utmanaren enligt Unibet<\/li>\n<\/ul>\n\n\n\n<p><\/p>\n\n\n\n<center><script type=\"text\/javascript\" charset=\"utf-8\" src=\"https:\/\/www.gambling-affiliation.com\/cpm\/v=AmIMTDSs92QY6b0MzDMvM5laCjJ-ZlA-1oQ-7tKsi.w_GA7331V2\"><\/script><\/center>\n\n\n\n<h3 class=\"wp-block-heading\"><span id=\"donald-trump-vs-joe-biden-la-video-qui-lance-les-paris-en-ligne-sur-l8217election-politique-de-2024\">Donald Trump vs Joe Biden: Videon som lanserar vadslagning online om det politiska valet 2024<\/span><\/h3>\n\n\n\n<figure class=\"wp-block-embed is-type-video is-provider-youtube wp-block-embed-youtube wp-embed-aspect-16-9 wp-has-aspect-ratio\"><div class=\"wp-block-embed__wrapper\">\n<iframe loading=\"lazy\" title=\"Tidigare president Donald Trump lanserar 2024 Vita husets bud #Short\" width=\"640\" height=\"360\" src=\"https:\/\/www.youtube.com\/embed\/hZykPRVe4Ag?feature=oembed\" frameborder=\"0\" allow=\"accelerometer; autoplay; clipboard-write; encrypted-media; gyroscope; picture-in-picture; web-share\" allowfullscreen><\/iframe>\n<\/div><\/figure>\n\n\n<div class=\"wp-block-image\">\n<figure class=\"aligncenter size-medium\"><a href=\"https:\/\/parier-presidentielle.com\/sv\/recommends\/unibet\/\" target=\"_blank\" rel=\"noopener\"><img decoding=\"async\" loading=\"lazy\" width=\"300\" height=\"169\" src=\"https:\/\/parier-presidentielle.com\/wp-content\/uploads\/2022\/04\/unibet-300x169.jpg\" alt=\"\" class=\"wp-image-1252\" srcset=\"https:\/\/parier-presidentielle.com\/wp-content\/uploads\/2022\/04\/unibet-300x169.jpg 300w, https:\/\/parier-presidentielle.com\/wp-content\/uploads\/2022\/04\/unibet-1024x576.jpg 1024w, https:\/\/parier-presidentielle.com\/wp-content\/uploads\/2022\/04\/unibet-768x432.jpg 768w, https:\/\/parier-presidentielle.com\/wp-content\/uploads\/2022\/04\/unibet-18x10.jpg 18w, https:\/\/parier-presidentielle.com\/wp-content\/uploads\/2022\/04\/unibet.jpg 1280w\" sizes=\"(max-width: 300px) 100vw, 300px\" \/><\/a><\/figure><\/div>\n\n\n<p>Hitta Wiki, de viktiga politiska nyheterna om cannabis och dess juridiska derivat: <strong>HHC, H4cbd, Thcp, Thcv, HSD, HHCPO, C4B<\/strong><\/p>\n\n\n\n<p><br><\/p>\n<div id=\"toc_container\" class=\"no_bullets\"><p class=\"toc_title\">Inneh\u00e5ll<\/p><ul class=\"toc_list\"><li><\/li><li><ul><li><\/li><\/ul><\/li><li><\/li><li><ul><li><ul><li><\/li><\/ul><\/li><li><\/li><li><\/li><\/ul><\/li><\/ul><\/div>","protected":false},"excerpt":{"rendered":"<p>Quelle est l&#8217;offre du Bookmaker NetBet 2022? Netbet propose actuellement le meilleur bonus pour parier en ligne 100\u20ac!Pour acc\u00e9der \u00e0 ce bonus il suffit de passer par notre lien partenaire : 100\u20ac offerts sur votre 1er Pari! cliquez ici NetBet NetBet est un op\u00e9rateur de jeux en ligne appartenant \u00e0 NetBet Enterprises Ltd. La plate-forme &#8230;<\/p>","protected":false},"author":1,"featured_media":0,"parent":0,"menu_order":0,"comment_status":"closed","ping_status":"closed","template":"page-nosidebar.php","meta":{"footnotes":""},"yoast_head":"<!-- This site is optimized with the Yoast SEO Premium plugin v21.0 (Yoast SEO v21.0) - https:\/\/yoast.com\/wordpress\/plugins\/seo\/ -->\n<title>NetBet : Parier sur la politique et l&#039;\u00e9lection Pr\u00e9sidentielle 2022 - Finale Coupe du Monde FIFA<\/title>\n<meta name=\"description\" content=\"Parier avec Netbet 100\u20ac offert pour votre 1er Pari sur la Politique, le Sport! Guide du Bookmaker pour profiter du Bonus de bienvenue...\" \/>\n<meta name=\"robots\" content=\"index, follow, max-snippet:-1, max-image-preview:large, max-video-preview:-1\" \/>\n<link rel=\"canonical\" href=\"https:\/\/parier-presidentielle.com\/sv\/netbet-paris-politik-val-2022\/\" \/>\n<meta property=\"og:locale\" content=\"sv_SE\" \/>\n<meta property=\"og:type\" content=\"article\" \/>\n<meta property=\"og:title\" content=\"NetBet : Parier sur la politique et l&#039;\u00e9lection Pr\u00e9sidentielle 2022\" \/>\n<meta property=\"og:description\" content=\"Parier avec Netbet 100\u20ac offert pour votre 1er Pari sur la Politique, le Sport! Guide du Bookmaker pour profiter du Bonus de bienvenue...\" \/>\n<meta property=\"og:url\" content=\"https:\/\/parier-presidentielle.com\/sv\/netbet-paris-politik-val-2022\/\" \/>\n<meta property=\"og:site_name\" content=\"Parier Pr\u00e9sidentielle\" \/>\n<meta property=\"article:modified_time\" content=\"2022-04-14T13:41:15+00:00\" \/>\n<meta property=\"og:image\" content=\"https:\/\/banners.livepartners.com\/view.php?z=151480\" \/>\n<meta name=\"twitter:card\" content=\"summary_large_image\" \/>\n<meta name=\"twitter:label1\" content=\"Est. reading time\" \/>\n\t<meta name=\"twitter:data1\" content=\"7 minuter\" \/>\n<script type=\"application\/ld+json\" class=\"yoast-schema-graph\">{\"@context\":\"https:\/\/schema.org\",\"@graph\":[{\"@type\":\"WebPage\",\"@id\":\"https:\/\/parier-presidentielle.com\/netbet-paris-politique-election-2022\/\",\"url\":\"https:\/\/parier-presidentielle.com\/netbet-paris-politique-election-2022\/\",\"name\":\"NetBet : Parier sur la politique et l'\u00e9lection Pr\u00e9sidentielle 2022 - Finale Coupe du Monde FIFA\",\"isPartOf\":{\"@id\":\"https:\/\/parier-presidentielle.com\/#website\"},\"datePublished\":\"2021-09-14T14:48:34+00:00\",\"dateModified\":\"2022-04-14T13:41:15+00:00\",\"description\":\"Parier avec Netbet 100\u20ac offert pour votre 1er Pari sur la Politique, le Sport! Guide du Bookmaker pour profiter du Bonus de bienvenue...\",\"breadcrumb\":{\"@id\":\"https:\/\/parier-presidentielle.com\/netbet-paris-politique-election-2022\/#breadcrumb\"},\"inLanguage\":\"sv-SE\",\"potentialAction\":[{\"@type\":\"ReadAction\",\"target\":[\"https:\/\/parier-presidentielle.com\/netbet-paris-politique-election-2022\/\"]}]},{\"@type\":\"BreadcrumbList\",\"@id\":\"https:\/\/parier-presidentielle.com\/netbet-paris-politique-election-2022\/#breadcrumb\",\"itemListElement\":[{\"@type\":\"ListItem\",\"position\":1,\"name\":\"Accueil\",\"item\":\"https:\/\/parier-presidentielle.com\/\"},{\"@type\":\"ListItem\",\"position\":2,\"name\":\"NetBet : Parier sur la politique et l&#8217;\u00e9lection Pr\u00e9sidentielle 2022\"}]},{\"@type\":\"WebSite\",\"@id\":\"https:\/\/parier-presidentielle.com\/#website\",\"url\":\"https:\/\/parier-presidentielle.com\/\",\"name\":\"Parier Pr\u00e9sidentielle\",\"description\":\"Paris, Pronostics, Wiki sur la Politique, les Elections Am\u00e9ricaines: Joe Biden, Donald Trump avec les Bookmakers en ligne Unibet, Bwin, Betclic, Winamax\",\"potentialAction\":[{\"@type\":\"SearchAction\",\"target\":{\"@type\":\"EntryPoint\",\"urlTemplate\":\"https:\/\/parier-presidentielle.com\/?s={search_term_string}\"},\"query-input\":\"required name=search_term_string\"}],\"inLanguage\":\"sv-SE\"}]}<\/script>\n<!-- \/ Yoast SEO Premium plugin. -->","yoast_head_json":{"title":"NetBet : Parier sur la politique et l'\u00e9lection Pr\u00e9sidentielle 2022 - Finale Coupe du Monde FIFA","description":"Parier avec Netbet 100\u20ac offert pour votre 1er Pari sur la Politique, le Sport! Guide du Bookmaker pour profiter du Bonus de bienvenue...","robots":{"index":"index","follow":"follow","max-snippet":"max-snippet:-1","max-image-preview":"max-image-preview:large","max-video-preview":"max-video-preview:-1"},"canonical":"https:\/\/parier-presidentielle.com\/sv\/netbet-paris-politik-val-2022\/","og_locale":"sv_SE","og_type":"article","og_title":"NetBet : Parier sur la politique et l'\u00e9lection Pr\u00e9sidentielle 2022","og_description":"Parier avec Netbet 100\u20ac offert pour votre 1er Pari sur la Politique, le Sport! Guide du Bookmaker pour profiter du Bonus de bienvenue...","og_url":"https:\/\/parier-presidentielle.com\/sv\/netbet-paris-politik-val-2022\/","og_site_name":"Parier Pr\u00e9sidentielle","article_modified_time":"2022-04-14T13:41:15+00:00","og_image":[{"url":"https:\/\/banners.livepartners.com\/view.php?z=151480"}],"twitter_card":"summary_large_image","twitter_misc":{"Est. reading time":"7 minuter"},"schema":{"@context":"https:\/\/schema.org","@graph":[{"@type":"WebPage","@id":"https:\/\/parier-presidentielle.com\/netbet-paris-politique-election-2022\/","url":"https:\/\/parier-presidentielle.com\/netbet-paris-politique-election-2022\/","name":"NetBet : Parier sur la politique et l'\u00e9lection Pr\u00e9sidentielle 2022 - Finale Coupe du Monde FIFA","isPartOf":{"@id":"https:\/\/parier-presidentielle.com\/#website"},"datePublished":"2021-09-14T14:48:34+00:00","dateModified":"2022-04-14T13:41:15+00:00","description":"Parier avec Netbet 100\u20ac offert pour votre 1er Pari sur la Politique, le Sport! Guide du Bookmaker pour profiter du Bonus de bienvenue...","breadcrumb":{"@id":"https:\/\/parier-presidentielle.com\/netbet-paris-politique-election-2022\/#breadcrumb"},"inLanguage":"sv-SE","potentialAction":[{"@type":"ReadAction","target":["https:\/\/parier-presidentielle.com\/netbet-paris-politique-election-2022\/"]}]},{"@type":"BreadcrumbList","@id":"https:\/\/parier-presidentielle.com\/netbet-paris-politique-election-2022\/#breadcrumb","itemListElement":[{"@type":"ListItem","position":1,"name":"Accueil","item":"https:\/\/parier-presidentielle.com\/"},{"@type":"ListItem","position":2,"name":"NetBet : Parier sur la politique et l&#8217;\u00e9lection Pr\u00e9sidentielle 2022"}]},{"@type":"WebSite","@id":"https:\/\/parier-presidentielle.com\/#website","url":"https:\/\/parier-presidentielle.com\/","name":"Parier Pr\u00e9sidentielle","description":"Paris, Pronostics, Wiki sur la Politique, les Elections Am\u00e9ricaines: Joe Biden, Donald Trump avec les Bookmakers en ligne Unibet, Bwin, Betclic, Winamax","potentialAction":[{"@type":"SearchAction","target":{"@type":"EntryPoint","urlTemplate":"https:\/\/parier-presidentielle.com\/?s={search_term_string}"},"query-input":"required name=search_term_string"}],"inLanguage":"sv-SE"}]}},"_links":{"self":[{"href":"https:\/\/parier-presidentielle.com\/sv\/wp-json\/wp\/v2\/pages\/255"}],"collection":[{"href":"https:\/\/parier-presidentielle.com\/sv\/wp-json\/wp\/v2\/pages"}],"about":[{"href":"https:\/\/parier-presidentielle.com\/sv\/wp-json\/wp\/v2\/types\/page"}],"author":[{"embeddable":true,"href":"https:\/\/parier-presidentielle.com\/sv\/wp-json\/wp\/v2\/users\/1"}],"replies":[{"embeddable":true,"href":"https:\/\/parier-presidentielle.com\/sv\/wp-json\/wp\/v2\/comments?post=255"}],"version-history":[{"count":26,"href":"https:\/\/parier-presidentielle.com\/sv\/wp-json\/wp\/v2\/pages\/255\/revisions"}],"predecessor-version":[{"id":1412,"href":"https:\/\/parier-presidentielle.com\/sv\/wp-json\/wp\/v2\/pages\/255\/revisions\/1412"}],"wp:attachment":[{"href":"https:\/\/parier-presidentielle.com\/sv\/wp-json\/wp\/v2\/media?parent=255"}],"curies":[{"name":"wp","href":"https:\/\/api.w.org\/{rel}","templated":true}]}}