{"id":281,"date":"2021-09-14T23:03:41","date_gmt":"2021-09-14T21:03:41","guid":{"rendered":"https:\/\/parier-presidentielle.com\/?page_id=281"},"modified":"2023-09-11T13:47:08","modified_gmt":"2023-09-11T11:47:08","slug":"anne-hidalgo-election-2022","status":"publish","type":"page","link":"https:\/\/parier-presidentielle.com\/sv\/anne-hidalgo-valet-2022\/","title":{"rendered":"Satsa p\u00e5 valet av Anne Hidalgo 2022"},"content":{"rendered":"<h2 class=\"wp-block-heading\" id=\"h-les-cotes-des-bookmakers\"><span id=\"les-cotes-des-bookmakers\">Odds f\u00f6r bookmaker: <\/span><\/h2>\n\n\n\n<h3 class=\"wp-block-heading\" id=\"h-william-hill-propose-une-cote-de-41\"><span id=\"william-hill-propose-une-cote-de-41\">William Hill ger betyget 41<\/span><\/h3>\n\n\n\n<figure class=\"wp-block-image size-large\"><img decoding=\"async\" loading=\"lazy\" width=\"1024\" height=\"42\" src=\"https:\/\/parier-presidentielle.com\/wp-content\/uploads\/2021\/09\/image-1-1024x42.png\" alt=\"Anne Hidalgo p\u00e5 William Hill\" class=\"wp-image-310\" srcset=\"https:\/\/parier-presidentielle.com\/wp-content\/uploads\/2021\/09\/image-1-1024x42.png 1024w, https:\/\/parier-presidentielle.com\/wp-content\/uploads\/2021\/09\/image-1-300x12.png 300w, https:\/\/parier-presidentielle.com\/wp-content\/uploads\/2021\/09\/image-1-768x32.png 768w, https:\/\/parier-presidentielle.com\/wp-content\/uploads\/2021\/09\/image-1.png 1072w\" sizes=\"(max-width: 1024px) 100vw, 1024px\" \/><\/figure>\n\n\n\n<h3 class=\"wp-block-heading\" id=\"h-betclic-propose-une-cote-de-22\"><span id=\"betclic-propose-une-cote-de-22\">Betclic erbjuder odds p\u00e5 22<\/span><\/h3>\n\n\n\n<figure class=\"wp-block-image size-full\"><img decoding=\"async\" loading=\"lazy\" width=\"991\" height=\"73\" src=\"https:\/\/parier-presidentielle.com\/wp-content\/uploads\/2021\/09\/image-2.png\" alt=\"\" class=\"wp-image-313\" srcset=\"https:\/\/parier-presidentielle.com\/wp-content\/uploads\/2021\/09\/image-2.png 991w, https:\/\/parier-presidentielle.com\/wp-content\/uploads\/2021\/09\/image-2-300x22.png 300w, https:\/\/parier-presidentielle.com\/wp-content\/uploads\/2021\/09\/image-2-768x57.png 768w\" sizes=\"(max-width: 991px) 100vw, 991px\" \/><\/figure>\n\n\n\n<h3 class=\"wp-block-heading\" id=\"h-unibet-propose-une-cote-de-21\"><span id=\"unibet-propose-une-cote-de-21\">Unibet erbjuder odds p\u00e5 21<\/span><\/h3>\n\n\n\n<figure class=\"wp-block-image size-full\"><img decoding=\"async\" loading=\"lazy\" width=\"1000\" height=\"64\" src=\"https:\/\/parier-presidentielle.com\/wp-content\/uploads\/2021\/09\/image-3.png\" alt=\"\" class=\"wp-image-314\" srcset=\"https:\/\/parier-presidentielle.com\/wp-content\/uploads\/2021\/09\/image-3.png 1000w, https:\/\/parier-presidentielle.com\/wp-content\/uploads\/2021\/09\/image-3-300x19.png 300w, https:\/\/parier-presidentielle.com\/wp-content\/uploads\/2021\/09\/image-3-768x49.png 768w\" sizes=\"(max-width: 1000px) 100vw, 1000px\" \/><\/figure>\n\n\n\n<p><\/p>\n\n\n\n<h2 class=\"wp-block-heading has-text-align-center\" id=\"h-analyse-amp-pronostics-pour-parier-sur-la-victoire-d-anne-hidalgo\"><span id=\"analyse-pronostics-pour-parier-sur-la-victoire-d8217anne-hidalgo\">Analyser och f\u00f6ruts\u00e4gelser f\u00f6r att satsa p\u00e5 Anne Hidalgos seger<\/span><\/h2>\n\n\n\n<p>Efter dess tillk\u00e4nnagivande kan vi se att Unibet och Betclic erbjuder ungef\u00e4r samma odds medan den engelska bookmakern William Hill oddsen \u00e4r 41, vilket \u00e4r dubbelt! S\u00e5 vi rekommenderar att du anv\u00e4nder denna bookmaker f\u00f6r att satsa p\u00e5 valet av Anne Hidalgo! <\/p>\n\n\n\n<p><\/p>\n\n\n\n<h3 class=\"wp-block-heading\" id=\"h-la-transformation-d-anne-hidalgo-en-candidate-a-la-presidentielle-en-2022-la-maire-de-paris-qui-ne-voulait-pas-se-presenter-l-election-a-changer-d-avis\"><span id=\"la-transformation-d8217anne-hidalgo-en-candidate-a-la-presidentielle-en-2022-la-maire-de-paris-qui-ne-voulait-pas-se-presenter-l8217election-a-changer-d8217avis8230\">F\u00f6rvandlingen av Anne Hidalgo till en presidentkandidat 2022: Borgm\u00e4staren i Paris som inte ville st\u00e4lla upp i valet har \u00e4ndrat sig...<\/span><\/h3>\n\n\n\n<p>&quot;Jag letar inte efter n\u00e5got annat \u00e4n att bli borgm\u00e4stare i Paris: jag kommer inte att st\u00e4lla upp i valet 2022,&quot;<\/p>\n\n\n\n<p>f\u00f6rklarade Anne Hidalgo i en intervju. Efter veckor av falsk sp\u00e4nning som bookmakers hade f\u00f6rutsp\u00e5tt det genom att ge henne sina odds och inkludera m\u00f6jligheten att satsa p\u00e5 sina chanser p\u00e5 Elys\u00e9e, tillk\u00e4nnagav hon s\u00f6ndagen den 12 september sin kandidatur f\u00f6r<a href=\"https:\/\/parier-presidentielle.com\/sv\/\"> presidentvalet 2022.<\/a> \u201dJag f\u00f6ruts\u00e5g mig inte alls i den h\u00e4r kampanjen, men jag s\u00e5g ocks\u00e5 m\u00e5nga kvinnor och m\u00e4n, f\u00f6rtroendevalda, representanter f\u00f6r f\u00f6reningar, franska kvinnor och m\u00e4n som kom f\u00f6r att s\u00e4ga till mig: &#039;Du kan inte undg\u00e5 detta ansvar som tillh\u00f6r dig. &#039;&quot;S\u00e5 varf\u00f6r denna f\u00f6r\u00e4ndring? Det var dessa omst\u00e4ndigheter som fick henne att f\u00f6r\u00e4ndras.\u201d . Utmaningen \u00e4r s\u00e5 stor att det inte finns n\u00e5gon annan plats\u201d, f\u00f6rklarade en PS-senator fr\u00e5n Paris. I allas \u00f6gon, den 28 juni 2020, under den andra omg\u00e5ngen av kommunalvalet i huvudstaden, markerade det tydliga omvalet av Anne Hidalgo hennes f\u00f6rsta personliga steg mot presidentvalet. &quot;Seger f\u00f6r att \u00e5terst\u00e4lla legitimitet, sj\u00e4lvf\u00f6rtroende och g\u00f6ra det om\u00f6jliga&quot;, f\u00f6rklarade Jean-Fran\u00e7ois Bebat, PS borgm\u00e4stare i Bourg-en-Bresse (AIN) och den st\u00e4ngda kandidaten.<\/p>\n\n\n\n<figure class=\"wp-block-image size-large wp-duotone-000097-ff4747-1\"><img decoding=\"async\" loading=\"lazy\" width=\"1024\" height=\"512\" src=\"https:\/\/parier-presidentielle.com\/wp-content\/uploads\/2021\/09\/Presidentielle-quelle-equipe-pour-accompagner-Anne-Hidalgo-1024x512.jpg\" alt=\"Anne Hidalgo p\u00e5 v\u00e4g till presidentvalet\" class=\"wp-image-291\" srcset=\"https:\/\/parier-presidentielle.com\/wp-content\/uploads\/2021\/09\/Presidentielle-quelle-equipe-pour-accompagner-Anne-Hidalgo-1024x512.jpg 1024w, https:\/\/parier-presidentielle.com\/wp-content\/uploads\/2021\/09\/Presidentielle-quelle-equipe-pour-accompagner-Anne-Hidalgo-300x150.jpg 300w, https:\/\/parier-presidentielle.com\/wp-content\/uploads\/2021\/09\/Presidentielle-quelle-equipe-pour-accompagner-Anne-Hidalgo-768x384.jpg 768w, https:\/\/parier-presidentielle.com\/wp-content\/uploads\/2021\/09\/Presidentielle-quelle-equipe-pour-accompagner-Anne-Hidalgo-1536x768.jpg 1536w, https:\/\/parier-presidentielle.com\/wp-content\/uploads\/2021\/09\/Presidentielle-quelle-equipe-pour-accompagner-Anne-Hidalgo.jpg 2000w\" sizes=\"(max-width: 1024px) 100vw, 1024px\" \/><\/figure>\n\n\n\n<h2 class=\"wp-block-heading\" id=\"h-cap-politique-sur-2022\"><span id=\"cap-politique-sur-2022\">Politisk kurs f\u00f6r 2022<\/span><\/h2>\n\n\n\n<p>Efter kommunalvalet \u00e4r Anne Hidalgos sinne fortfarande v\u00e4ldigt vag. Dessa politiska v\u00e4nner och hennes st\u00f6d fr\u00e5n civilsamh\u00e4llet och andra f\u00f6reningar fick henne att kandidera. Fr\u00e5n sommaren 2020 fick de honom att h\u00f6ra 2022-m\u00e5let flera g\u00e5nger: &#039;Om du \u00e4r r\u00e4tt person kan du inte s\u00e4ga att du stannar i Paris. Vi kan inte v\u00e4lja <a href=\"https:\/\/parier-presidentielle.com\/sv\/makron-val\/\">Macron<\/a> Eller <a href=\"https:\/\/parier-presidentielle.com\/sv\/marin-le-pen-val\/\">Pennan <\/a>som vi gjorde f\u00f6rra g\u00e5ngen.&quot; <\/p>\n\n\n\n<p>Borgm\u00e4staren i Paris \u00e4r \u00f6vertygad om att det \u00e4r n\u00f6dv\u00e4ndigt att ers\u00e4tta den ber\u00f6mda Le Pen-Macron-duon. &quot;Jag k\u00e4nde att hon lyssnade, men hon ville inte l\u00f6sa det h\u00e4r problemet p\u00e5 ett mycket specifikt s\u00e4tt,&quot; mindes en senatorv\u00e4n. Sommaren har passerat och l\u00e4s\u00e5rets start markerar att kommunalr\u00e5den \u00e5terv\u00e4nder till media. Vi k\u00e4nner det redan, tonen \u00e4r en annan. \u201dJag kan se att uppfattningen om mig har f\u00f6r\u00e4ndrats. Jag h\u00f6rde kommentatorernas r\u00f6ster, och jag s\u00e5g den entusiastiska reaktionen fr\u00e5n parisarna och fransm\u00e4nnen som jag tr\u00e4ffade i somras&quot; Besl\u00f6t att hon &quot;kommer att delta i den framtida striden&quot;. Tv\u00e5 m\u00e5nader senare upprepade hon detta l\u00f6fte i en intervju med Lib\u00e9ration. &quot;I dag, p\u00e5 politisk niv\u00e5: har vi lyckats bli av med v\u00e5ra \u00f6desdigra skillnader och har utvecklat en gemensam vision som samlar det st\u00f6rsta antalet? Jag vill ha det\u201d, sa Anne Hidalgo.<\/p>\n\n\n\n<h2 class=\"wp-block-heading\" id=\"h-la-bataille-pour-la-presidentielle\"><span id=\"la-bataille-pour-la-presidentielle\">Kampen om presidentvalet<\/span><\/h2>\n\n\n\n<p>Samtidigt fortsatte de n\u00e4ra honom att hoppas:<\/p>\n\n\n\n<blockquote class=\"wp-block-quote\">\n<p>&quot;Jag f\u00f6rs\u00e4krar henne att om hon kandiderar till presidentposten skulle jag st\u00f6dja henne,&quot; <\/p>\n<\/blockquote>\n\n\n\n<p>Annie Hidalgo \u00e4r dock en kvinna som har n\u00e5got annat i \u00e5tanke. Den tidigare assistenten till Bertrand Delano\u00eb, och nuvarande borgm\u00e4stare i Paris tv\u00e5 g\u00e5nger, vet att presidentkandidaten f\u00f6rbereder sig lugnt. &quot;Jag tror att hon \u00e4r redo att g\u00e5. ett program f\u00f6r att se om hon kan bli kvinna i den h\u00e4r situationen\u201d, f\u00f6rs\u00e4krade PS:s borgm\u00e4stare. Paris borgm\u00e4stare \u00e4r \u00f6vertygad om att &quot;v\u00e4nsterns f\u00f6rnyelse&quot; bara kommer att se &quot;politiker som vunnit val sedan 2017&quot;.<\/p>\n\n\n\n<h2 class=\"wp-block-heading\" id=\"h-la-naissance-d-une-ambition\"><span id=\"la-naissance-d8217une-ambition\">F\u00f6delsen av en ambition<\/span><\/h2>\n\n\n\n<p><br>Men om Anne Hidalgo l\u00e4gger mycket energi p\u00e5 Paris \u00e4r hennes n\u00e4tverk utanf\u00f6r huvudstaden v\u00e4ldigt svagt. D\u00e4rf\u00f6r m\u00e5ste allt fastst\u00e4llas. veckovis, Marc Dupond, med smeknamnet <strong>&quot;tr\u00e4naren f\u00f6r Frankrikes borgm\u00e4stare<\/strong> \u00bb, prospekt i hela Frankrike f\u00f6r henne!<\/p>\n\n\n\n<p><\/p>\n\n\n\n<p><\/p>\n\n\n\n<p>Nu med st\u00f6d av hans krets \u00e5terst\u00e5r bara PS-elefanternas v\u00e4lsignelse. Under sommarskolan p\u00e5 PS blev Anne Hidalgo, som alltid varit l\u00e5ngt ifr\u00e5n socialistisk (och splittande) logik, mycket v\u00e4l mottagen. Partiledaren Olivier Faure sa: &quot;Jag tror att hon forts\u00e4tter s\u00e5 h\u00e4r, och hon kommer att lyckas i presidentvalet. Om Anne Hidalgo inte g\u00f6r n\u00e5got officiellt uttalande kommer hon att forts\u00e4tta \u00e4ventyret f\u00f6r 2022  <\/p>\n\n\n\n<p>F\u00f6r alla t\u00e4vlande till Elys\u00e9e \u00e4r ett annat viktigt steg att skriva sin programbok.  <em>&quot;En fransk kvinna&quot;<\/em> publicerades den 15 september. &quot;S\u00e5 ja, hon baserade inte sin karri\u00e4r p\u00e5 presidentambitioner, men jag uppt\u00e4ckte att det finns en politisk ledare. Men: Annie Hidalgo f\u00e5r bara st\u00f6d av 7 till 9 % i opinionsm\u00e4tningarna ...<br>Att satsa p\u00e5 Hildago f\u00f6rblir d\u00e4rf\u00f6r en riskabel satsning!<\/p>\n\n\n\n<p><\/p>\n\n\n\n<p><\/p>\n\n\n\n<p class=\"has-text-align-center unibet\" style=\"font-size:25px\"><mark style=\"background-color:rgba(0, 0, 0, 0);color:#0d7a12\" class=\"has-inline-color\"><strong><a href=\"https:\/\/parier-presidentielle.com\/sv\/recommends\/unibet\/\">150\u20ac Bonus erbjuds med Unibet<br>F\u00f6r ditt f\u00f6rsta politiska eller sportspel: Klicka h\u00e4r<\/a><\/strong><\/mark><\/p>\n\n\n\n<p><\/p>\n\n\n<div class=\"wp-block-image\">\n<figure class=\"aligncenter is-resized wp-duotone-000097-ff4747-2\"><img decoding=\"async\" loading=\"lazy\" src=\"https:\/\/parier-presidentielle.com\/wp-content\/uploads\/2021\/09\/election-standard-scale-4_00x-gigapixel-1024x623.jpg\" alt=\"Val 2022\" style=\"width:256px;height:156px\" width=\"256\" height=\"156\"\/><\/figure><\/div>\n\n\n<p><br><\/p>\n\n\n\n<p><strong>Parier-presidential hj\u00e4lper dig att g\u00f6ra ditt val mellan de olika<a href=\"https:\/\/parier-presidentielle.com\/sv\/\"> Bookmakers Bwin, Unibet, Betclic kommer att satsa p\u00e5 den framtida amerikanska presidenten 2024<\/a> : <\/strong><br><a href=\"https:\/\/parier-presidentielle.com\/sv\/unibet-politik-val-2022\/\">Unibet Presidential Bookmaker<\/a> : Detaljerad och gratis guide f\u00f6r att g\u00f6ra ditt f\u00f6rsta onlinespel med alla odds och hur du drar nytta av den erbjudna bonusen!<\/p>\n\n\n\n<p>F\u00f6rutom andra Paris-webbplatser: <a href=\"https:\/\/parier-presidentielle.com\/sv\/unibet-politik-val-2022\/\">Bwin<\/a>, <a href=\"https:\/\/parier-presidentielle.com\/sv\/netbet-paris-politik-val-2022\/\">NetBet<\/a>, <a href=\"https:\/\/parier-presidentielle.com\/sv\/betclic-presidential-2022\/\">Betclic<\/a>, <a href=\"https:\/\/parier-presidentielle.com\/sv\/winamax-politik-val-2022\/\">Winamax<\/a>, Parions Sport, Zebet, Betway, France-Pari, Vbet, Cloudbet, 1Xbit, 1xbet, Betfair, Betwinner \u2026<\/p>\n\n\n\n<div class=\"wp-block-columns is-layout-flex wp-container-7 wp-block-columns-is-layout-flex\">\n<div class=\"wp-block-column is-layout-flow wp-block-column-is-layout-flow\" style=\"flex-basis:33.33%\">\n<p>Du har precis l\u00e4st v\u00e5r fil:<\/p>\n<\/div>\n\n\n\n<div class=\"wp-block-column is-layout-flow wp-block-column-is-layout-flow\" style=\"flex-basis:33.33%\">\n<div class=\"wp-block-group is-layout-flow wp-block-group-is-layout-flow\"><div class=\"wp-block-group__inner-container\"><h4 class=\"has-text-align-center wp-block-post-title\"><span id=\"parier-sur-lelection-danne-hidalgo-2022\"><a href=\"https:\/\/parier-presidentielle.com\/sv\/anne-hidalgo-valet-2022\/\" target=\"_self\" >Satsa p\u00e5 valet av Anne Hidalgo 2022<\/a><\/span><\/h4><\/div><\/div>\n<\/div>\n\n\n\n<div class=\"wp-block-column is-layout-flow wp-block-column-is-layout-flow\" style=\"flex-basis:33.33%\">\n<p class=\"has-text-align-right\">Forts\u00e4tt l\u00e4sa med v\u00e5ra andra exklusiva filer,<\/p>\n<\/div>\n<\/div>\n\n\n\n<h3 class=\"wp-block-heading\" id=\"tous-les-pronostics-sondage-et-cotes-pour-parier-sur-le-futur-vainqueur-de-l-election-presidentielle-2022\"><span id=\"tous-les-pronostics-sondage-et-cotes-pour-parier-sur-le-futur-vainqueur-de-l8217election-presidentielle-2024\">Alla f\u00f6ruts\u00e4gelser, unders\u00f6kningar och odds att satsa p\u00e5 den framtida vinnaren av presidentvalet 2024:<\/span><\/h3>\n\n\n\n<ul>\n<li><a href=\"https:\/\/parier-presidentielle.com\/sv\/makron-val\/\">Satsa p\u00e5 Emmanuel Macron med Unibet, Betclic, Bwin<\/a> : Favoriten i omr\u00f6stningar och f\u00f6ruts\u00e4gelser <\/li>\n\n\n\n<li><a href=\"https:\/\/parier-presidentielle.com\/sv\/marin-le-pen-val\/\">Marine Le Pen: Hennes odds och hur man satsar med bookmakers<\/a>: Utmanaren enligt Unibet<\/li>\n<\/ul>\n\n\n\n<p><\/p>\n\n\n\n<center><script type=\"text\/javascript\" charset=\"utf-8\" src=\"https:\/\/www.gambling-affiliation.com\/cpm\/v=AmIMTDSs92QY6b0MzDMvM5laCjJ-ZlA-1oQ-7tKsi.w_GA7331V2\"><\/script><\/center>\n\n\n\n<h3 class=\"wp-block-heading\"><span id=\"donald-trump-vs-joe-biden-la-video-qui-lance-les-paris-en-ligne-sur-l8217election-politique-de-2024\">Donald Trump vs Joe Biden: Videon som lanserar vadslagning online om det politiska valet 2024<\/span><\/h3>\n\n\n\n<figure class=\"wp-block-embed is-type-video is-provider-youtube wp-block-embed-youtube wp-embed-aspect-16-9 wp-has-aspect-ratio\"><div class=\"wp-block-embed__wrapper\">\n<iframe loading=\"lazy\" title=\"Tidigare president Donald Trump lanserar 2024 Vita husets bud #Short\" width=\"640\" height=\"360\" src=\"https:\/\/www.youtube.com\/embed\/hZykPRVe4Ag?feature=oembed\" frameborder=\"0\" allow=\"accelerometer; autoplay; clipboard-write; encrypted-media; gyroscope; picture-in-picture; web-share\" allowfullscreen><\/iframe>\n<\/div><\/figure>\n\n\n<div class=\"wp-block-image\">\n<figure class=\"aligncenter size-medium\"><a href=\"https:\/\/parier-presidentielle.com\/sv\/recommends\/unibet\/\" target=\"_blank\" rel=\"noopener\"><img decoding=\"async\" loading=\"lazy\" width=\"300\" height=\"169\" src=\"https:\/\/parier-presidentielle.com\/wp-content\/uploads\/2022\/04\/unibet-300x169.jpg\" alt=\"\" class=\"wp-image-1252\" srcset=\"https:\/\/parier-presidentielle.com\/wp-content\/uploads\/2022\/04\/unibet-300x169.jpg 300w, https:\/\/parier-presidentielle.com\/wp-content\/uploads\/2022\/04\/unibet-1024x576.jpg 1024w, https:\/\/parier-presidentielle.com\/wp-content\/uploads\/2022\/04\/unibet-768x432.jpg 768w, https:\/\/parier-presidentielle.com\/wp-content\/uploads\/2022\/04\/unibet-18x10.jpg 18w, https:\/\/parier-presidentielle.com\/wp-content\/uploads\/2022\/04\/unibet.jpg 1280w\" sizes=\"(max-width: 300px) 100vw, 300px\" \/><\/a><\/figure><\/div>\n\n\n<p>Hitta Wiki, de viktiga politiska nyheterna om cannabis och dess juridiska derivat: <strong>HHC, H4cbd, Thcp, Thcv, HSD, HHCPO, C4B<\/strong><\/p>\n<div id=\"toc_container\" class=\"no_bullets\"><p class=\"toc_title\">Inneh\u00e5ll<\/p><ul class=\"toc_list\"><li><ul><li><\/li><li><\/li><li><\/li><\/ul><\/li><li><ul><li><\/li><\/ul><\/li><li><\/li><li><\/li><li><ul><li><ul><li><\/li><\/ul><\/li><li><\/li><li><\/li><\/ul><\/li><\/ul><\/div>","protected":false},"excerpt":{"rendered":"<p>Les cotes des bookmakers : William Hill propose une cote de 41 Betclic propose une cote de 22 Unibet propose une cote de 21 Analyse &amp; Pronostics pour parier sur la victoire d&#8217;Anne Hidalgo Suite \u00e0 son annonce on peut voir qu&#8217;Unibet et Betclic propose sensiblement la m\u00eame cote alors que le bookmaker anglais William &#8230;<\/p>","protected":false},"author":1,"featured_media":0,"parent":0,"menu_order":0,"comment_status":"closed","ping_status":"closed","template":"page-nosidebar.php","meta":{"footnotes":""},"yoast_head":"<!-- This site is optimized with the Yoast SEO Premium plugin v21.0 (Yoast SEO v21.0) - https:\/\/yoast.com\/wordpress\/plugins\/seo\/ -->\n<title>Parier sur l\u2019\u00e9lection d\u2019Anne Hidalgo 2022 - Finale Coupe du Monde FIFA<\/title>\n<meta name=\"description\" content=\"Pariez sur Anne Hidalgo pour l&#039;Election 2022 : Cliquez Ici et Gagnez Gros! Pronostics ,Comparaison des Bookmakers et des meilleurs Cotes.\" \/>\n<meta name=\"robots\" content=\"index, follow, max-snippet:-1, max-image-preview:large, max-video-preview:-1\" \/>\n<link rel=\"canonical\" href=\"https:\/\/parier-presidentielle.com\/sv\/anne-hidalgo-valet-2022\/\" \/>\n<meta property=\"og:locale\" content=\"sv_SE\" \/>\n<meta property=\"og:type\" content=\"article\" \/>\n<meta property=\"og:title\" content=\"Parier sur l\u2019\u00e9lection d\u2019Anne Hidalgo 2022\" \/>\n<meta property=\"og:description\" content=\"Pariez sur Anne Hidalgo pour l&#039;Election 2022 : Cliquez Ici et Gagnez Gros! Pronostics ,Comparaison des Bookmakers et des meilleurs Cotes.\" \/>\n<meta property=\"og:url\" content=\"https:\/\/parier-presidentielle.com\/sv\/anne-hidalgo-valet-2022\/\" \/>\n<meta property=\"og:site_name\" content=\"Parier Pr\u00e9sidentielle\" \/>\n<meta property=\"article:modified_time\" content=\"2023-09-11T11:47:08+00:00\" \/>\n<meta property=\"og:image\" content=\"https:\/\/parier-presidentielle.com\/wp-content\/uploads\/2021\/09\/image-1-1024x42.png\" \/>\n<meta name=\"twitter:card\" content=\"summary_large_image\" \/>\n<meta name=\"twitter:label1\" content=\"Est. reading time\" \/>\n\t<meta name=\"twitter:data1\" content=\"5 minuter\" \/>\n<script type=\"application\/ld+json\" class=\"yoast-schema-graph\">{\"@context\":\"https:\/\/schema.org\",\"@graph\":[{\"@type\":\"WebPage\",\"@id\":\"https:\/\/parier-presidentielle.com\/anne-hidalgo-election-2022\/\",\"url\":\"https:\/\/parier-presidentielle.com\/anne-hidalgo-election-2022\/\",\"name\":\"Parier sur l\u2019\u00e9lection d\u2019Anne Hidalgo 2022 - Finale Coupe du Monde FIFA\",\"isPartOf\":{\"@id\":\"https:\/\/parier-presidentielle.com\/#website\"},\"datePublished\":\"2021-09-14T21:03:41+00:00\",\"dateModified\":\"2023-09-11T11:47:08+00:00\",\"description\":\"Pariez sur Anne Hidalgo pour l'Election 2022 : Cliquez Ici et Gagnez Gros! Pronostics ,Comparaison des Bookmakers et des meilleurs Cotes.\",\"breadcrumb\":{\"@id\":\"https:\/\/parier-presidentielle.com\/anne-hidalgo-election-2022\/#breadcrumb\"},\"inLanguage\":\"sv-SE\",\"potentialAction\":[{\"@type\":\"ReadAction\",\"target\":[\"https:\/\/parier-presidentielle.com\/anne-hidalgo-election-2022\/\"]}]},{\"@type\":\"BreadcrumbList\",\"@id\":\"https:\/\/parier-presidentielle.com\/anne-hidalgo-election-2022\/#breadcrumb\",\"itemListElement\":[{\"@type\":\"ListItem\",\"position\":1,\"name\":\"Accueil\",\"item\":\"https:\/\/parier-presidentielle.com\/\"},{\"@type\":\"ListItem\",\"position\":2,\"name\":\"Parier sur l\u2019\u00e9lection d\u2019Anne Hidalgo 2022\"}]},{\"@type\":\"WebSite\",\"@id\":\"https:\/\/parier-presidentielle.com\/#website\",\"url\":\"https:\/\/parier-presidentielle.com\/\",\"name\":\"Parier Pr\u00e9sidentielle\",\"description\":\"Paris, Pronostics, Wiki sur la Politique, les Elections Am\u00e9ricaines: Joe Biden, Donald Trump avec les Bookmakers en ligne Unibet, Bwin, Betclic, Winamax\",\"potentialAction\":[{\"@type\":\"SearchAction\",\"target\":{\"@type\":\"EntryPoint\",\"urlTemplate\":\"https:\/\/parier-presidentielle.com\/?s={search_term_string}\"},\"query-input\":\"required name=search_term_string\"}],\"inLanguage\":\"sv-SE\"}]}<\/script>\n<!-- \/ Yoast SEO Premium plugin. -->","yoast_head_json":{"title":"Parier sur l\u2019\u00e9lection d\u2019Anne Hidalgo 2022 - Finale Coupe du Monde FIFA","description":"Pariez sur Anne Hidalgo pour l'Election 2022 : Cliquez Ici et Gagnez Gros! Pronostics ,Comparaison des Bookmakers et des meilleurs Cotes.","robots":{"index":"index","follow":"follow","max-snippet":"max-snippet:-1","max-image-preview":"max-image-preview:large","max-video-preview":"max-video-preview:-1"},"canonical":"https:\/\/parier-presidentielle.com\/sv\/anne-hidalgo-valet-2022\/","og_locale":"sv_SE","og_type":"article","og_title":"Parier sur l\u2019\u00e9lection d\u2019Anne Hidalgo 2022","og_description":"Pariez sur Anne Hidalgo pour l'Election 2022 : Cliquez Ici et Gagnez Gros! Pronostics ,Comparaison des Bookmakers et des meilleurs Cotes.","og_url":"https:\/\/parier-presidentielle.com\/sv\/anne-hidalgo-valet-2022\/","og_site_name":"Parier Pr\u00e9sidentielle","article_modified_time":"2023-09-11T11:47:08+00:00","og_image":[{"url":"https:\/\/parier-presidentielle.com\/wp-content\/uploads\/2021\/09\/image-1-1024x42.png"}],"twitter_card":"summary_large_image","twitter_misc":{"Est. reading time":"5 minuter"},"schema":{"@context":"https:\/\/schema.org","@graph":[{"@type":"WebPage","@id":"https:\/\/parier-presidentielle.com\/anne-hidalgo-election-2022\/","url":"https:\/\/parier-presidentielle.com\/anne-hidalgo-election-2022\/","name":"Parier sur l\u2019\u00e9lection d\u2019Anne Hidalgo 2022 - Finale Coupe du Monde FIFA","isPartOf":{"@id":"https:\/\/parier-presidentielle.com\/#website"},"datePublished":"2021-09-14T21:03:41+00:00","dateModified":"2023-09-11T11:47:08+00:00","description":"Pariez sur Anne Hidalgo pour l'Election 2022 : Cliquez Ici et Gagnez Gros! Pronostics ,Comparaison des Bookmakers et des meilleurs Cotes.","breadcrumb":{"@id":"https:\/\/parier-presidentielle.com\/anne-hidalgo-election-2022\/#breadcrumb"},"inLanguage":"sv-SE","potentialAction":[{"@type":"ReadAction","target":["https:\/\/parier-presidentielle.com\/anne-hidalgo-election-2022\/"]}]},{"@type":"BreadcrumbList","@id":"https:\/\/parier-presidentielle.com\/anne-hidalgo-election-2022\/#breadcrumb","itemListElement":[{"@type":"ListItem","position":1,"name":"Accueil","item":"https:\/\/parier-presidentielle.com\/"},{"@type":"ListItem","position":2,"name":"Parier sur l\u2019\u00e9lection d\u2019Anne Hidalgo 2022"}]},{"@type":"WebSite","@id":"https:\/\/parier-presidentielle.com\/#website","url":"https:\/\/parier-presidentielle.com\/","name":"Parier Pr\u00e9sidentielle","description":"Paris, Pronostics, Wiki sur la Politique, les Elections Am\u00e9ricaines: Joe Biden, Donald Trump avec les Bookmakers en ligne Unibet, Bwin, Betclic, Winamax","potentialAction":[{"@type":"SearchAction","target":{"@type":"EntryPoint","urlTemplate":"https:\/\/parier-presidentielle.com\/?s={search_term_string}"},"query-input":"required name=search_term_string"}],"inLanguage":"sv-SE"}]}},"_links":{"self":[{"href":"https:\/\/parier-presidentielle.com\/sv\/wp-json\/wp\/v2\/pages\/281"}],"collection":[{"href":"https:\/\/parier-presidentielle.com\/sv\/wp-json\/wp\/v2\/pages"}],"about":[{"href":"https:\/\/parier-presidentielle.com\/sv\/wp-json\/wp\/v2\/types\/page"}],"author":[{"embeddable":true,"href":"https:\/\/parier-presidentielle.com\/sv\/wp-json\/wp\/v2\/users\/1"}],"replies":[{"embeddable":true,"href":"https:\/\/parier-presidentielle.com\/sv\/wp-json\/wp\/v2\/comments?post=281"}],"version-history":[{"count":21,"href":"https:\/\/parier-presidentielle.com\/sv\/wp-json\/wp\/v2\/pages\/281\/revisions"}],"predecessor-version":[{"id":2422,"href":"https:\/\/parier-presidentielle.com\/sv\/wp-json\/wp\/v2\/pages\/281\/revisions\/2422"}],"wp:attachment":[{"href":"https:\/\/parier-presidentielle.com\/sv\/wp-json\/wp\/v2\/media?parent=281"}],"curies":[{"name":"wp","href":"https:\/\/api.w.org\/{rel}","templated":true}]}}