{"id":30,"date":"2021-09-06T22:23:37","date_gmt":"2021-09-06T20:23:37","guid":{"rendered":"https:\/\/parier-presidentielle.com\/?page_id=30"},"modified":"2022-04-24T18:08:09","modified_gmt":"2022-04-24T16:08:09","slug":"macron-le-pen-bookmaker","status":"publish","type":"page","link":"https:\/\/parier-presidentielle.com\/sv\/macron-le-pen-bookmaker\/","title":{"rendered":"Macron \u2013 Le Pen: Bookmakers ger sina odds f\u00f6r andra omg\u00e5ngen av presidentvalet"},"content":{"rendered":"<div class=\"wp-block-columns is-layout-flex wp-container-4 wp-block-columns-is-layout-flex\">\n<div class=\"wp-block-column is-layout-flow wp-block-column-is-layout-flow\" style=\"flex-basis:100%\">\n<div class=\"wp-block-columns is-layout-flex wp-container-2 wp-block-columns-is-layout-flex\">\n<div class=\"wp-block-column is-layout-flow wp-block-column-is-layout-flow\" style=\"flex-basis:100%\">\n<center><script type=\"text\/javascript\" charset=\"utf-8\" src=\"https:\/\/www.gambling-affiliation.com\/cpm\/v=AmIMTDSs92QY6b0MzDMvM5laCjJ-ZlA-1oQ-7tKsi.w_GA7331V2\"><\/script><\/center>\n\n\n\n<p><\/p>\n\n\n\n<div class=\"wp-block-image is-style-default\"><figure class=\"aligncenter size-medium\"><a href=\"https:\/\/parier-presidentielle.com\/sv\/recommends\/unibet-logo\/\" target=\"_blank\" rel=\"no follow noopener\"><img decoding=\"async\" loading=\"lazy\" width=\"300\" height=\"169\" src=\"https:\/\/parier-presidentielle.com\/wp-content\/uploads\/2022\/04\/unibet-300x169.jpg\" alt=\"\" class=\"wp-image-1252\" srcset=\"https:\/\/parier-presidentielle.com\/wp-content\/uploads\/2022\/04\/unibet-300x169.jpg 300w, https:\/\/parier-presidentielle.com\/wp-content\/uploads\/2022\/04\/unibet-1024x576.jpg 1024w, https:\/\/parier-presidentielle.com\/wp-content\/uploads\/2022\/04\/unibet-768x432.jpg 768w, https:\/\/parier-presidentielle.com\/wp-content\/uploads\/2022\/04\/unibet-18x10.jpg 18w, https:\/\/parier-presidentielle.com\/wp-content\/uploads\/2022\/04\/unibet.jpg 1280w\" sizes=\"(max-width: 300px) 100vw, 300px\" \/><\/a><\/figure><\/div>\n<\/div>\n<\/div>\n<\/div>\n<\/div>\n\n\n\n<h2 class=\"wp-block-heading\"><span id=\"emmanuel-macron-gagnant-de-la-presidentielle-face-a-marine-le-pen\">Vinner Emmanuel Macron presidentvalet mot Marine Le Pen?<\/span><\/h2>\n\n\n\n<p>Bookmakers eller vadslagningssajter erbjuder nu onlinespel p\u00e5 vinnaren av presidentvalet 2022. <strong>I Frankrike \u00e4r det bara m\u00f6jligt att betta med Unibet p\u00e5 politik.<\/strong> Det betyder att du kan satsa p\u00e5 deras seger eller nederlag f\u00f6r en av de tv\u00e5 kandidaterna till sista stund innan valets utg\u00e5ng. <br>Med \u201dseger\u201d menar vi seger i f\u00f6rsta omg\u00e5ngen eller seger i b\u00e5da omg\u00e5ngarna (andra omg\u00e5ngen \u00e4ger rum tv\u00e5 veckor efter den f\u00f6rsta). Oddsen f\u00f6r\u00e4ndras \u00f6ver tid beroende p\u00e5 hur l\u00e5ngt bort vi \u00e4r fr\u00e5n valdagen, men ocks\u00e5 beroende p\u00e5 sannolikheten f\u00f6r seger enligt m\u00e4tningar.<\/p>\n\n\n\n<p>Den andra omg\u00e5ngen kommer att \u00e4ga rum den 24 april 2022. Emmanuel Macron och Marine Le Pen kom f\u00f6rst i den f\u00f6rsta omg\u00e5ngen.<br>Pollsters f\u00f6rutsp\u00e5dde en mycket n\u00e4ra andra omg\u00e5ng, med 55% f\u00f6r Macron och 45% f\u00f6r Le Pen. Gapet \u00e4r s\u00e5 pass n\u00e4ra att segern p\u00e5 ett eller annat s\u00e4tt ligger inom m\u00e4tningarnas felmarginal. S\u00e5 det \u00e4r i alla fall mycket n\u00e4rmare \u00e4n 2017, d\u00e5 Macron slog Le Pen med 66,1 % av r\u00f6sterna.<\/p>\n\n\n\n<h3 class=\"wp-block-heading\"><span id=\"les-cotes-d8217unibet-pour-le-second-tour\">Unibet odds f\u00f6r andra omg\u00e5ngen<\/span><\/h3>\n\n\n\n<figure class=\"wp-block-image size-large is-resized\"><img decoding=\"async\" loading=\"lazy\" src=\"https:\/\/parier-presidentielle.com\/wp-content\/uploads\/2022\/04\/unibet-cote-macron-le-pen-2022-1024x202.jpg\" alt=\"Unibet odds f\u00f6r andra omg\u00e5ngen\" class=\"wp-image-1473\" width=\"768\" height=\"152\" srcset=\"https:\/\/parier-presidentielle.com\/wp-content\/uploads\/2022\/04\/unibet-cote-macron-le-pen-2022-1024x202.jpg 1024w, https:\/\/parier-presidentielle.com\/wp-content\/uploads\/2022\/04\/unibet-cote-macron-le-pen-2022-300x59.jpg 300w, https:\/\/parier-presidentielle.com\/wp-content\/uploads\/2022\/04\/unibet-cote-macron-le-pen-2022-768x152.jpg 768w, https:\/\/parier-presidentielle.com\/wp-content\/uploads\/2022\/04\/unibet-cote-macron-le-pen-2022-1536x303.jpg 1536w, https:\/\/parier-presidentielle.com\/wp-content\/uploads\/2022\/04\/unibet-cote-macron-le-pen-2022-2048x404.jpg 2048w, https:\/\/parier-presidentielle.com\/wp-content\/uploads\/2022\/04\/unibet-cote-macron-le-pen-2022-18x4.jpg 18w\" sizes=\"(max-width: 768px) 100vw, 768px\" \/><\/figure>\n\n\n\n<p><\/p>\n\n\n\n<h3 class=\"wp-block-heading\" id=\"comment-realiser-son-1-pari-avec-bwin-c\"><span id=\"comment-realiser-son-1er-pari-avec-unibet\">Hur g\u00f6r du ditt f\u00f6rsta spel med Unibet?<\/span><\/h3>\n\n\n\n<p id=\"comment-realiser-son-1-pari-avec-bwin-c\">Precis som du kan satsa p\u00e5 segern f\u00f6r ditt favoritfotbollslag \u00e4r det m\u00f6jligt att satsa p\u00e5 vinnaren av loppet till Elys\u00e9e, det g\u00e5r snabbt och enkelt!<\/p>\n\n\n\n<ol><li>V\u00e4lj den kandidat du vill satsa p\u00e5:<br> i v\u00e5rt exempel \u00e4r det Marine le Pen!<br><\/li><li>Ange den insats du vill satsa,<br>100\u20ac i v\u00e5r simulering<br><\/li><li>Och nu \u00e4r det \u00f6ver!<br>I v\u00e5r sk\u00e4rmdump, oddsen \u00e4r 501 och insatsen p\u00e5 \u20ac10 vid seger vinner du \u20ac575!<\/li><\/ol>\n\n\n\n<p><\/p>\n\n\n\n<div class=\"wp-block-image\"><figure class=\"aligncenter size-full is-resized\"><img decoding=\"async\" loading=\"lazy\" src=\"https:\/\/parier-presidentielle.com\/wp-content\/uploads\/2022\/04\/unibet-parier-cote-macron-le-pen-2022.jpg\" alt=\"\" class=\"wp-image-1476\" width=\"464\" height=\"277\"\/><\/figure><\/div>\n\n\n\n<p class=\"has-text-align-center unibet\" style=\"font-size:25px\"><mark style=\"background-color:rgba(0, 0, 0, 0);color:#0d7a12\" class=\"has-inline-color\"><strong><a href=\"https:\/\/parier-presidentielle.com\/sv\/recommends\/unibet-text\/\">100\u20ac Bonus erbjuds med Unibet <br>F\u00f6r ditt f\u00f6rsta onlinespel: Klicka h\u00e4r<\/a><\/strong><\/mark><\/p>\n\n\n\n<h2 class=\"wp-block-heading\"><span id=\"emmanuel-macron-ou-marine-le-pen-avec-qui-parier-sur-la-presidentielle\">Emmanuel Macron eller Marine Le Pen med vem ska man satsa p\u00e5 presidentvalet?<\/span><\/h2>\n\n\n\n<p>I den h\u00e4r artikeln kommer vi att presentera reglerna f\u00f6r vadslagning p\u00e5 politik, sedan kommer vi att analysera de 2 kandidaterna och de olika m\u00f6jliga vaden p\u00e5 denna h\u00e4ndelse i den andra omg\u00e5ngen av presidentvalet 2022 i Frankrike. Att satsa p\u00e5 det franska presidentvalet 2022 kan vara v\u00e4ldigt sp\u00e4nnande, precis som alla andra sportevenemang. F\u00f6r detta \u00e4r det viktigt att k\u00e4nna till huvudpersonerna och deras respektive odds.<br><br>Avsikten att r\u00f6sta i den f\u00f6rsta omg\u00e5ngen av presidentvalet \u00e5terspeglades i en ny unders\u00f6kning 2022 som genomf\u00f6rdes av Elabe Institute p\u00e5 tisdagen. Under den ryska invasionen av Ukraina \u00f6kade Emmanuel Macrons gillande, med presidentkandidaten i stor majoritet. <br><\/p>\n\n\n\n<div class=\"wp-block-image wp-duotone-000097-ff4747-5\"><figure class=\"aligncenter size-full is-resized\"><img decoding=\"async\" loading=\"lazy\" src=\"https:\/\/parier-presidentielle.com\/wp-content\/uploads\/2022\/03\/macron-le-pen-bookmaker.jpg\" alt=\"\" class=\"wp-image-1024\" width=\"600\" height=\"338\" srcset=\"https:\/\/parier-presidentielle.com\/wp-content\/uploads\/2022\/03\/macron-le-pen-bookmaker.jpg 800w, https:\/\/parier-presidentielle.com\/wp-content\/uploads\/2022\/03\/macron-le-pen-bookmaker-300x169.jpg 300w, https:\/\/parier-presidentielle.com\/wp-content\/uploads\/2022\/03\/macron-le-pen-bookmaker-768x432.jpg 768w\" sizes=\"(max-width: 600px) 100vw, 600px\" \/><\/figure><\/div>\n\n\n\n<p>Enligt den nya opinionsunders\u00f6kningen Opinion 2022, gjord av Elabe Institute och sl\u00e4pptes p\u00e5 tisdagskv\u00e4llen, \u00f6kade antalet presidentkandidater som fr\u00e4mst fokuserade p\u00e5 kriget i Ukraina med 8,5 procentenheter j\u00e4mf\u00f6rt med f\u00f6rra veckan. Statschefens avsikt att r\u00f6sta i den f\u00f6rsta omr\u00f6stningen \u00e4r f\u00f6r n\u00e4rvarande 33,5%, j\u00e4mf\u00f6rt med 25% f\u00f6rra veckan.<\/p>\n\n\n\n<p class=\"has-text-align-center unibet\" style=\"font-size:25px\"><mark style=\"background-color:rgba(0, 0, 0, 0);color:#0d7a12\" class=\"has-inline-color\"><strong><a href=\"https:\/\/parier-presidentielle.com\/sv\/recommends\/unibet-text\/\">100\u20ac Bonus erbjuds med Unibet <br>F\u00f6r ditt f\u00f6rsta onlinespel: Klicka h\u00e4r<\/a><\/strong><\/mark><\/p>\n\n\n\n<h2 class=\"wp-block-heading\"><span id=\"l8217ecart-au-second-tour-se-creuse-en-cas-de-duel-macron-le-pen\">Klyftan i den andra omg\u00e5ngen \u00f6kar i h\u00e4ndelse av en Macron-Le Pen-duell<\/span><\/h2>\n\n\n\n<p><br>I den andra omg\u00e5ngen, om den andra omg\u00e5ngen \u00e4r Macron-Le Pen, kommer klyftan mellan de tv\u00e5 kandidaterna att \u00f6ka. 61% av de tillfr\u00e5gade r\u00f6stade p\u00e5 den nuvarande statschefen, en \u00f6kning med 3,5% j\u00e4mf\u00f6rt med f\u00f6rra veckan.<\/p>\n\n\n\n<p><br>Men under de senaste tre \u00e5ren, s\u00e4rskilt med Brexit och det amerikanska valet, har britterna och m\u00e5nga andra l\u00e4nder blivit fans av onlinespel p\u00e5 politik. S\u00e5, hela v\u00e4rlden satsar p\u00e5 resultatet av det franska presidentvalet. &quot;Vanligtvis i val hade vi bara ett f\u00e5tal personer som satsade p\u00e5 fransk politik, n\u00e5gra tusen euro. D\u00e4r \u00e4r det redan 350 000 euro insatta. Marion le Pen kommer att bli en katastrof f\u00f6r oss. <a href=\"https:\/\/parier-presidentielle.com\/sv\/makron-val\/\"><strong>Emmanuel Macron<\/strong><\/a>, vi kommer att tj\u00e4na mycket pengar\u201d, f\u00f6rklarade bookmakern William Hill. <\/p>\n\n\n\n<p>F\u00f6r tippare \u00e4r Marine Le Pen en underdog, hennes odds \u00e4r 4 till 1. Det betyder att om du satsar \u00a35 000 p\u00e5 hennes seger och hon vinner, vinner du \u00a320 000.<\/p>\n\n\n\n<h2 class=\"wp-block-heading\"><span id=\"les-societes-de-paris-sportifs-parient-sur-l8217election-presidentielle-francaise-le-premier-et-le-second-tour\"><strong>Sportspelbolag satsar p\u00e5 det franska presidentvalet i f\u00f6rsta och andra omg\u00e5ngen!<\/strong><\/span><\/h2>\n\n\n\n<p>Det franska presidentvalet sl\u00e4pper l\u00f6s passion p\u00e5 andra sidan sundet, d\u00e4r satsningarna \u00e4r \u00f6ppna... <br>Netbet ligger i ett exklusivt omr\u00e5de i London och \u00e4r ett av de ledande spelbolagen online som Betclic, Unibet, Winamax. Denna bookmaker etablerad i Storbritannien sedan 1934: erbjuder h\u00e4stkappl\u00f6pning, vinthundskappl\u00f6pning och stora sportevenemang p\u00e5 2 350 spelplatser i Storbritannien. <\/p>\n\n\n\n<p><br><\/p>\n\n\n\n<p><\/p>\n\n\n\n<h3 class=\"has-text-align-center wp-block-heading\"><span id=\"dossier-special-bookmaker-unibet-bwin-mondial-quatar\"><br>Specialrapport Bookmaker Unibet Bwin &amp; Mondial Quatar <\/span><\/h3>\n\n\n\n<p>G\u00f6r ditt f\u00f6rsta onlinespel p\u00e5 politik och alla sporter tack vare v\u00e5ra filer p\u00e5 de olika sajterna: Betclic, Winamax, Unibet, Betclic: <\/p>\n\n\n\n<p>Med hj\u00e4lp av bookmakers online som Bwin, Unibet och Betclic kan du f\u00e5 tillg\u00e5ng till en m\u00e4ngd olika spelmarknader f\u00f6r turneringen, vilket ger dig chansen att vinna stort. Sammanfattningsvis kan det franska laget vara ett av lagen att titta p\u00e5 under 2022 \u00e5rs v\u00e4rld. Kopp. Med hj\u00e4lp av online bookmakers som Bwin, Unibet och Betclic kan du samla information om Portugal och g\u00f6ra informerade satsningar p\u00e5 deras prestationer i denna turnering. S\u00e5 varf\u00f6r inte ta vara p\u00e5 m\u00f6jligheten att potentiellt dra nytta av Frankrikes framg\u00e5ngar 2022?<\/p>\n\n\n\n<p><\/p>\n\n\n\n<p class=\"has-text-align-center unibet\" style=\"font-size:25px\"><mark style=\"background-color:rgba(0, 0, 0, 0);color:#0d7a12\" class=\"has-inline-color\"><strong><a href=\"https:\/\/parier-presidentielle.com\/sv\/recommends\/unibet\/\">150\u20ac Bonus erbjuds med Unibet<br>F\u00f6r ditt f\u00f6rsta politiska eller sportspel: Klicka h\u00e4r<\/a><\/strong><\/mark><\/p>\n\n\n\n<p><\/p>\n\n\n<div class=\"wp-block-image\">\n<figure class=\"aligncenter is-resized wp-duotone-000097-ff4747-6\"><img decoding=\"async\" loading=\"lazy\" src=\"https:\/\/parier-presidentielle.com\/wp-content\/uploads\/2021\/09\/election-standard-scale-4_00x-gigapixel-1024x623.jpg\" alt=\"Val 2022\" style=\"width:256px;height:156px\" width=\"256\" height=\"156\"\/><\/figure><\/div>\n\n\n<p><br><\/p>\n\n\n\n<p><strong>Parier-presidential hj\u00e4lper dig att g\u00f6ra ditt val mellan de olika<a href=\"https:\/\/parier-presidentielle.com\/sv\/\"> Bookmakers Bwin, Unibet, Betclic kommer att satsa p\u00e5 den framtida amerikanska presidenten 2024<\/a> : <\/strong><br><a href=\"https:\/\/parier-presidentielle.com\/sv\/unibet-politik-val-2022\/\">Unibet Presidential Bookmaker<\/a> : Detaljerad och gratis guide f\u00f6r att g\u00f6ra ditt f\u00f6rsta onlinespel med alla odds och hur du drar nytta av den erbjudna bonusen!<\/p>\n\n\n\n<p>F\u00f6rutom andra Paris-webbplatser: <a href=\"https:\/\/parier-presidentielle.com\/sv\/unibet-politik-val-2022\/\">Bwin<\/a>, <a href=\"https:\/\/parier-presidentielle.com\/sv\/netbet-paris-politik-val-2022\/\">NetBet<\/a>, <a href=\"https:\/\/parier-presidentielle.com\/sv\/betclic-presidential-2022\/\">Betclic<\/a>, <a href=\"https:\/\/parier-presidentielle.com\/sv\/winamax-politik-val-2022\/\">Winamax<\/a>, Parions Sport, Zebet, Betway, France-Pari, Vbet, Cloudbet, 1Xbit, 1xbet, Betfair, Betwinner \u2026<\/p>\n\n\n\n<div class=\"wp-block-columns is-layout-flex wp-container-11 wp-block-columns-is-layout-flex\">\n<div class=\"wp-block-column is-layout-flow wp-block-column-is-layout-flow\" style=\"flex-basis:33.33%\">\n<p>Du har precis l\u00e4st v\u00e5r fil:<\/p>\n<\/div>\n\n\n\n<div class=\"wp-block-column is-layout-flow wp-block-column-is-layout-flow\" style=\"flex-basis:33.33%\">\n<div class=\"wp-block-group is-layout-flow wp-block-group-is-layout-flow\"><div class=\"wp-block-group__inner-container\"><h4 class=\"has-text-align-center wp-block-post-title\"><span id=\"macron-8211-le-pen-les-bookmakers-donnent-leur-cotes-pour-le-second-tour-de-l8217election-presidentielle\"><a href=\"https:\/\/parier-presidentielle.com\/sv\/macron-le-pen-bookmaker\/\" target=\"_self\" >Macron \u2013 Le Pen: Bookmakers ger sina odds f\u00f6r andra omg\u00e5ngen av presidentvalet<\/a><\/span><\/h4><\/div><\/div>\n<\/div>\n\n\n\n<div class=\"wp-block-column is-layout-flow wp-block-column-is-layout-flow\" style=\"flex-basis:33.33%\">\n<p class=\"has-text-align-right\">Forts\u00e4tt l\u00e4sa med v\u00e5ra andra exklusiva filer,<\/p>\n<\/div>\n<\/div>\n\n\n\n<h3 class=\"wp-block-heading\" id=\"tous-les-pronostics-sondage-et-cotes-pour-parier-sur-le-futur-vainqueur-de-l-election-presidentielle-2022\"><span id=\"tous-les-pronostics-sondage-et-cotes-pour-parier-sur-le-futur-vainqueur-de-l8217election-presidentielle-2024\">Alla f\u00f6ruts\u00e4gelser, unders\u00f6kningar och odds att satsa p\u00e5 den framtida vinnaren av presidentvalet 2024:<\/span><\/h3>\n\n\n\n<ul>\n<li><a href=\"https:\/\/parier-presidentielle.com\/sv\/makron-val\/\">Satsa p\u00e5 Emmanuel Macron med Unibet, Betclic, Bwin<\/a> : Favoriten i omr\u00f6stningar och f\u00f6ruts\u00e4gelser <\/li>\n\n\n\n<li><a href=\"https:\/\/parier-presidentielle.com\/sv\/marin-le-pen-val\/\">Marine Le Pen: Hennes odds och hur man satsar med bookmakers<\/a>: Utmanaren enligt Unibet<\/li>\n<\/ul>\n\n\n\n<p><\/p>\n\n\n\n<center><script type=\"text\/javascript\" charset=\"utf-8\" src=\"https:\/\/www.gambling-affiliation.com\/cpm\/v=AmIMTDSs92QY6b0MzDMvM5laCjJ-ZlA-1oQ-7tKsi.w_GA7331V2\"><\/script><\/center>\n\n\n\n<h3 class=\"wp-block-heading\"><span id=\"donald-trump-vs-joe-biden-la-video-qui-lance-les-paris-en-ligne-sur-l8217election-politique-de-2024\">Donald Trump vs Joe Biden: Videon som lanserar vadslagning online om det politiska valet 2024<\/span><\/h3>\n\n\n\n<figure class=\"wp-block-embed is-type-video is-provider-youtube wp-block-embed-youtube wp-embed-aspect-16-9 wp-has-aspect-ratio\"><div class=\"wp-block-embed__wrapper\">\n<iframe loading=\"lazy\" title=\"Tidigare president Donald Trump lanserar 2024 Vita husets bud #Short\" width=\"640\" height=\"360\" src=\"https:\/\/www.youtube.com\/embed\/hZykPRVe4Ag?feature=oembed\" frameborder=\"0\" allow=\"accelerometer; autoplay; clipboard-write; encrypted-media; gyroscope; picture-in-picture; web-share\" allowfullscreen><\/iframe>\n<\/div><\/figure>\n\n\n<div class=\"wp-block-image\">\n<figure class=\"aligncenter size-medium\"><a href=\"https:\/\/parier-presidentielle.com\/sv\/recommends\/unibet\/\" target=\"_blank\" rel=\"noopener\"><img decoding=\"async\" loading=\"lazy\" width=\"300\" height=\"169\" src=\"https:\/\/parier-presidentielle.com\/wp-content\/uploads\/2022\/04\/unibet-300x169.jpg\" alt=\"\" class=\"wp-image-1252\" srcset=\"https:\/\/parier-presidentielle.com\/wp-content\/uploads\/2022\/04\/unibet-300x169.jpg 300w, https:\/\/parier-presidentielle.com\/wp-content\/uploads\/2022\/04\/unibet-1024x576.jpg 1024w, https:\/\/parier-presidentielle.com\/wp-content\/uploads\/2022\/04\/unibet-768x432.jpg 768w, https:\/\/parier-presidentielle.com\/wp-content\/uploads\/2022\/04\/unibet-18x10.jpg 18w, https:\/\/parier-presidentielle.com\/wp-content\/uploads\/2022\/04\/unibet.jpg 1280w\" sizes=\"(max-width: 300px) 100vw, 300px\" \/><\/a><\/figure><\/div>\n\n\n<p>Hitta Wiki, de viktiga politiska nyheterna om cannabis och dess juridiska derivat: <strong>HHC, H4cbd, Thcp, Thcv, HSD, HHCPO, C4B<\/strong><\/p>\n<div id=\"toc_container\" class=\"no_bullets\"><p class=\"toc_title\">Inneh\u00e5ll<\/p><ul class=\"toc_list\"><li><ul><li><\/li><li><\/li><\/ul><\/li><li><\/li><li><\/li><li><ul><li><ul><li><\/li><\/ul><\/li><li><\/li><li><\/li><\/ul><\/li><\/ul><\/div>","protected":false},"excerpt":{"rendered":"<p>Emmanuel Macron gagnant de la pr\u00e9sidentielle face \u00e0 Marine Le Pen? Les bookmakers ou sites de paris proposent d\u00e9sormais de parier en ligne se le vainqueur de l&#8217;\u00e9lection pr\u00e9sidentielle de 2022. En France il est possible de parier seulement avec Unibet sur la politique. Cela signifie que vous pouvez parier sur leur victoire ou leur &#8230;<\/p>","protected":false},"author":1,"featured_media":0,"parent":0,"menu_order":0,"comment_status":"closed","ping_status":"closed","template":"page-nosidebar.php","meta":{"footnotes":""},"yoast_head":"<!-- This site is optimized with the Yoast SEO Premium plugin v21.0 (Yoast SEO v21.0) - https:\/\/yoast.com\/wordpress\/plugins\/seo\/ -->\n<title>Macron - Le Pen : les Bookmakers donnent leur Cotes pour le Second tour de l&#039;\u00e9lection pr\u00e9sidentielle - Finale Coupe du Monde FIFA<\/title>\n<meta name=\"description\" content=\"Les cotes des bookmakers pour parier sur le second tour Macron - Le Pen\" \/>\n<meta name=\"robots\" content=\"index, follow, max-snippet:-1, max-image-preview:large, max-video-preview:-1\" \/>\n<link rel=\"canonical\" href=\"https:\/\/parier-presidentielle.com\/sv\/macron-le-pen-bookmaker\/\" \/>\n<meta property=\"og:locale\" content=\"sv_SE\" \/>\n<meta property=\"og:type\" content=\"article\" \/>\n<meta property=\"og:title\" content=\"Macron - Le Pen : les Bookmakers donnent leur Cotes pour le Second tour de l&#039;\u00e9lection pr\u00e9sidentielle\" \/>\n<meta property=\"og:description\" content=\"Les cotes des bookmakers pour parier sur le second tour Macron - Le Pen\" \/>\n<meta property=\"og:url\" content=\"https:\/\/parier-presidentielle.com\/sv\/macron-le-pen-bookmaker\/\" \/>\n<meta property=\"og:site_name\" content=\"Parier Pr\u00e9sidentielle\" \/>\n<meta property=\"article:modified_time\" content=\"2022-04-24T16:08:09+00:00\" \/>\n<meta property=\"og:image\" content=\"https:\/\/parier-presidentielle.com\/wp-content\/uploads\/2022\/04\/unibet-cote-macron-le-pen-2022-1024x202.jpg\" \/>\n<meta name=\"twitter:card\" content=\"summary_large_image\" \/>\n<meta name=\"twitter:label1\" content=\"Est. reading time\" \/>\n\t<meta name=\"twitter:data1\" content=\"5 minuter\" \/>\n<script type=\"application\/ld+json\" class=\"yoast-schema-graph\">{\"@context\":\"https:\/\/schema.org\",\"@graph\":[{\"@type\":\"WebPage\",\"@id\":\"https:\/\/parier-presidentielle.com\/macron-le-pen-bookmaker\/\",\"url\":\"https:\/\/parier-presidentielle.com\/macron-le-pen-bookmaker\/\",\"name\":\"Macron - Le Pen : les Bookmakers donnent leur Cotes pour le Second tour de l'\u00e9lection pr\u00e9sidentielle - Finale Coupe du Monde FIFA\",\"isPartOf\":{\"@id\":\"https:\/\/parier-presidentielle.com\/#website\"},\"datePublished\":\"2021-09-06T20:23:37+00:00\",\"dateModified\":\"2022-04-24T16:08:09+00:00\",\"description\":\"Les cotes des bookmakers pour parier sur le second tour Macron - Le Pen\",\"breadcrumb\":{\"@id\":\"https:\/\/parier-presidentielle.com\/macron-le-pen-bookmaker\/#breadcrumb\"},\"inLanguage\":\"sv-SE\",\"potentialAction\":[{\"@type\":\"ReadAction\",\"target\":[\"https:\/\/parier-presidentielle.com\/macron-le-pen-bookmaker\/\"]}]},{\"@type\":\"BreadcrumbList\",\"@id\":\"https:\/\/parier-presidentielle.com\/macron-le-pen-bookmaker\/#breadcrumb\",\"itemListElement\":[{\"@type\":\"ListItem\",\"position\":1,\"name\":\"Accueil\",\"item\":\"https:\/\/parier-presidentielle.com\/\"},{\"@type\":\"ListItem\",\"position\":2,\"name\":\"Macron &#8211; Le Pen : les Bookmakers donnent leur Cotes pour le Second tour de l&#8217;\u00e9lection pr\u00e9sidentielle\"}]},{\"@type\":\"WebSite\",\"@id\":\"https:\/\/parier-presidentielle.com\/#website\",\"url\":\"https:\/\/parier-presidentielle.com\/\",\"name\":\"Parier Pr\u00e9sidentielle\",\"description\":\"Paris, Pronostics, Wiki sur la Politique, les Elections Am\u00e9ricaines: Joe Biden, Donald Trump avec les Bookmakers en ligne Unibet, Bwin, Betclic, Winamax\",\"potentialAction\":[{\"@type\":\"SearchAction\",\"target\":{\"@type\":\"EntryPoint\",\"urlTemplate\":\"https:\/\/parier-presidentielle.com\/?s={search_term_string}\"},\"query-input\":\"required name=search_term_string\"}],\"inLanguage\":\"sv-SE\"}]}<\/script>\n<!-- \/ Yoast SEO Premium plugin. -->","yoast_head_json":{"title":"Macron - Le Pen : les Bookmakers donnent leur Cotes pour le Second tour de l'\u00e9lection pr\u00e9sidentielle - Finale Coupe du Monde FIFA","description":"Les cotes des bookmakers pour parier sur le second tour Macron - Le Pen","robots":{"index":"index","follow":"follow","max-snippet":"max-snippet:-1","max-image-preview":"max-image-preview:large","max-video-preview":"max-video-preview:-1"},"canonical":"https:\/\/parier-presidentielle.com\/sv\/macron-le-pen-bookmaker\/","og_locale":"sv_SE","og_type":"article","og_title":"Macron - Le Pen : les Bookmakers donnent leur Cotes pour le Second tour de l'\u00e9lection pr\u00e9sidentielle","og_description":"Les cotes des bookmakers pour parier sur le second tour Macron - Le Pen","og_url":"https:\/\/parier-presidentielle.com\/sv\/macron-le-pen-bookmaker\/","og_site_name":"Parier Pr\u00e9sidentielle","article_modified_time":"2022-04-24T16:08:09+00:00","og_image":[{"url":"https:\/\/parier-presidentielle.com\/wp-content\/uploads\/2022\/04\/unibet-cote-macron-le-pen-2022-1024x202.jpg"}],"twitter_card":"summary_large_image","twitter_misc":{"Est. reading time":"5 minuter"},"schema":{"@context":"https:\/\/schema.org","@graph":[{"@type":"WebPage","@id":"https:\/\/parier-presidentielle.com\/macron-le-pen-bookmaker\/","url":"https:\/\/parier-presidentielle.com\/macron-le-pen-bookmaker\/","name":"Macron - Le Pen : les Bookmakers donnent leur Cotes pour le Second tour de l'\u00e9lection pr\u00e9sidentielle - Finale Coupe du Monde FIFA","isPartOf":{"@id":"https:\/\/parier-presidentielle.com\/#website"},"datePublished":"2021-09-06T20:23:37+00:00","dateModified":"2022-04-24T16:08:09+00:00","description":"Les cotes des bookmakers pour parier sur le second tour Macron - Le Pen","breadcrumb":{"@id":"https:\/\/parier-presidentielle.com\/macron-le-pen-bookmaker\/#breadcrumb"},"inLanguage":"sv-SE","potentialAction":[{"@type":"ReadAction","target":["https:\/\/parier-presidentielle.com\/macron-le-pen-bookmaker\/"]}]},{"@type":"BreadcrumbList","@id":"https:\/\/parier-presidentielle.com\/macron-le-pen-bookmaker\/#breadcrumb","itemListElement":[{"@type":"ListItem","position":1,"name":"Accueil","item":"https:\/\/parier-presidentielle.com\/"},{"@type":"ListItem","position":2,"name":"Macron &#8211; Le Pen : les Bookmakers donnent leur Cotes pour le Second tour de l&#8217;\u00e9lection pr\u00e9sidentielle"}]},{"@type":"WebSite","@id":"https:\/\/parier-presidentielle.com\/#website","url":"https:\/\/parier-presidentielle.com\/","name":"Parier Pr\u00e9sidentielle","description":"Paris, Pronostics, Wiki sur la Politique, les Elections Am\u00e9ricaines: Joe Biden, Donald Trump avec les Bookmakers en ligne Unibet, Bwin, Betclic, Winamax","potentialAction":[{"@type":"SearchAction","target":{"@type":"EntryPoint","urlTemplate":"https:\/\/parier-presidentielle.com\/?s={search_term_string}"},"query-input":"required name=search_term_string"}],"inLanguage":"sv-SE"}]}},"_links":{"self":[{"href":"https:\/\/parier-presidentielle.com\/sv\/wp-json\/wp\/v2\/pages\/30"}],"collection":[{"href":"https:\/\/parier-presidentielle.com\/sv\/wp-json\/wp\/v2\/pages"}],"about":[{"href":"https:\/\/parier-presidentielle.com\/sv\/wp-json\/wp\/v2\/types\/page"}],"author":[{"embeddable":true,"href":"https:\/\/parier-presidentielle.com\/sv\/wp-json\/wp\/v2\/users\/1"}],"replies":[{"embeddable":true,"href":"https:\/\/parier-presidentielle.com\/sv\/wp-json\/wp\/v2\/comments?post=30"}],"version-history":[{"count":16,"href":"https:\/\/parier-presidentielle.com\/sv\/wp-json\/wp\/v2\/pages\/30\/revisions"}],"predecessor-version":[{"id":1649,"href":"https:\/\/parier-presidentielle.com\/sv\/wp-json\/wp\/v2\/pages\/30\/revisions\/1649"}],"wp:attachment":[{"href":"https:\/\/parier-presidentielle.com\/sv\/wp-json\/wp\/v2\/media?parent=30"}],"curies":[{"name":"wp","href":"https:\/\/api.w.org\/{rel}","templated":true}]}}