{"id":31,"date":"2021-09-06T22:20:59","date_gmt":"2021-09-06T20:20:59","guid":{"rendered":"https:\/\/parier-presidentielle.com\/?page_id=31"},"modified":"2022-04-26T15:43:52","modified_gmt":"2022-04-26T13:43:52","slug":"macron-election","status":"publish","type":"page","link":"https:\/\/parier-presidentielle.com\/sv\/makron-val\/","title":{"rendered":"Satsa p\u00e5 valet av Emmanuel Macron"},"content":{"rendered":"<div class=\"wp-block-columns is-layout-flex wp-container-4 wp-block-columns-is-layout-flex\">\n<div class=\"wp-block-column is-layout-flow wp-block-column-is-layout-flow\" style=\"flex-basis:100%\">\n<div class=\"wp-block-columns is-layout-flex wp-container-2 wp-block-columns-is-layout-flex\">\n<div class=\"wp-block-column is-layout-flow wp-block-column-is-layout-flow\" style=\"flex-basis:100%\">\n<center><script type=\"text\/javascript\" charset=\"utf-8\" src=\"https:\/\/www.gambling-affiliation.com\/cpm\/v=AmIMTDSs92QY6b0MzDMvM5laCjJ-ZlA-1oQ-7tKsi.w_GA7331V2\"><\/script><\/center>\n\n\n\n<p><\/p>\n\n\n\n<div class=\"wp-block-image is-style-default\"><figure class=\"aligncenter size-medium\"><a href=\"https:\/\/parier-presidentielle.com\/sv\/recommends\/unibet-logo\/\" target=\"_blank\" rel=\"no follow noopener\"><img decoding=\"async\" loading=\"lazy\" width=\"300\" height=\"169\" src=\"https:\/\/parier-presidentielle.com\/wp-content\/uploads\/2022\/04\/unibet-300x169.jpg\" alt=\"\" class=\"wp-image-1252\" srcset=\"https:\/\/parier-presidentielle.com\/wp-content\/uploads\/2022\/04\/unibet-300x169.jpg 300w, https:\/\/parier-presidentielle.com\/wp-content\/uploads\/2022\/04\/unibet-1024x576.jpg 1024w, https:\/\/parier-presidentielle.com\/wp-content\/uploads\/2022\/04\/unibet-768x432.jpg 768w, https:\/\/parier-presidentielle.com\/wp-content\/uploads\/2022\/04\/unibet-18x10.jpg 18w, https:\/\/parier-presidentielle.com\/wp-content\/uploads\/2022\/04\/unibet.jpg 1280w\" sizes=\"(max-width: 300px) 100vw, 300px\" \/><\/a><\/figure><\/div>\n<\/div>\n<\/div>\n<\/div>\n<\/div>\n\n\n\n<h2 class=\"wp-block-heading\"><span id=\"cote-et-pronostics-pour-le-candidat-emmanuel-macron-paris-en-ligne-sur-la-politique-et-le-futur-president-de-la-france-de-2022\">Odds och f\u00f6ruts\u00e4gelser f\u00f6r kandidaten Emmanuel Macron:<br>Onlinespel p\u00e5 politik och Frankrikes framtida president 2022<br><\/span><\/h2>\n\n\n\n<div class=\"wp-block-image wp-duotone-000097-ff4747-5\"><figure class=\"aligncenter size-full is-resized\"><img decoding=\"async\" loading=\"lazy\" src=\"https:\/\/parier-presidentielle.com\/wp-content\/uploads\/2021\/09\/6TNLTJIHZ5EAXMULO2IZVXGGGA.jpg\" alt=\"Kandidat Emmanuel Macron\" class=\"wp-image-388\" width=\"456\" height=\"284\" srcset=\"https:\/\/parier-presidentielle.com\/wp-content\/uploads\/2021\/09\/6TNLTJIHZ5EAXMULO2IZVXGGGA.jpg 932w, https:\/\/parier-presidentielle.com\/wp-content\/uploads\/2021\/09\/6TNLTJIHZ5EAXMULO2IZVXGGGA-300x187.jpg 300w, https:\/\/parier-presidentielle.com\/wp-content\/uploads\/2021\/09\/6TNLTJIHZ5EAXMULO2IZVXGGGA-768x480.jpg 768w\" sizes=\"(max-width: 456px) 100vw, 456px\" \/><\/figure><\/div>\n\n\n\n<h3 class=\"wp-block-heading\" id=\"comment-realiser-son-1-pari-avec-bwin-c\"><span id=\"comment-realiser-son-1er-pari-sur-macron-avec-unibet\">Hur g\u00f6r du ditt f\u00f6rsta spel p\u00e5 Macron med Unibet?<\/span><\/h3>\n\n\n\n<p id=\"comment-realiser-son-1-pari-avec-bwin-c\">Precis som du kan satsa p\u00e5 segern f\u00f6r ditt favoritfotbollslag \u00e4r det m\u00f6jligt att satsa p\u00e5 vinnaren av loppet till Elys\u00e9e, det g\u00e5r snabbt och enkelt!<\/p>\n\n\n\n<ol><li>V\u00e4lj den kandidat du vill satsa p\u00e5:<br> i v\u00e5rt exempel \u00e4r det Emmanuel Macron!<br><\/li><li>Ange vilken insats du vill satsa:<br>100\u20ac i v\u00e5r simulering<br><\/li><li>Och nu \u00e4r det \u00f6ver!<br>I v\u00e5r sk\u00e4rmdump, oddsen \u00e4r 1,14 och insatsen p\u00e5 \u20ac100 vid seger vinner du \u20ac114!<\/li><\/ol>\n\n\n\n<p><\/p>\n\n\n\n<div class=\"wp-block-image\"><figure class=\"aligncenter size-large is-resized\"><img decoding=\"async\" loading=\"lazy\" src=\"https:\/\/parier-presidentielle.com\/wp-content\/uploads\/2022\/04\/unibet-parier-cote-macron-2022-1024x606.jpg\" alt=\"\" class=\"wp-image-1521\" width=\"768\" height=\"455\" srcset=\"https:\/\/parier-presidentielle.com\/wp-content\/uploads\/2022\/04\/unibet-parier-cote-macron-2022-1024x606.jpg 1024w, https:\/\/parier-presidentielle.com\/wp-content\/uploads\/2022\/04\/unibet-parier-cote-macron-2022-300x178.jpg 300w, https:\/\/parier-presidentielle.com\/wp-content\/uploads\/2022\/04\/unibet-parier-cote-macron-2022-768x455.jpg 768w, https:\/\/parier-presidentielle.com\/wp-content\/uploads\/2022\/04\/unibet-parier-cote-macron-2022-18x12.jpg 18w, https:\/\/parier-presidentielle.com\/wp-content\/uploads\/2022\/04\/unibet-parier-cote-macron-2022.jpg 1247w\" sizes=\"(max-width: 768px) 100vw, 768px\" \/><\/figure><\/div>\n\n\n\n<p class=\"has-text-align-center unibet\" style=\"font-size:25px\"><mark style=\"background-color:rgba(0, 0, 0, 0);color:#0d7a12\" class=\"has-inline-color\"><strong><a href=\"https:\/\/parier-presidentielle.com\/sv\/recommends\/unibet-text\/\">100\u20ac Bonus erbjuds med Unibet <br>F\u00f6r ditt f\u00f6rsta onlinespel: Klicka h\u00e4r<\/a><\/strong><\/mark><\/p>\n\n\n\n<h2 class=\"wp-block-heading\"><span id=\"pourquoi-parier-avec-les-bookmakers-unibet-bwin-betclic-sur-la-victoire-du-candidat-emmanuel-macron-pour-le-second-tour\">Varf\u00f6r satsa med bookmakers: Unibet, Bwin, Betclic p\u00e5 segern f\u00f6r kandidaten Emmanuel Macron f\u00f6r andra omg\u00e5ngen?<\/span><\/h2>\n\n\n\n<p><strong>Missa inte din chans, valet avg\u00f6rs med n\u00e5gra po\u00e4ng och du kan ta del av den f\u00f6r att vinna mycket pengar!<\/strong><\/p>\n\n\n\n<p>Nyckelord f\u00f6r sidan: <br><br><br> &quot;Ripoliner la fasaden&quot;, &quot;Finito&quot; och &quot;C&#039;est pas G\u00e9rard Majax&quot; en debatt mellan tv\u00e5 varv med nya uttryck,)<\/p>\n\n\n\n<p>Oddsen p\u00e5 vem som vinner presidentvalet 2022 avsl\u00f6jar ett mycket t\u00e4tt race mellan Emmanuel Macron och Marine Le Pen, vi rekommenderar att satsa p\u00e5 den nuvarande presidenten!<br>Den goda nyheten \u00e4r att \u00e4ven om du satsar Marine le Pen och tar st\u00f6rre risker f\u00f6r att dra nytta av b\u00e4ttre odds, kommer unibet bookmaker att ers\u00e4tta dig f\u00f6r ditt f\u00f6rsta spel!<\/p>\n\n\n\n<p><\/p>\n\n\n\n<p>Presidentval: bettingsidor erbjuder bra odds p\u00e5 Marine Le Pen.<\/p>\n\n\n\n<p>Att j\u00e4mf\u00f6ra bookmakerodds avsl\u00f6jar att konkurrensen \u00e4r h\u00e5rd mellan Emmanuel Macron och Marine Le Pen. Du kan d\u00e4rf\u00f6r g\u00f6ra dina f\u00f6ruts\u00e4gelser genom att satsa online p\u00e5 Bwin, Unibet eller Betclic bland andra bookmakers v\u00e5rt urval f\u00f6r att hitta alla de b\u00e4sta bettingsidorna f\u00f6r vadslagning p\u00e5 sport och politik.<\/p>\n\n\n\n<h2 class=\"wp-block-heading\"><span id=\"emmanuel-macron-son-histoire-pour-mieux-parier-avant-le-second-tour-face-a-marine-le-pen\">Emmanuel Macron sin historia att b\u00e4ttre satsa innan den andra omg\u00e5ngen mot Marine Le Pen<\/span><\/h2>\n\n\n\n<p><\/p>\n\n\n\n<p>Emmanuel Jean-Michel Fr\u00e9d\u00e9ric Macron (franska: ; f\u00f6dd 21 december 1977) \u00e4r en fransk politiker som har varit Frankrikes president sedan 14 maj 2017.<\/p>\n\n\n\n<p>F\u00f6dd i Amiens, studerade Macron filosofi vid Paris Nanterre University, tog senare en magisterexamen i offentliga angel\u00e4genheter vid Sciences Po och tog examen fr\u00e5n \u00c9cole nationale d&#039;administration 2004. Han arbetade som h\u00f6gre tj\u00e4nsteman vid General Inspectorate of Finance och blev sedan en investmentbanker p\u00e5 Rothschild &amp; Co.<\/p>\n\n\n\n<p>Macron uts\u00e5gs till bitr\u00e4dande generalsekreterare av president Fran\u00e7ois Hollande kort efter valet i maj 2012, vilket g\u00f6r Macron till en av Hollandes fr\u00e4msta r\u00e5dgivare. Han uts\u00e5gs sedan till det franska kabinettet som minister f\u00f6r ekonomi, industri och digitala fr\u00e5gor i augusti 2014 av premi\u00e4rminister Manuel Valls. I denna roll f\u00f6respr\u00e5kade Macron ett antal f\u00f6retagsv\u00e4nliga reformer. Han avgick ur regeringen i augusti 2016 och startade en kampanj inf\u00f6r det franska presidentvalet 2017. \u00c4ven om Macron var medlem i socialistpartiet 2006 till 2009, kandiderade han under flaggan av La R\u00e9publique en Marche!, en centrist och proeuropeisk politisk r\u00f6relse som han grundade i april 2016.<\/p>\n\n\n\n<p>Delvis tack vare Fillon-aff\u00e4ren toppade Macron omr\u00f6stningen i den f\u00f6rsta omg\u00e5ngen och valdes till Frankrikes president den 7 maj 2017 med 66,1 % av r\u00f6sterna i den andra omg\u00e5ngen, vilket besegrade Marine Le Pen. Med sina 39 \u00e5r blev Macron den yngste presidenten i Frankrikes historia. Han utn\u00e4mnde \u00c9douard Philippe till premi\u00e4rminister, och i det franska parlamentsvalet 2017 en m\u00e5nad senare vann Macrons parti, omd\u00f6pt till La R\u00e9publique en Marche (LREM), majoritet i nationalf\u00f6rsamlingen. Under sitt presidentskap \u00f6vervakade Macron flera arbetsr\u00e4ttsliga och skattereformer. Motst\u00e5ndet mot hans reformer, s\u00e4rskilt en f\u00f6reslagen br\u00e4nsleskatt, kulminerade i 2018 \u00e5rs protester mot gula v\u00e4star och andra demonstrationer. 2020 uts\u00e5g han Jean Castex till premi\u00e4rminister efter att Philippe avgick. Fr\u00e5n och med 2020 leder han Frankrikes p\u00e5g\u00e5ende svar p\u00e5 covid-19-pandemin och vaccinationsutbyggnaden.<br><\/p>\n\n\n\n<h2 class=\"wp-block-heading\"><span id=\"i\"><br><\/span><\/h2>\n\n\n\n<p class=\"has-text-align-center unibet\" style=\"font-size:25px\"><mark style=\"background-color:rgba(0, 0, 0, 0);color:#0d7a12\" class=\"has-inline-color\"><strong><a href=\"https:\/\/parier-presidentielle.com\/sv\/recommends\/unibet\/\">150\u20ac Bonus erbjuds med Unibet<br>F\u00f6r ditt f\u00f6rsta politiska eller sportspel: Klicka h\u00e4r<\/a><\/strong><\/mark><\/p>\n\n\n\n<p><\/p>\n\n\n<div class=\"wp-block-image\">\n<figure class=\"aligncenter is-resized wp-duotone-000097-ff4747-6\"><img decoding=\"async\" loading=\"lazy\" src=\"https:\/\/parier-presidentielle.com\/wp-content\/uploads\/2021\/09\/election-standard-scale-4_00x-gigapixel-1024x623.jpg\" alt=\"Val 2022\" style=\"width:256px;height:156px\" width=\"256\" height=\"156\"\/><\/figure><\/div>\n\n\n<p><br><\/p>\n\n\n\n<p><strong>Parier-presidential hj\u00e4lper dig att g\u00f6ra ditt val mellan de olika<a href=\"https:\/\/parier-presidentielle.com\/sv\/\"> Bookmakers Bwin, Unibet, Betclic kommer att satsa p\u00e5 den framtida amerikanska presidenten 2024<\/a> : <\/strong><br><a href=\"https:\/\/parier-presidentielle.com\/sv\/unibet-politik-val-2022\/\">Unibet Presidential Bookmaker<\/a> : Detaljerad och gratis guide f\u00f6r att g\u00f6ra ditt f\u00f6rsta onlinespel med alla odds och hur du drar nytta av den erbjudna bonusen!<\/p>\n\n\n\n<p>F\u00f6rutom andra Paris-webbplatser: <a href=\"https:\/\/parier-presidentielle.com\/sv\/unibet-politik-val-2022\/\">Bwin<\/a>, <a href=\"https:\/\/parier-presidentielle.com\/sv\/netbet-paris-politik-val-2022\/\">NetBet<\/a>, <a href=\"https:\/\/parier-presidentielle.com\/sv\/betclic-presidential-2022\/\">Betclic<\/a>, <a href=\"https:\/\/parier-presidentielle.com\/sv\/winamax-politik-val-2022\/\">Winamax<\/a>, Parions Sport, Zebet, Betway, France-Pari, Vbet, Cloudbet, 1Xbit, 1xbet, Betfair, Betwinner \u2026<\/p>\n\n\n\n<div class=\"wp-block-columns is-layout-flex wp-container-11 wp-block-columns-is-layout-flex\">\n<div class=\"wp-block-column is-layout-flow wp-block-column-is-layout-flow\" style=\"flex-basis:33.33%\">\n<p>Du har precis l\u00e4st v\u00e5r fil:<\/p>\n<\/div>\n\n\n\n<div class=\"wp-block-column is-layout-flow wp-block-column-is-layout-flow\" style=\"flex-basis:33.33%\">\n<div class=\"wp-block-group is-layout-flow wp-block-group-is-layout-flow\"><div class=\"wp-block-group__inner-container\"><h4 class=\"has-text-align-center wp-block-post-title\"><span id=\"parier-sur-l8217election-d8217emmanuel-macron\"><a href=\"https:\/\/parier-presidentielle.com\/sv\/makron-val\/\" target=\"_self\" >Satsa p\u00e5 valet av Emmanuel Macron<\/a><\/span><\/h4><\/div><\/div>\n<\/div>\n\n\n\n<div class=\"wp-block-column is-layout-flow wp-block-column-is-layout-flow\" style=\"flex-basis:33.33%\">\n<p class=\"has-text-align-right\">Forts\u00e4tt l\u00e4sa med v\u00e5ra andra exklusiva filer,<\/p>\n<\/div>\n<\/div>\n\n\n\n<h3 class=\"wp-block-heading\" id=\"tous-les-pronostics-sondage-et-cotes-pour-parier-sur-le-futur-vainqueur-de-l-election-presidentielle-2022\"><span id=\"tous-les-pronostics-sondage-et-cotes-pour-parier-sur-le-futur-vainqueur-de-l8217election-presidentielle-2024\">Alla f\u00f6ruts\u00e4gelser, unders\u00f6kningar och odds att satsa p\u00e5 den framtida vinnaren av presidentvalet 2024:<\/span><\/h3>\n\n\n\n<ul>\n<li><a href=\"https:\/\/parier-presidentielle.com\/sv\/makron-val\/\">Satsa p\u00e5 Emmanuel Macron med Unibet, Betclic, Bwin<\/a> : Favoriten i omr\u00f6stningar och f\u00f6ruts\u00e4gelser <\/li>\n\n\n\n<li><a href=\"https:\/\/parier-presidentielle.com\/sv\/marin-le-pen-val\/\">Marine Le Pen: Hennes odds och hur man satsar med bookmakers<\/a>: Utmanaren enligt Unibet<\/li>\n<\/ul>\n\n\n\n<p><\/p>\n\n\n\n<center><script type=\"text\/javascript\" charset=\"utf-8\" src=\"https:\/\/www.gambling-affiliation.com\/cpm\/v=AmIMTDSs92QY6b0MzDMvM5laCjJ-ZlA-1oQ-7tKsi.w_GA7331V2\"><\/script><\/center>\n\n\n\n<h3 class=\"wp-block-heading\"><span id=\"donald-trump-vs-joe-biden-la-video-qui-lance-les-paris-en-ligne-sur-l8217election-politique-de-2024\">Donald Trump vs Joe Biden: Videon som lanserar vadslagning online om det politiska valet 2024<\/span><\/h3>\n\n\n\n<figure class=\"wp-block-embed is-type-video is-provider-youtube wp-block-embed-youtube wp-embed-aspect-16-9 wp-has-aspect-ratio\"><div class=\"wp-block-embed__wrapper\">\n<iframe loading=\"lazy\" title=\"Tidigare president Donald Trump lanserar 2024 Vita husets bud #Short\" width=\"640\" height=\"360\" src=\"https:\/\/www.youtube.com\/embed\/hZykPRVe4Ag?feature=oembed\" frameborder=\"0\" allow=\"accelerometer; autoplay; clipboard-write; encrypted-media; gyroscope; picture-in-picture; web-share\" allowfullscreen><\/iframe>\n<\/div><\/figure>\n\n\n<div class=\"wp-block-image\">\n<figure class=\"aligncenter size-medium\"><a href=\"https:\/\/parier-presidentielle.com\/sv\/recommends\/unibet\/\" target=\"_blank\" rel=\"noopener\"><img decoding=\"async\" loading=\"lazy\" width=\"300\" height=\"169\" src=\"https:\/\/parier-presidentielle.com\/wp-content\/uploads\/2022\/04\/unibet-300x169.jpg\" alt=\"\" class=\"wp-image-1252\" srcset=\"https:\/\/parier-presidentielle.com\/wp-content\/uploads\/2022\/04\/unibet-300x169.jpg 300w, https:\/\/parier-presidentielle.com\/wp-content\/uploads\/2022\/04\/unibet-1024x576.jpg 1024w, https:\/\/parier-presidentielle.com\/wp-content\/uploads\/2022\/04\/unibet-768x432.jpg 768w, https:\/\/parier-presidentielle.com\/wp-content\/uploads\/2022\/04\/unibet-18x10.jpg 18w, https:\/\/parier-presidentielle.com\/wp-content\/uploads\/2022\/04\/unibet.jpg 1280w\" sizes=\"(max-width: 300px) 100vw, 300px\" \/><\/a><\/figure><\/div>\n\n\n<p>Hitta Wiki, de viktiga politiska nyheterna om cannabis och dess juridiska derivat: <strong>HHC, H4cbd, Thcp, Thcv, HSD, HHCPO, C4B<\/strong><\/p>\n\n\n\n<p>Nyckelord f\u00f6r sidan: <br><br><br>#Macron2022, Paris Emanuel Macron, Bookmaker 2022,   <br>Vinnare av det franska valet, Survey and Sports odds bet macron mcfly och carlito, \u201cRipoliner la fa\u00e7ade\u201d, \u201cFinito\u201d och \u201cC&#039;est pas G\u00e9rard Majax\u201d en debatt mellan tv\u00e5 omg\u00e5ngar med nya uttryck,)<\/p>\n<div id=\"toc_container\" class=\"no_bullets\"><p class=\"toc_title\">Inneh\u00e5ll<\/p><ul class=\"toc_list\"><li><ul><li><\/li><\/ul><\/li><li><\/li><li><\/li><li><ul><li><ul><li><\/li><\/ul><\/li><li><\/li><li><\/li><\/ul><\/li><\/ul><\/div>","protected":false},"excerpt":{"rendered":"<p>Cote et pronostics pour le candidat Emmanuel Macron :Paris en ligne sur la politique et le futur pr\u00e9sident de la France de 2022 Comment r\u00e9aliser son 1er pari sur Macron avec Unibet? Tout comme vous pouvez parier sur la victoire de votre \u00e9quipe de foot pr\u00e9f\u00e9r\u00e9, il est possible de parier sur le vainqueur de &#8230;<\/p>","protected":false},"author":1,"featured_media":0,"parent":0,"menu_order":0,"comment_status":"closed","ping_status":"closed","template":"page-nosidebar.php","meta":{"footnotes":""},"yoast_head":"<!-- This site is optimized with the Yoast SEO Premium plugin v21.0 (Yoast SEO v21.0) - https:\/\/yoast.com\/wordpress\/plugins\/seo\/ -->\n<title>Parier sur l&#039;\u00e9lection d&#039;Emmanuel Macron - Finale Coupe du Monde FIFA<\/title>\n<meta name=\"description\" content=\"Pariez sur Emmanuel Macron pour l&#039;\u00c9lection 2022 : Cliquez Ici et Gagnez Gros! Pronostics ,Comparaison des Bookmakers et des meilleurs Cotes.\" \/>\n<meta name=\"robots\" content=\"index, follow, max-snippet:-1, max-image-preview:large, max-video-preview:-1\" \/>\n<link rel=\"canonical\" href=\"https:\/\/parier-presidentielle.com\/sv\/makron-val\/\" \/>\n<meta property=\"og:locale\" content=\"sv_SE\" \/>\n<meta property=\"og:type\" content=\"article\" \/>\n<meta property=\"og:title\" content=\"Parier sur l&#039;\u00e9lection d&#039;Emmanuel Macron\" \/>\n<meta property=\"og:description\" content=\"Pariez sur Emmanuel Macron pour l&#039;\u00c9lection 2022 : Cliquez Ici et Gagnez Gros! Pronostics ,Comparaison des Bookmakers et des meilleurs Cotes.\" \/>\n<meta property=\"og:url\" content=\"https:\/\/parier-presidentielle.com\/sv\/makron-val\/\" \/>\n<meta property=\"og:site_name\" content=\"Parier Pr\u00e9sidentielle\" \/>\n<meta property=\"article:modified_time\" content=\"2022-04-26T13:43:52+00:00\" \/>\n<meta property=\"og:image\" content=\"https:\/\/parier-presidentielle.com\/wp-content\/uploads\/2021\/09\/6TNLTJIHZ5EAXMULO2IZVXGGGA.jpg\" \/>\n<meta name=\"twitter:card\" content=\"summary_large_image\" \/>\n<meta name=\"twitter:label1\" content=\"Est. reading time\" \/>\n\t<meta name=\"twitter:data1\" content=\"5 minuter\" \/>\n<script type=\"application\/ld+json\" class=\"yoast-schema-graph\">{\"@context\":\"https:\/\/schema.org\",\"@graph\":[{\"@type\":\"WebPage\",\"@id\":\"https:\/\/parier-presidentielle.com\/macron-election\/\",\"url\":\"https:\/\/parier-presidentielle.com\/macron-election\/\",\"name\":\"Parier sur l'\u00e9lection d'Emmanuel Macron - Finale Coupe du Monde FIFA\",\"isPartOf\":{\"@id\":\"https:\/\/parier-presidentielle.com\/#website\"},\"datePublished\":\"2021-09-06T20:20:59+00:00\",\"dateModified\":\"2022-04-26T13:43:52+00:00\",\"description\":\"Pariez sur Emmanuel Macron pour l'\u00c9lection 2022 : Cliquez Ici et Gagnez Gros! Pronostics ,Comparaison des Bookmakers et des meilleurs Cotes.\",\"breadcrumb\":{\"@id\":\"https:\/\/parier-presidentielle.com\/macron-election\/#breadcrumb\"},\"inLanguage\":\"sv-SE\",\"potentialAction\":[{\"@type\":\"ReadAction\",\"target\":[\"https:\/\/parier-presidentielle.com\/macron-election\/\"]}]},{\"@type\":\"BreadcrumbList\",\"@id\":\"https:\/\/parier-presidentielle.com\/macron-election\/#breadcrumb\",\"itemListElement\":[{\"@type\":\"ListItem\",\"position\":1,\"name\":\"Accueil\",\"item\":\"https:\/\/parier-presidentielle.com\/\"},{\"@type\":\"ListItem\",\"position\":2,\"name\":\"Parier sur l&#8217;\u00e9lection d&#8217;Emmanuel Macron\"}]},{\"@type\":\"WebSite\",\"@id\":\"https:\/\/parier-presidentielle.com\/#website\",\"url\":\"https:\/\/parier-presidentielle.com\/\",\"name\":\"Parier Pr\u00e9sidentielle\",\"description\":\"Paris, Pronostics, Wiki sur la Politique, les Elections Am\u00e9ricaines: Joe Biden, Donald Trump avec les Bookmakers en ligne Unibet, Bwin, Betclic, Winamax\",\"potentialAction\":[{\"@type\":\"SearchAction\",\"target\":{\"@type\":\"EntryPoint\",\"urlTemplate\":\"https:\/\/parier-presidentielle.com\/?s={search_term_string}\"},\"query-input\":\"required name=search_term_string\"}],\"inLanguage\":\"sv-SE\"}]}<\/script>\n<!-- \/ Yoast SEO Premium plugin. -->","yoast_head_json":{"title":"Parier sur l'\u00e9lection d'Emmanuel Macron - Finale Coupe du Monde FIFA","description":"Pariez sur Emmanuel Macron pour l'\u00c9lection 2022 : Cliquez Ici et Gagnez Gros! Pronostics ,Comparaison des Bookmakers et des meilleurs Cotes.","robots":{"index":"index","follow":"follow","max-snippet":"max-snippet:-1","max-image-preview":"max-image-preview:large","max-video-preview":"max-video-preview:-1"},"canonical":"https:\/\/parier-presidentielle.com\/sv\/makron-val\/","og_locale":"sv_SE","og_type":"article","og_title":"Parier sur l'\u00e9lection d'Emmanuel Macron","og_description":"Pariez sur Emmanuel Macron pour l'\u00c9lection 2022 : Cliquez Ici et Gagnez Gros! Pronostics ,Comparaison des Bookmakers et des meilleurs Cotes.","og_url":"https:\/\/parier-presidentielle.com\/sv\/makron-val\/","og_site_name":"Parier Pr\u00e9sidentielle","article_modified_time":"2022-04-26T13:43:52+00:00","og_image":[{"url":"https:\/\/parier-presidentielle.com\/wp-content\/uploads\/2021\/09\/6TNLTJIHZ5EAXMULO2IZVXGGGA.jpg"}],"twitter_card":"summary_large_image","twitter_misc":{"Est. reading time":"5 minuter"},"schema":{"@context":"https:\/\/schema.org","@graph":[{"@type":"WebPage","@id":"https:\/\/parier-presidentielle.com\/macron-election\/","url":"https:\/\/parier-presidentielle.com\/macron-election\/","name":"Parier sur l'\u00e9lection d'Emmanuel Macron - Finale Coupe du Monde FIFA","isPartOf":{"@id":"https:\/\/parier-presidentielle.com\/#website"},"datePublished":"2021-09-06T20:20:59+00:00","dateModified":"2022-04-26T13:43:52+00:00","description":"Pariez sur Emmanuel Macron pour l'\u00c9lection 2022 : Cliquez Ici et Gagnez Gros! Pronostics ,Comparaison des Bookmakers et des meilleurs Cotes.","breadcrumb":{"@id":"https:\/\/parier-presidentielle.com\/macron-election\/#breadcrumb"},"inLanguage":"sv-SE","potentialAction":[{"@type":"ReadAction","target":["https:\/\/parier-presidentielle.com\/macron-election\/"]}]},{"@type":"BreadcrumbList","@id":"https:\/\/parier-presidentielle.com\/macron-election\/#breadcrumb","itemListElement":[{"@type":"ListItem","position":1,"name":"Accueil","item":"https:\/\/parier-presidentielle.com\/"},{"@type":"ListItem","position":2,"name":"Parier sur l&#8217;\u00e9lection d&#8217;Emmanuel Macron"}]},{"@type":"WebSite","@id":"https:\/\/parier-presidentielle.com\/#website","url":"https:\/\/parier-presidentielle.com\/","name":"Parier Pr\u00e9sidentielle","description":"Paris, Pronostics, Wiki sur la Politique, les Elections Am\u00e9ricaines: Joe Biden, Donald Trump avec les Bookmakers en ligne Unibet, Bwin, Betclic, Winamax","potentialAction":[{"@type":"SearchAction","target":{"@type":"EntryPoint","urlTemplate":"https:\/\/parier-presidentielle.com\/?s={search_term_string}"},"query-input":"required name=search_term_string"}],"inLanguage":"sv-SE"}]}},"_links":{"self":[{"href":"https:\/\/parier-presidentielle.com\/sv\/wp-json\/wp\/v2\/pages\/31"}],"collection":[{"href":"https:\/\/parier-presidentielle.com\/sv\/wp-json\/wp\/v2\/pages"}],"about":[{"href":"https:\/\/parier-presidentielle.com\/sv\/wp-json\/wp\/v2\/types\/page"}],"author":[{"embeddable":true,"href":"https:\/\/parier-presidentielle.com\/sv\/wp-json\/wp\/v2\/users\/1"}],"replies":[{"embeddable":true,"href":"https:\/\/parier-presidentielle.com\/sv\/wp-json\/wp\/v2\/comments?post=31"}],"version-history":[{"count":15,"href":"https:\/\/parier-presidentielle.com\/sv\/wp-json\/wp\/v2\/pages\/31\/revisions"}],"predecessor-version":[{"id":1532,"href":"https:\/\/parier-presidentielle.com\/sv\/wp-json\/wp\/v2\/pages\/31\/revisions\/1532"}],"wp:attachment":[{"href":"https:\/\/parier-presidentielle.com\/sv\/wp-json\/wp\/v2\/media?parent=31"}],"curies":[{"name":"wp","href":"https:\/\/api.w.org\/{rel}","templated":true}]}}