{"id":38,"date":"2021-09-06T23:13:07","date_gmt":"2021-09-06T21:13:07","guid":{"rendered":"https:\/\/parier-presidentielle.com\/?page_id=38"},"modified":"2022-04-24T12:33:15","modified_gmt":"2022-04-24T10:33:15","slug":"zemmour-election","status":"publish","type":"page","link":"https:\/\/parier-presidentielle.com\/sv\/zemmour-val\/","title":{"rendered":"Satsa p\u00e5 valet av Eric Zemmour"},"content":{"rendered":"<div class=\"wp-block-columns is-layout-flex wp-container-4 wp-block-columns-is-layout-flex\">\n<div class=\"wp-block-column is-layout-flow wp-block-column-is-layout-flow\" style=\"flex-basis:100%\">\n<div class=\"wp-block-columns is-layout-flex wp-container-2 wp-block-columns-is-layout-flex\">\n<div class=\"wp-block-column is-layout-flow wp-block-column-is-layout-flow\" style=\"flex-basis:100%\">\n<center><script type=\"text\/javascript\" charset=\"utf-8\" src=\"https:\/\/www.gambling-affiliation.com\/cpm\/v=AmIMTDSs92QY6b0MzDMvM5laCjJ-ZlA-1oQ-7tKsi.w_GA7331V2\"><\/script><\/center>\n\n\n\n<p><\/p>\n\n\n\n<div class=\"wp-block-image is-style-default\"><figure class=\"aligncenter size-medium\"><a href=\"https:\/\/parier-presidentielle.com\/sv\/recommends\/unibet-logo\/\" target=\"_blank\" rel=\"no follow noopener\"><img decoding=\"async\" loading=\"lazy\" width=\"300\" height=\"169\" src=\"https:\/\/parier-presidentielle.com\/wp-content\/uploads\/2022\/04\/unibet-300x169.jpg\" alt=\"\" class=\"wp-image-1252\" srcset=\"https:\/\/parier-presidentielle.com\/wp-content\/uploads\/2022\/04\/unibet-300x169.jpg 300w, https:\/\/parier-presidentielle.com\/wp-content\/uploads\/2022\/04\/unibet-1024x576.jpg 1024w, https:\/\/parier-presidentielle.com\/wp-content\/uploads\/2022\/04\/unibet-768x432.jpg 768w, https:\/\/parier-presidentielle.com\/wp-content\/uploads\/2022\/04\/unibet-18x10.jpg 18w, https:\/\/parier-presidentielle.com\/wp-content\/uploads\/2022\/04\/unibet.jpg 1280w\" sizes=\"(max-width: 300px) 100vw, 300px\" \/><\/a><\/figure><\/div>\n<\/div>\n<\/div>\n<\/div>\n<\/div>\n\n\n\n<h2 class=\"wp-block-heading\" id=\"block-f005be1c-8637-4455-a388-e82bafcaf460\"><span id=\"cote-et-pronostics-pour-le-candidat-eric-zemmour-paris-en-ligne-sur-la-politique-et-le-futur-president-de-la-france-de-2022\">Odds och f\u00f6ruts\u00e4gelser f\u00f6r kandidaten \u00c9ric Zemmour:<br>Onlinespel p\u00e5 politik och Frankrikes framtida president 2022<\/span><\/h2>\n\n\n\n<h3 class=\"wp-block-heading\"><span id=\"eric-zemmour-le-candidat-surprise-de-l8217election-le-polemiste-peut-changer-les-resultats-du-premier-tour-et-les-cotes-des-bookmaker-bwin-unibet\">Eric Zemmour, valets \u00f6verraskningskandidat, kan polemikern \u00e4ndra resultatet av den f\u00f6rsta omg\u00e5ngen och oddsen f\u00f6r Bookmaker Bwin &amp; Unibet!<\/span><\/h3>\n\n\n\n<p>M\u00e4tningarna forts\u00e4tter att \u00f6ka f\u00f6r den tidigare CNEWS-journalisten, hans ankomst kan f\u00f6r\u00e4ndra situationen f\u00f6r de f\u00f6ruts\u00e4gbara: Macron \u2013 Le Pen! N\u00e5gra av h\u00f6ger- och h\u00f6gerextremv\u00e4ljarna frestas av hans kandidatur, s\u00e5 Eric Zemmour kan f\u00e5 den nationella rallykandidaten Marine Le Pen att tappa n\u00e5gra po\u00e4ng och hindra henne fr\u00e5n att vara med i andra omg\u00e5ngen...<br>S\u00e5 onlinespel\/bookmakersajter som Bwin och Unibet har varit tvungna att justera sina odds sedan de gick in i kampanjen!<\/p>\n\n\n\n<div class=\"wp-block-image wp-duotone-000097-ff4747-5\"><figure class=\"aligncenter size-full is-resized\"><img decoding=\"async\" loading=\"lazy\" src=\"https:\/\/parier-presidentielle.com\/wp-content\/uploads\/2021\/09\/22204991lpmw-22209477-article-jpg_8234264_980x426.jpg\" alt=\"Eric Zemmour: Kandidat f\u00f6r presidentvalet 2022\" class=\"wp-image-352\" width=\"490\" height=\"213\" srcset=\"https:\/\/parier-presidentielle.com\/wp-content\/uploads\/2021\/09\/22204991lpmw-22209477-article-jpg_8234264_980x426.jpg 980w, https:\/\/parier-presidentielle.com\/wp-content\/uploads\/2021\/09\/22204991lpmw-22209477-article-jpg_8234264_980x426-300x130.jpg 300w, https:\/\/parier-presidentielle.com\/wp-content\/uploads\/2021\/09\/22204991lpmw-22209477-article-jpg_8234264_980x426-768x334.jpg 768w\" sizes=\"(max-width: 490px) 100vw, 490px\" \/><\/figure><\/div>\n\n\n\n<p><\/p>\n\n\n\n<h3 class=\"wp-block-heading\"><span id=\"la-cote-d8217eric-zemmour-chez-le-bookmaker-bwin-pour-l8217election-presidentielle-2022\">Eric Zemmours odds hos Bwin bookmaker inf\u00f6r presidentvalet 2022<\/span><\/h3>\n\n\n\n<p>Oddset \u00e4r 11: vinn \u20ac1 100 om du satsar \u20ac100<\/p>\n\n\n\n<div class=\"wp-block-image\"><figure class=\"aligncenter size-full is-resized\"><img decoding=\"async\" loading=\"lazy\" src=\"https:\/\/parier-presidentielle.com\/wp-content\/uploads\/2021\/09\/image-5.png\" alt=\"Eric Zemmours odds hos Bwin bookmaker inf\u00f6r presidentvalet 2022\" class=\"wp-image-350\" width=\"486\" height=\"209\" srcset=\"https:\/\/parier-presidentielle.com\/wp-content\/uploads\/2021\/09\/image-5.png 975w, https:\/\/parier-presidentielle.com\/wp-content\/uploads\/2021\/09\/image-5-300x129.png 300w, https:\/\/parier-presidentielle.com\/wp-content\/uploads\/2021\/09\/image-5-768x329.png 768w\" sizes=\"(max-width: 486px) 100vw, 486px\" \/><\/figure><\/div>\n\n\n\n<h2 class=\"wp-block-heading\"><span id=\"paris-en-ligne-sur-eric-zemmour\"><br>Onlinespel p\u00e5 \u00c9ric Zemmour <\/span><\/h2>\n\n\n\n<p>M\u00e4tningarna forts\u00e4tter att stiga f\u00f6r den tidigare CNEWS-journalisten, hans ankomst kan f\u00f6r\u00e4ndra situationen f\u00f6r de f\u00f6ruts\u00e4gbara: Macron \u2013 Le Pen! Vissa h\u00f6ger- och h\u00f6gerextrema v\u00e4ljare \u00e4r frestade av hans kandidatur, s\u00e5 Eric Zemmour kan f\u00e5 National Rally-kandidaten Marine Le Pen att tappa n\u00e5gra po\u00e4ng och hindra henne fr\u00e5n att vara med i andra omg\u00e5ngen...<\/p>\n\n\n\n<p>S\u00e5ledes har onlinespelsajter \/ bookmakers som Bwin och Unibet varit tvungna att justera sina odds sedan lanseringen!<\/p>\n\n\n\n<p>Om Marine Le Pen fortfarande \u00e4r favorit med oddset 4,25 p\u00e5 Unibet s\u00e5 har hennes odds f\u00e5tt en rej\u00e4l tr\u00e4ff j\u00e4mf\u00f6rt med 4,50 f\u00f6r n\u00e5gra veckor sedan. Emmanuel Macrons betyg s\u00e4nktes fr\u00e5n 3,75 &gt; 3,50 av en annan anledning: Nicolas Dupont-Aignan, vars politiska linje inte skiljer sig s\u00e4rskilt mycket fr\u00e5n Eric Zemmours, gick samman med honom f\u00f6r att bli presidentkandidat som en del av ett avtal med Marine Le Pen som kommer att ocks\u00e5 vara hans premi\u00e4rminister i h\u00e4ndelse av seger! Denna allians kan stj\u00e4la r\u00f6ster fr\u00e5n Le Pen och \u00f6ka Macrons chanser till seger.<\/p>\n\n\n\n<p>Slutligen noterar vi ocks\u00e5 en liten korrigering ang\u00e5ende Fran\u00e7ois Fillon som ligger kvar p\u00e5 tredje plats men ser sitt betyg \u00f6ka n\u00e5got! Verkligen,<\/p>\n\n\n\n<h2 class=\"wp-block-heading\"><span id=\"la-bio-de-eric-zemmour-pour-bien-parier\">The Bio of Eric Zemmour f\u00f6r en bra satsning<\/span><\/h2>\n\n\n\n<p>\u00c9ric Justin L\u00e9on Zemmour (franskt uttal: ; f\u00f6dd 31 augusti 1958) \u00e4r en fransk ess\u00e4ist, politisk journalist och f\u00f6rfattare. Hans konservativa positioner, s\u00e5v\u00e4l som de m\u00e5nga kontroverser som han var inblandad i, \u00e4r \u00f6k\u00e4nda i hans hemland. I och med utgivningen av The French Suicide (p\u00e5 franska: Le Suicide fran\u00e7ais), en bok f\u00f6r vilken han fick Combourg-Chateaubriand-priset 2015. Han fick ocks\u00e5 2011 Richelieu-priset f\u00f6r hela sin karri\u00e4r som journalist.<\/p>\n\n\n\n<p>F\u00f6dd i Montreuil, studerade Zemmour vid Sciences Po. Han anst\u00e4lldes av Le Quotidien de Paris 1986 innan han blev reporter f\u00f6r Le Figaro 1996, fram till hans avskedande 2009 efter en kontrovers om uttalanden han gjorde, f\u00f6r vilka han d\u00f6mdes f\u00f6r uppvigling. ras diskriminering. Han fortsatte sedan att skriva f\u00f6r Le Figaro Magazine. Zemmour har dykt upp som tv-personlighet i program som On n&#039;est pas couch p\u00e5 France 2 (2006\u20132011), \u00c7a se dispute p\u00e5 I-T\u00e9l\u00e9 (2003\u20132014) och Face \u00e0 l&#039;Info p\u00e5 CNews (sedan 2019) . Han har ocks\u00e5 medverkat p\u00e5 Zemmour et Naulleau sedan 2011, en debattkv\u00e4ll som arrangeras varje vecka av Ana\u00efs Bouton p\u00e5 Paris Premi\u00e8re, i s\u00e4llskap med litteraturkritikern \u00c9ric Naulleau. Zemmour arbetade parallellt f\u00f6r RTL fr\u00e5n 2010 till 2019, f\u00f6rst genom att vara v\u00e4rd f\u00f6r radioprogrammet Z comme Zemmour, innan han gick med i Yves Calvis tv-nyheter som analytiker.<\/p>\n\n\n\n<p>Zemmour har varit f\u00f6rem\u00e5l f\u00f6r mycket mediadiskussion som en t\u00e4nkbar kandidat i presidentvalet 2022. Han \u00e4r fortfarande offentligt obest\u00e4md om sin kandidatur.<\/p>\n\n\n\n<p>liv och karri\u00e4r<br>Tidigt liv<br>\u00c9ric Zemmour f\u00f6ddes i Montreuil, sedan i Seine, idag i Seine-Saint-Denis, den 31 augusti 1958, i en judisk algerisk familj av fransk nationalitet som kom till Frankrikes fastland under Algeriska kriget. Han v\u00e4xte upp i Drancy d\u00e5 i det parisiska distriktet Ch\u00e2teau Rouge. Son till Roger Zemmour, en ambulansf\u00f6rare, och hans fru Lucette, en hemmafru, sa han att han beundrade sin mor och sin mormor: hans far var ofta fr\u00e5nvarande, och han v\u00e4xte faktiskt upp av kvinnor &quot;som [han] l\u00e4rde sig att vara en man. .\u201d<\/p>\n\n\n\n<p>Politisk journalist<br>Zemmour, en examen fr\u00e5n Paris Institute of Political Studies, misslyckades tv\u00e5 g\u00e5nger till National School of Administration. Han b\u00f6rjade sin karri\u00e4r 1986 p\u00e5 Quotidien de Paris, under ledning av Philippe Tesson, som journalist p\u00e5 det politiska skrivbordet. Efter att tidningen lades ner 1994 blev han ledarskribent p\u00e5 Info-Matin d\u00e4r han stannade ett \u00e5r. Han kom sedan till Le Figaros redaktion 1996 som politisk journalist. Zemmour var \u00e4ven oberoende journalist f\u00f6r Marianne 1997 och f\u00f6r Valeurs nationaux 1999. 2009 fick han sparken fr\u00e5n Le Figaro efter en kontrovers om uttalanden han gjorde, f\u00f6r vilka han d\u00f6mdes f\u00f6r att ha anstiftat till rasdiskriminering. p\u00e5 Figaro Magazine, d\u00e4r han sedan dess har skrivit en kr\u00f6nika varje vecka. Han \u00e4r ocks\u00e5 politisk kr\u00f6nik\u00f6r p\u00e5 Spectacle du Monde. Trots hans misslyckande med att bli antagen till National School of Administration till\u00e4t hans status som politisk journalist honom att vara medlem i skolans antagningskommitt\u00e9 2006.<\/p>\n\n\n\n<p>Zemmour st\u00f6dde ratchism.<\/p>\n\n\n\n<p>F\u00f6rfattare och ess\u00e4ist<br>Zemmour skrev biografier om \u00c9douard Balladur (Balladur, immobile \u00e0 grands pas) och Jacques Chirac (Mannen som inte \u00e4lskade sig sj\u00e4lv) samt politiska ess\u00e4er. \u00c5r 2006 publicerade han s\u00e4rskilt The First Sex, en bok om vad han anser vara feminisering av samh\u00e4llet. Han arbetade p\u00e5 manuset till filmen In the Skin of Jacques Chirac av Michel Royer och Karl Z\u00e9ro, \u00e4ven om den senare har uppgett att Zemmours f\u00f6rfattarskap hade begr\u00e4nsad anv\u00e4ndning. I mars 2010, med M\u00e9lancolie fran\u00e7aise (som vann priset f\u00f6r Incorrect Book), \u00e5terbes\u00f6kte han fransk historia. Zemmours bok fr\u00e5n 2014, Det franska sj\u00e4lvmordet, s\u00e5lde mer \u00e4n 400 000 exemplar.\u201d<\/p>\n\n\n\n<h3 class=\"wp-block-heading\"><span id=\"de-polemiste-a-candidats-a-l8217election-presidentielle-francaise\">Fr\u00e5n polemiker till kandidater till det franska presidentvalet!<\/span><\/h3>\n\n\n\n<p>En TV- och radiopersonlighet sedan september 2003, deltar han varje vecka i showen \u00c7a se dispute p\u00e5 24-timmarsnyhetskanalen i&gt;T\u00e9l\u00e9 mittemot Nicolas Domenach (Christophe Barbier fram till 2006). Kanalen best\u00e4mde sig f\u00f6r att stoppa showen i december 2014. Han d\u00f6k ocks\u00e5 upp p\u00e5 fredagsp\u00eates p\u00e5 Canal+ fram till juni 2006. Fr\u00e5n september 2006 gick han med i France 2 f\u00f6r att delta i showen On n&#039;est pas couched, med Laurent Ruquier som v\u00e4rd, tillsammans med Michel Polac sedan \u00c9ric Naulleau, d\u00e4r de ansvarade f\u00f6r att presentera en \u00e4rlig recension av filmer, b\u00f6cker, album m.m. Under showen resulterade deras utbyten med kulturpersonligheter ibland i sammandrabbningar. Den 27 maj 2011 meddelade Laurent Ruquier i Le Parisien att han skulle ers\u00e4tta \u00c9ric Zemmour och \u00c9ric Naulleau med nya bidragsgivare till n\u00e4sta s\u00e4song av On n&#039;est pas couch. \u00c9ric Zemmour deltog ocks\u00e5 i showen L&#039;Hebdo som redakt\u00f6r p\u00e5 Tempo, kanalen French Overseas Territories; han \u00e5tf\u00f6ljdes bland annat av Dominique Wolton.<\/p>\n\n\n\n<p><\/p>\n\n\n\n<h2 class=\"wp-block-heading\"><span id=\"i\"><\/span><\/h2>\n\n\n\n<figure class=\"wp-block-image size-full\"><img decoding=\"async\" loading=\"lazy\" width=\"377\" height=\"334\" src=\"https:\/\/parier-presidentielle.com\/wp-content\/uploads\/2021\/09\/image-6.png\" alt=\"\" class=\"wp-image-351\" srcset=\"https:\/\/parier-presidentielle.com\/wp-content\/uploads\/2021\/09\/image-6.png 377w, https:\/\/parier-presidentielle.com\/wp-content\/uploads\/2021\/09\/image-6-300x266.png 300w\" sizes=\"(max-width: 377px) 100vw, 377px\" \/><\/figure>\n\n\n\n<p><\/p>\n\n\n\n<p class=\"has-text-align-center unibet\" style=\"font-size:25px\"><mark style=\"background-color:rgba(0, 0, 0, 0);color:#0d7a12\" class=\"has-inline-color\"><strong><a href=\"https:\/\/parier-presidentielle.com\/sv\/recommends\/unibet\/\">150\u20ac Bonus erbjuds med Unibet<br>F\u00f6r ditt f\u00f6rsta politiska eller sportspel: Klicka h\u00e4r<\/a><\/strong><\/mark><\/p>\n\n\n\n<p><\/p>\n\n\n<div class=\"wp-block-image\">\n<figure class=\"aligncenter is-resized wp-duotone-000097-ff4747-6\"><img decoding=\"async\" loading=\"lazy\" src=\"https:\/\/parier-presidentielle.com\/wp-content\/uploads\/2021\/09\/election-standard-scale-4_00x-gigapixel-1024x623.jpg\" alt=\"Val 2022\" style=\"width:256px;height:156px\" width=\"256\" height=\"156\"\/><\/figure><\/div>\n\n\n<p><br><\/p>\n\n\n\n<p><strong>Parier-presidential hj\u00e4lper dig att g\u00f6ra ditt val mellan de olika<a href=\"https:\/\/parier-presidentielle.com\/sv\/\"> Bookmakers Bwin, Unibet, Betclic kommer att satsa p\u00e5 den framtida amerikanska presidenten 2024<\/a> : <\/strong><br><a href=\"https:\/\/parier-presidentielle.com\/sv\/unibet-politik-val-2022\/\">Unibet Presidential Bookmaker<\/a> : Detaljerad och gratis guide f\u00f6r att g\u00f6ra ditt f\u00f6rsta onlinespel med alla odds och hur du drar nytta av den erbjudna bonusen!<\/p>\n\n\n\n<p>F\u00f6rutom andra Paris-webbplatser: <a href=\"https:\/\/parier-presidentielle.com\/sv\/unibet-politik-val-2022\/\">Bwin<\/a>, <a href=\"https:\/\/parier-presidentielle.com\/sv\/netbet-paris-politik-val-2022\/\">NetBet<\/a>, <a href=\"https:\/\/parier-presidentielle.com\/sv\/betclic-presidential-2022\/\">Betclic<\/a>, <a href=\"https:\/\/parier-presidentielle.com\/sv\/winamax-politik-val-2022\/\">Winamax<\/a>, Parions Sport, Zebet, Betway, France-Pari, Vbet, Cloudbet, 1Xbit, 1xbet, Betfair, Betwinner \u2026<\/p>\n\n\n\n<div class=\"wp-block-columns is-layout-flex wp-container-11 wp-block-columns-is-layout-flex\">\n<div class=\"wp-block-column is-layout-flow wp-block-column-is-layout-flow\" style=\"flex-basis:33.33%\">\n<p>Du har precis l\u00e4st v\u00e5r fil:<\/p>\n<\/div>\n\n\n\n<div class=\"wp-block-column is-layout-flow wp-block-column-is-layout-flow\" style=\"flex-basis:33.33%\">\n<div class=\"wp-block-group is-layout-flow wp-block-group-is-layout-flow\"><div class=\"wp-block-group__inner-container\"><h4 class=\"has-text-align-center wp-block-post-title\"><span id=\"parier-sur-l8217election-d8217eric-zemmour\"><a href=\"https:\/\/parier-presidentielle.com\/sv\/zemmour-val\/\" target=\"_self\" >Satsa p\u00e5 valet av Eric Zemmour<\/a><\/span><\/h4><\/div><\/div>\n<\/div>\n\n\n\n<div class=\"wp-block-column is-layout-flow wp-block-column-is-layout-flow\" style=\"flex-basis:33.33%\">\n<p class=\"has-text-align-right\">Forts\u00e4tt l\u00e4sa med v\u00e5ra andra exklusiva filer,<\/p>\n<\/div>\n<\/div>\n\n\n\n<h3 class=\"wp-block-heading\" id=\"tous-les-pronostics-sondage-et-cotes-pour-parier-sur-le-futur-vainqueur-de-l-election-presidentielle-2022\"><span id=\"tous-les-pronostics-sondage-et-cotes-pour-parier-sur-le-futur-vainqueur-de-l8217election-presidentielle-2024\">Alla f\u00f6ruts\u00e4gelser, unders\u00f6kningar och odds att satsa p\u00e5 den framtida vinnaren av presidentvalet 2024:<\/span><\/h3>\n\n\n\n<ul>\n<li><a href=\"https:\/\/parier-presidentielle.com\/sv\/makron-val\/\">Satsa p\u00e5 Emmanuel Macron med Unibet, Betclic, Bwin<\/a> : Favoriten i omr\u00f6stningar och f\u00f6ruts\u00e4gelser <\/li>\n\n\n\n<li><a href=\"https:\/\/parier-presidentielle.com\/sv\/marin-le-pen-val\/\">Marine Le Pen: Hennes odds och hur man satsar med bookmakers<\/a>: Utmanaren enligt Unibet<\/li>\n<\/ul>\n\n\n\n<p><\/p>\n\n\n\n<center><script type=\"text\/javascript\" charset=\"utf-8\" src=\"https:\/\/www.gambling-affiliation.com\/cpm\/v=AmIMTDSs92QY6b0MzDMvM5laCjJ-ZlA-1oQ-7tKsi.w_GA7331V2\"><\/script><\/center>\n\n\n\n<h3 class=\"wp-block-heading\"><span id=\"donald-trump-vs-joe-biden-la-video-qui-lance-les-paris-en-ligne-sur-l8217election-politique-de-2024\">Donald Trump vs Joe Biden: Videon som lanserar vadslagning online om det politiska valet 2024<\/span><\/h3>\n\n\n\n<figure class=\"wp-block-embed is-type-video is-provider-youtube wp-block-embed-youtube wp-embed-aspect-16-9 wp-has-aspect-ratio\"><div class=\"wp-block-embed__wrapper\">\n<iframe loading=\"lazy\" title=\"Tidigare president Donald Trump lanserar 2024 Vita husets bud #Short\" width=\"640\" height=\"360\" src=\"https:\/\/www.youtube.com\/embed\/hZykPRVe4Ag?feature=oembed\" frameborder=\"0\" allow=\"accelerometer; autoplay; clipboard-write; encrypted-media; gyroscope; picture-in-picture; web-share\" allowfullscreen><\/iframe>\n<\/div><\/figure>\n\n\n<div class=\"wp-block-image\">\n<figure class=\"aligncenter size-medium\"><a href=\"https:\/\/parier-presidentielle.com\/sv\/recommends\/unibet\/\" target=\"_blank\" rel=\"noopener\"><img decoding=\"async\" loading=\"lazy\" width=\"300\" height=\"169\" src=\"https:\/\/parier-presidentielle.com\/wp-content\/uploads\/2022\/04\/unibet-300x169.jpg\" alt=\"\" class=\"wp-image-1252\" srcset=\"https:\/\/parier-presidentielle.com\/wp-content\/uploads\/2022\/04\/unibet-300x169.jpg 300w, https:\/\/parier-presidentielle.com\/wp-content\/uploads\/2022\/04\/unibet-1024x576.jpg 1024w, https:\/\/parier-presidentielle.com\/wp-content\/uploads\/2022\/04\/unibet-768x432.jpg 768w, https:\/\/parier-presidentielle.com\/wp-content\/uploads\/2022\/04\/unibet-18x10.jpg 18w, https:\/\/parier-presidentielle.com\/wp-content\/uploads\/2022\/04\/unibet.jpg 1280w\" sizes=\"(max-width: 300px) 100vw, 300px\" \/><\/a><\/figure><\/div>\n\n\n<p>Hitta Wiki, de viktiga politiska nyheterna om cannabis och dess juridiska derivat: <strong>HHC, H4cbd, Thcp, Thcv, HSD, HHCPO, C4B<\/strong><\/p>\n\n\n\n<p>Nyckelord f\u00f6r sidan: <br>#Zemour2022, Paris Zemour, Bookmaker 2022,  <br>Vinnare av det franska valet, omr\u00f6stning och sportbetyg, Party: Reconquest! Barn: Clarisse Zemmour, Thibault Zemmour, Hugo Zemmour, Hustru: Myl\u00e8ne Chichportich, f\u00f6rmodad \u00e4lskare och r\u00e5dgivare: Sarah Knafo<br> <\/p>\n<div id=\"toc_container\" class=\"no_bullets\"><p class=\"toc_title\">Inneh\u00e5ll<\/p><ul class=\"toc_list\"><li><ul><li><\/li><li><\/li><\/ul><\/li><li><\/li><li><ul><li><\/li><\/ul><\/li><li><ul><li><ul><li><\/li><\/ul><\/li><li><\/li><li><\/li><\/ul><\/li><\/ul><\/div>","protected":false},"excerpt":{"rendered":"<p>Cote et pronostics pour le candidat \u00c9ric Zemmour :Paris en ligne sur la politique et le futur pr\u00e9sident de la France de 2022 Eric Zemmour le candidat surprise de l&#8217;\u00e9lection, le pol\u00e9miste peut changer les r\u00e9sultats du premier tour et les cotes des Bookmaker Bwin &amp; Unibet! Les sondages n&#8217;arr\u00eate pas d&#8217;augmenter pour l&#8217;ancien journaliste &#8230;<\/p>","protected":false},"author":1,"featured_media":0,"parent":0,"menu_order":0,"comment_status":"closed","ping_status":"closed","template":"page-nosidebar.php","meta":{"footnotes":""},"yoast_head":"<!-- This site is optimized with the Yoast SEO Premium plugin v21.0 (Yoast SEO v21.0) - https:\/\/yoast.com\/wordpress\/plugins\/seo\/ -->\n<title>Parier sur l&#039;\u00e9lection d&#039;Eric Zemmour - Finale Coupe du Monde FIFA<\/title>\n<meta name=\"description\" content=\"Pariez sur Emmanuel Macron pour l&#039;Election 2022 : Cliquez Ici et Gagnez Gros! Pronostics ,Comparaison des Bookmakers et des meilleurs Cotes.\" \/>\n<meta name=\"robots\" content=\"index, follow, max-snippet:-1, max-image-preview:large, max-video-preview:-1\" \/>\n<link rel=\"canonical\" href=\"https:\/\/parier-presidentielle.com\/sv\/zemmour-val\/\" \/>\n<meta property=\"og:locale\" content=\"sv_SE\" \/>\n<meta property=\"og:type\" content=\"article\" \/>\n<meta property=\"og:title\" content=\"Parier sur l&#039;\u00e9lection d&#039;Eric Zemmour\" \/>\n<meta property=\"og:description\" content=\"Pariez sur Emmanuel Macron pour l&#039;Election 2022 : Cliquez Ici et Gagnez Gros! Pronostics ,Comparaison des Bookmakers et des meilleurs Cotes.\" \/>\n<meta property=\"og:url\" content=\"https:\/\/parier-presidentielle.com\/sv\/zemmour-val\/\" \/>\n<meta property=\"og:site_name\" content=\"Parier Pr\u00e9sidentielle\" \/>\n<meta property=\"article:modified_time\" content=\"2022-04-24T10:33:15+00:00\" \/>\n<meta property=\"og:image\" content=\"https:\/\/parier-presidentielle.com\/wp-content\/uploads\/2021\/09\/22204991lpmw-22209477-article-jpg_8234264_980x426.jpg\" \/>\n<meta name=\"twitter:card\" content=\"summary_large_image\" \/>\n<meta name=\"twitter:label1\" content=\"Est. reading time\" \/>\n\t<meta name=\"twitter:data1\" content=\"7 minuter\" \/>\n<script type=\"application\/ld+json\" class=\"yoast-schema-graph\">{\"@context\":\"https:\/\/schema.org\",\"@graph\":[{\"@type\":\"WebPage\",\"@id\":\"https:\/\/parier-presidentielle.com\/zemmour-election\/\",\"url\":\"https:\/\/parier-presidentielle.com\/zemmour-election\/\",\"name\":\"Parier sur l'\u00e9lection d'Eric Zemmour - Finale Coupe du Monde FIFA\",\"isPartOf\":{\"@id\":\"https:\/\/parier-presidentielle.com\/#website\"},\"datePublished\":\"2021-09-06T21:13:07+00:00\",\"dateModified\":\"2022-04-24T10:33:15+00:00\",\"description\":\"Pariez sur Emmanuel Macron pour l'Election 2022 : Cliquez Ici et Gagnez Gros! Pronostics ,Comparaison des Bookmakers et des meilleurs Cotes.\",\"breadcrumb\":{\"@id\":\"https:\/\/parier-presidentielle.com\/zemmour-election\/#breadcrumb\"},\"inLanguage\":\"sv-SE\",\"potentialAction\":[{\"@type\":\"ReadAction\",\"target\":[\"https:\/\/parier-presidentielle.com\/zemmour-election\/\"]}]},{\"@type\":\"BreadcrumbList\",\"@id\":\"https:\/\/parier-presidentielle.com\/zemmour-election\/#breadcrumb\",\"itemListElement\":[{\"@type\":\"ListItem\",\"position\":1,\"name\":\"Accueil\",\"item\":\"https:\/\/parier-presidentielle.com\/\"},{\"@type\":\"ListItem\",\"position\":2,\"name\":\"Parier sur l&#8217;\u00e9lection d&#8217;Eric Zemmour\"}]},{\"@type\":\"WebSite\",\"@id\":\"https:\/\/parier-presidentielle.com\/#website\",\"url\":\"https:\/\/parier-presidentielle.com\/\",\"name\":\"Parier Pr\u00e9sidentielle\",\"description\":\"Paris, Pronostics, Wiki sur la Politique, les Elections Am\u00e9ricaines: Joe Biden, Donald Trump avec les Bookmakers en ligne Unibet, Bwin, Betclic, Winamax\",\"potentialAction\":[{\"@type\":\"SearchAction\",\"target\":{\"@type\":\"EntryPoint\",\"urlTemplate\":\"https:\/\/parier-presidentielle.com\/?s={search_term_string}\"},\"query-input\":\"required name=search_term_string\"}],\"inLanguage\":\"sv-SE\"}]}<\/script>\n<!-- \/ Yoast SEO Premium plugin. -->","yoast_head_json":{"title":"Parier sur l'\u00e9lection d'Eric Zemmour - Finale Coupe du Monde FIFA","description":"Pariez sur Emmanuel Macron pour l'Election 2022 : Cliquez Ici et Gagnez Gros! Pronostics ,Comparaison des Bookmakers et des meilleurs Cotes.","robots":{"index":"index","follow":"follow","max-snippet":"max-snippet:-1","max-image-preview":"max-image-preview:large","max-video-preview":"max-video-preview:-1"},"canonical":"https:\/\/parier-presidentielle.com\/sv\/zemmour-val\/","og_locale":"sv_SE","og_type":"article","og_title":"Parier sur l'\u00e9lection d'Eric Zemmour","og_description":"Pariez sur Emmanuel Macron pour l'Election 2022 : Cliquez Ici et Gagnez Gros! Pronostics ,Comparaison des Bookmakers et des meilleurs Cotes.","og_url":"https:\/\/parier-presidentielle.com\/sv\/zemmour-val\/","og_site_name":"Parier Pr\u00e9sidentielle","article_modified_time":"2022-04-24T10:33:15+00:00","og_image":[{"url":"https:\/\/parier-presidentielle.com\/wp-content\/uploads\/2021\/09\/22204991lpmw-22209477-article-jpg_8234264_980x426.jpg"}],"twitter_card":"summary_large_image","twitter_misc":{"Est. reading time":"7 minuter"},"schema":{"@context":"https:\/\/schema.org","@graph":[{"@type":"WebPage","@id":"https:\/\/parier-presidentielle.com\/zemmour-election\/","url":"https:\/\/parier-presidentielle.com\/zemmour-election\/","name":"Parier sur l'\u00e9lection d'Eric Zemmour - Finale Coupe du Monde FIFA","isPartOf":{"@id":"https:\/\/parier-presidentielle.com\/#website"},"datePublished":"2021-09-06T21:13:07+00:00","dateModified":"2022-04-24T10:33:15+00:00","description":"Pariez sur Emmanuel Macron pour l'Election 2022 : Cliquez Ici et Gagnez Gros! Pronostics ,Comparaison des Bookmakers et des meilleurs Cotes.","breadcrumb":{"@id":"https:\/\/parier-presidentielle.com\/zemmour-election\/#breadcrumb"},"inLanguage":"sv-SE","potentialAction":[{"@type":"ReadAction","target":["https:\/\/parier-presidentielle.com\/zemmour-election\/"]}]},{"@type":"BreadcrumbList","@id":"https:\/\/parier-presidentielle.com\/zemmour-election\/#breadcrumb","itemListElement":[{"@type":"ListItem","position":1,"name":"Accueil","item":"https:\/\/parier-presidentielle.com\/"},{"@type":"ListItem","position":2,"name":"Parier sur l&#8217;\u00e9lection d&#8217;Eric Zemmour"}]},{"@type":"WebSite","@id":"https:\/\/parier-presidentielle.com\/#website","url":"https:\/\/parier-presidentielle.com\/","name":"Parier Pr\u00e9sidentielle","description":"Paris, Pronostics, Wiki sur la Politique, les Elections Am\u00e9ricaines: Joe Biden, Donald Trump avec les Bookmakers en ligne Unibet, Bwin, Betclic, Winamax","potentialAction":[{"@type":"SearchAction","target":{"@type":"EntryPoint","urlTemplate":"https:\/\/parier-presidentielle.com\/?s={search_term_string}"},"query-input":"required name=search_term_string"}],"inLanguage":"sv-SE"}]}},"_links":{"self":[{"href":"https:\/\/parier-presidentielle.com\/sv\/wp-json\/wp\/v2\/pages\/38"}],"collection":[{"href":"https:\/\/parier-presidentielle.com\/sv\/wp-json\/wp\/v2\/pages"}],"about":[{"href":"https:\/\/parier-presidentielle.com\/sv\/wp-json\/wp\/v2\/types\/page"}],"author":[{"embeddable":true,"href":"https:\/\/parier-presidentielle.com\/sv\/wp-json\/wp\/v2\/users\/1"}],"replies":[{"embeddable":true,"href":"https:\/\/parier-presidentielle.com\/sv\/wp-json\/wp\/v2\/comments?post=38"}],"version-history":[{"count":17,"href":"https:\/\/parier-presidentielle.com\/sv\/wp-json\/wp\/v2\/pages\/38\/revisions"}],"predecessor-version":[{"id":1644,"href":"https:\/\/parier-presidentielle.com\/sv\/wp-json\/wp\/v2\/pages\/38\/revisions\/1644"}],"wp:attachment":[{"href":"https:\/\/parier-presidentielle.com\/sv\/wp-json\/wp\/v2\/media?parent=38"}],"curies":[{"name":"wp","href":"https:\/\/api.w.org\/{rel}","templated":true}]}}