{"id":422,"date":"2022-01-11T22:54:26","date_gmt":"2022-01-11T21:54:26","guid":{"rendered":"https:\/\/parier-presidentielle.com\/?page_id=422"},"modified":"2022-04-24T09:32:12","modified_gmt":"2022-04-24T07:32:12","slug":"valerie-pecresse-election","status":"publish","type":"page","link":"https:\/\/parier-presidentielle.com\/sv\/valerie-pecresse-val\/","title":{"rendered":"Satsa p\u00e5 valet av Val\u00e9rie P\u00e9cresse"},"content":{"rendered":"<h2 class=\"wp-block-heading\"><span id=\"cote-et-pronostics-pour-la-candidate-ump-valerie-pecresse-paris-en-ligne-sur-la-politique-et-la-future-presidente-de-la-france-de-2022\">Odds och f\u00f6ruts\u00e4gelser f\u00f6r UMP-kandidaten Val\u00e9rie P\u00e9cresse:<br>Onlinespel p\u00e5 politik och Frankrikes framtida president 2022<br><br><\/span><\/h2>\n\n\n\n<div class=\"wp-block-image wp-duotone-000097-ff4747-1\"><figure class=\"aligncenter size-large is-resized\"><img decoding=\"async\" loading=\"lazy\" src=\"https:\/\/parier-presidentielle.com\/wp-content\/uploads\/2022\/01\/valerie-pecresse-1024x512.jpeg\" alt=\"Valerie Pecresse\" class=\"wp-image-427\" width=\"526\" height=\"262\" srcset=\"https:\/\/parier-presidentielle.com\/wp-content\/uploads\/2022\/01\/valerie-pecresse-1024x512.jpeg 1024w, https:\/\/parier-presidentielle.com\/wp-content\/uploads\/2022\/01\/valerie-pecresse-300x150.jpeg 300w, https:\/\/parier-presidentielle.com\/wp-content\/uploads\/2022\/01\/valerie-pecresse-768x384.jpeg 768w, https:\/\/parier-presidentielle.com\/wp-content\/uploads\/2022\/01\/valerie-pecresse.jpeg 1440w\" sizes=\"(max-width: 526px) 100vw, 526px\" \/><\/figure><\/div>\n\n\n\n<p><br>Presidentvalet 2022 \u00e4r redan i rampljuset. Detta kommer att vara ett test f\u00f6r det &quot;nya normala&quot;. Fransm\u00e4nnen har \u00e4nnu inte haft m\u00f6jlighet att r\u00f6sta sedan h\u00e4lsokrisen b\u00f6rjade. De kommer att beh\u00f6va anpassa sig till nya s\u00e4tt att r\u00f6sta, p\u00e5 distans och med masker. Presidentvalet \u00e4r alltid en stor h\u00e4ndelse i Frankrike, s\u00e5 det \u00e4r viktigt att f\u00f6lja m\u00e4tningarna och satsa p\u00e5 den kandidat som har st\u00f6rst sannolikhet att eftertr\u00e4da Macron.<\/p>\n\n\n\n<p>I \u00e5r st\u00e5r m\u00e5nga kandidater p\u00e5 startlinjen. Vissa \u00e4r mer k\u00e4nda \u00e4n andra. Att satsa p\u00e5 till exempel Val\u00e9rie P\u00e9cresse \u00e4r ett s\u00e4kert kort eftersom hon har varit i politiken l\u00e4nge och hon har sina anh\u00e4ngare. Hon var borgm\u00e4stare i Versailles fr\u00e5n 2002 till 2016, sedan president f\u00f6r \u00cele-de-France fram till 2020.<\/p>\n\n\n\n<p>Presidentvalet 2022: Val\u00e9rie P\u00e9cresses anteckningar och f\u00f6ruts\u00e4gelser<\/p>\n\n\n\n<p>Val\u00e9rie P\u00e9cresse fattade beslutet att kandidera till presidentposten efter att ha varit medlem i flera politiska partier under sin karri\u00e4r: UDF, UMP och sedan Les R\u00e9publicains. Hon var en del av Nicolas Sarkozys regering n\u00e4r han blev Frankrikes president 2007. 2017 st\u00f6dde hon \u00f6ppet Emmanuel Macron under presidentkampanjen.<\/p>\n\n\n\n<h2 class=\"wp-block-heading\"><span id=\"biographie-de-valerie-pecresse-pour-bien-parier\"> <br>Biografi om Val\u00e9rie P\u00e9cresse f\u00f6r en bra satsning!<\/span><\/h2>\n\n\n\n<p><\/p>\n\n\n\n<p><strong>Val\u00e9rie P\u00e9cresse<\/strong>\u00a0f\u00f6dd Val\u00e9rie Roux (Neuilly-sur-Seine, 14 juli 1967) \u00e4r en fransk politiker. Hon \u00e4r f\u00f6r n\u00e4rvarande ordf\u00f6rande f\u00f6r Ile de Frances regionala r\u00e5d.<\/p>\n\n\n\n<p>Den 4 december 2021 valdes hon till kandidat i det franska presidentvalet 2022 av det republikanska partiet, med 61 %-r\u00f6ster mot de 39 % som Eric Ciotti fick i den andra omg\u00e5ngen av prim\u00e4rvalen.<\/p>\n\n\n\n<h2 class=\"wp-block-heading\"><span id=\"biographie\">Biografi<\/span><\/h2>\n\n\n\n<p>Revisor vid statsr\u00e5det sedan 1992, hon var r\u00e5dgivare \u00e5t Jacques Chirac och undervisade vid fakulteten f\u00f6r Institutet f\u00f6r politiska studier i Paris i sex \u00e5r. Under parlamentsvalet 2002 valdes han till suppleant f\u00f6r Yvelines och omvaldes 2007 och 2012. Minister f\u00f6r h\u00f6gre utbildning och forskning fr\u00e5n 2007 till 2011, ledde reformen av universitetets autonomi och var chef f\u00f6r UMP-listan i 2010 \u00e5rs regionala val i regionen Ile-de-France. Fr\u00e5n 2011 till 2012 var hon minister f\u00f6r budget, offentliga r\u00e4kenskaper och statsreform och talesperson f\u00f6r regeringen. I december 2014 uts\u00e5gs hon till samordnare f\u00f6r de regionala valen 2015 och var chef f\u00f6r listan f\u00f6r partiet Les R\u00e9publicains f\u00f6r regionen Ile-de-France, som hon vann i den andra omg\u00e5ngen mot den socialistiska kandidaten Claude Bartolone.<\/p>\n\n\n\n<p>Han var medlem i Union for a Popular Movement (UMP) fr\u00e5n 2002 till 2015 och i Republikanerna (LR) fram till den 5 juni 2019, d\u00e5 han meddelade att han l\u00e4mnade partiet efter misslyckandet i valet till Europa. (8.5% r\u00f6ster) och Laurent Wauquiez avg\u00e5ng. P\u00e9cresse uttryckte d\u00e5 sin \u00f6nskan att &quot;&nbsp;&nbsp;<em>\u00e5teruppbygga h\u00f6gern, hotad av utrotning<\/em>&nbsp;&quot;men av&quot;&nbsp;<em>det yttre<\/em>&nbsp;\u00bb, genom att leda sitt eget&nbsp;<em>L\u00e5t oss vara fri r\u00f6rlighet<\/em>&nbsp;!.<\/p>\n\n\n\n<h3 class=\"wp-block-heading\"><span id=\"candidat-aux-elections-presidentielles-de-2022\">Kandidat f\u00f6r presidentvalet 2022<\/span><\/h3>\n\n\n\n<p>Den 22 juli 2021 tillk\u00e4nnagav Val\u00e9rie P\u00e9cresse sin kandidatur till h\u00f6gerprim\u00e4rerna med sikte p\u00e5 presidentvalet 2022, och f\u00f6rklarade att hon ville &quot;\u00e5terst\u00e4lla den franska stoltheten&quot; och &quot;bringa ordning i Frankrike&quot;. Som kandidat till den republikanska kongressen i syfte att nominera partiets presidentkandidat \u00e5terupptog hon sitt partikort i oktober 2021. Den 2 december kom han p\u00e5 andra plats i den f\u00f6rsta omg\u00e5ngen av kongressens prim\u00e4rval, med 25 % av r\u00f6sterna, mindre \u00e4n en po\u00e4ng bakom Eric Ciotti (25,59 %). Efter att resultaten av den f\u00f6rsta omg\u00e5ngen tillk\u00e4nnagavs f\u00f6re den andra omg\u00e5ngen fick hon st\u00f6d av Xavier Bertrand, Michel Barnier och Philippe Juvin. I den andra omg\u00e5ngen den 4 december 2021 valdes hon in som kandidat f\u00f6r 2022 \u00e5rs franska presidentval av det republikanska partiet, med 61% mot 39% producerat av Eric Ciotti.<\/p>\n\n\n\n<h2 class=\"wp-block-heading\"><span id=\"positions-politiques\">Politiska st\u00e5ndpunkter<\/span><\/h2>\n\n\n\n<p>Han f\u00f6rklarade sig f\u00f6r ekonomisk liberalism och h\u00e4vdade i augusti 2021 att det var &quot;tv\u00e5 tredjedelar Merkel, en tredjedel Thatcher&quot;.<\/p>\n\n\n\n<p>N\u00e4r presidentvalet 2022 n\u00e4rmar sig lovade han att minska de offentliga utgifterna och skatterna genom fyra stora reformer: avskaffandet av 150 000 jobb inom den offentliga f\u00f6rvaltningen, \u00f6verg\u00e5ngen till pension vid 65, s\u00e4nkningen av arbetsl\u00f6shetsers\u00e4ttningen och separationen fr\u00e5n staten. fr\u00e5n konkurrerande f\u00f6retag d\u00e4r den \u00e4r minoritetsaktie\u00e4gare.<\/p>\n\n\n\n<p>I motsats till lagf\u00f6rslaget om samk\u00f6nade \u00e4ktenskap i Frankrike deltog hon i olika demonstrationer som motsatte sig samk\u00f6nade \u00e4ktenskap och samk\u00f6nade f\u00f6r\u00e4ldraskap mellan 2012 och 2013, framf\u00f6r allt ledda av La Manif pour tous. HAR<\/p>\n\n\n\n<p>2021 f\u00f6respr\u00e5kade han ett mer restriktivt f\u00f6rh\u00e5llningss\u00e4tt till invandringsfr\u00e5gan och kallade det &quot;en stor utmaning f\u00f6r samh\u00e4llet&quot;. I synnerhet f\u00f6resl\u00e5s inr\u00e4ttandet av maximala \u00e5rliga invandringstak och str\u00e4ngare villkor f\u00f6r utf\u00e4rdandet av ett uppeh\u00e5llstillst\u00e5nd, s\u00e5som att ha &quot;tillr\u00e4ckliga resurser&quot; (vars belopp skulle \u00f6ka med 25 %), &quot;kunskaper i franska spr\u00e5ket&quot; och &quot;respekt f\u00f6r sekularism och republikens v\u00e4rderingar.&quot; Slutligen vill du utesluta personer som har bott i Frankrike i mindre \u00e4n fem \u00e5r fr\u00e5n socialbidragssystemen.<\/p>\n\n\n\n<p><\/p>\n\n\n\n<p><\/p>\n<div id=\"toc_container\" class=\"no_bullets\"><p class=\"toc_title\">Inneh\u00e5ll<\/p><ul class=\"toc_list\"><li><\/li><li><\/li><li><ul><li><\/li><\/ul><\/li><li><\/li><\/ul><\/div>","protected":false},"excerpt":{"rendered":"<p>Cote et pronostics pour la candidate UMP Val\u00e9rie P\u00e9cresse :Paris en ligne sur la politique et la future pr\u00e9sidente de la France de 2022 Les \u00e9lections pr\u00e9sidentielles de 2022 sont d\u00e9j\u00e0 sous le feu des projecteurs. Il s&#8217;agira d&#8217;un test pour la &#8220;nouvelle normalit\u00e9&#8221;. Les Fran\u00e7ais n&#8217;ont pas encore eu l&#8217;occasion de voter depuis le &#8230;<\/p>","protected":false},"author":1,"featured_media":0,"parent":0,"menu_order":0,"comment_status":"closed","ping_status":"closed","template":"page-nosidebar.php","meta":{"footnotes":""},"yoast_head":"<!-- This site is optimized with the Yoast SEO Premium plugin v21.0 (Yoast SEO v21.0) - https:\/\/yoast.com\/wordpress\/plugins\/seo\/ -->\n<title>Parier sur l\u2019\u00e9lection de Val\u00e9rie P\u00e9cresse - Finale Coupe du Monde FIFA<\/title>\n<meta name=\"description\" content=\"Pariez sur P\u00e9cresse pour l&#039;\u00e9lection 2022 : Cliquez Ici et Gagnez Gros! Pronostics ,Comparaison des Bookmakers et des meilleurs Cotes.\" \/>\n<meta name=\"robots\" content=\"index, follow, max-snippet:-1, max-image-preview:large, max-video-preview:-1\" \/>\n<link rel=\"canonical\" href=\"https:\/\/parier-presidentielle.com\/sv\/valerie-pecresse-val\/\" \/>\n<meta property=\"og:locale\" content=\"sv_SE\" \/>\n<meta property=\"og:type\" content=\"article\" \/>\n<meta property=\"og:title\" content=\"Parier sur l\u2019\u00e9lection de Val\u00e9rie P\u00e9cresse\" \/>\n<meta property=\"og:description\" content=\"Pariez sur P\u00e9cresse pour l&#039;\u00e9lection 2022 : Cliquez Ici et Gagnez Gros! Pronostics ,Comparaison des Bookmakers et des meilleurs Cotes.\" \/>\n<meta property=\"og:url\" content=\"https:\/\/parier-presidentielle.com\/sv\/valerie-pecresse-val\/\" \/>\n<meta property=\"og:site_name\" content=\"Parier Pr\u00e9sidentielle\" \/>\n<meta property=\"article:modified_time\" content=\"2022-04-24T07:32:12+00:00\" \/>\n<meta property=\"og:image\" content=\"https:\/\/parier-presidentielle.com\/wp-content\/uploads\/2022\/01\/valerie-pecresse-1024x512.jpeg\" \/>\n<meta name=\"twitter:card\" content=\"summary_large_image\" \/>\n<meta name=\"twitter:label1\" content=\"Est. reading time\" \/>\n\t<meta name=\"twitter:data1\" content=\"5 minuter\" \/>\n<script type=\"application\/ld+json\" class=\"yoast-schema-graph\">{\"@context\":\"https:\/\/schema.org\",\"@graph\":[{\"@type\":\"WebPage\",\"@id\":\"https:\/\/parier-presidentielle.com\/valerie-pecresse-election\/\",\"url\":\"https:\/\/parier-presidentielle.com\/valerie-pecresse-election\/\",\"name\":\"Parier sur l\u2019\u00e9lection de Val\u00e9rie P\u00e9cresse - Finale Coupe du Monde FIFA\",\"isPartOf\":{\"@id\":\"https:\/\/parier-presidentielle.com\/#website\"},\"datePublished\":\"2022-01-11T21:54:26+00:00\",\"dateModified\":\"2022-04-24T07:32:12+00:00\",\"description\":\"Pariez sur P\u00e9cresse pour l'\u00e9lection 2022 : Cliquez Ici et Gagnez Gros! Pronostics ,Comparaison des Bookmakers et des meilleurs Cotes.\",\"breadcrumb\":{\"@id\":\"https:\/\/parier-presidentielle.com\/valerie-pecresse-election\/#breadcrumb\"},\"inLanguage\":\"sv-SE\",\"potentialAction\":[{\"@type\":\"ReadAction\",\"target\":[\"https:\/\/parier-presidentielle.com\/valerie-pecresse-election\/\"]}]},{\"@type\":\"BreadcrumbList\",\"@id\":\"https:\/\/parier-presidentielle.com\/valerie-pecresse-election\/#breadcrumb\",\"itemListElement\":[{\"@type\":\"ListItem\",\"position\":1,\"name\":\"Accueil\",\"item\":\"https:\/\/parier-presidentielle.com\/\"},{\"@type\":\"ListItem\",\"position\":2,\"name\":\"Parier sur l\u2019\u00e9lection de Val\u00e9rie P\u00e9cresse\"}]},{\"@type\":\"WebSite\",\"@id\":\"https:\/\/parier-presidentielle.com\/#website\",\"url\":\"https:\/\/parier-presidentielle.com\/\",\"name\":\"Parier Pr\u00e9sidentielle\",\"description\":\"Paris, Pronostics, Wiki sur la Politique, les Elections Am\u00e9ricaines: Joe Biden, Donald Trump avec les Bookmakers en ligne Unibet, Bwin, Betclic, Winamax\",\"potentialAction\":[{\"@type\":\"SearchAction\",\"target\":{\"@type\":\"EntryPoint\",\"urlTemplate\":\"https:\/\/parier-presidentielle.com\/?s={search_term_string}\"},\"query-input\":\"required name=search_term_string\"}],\"inLanguage\":\"sv-SE\"}]}<\/script>\n<!-- \/ Yoast SEO Premium plugin. -->","yoast_head_json":{"title":"Parier sur l\u2019\u00e9lection de Val\u00e9rie P\u00e9cresse - Finale Coupe du Monde FIFA","description":"Pariez sur P\u00e9cresse pour l'\u00e9lection 2022 : Cliquez Ici et Gagnez Gros! Pronostics ,Comparaison des Bookmakers et des meilleurs Cotes.","robots":{"index":"index","follow":"follow","max-snippet":"max-snippet:-1","max-image-preview":"max-image-preview:large","max-video-preview":"max-video-preview:-1"},"canonical":"https:\/\/parier-presidentielle.com\/sv\/valerie-pecresse-val\/","og_locale":"sv_SE","og_type":"article","og_title":"Parier sur l\u2019\u00e9lection de Val\u00e9rie P\u00e9cresse","og_description":"Pariez sur P\u00e9cresse pour l'\u00e9lection 2022 : Cliquez Ici et Gagnez Gros! Pronostics ,Comparaison des Bookmakers et des meilleurs Cotes.","og_url":"https:\/\/parier-presidentielle.com\/sv\/valerie-pecresse-val\/","og_site_name":"Parier Pr\u00e9sidentielle","article_modified_time":"2022-04-24T07:32:12+00:00","og_image":[{"url":"https:\/\/parier-presidentielle.com\/wp-content\/uploads\/2022\/01\/valerie-pecresse-1024x512.jpeg"}],"twitter_card":"summary_large_image","twitter_misc":{"Est. reading time":"5 minuter"},"schema":{"@context":"https:\/\/schema.org","@graph":[{"@type":"WebPage","@id":"https:\/\/parier-presidentielle.com\/valerie-pecresse-election\/","url":"https:\/\/parier-presidentielle.com\/valerie-pecresse-election\/","name":"Parier sur l\u2019\u00e9lection de Val\u00e9rie P\u00e9cresse - Finale Coupe du Monde FIFA","isPartOf":{"@id":"https:\/\/parier-presidentielle.com\/#website"},"datePublished":"2022-01-11T21:54:26+00:00","dateModified":"2022-04-24T07:32:12+00:00","description":"Pariez sur P\u00e9cresse pour l'\u00e9lection 2022 : Cliquez Ici et Gagnez Gros! Pronostics ,Comparaison des Bookmakers et des meilleurs Cotes.","breadcrumb":{"@id":"https:\/\/parier-presidentielle.com\/valerie-pecresse-election\/#breadcrumb"},"inLanguage":"sv-SE","potentialAction":[{"@type":"ReadAction","target":["https:\/\/parier-presidentielle.com\/valerie-pecresse-election\/"]}]},{"@type":"BreadcrumbList","@id":"https:\/\/parier-presidentielle.com\/valerie-pecresse-election\/#breadcrumb","itemListElement":[{"@type":"ListItem","position":1,"name":"Accueil","item":"https:\/\/parier-presidentielle.com\/"},{"@type":"ListItem","position":2,"name":"Parier sur l\u2019\u00e9lection de Val\u00e9rie P\u00e9cresse"}]},{"@type":"WebSite","@id":"https:\/\/parier-presidentielle.com\/#website","url":"https:\/\/parier-presidentielle.com\/","name":"Parier Pr\u00e9sidentielle","description":"Paris, Pronostics, Wiki sur la Politique, les Elections Am\u00e9ricaines: Joe Biden, Donald Trump avec les Bookmakers en ligne Unibet, Bwin, Betclic, Winamax","potentialAction":[{"@type":"SearchAction","target":{"@type":"EntryPoint","urlTemplate":"https:\/\/parier-presidentielle.com\/?s={search_term_string}"},"query-input":"required name=search_term_string"}],"inLanguage":"sv-SE"}]}},"_links":{"self":[{"href":"https:\/\/parier-presidentielle.com\/sv\/wp-json\/wp\/v2\/pages\/422"}],"collection":[{"href":"https:\/\/parier-presidentielle.com\/sv\/wp-json\/wp\/v2\/pages"}],"about":[{"href":"https:\/\/parier-presidentielle.com\/sv\/wp-json\/wp\/v2\/types\/page"}],"author":[{"embeddable":true,"href":"https:\/\/parier-presidentielle.com\/sv\/wp-json\/wp\/v2\/users\/1"}],"replies":[{"embeddable":true,"href":"https:\/\/parier-presidentielle.com\/sv\/wp-json\/wp\/v2\/comments?post=422"}],"version-history":[{"count":7,"href":"https:\/\/parier-presidentielle.com\/sv\/wp-json\/wp\/v2\/pages\/422\/revisions"}],"predecessor-version":[{"id":1598,"href":"https:\/\/parier-presidentielle.com\/sv\/wp-json\/wp\/v2\/pages\/422\/revisions\/1598"}],"wp:attachment":[{"href":"https:\/\/parier-presidentielle.com\/sv\/wp-json\/wp\/v2\/media?parent=422"}],"curies":[{"name":"wp","href":"https:\/\/api.w.org\/{rel}","templated":true}]}}