{"id":525,"date":"2022-02-17T17:17:02","date_gmt":"2022-02-17T16:17:02","guid":{"rendered":"https:\/\/parier-presidentielle.com\/?page_id=525"},"modified":"2022-04-12T00:47:22","modified_gmt":"2022-04-11T22:47:22","slug":"1xbit-politique","status":"publish","type":"page","link":"https:\/\/parier-presidentielle.com\/sv\/1xbit-policy\/","title":{"rendered":"1xBit: Att satsa p\u00e5 politik i Bitcoin"},"content":{"rendered":"<h2 class=\"wp-block-heading\"><span id=\"1xbit-analyse-du-nouveaux-bookmaker-specialise-en-bitcoin\">1xbit: Analys av den nya bookmakern specialiserad p\u00e5 Bitcoin<\/span><\/h2>\n\n\n\n<p>1xBit \u00e4r faktiskt den mest innovativa sportbetting-\/spelsajten p\u00e5 den internationella scenen <strong>det \u00e4r den enda som endast till\u00e5ter ins\u00e4ttningar och uttag via kryptovalutor<\/strong>, det \u00e4r definitivt en nyhet som har skakat v\u00e4rlden av onlinespel. <br>P\u00e5 grund av denna betalningsmetod kr\u00e4ver plattformen ingen specifik licens f\u00f6r att verka p\u00e5 marknaden, utan eftersom bookmakern anses trygg och s\u00e4ker, eftersom den \u00e4r en del av gruppen &quot;1X Corp NV&quot;. \u00c4garen av den mest k\u00e4nda webbplatsen 1xBet med en internationell licens utf\u00e4rdad av lagen i Curacao och tusentals bettingcenter \u00f6ver hela Europa, dessutom har han ocks\u00e5 utvecklat ett stort utrymme under de senaste \u00e5ren tack vare sponsringen av n\u00e5gra fotbollslag i v\u00e4rldsklass.<\/p>\n\n\n\n<div class=\"wp-block-image\"><figure class=\"aligncenter size-large is-resized\"><img decoding=\"async\" loading=\"lazy\" src=\"https:\/\/parier-presidentielle.com\/wp-content\/uploads\/2022\/04\/1xBit-pour-parier-sur-la-politique-en-bitcoin-1024x546.jpg\" alt=\"1xbit f\u00f6r att satsa p\u00e5 bitcoinpolitik\" class=\"wp-image-1223\" width=\"768\" height=\"410\" srcset=\"https:\/\/parier-presidentielle.com\/wp-content\/uploads\/2022\/04\/1xBit-pour-parier-sur-la-politique-en-bitcoin-1024x546.jpg 1024w, https:\/\/parier-presidentielle.com\/wp-content\/uploads\/2022\/04\/1xBit-pour-parier-sur-la-politique-en-bitcoin-300x160.jpg 300w, https:\/\/parier-presidentielle.com\/wp-content\/uploads\/2022\/04\/1xBit-pour-parier-sur-la-politique-en-bitcoin-768x410.jpg 768w, https:\/\/parier-presidentielle.com\/wp-content\/uploads\/2022\/04\/1xBit-pour-parier-sur-la-politique-en-bitcoin-1536x819.jpg 1536w, https:\/\/parier-presidentielle.com\/wp-content\/uploads\/2022\/04\/1xBit-pour-parier-sur-la-politique-en-bitcoin-2048x1092.jpg 2048w, https:\/\/parier-presidentielle.com\/wp-content\/uploads\/2022\/04\/1xBit-pour-parier-sur-la-politique-en-bitcoin-18x10.jpg 18w\" sizes=\"(max-width: 768px) 100vw, 768px\" \/><\/figure><\/div>\n\n\n\n<p>N\u00e4r vi kommer tillbaka till 1xBit kan vi s\u00e4ga att n\u00e4r det kommer till sportspel \u00e4r det ett val av m\u00e5nga spelarna eftersom det erbjuder ett brett utbud av speltyper med odds l\u00e5ngt \u00f6ver genomsnittet och erbjuder \u00e4ven en utm\u00e4rkt dedikerad sektion f\u00f6r liveevenemang. Mycket l\u00e4tt att anv\u00e4nda, \u00e4ven de som inte \u00e4r s\u00e5 insatta i sport kan k\u00e4nna k\u00e4nslorna, tack vare dess st\u00e4ndigt uppdaterade statistiktj\u00e4nst, f\u00f6rslag p\u00e5 spel att spela och m\u00f6jligheten att chatta i realtid med andra spelare. andra spelare om de \u00e4r uppkopplade till webbplatsen. Alla dessa innovationer g\u00f6r det till en av de b\u00e4sta sajterna f\u00f6r betting. 1xBit l\u00e5ter dig ocks\u00e5 f\u00f6lja m\u00e5nga liveevenemang, du beh\u00f6ver bara ha pengar p\u00e5 ditt spelkonto!<\/p>\n\n\n\n<h2 class=\"wp-block-heading\"><span id=\"comment-s8217inscrire-sur-1xbit-et-parier-sur-la-presidentielle\">Hur man registrerar sig p\u00e5 1xbit och satsar p\u00e5 presidentvalet<\/span><\/h2>\n\n\n\n<p>En annan ny funktion som s\u00e4kerligen kommer att locka spelarna \u00e4r registreringen <strong>v\u00e4ldigt snabbt och helt anonymt<\/strong> p\u00e5 webbplatsen, i sj\u00e4lva verket endast i kryptovalutor, utan att skicka dokument och personuppgifter, utan bara ett e-post- eller mobilnummer... f\u00f6r att registrera dig inom kort, kommer ins\u00e4ttningsoperationen att vara helt anonym, med full respekt f\u00f6r kundens integritet.<\/p>\n\n\n\n<h2 class=\"wp-block-heading\"><span id=\"bonus-de-bienvenue\">V\u00e4lkomstbonus<\/span><\/h2>\n\n\n\n<p>Liksom alla andra bettingsidor erbjuder 1xBit en v\u00e4lkomstbonus till nya kunder, upp till 100% p\u00e5 7 BTC p\u00e5 den f\u00f6rsta ins\u00e4ttningen. V\u00e4lkomstbonusen som erbjuds \u00e4r giltig f\u00f6r b\u00e5de Sports Betting och Politics Casino. F\u00f6r att dra full nytta av denna kampanj rekommenderar vi att du l\u00e4ser dess villkor efter registrering.<\/p>\n\n\n\n<p>H\u00e4r \u00e4r de viktigaste punkterna som f\u00f6rklaras av v\u00e5rt team:<\/p>\n\n\n\n<p><\/p>\n\n\n\n<p>F\u00f6r att satsa, f\u00f6r att f\u00e5 bonusen, m\u00e5ste insatsen ha odds p\u00e5 1,60, inga casinospel och 1xbit, bara satsa valfritt belopp.<\/p>\n\n\n\n<p><\/p>\n\n\n\n<p>Satsa p\u00e5 politiken men \u00e4ven kasinot: spel, spelautomater, etc.<\/p>\n\n\n\n<p>Sportkalendern \u00e4r inte begr\u00e4nsad till fotbollsv\u00e4rlden utan l\u00e5ter dig ocks\u00e5 satsa p\u00e5 m\u00e5nga andra sporter och har \u00e4ven en sektion dedikerad till virtuell betting och en sektion f\u00f6r e-sport s\u00e5 att du kan v\u00e4lja fr\u00e5n en stor v\u00e4rld fr\u00e5n Paris.<\/p>\n\n\n\n<p>Det finns \u00e4ven avdelningen Casino, d\u00e4r du hittar otaliga spel, inklusive fantastiska slots, samt fantastiska jackpottar och bonusar.<\/p>\n\n\n\n<p>N\u00e4r det g\u00e4ller betting- eller sportavdelningen erbjuder 1xbit traditionella plattformar (mycket lik Melbet, 1xbet och 22Bet). Spelupplevelsen \u00e4r dock v\u00e4ldigt trevlig och du hittar sportlistan i sidof\u00e4ltet i mitten av spellistan med odds och insatstyper.<\/p>\n\n\n\n<p><strong>En av de starka sidorna med denna bookmaker \u00e4r schemat, det faktum att 1xBit erbjuder enorma odds,<\/strong> oavsett om det \u00e4r lokala turneringar eller internationella sportevenemang, de \u00e4r inte ens konkurrenskraftiga utan h\u00f6ga j\u00e4mf\u00f6rt med t\u00e4vlingar.<\/p>\n\n\n\n<p>En annan punkt som n\u00e4mnts tidigare \u00e4r 1xbit Sport-sidan, som erbjuder intressanta alternativ som:<\/p>\n\n\n\n<p>Dagens evenemang eller turneringar: 1xbit v\u00e4ljer ut dagens viktigaste h\u00e4ndelser och bjuder in sina kunder att satsa, i utbyte mot att erbjuda en annan kampanj varje dag. (Minsta insats \u00e4r 2 Mbt).<\/p>\n\n\n\n<p>Satsa p\u00e5 ditt landslag: 1xbet anv\u00e4nder din IP-adress f\u00f6r att visa dig sporterna i ditt land, eller landslaget p\u00e5 hemsidan f\u00f6r alla sporter som st\u00f6ds som fotboll, tennis, golf eller andra t\u00e4vlingar.<\/p>\n\n\n\n<p>Satsa p\u00e5 de b\u00e4sta turneringarna: Det h\u00e4r alternativet \u00e4r mycket anv\u00e4ndbart, det visar med ett klick dagens b\u00e4sta ligamatch med de h\u00f6gsta oddsen.<\/p>\n\n\n\n<p>Betting p\u00e5 politik: Detta \u00e4r f\u00f6rmodligen en av de f\u00e5 bookmakers p\u00e5 webben som erbjuder den h\u00e4r typen av spel, och erbjuder olika spelalternativ f\u00f6r den politiska situationen i alla l\u00e4nder runt om i v\u00e4rlden. Satsa p\u00e5 vem som blir ny fransk eller amerikansk president<\/p>\n\n\n\n<p><\/p>\n\n\n\n<h2 class=\"wp-block-heading\"><span id=\"service-clients\">Kundservice <\/span><\/h2>\n\n\n\n<p><br>Webbplatsen \u00e4r fullt tillg\u00e4nglig f\u00f6r sina kunder, varf\u00f6r den erbjuder 24\/7 support via livechatt eller e-post. Bonusar betalas ut mycket snabbt, i sj\u00e4lva verket betalas de ut senast 30 minuter efter slutet av vadet. De tillg\u00e4ngliga metoderna \u00e4r: livechatt, e-post och telefonnummer, samt support via sociala n\u00e4tverk (1xBit p\u00e5 Twitter, 1xBit p\u00e5 Instagram, 1xBit p\u00e5 YouTube-kanal, 1xBit p\u00e5 Telegram).<\/p>\n\n\n\n<p>Dessutom erbjuder 1xbit ocks\u00e5 en f\u00f6retagsblogg som ger dig intressanta nyheter och bonusinformation.<\/p>\n\n\n\n<h2 class=\"wp-block-heading\"><span id=\"conclusion-sur-le-bookmaker-1xbit\">Slutsats om 1xbit bookmaker<\/span><\/h2>\n\n\n\n<p>Denna sida \u00e4r original! Om du vill bes\u00f6ka en sida d\u00e4r du kan satsa p\u00e5 n\u00e4stan m\u00e5nga sporter eller andra typer av spel \u00e4r denna bookmaker n\u00e5got f\u00f6r dig. 1xBit.com uppfyllde v\u00e5ra f\u00f6rv\u00e4ntningar och v\u00e5rt team best\u00e4mde sig f\u00f6r att ge det 5 stj\u00e4rnor eftersom det erbjuder en utm\u00e4rkt spelupplevelse. L\u00e5t oss inte heller gl\u00f6mma kasinosektionen, den \u00e4r mycket v\u00e4lgjord, den erbjuder mer \u00e4n 3 000 maskiner slots, spelautomater och m\u00e5nga kort spel. Det enda felet vi hittade var att de inte accepterar kreditkort och bank\u00f6verf\u00f6ringar online.<\/p>\n\n\n\n<h3 class=\"wp-block-heading\"><span id=\"en-resume\"><br><strong>Sammanfattningsvis<\/strong><\/span><\/h3>\n\n\n\n<p>F\u00f6rdel<\/p>\n\n\n\n<ul><li>Den enda sportspelsajten som accepterar bitcoins<\/li><li>Livespel och massor av slots.<\/li><li>Stora kampanjer och bonusar<\/li><li>Gratis ins\u00e4ttningar och uttag<\/li><\/ul>\n\n\n\n<p><br>Standard<\/p>\n\n\n\n<ul><li>Det finns inga andra bankalternativ \u00e4n kryptovalutor.<\/li><li>Webbplatsen beh\u00f6ver n\u00e5gra ergonomiska f\u00f6r\u00e4ndringar<\/li><\/ul>\n\n\n\n<p class=\"has-text-align-center unibet\" style=\"font-size:25px\"><mark style=\"background-color:rgba(0, 0, 0, 0);color:#0d7a12\" class=\"has-inline-color\"><strong><a href=\"https:\/\/parier-presidentielle.com\/sv\/recommends\/unibet\/\">150\u20ac Bonus erbjuds med Unibet<br>F\u00f6r ditt f\u00f6rsta politiska eller sportspel: Klicka h\u00e4r<\/a><\/strong><\/mark><\/p>\n\n\n\n<p><\/p>\n\n\n<div class=\"wp-block-image\">\n<figure class=\"aligncenter is-resized wp-duotone-000097-ff4747-1\"><img decoding=\"async\" loading=\"lazy\" src=\"https:\/\/parier-presidentielle.com\/wp-content\/uploads\/2021\/09\/election-standard-scale-4_00x-gigapixel-1024x623.jpg\" alt=\"Val 2022\" style=\"width:256px;height:156px\" width=\"256\" height=\"156\"\/><\/figure><\/div>\n\n\n<p><br><\/p>\n\n\n\n<p><strong>Parier-presidential hj\u00e4lper dig att g\u00f6ra ditt val mellan de olika<a href=\"https:\/\/parier-presidentielle.com\/sv\/\"> Bookmakers Bwin, Unibet, Betclic kommer att satsa p\u00e5 den framtida amerikanska presidenten 2024<\/a> : <\/strong><br><a href=\"https:\/\/parier-presidentielle.com\/sv\/unibet-politik-val-2022\/\">Unibet Presidential Bookmaker<\/a> : Detaljerad och gratis guide f\u00f6r att g\u00f6ra ditt f\u00f6rsta onlinespel med alla odds och hur du drar nytta av den erbjudna bonusen!<\/p>\n\n\n\n<p>F\u00f6rutom andra Paris-webbplatser: <a href=\"https:\/\/parier-presidentielle.com\/sv\/unibet-politik-val-2022\/\">Bwin<\/a>, <a href=\"https:\/\/parier-presidentielle.com\/sv\/netbet-paris-politik-val-2022\/\">NetBet<\/a>, <a href=\"https:\/\/parier-presidentielle.com\/sv\/betclic-presidential-2022\/\">Betclic<\/a>, <a href=\"https:\/\/parier-presidentielle.com\/sv\/winamax-politik-val-2022\/\">Winamax<\/a>, Parions Sport, Zebet, Betway, France-Pari, Vbet, Cloudbet, 1Xbit, 1xbet, Betfair, Betwinner \u2026<\/p>\n\n\n\n<div class=\"wp-block-columns is-layout-flex wp-container-6 wp-block-columns-is-layout-flex\">\n<div class=\"wp-block-column is-layout-flow wp-block-column-is-layout-flow\" style=\"flex-basis:33.33%\">\n<p>Du har precis l\u00e4st v\u00e5r fil:<\/p>\n<\/div>\n\n\n\n<div class=\"wp-block-column is-layout-flow wp-block-column-is-layout-flow\" style=\"flex-basis:33.33%\">\n<div class=\"wp-block-group is-layout-flow wp-block-group-is-layout-flow\"><div class=\"wp-block-group__inner-container\"><h4 class=\"has-text-align-center wp-block-post-title\"><span id=\"1xbit-pour-parier-sur-la-politique-en-bitcoin\"><a href=\"https:\/\/parier-presidentielle.com\/sv\/1xbit-policy\/\" target=\"_self\" >1xBit: Att satsa p\u00e5 politik i Bitcoin<\/a><\/span><\/h4><\/div><\/div>\n<\/div>\n\n\n\n<div class=\"wp-block-column is-layout-flow wp-block-column-is-layout-flow\" style=\"flex-basis:33.33%\">\n<p class=\"has-text-align-right\">Forts\u00e4tt l\u00e4sa med v\u00e5ra andra exklusiva filer,<\/p>\n<\/div>\n<\/div>\n\n\n\n<h3 class=\"wp-block-heading\" id=\"tous-les-pronostics-sondage-et-cotes-pour-parier-sur-le-futur-vainqueur-de-l-election-presidentielle-2022\"><span id=\"tous-les-pronostics-sondage-et-cotes-pour-parier-sur-le-futur-vainqueur-de-l8217election-presidentielle-2024\">Alla f\u00f6ruts\u00e4gelser, unders\u00f6kningar och odds att satsa p\u00e5 den framtida vinnaren av presidentvalet 2024:<\/span><\/h3>\n\n\n\n<ul>\n<li><a href=\"https:\/\/parier-presidentielle.com\/sv\/makron-val\/\">Satsa p\u00e5 Emmanuel Macron med Unibet, Betclic, Bwin<\/a> : Favoriten i omr\u00f6stningar och f\u00f6ruts\u00e4gelser <\/li>\n\n\n\n<li><a href=\"https:\/\/parier-presidentielle.com\/sv\/marin-le-pen-val\/\">Marine Le Pen: Hennes odds och hur man satsar med bookmakers<\/a>: Utmanaren enligt Unibet<\/li>\n<\/ul>\n\n\n\n<p><\/p>\n\n\n\n<center><script type=\"text\/javascript\" charset=\"utf-8\" src=\"https:\/\/www.gambling-affiliation.com\/cpm\/v=AmIMTDSs92QY6b0MzDMvM5laCjJ-ZlA-1oQ-7tKsi.w_GA7331V2\"><\/script><\/center>\n\n\n\n<h3 class=\"wp-block-heading\"><span id=\"donald-trump-vs-joe-biden-la-video-qui-lance-les-paris-en-ligne-sur-l8217election-politique-de-2024\">Donald Trump vs Joe Biden: Videon som lanserar vadslagning online om det politiska valet 2024<\/span><\/h3>\n\n\n\n<figure class=\"wp-block-embed is-type-video is-provider-youtube wp-block-embed-youtube wp-embed-aspect-16-9 wp-has-aspect-ratio\"><div class=\"wp-block-embed__wrapper\">\n<iframe loading=\"lazy\" title=\"Tidigare president Donald Trump lanserar 2024 Vita husets bud #Short\" width=\"640\" height=\"360\" src=\"https:\/\/www.youtube.com\/embed\/hZykPRVe4Ag?feature=oembed\" frameborder=\"0\" allow=\"accelerometer; autoplay; clipboard-write; encrypted-media; gyroscope; picture-in-picture; web-share\" allowfullscreen><\/iframe>\n<\/div><\/figure>\n\n\n<div class=\"wp-block-image\">\n<figure class=\"aligncenter size-medium\"><a href=\"https:\/\/parier-presidentielle.com\/sv\/recommends\/unibet\/\" target=\"_blank\" rel=\"noopener\"><img decoding=\"async\" loading=\"lazy\" width=\"300\" height=\"169\" src=\"https:\/\/parier-presidentielle.com\/wp-content\/uploads\/2022\/04\/unibet-300x169.jpg\" alt=\"\" class=\"wp-image-1252\" srcset=\"https:\/\/parier-presidentielle.com\/wp-content\/uploads\/2022\/04\/unibet-300x169.jpg 300w, https:\/\/parier-presidentielle.com\/wp-content\/uploads\/2022\/04\/unibet-1024x576.jpg 1024w, https:\/\/parier-presidentielle.com\/wp-content\/uploads\/2022\/04\/unibet-768x432.jpg 768w, https:\/\/parier-presidentielle.com\/wp-content\/uploads\/2022\/04\/unibet-18x10.jpg 18w, https:\/\/parier-presidentielle.com\/wp-content\/uploads\/2022\/04\/unibet.jpg 1280w\" sizes=\"(max-width: 300px) 100vw, 300px\" \/><\/a><\/figure><\/div>\n\n\n<p>Hitta Wiki, de viktiga politiska nyheterna om cannabis och dess juridiska derivat: <strong>HHC, H4cbd, Thcp, Thcv, HSD, HHCPO, C4B<\/strong><\/p>\n<div id=\"toc_container\" class=\"no_bullets\"><p class=\"toc_title\">Inneh\u00e5ll<\/p><ul class=\"toc_list\"><li><\/li><li><\/li><li><\/li><li><\/li><li><ul><li><ul><li><\/li><\/ul><\/li><li><\/li><li><\/li><\/ul><\/li><\/ul><\/div>","protected":false},"excerpt":{"rendered":"<p>1xbit : Analyse du nouveaux bookmaker sp\u00e9cialis\u00e9 en Bitcoin 1xBit est le site de Paris Sportifs\/Jeu le plus innovant sur la sc\u00e8ne internationale, en fait c&#8217;est le seul qui n&#8217;autorise que les d\u00e9p\u00f4ts et les retraits via des crypto-monnaies, c&#8217;est d\u00e9finitivement une nouveaut\u00e9 qui a secou\u00e9 le monde du jeu en ligne. En raison de &#8230;<\/p>","protected":false},"author":1,"featured_media":0,"parent":0,"menu_order":0,"comment_status":"closed","ping_status":"closed","template":"page-nosidebar.php","meta":{"footnotes":""},"yoast_head":"<!-- This site is optimized with the Yoast SEO Premium plugin v21.0 (Yoast SEO v21.0) - https:\/\/yoast.com\/wordpress\/plugins\/seo\/ -->\n<title>1xBit : Pour parier sur la Politique en Bitcoin - Finale Coupe du Monde FIFA<\/title>\n<meta name=\"description\" content=\"Parier avec 1xBit : 7 BTC offert pour votre 1er Pari sur la Politique, le Sport! Guide du Bookmaker pour profiter du Bonus de bienvenue...\" \/>\n<meta name=\"robots\" content=\"index, follow, max-snippet:-1, max-image-preview:large, max-video-preview:-1\" \/>\n<link rel=\"canonical\" href=\"https:\/\/parier-presidentielle.com\/sv\/1xbit-policy\/\" \/>\n<meta property=\"og:locale\" content=\"sv_SE\" \/>\n<meta property=\"og:type\" content=\"article\" \/>\n<meta property=\"og:title\" content=\"1xBit : Pour parier sur la Politique en Bitcoin\" \/>\n<meta property=\"og:description\" content=\"Parier avec 1xBit : 7 BTC offert pour votre 1er Pari sur la Politique, le Sport! Guide du Bookmaker pour profiter du Bonus de bienvenue...\" \/>\n<meta property=\"og:url\" content=\"https:\/\/parier-presidentielle.com\/sv\/1xbit-policy\/\" \/>\n<meta property=\"og:site_name\" content=\"Parier Pr\u00e9sidentielle\" \/>\n<meta property=\"article:modified_time\" content=\"2022-04-11T22:47:22+00:00\" \/>\n<meta property=\"og:image\" content=\"https:\/\/parier-presidentielle.com\/wp-content\/uploads\/2022\/04\/1xBit-pour-parier-sur-la-politique-en-bitcoin-1024x546.jpg\" \/>\n<meta name=\"twitter:card\" content=\"summary_large_image\" \/>\n<meta name=\"twitter:label1\" content=\"Est. reading time\" \/>\n\t<meta name=\"twitter:data1\" content=\"6 minuter\" \/>\n<script type=\"application\/ld+json\" class=\"yoast-schema-graph\">{\"@context\":\"https:\/\/schema.org\",\"@graph\":[{\"@type\":\"WebPage\",\"@id\":\"https:\/\/parier-presidentielle.com\/1xbit-politique\/\",\"url\":\"https:\/\/parier-presidentielle.com\/1xbit-politique\/\",\"name\":\"1xBit : Pour parier sur la Politique en Bitcoin - Finale Coupe du Monde FIFA\",\"isPartOf\":{\"@id\":\"https:\/\/parier-presidentielle.com\/#website\"},\"datePublished\":\"2022-02-17T16:17:02+00:00\",\"dateModified\":\"2022-04-11T22:47:22+00:00\",\"description\":\"Parier avec 1xBit : 7 BTC offert pour votre 1er Pari sur la Politique, le Sport! Guide du Bookmaker pour profiter du Bonus de bienvenue...\",\"breadcrumb\":{\"@id\":\"https:\/\/parier-presidentielle.com\/1xbit-politique\/#breadcrumb\"},\"inLanguage\":\"sv-SE\",\"potentialAction\":[{\"@type\":\"ReadAction\",\"target\":[\"https:\/\/parier-presidentielle.com\/1xbit-politique\/\"]}]},{\"@type\":\"BreadcrumbList\",\"@id\":\"https:\/\/parier-presidentielle.com\/1xbit-politique\/#breadcrumb\",\"itemListElement\":[{\"@type\":\"ListItem\",\"position\":1,\"name\":\"Accueil\",\"item\":\"https:\/\/parier-presidentielle.com\/\"},{\"@type\":\"ListItem\",\"position\":2,\"name\":\"1xBit : Pour parier sur la Politique en Bitcoin\"}]},{\"@type\":\"WebSite\",\"@id\":\"https:\/\/parier-presidentielle.com\/#website\",\"url\":\"https:\/\/parier-presidentielle.com\/\",\"name\":\"Parier Pr\u00e9sidentielle\",\"description\":\"Paris, Pronostics, Wiki sur la Politique, les Elections Am\u00e9ricaines: Joe Biden, Donald Trump avec les Bookmakers en ligne Unibet, Bwin, Betclic, Winamax\",\"potentialAction\":[{\"@type\":\"SearchAction\",\"target\":{\"@type\":\"EntryPoint\",\"urlTemplate\":\"https:\/\/parier-presidentielle.com\/?s={search_term_string}\"},\"query-input\":\"required name=search_term_string\"}],\"inLanguage\":\"sv-SE\"}]}<\/script>\n<!-- \/ Yoast SEO Premium plugin. -->","yoast_head_json":{"title":"1xBit : Pour parier sur la Politique en Bitcoin - Finale Coupe du Monde FIFA","description":"Parier avec 1xBit : 7 BTC offert pour votre 1er Pari sur la Politique, le Sport! Guide du Bookmaker pour profiter du Bonus de bienvenue...","robots":{"index":"index","follow":"follow","max-snippet":"max-snippet:-1","max-image-preview":"max-image-preview:large","max-video-preview":"max-video-preview:-1"},"canonical":"https:\/\/parier-presidentielle.com\/sv\/1xbit-policy\/","og_locale":"sv_SE","og_type":"article","og_title":"1xBit : Pour parier sur la Politique en Bitcoin","og_description":"Parier avec 1xBit : 7 BTC offert pour votre 1er Pari sur la Politique, le Sport! Guide du Bookmaker pour profiter du Bonus de bienvenue...","og_url":"https:\/\/parier-presidentielle.com\/sv\/1xbit-policy\/","og_site_name":"Parier Pr\u00e9sidentielle","article_modified_time":"2022-04-11T22:47:22+00:00","og_image":[{"url":"https:\/\/parier-presidentielle.com\/wp-content\/uploads\/2022\/04\/1xBit-pour-parier-sur-la-politique-en-bitcoin-1024x546.jpg"}],"twitter_card":"summary_large_image","twitter_misc":{"Est. reading time":"6 minuter"},"schema":{"@context":"https:\/\/schema.org","@graph":[{"@type":"WebPage","@id":"https:\/\/parier-presidentielle.com\/1xbit-politique\/","url":"https:\/\/parier-presidentielle.com\/1xbit-politique\/","name":"1xBit : Pour parier sur la Politique en Bitcoin - Finale Coupe du Monde FIFA","isPartOf":{"@id":"https:\/\/parier-presidentielle.com\/#website"},"datePublished":"2022-02-17T16:17:02+00:00","dateModified":"2022-04-11T22:47:22+00:00","description":"Parier avec 1xBit : 7 BTC offert pour votre 1er Pari sur la Politique, le Sport! Guide du Bookmaker pour profiter du Bonus de bienvenue...","breadcrumb":{"@id":"https:\/\/parier-presidentielle.com\/1xbit-politique\/#breadcrumb"},"inLanguage":"sv-SE","potentialAction":[{"@type":"ReadAction","target":["https:\/\/parier-presidentielle.com\/1xbit-politique\/"]}]},{"@type":"BreadcrumbList","@id":"https:\/\/parier-presidentielle.com\/1xbit-politique\/#breadcrumb","itemListElement":[{"@type":"ListItem","position":1,"name":"Accueil","item":"https:\/\/parier-presidentielle.com\/"},{"@type":"ListItem","position":2,"name":"1xBit : Pour parier sur la Politique en Bitcoin"}]},{"@type":"WebSite","@id":"https:\/\/parier-presidentielle.com\/#website","url":"https:\/\/parier-presidentielle.com\/","name":"Parier Pr\u00e9sidentielle","description":"Paris, Pronostics, Wiki sur la Politique, les Elections Am\u00e9ricaines: Joe Biden, Donald Trump avec les Bookmakers en ligne Unibet, Bwin, Betclic, Winamax","potentialAction":[{"@type":"SearchAction","target":{"@type":"EntryPoint","urlTemplate":"https:\/\/parier-presidentielle.com\/?s={search_term_string}"},"query-input":"required name=search_term_string"}],"inLanguage":"sv-SE"}]}},"_links":{"self":[{"href":"https:\/\/parier-presidentielle.com\/sv\/wp-json\/wp\/v2\/pages\/525"}],"collection":[{"href":"https:\/\/parier-presidentielle.com\/sv\/wp-json\/wp\/v2\/pages"}],"about":[{"href":"https:\/\/parier-presidentielle.com\/sv\/wp-json\/wp\/v2\/types\/page"}],"author":[{"embeddable":true,"href":"https:\/\/parier-presidentielle.com\/sv\/wp-json\/wp\/v2\/users\/1"}],"replies":[{"embeddable":true,"href":"https:\/\/parier-presidentielle.com\/sv\/wp-json\/wp\/v2\/comments?post=525"}],"version-history":[{"count":8,"href":"https:\/\/parier-presidentielle.com\/sv\/wp-json\/wp\/v2\/pages\/525\/revisions"}],"predecessor-version":[{"id":1228,"href":"https:\/\/parier-presidentielle.com\/sv\/wp-json\/wp\/v2\/pages\/525\/revisions\/1228"}],"wp:attachment":[{"href":"https:\/\/parier-presidentielle.com\/sv\/wp-json\/wp\/v2\/media?parent=525"}],"curies":[{"name":"wp","href":"https:\/\/api.w.org\/{rel}","templated":true}]}}