{"id":54,"date":"2021-09-07T00:14:00","date_gmt":"2021-09-06T22:14:00","guid":{"rendered":"https:\/\/parier-presidentielle.com\/?page_id=54"},"modified":"2022-04-24T12:00:40","modified_gmt":"2022-04-24T10:00:40","slug":"bookmakers-election","status":"publish","type":"page","link":"https:\/\/parier-presidentielle.com\/sv\/bookmakers-val\/","title":{"rendered":"Bookmakers och presidentvalet"},"content":{"rendered":"<div class=\"wp-block-columns is-layout-flex wp-container-4 wp-block-columns-is-layout-flex\">\n<div class=\"wp-block-column is-layout-flow wp-block-column-is-layout-flow\" style=\"flex-basis:100%\">\n<div class=\"wp-block-columns is-layout-flex wp-container-2 wp-block-columns-is-layout-flex\">\n<div class=\"wp-block-column is-layout-flow wp-block-column-is-layout-flow\" style=\"flex-basis:100%\">\n<center><script type=\"text\/javascript\" charset=\"utf-8\" src=\"https:\/\/www.gambling-affiliation.com\/cpm\/v=AmIMTDSs92QY6b0MzDMvM5laCjJ-ZlA-1oQ-7tKsi.w_GA7331V2\"><\/script><\/center>\n\n\n\n<p><\/p>\n\n\n\n<div class=\"wp-block-image is-style-default\"><figure class=\"aligncenter size-medium\"><a href=\"https:\/\/parier-presidentielle.com\/sv\/recommends\/unibet-logo\/\" target=\"_blank\" rel=\"no follow noopener\"><img decoding=\"async\" loading=\"lazy\" width=\"300\" height=\"169\" src=\"https:\/\/parier-presidentielle.com\/wp-content\/uploads\/2022\/04\/unibet-300x169.jpg\" alt=\"\" class=\"wp-image-1252\" srcset=\"https:\/\/parier-presidentielle.com\/wp-content\/uploads\/2022\/04\/unibet-300x169.jpg 300w, https:\/\/parier-presidentielle.com\/wp-content\/uploads\/2022\/04\/unibet-1024x576.jpg 1024w, https:\/\/parier-presidentielle.com\/wp-content\/uploads\/2022\/04\/unibet-768x432.jpg 768w, https:\/\/parier-presidentielle.com\/wp-content\/uploads\/2022\/04\/unibet-18x10.jpg 18w, https:\/\/parier-presidentielle.com\/wp-content\/uploads\/2022\/04\/unibet.jpg 1280w\" sizes=\"(max-width: 300px) 100vw, 300px\" \/><\/a><\/figure><\/div>\n<\/div>\n<\/div>\n<\/div>\n<\/div>\n\n\n\n<h2 class=\"wp-block-heading\"><span id=\"les-cote-pour-parier-en-ligne-sur-le-futur-vainqueur-en-france-macron-vs-le-pen\">Oddsen f\u00f6r att satsa online p\u00e5 den framtida vinnaren i Frankrike Macron vs Le Pen<\/span><\/h2>\n\n\n\n<p>Om du letar efter en bettingsida eller p\u00e5 engelska <a href=\"https:\/\/parier-presidentielle.com\/sv\/\">Bookmaker <\/a> inf\u00f6r presidentvalet 2022, h\u00e4r hittar du den mest kompletta och detaljerade informationen om Parier-Pr\u00e9sidentielle!<br>Dessutom hittar vi alla vad som erbjuds av bookmakers inklusive vadslagningsodds, liveresultat\/trender och andra spel \u00e4n politik som sportvadslagning (fotboll, etc.) eller till och med poker.<\/p>\n\n\n\n<p>I den h\u00e4r artikeln kommer vi att presentera reglerna f\u00f6r 2022 \u00e5rs president vadslagning, sedan kommer vi att analysera kandidaterna och de olika m\u00f6jliga vaden p\u00e5 denna h\u00e4ndelse i den andra omg\u00e5ngen av presidentvalet 2022 i Frankrike.<\/p>\n\n\n\n<p>Uppt\u00e4ck alla odds f\u00f6r presidentvalet 2022 <a href=\"https:\/\/parier-presidentielle.com\/sv\/unibet-politik-val-2022\/\">Unibet<\/a> ! S\u00e5 nu n\u00e4r du vet allt, tveka inte och g\u00e5 till Bwin, Betclic, William Hill f\u00f6r att g\u00f6ra dina f\u00f6ruts\u00e4gelser!<\/p>\n\n\n\n<p>Pollsters f\u00f6rutsp\u00e5dde en mycket n\u00e4ra andra omg\u00e5ng, med 52% f\u00f6r Macron och 48% f\u00f6r Le Pen. Gapet \u00e4r s\u00e5 n\u00e4ra att segern p\u00e5 ett eller annat s\u00e4tt \u00e4r inom felmarginalen. Men det \u00e4r i alla fall mycket n\u00e4rmare \u00e4n 2017, d\u00e5 Macron slog Le Pen med 66,1 % av r\u00f6sterna.<\/p>\n\n\n\n<p><strong>Vem \u00e4r mest sannolikt att vinna presidentvalet?<\/strong><\/p>\n\n\n\n<p>Emmanuel Macron med odds 1,14 och Marine Le Pen med 5,3 s\u00e5 enligt bookmakers har den nuvarande presidenten b\u00e4st chans att vinna.<\/p>\n\n\n\n<h2 class=\"wp-block-heading\"><span id=\"une-election-francaise-qui-interesse-le-monde-entier\">Ett franskt val som intresserar hela v\u00e4rlden!<\/span><\/h2>\n\n\n\n<p>Den andra omg\u00e5ngen av det franska presidentvalet har fascinerat britterna. F\u00f6rutom media har spelbolag online ocks\u00e5 noggrant unders\u00f6kt den senaste utvecklingen i den franska kampanjen. M\u00e4ngden satsningar satte rekord. N\u00f6jer sig inte med vadslagning p\u00e5 h\u00e4stkappl\u00f6pningar eller fotbollsmatcher <a href=\"https:\/\/www.foot-parier.com\/\">fotboll<\/a>, britterna kan nu satsa p\u00e5... <strong>det franska presidentvalet<\/strong> med sina m\u00e5nga bookmakers. <a href=\"https:\/\/parier-presidentielle.com\/sv\/makron-val\/\">Emmanuel Macron <\/a>Eller <a href=\"https:\/\/parier-presidentielle.com\/sv\/marin-le-pen-val\/\">Marine Le Pen<\/a>, den h\u00e4r affischen fascinerar helt klart v\u00e5ra grannar p\u00e5 andra sidan sundet. Hos Betclic, ett av de st\u00f6rsta spelbolagen i Storbritannien, ledaren f\u00f6r En Marche! Favoriten ges till oddset 1 av 8. Marine Le Pen \u00e4r en outsider p\u00e5 5 till 1,5\u2033, f\u00f6rklarade Rupert Adams till TF1-redaktionen. <\/p>\n\n\n\n<blockquote class=\"wp-block-quote\"><p><\/p><cite>&quot;V\u00e5r st\u00f6rsta insats \u00e4r 21 000 euro, vilket \u00e4r utan motstycke. &quot;<\/cite><\/blockquote>\n\n\n\n<div class=\"wp-block-image is-style-default wp-duotone-000097-ff4747-5\"><figure class=\"aligncenter size-large is-resized\"><img decoding=\"async\" loading=\"lazy\" src=\"https:\/\/parier-presidentielle.com\/wp-content\/uploads\/2021\/09\/macron-1024x578.jpeg\" alt=\"Macron tr\u00e4ffas inf\u00f6r presidentvalet\" class=\"wp-image-57\" width=\"675\" height=\"381\" srcset=\"https:\/\/parier-presidentielle.com\/wp-content\/uploads\/2021\/09\/macron-1024x578.jpeg 1024w, https:\/\/parier-presidentielle.com\/wp-content\/uploads\/2021\/09\/macron-300x169.jpeg 300w, https:\/\/parier-presidentielle.com\/wp-content\/uploads\/2021\/09\/macron-768x433.jpeg 768w, https:\/\/parier-presidentielle.com\/wp-content\/uploads\/2021\/09\/macron.jpeg 1255w\" sizes=\"(max-width: 675px) 100vw, 675px\" \/><\/figure><\/div>\n\n\n\n<p>Brittiska medier rapporterade om det <a href=\"https:\/\/parier-presidentielle.com\/sv\/\"><strong>det franska valet<\/strong><\/a> verkade skapa verklig entusiasm. \u00c5tskilliga h\u00e4ndelser, som de mycket \u00f6ppna omr\u00f6stningarna inf\u00f6r den f\u00f6rsta omg\u00e5ngen, har \u00f6kat deras nyfikenhet tiodubblats. All information om den andra omg\u00e5ngen av presidentvalet 2022. Valet av Trump och Brexit har omintetgjort m\u00e4tningarna s\u00e5 att situationen kan f\u00f6rnyas i Frankrike, d\u00e4rav intresset f\u00f6r<a href=\"https:\/\/parier-presidentielle.com\/sv\/bookmaker-val-politik-2022\/\"> satsa p\u00e5 r\u00e4tt bookmaker<\/a>\u2026 F\u00f6r att inte tala om detta nya s\u00e4tt att n\u00e4rma sig politik: p\u00e5 detta omr\u00e5de, precis som i sportevenemang, \u00e4r resultaten aldrig f\u00f6rutbest\u00e4mda. I detta avseende har segern i valet av Donald Trump eller Brexit i USA bevisat att f\u00f6r\u00e4ndringar i sista minuten aldrig kan uteslutas. Vilket l\u00e4mnade allm\u00e4nheten och bookmakers i sp\u00e4nning.<\/p>\n\n\n\n<h2 class=\"wp-block-heading\"><span id=\"l8217avis-de-l8217expert-en-paris-sportifs-pour-l8217election\">Yttrande fr\u00e5n sportspelsexperten inf\u00f6r valet<\/span><\/h2>\n\n\n\n<p>&quot;Dessa tv\u00e5 saker f\u00f6r\u00e4ndrade situationen,&quot; betonade Emmanuelle de France p\u00e5 webbplatsen <a href=\"https:\/\/parier-presidentielle.com\/sv\/\">Satsa p\u00e5 presidentvalet: Bookmaker Election France,<\/a> fr\u00e5n experten p\u00e5 onlinespel <strong>Bwin <\/strong>. &quot;Allt kan h\u00e4nda. Det h\u00e4r \u00e4r den tredje politiska h\u00e4ndelsen som har v\u00e4ckt s\u00e5 stort intresse\u201d, s\u00e4ger hon till TF1. N\u00e4r det g\u00e4ller denna grupp av bookmakers kan insatsen p\u00e5 Elys\u00e9e-spelet \u00f6verstiga 30 miljoner euro. Ett \u00e4nnu mer \u00f6verraskande resultat \u00e4n 2012, under det senaste franska presidentvalet,  <strong>Bwin  <\/strong>hade inte ansett det n\u00f6dv\u00e4ndigt att \u00f6ppna evenemanget f\u00f6r spelarna.<\/p>\n\n\n\n<p>F\u00f6r alla presidentvalen 2022 har Unibet gjort en m\u00e4ngd spel tillg\u00e4ngliga f\u00f6r alla sina spelare, bland vilka du kan satsa p\u00e5 den vinnande kandidaten i den andra omg\u00e5ngen av presidentvalet 2022 i Frankrike.<\/p>\n\n\n\n<p>Fr\u00e5n och med nu kan du hitta alla odds f\u00f6r presidentvalet 2022 tack vare Unibet!<\/p>\n\n\n\n<p>N\u00e4r det g\u00e4ller Bwin erbjuder det dig ett komplett erbjudande f\u00f6r vadslagning p\u00e5 politik med till exempel vad p\u00e5 n\u00e4sta president i Frankrike.<\/p>\n\n\n\n<p>Faktum \u00e4r att m\u00e5nga spelarna redan har lagt sina f\u00f6ruts\u00e4gelser om detta framtida evenemang genom att v\u00e4lja bland de kandidater som redan har dykt upp i tidigare omr\u00f6stningar.<\/p>\n\n\n\n<p>Du kommer att kunna spela p\u00e5 Marine Le Pen (5,30 hos Bwin), Emmanuel Macron (1,14 hos Bwin), Jean-Luc M\u00e9lenchon (15,00 hos Bwin), Beno\u00eet Hamon (50,00 hos Bwin) eller till och med Fran\u00e7ois Baroin (67,00 hos Bwin) .<\/p>\n\n\n\n<p>Hitta alla odds f\u00f6r presidentvalet 2022 p\u00e5 Unibet! S\u00e5 nu n\u00e4r du vet allt, tveka inte och g\u00e5 till bwin f\u00f6r att g\u00f6ra dina f\u00f6ruts\u00e4gelser!<\/p>\n\n\n\n<p><\/p>\n\n\n\n<h3 class=\"has-text-align-center wp-block-heading\"><span id=\"dossier-special-bookmaker-unibet-bwin-mondial-quatar\"><br>Specialrapport Bookmaker Unibet Bwin &amp; Mondial Quatar <\/span><\/h3>\n\n\n\n<p>G\u00f6r ditt f\u00f6rsta onlinespel p\u00e5 politik och alla sporter tack vare v\u00e5ra filer p\u00e5 de olika sajterna: Betclic, Winamax, Unibet, Betclic: <\/p>\n\n\n\n<p>Med hj\u00e4lp av bookmakers online som Bwin, Unibet och Betclic kan du f\u00e5 tillg\u00e5ng till en m\u00e4ngd olika spelmarknader f\u00f6r turneringen, vilket ger dig chansen att vinna stort. Sammanfattningsvis kan det franska laget vara ett av lagen att titta p\u00e5 under 2022 \u00e5rs v\u00e4rld. Kopp. Med hj\u00e4lp av online bookmakers som Bwin, Unibet och Betclic kan du samla information om Portugal och g\u00f6ra informerade satsningar p\u00e5 deras prestationer i denna turnering. S\u00e5 varf\u00f6r inte ta vara p\u00e5 m\u00f6jligheten att potentiellt dra nytta av Frankrikes framg\u00e5ngar 2022?<\/p>\n\n\n\n<p><\/p>\n\n\n\n<p class=\"has-text-align-center unibet\" style=\"font-size:25px\"><mark style=\"background-color:rgba(0, 0, 0, 0);color:#0d7a12\" class=\"has-inline-color\"><strong><a href=\"https:\/\/parier-presidentielle.com\/sv\/recommends\/unibet\/\">150\u20ac Bonus erbjuds med Unibet<br>F\u00f6r ditt f\u00f6rsta politiska eller sportspel: Klicka h\u00e4r<\/a><\/strong><\/mark><\/p>\n\n\n\n<p><\/p>\n\n\n<div class=\"wp-block-image\">\n<figure class=\"aligncenter is-resized wp-duotone-000097-ff4747-6\"><img decoding=\"async\" loading=\"lazy\" src=\"https:\/\/parier-presidentielle.com\/wp-content\/uploads\/2021\/09\/election-standard-scale-4_00x-gigapixel-1024x623.jpg\" alt=\"Val 2022\" style=\"width:256px;height:156px\" width=\"256\" height=\"156\"\/><\/figure><\/div>\n\n\n<p><br><\/p>\n\n\n\n<p><strong>Parier-presidential hj\u00e4lper dig att g\u00f6ra ditt val mellan de olika<a href=\"https:\/\/parier-presidentielle.com\/sv\/\"> Bookmakers Bwin, Unibet, Betclic kommer att satsa p\u00e5 den framtida amerikanska presidenten 2024<\/a> : <\/strong><br><a href=\"https:\/\/parier-presidentielle.com\/sv\/unibet-politik-val-2022\/\">Unibet Presidential Bookmaker<\/a> : Detaljerad och gratis guide f\u00f6r att g\u00f6ra ditt f\u00f6rsta onlinespel med alla odds och hur du drar nytta av den erbjudna bonusen!<\/p>\n\n\n\n<p>F\u00f6rutom andra Paris-webbplatser: <a href=\"https:\/\/parier-presidentielle.com\/sv\/unibet-politik-val-2022\/\">Bwin<\/a>, <a href=\"https:\/\/parier-presidentielle.com\/sv\/netbet-paris-politik-val-2022\/\">NetBet<\/a>, <a href=\"https:\/\/parier-presidentielle.com\/sv\/betclic-presidential-2022\/\">Betclic<\/a>, <a href=\"https:\/\/parier-presidentielle.com\/sv\/winamax-politik-val-2022\/\">Winamax<\/a>, Parions Sport, Zebet, Betway, France-Pari, Vbet, Cloudbet, 1Xbit, 1xbet, Betfair, Betwinner \u2026<\/p>\n\n\n\n<div class=\"wp-block-columns is-layout-flex wp-container-11 wp-block-columns-is-layout-flex\">\n<div class=\"wp-block-column is-layout-flow wp-block-column-is-layout-flow\" style=\"flex-basis:33.33%\">\n<p>Du har precis l\u00e4st v\u00e5r fil:<\/p>\n<\/div>\n\n\n\n<div class=\"wp-block-column is-layout-flow wp-block-column-is-layout-flow\" style=\"flex-basis:33.33%\">\n<div class=\"wp-block-group is-layout-flow wp-block-group-is-layout-flow\"><div class=\"wp-block-group__inner-container\"><h4 class=\"has-text-align-center wp-block-post-title\"><span id=\"les-bookmakers-et-l8217election-presidentielle\"><a href=\"https:\/\/parier-presidentielle.com\/sv\/bookmakers-val\/\" target=\"_self\" >Bookmakers och presidentvalet<\/a><\/span><\/h4><\/div><\/div>\n<\/div>\n\n\n\n<div class=\"wp-block-column is-layout-flow wp-block-column-is-layout-flow\" style=\"flex-basis:33.33%\">\n<p class=\"has-text-align-right\">Forts\u00e4tt l\u00e4sa med v\u00e5ra andra exklusiva filer,<\/p>\n<\/div>\n<\/div>\n\n\n\n<h3 class=\"wp-block-heading\" id=\"tous-les-pronostics-sondage-et-cotes-pour-parier-sur-le-futur-vainqueur-de-l-election-presidentielle-2022\"><span id=\"tous-les-pronostics-sondage-et-cotes-pour-parier-sur-le-futur-vainqueur-de-l8217election-presidentielle-2024\">Alla f\u00f6ruts\u00e4gelser, unders\u00f6kningar och odds att satsa p\u00e5 den framtida vinnaren av presidentvalet 2024:<\/span><\/h3>\n\n\n\n<ul>\n<li><a href=\"https:\/\/parier-presidentielle.com\/sv\/makron-val\/\">Satsa p\u00e5 Emmanuel Macron med Unibet, Betclic, Bwin<\/a> : Favoriten i omr\u00f6stningar och f\u00f6ruts\u00e4gelser <\/li>\n\n\n\n<li><a href=\"https:\/\/parier-presidentielle.com\/sv\/marin-le-pen-val\/\">Marine Le Pen: Hennes odds och hur man satsar med bookmakers<\/a>: Utmanaren enligt Unibet<\/li>\n<\/ul>\n\n\n\n<p><\/p>\n\n\n\n<center><script type=\"text\/javascript\" charset=\"utf-8\" src=\"https:\/\/www.gambling-affiliation.com\/cpm\/v=AmIMTDSs92QY6b0MzDMvM5laCjJ-ZlA-1oQ-7tKsi.w_GA7331V2\"><\/script><\/center>\n\n\n\n<h3 class=\"wp-block-heading\"><span id=\"donald-trump-vs-joe-biden-la-video-qui-lance-les-paris-en-ligne-sur-l8217election-politique-de-2024\">Donald Trump vs Joe Biden: Videon som lanserar vadslagning online om det politiska valet 2024<\/span><\/h3>\n\n\n\n<figure class=\"wp-block-embed is-type-video is-provider-youtube wp-block-embed-youtube wp-embed-aspect-16-9 wp-has-aspect-ratio\"><div class=\"wp-block-embed__wrapper\">\n<iframe loading=\"lazy\" title=\"Tidigare president Donald Trump lanserar 2024 Vita husets bud #Short\" width=\"640\" height=\"360\" src=\"https:\/\/www.youtube.com\/embed\/hZykPRVe4Ag?feature=oembed\" frameborder=\"0\" allow=\"accelerometer; autoplay; clipboard-write; encrypted-media; gyroscope; picture-in-picture; web-share\" allowfullscreen><\/iframe>\n<\/div><\/figure>\n\n\n<div class=\"wp-block-image\">\n<figure class=\"aligncenter size-medium\"><a href=\"https:\/\/parier-presidentielle.com\/sv\/recommends\/unibet\/\" target=\"_blank\" rel=\"noopener\"><img decoding=\"async\" loading=\"lazy\" width=\"300\" height=\"169\" src=\"https:\/\/parier-presidentielle.com\/wp-content\/uploads\/2022\/04\/unibet-300x169.jpg\" alt=\"\" class=\"wp-image-1252\" srcset=\"https:\/\/parier-presidentielle.com\/wp-content\/uploads\/2022\/04\/unibet-300x169.jpg 300w, https:\/\/parier-presidentielle.com\/wp-content\/uploads\/2022\/04\/unibet-1024x576.jpg 1024w, https:\/\/parier-presidentielle.com\/wp-content\/uploads\/2022\/04\/unibet-768x432.jpg 768w, https:\/\/parier-presidentielle.com\/wp-content\/uploads\/2022\/04\/unibet-18x10.jpg 18w, https:\/\/parier-presidentielle.com\/wp-content\/uploads\/2022\/04\/unibet.jpg 1280w\" sizes=\"(max-width: 300px) 100vw, 300px\" \/><\/a><\/figure><\/div>\n\n\n<p>Hitta Wiki, de viktiga politiska nyheterna om cannabis och dess juridiska derivat: <strong>HHC, H4cbd, Thcp, Thcv, HSD, HHCPO, C4B<\/strong><\/p>\n\n\n\n<p><\/p>\n\n\n\n<p><\/p>\n<div id=\"toc_container\" class=\"no_bullets\"><p class=\"toc_title\">Inneh\u00e5ll<\/p><ul class=\"toc_list\"><li><\/li><li><\/li><li><ul><li><ul><li><\/li><\/ul><\/li><li><\/li><li><\/li><\/ul><\/li><\/ul><\/div>","protected":false},"excerpt":{"rendered":"<p>Les cote pour parier en ligne sur le futur Vainqueur en France Macron vs Le Pen Si vous \u00eates \u00e0 la recherche d&#8217;un site de paris ou en anglais Bookmaker pour la pr\u00e9sidentielle 2022, vous trouverez ici les informations les plus compl\u00e8tes et d\u00e9taill\u00e9es sur Parier-Pr\u00e9sidentielle!De plus, on y retrouve tous les paris propos\u00e9s par &#8230;<\/p>","protected":false},"author":1,"featured_media":0,"parent":0,"menu_order":0,"comment_status":"closed","ping_status":"closed","template":"page-nosidebar.php","meta":{"footnotes":""},"yoast_head":"<!-- This site is optimized with the Yoast SEO Premium plugin v21.0 (Yoast SEO v21.0) - https:\/\/yoast.com\/wordpress\/plugins\/seo\/ -->\n<title>Les Bookmakers et l&#039;\u00e9lection Pr\u00e9sidentielle - Finale Coupe du Monde FIFA<\/title>\n<meta name=\"description\" content=\"Les cote des sites de paris sur le futur Vainqueur en France Macron vs Le Pen\" \/>\n<meta name=\"robots\" content=\"index, follow, max-snippet:-1, max-image-preview:large, max-video-preview:-1\" \/>\n<link rel=\"canonical\" href=\"https:\/\/parier-presidentielle.com\/sv\/bookmakers-val\/\" \/>\n<meta property=\"og:locale\" content=\"sv_SE\" \/>\n<meta property=\"og:type\" content=\"article\" \/>\n<meta property=\"og:title\" content=\"Les Bookmakers et l&#039;\u00e9lection Pr\u00e9sidentielle\" \/>\n<meta property=\"og:description\" content=\"Les cote des sites de paris sur le futur Vainqueur en France Macron vs Le Pen\" \/>\n<meta property=\"og:url\" content=\"https:\/\/parier-presidentielle.com\/sv\/bookmakers-val\/\" \/>\n<meta property=\"og:site_name\" content=\"Parier Pr\u00e9sidentielle\" \/>\n<meta property=\"article:modified_time\" content=\"2022-04-24T10:00:40+00:00\" \/>\n<meta property=\"og:image\" content=\"https:\/\/parier-presidentielle.com\/wp-content\/uploads\/2021\/09\/macron-1024x578.jpeg\" \/>\n<meta name=\"twitter:card\" content=\"summary_large_image\" \/>\n<meta name=\"twitter:label1\" content=\"Est. reading time\" \/>\n\t<meta name=\"twitter:data1\" content=\"5 minuter\" \/>\n<script type=\"application\/ld+json\" class=\"yoast-schema-graph\">{\"@context\":\"https:\/\/schema.org\",\"@graph\":[{\"@type\":\"WebPage\",\"@id\":\"https:\/\/parier-presidentielle.com\/bookmakers-election\/\",\"url\":\"https:\/\/parier-presidentielle.com\/bookmakers-election\/\",\"name\":\"Les Bookmakers et l'\u00e9lection Pr\u00e9sidentielle - Finale Coupe du Monde FIFA\",\"isPartOf\":{\"@id\":\"https:\/\/parier-presidentielle.com\/#website\"},\"datePublished\":\"2021-09-06T22:14:00+00:00\",\"dateModified\":\"2022-04-24T10:00:40+00:00\",\"description\":\"Les cote des sites de paris sur le futur Vainqueur en France Macron vs Le Pen\",\"breadcrumb\":{\"@id\":\"https:\/\/parier-presidentielle.com\/bookmakers-election\/#breadcrumb\"},\"inLanguage\":\"sv-SE\",\"potentialAction\":[{\"@type\":\"ReadAction\",\"target\":[\"https:\/\/parier-presidentielle.com\/bookmakers-election\/\"]}]},{\"@type\":\"BreadcrumbList\",\"@id\":\"https:\/\/parier-presidentielle.com\/bookmakers-election\/#breadcrumb\",\"itemListElement\":[{\"@type\":\"ListItem\",\"position\":1,\"name\":\"Accueil\",\"item\":\"https:\/\/parier-presidentielle.com\/\"},{\"@type\":\"ListItem\",\"position\":2,\"name\":\"Les Bookmakers et l&#8217;\u00e9lection Pr\u00e9sidentielle\"}]},{\"@type\":\"WebSite\",\"@id\":\"https:\/\/parier-presidentielle.com\/#website\",\"url\":\"https:\/\/parier-presidentielle.com\/\",\"name\":\"Parier Pr\u00e9sidentielle\",\"description\":\"Paris, Pronostics, Wiki sur la Politique, les Elections Am\u00e9ricaines: Joe Biden, Donald Trump avec les Bookmakers en ligne Unibet, Bwin, Betclic, Winamax\",\"potentialAction\":[{\"@type\":\"SearchAction\",\"target\":{\"@type\":\"EntryPoint\",\"urlTemplate\":\"https:\/\/parier-presidentielle.com\/?s={search_term_string}\"},\"query-input\":\"required name=search_term_string\"}],\"inLanguage\":\"sv-SE\"}]}<\/script>\n<!-- \/ Yoast SEO Premium plugin. -->","yoast_head_json":{"title":"Les Bookmakers et l'\u00e9lection Pr\u00e9sidentielle - Finale Coupe du Monde FIFA","description":"Les cote des sites de paris sur le futur Vainqueur en France Macron vs Le Pen","robots":{"index":"index","follow":"follow","max-snippet":"max-snippet:-1","max-image-preview":"max-image-preview:large","max-video-preview":"max-video-preview:-1"},"canonical":"https:\/\/parier-presidentielle.com\/sv\/bookmakers-val\/","og_locale":"sv_SE","og_type":"article","og_title":"Les Bookmakers et l'\u00e9lection Pr\u00e9sidentielle","og_description":"Les cote des sites de paris sur le futur Vainqueur en France Macron vs Le Pen","og_url":"https:\/\/parier-presidentielle.com\/sv\/bookmakers-val\/","og_site_name":"Parier Pr\u00e9sidentielle","article_modified_time":"2022-04-24T10:00:40+00:00","og_image":[{"url":"https:\/\/parier-presidentielle.com\/wp-content\/uploads\/2021\/09\/macron-1024x578.jpeg"}],"twitter_card":"summary_large_image","twitter_misc":{"Est. reading time":"5 minuter"},"schema":{"@context":"https:\/\/schema.org","@graph":[{"@type":"WebPage","@id":"https:\/\/parier-presidentielle.com\/bookmakers-election\/","url":"https:\/\/parier-presidentielle.com\/bookmakers-election\/","name":"Les Bookmakers et l'\u00e9lection Pr\u00e9sidentielle - Finale Coupe du Monde FIFA","isPartOf":{"@id":"https:\/\/parier-presidentielle.com\/#website"},"datePublished":"2021-09-06T22:14:00+00:00","dateModified":"2022-04-24T10:00:40+00:00","description":"Les cote des sites de paris sur le futur Vainqueur en France Macron vs Le Pen","breadcrumb":{"@id":"https:\/\/parier-presidentielle.com\/bookmakers-election\/#breadcrumb"},"inLanguage":"sv-SE","potentialAction":[{"@type":"ReadAction","target":["https:\/\/parier-presidentielle.com\/bookmakers-election\/"]}]},{"@type":"BreadcrumbList","@id":"https:\/\/parier-presidentielle.com\/bookmakers-election\/#breadcrumb","itemListElement":[{"@type":"ListItem","position":1,"name":"Accueil","item":"https:\/\/parier-presidentielle.com\/"},{"@type":"ListItem","position":2,"name":"Les Bookmakers et l&#8217;\u00e9lection Pr\u00e9sidentielle"}]},{"@type":"WebSite","@id":"https:\/\/parier-presidentielle.com\/#website","url":"https:\/\/parier-presidentielle.com\/","name":"Parier Pr\u00e9sidentielle","description":"Paris, Pronostics, Wiki sur la Politique, les Elections Am\u00e9ricaines: Joe Biden, Donald Trump avec les Bookmakers en ligne Unibet, Bwin, Betclic, Winamax","potentialAction":[{"@type":"SearchAction","target":{"@type":"EntryPoint","urlTemplate":"https:\/\/parier-presidentielle.com\/?s={search_term_string}"},"query-input":"required name=search_term_string"}],"inLanguage":"sv-SE"}]}},"_links":{"self":[{"href":"https:\/\/parier-presidentielle.com\/sv\/wp-json\/wp\/v2\/pages\/54"}],"collection":[{"href":"https:\/\/parier-presidentielle.com\/sv\/wp-json\/wp\/v2\/pages"}],"about":[{"href":"https:\/\/parier-presidentielle.com\/sv\/wp-json\/wp\/v2\/types\/page"}],"author":[{"embeddable":true,"href":"https:\/\/parier-presidentielle.com\/sv\/wp-json\/wp\/v2\/users\/1"}],"replies":[{"embeddable":true,"href":"https:\/\/parier-presidentielle.com\/sv\/wp-json\/wp\/v2\/comments?post=54"}],"version-history":[{"count":26,"href":"https:\/\/parier-presidentielle.com\/sv\/wp-json\/wp\/v2\/pages\/54\/revisions"}],"predecessor-version":[{"id":1634,"href":"https:\/\/parier-presidentielle.com\/sv\/wp-json\/wp\/v2\/pages\/54\/revisions\/1634"}],"wp:attachment":[{"href":"https:\/\/parier-presidentielle.com\/sv\/wp-json\/wp\/v2\/media?parent=54"}],"curies":[{"name":"wp","href":"https:\/\/api.w.org\/{rel}","templated":true}]}}