{"id":557,"date":"2022-02-21T12:38:33","date_gmt":"2022-02-21T11:38:33","guid":{"rendered":"https:\/\/parier-presidentielle.com\/?page_id=557"},"modified":"2022-10-27T08:34:43","modified_gmt":"2022-10-27T06:34:43","slug":"bwin-paris-sur-la-politique","status":"publish","type":"page","link":"https:\/\/parier-presidentielle.com\/sv\/bwin-paris-om-politik\/","title":{"rendered":"Bwin: Satsar p\u00e5 politik"},"content":{"rendered":"<h2 class=\"wp-block-heading\" id=\"l-integralite-des-cotes-de-bwin-france-usa\"><span id=\"l8217integralite-des-cotes-de-bwin-pour-les-elections-en-france-usa8230\">De fullst\u00e4ndiga Bwin-oddsen f\u00f6r valet i Frankrike, USA...<\/span><\/h2>\n\n\n\n<p>Om Bwin \u00e4r en av ledarna inom sportvadslagning \u00e4r det ocks\u00e5 den b\u00e4sta bookmakern inom omr\u00e5det politiska vadslagning och presidentval eftersom det erbjuder flest spel p\u00e5 fransk politik s\u00e5v\u00e4l som amerikansk och brittisk (premi\u00e4rminister)...<br><\/p>\n\n\n<div class=\"wp-block-image\">\n<figure class=\"aligncenter size-medium is-resized\"><img decoding=\"async\" src=\"https:\/\/parier-presidentielle.com\/wp-content\/uploads\/2022\/02\/bwin-elections-300x175.png\" alt=\"\" class=\"wp-image-559\" width=\"500\" srcset=\"https:\/\/parier-presidentielle.com\/wp-content\/uploads\/2022\/02\/bwin-elections-300x175.png 300w, https:\/\/parier-presidentielle.com\/wp-content\/uploads\/2022\/02\/bwin-elections-1024x597.png 1024w, https:\/\/parier-presidentielle.com\/wp-content\/uploads\/2022\/02\/bwin-elections-768x448.png 768w, https:\/\/parier-presidentielle.com\/wp-content\/uploads\/2022\/02\/bwin-elections-1536x896.png 1536w, https:\/\/parier-presidentielle.com\/wp-content\/uploads\/2022\/02\/bwin-elections.png 1961w\" sizes=\"(max-width: 300px) 100vw, 300px\" \/><\/figure><\/div>\n\n\n<h3 class=\"wp-block-heading\" id=\"prochain-candidat-a-la-cour-supreme-des-etats-unis-les-cotes-de-bwin\"><span id=\"i\"><br><\/span><\/h3>\n\n\n\n<p>N\u00e4r presidentvalet n\u00e4rmar sig erbjuder Bwin att satsa p\u00e5 valet. Bwin \u00e4r en bookmaker som specialiserat sig p\u00e5 onlinesportspel och livebetting. Frankrike valdes till republikens president den 24 april 2022.<\/p>\n\n\n\n<p><strong>Satsar p\u00e5 n\u00e4sta val<\/strong><\/p>\n\n\n\n<p>N\u00e4sta stora politiska h\u00e4ndelse blir presidentvalet i Frankrike. andra omg\u00e5ngen den 24 april 2022, tv\u00e5 typer av satsningar p\u00e5 politik \u00e4r tillg\u00e4ngliga: vem blir den tilltr\u00e4dande presidenten efter valet? Men ocks\u00e5 vilket parti f\u00e5r absolut majoritet i nationalf\u00f6rsamlingen?<\/p>\n\n\n\n<p>Bwin indikerar att betting har f\u00e5tt en ny dimension de senaste \u00e5ren. Faktum \u00e4r att m\u00e5nga politiker har kunnat dra nytta av den h\u00e4r typen av satsningar f\u00f6r att f\u00e5 fram sitt budskap. Dessutom h\u00e4vdade vissa kandidater till och med att de hade vunnit redan innan vallokalerna st\u00e4ngde! Kort sagt, vadslagning har blivit en integrerad del av alla viktiga politiska h\u00e4ndelser. Vi kan se detta som en sann demonstration av demokratiskt engagemang.<\/p>\n\n\n\n<p>I detta avseende har Emmanuel Macrons seger i h\u00f6g grad stimulerat intresset f\u00f6r vadslagning p\u00e5 politik. Och om du vill veta allt om fransk politik och dess val (president, lagstiftande eller lokala), har du kommit till r\u00e4tt plats! Bookmakers tillhandah\u00e5ller all t\u00e4nkbar information: unders\u00f6kningar, odds, men ocks\u00e5 r\u00e5d och f\u00f6ruts\u00e4gelser f\u00f6r varje val.<\/p>\n\n\n\n<h3 class=\"wp-block-heading\" id=\"prochain-candidat-a-la-cour-supreme-des-etats-unis-les-cotes-de-bwin\"><span id=\"prochain-candidat-a-la-cour-supreme-des-etats-unis-les-cotes-de-bwin\"><a href=\"https:\/\/parier-presidentielle.com\/sv\/paris-kandidat-hogsta-domstolen-forenta-staterna\/\">N\u00e4sta kandidat till H\u00f6gsta domstolen i USA, Bwin odds<\/a><\/span><\/h3>\n\n\n\n<p id=\"prochain-candidat-a-la-cour-supreme-des-etats-unis01-04-2022-23-00\">Valdag. 01\/04\/2022 23:00<br><strong>Vem blir n\u00e4sta nominerade till USA:s h\u00f6gsta domstol?<\/strong> <br>Hitta alla Bwin odds f\u00f6r att satsa p\u00e5 kandidaterna: <br>Ketanji Brown Jackson, Julianna Michelle Childs, Leondra Kruger...<br><\/p>\n\n\n\n<h3 class=\"wp-block-heading\" id=\"prochaine-election-presidentielle-en-france-les-cotes-de-bwin\"><span id=\"prochaine-election-presidentielle-en-france-les-cotes-de-bwin\"><a href=\"https:\/\/parier-presidentielle.com\/sv\/bwin-politik-val-2022\/\">N\u00e4sta presidentval i Frankrike, Bwin odds<\/a><\/span><\/h3>\n\n\n\n<p>Valdag. 14\/05\/2022 12:00<br><strong>Vem blir den franska republikens n\u00e4sta president?<\/strong> <br>Hitta alla Bwin odds f\u00f6r att satsa p\u00e5 kandidaterna: <br><a href=\"https:\/\/parier-presidentielle.com\/sv\/makron-val\/\">Emmanuel Macron<\/a>, Val\u00e9rie P\u00e9cresse, Anne Hidalgo, <a href=\"https:\/\/parier-presidentielle.com\/sv\/marin-le-pen-val\/\">Marine Le Pen<\/a>, Jean-Luc M\u00e9lenchon, <a href=\"https:\/\/parier-presidentielle.com\/sv\/zemmour-val\/\">Eric Zemmour<\/a><br><\/p>\n\n\n\n<h3 class=\"wp-block-heading\" id=\"election-presidentielle-americaine-2024-les-cotes-de-bwin\"><span id=\"election-presidentielle-americaine-2024-les-cotes-de-bwin\"><br>USA:s presidentval 2024, Bwin odds<\/span><\/h3>\n\n\n\n<p>05\/11\/2024 22:00<br>Hitta alla Bwin odds f\u00f6r att satsa p\u00e5 kandidaterna: <br>Donald Trump, Joe Biden, Kamala Harris, Pete Buttigieg, Tucker Carlson, Elizabeth Warren, Hillary Clinton,<br>Alexandria Ocasio-Cortez, Marco Rubio, Ted Cruz, Mike Pompeo, Mitt Romney...<\/p>\n\n\n\n<h3 class=\"wp-block-heading\" id=\"prochain-premier-ministre-du-royaume-uni-les-cotes-de-bwin\"><span id=\"prochain-premier-ministre-du-royaume-uni-les-cotes-de-bwin\"><br><br>N\u00e4sta premi\u00e4rminister i Storbritannien, Bwin odds<\/span><\/h3>\n\n\n\n<p><br>01\/01\/2025 10:00<br><\/p>\n\n\n\n<h2 class=\"wp-block-heading\" id=\"sondage-trahison-les-specificite-du-paris-politique\"><span id=\"sondage-trahison-les-specificite-du-paris-politique\">Survey, Betrayal: Det politiska Paris s\u00e4rdrag<\/span><\/h2>\n\n\n\n<p><br>Att satsa i f\u00f6rv\u00e4g kan l\u00f6na sig stort: Eftersom spel p\u00e5 resultatet av politiska val \u00e4r tillg\u00e4ngliga p\u00e5 <a href=\"https:\/\/parier-presidentielle.com\/sv\/bwin-politik-val-2022\/\"><strong>Bwin<\/strong><\/a> och kan b\u00f6rja \u00e5r f\u00f6re valdatumet. Varje val har sina egna \u00f6verraskningar och spelarna m\u00e5ste kunna bed\u00f6ma vad som p\u00e5verkar den slutliga vinnaren, de senaste franska och amerikanska valen har omintetgjort m\u00e5nga f\u00f6ruts\u00e4gelser varje g\u00e5ng med v\u00e4ndningar och v\u00e4ndningar i sista minuten!<\/p>\n\n\n\n<h3 class=\"wp-block-heading\" id=\"facteurs-affectant-les-paris-politiques\"><span id=\"facteurs-affectant-les-paris-politiques\"> <br>Faktorer som p\u00e5verkar politisk vadslagning <\/span><\/h3>\n\n\n\n<p>Flera faktorer kan p\u00e5verka resultatet. Det kan vara en skandal, rykten fr\u00e5n oppositionsl\u00e4gret, aktuella h\u00e4ndelser, en chock\u00f6vertygelse, ledarnas kvalitet, kampanjl\u00f6ften, partiet som st\u00f6der dem, hur media presenterar kandidaterna, styrkan i tron p\u00e5 debatten.<\/p>\n\n\n\n<h3 class=\"wp-block-heading\" id=\"parier-sur-la-prochaine-election\"><span id=\"parier-sur-la-prochaine-election-avec-bwin\"><br>Satsa p\u00e5 n\u00e4sta val med Bwin<\/span><\/h3>\n\n\n\n<p>N\u00e4sta stora politiska h\u00e4ndelse blir det franska presidentvalet (alla spel \u00e4r p\u00e5 det franska presidentvalet). Medan den f\u00f6rsta omg\u00e5ngen kommer att \u00e4ga rum den 10 april och den andra den 24 april 2022, \u00e4r tv\u00e5 typer av politiska satsningar m\u00f6jliga: Vem n\u00e5r den andra omg\u00e5ngen och vem blir den tilltr\u00e4dande presidenten i slutet av omr\u00f6stningen?<br>I slutet av 2022 kommer Brasilien att h\u00e5lla presidentval. N\u00e4sta stora h\u00e4ndelser blir det amerikanska presidentvalet 2024 och n\u00e4sta premi\u00e4rminister i Storbritannien i januari 2025. Spela p\u00e5 vilken sida av det demokratiska eller republikanska partiet som vinner det amerikanska presidentvalet p\u00e5 v\u00e5r sida.<\/p>\n<div id=\"toc_container\" class=\"no_bullets\"><p class=\"toc_title\">Inneh\u00e5ll<\/p><ul class=\"toc_list\"><li><ul><li><\/li><li><\/li><li><\/li><li><\/li><li><\/li><\/ul><\/li><li><ul><li><\/li><li><\/li><\/ul><\/li><\/ul><\/div>","protected":false},"excerpt":{"rendered":"<p>L&#8217;int\u00e9gralit\u00e9 des cotes de Bwin pour les \u00e9lections en France, Usa&#8230; Si Bwin est un des leaders du Paris Sportif il est \u00e9galement le meilleur bookmaker dans le domaine du Pari Politique et des \u00c9lections pr\u00e9sidentielles car il propose le plus de pari aussi bien sur la vie politique Fran\u00e7aise que celle Am\u00e9ricaine, Britannique ( &#8230;<\/p>","protected":false},"author":1,"featured_media":0,"parent":0,"menu_order":0,"comment_status":"closed","ping_status":"closed","template":"page-nosidebar.php","meta":{"footnotes":""},"yoast_head":"<!-- This site is optimized with the Yoast SEO Premium plugin v21.0 (Yoast SEO v21.0) - https:\/\/yoast.com\/wordpress\/plugins\/seo\/ -->\n<title>Bwin : Paris sur la Politique - Finale Coupe du Monde FIFA<\/title>\n<meta name=\"description\" content=\"Parier sur les \u00e9lections Fran\u00e7aise, Am\u00e9ricaine avec le meilleur Bookmaker : Bwin. Int\u00e9gralit\u00e9 des cotes et pronostics pour Parier sur la Politique.\" \/>\n<meta name=\"robots\" content=\"index, follow, max-snippet:-1, max-image-preview:large, max-video-preview:-1\" \/>\n<link rel=\"canonical\" href=\"https:\/\/parier-presidentielle.com\/sv\/bwin-paris-om-politik\/\" \/>\n<meta property=\"og:locale\" content=\"sv_SE\" \/>\n<meta property=\"og:type\" content=\"article\" \/>\n<meta property=\"og:title\" content=\"Bwin : Paris sur la Politique\" \/>\n<meta property=\"og:description\" content=\"Parier sur les \u00e9lections Fran\u00e7aise, Am\u00e9ricaine avec le meilleur Bookmaker : Bwin. Int\u00e9gralit\u00e9 des cotes et pronostics pour Parier sur la Politique.\" \/>\n<meta property=\"og:url\" content=\"https:\/\/parier-presidentielle.com\/sv\/bwin-paris-om-politik\/\" \/>\n<meta property=\"og:site_name\" content=\"Parier Pr\u00e9sidentielle\" \/>\n<meta property=\"article:modified_time\" content=\"2022-10-27T06:34:43+00:00\" \/>\n<meta property=\"og:image\" content=\"https:\/\/parier-presidentielle.com\/wp-content\/uploads\/2022\/02\/bwin-elections-300x175.png\" \/>\n<meta name=\"twitter:card\" content=\"summary_large_image\" \/>\n<meta name=\"twitter:label1\" content=\"Est. reading time\" \/>\n\t<meta name=\"twitter:data1\" content=\"4 minuter\" \/>\n<script type=\"application\/ld+json\" class=\"yoast-schema-graph\">{\"@context\":\"https:\/\/schema.org\",\"@graph\":[{\"@type\":\"WebPage\",\"@id\":\"https:\/\/parier-presidentielle.com\/bwin-paris-sur-la-politique\/\",\"url\":\"https:\/\/parier-presidentielle.com\/bwin-paris-sur-la-politique\/\",\"name\":\"Bwin : Paris sur la Politique - Finale Coupe du Monde FIFA\",\"isPartOf\":{\"@id\":\"https:\/\/parier-presidentielle.com\/#website\"},\"datePublished\":\"2022-02-21T11:38:33+00:00\",\"dateModified\":\"2022-10-27T06:34:43+00:00\",\"description\":\"Parier sur les \u00e9lections Fran\u00e7aise, Am\u00e9ricaine avec le meilleur Bookmaker : Bwin. Int\u00e9gralit\u00e9 des cotes et pronostics pour Parier sur la Politique.\",\"breadcrumb\":{\"@id\":\"https:\/\/parier-presidentielle.com\/bwin-paris-sur-la-politique\/#breadcrumb\"},\"inLanguage\":\"sv-SE\",\"potentialAction\":[{\"@type\":\"ReadAction\",\"target\":[\"https:\/\/parier-presidentielle.com\/bwin-paris-sur-la-politique\/\"]}]},{\"@type\":\"BreadcrumbList\",\"@id\":\"https:\/\/parier-presidentielle.com\/bwin-paris-sur-la-politique\/#breadcrumb\",\"itemListElement\":[{\"@type\":\"ListItem\",\"position\":1,\"name\":\"Accueil\",\"item\":\"https:\/\/parier-presidentielle.com\/\"},{\"@type\":\"ListItem\",\"position\":2,\"name\":\"Bwin : Paris sur la Politique\"}]},{\"@type\":\"WebSite\",\"@id\":\"https:\/\/parier-presidentielle.com\/#website\",\"url\":\"https:\/\/parier-presidentielle.com\/\",\"name\":\"Parier Pr\u00e9sidentielle\",\"description\":\"Paris, Pronostics, Wiki sur la Politique, les Elections Am\u00e9ricaines: Joe Biden, Donald Trump avec les Bookmakers en ligne Unibet, Bwin, Betclic, Winamax\",\"potentialAction\":[{\"@type\":\"SearchAction\",\"target\":{\"@type\":\"EntryPoint\",\"urlTemplate\":\"https:\/\/parier-presidentielle.com\/?s={search_term_string}\"},\"query-input\":\"required name=search_term_string\"}],\"inLanguage\":\"sv-SE\"}]}<\/script>\n<!-- \/ Yoast SEO Premium plugin. -->","yoast_head_json":{"title":"Bwin : Paris sur la Politique - Finale Coupe du Monde FIFA","description":"Parier sur les \u00e9lections Fran\u00e7aise, Am\u00e9ricaine avec le meilleur Bookmaker : Bwin. Int\u00e9gralit\u00e9 des cotes et pronostics pour Parier sur la Politique.","robots":{"index":"index","follow":"follow","max-snippet":"max-snippet:-1","max-image-preview":"max-image-preview:large","max-video-preview":"max-video-preview:-1"},"canonical":"https:\/\/parier-presidentielle.com\/sv\/bwin-paris-om-politik\/","og_locale":"sv_SE","og_type":"article","og_title":"Bwin : Paris sur la Politique","og_description":"Parier sur les \u00e9lections Fran\u00e7aise, Am\u00e9ricaine avec le meilleur Bookmaker : Bwin. Int\u00e9gralit\u00e9 des cotes et pronostics pour Parier sur la Politique.","og_url":"https:\/\/parier-presidentielle.com\/sv\/bwin-paris-om-politik\/","og_site_name":"Parier Pr\u00e9sidentielle","article_modified_time":"2022-10-27T06:34:43+00:00","og_image":[{"url":"https:\/\/parier-presidentielle.com\/wp-content\/uploads\/2022\/02\/bwin-elections-300x175.png"}],"twitter_card":"summary_large_image","twitter_misc":{"Est. reading time":"4 minuter"},"schema":{"@context":"https:\/\/schema.org","@graph":[{"@type":"WebPage","@id":"https:\/\/parier-presidentielle.com\/bwin-paris-sur-la-politique\/","url":"https:\/\/parier-presidentielle.com\/bwin-paris-sur-la-politique\/","name":"Bwin : Paris sur la Politique - Finale Coupe du Monde FIFA","isPartOf":{"@id":"https:\/\/parier-presidentielle.com\/#website"},"datePublished":"2022-02-21T11:38:33+00:00","dateModified":"2022-10-27T06:34:43+00:00","description":"Parier sur les \u00e9lections Fran\u00e7aise, Am\u00e9ricaine avec le meilleur Bookmaker : Bwin. Int\u00e9gralit\u00e9 des cotes et pronostics pour Parier sur la Politique.","breadcrumb":{"@id":"https:\/\/parier-presidentielle.com\/bwin-paris-sur-la-politique\/#breadcrumb"},"inLanguage":"sv-SE","potentialAction":[{"@type":"ReadAction","target":["https:\/\/parier-presidentielle.com\/bwin-paris-sur-la-politique\/"]}]},{"@type":"BreadcrumbList","@id":"https:\/\/parier-presidentielle.com\/bwin-paris-sur-la-politique\/#breadcrumb","itemListElement":[{"@type":"ListItem","position":1,"name":"Accueil","item":"https:\/\/parier-presidentielle.com\/"},{"@type":"ListItem","position":2,"name":"Bwin : Paris sur la Politique"}]},{"@type":"WebSite","@id":"https:\/\/parier-presidentielle.com\/#website","url":"https:\/\/parier-presidentielle.com\/","name":"Parier Pr\u00e9sidentielle","description":"Paris, Pronostics, Wiki sur la Politique, les Elections Am\u00e9ricaines: Joe Biden, Donald Trump avec les Bookmakers en ligne Unibet, Bwin, Betclic, Winamax","potentialAction":[{"@type":"SearchAction","target":{"@type":"EntryPoint","urlTemplate":"https:\/\/parier-presidentielle.com\/?s={search_term_string}"},"query-input":"required name=search_term_string"}],"inLanguage":"sv-SE"}]}},"_links":{"self":[{"href":"https:\/\/parier-presidentielle.com\/sv\/wp-json\/wp\/v2\/pages\/557"}],"collection":[{"href":"https:\/\/parier-presidentielle.com\/sv\/wp-json\/wp\/v2\/pages"}],"about":[{"href":"https:\/\/parier-presidentielle.com\/sv\/wp-json\/wp\/v2\/types\/page"}],"author":[{"embeddable":true,"href":"https:\/\/parier-presidentielle.com\/sv\/wp-json\/wp\/v2\/users\/1"}],"replies":[{"embeddable":true,"href":"https:\/\/parier-presidentielle.com\/sv\/wp-json\/wp\/v2\/comments?post=557"}],"version-history":[{"count":24,"href":"https:\/\/parier-presidentielle.com\/sv\/wp-json\/wp\/v2\/pages\/557\/revisions"}],"predecessor-version":[{"id":1684,"href":"https:\/\/parier-presidentielle.com\/sv\/wp-json\/wp\/v2\/pages\/557\/revisions\/1684"}],"wp:attachment":[{"href":"https:\/\/parier-presidentielle.com\/sv\/wp-json\/wp\/v2\/media?parent=557"}],"curies":[{"name":"wp","href":"https:\/\/api.w.org\/{rel}","templated":true}]}}