{"id":68,"date":"2021-09-07T09:24:43","date_gmt":"2021-09-07T07:24:43","guid":{"rendered":"https:\/\/parier-presidentielle.com\/?page_id=68"},"modified":"2022-03-09T10:41:39","modified_gmt":"2022-03-09T09:41:39","slug":"emmanuel-macron-marine-le-pen-eric-zemmour-sondage","status":"publish","type":"page","link":"https:\/\/parier-presidentielle.com\/sv\/emmanuel-macron-marine-le-pen-eric-zemmour-undersokning\/","title":{"rendered":"Presidentvalet 2022: Enligt m\u00e4tningar kommer Emmanuel Macron och Marine Le Pen att vara med i andra omg\u00e5ngen"},"content":{"rendered":"<p><\/p>\n\n\n\n<p><\/p>\n\n\n\n<h2 class=\"wp-block-heading\"><span id=\"d8217apres-les-sondages-emmanuel-macron-et-marine-le-pen-seront-a-l8217election-presidentielle-de-2022-et-s8217affronteront-au-second-tour-quels-que-soient-les-autres-candidats-dont-eric-zemmour\">Enligt m\u00e4tningar kommer Emmanuel Macron och Marine Le Pen att vara med i presidentvalet 2022 och m\u00f6ta varandra i den andra omg\u00e5ngen, oavsett de andra kandidaterna, inklusive Eric Zemmour. <\/span><\/h2>\n\n\n\n<p>Enligt Ipsos-unders\u00f6kningen som publicerades f\u00f6r Franceinfo fredagen den 3 september \u00e4r det sju m\u00e5nader kvar till den f\u00f6rsta omg\u00e5ngen av presidentvalet den 10 april 2022. Emmanuel Macron och Marine Le Pen ligger fortfarande i t\u00e4ten n\u00e4r det g\u00e4ller r\u00f6stavsikter. Beroende p\u00e5 omst\u00e4ndigheterna fick den avg\u00e5ende statschefen 24 till 26 %-r\u00f6ster, och presidenten f\u00f6r nationalf\u00f6rsamlingen fick 19 till 23 %-r\u00f6ster.<br>Sex olika hypoteser testades, beroende p\u00e5 kandidaterna som st\u00f6ddes av det republikanska partiet och Eric Zemmours kandidatur.<\/p>\n\n\n\n<div class=\"wp-block-image wp-duotone-000097-ff4747-1\"><figure class=\"aligncenter size-large is-resized\"><img decoding=\"async\" loading=\"lazy\" src=\"https:\/\/parier-presidentielle.com\/wp-content\/uploads\/2021\/09\/macron-le-pen-1024x576.jpg\" alt=\"Macron och Le Pen tr\u00e4ffas\" class=\"wp-image-135\" width=\"559\" height=\"314\" srcset=\"https:\/\/parier-presidentielle.com\/wp-content\/uploads\/2021\/09\/macron-le-pen-1024x576.jpg 1024w, https:\/\/parier-presidentielle.com\/wp-content\/uploads\/2021\/09\/macron-le-pen-300x169.jpg 300w, https:\/\/parier-presidentielle.com\/wp-content\/uploads\/2021\/09\/macron-le-pen-768x432.jpg 768w, https:\/\/parier-presidentielle.com\/wp-content\/uploads\/2021\/09\/macron-le-pen.jpg 1350w\" sizes=\"(max-width: 559px) 100vw, 559px\" \/><\/figure><\/div>\n\n\n\n<p><\/p>\n\n\n\n<h2 class=\"wp-block-heading\"><span id=\"sondages-et-cote-tres-basse-pour-les-autres-candidats\">Omr\u00f6stningar och mycket l\u00e5ga odds f\u00f6r andra kandidater<\/span><\/h2>\n\n\n\n<p><br>Republikanerna Bertrand, P\u00e9cresse och Barnier representerar 11% till 17%<br>&quot;Marine Le Pen kontrollerar nu m\u00f6jligheten att hon kommer in i den andra omg\u00e5ngen, men hennes niv\u00e5 har sjunkit. Enligt analysen av Brice Teinturier, chefsrepresentanten f\u00f6r Ipsos Frankrike. Vi kan spela med tre, \u00e4ven om republikanerna \u00e4nnu inte har valt dem. . Hur kommer de att nominera sina kandidater? I alla de studerade hypoteserna hamnade h\u00f6gerkandidaterna p\u00e5 tredje plats n\u00e4r det g\u00e4ller r\u00f6stavsikter. Enligt Eric Zemmours kandidatur fick Xavier Bertrand 15 till 17 % i r\u00f6stavsikter, Val\u00e9rie P\u00e9cresse fick 14 till 16 % och Michel Barnier fick 11 till 13 %. Brice Teinturier f\u00f6rklarade att innan Michel Barna Bertrand var klyftan mellan Michel Barnier och Bertrand. Val\u00e9rie P\u00e9cresse har minskat mycket\u201d. &quot;Ingenting \u00e4r avg\u00f6rande, \u00e4ven om \u00e5sikterna visar att Xavier Bertrand har en f\u00f6rdel.&quot; Dessa tre personligheter testades faktiskt med LR-UDI-sympatis\u00f6rer, och det republikanska prim\u00e4rvalet har fortfarande inte bekr\u00e4ftat att r\u00e4tt kandidat hade nominerats. S\u00e5ledes fick Xavier Bertrand 39 % positiva yttranden fr\u00e5n h\u00f6gern, Val\u00e9rie P\u00e9cresse 29 % och Michel Barnier 22 %. Endast 29 %-anh\u00e4ngare st\u00f6djer organisationens prim\u00e4rval. 41% h\u00e5ller med om l\u00f6sningen att v\u00e4lja sina kandidater &quot;inom ramen f\u00f6r generalf\u00f6rsamlingen&quot;, att sammanf\u00f6ra &quot;h\u00f6gerledare&quot;.<\/p>\n\n\n\n<p>Vid ans\u00f6kan, <a href=\"https:\/\/parier-presidentielle.com\/sv\/zemmour-val\/\">Eric Zemmour<\/a> samlade 8 till 8,5% av r\u00f6stavsikter. Enligt den allm\u00e4nna representanten f\u00f6r Ipsos, po\u00e4ngen &quot;inte att f\u00f6rsumma&quot;, Men detta &quot;har inte f\u00f6r\u00e4ndrats mycket&quot; eftersom v\u00e4ljarna i debatt\u00f6ren &quot;har lika m\u00e5nga attacker p\u00e5 RN som p\u00e5 LR&quot;.<\/p>\n\n\n\n<h2 class=\"wp-block-heading\"><span id=\"un-taux-de-participation-record-pour-la-campagne-2022\">En rekordstor deltagandegrad f\u00f6r kampanjen 2022<\/span><\/h2>\n\n\n\n<p><\/p>\n\n\n\n<p>N\u00e4stan sju av tio fransm\u00e4n tror att de kommer att r\u00f6sta. Enligt Ipsos-Sopra Steria-unders\u00f6kningen p\u00e5 franceinfo och Le Parisien\/Aujourd&#039;hui i Frankrike. &quot;Utan en styrkeposition leder Yannick Jadot med 10 %s, men bara f\u00f6re de 9 %s av Anne Hidalgo och 8 %s till 8,5 %s av Jean-Luc M\u00e9lenchon,&quot; analyserade Brice Teinturier. Enligt honom \u00e4r &quot;po\u00e4ngen f\u00f6r milj\u00f6aktivistkandidaterna lika med eller h\u00f6gre \u00e4n socialisternas, detta \u00e4r inte utan betydelse&quot;. I Europa, sedan i kommunala och regionala val, verkar denna trend bekr\u00e4ftas!<\/p>\n\n\n\n<p><\/p>\n\n\n\n<h3 class=\"has-text-align-center wp-block-heading\"><span id=\"dossier-special-bookmaker-unibet-bwin-mondial-quatar\"><br>Specialrapport Bookmaker Unibet Bwin &amp; Mondial Quatar <\/span><\/h3>\n\n\n\n<p>G\u00f6r ditt f\u00f6rsta onlinespel p\u00e5 politik och alla sporter tack vare v\u00e5ra filer p\u00e5 de olika sajterna: Betclic, Winamax, Unibet, Betclic: <\/p>\n\n\n\n<p>Med hj\u00e4lp av bookmakers online som Bwin, Unibet och Betclic kan du f\u00e5 tillg\u00e5ng till en m\u00e4ngd olika spelmarknader f\u00f6r turneringen, vilket ger dig chansen att vinna stort. Sammanfattningsvis kan det franska laget vara ett av lagen att titta p\u00e5 under 2022 \u00e5rs v\u00e4rld. Kopp. Med hj\u00e4lp av online bookmakers som Bwin, Unibet och Betclic kan du samla information om Portugal och g\u00f6ra informerade satsningar p\u00e5 deras prestationer i denna turnering. S\u00e5 varf\u00f6r inte ta vara p\u00e5 m\u00f6jligheten att potentiellt dra nytta av Frankrikes framg\u00e5ngar 2022?<\/p>\n\n\n\n<p class=\"has-text-align-center unibet\" style=\"font-size:25px\"><mark style=\"background-color:rgba(0, 0, 0, 0);color:#0d7a12\" class=\"has-inline-color\"><strong><a href=\"https:\/\/parier-presidentielle.com\/sv\/recommends\/unibet\/\">150\u20ac Bonus erbjuds med Unibet<br>F\u00f6r ditt f\u00f6rsta politiska eller sportspel: Klicka h\u00e4r<\/a><\/strong><\/mark><\/p>\n\n\n\n<p><\/p>\n\n\n<div class=\"wp-block-image\">\n<figure class=\"aligncenter is-resized wp-duotone-000097-ff4747-2\"><img decoding=\"async\" loading=\"lazy\" src=\"https:\/\/parier-presidentielle.com\/wp-content\/uploads\/2021\/09\/election-standard-scale-4_00x-gigapixel-1024x623.jpg\" alt=\"Val 2022\" style=\"width:256px;height:156px\" width=\"256\" height=\"156\"\/><\/figure><\/div>\n\n\n<p><br><\/p>\n\n\n\n<p><strong>Parier-presidential hj\u00e4lper dig att g\u00f6ra ditt val mellan de olika<a href=\"https:\/\/parier-presidentielle.com\/sv\/\"> Bookmakers Bwin, Unibet, Betclic kommer att satsa p\u00e5 den framtida amerikanska presidenten 2024<\/a> : <\/strong><br><a href=\"https:\/\/parier-presidentielle.com\/sv\/unibet-politik-val-2022\/\">Unibet Presidential Bookmaker<\/a> : Detaljerad och gratis guide f\u00f6r att g\u00f6ra ditt f\u00f6rsta onlinespel med alla odds och hur du drar nytta av den erbjudna bonusen!<\/p>\n\n\n\n<p>F\u00f6rutom andra Paris-webbplatser: <a href=\"https:\/\/parier-presidentielle.com\/sv\/unibet-politik-val-2022\/\">Bwin<\/a>, <a href=\"https:\/\/parier-presidentielle.com\/sv\/netbet-paris-politik-val-2022\/\">NetBet<\/a>, <a href=\"https:\/\/parier-presidentielle.com\/sv\/betclic-presidential-2022\/\">Betclic<\/a>, <a href=\"https:\/\/parier-presidentielle.com\/sv\/winamax-politik-val-2022\/\">Winamax<\/a>, Parions Sport, Zebet, Betway, France-Pari, Vbet, Cloudbet, 1Xbit, 1xbet, Betfair, Betwinner \u2026<\/p>\n\n\n\n<div class=\"wp-block-columns is-layout-flex wp-container-7 wp-block-columns-is-layout-flex\">\n<div class=\"wp-block-column is-layout-flow wp-block-column-is-layout-flow\" style=\"flex-basis:33.33%\">\n<p>Du har precis l\u00e4st v\u00e5r fil:<\/p>\n<\/div>\n\n\n\n<div class=\"wp-block-column is-layout-flow wp-block-column-is-layout-flow\" style=\"flex-basis:33.33%\">\n<div class=\"wp-block-group is-layout-flow wp-block-group-is-layout-flow\"><div class=\"wp-block-group__inner-container\"><h4 class=\"has-text-align-center wp-block-post-title\"><span id=\"election-presidentielle-2022-selon-les-sondages-emmanuel-macron-et-marine-le-pen-seront-au-second-tour\"><a href=\"https:\/\/parier-presidentielle.com\/sv\/emmanuel-macron-marine-le-pen-eric-zemmour-undersokning\/\" target=\"_self\" >Presidentvalet 2022: Enligt m\u00e4tningar kommer Emmanuel Macron och Marine Le Pen att vara med i andra omg\u00e5ngen<\/a><\/span><\/h4><\/div><\/div>\n<\/div>\n\n\n\n<div class=\"wp-block-column is-layout-flow wp-block-column-is-layout-flow\" style=\"flex-basis:33.33%\">\n<p class=\"has-text-align-right\">Forts\u00e4tt l\u00e4sa med v\u00e5ra andra exklusiva filer,<\/p>\n<\/div>\n<\/div>\n\n\n\n<h3 class=\"wp-block-heading\" id=\"tous-les-pronostics-sondage-et-cotes-pour-parier-sur-le-futur-vainqueur-de-l-election-presidentielle-2022\"><span id=\"tous-les-pronostics-sondage-et-cotes-pour-parier-sur-le-futur-vainqueur-de-l8217election-presidentielle-2024\">Alla f\u00f6ruts\u00e4gelser, unders\u00f6kningar och odds att satsa p\u00e5 den framtida vinnaren av presidentvalet 2024:<\/span><\/h3>\n\n\n\n<ul>\n<li><a href=\"https:\/\/parier-presidentielle.com\/sv\/makron-val\/\">Satsa p\u00e5 Emmanuel Macron med Unibet, Betclic, Bwin<\/a> : Favoriten i omr\u00f6stningar och f\u00f6ruts\u00e4gelser <\/li>\n\n\n\n<li><a href=\"https:\/\/parier-presidentielle.com\/sv\/marin-le-pen-val\/\">Marine Le Pen: Hennes odds och hur man satsar med bookmakers<\/a>: Utmanaren enligt Unibet<\/li>\n<\/ul>\n\n\n\n<p><\/p>\n\n\n\n<center><script type=\"text\/javascript\" charset=\"utf-8\" src=\"https:\/\/www.gambling-affiliation.com\/cpm\/v=AmIMTDSs92QY6b0MzDMvM5laCjJ-ZlA-1oQ-7tKsi.w_GA7331V2\"><\/script><\/center>\n\n\n\n<h3 class=\"wp-block-heading\"><span id=\"donald-trump-vs-joe-biden-la-video-qui-lance-les-paris-en-ligne-sur-l8217election-politique-de-2024\">Donald Trump vs Joe Biden: Videon som lanserar vadslagning online om det politiska valet 2024<\/span><\/h3>\n\n\n\n<figure class=\"wp-block-embed is-type-video is-provider-youtube wp-block-embed-youtube wp-embed-aspect-16-9 wp-has-aspect-ratio\"><div class=\"wp-block-embed__wrapper\">\n<iframe loading=\"lazy\" title=\"Tidigare president Donald Trump lanserar 2024 Vita husets bud #Short\" width=\"640\" height=\"360\" src=\"https:\/\/www.youtube.com\/embed\/hZykPRVe4Ag?feature=oembed\" frameborder=\"0\" allow=\"accelerometer; autoplay; clipboard-write; encrypted-media; gyroscope; picture-in-picture; web-share\" allowfullscreen><\/iframe>\n<\/div><\/figure>\n\n\n<div class=\"wp-block-image\">\n<figure class=\"aligncenter size-medium\"><a href=\"https:\/\/parier-presidentielle.com\/sv\/recommends\/unibet\/\" target=\"_blank\" rel=\"noopener\"><img decoding=\"async\" loading=\"lazy\" width=\"300\" height=\"169\" src=\"https:\/\/parier-presidentielle.com\/wp-content\/uploads\/2022\/04\/unibet-300x169.jpg\" alt=\"\" class=\"wp-image-1252\" srcset=\"https:\/\/parier-presidentielle.com\/wp-content\/uploads\/2022\/04\/unibet-300x169.jpg 300w, https:\/\/parier-presidentielle.com\/wp-content\/uploads\/2022\/04\/unibet-1024x576.jpg 1024w, https:\/\/parier-presidentielle.com\/wp-content\/uploads\/2022\/04\/unibet-768x432.jpg 768w, https:\/\/parier-presidentielle.com\/wp-content\/uploads\/2022\/04\/unibet-18x10.jpg 18w, https:\/\/parier-presidentielle.com\/wp-content\/uploads\/2022\/04\/unibet.jpg 1280w\" sizes=\"(max-width: 300px) 100vw, 300px\" \/><\/a><\/figure><\/div>\n\n\n<p>Hitta Wiki, de viktiga politiska nyheterna om cannabis och dess juridiska derivat: <strong>HHC, H4cbd, Thcp, Thcv, HSD, HHCPO, C4B<\/strong><\/p>\n<div id=\"toc_container\" class=\"no_bullets\"><p class=\"toc_title\">Inneh\u00e5ll<\/p><ul class=\"toc_list\"><li><\/li><li><\/li><li><ul><li><ul><li><\/li><\/ul><\/li><li><\/li><li><\/li><\/ul><\/li><\/ul><\/div>","protected":false},"excerpt":{"rendered":"<p>D&#8217;apr\u00e8s les sondages Emmanuel Macron et Marine Le Pen seront \u00e0 l&#8217;\u00e9lection pr\u00e9sidentielle de 2022 et s&#8217;affronteront au second tour, quels que soient les autres candidats, dont Eric Zemmour. Selon le sondage Ipsos publi\u00e9 pour Franceinfo vendredi 3 septembre, il reste sept mois avant le premier tour de la pr\u00e9sidentielle du 10 avril 2022. Emmanuel &#8230;<\/p>","protected":false},"author":1,"featured_media":0,"parent":0,"menu_order":0,"comment_status":"closed","ping_status":"closed","template":"page-nosidebar.php","meta":{"footnotes":""},"yoast_head":"<!-- This site is optimized with the Yoast SEO Premium plugin v21.0 (Yoast SEO v21.0) - https:\/\/yoast.com\/wordpress\/plugins\/seo\/ -->\n<title>Macron devant Le Pen : Selon les Sondages et Bookmakers pour l&#039;Election 2022<\/title>\n<meta name=\"description\" content=\"D\u2019apr\u00e8s les sondages Emmanuel Macron et Marine Le Pen seront \u00e0 l\u2019\u00e9lection pr\u00e9sidentielle de 2022 et s\u2019affronteront au second tour,...\" \/>\n<meta name=\"robots\" content=\"index, follow, max-snippet:-1, max-image-preview:large, max-video-preview:-1\" \/>\n<link rel=\"canonical\" href=\"https:\/\/parier-presidentielle.com\/sv\/emmanuel-macron-marine-le-pen-eric-zemmour-undersokning\/\" \/>\n<meta property=\"og:locale\" content=\"sv_SE\" \/>\n<meta property=\"og:type\" content=\"article\" \/>\n<meta property=\"og:title\" content=\"Election Pr\u00e9sidentielle 2022 : Selon les sondages, Emmanuel Macron et Marine Le Pen seront au second tour\" \/>\n<meta property=\"og:description\" content=\"D\u2019apr\u00e8s les sondages Emmanuel Macron et Marine Le Pen seront \u00e0 l\u2019\u00e9lection pr\u00e9sidentielle de 2022 et s\u2019affronteront au second tour,...\" \/>\n<meta property=\"og:url\" content=\"https:\/\/parier-presidentielle.com\/sv\/emmanuel-macron-marine-le-pen-eric-zemmour-undersokning\/\" \/>\n<meta property=\"og:site_name\" content=\"Parier Pr\u00e9sidentielle\" \/>\n<meta property=\"article:modified_time\" content=\"2022-03-09T09:41:39+00:00\" \/>\n<meta property=\"og:image\" content=\"https:\/\/parier-presidentielle.com\/wp-content\/uploads\/2021\/09\/macron-le-pen-1024x576.jpg\" \/>\n<meta name=\"twitter:card\" content=\"summary_large_image\" \/>\n<meta name=\"twitter:label1\" content=\"Est. reading time\" \/>\n\t<meta name=\"twitter:data1\" content=\"3 minuter\" \/>\n<script type=\"application\/ld+json\" class=\"yoast-schema-graph\">{\"@context\":\"https:\/\/schema.org\",\"@graph\":[{\"@type\":\"WebPage\",\"@id\":\"https:\/\/parier-presidentielle.com\/emmanuel-macron-marine-le-pen-eric-zemmour-sondage\/\",\"url\":\"https:\/\/parier-presidentielle.com\/emmanuel-macron-marine-le-pen-eric-zemmour-sondage\/\",\"name\":\"Macron devant Le Pen : Selon les Sondages et Bookmakers pour l'Election 2022\",\"isPartOf\":{\"@id\":\"https:\/\/parier-presidentielle.com\/#website\"},\"datePublished\":\"2021-09-07T07:24:43+00:00\",\"dateModified\":\"2022-03-09T09:41:39+00:00\",\"description\":\"D\u2019apr\u00e8s les sondages Emmanuel Macron et Marine Le Pen seront \u00e0 l\u2019\u00e9lection pr\u00e9sidentielle de 2022 et s\u2019affronteront au second tour,...\",\"breadcrumb\":{\"@id\":\"https:\/\/parier-presidentielle.com\/emmanuel-macron-marine-le-pen-eric-zemmour-sondage\/#breadcrumb\"},\"inLanguage\":\"sv-SE\",\"potentialAction\":[{\"@type\":\"ReadAction\",\"target\":[\"https:\/\/parier-presidentielle.com\/emmanuel-macron-marine-le-pen-eric-zemmour-sondage\/\"]}]},{\"@type\":\"BreadcrumbList\",\"@id\":\"https:\/\/parier-presidentielle.com\/emmanuel-macron-marine-le-pen-eric-zemmour-sondage\/#breadcrumb\",\"itemListElement\":[{\"@type\":\"ListItem\",\"position\":1,\"name\":\"Accueil\",\"item\":\"https:\/\/parier-presidentielle.com\/\"},{\"@type\":\"ListItem\",\"position\":2,\"name\":\"Election Pr\u00e9sidentielle 2022 : Selon les sondages, Emmanuel Macron et Marine Le Pen seront au second tour\"}]},{\"@type\":\"WebSite\",\"@id\":\"https:\/\/parier-presidentielle.com\/#website\",\"url\":\"https:\/\/parier-presidentielle.com\/\",\"name\":\"Parier Pr\u00e9sidentielle\",\"description\":\"Paris, Pronostics, Wiki sur la Politique, les Elections Am\u00e9ricaines: Joe Biden, Donald Trump avec les Bookmakers en ligne Unibet, Bwin, Betclic, Winamax\",\"potentialAction\":[{\"@type\":\"SearchAction\",\"target\":{\"@type\":\"EntryPoint\",\"urlTemplate\":\"https:\/\/parier-presidentielle.com\/?s={search_term_string}\"},\"query-input\":\"required name=search_term_string\"}],\"inLanguage\":\"sv-SE\"}]}<\/script>\n<!-- \/ Yoast SEO Premium plugin. -->","yoast_head_json":{"title":"Macron devant Le Pen : Selon les Sondages et Bookmakers pour l'Election 2022","description":"D\u2019apr\u00e8s les sondages Emmanuel Macron et Marine Le Pen seront \u00e0 l\u2019\u00e9lection pr\u00e9sidentielle de 2022 et s\u2019affronteront au second tour,...","robots":{"index":"index","follow":"follow","max-snippet":"max-snippet:-1","max-image-preview":"max-image-preview:large","max-video-preview":"max-video-preview:-1"},"canonical":"https:\/\/parier-presidentielle.com\/sv\/emmanuel-macron-marine-le-pen-eric-zemmour-undersokning\/","og_locale":"sv_SE","og_type":"article","og_title":"Election Pr\u00e9sidentielle 2022 : Selon les sondages, Emmanuel Macron et Marine Le Pen seront au second tour","og_description":"D\u2019apr\u00e8s les sondages Emmanuel Macron et Marine Le Pen seront \u00e0 l\u2019\u00e9lection pr\u00e9sidentielle de 2022 et s\u2019affronteront au second tour,...","og_url":"https:\/\/parier-presidentielle.com\/sv\/emmanuel-macron-marine-le-pen-eric-zemmour-undersokning\/","og_site_name":"Parier Pr\u00e9sidentielle","article_modified_time":"2022-03-09T09:41:39+00:00","og_image":[{"url":"https:\/\/parier-presidentielle.com\/wp-content\/uploads\/2021\/09\/macron-le-pen-1024x576.jpg"}],"twitter_card":"summary_large_image","twitter_misc":{"Est. reading time":"3 minuter"},"schema":{"@context":"https:\/\/schema.org","@graph":[{"@type":"WebPage","@id":"https:\/\/parier-presidentielle.com\/emmanuel-macron-marine-le-pen-eric-zemmour-sondage\/","url":"https:\/\/parier-presidentielle.com\/emmanuel-macron-marine-le-pen-eric-zemmour-sondage\/","name":"Macron devant Le Pen : Selon les Sondages et Bookmakers pour l'Election 2022","isPartOf":{"@id":"https:\/\/parier-presidentielle.com\/#website"},"datePublished":"2021-09-07T07:24:43+00:00","dateModified":"2022-03-09T09:41:39+00:00","description":"D\u2019apr\u00e8s les sondages Emmanuel Macron et Marine Le Pen seront \u00e0 l\u2019\u00e9lection pr\u00e9sidentielle de 2022 et s\u2019affronteront au second tour,...","breadcrumb":{"@id":"https:\/\/parier-presidentielle.com\/emmanuel-macron-marine-le-pen-eric-zemmour-sondage\/#breadcrumb"},"inLanguage":"sv-SE","potentialAction":[{"@type":"ReadAction","target":["https:\/\/parier-presidentielle.com\/emmanuel-macron-marine-le-pen-eric-zemmour-sondage\/"]}]},{"@type":"BreadcrumbList","@id":"https:\/\/parier-presidentielle.com\/emmanuel-macron-marine-le-pen-eric-zemmour-sondage\/#breadcrumb","itemListElement":[{"@type":"ListItem","position":1,"name":"Accueil","item":"https:\/\/parier-presidentielle.com\/"},{"@type":"ListItem","position":2,"name":"Election Pr\u00e9sidentielle 2022 : Selon les sondages, Emmanuel Macron et Marine Le Pen seront au second tour"}]},{"@type":"WebSite","@id":"https:\/\/parier-presidentielle.com\/#website","url":"https:\/\/parier-presidentielle.com\/","name":"Parier Pr\u00e9sidentielle","description":"Paris, Pronostics, Wiki sur la Politique, les Elections Am\u00e9ricaines: Joe Biden, Donald Trump avec les Bookmakers en ligne Unibet, Bwin, Betclic, Winamax","potentialAction":[{"@type":"SearchAction","target":{"@type":"EntryPoint","urlTemplate":"https:\/\/parier-presidentielle.com\/?s={search_term_string}"},"query-input":"required name=search_term_string"}],"inLanguage":"sv-SE"}]}},"_links":{"self":[{"href":"https:\/\/parier-presidentielle.com\/sv\/wp-json\/wp\/v2\/pages\/68"}],"collection":[{"href":"https:\/\/parier-presidentielle.com\/sv\/wp-json\/wp\/v2\/pages"}],"about":[{"href":"https:\/\/parier-presidentielle.com\/sv\/wp-json\/wp\/v2\/types\/page"}],"author":[{"embeddable":true,"href":"https:\/\/parier-presidentielle.com\/sv\/wp-json\/wp\/v2\/users\/1"}],"replies":[{"embeddable":true,"href":"https:\/\/parier-presidentielle.com\/sv\/wp-json\/wp\/v2\/comments?post=68"}],"version-history":[{"count":11,"href":"https:\/\/parier-presidentielle.com\/sv\/wp-json\/wp\/v2\/pages\/68\/revisions"}],"predecessor-version":[{"id":1002,"href":"https:\/\/parier-presidentielle.com\/sv\/wp-json\/wp\/v2\/pages\/68\/revisions\/1002"}],"wp:attachment":[{"href":"https:\/\/parier-presidentielle.com\/sv\/wp-json\/wp\/v2\/media?parent=68"}],"curies":[{"name":"wp","href":"https:\/\/api.w.org\/{rel}","templated":true}]}}