{"id":709,"date":"2022-02-23T13:20:38","date_gmt":"2022-02-23T12:20:38","guid":{"rendered":"https:\/\/parier-presidentielle.com\/?page_id=709"},"modified":"2022-02-24T23:13:37","modified_gmt":"2022-02-24T22:13:37","slug":"betclic-election-americaine-2024","status":"publish","type":"page","link":"https:\/\/parier-presidentielle.com\/sv\/betclic-american-election-2024\/","title":{"rendered":"Betclic: Satsa p\u00e5 det amerikanska presidentvalet 2024"},"content":{"rendered":"<div class=\"wp-block-image\"><figure class=\"aligncenter size-full is-resized\"><img decoding=\"async\" loading=\"lazy\" src=\"https:\/\/parier-presidentielle.com\/wp-content\/uploads\/2022\/02\/betclic-election-usa-2024-header.jpg\" alt=\"Satsar p\u00e5 valet av Joe Biden och Donald Trump till kandidaterna 2024\" class=\"wp-image-717\" width=\"480\" height=\"270\" srcset=\"https:\/\/parier-presidentielle.com\/wp-content\/uploads\/2022\/02\/betclic-election-usa-2024-header.jpg 640w, https:\/\/parier-presidentielle.com\/wp-content\/uploads\/2022\/02\/betclic-election-usa-2024-header-300x169.jpg 300w\" sizes=\"(max-width: 480px) 100vw, 480px\" \/><\/figure><\/div>\n\n\n\n<h2 class=\"wp-block-heading\"><span id=\"qui-sera-le-prochain-president-etats-unis\">Vem blir USA:s n\u00e4sta president? <\/span><\/h2>\n\n\n\n<p>Till att b\u00f6rja med valdes Joe Biden med m\u00f6da 2020, Trump och hans anh\u00e4ngare v\u00e4ntar ot\u00e5ligt p\u00e5 sin h\u00e4mnd! S\u00e5 du kan nu satsa p\u00e5 vinnaren av presidentvalet om vi hittar rubrikerna f\u00f6r republikansk och demokratisk politik med Joe Biden, Kamala Harris, Donald Trump, Nikki Haley Ron; Mike Pence... Med Betclic \u00e4r det ocks\u00e5 m\u00f6jligt att satsa p\u00e5 k\u00e4ndisar som Dwayne Johnson, Kanye West, Oprah Winfrey, George Clooney, Mark Zuckerberg... \u00c4ven om de har odds p\u00e5 200 s\u00e5 rekommenderar vi inte att satsa p\u00e5 dem!<br><\/p>\n\n\n\n<h3 class=\"wp-block-heading\"><span id=\"les-cotes-de-betclic-pour-l8217election-americaine\">Betclic Odds f\u00f6r det amerikanska valet<\/span><\/h3>\n\n\n\n<p>Hitta exklusivt alla odds fr\u00e5n Betclic bookmaker ang\u00e5ende den framtida ockupanten i Vita huset:<\/p>\n\n\n\n<div class=\"wp-block-group is-layout-flow wp-block-group-is-layout-flow\"><div class=\"wp-block-group__inner-container\">\n<div class=\"wp-block-columns is-layout-flex wp-container-6 wp-block-columns-is-layout-flex\">\n<div class=\"wp-block-column is-layout-flow wp-block-column-is-layout-flow\">\n<div class=\"wp-block-group is-layout-flow wp-block-group-is-layout-flow\"><div class=\"wp-block-group__inner-container\">\n<div class=\"wp-block-group is-layout-flow wp-block-group-is-layout-flow\"><div class=\"wp-block-group__inner-container\">\n<ul><li><em><strong>Joe Biden 5<\/strong><\/em><\/li><li><em><strong>Kamala Harris 5,50<\/strong><\/em><\/li><li><em><strong>Donald Trump 7.00<\/strong><\/em><\/li><li><em>Nikki Haley 15<\/em><\/li><li><em>Ron DeSantis 13<\/em><\/li><li><em>Mike Pence 17<\/em><\/li><li><em>Jeff Bezos 20<\/em><\/li><li><em>Alexandria Ocasio-Cortez 30<\/em><\/li><li><em>Dwayne Johnson 30<\/em><\/li><li><em>Michelle Obama 35<\/em><\/li><li><em>Pete Buttigieg 35<\/em><\/li><li><em>Tucker Carlson 35<\/em><\/li><li><em>Ted Cruz 40<\/em><\/li><li><em>Candace Owens 40<\/em><\/li><li><em>Mike Pompeo 40<\/em><\/li><li><em>Ivanka Trump 50<\/em><\/li><\/ul>\n<\/div><\/div>\n<\/div><\/div>\n\n\n\n<p><\/p>\n\n\n\n<p><\/p>\n<\/div>\n\n\n\n<div class=\"wp-block-column is-layout-flow wp-block-column-is-layout-flow\">\n<ul><li><em>Michael Flynn 50<\/em><\/li><li><em>Tom Cotton 50<\/em><\/li><li><em>Elizabeth Warren 50<\/em><\/li><li><em>Marco Rubio 50<\/em><\/li><li><em>John Kasich 60<\/em><\/li><li><em>Andrew Cuomo 65<\/em><\/li><li><em>Mark Cuban 65<\/em><\/li><li><em>Dan Crenshaw 65<\/em><\/li><li><em>Andrew Yang 65<\/em><\/li><li><em>Amy Klobuchar 65<\/em><\/li><li><em>Beto O&#039;Rourke 65<\/em><\/li><li><em>Ben Carson 80<\/em><\/li><li><em>Tulsi Gabbard 80<\/em><\/li><li><em>Keisha Lance Bottoms 80<\/em><\/li><li><em>Val Demings 80<\/em><\/li><li><em>Cory Booker 100<\/em><\/li><\/ul>\n\n\n\n<p><\/p>\n<\/div>\n\n\n\n<div class=\"wp-block-column is-layout-flow wp-block-column-is-layout-flow\">\n<ul><li><em>Gavin Newsom 100<\/em><\/li><li><em>Stacey Abrams 100<\/em><\/li><li><em>Joseph P Kennedy 100<\/em><\/li><li><em>Paul Ryan 100<\/em><\/li><li><em>Bernie Sanders 100<\/em><\/li><li><em>Rand Paul 100<\/em><\/li><li><em>Susan Rice 100<\/em><\/li><li><em>Chris Christie 100<\/em><\/li><li><em>Hillary Clinton 100<\/em><\/li><li><em>Kanye West 100<\/em><\/li><li><em>Michael Bloomberg 100<\/em><\/li><li><em>Mitt Romney 100<\/em><\/li><li><em>Oprah Winfrey 100<\/em><\/li><li><em>George Clooney 100<\/em><\/li><li><em>Chelsea Clinton 200<\/em><\/li><li><em>Mark Zuckerberg 200<\/em><\/li><\/ul>\n<\/div>\n<\/div>\n<\/div><\/div>\n\n\n\n<h4 class=\"has-text-align-center wp-block-heading\"><span id=\"presentation-des-cotes-de-du-site-de-betclic\">Presentation av odds fr\u00e5n Betclic-sajten<\/span><\/h4>\n\n\n\n<div class=\"wp-block-image\"><figure class=\"aligncenter size-large is-resized\"><img decoding=\"async\" loading=\"lazy\" src=\"https:\/\/parier-presidentielle.com\/wp-content\/uploads\/2022\/02\/betclic-election-usa-2024-976x1024.png\" alt=\"Betclic odds f\u00f6r n\u00e4sta kandidat Future American President\" class=\"wp-image-710\" width=\"488\" height=\"512\"\/><\/figure><\/div>\n\n\n\n<h3 class=\"wp-block-heading\" id=\"analyse-et-pronostics\"><span id=\"analyse-et-pronostics-pour-parier-sur-le-futur-president-americain\">Analyser och f\u00f6ruts\u00e4gelser f\u00f6r vadslagning p\u00e5 den framtida amerikanska presidenten<\/span><\/h3>\n\n\n\n<p>Efter att ha analyserat nyheterna och omr\u00f6stningarna f\u00f6r tillf\u00e4llet, \u00e4r Joe Biden och Donald Trump i halsen! Dessutom \u00e4r oddsen f\u00f6r dessa 2 kandidater mycket h\u00f6ga 5 och 7! Vilket inneb\u00e4r att betting nu kan l\u00f6na sig stort, f\u00f6r att inte tala om att om en kandidat inte ans\u00f6ker s\u00e5 \u00e5terbetalas ditt spel automatiskt!<br><br><\/p>\n\n\n\n<h3 class=\"wp-block-heading\" id=\"comment-realiser-son-1-pari-avec-bwin-c\"><span id=\"comment-realiser-son-1er-pari-avec-betclic-sur-un-candidat-a-la-presidentielle-des-etats-unis\">Hur g\u00f6r du din f\u00f6rsta satsning med Betclic p\u00e5 en amerikansk presidentkandidat?<\/span><\/h3>\n\n\n\n<p id=\"comment-realiser-son-1-pari-avec-bwin-c\">Precis som du kan satsa p\u00e5 segern f\u00f6r ditt favoritfotbollslag, \u00e4r det m\u00f6jligt att satsa p\u00e5 vinnaren av USA:s presidentval med Betclic bookmaker: det \u00e4r snabbt och enkelt!<\/p>\n\n\n\n<ol><li>V\u00e4lj den kandidat du vill satsa p\u00e5:<br>i v\u00e5rt exempel \u00e4r det Joe Biden.<br><\/li><li>Ange den insats du vill satsa,<br>10\u20ac i v\u00e5r simulering<br><\/li><li>Och nu \u00e4r det \u00f6ver!<br>I v\u00e5r sk\u00e4rmdump \u00e4r oddsen 5 och insatsen p\u00e5 \u20ac10 vid seger <strong>du vinner \u20ac50!<\/strong><\/li><\/ol>\n\n\n\n<div class=\"wp-block-image\"><figure class=\"aligncenter size-full is-resized\"><img decoding=\"async\" loading=\"lazy\" src=\"https:\/\/parier-presidentielle.com\/wp-content\/uploads\/2022\/02\/betclic-paris-president-des-etats-unis.png\" alt=\"hur man satsar med Betclic f\u00f6r n\u00e4sta kandidat till n\u00e4sta kandidat Future American President\" class=\"wp-image-768\" width=\"259\" height=\"372\" srcset=\"https:\/\/parier-presidentielle.com\/wp-content\/uploads\/2022\/02\/betclic-paris-president-des-etats-unis.png 517w, https:\/\/parier-presidentielle.com\/wp-content\/uploads\/2022\/02\/betclic-paris-president-des-etats-unis-208x300.png 208w\" sizes=\"(max-width: 259px) 100vw, 259px\" \/><\/figure><\/div>\n\n\n\n<h2 class=\"wp-block-heading\"><span id=\"l8217actualite-des-candidats-a-l8217election-presidentielle-des-etats-unis\">Nyheter fr\u00e5n kandidaterna i USA:s presidentval<\/span><\/h2>\n\n\n\n<h3 class=\"wp-block-heading\"><span id=\"plus-d8217interrogations-que-de-reponses-sur-l8217election-presidentielle-de-2024\">Fler fr\u00e5gor \u00e4n svar om presidentvalet 2024. <\/span><\/h3>\n\n\n\n<p><br>President <strong>Joe Biden<\/strong> kommer han att dyka upp? Han s\u00e4ger att han t\u00e4nker g\u00f6ra det, men om han inte g\u00f6r det, vem blir den demokratiska kandidaten? Den tidigare presidenten <strong>Donald Trump <\/strong>kommer han att dyka upp? Kommer n\u00e5gon p\u00e5 allvar att utmana hans republikanska nominering? Det finns fler ok\u00e4nda \u00e4n k\u00e4nda uppgifter. <\/p>\n\n\n\n<blockquote class=\"wp-block-quote\"><p>Men om den senaste historien \u00e4r n\u00e5gon v\u00e4gledning vet vi en viktig sak: valet 2024 \u00e4r redan mycket n\u00e4ra. <\/p><\/blockquote>\n\n\n\n<h3 class=\"wp-block-heading\"><span id=\"les-defis-et-les-dangers-auxquels-sont-confrontes-les-democrates-dans-la-prochaine-course-presidentielle\">De utmaningar och faror som demokraterna st\u00e5r inf\u00f6r i det kommande presidentvalet.<\/span><\/h3>\n\n\n\n<p>&quot;I 10 av 17 presidentval fr\u00e5n 1920 till 1984 var folkomr\u00f6stningen 10 po\u00e4ng eller mer f\u00f6re. \u2026 Men i de nio valen fr\u00e5n 1988 till 2020 har ingen kandidat kommit i n\u00e4rheten av 10. Procentenheter vinner, med fem av de sex senaste avgjordes med mindre \u00e4n 5 procentenheter.\u201d Det \u00e4r ganska otroligt. Faktum \u00e4r att om man r\u00e4knar ihop alla r\u00f6ster (cirka 1 miljard) f\u00f6r de tv\u00e5 stora partikandidaterna i de senaste nio valen, fick demokraterna 51,2 % av det totala, medan republikanerna fick 48,2 %. Galston och Carmack. Det \u00e4r en j\u00e4kla slips. Verkligheten som dessa siffror avsl\u00f6jar \u00e4r att vi har varit \u2013 och fortfarande \u00e4r \u2013 en volatil period d\u00e4r inget av partierna kan f\u00e5 ett valf\u00f6rdel under en l\u00e4ngre period. (I de senaste nio presidentvalen har kontrollen \u00f6ver Vita huset \u00e4ndrats fem g\u00e5nger.) <br>Tills ett parti bryter d\u00f6dl\u00e4get och bygger en best\u00e5ende nationell majoritet, kommer n\u00e4ra val att f\u00f6rbli regeln, med os\u00e4kra v\u00e4ljare i nyckelstater som f\u00f6rblir nyckeln till seger.<\/p>\n\n\n\n<h4 class=\"wp-block-heading\"><span id=\"la-candidature-de-trump-l8217element-determinant\"><br>Trumps kandidatur den avg\u00f6rande faktorn<\/span><\/h4>\n\n\n\n<p>Om Trump k\u00f6r oddsen f\u00f6r <a href=\"https:\/\/parier-presidentielle.com\/sv\/betclic-presidential-2022\/\">Betclic<\/a> vid 7 \u00e4r en mycket bra aff\u00e4r eftersom f\u00f6ruts\u00e4gelsen att han inte kommer att vinna presidentposten igen \u00e4r direkt ifr\u00e5gasatt av resultaten i denna artikel. Presidentvalet 2024 kommer s\u00e4kerligen att bli ett mycket t\u00e4tt lopp, vilket inneb\u00e4r att Trumps chanser till seger kommer att vara mycket n\u00e4ra en myntkastning!<br><\/p>\n\n\n\n<p class=\"has-text-align-center unibet\" style=\"font-size:25px\"><mark style=\"background-color:rgba(0, 0, 0, 0);color:#0d7a12\" class=\"has-inline-color\"><strong><a href=\"https:\/\/parier-presidentielle.com\/sv\/recommends\/unibet\/\">150\u20ac Bonus erbjuds med Unibet<br>F\u00f6r ditt f\u00f6rsta politiska eller sportspel: Klicka h\u00e4r<\/a><\/strong><\/mark><\/p>\n\n\n\n<p><\/p>\n\n\n<div class=\"wp-block-image\">\n<figure class=\"aligncenter is-resized wp-duotone-000097-ff4747-8\"><img decoding=\"async\" loading=\"lazy\" src=\"https:\/\/parier-presidentielle.com\/wp-content\/uploads\/2021\/09\/election-standard-scale-4_00x-gigapixel-1024x623.jpg\" alt=\"Val 2022\" style=\"width:256px;height:156px\" width=\"256\" height=\"156\"\/><\/figure><\/div>\n\n\n<p><br><\/p>\n\n\n\n<p><strong>Parier-presidential hj\u00e4lper dig att g\u00f6ra ditt val mellan de olika<a href=\"https:\/\/parier-presidentielle.com\/sv\/\"> Bookmakers Bwin, Unibet, Betclic kommer att satsa p\u00e5 den framtida amerikanska presidenten 2024<\/a> : <\/strong><br><a href=\"https:\/\/parier-presidentielle.com\/sv\/unibet-politik-val-2022\/\">Unibet Presidential Bookmaker<\/a> : Detaljerad och gratis guide f\u00f6r att g\u00f6ra ditt f\u00f6rsta onlinespel med alla odds och hur du drar nytta av den erbjudna bonusen!<\/p>\n\n\n\n<p>F\u00f6rutom andra Paris-webbplatser: <a href=\"https:\/\/parier-presidentielle.com\/sv\/unibet-politik-val-2022\/\">Bwin<\/a>, <a href=\"https:\/\/parier-presidentielle.com\/sv\/netbet-paris-politik-val-2022\/\">NetBet<\/a>, <a href=\"https:\/\/parier-presidentielle.com\/sv\/betclic-presidential-2022\/\">Betclic<\/a>, <a href=\"https:\/\/parier-presidentielle.com\/sv\/winamax-politik-val-2022\/\">Winamax<\/a>, Parions Sport, Zebet, Betway, France-Pari, Vbet, Cloudbet, 1Xbit, 1xbet, Betfair, Betwinner \u2026<\/p>\n\n\n\n<div class=\"wp-block-columns is-layout-flex wp-container-13 wp-block-columns-is-layout-flex\">\n<div class=\"wp-block-column is-layout-flow wp-block-column-is-layout-flow\" style=\"flex-basis:33.33%\">\n<p>Du har precis l\u00e4st v\u00e5r fil:<\/p>\n<\/div>\n\n\n\n<div class=\"wp-block-column is-layout-flow wp-block-column-is-layout-flow\" style=\"flex-basis:33.33%\">\n<div class=\"wp-block-group is-layout-flow wp-block-group-is-layout-flow\"><div class=\"wp-block-group__inner-container\"><h4 class=\"has-text-align-center wp-block-post-title\"><span id=\"betclic-parier-sur-l8217election-presidentielle-americaine-de-2024\"><a href=\"https:\/\/parier-presidentielle.com\/sv\/betclic-american-election-2024\/\" target=\"_self\" >Betclic: Satsa p\u00e5 det amerikanska presidentvalet 2024<\/a><\/span><\/h4><\/div><\/div>\n<\/div>\n\n\n\n<div class=\"wp-block-column is-layout-flow wp-block-column-is-layout-flow\" style=\"flex-basis:33.33%\">\n<p class=\"has-text-align-right\">Forts\u00e4tt l\u00e4sa med v\u00e5ra andra exklusiva filer,<\/p>\n<\/div>\n<\/div>\n\n\n\n<h3 class=\"wp-block-heading\" id=\"tous-les-pronostics-sondage-et-cotes-pour-parier-sur-le-futur-vainqueur-de-l-election-presidentielle-2022\"><span id=\"tous-les-pronostics-sondage-et-cotes-pour-parier-sur-le-futur-vainqueur-de-l8217election-presidentielle-2024\">Alla f\u00f6ruts\u00e4gelser, unders\u00f6kningar och odds att satsa p\u00e5 den framtida vinnaren av presidentvalet 2024:<\/span><\/h3>\n\n\n\n<ul>\n<li><a href=\"https:\/\/parier-presidentielle.com\/sv\/makron-val\/\">Satsa p\u00e5 Emmanuel Macron med Unibet, Betclic, Bwin<\/a> : Favoriten i omr\u00f6stningar och f\u00f6ruts\u00e4gelser <\/li>\n\n\n\n<li><a href=\"https:\/\/parier-presidentielle.com\/sv\/marin-le-pen-val\/\">Marine Le Pen: Hennes odds och hur man satsar med bookmakers<\/a>: Utmanaren enligt Unibet<\/li>\n<\/ul>\n\n\n\n<p><\/p>\n\n\n\n<center><script type=\"text\/javascript\" charset=\"utf-8\" src=\"https:\/\/www.gambling-affiliation.com\/cpm\/v=AmIMTDSs92QY6b0MzDMvM5laCjJ-ZlA-1oQ-7tKsi.w_GA7331V2\"><\/script><\/center>\n\n\n\n<h3 class=\"wp-block-heading\"><span id=\"donald-trump-vs-joe-biden-la-video-qui-lance-les-paris-en-ligne-sur-l8217election-politique-de-2024\">Donald Trump vs Joe Biden: Videon som lanserar vadslagning online om det politiska valet 2024<\/span><\/h3>\n\n\n\n<figure class=\"wp-block-embed is-type-video is-provider-youtube wp-block-embed-youtube wp-embed-aspect-16-9 wp-has-aspect-ratio\"><div class=\"wp-block-embed__wrapper\">\n<iframe loading=\"lazy\" title=\"Tidigare president Donald Trump lanserar 2024 Vita husets bud #Short\" width=\"640\" height=\"360\" src=\"https:\/\/www.youtube.com\/embed\/hZykPRVe4Ag?feature=oembed\" frameborder=\"0\" allow=\"accelerometer; autoplay; clipboard-write; encrypted-media; gyroscope; picture-in-picture; web-share\" allowfullscreen><\/iframe>\n<\/div><\/figure>\n\n\n<div class=\"wp-block-image\">\n<figure class=\"aligncenter size-medium\"><a href=\"https:\/\/parier-presidentielle.com\/sv\/recommends\/unibet\/\" target=\"_blank\" rel=\"noopener\"><img decoding=\"async\" loading=\"lazy\" width=\"300\" height=\"169\" src=\"https:\/\/parier-presidentielle.com\/wp-content\/uploads\/2022\/04\/unibet-300x169.jpg\" alt=\"\" class=\"wp-image-1252\" srcset=\"https:\/\/parier-presidentielle.com\/wp-content\/uploads\/2022\/04\/unibet-300x169.jpg 300w, https:\/\/parier-presidentielle.com\/wp-content\/uploads\/2022\/04\/unibet-1024x576.jpg 1024w, https:\/\/parier-presidentielle.com\/wp-content\/uploads\/2022\/04\/unibet-768x432.jpg 768w, https:\/\/parier-presidentielle.com\/wp-content\/uploads\/2022\/04\/unibet-18x10.jpg 18w, https:\/\/parier-presidentielle.com\/wp-content\/uploads\/2022\/04\/unibet.jpg 1280w\" sizes=\"(max-width: 300px) 100vw, 300px\" \/><\/a><\/figure><\/div>\n\n\n<p>Hitta Wiki, de viktiga politiska nyheterna om cannabis och dess juridiska derivat: <strong>HHC, H4cbd, Thcp, Thcv, HSD, HHCPO, C4B<\/strong><\/p>\n<div id=\"toc_container\" class=\"no_bullets\"><p class=\"toc_title\">Inneh\u00e5ll<\/p><ul class=\"toc_list\"><li><ul><li><ul><li><\/li><\/ul><\/li><li><\/li><li><\/li><\/ul><\/li><li><ul><li><\/li><li><ul><li><\/li><li><\/li><\/ul><\/li><li><\/li><li><\/li><\/ul><\/li><\/ul><\/div>","protected":false},"excerpt":{"rendered":"<p>Qui sera le prochain Pr\u00e9sident \u00c9tats-Unis ? Pour commencer Joe Biden a \u00e9t\u00e9 \u00e9lu difficilement en 2020, Trump et ses supporters attendent avec impatience leur revanche! Ainsi vous pouvez d\u00e8s \u00e0 pr\u00e9sent parier sur le vainqueur de la pr\u00e9sidentielle si on retrouve les t\u00eates d&#8217;affiches de la politique r\u00e9publicaine et d\u00e9mocrate avec Joe Biden, Kamala &#8230;<\/p>","protected":false},"author":1,"featured_media":0,"parent":0,"menu_order":0,"comment_status":"closed","ping_status":"closed","template":"page-nosidebar.php","meta":{"footnotes":""},"yoast_head":"<!-- This site is optimized with the Yoast SEO Premium plugin v21.0 (Yoast SEO v21.0) - https:\/\/yoast.com\/wordpress\/plugins\/seo\/ -->\n<title>Betclic : Parier sur l&#039;\u00c9lection Pr\u00e9sidentielle Am\u00e9ricaine de 2024 - Finale Coupe du Monde FIFA<\/title>\n<meta name=\"description\" content=\"L&#039;int\u00e9gral des Cotes de Betclic pour l\u2019\u00e9lection am\u00e9ricaine\" \/>\n<meta name=\"robots\" content=\"index, follow, max-snippet:-1, max-image-preview:large, max-video-preview:-1\" \/>\n<link rel=\"canonical\" href=\"https:\/\/parier-presidentielle.com\/sv\/betclic-american-election-2024\/\" \/>\n<meta property=\"og:locale\" content=\"sv_SE\" \/>\n<meta property=\"og:type\" content=\"article\" \/>\n<meta property=\"og:title\" content=\"Betclic : Parier sur l&#039;\u00c9lection Pr\u00e9sidentielle Am\u00e9ricaine de 2024\" \/>\n<meta property=\"og:description\" content=\"L&#039;int\u00e9gral des Cotes de Betclic pour l\u2019\u00e9lection am\u00e9ricaine\" \/>\n<meta property=\"og:url\" content=\"https:\/\/parier-presidentielle.com\/sv\/betclic-american-election-2024\/\" \/>\n<meta property=\"og:site_name\" content=\"Parier Pr\u00e9sidentielle\" \/>\n<meta property=\"article:modified_time\" content=\"2022-02-24T22:13:37+00:00\" \/>\n<meta property=\"og:image\" content=\"https:\/\/parier-presidentielle.com\/wp-content\/uploads\/2022\/02\/betclic-election-usa-2024-header.jpg\" \/>\n<meta name=\"twitter:card\" content=\"summary_large_image\" \/>\n<meta name=\"twitter:label1\" content=\"Est. reading time\" \/>\n\t<meta name=\"twitter:data1\" content=\"2 minuter\" \/>\n<script type=\"application\/ld+json\" class=\"yoast-schema-graph\">{\"@context\":\"https:\/\/schema.org\",\"@graph\":[{\"@type\":\"WebPage\",\"@id\":\"https:\/\/parier-presidentielle.com\/betclic-election-americaine-2024\/\",\"url\":\"https:\/\/parier-presidentielle.com\/betclic-election-americaine-2024\/\",\"name\":\"Betclic : Parier sur l'\u00c9lection Pr\u00e9sidentielle Am\u00e9ricaine de 2024 - Finale Coupe du Monde FIFA\",\"isPartOf\":{\"@id\":\"https:\/\/parier-presidentielle.com\/#website\"},\"datePublished\":\"2022-02-23T12:20:38+00:00\",\"dateModified\":\"2022-02-24T22:13:37+00:00\",\"description\":\"L'int\u00e9gral des Cotes de Betclic pour l\u2019\u00e9lection am\u00e9ricaine\",\"breadcrumb\":{\"@id\":\"https:\/\/parier-presidentielle.com\/betclic-election-americaine-2024\/#breadcrumb\"},\"inLanguage\":\"sv-SE\",\"potentialAction\":[{\"@type\":\"ReadAction\",\"target\":[\"https:\/\/parier-presidentielle.com\/betclic-election-americaine-2024\/\"]}]},{\"@type\":\"BreadcrumbList\",\"@id\":\"https:\/\/parier-presidentielle.com\/betclic-election-americaine-2024\/#breadcrumb\",\"itemListElement\":[{\"@type\":\"ListItem\",\"position\":1,\"name\":\"Accueil\",\"item\":\"https:\/\/parier-presidentielle.com\/\"},{\"@type\":\"ListItem\",\"position\":2,\"name\":\"Betclic : Parier sur l&rsquo;\u00c9lection Pr\u00e9sidentielle Am\u00e9ricaine de 2024\"}]},{\"@type\":\"WebSite\",\"@id\":\"https:\/\/parier-presidentielle.com\/#website\",\"url\":\"https:\/\/parier-presidentielle.com\/\",\"name\":\"Parier Pr\u00e9sidentielle\",\"description\":\"Paris, Pronostics, Wiki sur la Politique, les Elections Am\u00e9ricaines: Joe Biden, Donald Trump avec les Bookmakers en ligne Unibet, Bwin, Betclic, Winamax\",\"potentialAction\":[{\"@type\":\"SearchAction\",\"target\":{\"@type\":\"EntryPoint\",\"urlTemplate\":\"https:\/\/parier-presidentielle.com\/?s={search_term_string}\"},\"query-input\":\"required name=search_term_string\"}],\"inLanguage\":\"sv-SE\"}]}<\/script>\n<!-- \/ Yoast SEO Premium plugin. -->","yoast_head_json":{"title":"Betclic : Parier sur l'\u00c9lection Pr\u00e9sidentielle Am\u00e9ricaine de 2024 - Finale Coupe du Monde FIFA","description":"L'int\u00e9gral des Cotes de Betclic pour l\u2019\u00e9lection am\u00e9ricaine","robots":{"index":"index","follow":"follow","max-snippet":"max-snippet:-1","max-image-preview":"max-image-preview:large","max-video-preview":"max-video-preview:-1"},"canonical":"https:\/\/parier-presidentielle.com\/sv\/betclic-american-election-2024\/","og_locale":"sv_SE","og_type":"article","og_title":"Betclic : Parier sur l'\u00c9lection Pr\u00e9sidentielle Am\u00e9ricaine de 2024","og_description":"L'int\u00e9gral des Cotes de Betclic pour l\u2019\u00e9lection am\u00e9ricaine","og_url":"https:\/\/parier-presidentielle.com\/sv\/betclic-american-election-2024\/","og_site_name":"Parier Pr\u00e9sidentielle","article_modified_time":"2022-02-24T22:13:37+00:00","og_image":[{"url":"https:\/\/parier-presidentielle.com\/wp-content\/uploads\/2022\/02\/betclic-election-usa-2024-header.jpg"}],"twitter_card":"summary_large_image","twitter_misc":{"Est. reading time":"2 minuter"},"schema":{"@context":"https:\/\/schema.org","@graph":[{"@type":"WebPage","@id":"https:\/\/parier-presidentielle.com\/betclic-election-americaine-2024\/","url":"https:\/\/parier-presidentielle.com\/betclic-election-americaine-2024\/","name":"Betclic : Parier sur l'\u00c9lection Pr\u00e9sidentielle Am\u00e9ricaine de 2024 - Finale Coupe du Monde FIFA","isPartOf":{"@id":"https:\/\/parier-presidentielle.com\/#website"},"datePublished":"2022-02-23T12:20:38+00:00","dateModified":"2022-02-24T22:13:37+00:00","description":"L'int\u00e9gral des Cotes de Betclic pour l\u2019\u00e9lection am\u00e9ricaine","breadcrumb":{"@id":"https:\/\/parier-presidentielle.com\/betclic-election-americaine-2024\/#breadcrumb"},"inLanguage":"sv-SE","potentialAction":[{"@type":"ReadAction","target":["https:\/\/parier-presidentielle.com\/betclic-election-americaine-2024\/"]}]},{"@type":"BreadcrumbList","@id":"https:\/\/parier-presidentielle.com\/betclic-election-americaine-2024\/#breadcrumb","itemListElement":[{"@type":"ListItem","position":1,"name":"Accueil","item":"https:\/\/parier-presidentielle.com\/"},{"@type":"ListItem","position":2,"name":"Betclic : Parier sur l&rsquo;\u00c9lection Pr\u00e9sidentielle Am\u00e9ricaine de 2024"}]},{"@type":"WebSite","@id":"https:\/\/parier-presidentielle.com\/#website","url":"https:\/\/parier-presidentielle.com\/","name":"Parier Pr\u00e9sidentielle","description":"Paris, Pronostics, Wiki sur la Politique, les Elections Am\u00e9ricaines: Joe Biden, Donald Trump avec les Bookmakers en ligne Unibet, Bwin, Betclic, Winamax","potentialAction":[{"@type":"SearchAction","target":{"@type":"EntryPoint","urlTemplate":"https:\/\/parier-presidentielle.com\/?s={search_term_string}"},"query-input":"required name=search_term_string"}],"inLanguage":"sv-SE"}]}},"_links":{"self":[{"href":"https:\/\/parier-presidentielle.com\/sv\/wp-json\/wp\/v2\/pages\/709"}],"collection":[{"href":"https:\/\/parier-presidentielle.com\/sv\/wp-json\/wp\/v2\/pages"}],"about":[{"href":"https:\/\/parier-presidentielle.com\/sv\/wp-json\/wp\/v2\/types\/page"}],"author":[{"embeddable":true,"href":"https:\/\/parier-presidentielle.com\/sv\/wp-json\/wp\/v2\/users\/1"}],"replies":[{"embeddable":true,"href":"https:\/\/parier-presidentielle.com\/sv\/wp-json\/wp\/v2\/comments?post=709"}],"version-history":[{"count":37,"href":"https:\/\/parier-presidentielle.com\/sv\/wp-json\/wp\/v2\/pages\/709\/revisions"}],"predecessor-version":[{"id":777,"href":"https:\/\/parier-presidentielle.com\/sv\/wp-json\/wp\/v2\/pages\/709\/revisions\/777"}],"wp:attachment":[{"href":"https:\/\/parier-presidentielle.com\/sv\/wp-json\/wp\/v2\/media?parent=709"}],"curies":[{"name":"wp","href":"https:\/\/api.w.org\/{rel}","templated":true}]}}