{"id":898,"date":"2022-03-07T13:10:43","date_gmt":"2022-03-07T12:10:43","guid":{"rendered":"https:\/\/parier-presidentielle.com\/?page_id=898"},"modified":"2023-09-23T21:23:58","modified_gmt":"2023-09-23T19:23:58","slug":"plan","status":"publish","type":"page","link":"https:\/\/parier-presidentielle.com\/sv\/planen\/","title":{"rendered":"Webbplatskartor f\u00f6r Parier-Presidentielle.com"},"content":{"rendered":"<div class=\"wp-block-group is-layout-flow wp-block-group-is-layout-flow\"><div class=\"wp-block-group__inner-container\">\n<div class=\"wp-block-group is-layout-flow wp-block-group-is-layout-flow\"><div class=\"wp-block-group__inner-container\">\n<p>V\u00e4lkommen till webbplatskarta! Hitta alla l\u00e4nkar till din Paris om politik s\u00e5 att du har all n\u00f6dv\u00e4ndig kunskap f\u00f6r att g\u00f6ra ett vad f\u00f6r f\u00f6rsta g\u00e5ngen. Precis som du kommer att kunna f\u00f6lja alla odds p\u00e5 alla val: franska, amerikanska...<br><br><br>Franska versionen av Parier-Presidentielle.com:<br><a href=\"https:\/\/parier-presidentielle.com\/sv\/\">Betting-Presidential: guide till vadslagning p\u00e5 det amerikanska valet 2024<\/a><br>Engelsk version av Parier-Presidentielle.com:<br><a href=\"https:\/\/parier-presidentielle.com\/en\/\">Vadslagningsguide f\u00f6r USA:s presidentval 2024<\/a><\/p>\n\n\n\n<p>Spanska versionen av Parier-Presidentielle.com: <br><a href=\"https:\/\/parier-presidentielle.com\/es\/\">Utn\u00e4mning av presidentval France Politica<\/a><\/p>\n<\/div><\/div>\n<\/div><\/div>\n\n\n\n<div class=\"wp-block-group is-layout-flow wp-block-group-is-layout-flow\"><div class=\"wp-block-group__inner-container\">\n<p><\/p>\n<\/div><\/div>\n\n\n\n<div class=\"wsp-container\"><h2 class=\"wsp-pages-title\"><span id=\"pages\">Sidor<\/span><\/h2>\n<ul class=\"wsp-pages-list\">\n<li class=\"page_item page-item-525\"><a href=\"https:\/\/parier-presidentielle.com\/sv\/1xbit-policy\/\">1xBit: Att satsa p\u00e5 politik i Bitcoin<\/a><\/li>\n<li class=\"page_item page-item-1789\"><a href=\"https:\/\/parier-presidentielle.com\/sv\/argentina-frankrike-final-vm-2022-unibet-bwin\/\">Argentina \u2013 Frankrike: VM-finalen 2022<\/a><\/li>\n<li class=\"page_item page-item-163\"><a href=\"https:\/\/parier-presidentielle.com\/sv\/asselineau-bookmakers\/\">Asselineau Bookmakers: Paris, odds och f\u00f6ruts\u00e4gelser<\/a><\/li>\n<li class=\"page_item page-item-121\"><a href=\"https:\/\/parier-presidentielle.com\/sv\/asselineau-bookmaker-unibet-bwin\/\">Asselineau och presidentvalet enligt Les Bookmakers Bwin, Unibet<\/a><\/li>\n<li class=\"page_item page-item-709\"><a href=\"https:\/\/parier-presidentielle.com\/sv\/betclic-american-election-2024\/\">Betclic: Satsa p\u00e5 det amerikanska presidentvalet 2024<\/a><\/li>\n<li class=\"page_item page-item-235\"><a href=\"https:\/\/parier-presidentielle.com\/sv\/betclic-presidential-2022\/\">Betclic: Satsa p\u00e5 presidentvalet 2022<\/a><\/li>\n<li class=\"page_item page-item-269\"><a href=\"https:\/\/parier-presidentielle.com\/sv\/bookmaker-val-politik-2022\/\">Bookmaker: Vilket \u00e4r det b\u00e4sta st\u00e4llet att satsa p\u00e5 politik och presidentvalet 2022?<\/a><\/li>\n<li class=\"page_item page-item-195\"><a href=\"https:\/\/parier-presidentielle.com\/sv\/bookmaker-politik\/\">Bookmaker och politik: Satsar p\u00e5 det franska valet<\/a><\/li>\n<li class=\"page_item page-item-250\"><a href=\"https:\/\/parier-presidentielle.com\/sv\/bwin-politik-val-2022\/\">Bwin: Bookmaker att satsa p\u00e5 presidentvalet 2022<\/a><\/li>\n<li class=\"page_item page-item-557\"><a href=\"https:\/\/parier-presidentielle.com\/sv\/bwin-paris-om-politik\/\">Bwin: Satsar p\u00e5 politik<\/a><\/li>\n<li class=\"page_item page-item-68\"><a href=\"https:\/\/parier-presidentielle.com\/sv\/emmanuel-macron-marine-le-pen-eric-zemmour-undersokning\/\">Presidentvalet 2022: Enligt m\u00e4tningar kommer Emmanuel Macron och Marine Le Pen att vara med i andra omg\u00e5ngen<\/a><\/li>\n<li class=\"page_item page-item-1946\"><a href=\"https:\/\/parier-presidentielle.com\/sv\/joe-biden-cannabis-hhc\/\">Joe Biden och cannabismarknaden, HHC<\/a><\/li>\n<li class=\"page_item page-item-1956\"><a href=\"https:\/\/parier-presidentielle.com\/sv\/donald-trump-pa-cannabis-och-hhc-marknaden\/\">Donald Trumps inverkan p\u00e5 cannabis- och HHC-marknaden<\/a><\/li>\n<li class=\"page_item page-item-951\"><a href=\"https:\/\/parier-presidentielle.com\/sv\/bookmakers-undersokningar-presidentval\/\">Bookmakers: mer p\u00e5litliga \u00e4n unders\u00f6kningar f\u00f6r presidentvalet<\/a><\/li>\n<li class=\"page_item page-item-54\"><a href=\"https:\/\/parier-presidentielle.com\/sv\/bookmakers-val\/\">Bookmakers och presidentvalet<\/a><\/li>\n<li class=\"page_item page-item-208\"><a href=\"https:\/\/parier-presidentielle.com\/sv\/bookmakers-macron-le-pen\/\">Bookmakers odds: Unibet, Bwin, Betclic f\u00f6r att satsa p\u00e5 andra omg\u00e5ngen Macron \u2013 Le Pen<\/a><\/li>\n<li class=\"page_item page-item-1671\"><a href=\"https:\/\/parier-presidentielle.com\/sv\/odds-bookmakers-andra-omgangen-brasilianska-valet-lula-bolsonaro\/\">Bookmakers odds f\u00f6r andra omg\u00e5ngen av det brasilianska valet mellan Lula och Bolsonaro<\/a><\/li>\n<li class=\"page_item page-item-30\"><a href=\"https:\/\/parier-presidentielle.com\/sv\/macron-le-pen-bookmaker\/\">Macron \u2013 Le Pen: Bookmakers ger sina odds f\u00f6r andra omg\u00e5ngen av presidentvalet<\/a><\/li>\n<li class=\"page_item page-item-255\"><a href=\"https:\/\/parier-presidentielle.com\/sv\/netbet-paris-politik-val-2022\/\">NetBet: Betting p\u00e5 politik och presidentvalet 2022<\/a><\/li>\n<li class=\"page_item page-item-1738\"><a href=\"https:\/\/parier-presidentielle.com\/sv\/unibet-bet-vm-2022\/\">Spela med Unibet p\u00e5 VM 2022<\/a><\/li>\n<li class=\"page_item page-item-31\"><a href=\"https:\/\/parier-presidentielle.com\/sv\/makron-val\/\">Satsa p\u00e5 valet av Emmanuel Macron<\/a><\/li>\n<li class=\"page_item page-item-38\"><a href=\"https:\/\/parier-presidentielle.com\/sv\/zemmour-val\/\">Satsa p\u00e5 valet av Eric Zemmour<\/a><\/li>\n<li class=\"page_item page-item-41\"><a href=\"https:\/\/parier-presidentielle.com\/sv\/marin-le-pen-val\/\">Satsa p\u00e5 valet av Marine Le Pen<\/a><\/li>\n<li class=\"page_item page-item-281\"><a href=\"https:\/\/parier-presidentielle.com\/sv\/anne-hidalgo-valet-2022\/\">Satsa p\u00e5 valet av Anne Hidalgo 2022<\/a><\/li>\n<li class=\"page_item page-item-157\"><a href=\"https:\/\/parier-presidentielle.com\/sv\/asselineau-val\/\">Satsa p\u00e5 valet av Fran\u00e7ois Asselineau<\/a><\/li>\n<li class=\"page_item page-item-212\"><a href=\"https:\/\/parier-presidentielle.com\/sv\/melenchon-val\/\">Satsa p\u00e5 valet av Jean-Luc M\u00e9lenchon<\/a><\/li>\n<li class=\"page_item page-item-422\"><a href=\"https:\/\/parier-presidentielle.com\/sv\/valerie-pecresse-val\/\">Satsa p\u00e5 valet av Val\u00e9rie P\u00e9cresse<\/a><\/li>\n<li class=\"page_item page-item-24\"><a href=\"https:\/\/parier-presidentielle.com\/sv\/\">Spela p\u00e5 politik och val med de b\u00e4sta spelbolagen: Unibet, Bwin<\/a><\/li>\n<li class=\"page_item page-item-576\"><a href=\"https:\/\/parier-presidentielle.com\/sv\/paris-kandidat-hogsta-domstolen-forenta-staterna\/\">Satsar p\u00e5 kandidaten till USA:s h\u00f6gsta domstol<\/a><\/li>\n<li class=\"page_item page-item-898\"><a href=\"https:\/\/parier-presidentielle.com\/sv\/planen\/\">Webbplatskartor f\u00f6r Parier-Presidentielle.com<\/a><\/li>\n<li class=\"page_item page-item-2\"><a href=\"https:\/\/parier-presidentielle.com\/sv\/unibet-politik-val-2022\/\">Unibet: Onlinespel inf\u00f6r presidentvalet 2022<\/a><\/li>\n<li class=\"page_item page-item-1962\"><a href=\"https:\/\/parier-presidentielle.com\/sv\/vladimir-poutine-vilken-asikt-om-cannabismarknaden-och-hhc\/\">Vad \u00e4r Vladimir Putins \u00e5sikt om cannabis- och HHC-marknaden?<\/a><\/li>\n<li class=\"page_item page-item-1459\"><a href=\"https:\/\/parier-presidentielle.com\/sv\/william-hill-presidentvalet\/\">William Hill: Engelsk bookmaker satsar p\u00e5 det franska presidentvalet 2022<\/a><\/li>\n<li class=\"page_item page-item-257\"><a href=\"https:\/\/parier-presidentielle.com\/sv\/winamax-politik-val-2022\/\">Winamax: Satsa p\u00e5 politik och presidentvalet 2022<\/a><\/li>\n<\/ul>\n<h2 class=\"wsp-posts-title\"><span id=\"posts-by-category\">Inl\u00e4gg efter kategori<\/span><\/h2>\n<ul class=\"wsp-posts-list\">\n\t<li><strong class=\"wsp-category-title\">Kategori: <a href=\"https:\/\/parier-presidentielle.com\/sv\/category\/oklassificerad\/\">Oklassificerad<\/a><\/strong>\n<ul class=\"wsp-posts-list\">\t\t<li class=\"wsp-post\"><a href=\"https:\/\/parier-presidentielle.com\/sv\/presidentval-2022-spelare-runt-varlden-satsning-andra-omgangen\/\">Presidentvalet 2022: Spelare runt om i v\u00e4rlden satsar p\u00e5 den andra omg\u00e5ngen!<\/a><\/li>\n\t\t<li class=\"wsp-post\"><a href=\"https:\/\/parier-presidentielle.com\/sv\/franska-val-vem-ar-kandidaterna\/\">Franska valet: Vilka \u00e4r kandidaterna?<\/a><\/li>\n\t\t<li class=\"wsp-post\"><a href=\"https:\/\/parier-presidentielle.com\/sv\/makron-bookmakers-undersokning\/\">Macrons favoriter bland bookmakers efter kriget i Ukraina<\/a><\/li>\n<\/ul><\/li>\n<\/ul>\n<h2 class=\"wsp-admin_menus-title\"><span id=\"admin-menus\">Admin menyer<\/span><\/h2>\n<ul class=\"wsp-admin_menus-list\">\n<li><a href=\"https:\/\/parier-presidentielle.com\/sv\/admin_menu\/mon-menu\/\">Min meny<\/a><\/li>\n<\/ul>\n<h2 class=\"wsp-admin_toolbars-title\"><span id=\"admin-toolbars\">Verktygsf\u00e4lt f\u00f6r administrat\u00f6rer<\/span><\/h2>\n<ul class=\"wsp-admin_toolbars-list\">\n<li><a href=\"https:\/\/parier-presidentielle.com\/sv\/admin_toolbar\/back-end\/\">Baksida &amp; Front End<\/a><\/li>\n<\/ul>\n<h2 class=\"wsp-hide_plugins-title\"><span id=\"hide-plugins\">D\u00f6lj plugins<\/span><\/h2>\n<ul class=\"wsp-hide_plugins-list\">\n<li><a href=\"https:\/\/parier-presidentielle.com\/sv\/hide_plugin\/hide-plugin\/\">HidePlugin<\/a><\/li>\n<\/ul>\n<\/div>\n\n\n\n<p><\/p>\n<div id=\"toc_container\" class=\"no_bullets\"><p class=\"toc_title\">Inneh\u00e5ll<\/p><ul class=\"toc_list\"><li><\/li><li><\/li><li><\/li><li><\/li><li><\/li><\/ul><\/div>","protected":false},"excerpt":{"rendered":"<p>V\u00e4lkommen till webbplatskarta! Hitta alla l\u00e4nkar till din Paris om politik s\u00e5 att du har all kunskap du beh\u00f6ver f\u00f6r att satsa f\u00f6r f\u00f6rsta g\u00e5ngen. Precis som du kommer att kunna f\u00f6lja alla odds p\u00e5 alla val: franska, amerikanska... Franska versionen av Parier-Presidentielle.com: Parier-Presidentielle: guide till vadslagning...<\/p>","protected":false},"author":1,"featured_media":0,"parent":0,"menu_order":0,"comment_status":"closed","ping_status":"closed","template":"page-nosidebar.php","meta":{"footnotes":""},"yoast_head":"<!-- This site is optimized with the Yoast SEO Premium plugin v21.0 (Yoast SEO v21.0) - https:\/\/yoast.com\/wordpress\/plugins\/seo\/ -->\n<title>Plans du site de Parier-Presidentielle.com - Finale Coupe du Monde FIFA<\/title>\n<meta name=\"description\" content=\"Int\u00e9gralit\u00e9 et guide du site\" \/>\n<meta name=\"robots\" content=\"index, follow, max-snippet:-1, max-image-preview:large, max-video-preview:-1\" \/>\n<link rel=\"canonical\" href=\"https:\/\/parier-presidentielle.com\/sv\/planen\/\" \/>\n<meta property=\"og:locale\" content=\"sv_SE\" \/>\n<meta property=\"og:type\" content=\"article\" \/>\n<meta property=\"og:title\" content=\"Plans du site de Parier-Presidentielle.com\" \/>\n<meta property=\"og:description\" content=\"Int\u00e9gralit\u00e9 et guide du site\" \/>\n<meta property=\"og:url\" content=\"https:\/\/parier-presidentielle.com\/sv\/planen\/\" \/>\n<meta property=\"og:site_name\" content=\"Parier Pr\u00e9sidentielle\" \/>\n<meta property=\"article:modified_time\" content=\"2023-09-23T19:23:58+00:00\" \/>\n<meta name=\"twitter:card\" content=\"summary_large_image\" \/>\n<meta name=\"twitter:label1\" content=\"Est. reading time\" \/>\n\t<meta name=\"twitter:data1\" content=\"1 minut\" \/>\n<script type=\"application\/ld+json\" class=\"yoast-schema-graph\">{\"@context\":\"https:\/\/schema.org\",\"@graph\":[{\"@type\":\"WebPage\",\"@id\":\"https:\/\/parier-presidentielle.com\/plan\/\",\"url\":\"https:\/\/parier-presidentielle.com\/plan\/\",\"name\":\"Plans du site de Parier-Presidentielle.com - Finale Coupe du Monde FIFA\",\"isPartOf\":{\"@id\":\"https:\/\/parier-presidentielle.com\/#website\"},\"datePublished\":\"2022-03-07T12:10:43+00:00\",\"dateModified\":\"2023-09-23T19:23:58+00:00\",\"description\":\"Int\u00e9gralit\u00e9 et guide du site\",\"breadcrumb\":{\"@id\":\"https:\/\/parier-presidentielle.com\/plan\/#breadcrumb\"},\"inLanguage\":\"sv-SE\",\"potentialAction\":[{\"@type\":\"ReadAction\",\"target\":[\"https:\/\/parier-presidentielle.com\/plan\/\"]}]},{\"@type\":\"BreadcrumbList\",\"@id\":\"https:\/\/parier-presidentielle.com\/plan\/#breadcrumb\",\"itemListElement\":[{\"@type\":\"ListItem\",\"position\":1,\"name\":\"Accueil\",\"item\":\"https:\/\/parier-presidentielle.com\/\"},{\"@type\":\"ListItem\",\"position\":2,\"name\":\"Plans du site de Parier-Presidentielle.com\"}]},{\"@type\":\"WebSite\",\"@id\":\"https:\/\/parier-presidentielle.com\/#website\",\"url\":\"https:\/\/parier-presidentielle.com\/\",\"name\":\"Parier Pr\u00e9sidentielle\",\"description\":\"Paris, Pronostics, Wiki sur la Politique, les Elections Am\u00e9ricaines: Joe Biden, Donald Trump avec les Bookmakers en ligne Unibet, Bwin, Betclic, Winamax\",\"potentialAction\":[{\"@type\":\"SearchAction\",\"target\":{\"@type\":\"EntryPoint\",\"urlTemplate\":\"https:\/\/parier-presidentielle.com\/?s={search_term_string}\"},\"query-input\":\"required name=search_term_string\"}],\"inLanguage\":\"sv-SE\"}]}<\/script>\n<!-- \/ Yoast SEO Premium plugin. -->","yoast_head_json":{"title":"Plans du site de Parier-Presidentielle.com - Finale Coupe du Monde FIFA","description":"Int\u00e9gralit\u00e9 et guide du site","robots":{"index":"index","follow":"follow","max-snippet":"max-snippet:-1","max-image-preview":"max-image-preview:large","max-video-preview":"max-video-preview:-1"},"canonical":"https:\/\/parier-presidentielle.com\/sv\/planen\/","og_locale":"sv_SE","og_type":"article","og_title":"Plans du site de Parier-Presidentielle.com","og_description":"Int\u00e9gralit\u00e9 et guide du site","og_url":"https:\/\/parier-presidentielle.com\/sv\/planen\/","og_site_name":"Parier Pr\u00e9sidentielle","article_modified_time":"2023-09-23T19:23:58+00:00","twitter_card":"summary_large_image","twitter_misc":{"Est. reading time":"1 minut"},"schema":{"@context":"https:\/\/schema.org","@graph":[{"@type":"WebPage","@id":"https:\/\/parier-presidentielle.com\/plan\/","url":"https:\/\/parier-presidentielle.com\/plan\/","name":"Plans du site de Parier-Presidentielle.com - Finale Coupe du Monde FIFA","isPartOf":{"@id":"https:\/\/parier-presidentielle.com\/#website"},"datePublished":"2022-03-07T12:10:43+00:00","dateModified":"2023-09-23T19:23:58+00:00","description":"Int\u00e9gralit\u00e9 et guide du site","breadcrumb":{"@id":"https:\/\/parier-presidentielle.com\/plan\/#breadcrumb"},"inLanguage":"sv-SE","potentialAction":[{"@type":"ReadAction","target":["https:\/\/parier-presidentielle.com\/plan\/"]}]},{"@type":"BreadcrumbList","@id":"https:\/\/parier-presidentielle.com\/plan\/#breadcrumb","itemListElement":[{"@type":"ListItem","position":1,"name":"Accueil","item":"https:\/\/parier-presidentielle.com\/"},{"@type":"ListItem","position":2,"name":"Plans du site de Parier-Presidentielle.com"}]},{"@type":"WebSite","@id":"https:\/\/parier-presidentielle.com\/#website","url":"https:\/\/parier-presidentielle.com\/","name":"Parier Pr\u00e9sidentielle","description":"Paris, Pronostics, Wiki sur la Politique, les Elections Am\u00e9ricaines: Joe Biden, Donald Trump avec les Bookmakers en ligne Unibet, Bwin, Betclic, Winamax","potentialAction":[{"@type":"SearchAction","target":{"@type":"EntryPoint","urlTemplate":"https:\/\/parier-presidentielle.com\/?s={search_term_string}"},"query-input":"required name=search_term_string"}],"inLanguage":"sv-SE"}]}},"_links":{"self":[{"href":"https:\/\/parier-presidentielle.com\/sv\/wp-json\/wp\/v2\/pages\/898"}],"collection":[{"href":"https:\/\/parier-presidentielle.com\/sv\/wp-json\/wp\/v2\/pages"}],"about":[{"href":"https:\/\/parier-presidentielle.com\/sv\/wp-json\/wp\/v2\/types\/page"}],"author":[{"embeddable":true,"href":"https:\/\/parier-presidentielle.com\/sv\/wp-json\/wp\/v2\/users\/1"}],"replies":[{"embeddable":true,"href":"https:\/\/parier-presidentielle.com\/sv\/wp-json\/wp\/v2\/comments?post=898"}],"version-history":[{"count":12,"href":"https:\/\/parier-presidentielle.com\/sv\/wp-json\/wp\/v2\/pages\/898\/revisions"}],"predecessor-version":[{"id":2564,"href":"https:\/\/parier-presidentielle.com\/sv\/wp-json\/wp\/v2\/pages\/898\/revisions\/2564"}],"wp:attachment":[{"href":"https:\/\/parier-presidentielle.com\/sv\/wp-json\/wp\/v2\/media?parent=898"}],"curies":[{"name":"wp","href":"https:\/\/api.w.org\/{rel}","templated":true}]}}