{"id":1459,"date":"2022-04-19T13:25:07","date_gmt":"2022-04-19T11:25:07","guid":{"rendered":"https:\/\/parier-presidentielle.com\/?page_id=1459"},"modified":"2023-09-23T17:06:55","modified_gmt":"2023-09-23T15:06:55","slug":"william-hill-presidentielle","status":"publish","type":"page","link":"https:\/\/parier-presidentielle.com\/tr\/william-hill-baskanlik\/","title":{"rendered":"William Hill: 2022 Fransa Cumhurba\u015fkanl\u0131\u011f\u0131 Se\u00e7imi i\u00e7in Bahis Yapan \u0130ngiliz Bahis\u00e7i"},"content":{"rendered":"<p>kiminle bahis oynan\u0131r? William Hill tabii ki<\/p>\n\n\n\n<h2 class=\"wp-block-heading\" id=\"h-parier-l-election-president-2022-avec-le-site-de-paris-en-ligne-william-hill\"><span id=\"parier-l8217election-president-2022-avec-le-site-de-paris-en-ligne-william-hill\">William Hill \u00e7evrimi\u00e7i bahis sitesiyle 2022 ba\u015fkanl\u0131k se\u00e7imlerine bahis yap\u0131n<\/span><\/h2>\n\n\n\n<h4 class=\"wp-block-heading has-text-align-center has-large-font-size\" id=\"h-20-offert-pour-parier-avec-william-hill\"><span id=\"20e-offert-pour-parier-avec-william-hill\"><a href=\"https:\/\/parier-presidentielle.com\/tr\/recommends\/william-hill-text\/\">20\u20ac William Hill ile \u00fccretsiz bahis<\/a><\/span><\/h4>\n\n\n\n<figure class=\"wp-block-image size-large\"><img decoding=\"async\" loading=\"lazy\" width=\"1024\" height=\"265\" src=\"https:\/\/parier-presidentielle.com\/wp-content\/uploads\/2022\/04\/william-hill-macron-le-pen-presidentielle-1024x265.jpg\" alt=\"William Hill, 2022 ba\u015fkanl\u0131k se\u00e7imi i\u00e7in Macron&#039;un kaleminden bahse girdi\" class=\"wp-image-1464\" srcset=\"https:\/\/parier-presidentielle.com\/wp-content\/uploads\/2022\/04\/william-hill-macron-le-pen-presidentielle-1024x265.jpg 1024w, https:\/\/parier-presidentielle.com\/wp-content\/uploads\/2022\/04\/william-hill-macron-le-pen-presidentielle-300x78.jpg 300w, https:\/\/parier-presidentielle.com\/wp-content\/uploads\/2022\/04\/william-hill-macron-le-pen-presidentielle-768x199.jpg 768w, https:\/\/parier-presidentielle.com\/wp-content\/uploads\/2022\/04\/william-hill-macron-le-pen-presidentielle-1536x398.jpg 1536w, https:\/\/parier-presidentielle.com\/wp-content\/uploads\/2022\/04\/william-hill-macron-le-pen-presidentielle-2048x530.jpg 2048w, https:\/\/parier-presidentielle.com\/wp-content\/uploads\/2022\/04\/william-hill-macron-le-pen-presidentielle-18x5.jpg 18w\" sizes=\"(max-width: 1024px) 100vw, 1024px\" \/><\/figure>\n\n\n\n<p><br>William Hill oranlar\u0131 \u015fu anki Ba\u015fkan Emmanuel Macron&#039;a kar\u015f\u0131 1,10, Marine Le Pen&#039;e kar\u015f\u0131 7,50 veriyor, yani bunlar di\u011fer Bahis\u00e7iler ile kar\u015f\u0131la\u015ft\u0131r\u0131ld\u0131\u011f\u0131nda en iyi oranlar <a href=\"https:\/\/parier-presidentielle.com\/tr\/unibet-policy-secim-2022\/\">Unibet<\/a>, <a href=\"https:\/\/parier-presidentielle.com\/tr\/betclic-baskanlik-2022\/\">Betclic<\/a>, <a href=\"https:\/\/parier-presidentielle.com\/tr\/bwin-policy-secim-2022\/\">Bwin<\/a>. Benzer \u015fekilde, oranlar asl\u0131nda ilk tur oylama \u00f6ncesindeki oranlara \u00e7ok benzer.<\/p>\n\n\n\n<p>William Hill&#039;in Fransa&#039;da se\u00e7im sonucuna ili\u015fkin bahis a\u00e7an ilk bahis\u00e7i olmas\u0131 \u015fa\u015f\u0131rt\u0131c\u0131 de\u011fil; buna g\u00f6re art\u0131k ba\u015fkanl\u0131k se\u00e7imleri \u00fczerine bahis oynamak isteyenlere teklif veriyorlar. Birincisi, tahminlerinde iki aday\u0131n kalmas\u0131, kimin cumhurba\u015fkan\u0131 se\u00e7ilece\u011fine karar vermelerine olanak sa\u011flad\u0131.<\/p>\n\n\n\n<p>Fransa se\u00e7imleri, 2017 se\u00e7imleriyle birlikte \u015fu ana kadar en \u00e7ok takip edilen se\u00e7imlerden biri oldu ve d\u00fcnya \u00e7ap\u0131nda spor ve siyaset bahis\u00e7ileri taraf\u0131ndan yak\u0131ndan takip edildi.<\/p>\n\n\n\n<p>Piyasa bu y\u0131l boyunca \u00e7\u0131lg\u0131nca dalgalan\u0131rken, Paddy Power&#039;\u0131n Emmanuel Macron&#039;un ba\u015fkan se\u00e7ilme \u015fans\u0131n\u0131 1\/10&#039;dan 1\/12&#039;ye d\u00fc\u015f\u00fcrmeye ve onun kazanmas\u0131 \u00fczerine oynanan t\u00fcm bahisleri erken \u00f6demeye karar vermesi s\u00fcrpriz de\u011fil.<\/p>\n\n\n\n<p>Macron i\u00e7in 1\/8&#039;den 1\/10&#039;a \u00e7\u0131kan ve zafer marj\u0131n\u0131 12 %&#039;den 7 %&#039;ye d\u00fc\u015f\u00fcren Ladbrokes&#039;un durumu da benzer.<\/p>\n\n\n\n<p><\/p>\n\n\n\n<p>Ba\u015fkanl\u0131k se\u00e7imlerinin ikinci turuna bahis yapmak i\u00e7in bahis\u00e7i William Hill analizi<\/p>\n\n\n\n<p>Unibet oranlar\u0131 \u015fu anki Ba\u015fkan Emmanuel Macron&#039;a 1,65, Marine Le Pen&#039;e ise 6 veriyor, yani bunlar di\u011fer bahis\u00e7ilerle kar\u015f\u0131la\u015ft\u0131r\u0131ld\u0131\u011f\u0131nda en iyi oranlar.<\/p>\n\n\n\n<p>En Marche&#039;nin aday\u0131! bariz bir favori \u00e7\u00fcnk\u00fc bu sefer se\u00e7imlerin ilk turunu 25%&#039;den fazla oyla kazanmas\u0131 muhtemel.<\/p>\n\n\n\n<p>\u0130lk turu kazanma \u015fans\u0131 y\u00fcksek olan ancak ikinci turu kazanmas\u0131 pek m\u00fcmk\u00fcn olmayan rakibi Marine Le Pen i\u00e7in ayn\u0131 \u015fey s\u00f6ylenemez.<\/p>\n\n\n\n<p>T\u00fcm anketler Ulusal Cephe aday\u0131n\u0131n ilk turu kazanma \u015fans\u0131n\u0131n y\u00fcksek oldu\u011funu g\u00f6steriyor ancak ikinci turda oylar\u0131n neredeyse tamam\u0131n\u0131 a\u015f\u0131r\u0131 sa\u011f fikirleri desteklemeyen partilerden alacak bir rakiple kar\u015f\u0131 kar\u015f\u0131ya kalacak.<\/p>\n\n\n\n<p>\u00d6zellikle Fransa&#039;da durum kritik olmaya devam ediyor; burada bir y\u0131ldan biraz daha uzun bir s\u00fcre \u00f6nce Charlie Hebdo hiciv gazetesine ter\u00f6r sald\u0131r\u0131s\u0131 d\u00fczenlendi ve ard\u0131ndan Kas\u0131m 2015&#039;te Paris&#039;te a\u015f\u0131r\u0131 \u0130slam Devleti (\u0130D) taraf\u0131ndan ba\u015fka bir sald\u0131r\u0131 d\u00fczenlendi.<\/p>\n\n\n\n<p>Fransa&#039;daki cumhurba\u015fkanl\u0131\u011f\u0131 se\u00e7iminin ikinci turuna ili\u015fkin oranlar\u0131 ilk a\u00e7\u0131klayan \u0130ngiliz bahis \u015firketi William Hill oldu.<\/p>\n\n\n\n<p>William Hill, 6\/5&#039;te Macron&#039;a ve 4\/6&#039;da Le Pen&#039;e sahip.<\/p>\n\n\n\n<p>Betfred, Macron&#039;a 7\/10 ve Le Pen&#039;e 11\/10 sunuyor.<\/p>\n\n\n\n<p>Ladbrokes, Macron&#039;a 10\/11 ve Le Pen&#039;e 5\/6 oran veriyor.<\/p>\n\n\n\n<p>Paddy Power&#039;\u0131n ayr\u0131ca Macron&#039;da 10\/11 ve Le Pen&#039;de 5\/6 oranlar\u0131 var.<\/p>\n\n\n\n<p>William Hill, siyaset \u00fczerine bahis oynamak i\u00e7in en iyi oranlar<\/p>\n\n\n\n<p>\u0130ngiliz \u00e7evrimi\u00e7i bahis \u015firketi William Hill, 1934 y\u0131l\u0131nda kurulmu\u015f olup sekt\u00f6rdeki en ba\u015far\u0131l\u0131 \u015firketlerden biridir. Bu \u015firketin Birle\u015fik Krall\u0131k&#039;ta 2.300&#039;den fazla ofisi vard\u0131r ve ayr\u0131ca \u0130spanya ve \u0130talya&#039;da da varl\u0131klar\u0131 vard\u0131r. Bunu s\u00f6yl\u00fcyoruz \u00e7\u00fcnk\u00fc William Hill, 2012&#039;den beri Fransa&#039;da faaliyet g\u00f6steriyor ve kullan\u0131c\u0131lar\u0131na m\u00fckemmel oranlarla canl\u0131 spor bahislerinin yan\u0131 s\u0131ra \u00e7ok \u00e7e\u015fitli casino oyunlar\u0131 sunan \u00e7evrimi\u00e7i bir platformla faaliyet g\u00f6steriyor. T\u00fcm bunlara ek olarak William Hill, \u00f6zellikle Fransa ba\u015fkanl\u0131k se\u00e7imleri s\u00f6z konusu oldu\u011funda siyaset \u00fczerine bahis oynamak i\u00e7in de harika bir yer. Site, di\u011fer bahis\u00e7ilerin oranlar\u0131n\u0131 kar\u015f\u0131la\u015ft\u0131rarak tahminlerinizi yapman\u0131z\u0131 sa\u011flar.<\/p>\n\n\n\n<p>William Hill, oyuncular\u0131na siyaset veya ba\u015fka herhangi bir konuda bahis yaparken \u00e7ok iyi oranlar ve promosyonlar sunan g\u00fcvenilir bir bahis \u015firketidir. Kullan\u0131m\u0131 son derece kolayd\u0131r ve bahise ba\u015flamak i\u00e7in herhangi bir deneyim veya teknik bilgi gerektirmez.<\/p>\n\n\n\n<p>Marine Le Pen, sendeleyen ba\u015fkanl\u0131k kampanyas\u0131n\u0131 canland\u0131rmak amac\u0131yla yeni bir ba\u015fbakan atad\u0131.<\/p>\n\n\n\n<p><\/p>\n\n\n\n<p>Zafer \u015fans\u0131, Cuma g\u00fcn\u00fc Avrupa Parlamentosu fonlar\u0131n\u0131 kendi \u00fclkesinde parti i\u00e7in \u00e7al\u0131\u015fan bir yard\u0131mc\u0131ya \u00f6deme yapmak i\u00e7in kulland\u0131\u011f\u0131n\u0131n ortaya \u00e7\u0131kmas\u0131yla daha da zarar g\u00f6rd\u00fc.<\/p>\n\n\n\n<p>Ayr\u0131ca milletvekili oldu\u011fu d\u00f6nemde zimmete para ge\u00e7irme iddias\u0131yla da soru\u015fturma alt\u0131nda.<\/p>\n\n\n\n<p class=\"has-text-align-center unibet\" style=\"font-size:25px\"><mark style=\"background-color:rgba(0, 0, 0, 0);color:#0d7a12\" class=\"has-inline-color\"><strong><a href=\"https:\/\/parier-presidentielle.com\/tr\/recommends\/unibet\/\">Unibet ile sunulan 150 \u20ac Bonus<br>1. Politik veya Spor Bahsiniz i\u00e7in: Buraya t\u0131klay\u0131n<\/a><\/strong><\/mark><\/p>\n\n\n\n<p><\/p>\n\n\n<div class=\"wp-block-image\">\n<figure class=\"aligncenter is-resized wp-duotone-000097-ff4747-1\"><img decoding=\"async\" loading=\"lazy\" src=\"https:\/\/parier-presidentielle.com\/wp-content\/uploads\/2021\/09\/election-standard-scale-4_00x-gigapixel-1024x623.jpg\" alt=\"Se\u00e7im 2022\" style=\"width:256px;height:156px\" width=\"256\" height=\"156\"\/><\/figure><\/div>\n\n\n<p><br><\/p>\n\n\n\n<p><strong>Parier-presidentielle, farkl\u0131 se\u00e7enekler aras\u0131nda se\u00e7im yapman\u0131za yard\u0131mc\u0131 olur.<a href=\"https:\/\/parier-presidentielle.com\/tr\/\"> Bahis\u00e7iler Bwin, Unibet, Betclic 2024&#039;te Gelece\u011fin Amerikan Ba\u015fkan\u0131na Bahis Yapacak<\/a> : <\/strong><br><a href=\"https:\/\/parier-presidentielle.com\/tr\/unibet-policy-secim-2022\/\">Unibet Cumhurba\u015fkanl\u0131\u011f\u0131 Bahis\u00e7isi<\/a> : T\u00fcm oranlarla \u00e7evrimi\u00e7i ilk bahsinizi yapmak ve sunulan Bonustan nas\u0131l yararlanaca\u011f\u0131n\u0131z konusunda ayr\u0131nt\u0131l\u0131 ve \u00fccretsiz rehber!<\/p>\n\n\n\n<p>Di\u011fer \u00e7evrimi\u00e7i bahis sitelerinin yan\u0131 s\u0131ra: <a href=\"https:\/\/parier-presidentielle.com\/tr\/unibet-policy-secim-2022\/\">Bwin<\/a>, <a href=\"https:\/\/parier-presidentielle.com\/tr\/netbet-paris-politika-secim-2022\/\">NetBet<\/a>, <a href=\"https:\/\/parier-presidentielle.com\/tr\/betclic-baskanlik-2022\/\">Betclic<\/a>, <a href=\"https:\/\/parier-presidentielle.com\/tr\/winamax-policy-secim-2022\/\">Winamax<\/a>, Parions Sport, Zebet, Betway, France-Pari, Vbet, Cloudbet, 1Xbit, 1xbet, Betfair, Betwinner\u2026<\/p>\n\n\n\n<div class=\"wp-block-columns is-layout-flex wp-container-6 wp-block-columns-is-layout-flex\">\n<div class=\"wp-block-column is-layout-flow wp-block-column-is-layout-flow\" style=\"flex-basis:33.33%\">\n<p>Dosyam\u0131z\u0131 okudunuz:<\/p>\n<\/div>\n\n\n\n<div class=\"wp-block-column is-layout-flow wp-block-column-is-layout-flow\" style=\"flex-basis:33.33%\">\n<div class=\"wp-block-group is-layout-flow wp-block-group-is-layout-flow\"><div class=\"wp-block-group__inner-container\"><h4 class=\"has-text-align-center wp-block-post-title\"><span id=\"william-hill-bookmaker-anglais-pour-parier-sur-l8217election-presidentielle-francaise-2022\"><a href=\"https:\/\/parier-presidentielle.com\/tr\/william-hill-baskanlik\/\" target=\"_self\" >William Hill: 2022 Fransa Cumhurba\u015fkanl\u0131\u011f\u0131 Se\u00e7imi i\u00e7in Bahis Yapan \u0130ngiliz Bahis\u00e7i<\/a><\/span><\/h4><\/div><\/div>\n<\/div>\n\n\n\n<div class=\"wp-block-column is-layout-flow wp-block-column-is-layout-flow\" style=\"flex-basis:33.33%\">\n<p class=\"has-text-align-right\">Di\u011fer \u00f6zel dosyalar\u0131m\u0131zla okumaya devam edin,<\/p>\n<\/div>\n<\/div>\n\n\n\n<h3 class=\"wp-block-heading\" id=\"tous-les-pronostics-sondage-et-cotes-pour-parier-sur-le-futur-vainqueur-de-l-election-presidentielle-2022\"><span id=\"tous-les-pronostics-sondage-et-cotes-pour-parier-sur-le-futur-vainqueur-de-l8217election-presidentielle-2024\">2024 Cumhurba\u015fkanl\u0131\u011f\u0131 se\u00e7iminin gelecekteki kazanan\u0131na dair bahis yap\u0131labilecek t\u00fcm Tahminler, Anketler ve Oranlar:<\/span><\/h3>\n\n\n\n<ul>\n<li><a href=\"https:\/\/parier-presidentielle.com\/tr\/macron-secim\/\">Unibet, Betclic, Bwin ile Emmanuel Macron&#039;a bahis yap\u0131n<\/a> : Anketlerin ve tahminlerin favorisi <\/li>\n\n\n\n<li><a href=\"https:\/\/parier-presidentielle.com\/tr\/marine-le-pen-secim\/\">Marine Le Pen: Oranlar\u0131 ve Bahis\u00e7iler ile nas\u0131l bahis oynan\u0131r<\/a>: Unibet&#039;e g\u00f6re meydan okuyan<\/li>\n<\/ul>\n\n\n\n<p><\/p>\n\n\n\n<center><script type=\"text\/javascript\" charset=\"utf-8\" src=\"https:\/\/www.gambling-affiliation.com\/cpm\/v=AmIMTDSs92QY6b0MzDMvM5laCjJ-ZlA-1oQ-7tKsi.w_GA7331V2\"><\/script><\/center>\n\n\n\n<h3 class=\"wp-block-heading\"><span id=\"donald-trump-vs-joe-biden-la-video-qui-lance-les-paris-en-ligne-sur-l8217election-politique-de-2024\">Donald Trump vs Joe Biden: 2024 siyasi se\u00e7imlerinde \u00e7evrimi\u00e7i bahis oynamay\u0131 ba\u015flatan video<\/span><\/h3>\n\n\n\n<figure class=\"wp-block-embed is-type-video is-provider-youtube wp-block-embed-youtube wp-embed-aspect-16-9 wp-has-aspect-ratio\"><div class=\"wp-block-embed__wrapper\">\n<iframe loading=\"lazy\" title=\"Eski Ba\u015fkan Donald Trump, 2024 Beyaz Saray teklifini ba\u015flatt\u0131 #Short\" width=\"640\" height=\"360\" src=\"https:\/\/www.youtube.com\/embed\/hZykPRVe4Ag?feature=oembed\" frameborder=\"0\" allow=\"accelerometer; autoplay; clipboard-write; encrypted-media; gyroscope; picture-in-picture; web-share\" allowfullscreen><\/iframe>\n<\/div><\/figure>\n\n\n<div class=\"wp-block-image\">\n<figure class=\"aligncenter size-medium\"><a href=\"https:\/\/parier-presidentielle.com\/tr\/recommends\/unibet\/\" target=\"_blank\" rel=\"noopener\"><img decoding=\"async\" loading=\"lazy\" width=\"300\" height=\"169\" src=\"https:\/\/parier-presidentielle.com\/wp-content\/uploads\/2022\/04\/unibet-300x169.jpg\" alt=\"\" class=\"wp-image-1252\" srcset=\"https:\/\/parier-presidentielle.com\/wp-content\/uploads\/2022\/04\/unibet-300x169.jpg 300w, https:\/\/parier-presidentielle.com\/wp-content\/uploads\/2022\/04\/unibet-1024x576.jpg 1024w, https:\/\/parier-presidentielle.com\/wp-content\/uploads\/2022\/04\/unibet-768x432.jpg 768w, https:\/\/parier-presidentielle.com\/wp-content\/uploads\/2022\/04\/unibet-18x10.jpg 18w, https:\/\/parier-presidentielle.com\/wp-content\/uploads\/2022\/04\/unibet.jpg 1280w\" sizes=\"(max-width: 300px) 100vw, 300px\" \/><\/a><\/figure><\/div>\n\n\n<p>Esrar ve yasal t\u00fcrevleriyle ilgili ana siyasi haber olan Wiki&#039;yi bulun: <strong>HHC, H4cbd, Thcp, Thcv, HSD, HHCPO, C4B<\/strong><\/p>\n<div id=\"toc_container\" class=\"no_bullets\"><p class=\"toc_title\">\u0130\u00e7indekiler<\/p><ul class=\"toc_list\"><li><ul><li><ul><li><\/li><li><\/li><\/ul><\/li><li><\/li><li><\/li><\/ul><\/li><\/ul><\/div>","protected":false},"excerpt":{"rendered":"<p>avec qui parier? William Hill of course Parier l&#8217;\u00e9lection pr\u00e9sident 2022 avec le site de paris en ligne William Hill 20\u20ac Offert pour Parier avec William Hill Les cotes de William Hill donnent l&#8217;actuel pr\u00e9sident Emmanuel Macron \u00e0 1,10 contre Marine Le Pen \u00e0 7.50, ce sont donc les meilleures cotes par rapport aux autres &#8230;<\/p>","protected":false},"author":1,"featured_media":0,"parent":0,"menu_order":0,"comment_status":"closed","ping_status":"closed","template":"page-nosidebar.php","meta":{"footnotes":""},"yoast_head":"<!-- This site is optimized with the Yoast SEO Premium plugin v21.0 (Yoast SEO v21.0) - https:\/\/yoast.com\/wordpress\/plugins\/seo\/ -->\n<title>William Hill : Bookmaker Anglais pour Parier sur l&#039;election presidentielle fran\u00e7aise 2022 - Finale Coupe du Monde FIFA<\/title>\n<meta name=\"robots\" content=\"index, follow, max-snippet:-1, max-image-preview:large, max-video-preview:-1\" \/>\n<link rel=\"canonical\" href=\"https:\/\/parier-presidentielle.com\/tr\/william-hill-baskanlik\/\" \/>\n<meta property=\"og:locale\" content=\"tr_TR\" \/>\n<meta property=\"og:type\" content=\"article\" \/>\n<meta property=\"og:title\" content=\"William Hill : Bookmaker Anglais pour Parier sur l&#039;election presidentielle fran\u00e7aise 2022\" \/>\n<meta property=\"og:description\" content=\"avec qui parier? William Hill of course Parier l&#8217;\u00e9lection pr\u00e9sident 2022 avec le site de paris en ligne William Hill 20\u20ac Offert pour Parier avec William Hill Les cotes de William Hill donnent l&#8217;actuel pr\u00e9sident Emmanuel Macron \u00e0 1,10 contre Marine Le Pen \u00e0 7.50, ce sont donc les meilleures cotes par rapport aux autres ...\" \/>\n<meta property=\"og:url\" content=\"https:\/\/parier-presidentielle.com\/tr\/william-hill-baskanlik\/\" \/>\n<meta property=\"og:site_name\" content=\"Parier Pr\u00e9sidentielle\" \/>\n<meta property=\"article:modified_time\" content=\"2023-09-23T15:06:55+00:00\" \/>\n<meta property=\"og:image\" content=\"https:\/\/parier-presidentielle.com\/wp-content\/uploads\/2022\/04\/william-hill-macron-le-pen-presidentielle-1024x265.jpg\" \/>\n<meta name=\"twitter:card\" content=\"summary_large_image\" \/>\n<meta name=\"twitter:label1\" content=\"Est. reading time\" \/>\n\t<meta name=\"twitter:data1\" content=\"4 dakika\" \/>\n<script type=\"application\/ld+json\" class=\"yoast-schema-graph\">{\"@context\":\"https:\/\/schema.org\",\"@graph\":[{\"@type\":\"WebPage\",\"@id\":\"https:\/\/parier-presidentielle.com\/william-hill-presidentielle\/\",\"url\":\"https:\/\/parier-presidentielle.com\/william-hill-presidentielle\/\",\"name\":\"William Hill : Bookmaker Anglais pour Parier sur l'election presidentielle fran\u00e7aise 2022 - Finale Coupe du Monde FIFA\",\"isPartOf\":{\"@id\":\"https:\/\/parier-presidentielle.com\/#website\"},\"datePublished\":\"2022-04-19T11:25:07+00:00\",\"dateModified\":\"2023-09-23T15:06:55+00:00\",\"breadcrumb\":{\"@id\":\"https:\/\/parier-presidentielle.com\/william-hill-presidentielle\/#breadcrumb\"},\"inLanguage\":\"tr\",\"potentialAction\":[{\"@type\":\"ReadAction\",\"target\":[\"https:\/\/parier-presidentielle.com\/william-hill-presidentielle\/\"]}]},{\"@type\":\"BreadcrumbList\",\"@id\":\"https:\/\/parier-presidentielle.com\/william-hill-presidentielle\/#breadcrumb\",\"itemListElement\":[{\"@type\":\"ListItem\",\"position\":1,\"name\":\"Accueil\",\"item\":\"https:\/\/parier-presidentielle.com\/\"},{\"@type\":\"ListItem\",\"position\":2,\"name\":\"William Hill : Bookmaker Anglais pour Parier sur l&#8217;election presidentielle fran\u00e7aise 2022\"}]},{\"@type\":\"WebSite\",\"@id\":\"https:\/\/parier-presidentielle.com\/#website\",\"url\":\"https:\/\/parier-presidentielle.com\/\",\"name\":\"Parier Pr\u00e9sidentielle\",\"description\":\"Paris, Pronostics, Wiki sur la Politique, les Elections Am\u00e9ricaines: Joe Biden, Donald Trump avec les Bookmakers en ligne Unibet, Bwin, Betclic, Winamax\",\"potentialAction\":[{\"@type\":\"SearchAction\",\"target\":{\"@type\":\"EntryPoint\",\"urlTemplate\":\"https:\/\/parier-presidentielle.com\/?s={search_term_string}\"},\"query-input\":\"required name=search_term_string\"}],\"inLanguage\":\"tr\"}]}<\/script>\n<!-- \/ Yoast SEO Premium plugin. -->","yoast_head_json":{"title":"William Hill : Bookmaker Anglais pour Parier sur l'election presidentielle fran\u00e7aise 2022 - Finale Coupe du Monde FIFA","robots":{"index":"index","follow":"follow","max-snippet":"max-snippet:-1","max-image-preview":"max-image-preview:large","max-video-preview":"max-video-preview:-1"},"canonical":"https:\/\/parier-presidentielle.com\/tr\/william-hill-baskanlik\/","og_locale":"tr_TR","og_type":"article","og_title":"William Hill : Bookmaker Anglais pour Parier sur l'election presidentielle fran\u00e7aise 2022","og_description":"avec qui parier? William Hill of course Parier l&#8217;\u00e9lection pr\u00e9sident 2022 avec le site de paris en ligne William Hill 20\u20ac Offert pour Parier avec William Hill Les cotes de William Hill donnent l&#8217;actuel pr\u00e9sident Emmanuel Macron \u00e0 1,10 contre Marine Le Pen \u00e0 7.50, ce sont donc les meilleures cotes par rapport aux autres ...","og_url":"https:\/\/parier-presidentielle.com\/tr\/william-hill-baskanlik\/","og_site_name":"Parier Pr\u00e9sidentielle","article_modified_time":"2023-09-23T15:06:55+00:00","og_image":[{"url":"https:\/\/parier-presidentielle.com\/wp-content\/uploads\/2022\/04\/william-hill-macron-le-pen-presidentielle-1024x265.jpg"}],"twitter_card":"summary_large_image","twitter_misc":{"Est. reading time":"4 dakika"},"schema":{"@context":"https:\/\/schema.org","@graph":[{"@type":"WebPage","@id":"https:\/\/parier-presidentielle.com\/william-hill-presidentielle\/","url":"https:\/\/parier-presidentielle.com\/william-hill-presidentielle\/","name":"William Hill : Bookmaker Anglais pour Parier sur l'election presidentielle fran\u00e7aise 2022 - Finale Coupe du Monde FIFA","isPartOf":{"@id":"https:\/\/parier-presidentielle.com\/#website"},"datePublished":"2022-04-19T11:25:07+00:00","dateModified":"2023-09-23T15:06:55+00:00","breadcrumb":{"@id":"https:\/\/parier-presidentielle.com\/william-hill-presidentielle\/#breadcrumb"},"inLanguage":"tr","potentialAction":[{"@type":"ReadAction","target":["https:\/\/parier-presidentielle.com\/william-hill-presidentielle\/"]}]},{"@type":"BreadcrumbList","@id":"https:\/\/parier-presidentielle.com\/william-hill-presidentielle\/#breadcrumb","itemListElement":[{"@type":"ListItem","position":1,"name":"Accueil","item":"https:\/\/parier-presidentielle.com\/"},{"@type":"ListItem","position":2,"name":"William Hill : Bookmaker Anglais pour Parier sur l&#8217;election presidentielle fran\u00e7aise 2022"}]},{"@type":"WebSite","@id":"https:\/\/parier-presidentielle.com\/#website","url":"https:\/\/parier-presidentielle.com\/","name":"Parier Pr\u00e9sidentielle","description":"Paris, Pronostics, Wiki sur la Politique, les Elections Am\u00e9ricaines: Joe Biden, Donald Trump avec les Bookmakers en ligne Unibet, Bwin, Betclic, Winamax","potentialAction":[{"@type":"SearchAction","target":{"@type":"EntryPoint","urlTemplate":"https:\/\/parier-presidentielle.com\/?s={search_term_string}"},"query-input":"required name=search_term_string"}],"inLanguage":"tr"}]}},"_links":{"self":[{"href":"https:\/\/parier-presidentielle.com\/tr\/wp-json\/wp\/v2\/pages\/1459"}],"collection":[{"href":"https:\/\/parier-presidentielle.com\/tr\/wp-json\/wp\/v2\/pages"}],"about":[{"href":"https:\/\/parier-presidentielle.com\/tr\/wp-json\/wp\/v2\/types\/page"}],"author":[{"embeddable":true,"href":"https:\/\/parier-presidentielle.com\/tr\/wp-json\/wp\/v2\/users\/1"}],"replies":[{"embeddable":true,"href":"https:\/\/parier-presidentielle.com\/tr\/wp-json\/wp\/v2\/comments?post=1459"}],"version-history":[{"count":32,"href":"https:\/\/parier-presidentielle.com\/tr\/wp-json\/wp\/v2\/pages\/1459\/revisions"}],"predecessor-version":[{"id":2561,"href":"https:\/\/parier-presidentielle.com\/tr\/wp-json\/wp\/v2\/pages\/1459\/revisions\/2561"}],"wp:attachment":[{"href":"https:\/\/parier-presidentielle.com\/tr\/wp-json\/wp\/v2\/media?parent=1459"}],"curies":[{"name":"wp","href":"https:\/\/api.w.org\/{rel}","templated":true}]}}