{"id":157,"date":"2021-09-13T14:17:19","date_gmt":"2021-09-13T12:17:19","guid":{"rendered":"https:\/\/parier-presidentielle.com\/?page_id=157"},"modified":"2021-09-13T14:20:51","modified_gmt":"2021-09-13T12:20:51","slug":"asselineau-election","status":"publish","type":"page","link":"https:\/\/parier-presidentielle.com\/tr\/asselineau-secim\/","title":{"rendered":"Fran\u00e7ois Asselineau&#039;nun se\u00e7ilmesi \u00fczerine bahis"},"content":{"rendered":"<p><strong>Fran\u00e7ois Asselineau<\/strong> (Frans\u0131z Fran\u00e7ois Asselineau; Paris, Fransa&#039;da do\u011fdu) bir Frans\u0131z politikac\u0131. 1983 y\u0131l\u0131ndan itibaren \u00e7e\u015fitli bakanl\u0131klarda dan\u0131\u015fman olarak \u00e7al\u0131\u015ft\u0131. 1996 y\u0131l\u0131nda Maliye Bakanl\u0131\u011f\u0131 Genel M\u00fcfetti\u015fi oldu.<\/p>\n\n\n\n<p>1999&#039;da sa\u011fc\u0131 Fransa i\u00e7in Birle\u015fme partisine \u00fcye oldu. 2004 y\u0131l\u0131nda Nicolas Sarkozy&#039;den bir pozisyon ald\u0131 ve Paris Konseyi&#039;ndeki Halk Hareketi Birli\u011fi grubuna kat\u0131ld\u0131. 25 Mart 2007&#039;de (Roma Antla\u015fmas\u0131&#039;n\u0131n 50. y\u0131ld\u00f6n\u00fcm\u00fc), Cumhuriyet\u00e7i Halk Birli\u011fi (LDC, FR.UPR) ad\u0131nda yeni bir parti kurdu. Bu partinin temel amac\u0131 Fransa&#039;n\u0131n AB&#039;den \u00e7\u0131kmas\u0131d\u0131r. Ayr\u0131ca Amerikan d\u0131\u015f politikas\u0131n\u0131 da sert bir \u015fekilde ele\u015ftiriyor ve Fransa&#039;n\u0131n NATO&#039;dan \u00e7ekilmesini talep ediyor.<\/p>\n\n\n\n<p>Mart 2014&#039;ten bu yana Bat\u0131&#039;n\u0131n Ukrayna krizindeki politikas\u0131n\u0131 ele\u015ftiriyor ve K\u0131r\u0131m referandumunun Kosova veya G\u00fcney Sudan&#039;daki referandumdan daha az me\u015fru olmad\u0131\u011f\u0131na inan\u0131yor. 9 May\u0131s 2015&#039;te K\u0131r\u0131m&#039;\u0131 ziyaret eden Fran\u00e7ois Asselineau, Rusya&#039;daki tek Frans\u0131z politikac\u0131yd\u0131. Kas\u0131m 2014&#039;te Asselineau, Fransa&#039;n\u0131n Mistral gemilerini Rusya&#039;ya satmay\u0131 reddetmesini &quot;ihanet&quot; olarak nitelendirdi.<\/p>\n\n\n\n<p>PMA \u00fcyelerinin say\u0131s\u0131 Temmuz 2015&#039;te 8.000&#039;i, Mart 2017&#039;de ise 17.000&#039;i a\u015ft\u0131. Asselineau ve PMA&#039;lar Aral\u0131k 2015&#039;te t\u00fcm metropol b\u00f6lgelerde (Korsika hari\u00e7) ve Reunion&#039;da yap\u0131lan b\u00f6lgesel se\u00e7imlerde kendilerini sundular. Bu 13 b\u00f6lgede, EAG\u00dc&#039;ler 189.350 oy veya 0,9 % oy ald\u0131, ancak 2014 Avrupa se\u00e7imlerine g\u00f6re 150 % art\u0131\u015f g\u00f6sterdi.Fran\u00e7ois Asselineau, ana kanallar ve radyolarda bir dakikal\u0131k anten alamamas\u0131ndan \u015fikayet etti. Hatta ola\u011fan\u00fcst\u00fc hal, bir\u00e7ok g\u00f6r\u00fc\u015fmenin iptal edilmesi ve bir\u00e7ok toplant\u0131n\u0131n yasaklanmas\u0131 i\u00e7in bahane oldu.<\/p>\n\n\n\n<p>Fran\u00e7ois Asselineau&#039;nun baz\u0131 muhalifleri, \u00f6zellikle Fran\u00e7ois Mitterrand ve Jacques Attali&#039;nin 1983&#039;ten bu yana (9.65% oylar\u0131) a\u015f\u0131r\u0131 sa\u011fc\u0131 Ulusal Cephe grubunun (1981&#039;de 0,18 % oy) b\u00fcy\u00fck bir b\u00f6l\u00fcm\u00fcn\u00fc nas\u0131l olu\u015fturdu\u011funu g\u00f6stererek onu komplo teorilerine merakl\u0131 olmakla su\u00e7luyorlar. 1986&#039;da) aktif medyada yer alarak. Bu ayn\u0131 zamanda Ulusal Cephe&#039;nin (program\u0131nda) resmi olarak AB&#039;den ayr\u0131lmay\u0131 hi\u00e7bir zaman talep etmedi\u011fini de kan\u0131tl\u0131yor.<\/p>\n\n\n\n<p>Asselineau 2017 ba\u015fkanl\u0131k se\u00e7imlerine kat\u0131ld\u0131 ve 2022 se\u00e7imlerine kat\u0131laca\u011f\u0131n\u0131 duyurdu.<\/p>\n\n\n\n<p class=\"has-text-align-center unibet\" style=\"font-size:25px\"><mark style=\"background-color:rgba(0, 0, 0, 0);color:#0d7a12\" class=\"has-inline-color\"><strong><a href=\"https:\/\/parier-presidentielle.com\/tr\/recommends\/unibet\/\">Unibet ile sunulan 150 \u20ac Bonus<br>1. Politik veya Spor Bahsiniz i\u00e7in: Buraya t\u0131klay\u0131n<\/a><\/strong><\/mark><\/p>\n\n\n\n<p><\/p>\n\n\n<div class=\"wp-block-image\">\n<figure class=\"aligncenter is-resized wp-duotone-000097-ff4747-1\"><img decoding=\"async\" loading=\"lazy\" src=\"https:\/\/parier-presidentielle.com\/wp-content\/uploads\/2021\/09\/election-standard-scale-4_00x-gigapixel-1024x623.jpg\" alt=\"Se\u00e7im 2022\" style=\"width:256px;height:156px\" width=\"256\" height=\"156\"\/><\/figure><\/div>\n\n\n<p><br><\/p>\n\n\n\n<p><strong>Parier-presidentielle, farkl\u0131 se\u00e7enekler aras\u0131nda se\u00e7im yapman\u0131za yard\u0131mc\u0131 olur.<a href=\"https:\/\/parier-presidentielle.com\/tr\/\"> Bahis\u00e7iler Bwin, Unibet, Betclic 2024&#039;te Gelece\u011fin Amerikan Ba\u015fkan\u0131na Bahis Yapacak<\/a> : <\/strong><br><a href=\"https:\/\/parier-presidentielle.com\/tr\/unibet-policy-secim-2022\/\">Unibet Cumhurba\u015fkanl\u0131\u011f\u0131 Bahis\u00e7isi<\/a> : T\u00fcm oranlarla \u00e7evrimi\u00e7i ilk bahsinizi yapmak ve sunulan Bonustan nas\u0131l yararlanaca\u011f\u0131n\u0131z konusunda ayr\u0131nt\u0131l\u0131 ve \u00fccretsiz rehber!<\/p>\n\n\n\n<p>Di\u011fer \u00e7evrimi\u00e7i bahis sitelerinin yan\u0131 s\u0131ra: <a href=\"https:\/\/parier-presidentielle.com\/tr\/unibet-policy-secim-2022\/\">Bwin<\/a>, <a href=\"https:\/\/parier-presidentielle.com\/tr\/netbet-paris-politika-secim-2022\/\">NetBet<\/a>, <a href=\"https:\/\/parier-presidentielle.com\/tr\/betclic-baskanlik-2022\/\">Betclic<\/a>, <a href=\"https:\/\/parier-presidentielle.com\/tr\/winamax-policy-secim-2022\/\">Winamax<\/a>, Parions Sport, Zebet, Betway, France-Pari, Vbet, Cloudbet, 1Xbit, 1xbet, Betfair, Betwinner\u2026<\/p>\n\n\n\n<div class=\"wp-block-columns is-layout-flex wp-container-6 wp-block-columns-is-layout-flex\">\n<div class=\"wp-block-column is-layout-flow wp-block-column-is-layout-flow\" style=\"flex-basis:33.33%\">\n<p>Dosyam\u0131z\u0131 okudunuz:<\/p>\n<\/div>\n\n\n\n<div class=\"wp-block-column is-layout-flow wp-block-column-is-layout-flow\" style=\"flex-basis:33.33%\">\n<div class=\"wp-block-group is-layout-flow wp-block-group-is-layout-flow\"><div class=\"wp-block-group__inner-container\"><h4 class=\"has-text-align-center wp-block-post-title\"><span id=\"parier-sur-lelection-de-francois-asselineau\"><a href=\"https:\/\/parier-presidentielle.com\/tr\/asselineau-secim\/\" target=\"_self\" >Fran\u00e7ois Asselineau&#039;nun se\u00e7ilmesi \u00fczerine bahis<\/a><\/span><\/h4><\/div><\/div>\n<\/div>\n\n\n\n<div class=\"wp-block-column is-layout-flow wp-block-column-is-layout-flow\" style=\"flex-basis:33.33%\">\n<p class=\"has-text-align-right\">Di\u011fer \u00f6zel dosyalar\u0131m\u0131zla okumaya devam edin,<\/p>\n<\/div>\n<\/div>\n\n\n\n<h3 class=\"wp-block-heading\" id=\"tous-les-pronostics-sondage-et-cotes-pour-parier-sur-le-futur-vainqueur-de-l-election-presidentielle-2022\"><span id=\"tous-les-pronostics-sondage-et-cotes-pour-parier-sur-le-futur-vainqueur-de-l8217election-presidentielle-2024\">2024 Cumhurba\u015fkanl\u0131\u011f\u0131 se\u00e7iminin gelecekteki kazanan\u0131na dair bahis yap\u0131labilecek t\u00fcm Tahminler, Anketler ve Oranlar:<\/span><\/h3>\n\n\n\n<ul>\n<li><a href=\"https:\/\/parier-presidentielle.com\/tr\/macron-secim\/\">Unibet, Betclic, Bwin ile Emmanuel Macron&#039;a bahis yap\u0131n<\/a> : Anketlerin ve tahminlerin favorisi <\/li>\n\n\n\n<li><a href=\"https:\/\/parier-presidentielle.com\/tr\/marine-le-pen-secim\/\">Marine Le Pen: Oranlar\u0131 ve Bahis\u00e7iler ile nas\u0131l bahis oynan\u0131r<\/a>: Unibet&#039;e g\u00f6re meydan okuyan<\/li>\n<\/ul>\n\n\n\n<p><\/p>\n\n\n\n<center><script type=\"text\/javascript\" charset=\"utf-8\" src=\"https:\/\/www.gambling-affiliation.com\/cpm\/v=AmIMTDSs92QY6b0MzDMvM5laCjJ-ZlA-1oQ-7tKsi.w_GA7331V2\"><\/script><\/center>\n\n\n\n<h3 class=\"wp-block-heading\"><span id=\"donald-trump-vs-joe-biden-la-video-qui-lance-les-paris-en-ligne-sur-l8217election-politique-de-2024\">Donald Trump vs Joe Biden: 2024 siyasi se\u00e7imlerinde \u00e7evrimi\u00e7i bahis oynamay\u0131 ba\u015flatan video<\/span><\/h3>\n\n\n\n<figure class=\"wp-block-embed is-type-video is-provider-youtube wp-block-embed-youtube wp-embed-aspect-16-9 wp-has-aspect-ratio\"><div class=\"wp-block-embed__wrapper\">\n<iframe loading=\"lazy\" title=\"Eski Ba\u015fkan Donald Trump, 2024 Beyaz Saray teklifini ba\u015flatt\u0131 #Short\" width=\"640\" height=\"360\" src=\"https:\/\/www.youtube.com\/embed\/hZykPRVe4Ag?feature=oembed\" frameborder=\"0\" allow=\"accelerometer; autoplay; clipboard-write; encrypted-media; gyroscope; picture-in-picture; web-share\" allowfullscreen><\/iframe>\n<\/div><\/figure>\n\n\n<div class=\"wp-block-image\">\n<figure class=\"aligncenter size-medium\"><a href=\"https:\/\/parier-presidentielle.com\/tr\/recommends\/unibet\/\" target=\"_blank\" rel=\"noopener\"><img decoding=\"async\" loading=\"lazy\" width=\"300\" height=\"169\" src=\"https:\/\/parier-presidentielle.com\/wp-content\/uploads\/2022\/04\/unibet-300x169.jpg\" alt=\"\" class=\"wp-image-1252\" srcset=\"https:\/\/parier-presidentielle.com\/wp-content\/uploads\/2022\/04\/unibet-300x169.jpg 300w, https:\/\/parier-presidentielle.com\/wp-content\/uploads\/2022\/04\/unibet-1024x576.jpg 1024w, https:\/\/parier-presidentielle.com\/wp-content\/uploads\/2022\/04\/unibet-768x432.jpg 768w, https:\/\/parier-presidentielle.com\/wp-content\/uploads\/2022\/04\/unibet-18x10.jpg 18w, https:\/\/parier-presidentielle.com\/wp-content\/uploads\/2022\/04\/unibet.jpg 1280w\" sizes=\"(max-width: 300px) 100vw, 300px\" \/><\/a><\/figure><\/div>\n\n\n<p>Esrar ve yasal t\u00fcrevleriyle ilgili ana siyasi haber olan Wiki&#039;yi bulun: <strong>HHC, H4cbd, Thcp, Thcv, HSD, HHCPO, C4B<\/strong><\/p>\n<div id=\"toc_container\" class=\"no_bullets\"><p class=\"toc_title\">\u0130\u00e7indekiler<\/p><ul class=\"toc_list\"><ul><li><\/li><\/ul><\/li><li><\/li><li><\/li><\/ul><\/div>","protected":false},"excerpt":{"rendered":"<p>Fran\u00e7ois Asselineau (Frans\u0131z Fran\u00e7ois Asselineau; Paris, Fransa&#039;da do\u011fdu) bir Frans\u0131z politikac\u0131. 1983 y\u0131l\u0131ndan itibaren \u00e7e\u015fitli bakanl\u0131klarda dan\u0131\u015fman olarak \u00e7al\u0131\u015ft\u0131. 1996 y\u0131l\u0131nda Maliye Bakanl\u0131\u011f\u0131 Genel M\u00fcfetti\u015fi oldu. 1999&#039;da sa\u011fc\u0131 bir parti olan Unification pour la France&#039;a \u00fcye oldu. 2004 y\u0131l\u0131nda \u2026 olarak bir pozisyon ald\u0131.<\/p>","protected":false},"author":1,"featured_media":0,"parent":0,"menu_order":0,"comment_status":"closed","ping_status":"closed","template":"page-nosidebar.php","meta":{"footnotes":""},"yoast_head":"<!-- This site is optimized with the Yoast SEO Premium plugin v21.0 (Yoast SEO v21.0) - https:\/\/yoast.com\/wordpress\/plugins\/seo\/ -->\n<title>Parier sur l\u2019\u00e9lection de Fran\u00e7ois Asselineau - Finale Coupe du Monde FIFA<\/title>\n<meta name=\"description\" content=\"Pariez sur Fran\u00e7ois Asselineau pour l&#039;Election 2022 : Cliquez Ici et Gagnez Gros! Pronostics ,Comparaison des Bookmakers et des meilleurs Cotes.\" \/>\n<meta name=\"robots\" content=\"index, follow, max-snippet:-1, max-image-preview:large, max-video-preview:-1\" \/>\n<link rel=\"canonical\" href=\"https:\/\/parier-presidentielle.com\/tr\/asselineau-secim\/\" \/>\n<meta property=\"og:locale\" content=\"tr_TR\" \/>\n<meta property=\"og:type\" content=\"article\" \/>\n<meta property=\"og:title\" content=\"Parier sur l\u2019\u00e9lection de Fran\u00e7ois Asselineau\" \/>\n<meta property=\"og:description\" content=\"Pariez sur Fran\u00e7ois Asselineau pour l&#039;Election 2022 : Cliquez Ici et Gagnez Gros! Pronostics ,Comparaison des Bookmakers et des meilleurs Cotes.\" \/>\n<meta property=\"og:url\" content=\"https:\/\/parier-presidentielle.com\/tr\/asselineau-secim\/\" \/>\n<meta property=\"og:site_name\" content=\"Parier Pr\u00e9sidentielle\" \/>\n<meta property=\"article:modified_time\" content=\"2021-09-13T12:20:51+00:00\" \/>\n<meta name=\"twitter:card\" content=\"summary_large_image\" \/>\n<meta name=\"twitter:label1\" content=\"Est. reading time\" \/>\n\t<meta name=\"twitter:data1\" content=\"2 dakika\" \/>\n<script type=\"application\/ld+json\" class=\"yoast-schema-graph\">{\"@context\":\"https:\/\/schema.org\",\"@graph\":[{\"@type\":\"WebPage\",\"@id\":\"https:\/\/parier-presidentielle.com\/asselineau-election\/\",\"url\":\"https:\/\/parier-presidentielle.com\/asselineau-election\/\",\"name\":\"Parier sur l\u2019\u00e9lection de Fran\u00e7ois Asselineau - Finale Coupe du Monde FIFA\",\"isPartOf\":{\"@id\":\"https:\/\/parier-presidentielle.com\/#website\"},\"datePublished\":\"2021-09-13T12:17:19+00:00\",\"dateModified\":\"2021-09-13T12:20:51+00:00\",\"description\":\"Pariez sur Fran\u00e7ois Asselineau pour l'Election 2022 : Cliquez Ici et Gagnez Gros! Pronostics ,Comparaison des Bookmakers et des meilleurs Cotes.\",\"breadcrumb\":{\"@id\":\"https:\/\/parier-presidentielle.com\/asselineau-election\/#breadcrumb\"},\"inLanguage\":\"tr\",\"potentialAction\":[{\"@type\":\"ReadAction\",\"target\":[\"https:\/\/parier-presidentielle.com\/asselineau-election\/\"]}]},{\"@type\":\"BreadcrumbList\",\"@id\":\"https:\/\/parier-presidentielle.com\/asselineau-election\/#breadcrumb\",\"itemListElement\":[{\"@type\":\"ListItem\",\"position\":1,\"name\":\"Accueil\",\"item\":\"https:\/\/parier-presidentielle.com\/\"},{\"@type\":\"ListItem\",\"position\":2,\"name\":\"Parier sur l\u2019\u00e9lection de Fran\u00e7ois Asselineau\"}]},{\"@type\":\"WebSite\",\"@id\":\"https:\/\/parier-presidentielle.com\/#website\",\"url\":\"https:\/\/parier-presidentielle.com\/\",\"name\":\"Parier Pr\u00e9sidentielle\",\"description\":\"Paris, Pronostics, Wiki sur la Politique, les Elections Am\u00e9ricaines: Joe Biden, Donald Trump avec les Bookmakers en ligne Unibet, Bwin, Betclic, Winamax\",\"potentialAction\":[{\"@type\":\"SearchAction\",\"target\":{\"@type\":\"EntryPoint\",\"urlTemplate\":\"https:\/\/parier-presidentielle.com\/?s={search_term_string}\"},\"query-input\":\"required name=search_term_string\"}],\"inLanguage\":\"tr\"}]}<\/script>\n<!-- \/ Yoast SEO Premium plugin. -->","yoast_head_json":{"title":"Parier sur l\u2019\u00e9lection de Fran\u00e7ois Asselineau - Finale Coupe du Monde FIFA","description":"Pariez sur Fran\u00e7ois Asselineau pour l'Election 2022 : Cliquez Ici et Gagnez Gros! Pronostics ,Comparaison des Bookmakers et des meilleurs Cotes.","robots":{"index":"index","follow":"follow","max-snippet":"max-snippet:-1","max-image-preview":"max-image-preview:large","max-video-preview":"max-video-preview:-1"},"canonical":"https:\/\/parier-presidentielle.com\/tr\/asselineau-secim\/","og_locale":"tr_TR","og_type":"article","og_title":"Parier sur l\u2019\u00e9lection de Fran\u00e7ois Asselineau","og_description":"Pariez sur Fran\u00e7ois Asselineau pour l'Election 2022 : Cliquez Ici et Gagnez Gros! Pronostics ,Comparaison des Bookmakers et des meilleurs Cotes.","og_url":"https:\/\/parier-presidentielle.com\/tr\/asselineau-secim\/","og_site_name":"Parier Pr\u00e9sidentielle","article_modified_time":"2021-09-13T12:20:51+00:00","twitter_card":"summary_large_image","twitter_misc":{"Est. reading time":"2 dakika"},"schema":{"@context":"https:\/\/schema.org","@graph":[{"@type":"WebPage","@id":"https:\/\/parier-presidentielle.com\/asselineau-election\/","url":"https:\/\/parier-presidentielle.com\/asselineau-election\/","name":"Parier sur l\u2019\u00e9lection de Fran\u00e7ois Asselineau - Finale Coupe du Monde FIFA","isPartOf":{"@id":"https:\/\/parier-presidentielle.com\/#website"},"datePublished":"2021-09-13T12:17:19+00:00","dateModified":"2021-09-13T12:20:51+00:00","description":"Pariez sur Fran\u00e7ois Asselineau pour l'Election 2022 : Cliquez Ici et Gagnez Gros! Pronostics ,Comparaison des Bookmakers et des meilleurs Cotes.","breadcrumb":{"@id":"https:\/\/parier-presidentielle.com\/asselineau-election\/#breadcrumb"},"inLanguage":"tr","potentialAction":[{"@type":"ReadAction","target":["https:\/\/parier-presidentielle.com\/asselineau-election\/"]}]},{"@type":"BreadcrumbList","@id":"https:\/\/parier-presidentielle.com\/asselineau-election\/#breadcrumb","itemListElement":[{"@type":"ListItem","position":1,"name":"Accueil","item":"https:\/\/parier-presidentielle.com\/"},{"@type":"ListItem","position":2,"name":"Parier sur l\u2019\u00e9lection de Fran\u00e7ois Asselineau"}]},{"@type":"WebSite","@id":"https:\/\/parier-presidentielle.com\/#website","url":"https:\/\/parier-presidentielle.com\/","name":"Parier Pr\u00e9sidentielle","description":"Paris, Pronostics, Wiki sur la Politique, les Elections Am\u00e9ricaines: Joe Biden, Donald Trump avec les Bookmakers en ligne Unibet, Bwin, Betclic, Winamax","potentialAction":[{"@type":"SearchAction","target":{"@type":"EntryPoint","urlTemplate":"https:\/\/parier-presidentielle.com\/?s={search_term_string}"},"query-input":"required name=search_term_string"}],"inLanguage":"tr"}]}},"_links":{"self":[{"href":"https:\/\/parier-presidentielle.com\/tr\/wp-json\/wp\/v2\/pages\/157"}],"collection":[{"href":"https:\/\/parier-presidentielle.com\/tr\/wp-json\/wp\/v2\/pages"}],"about":[{"href":"https:\/\/parier-presidentielle.com\/tr\/wp-json\/wp\/v2\/types\/page"}],"author":[{"embeddable":true,"href":"https:\/\/parier-presidentielle.com\/tr\/wp-json\/wp\/v2\/users\/1"}],"replies":[{"embeddable":true,"href":"https:\/\/parier-presidentielle.com\/tr\/wp-json\/wp\/v2\/comments?post=157"}],"version-history":[{"count":2,"href":"https:\/\/parier-presidentielle.com\/tr\/wp-json\/wp\/v2\/pages\/157\/revisions"}],"predecessor-version":[{"id":162,"href":"https:\/\/parier-presidentielle.com\/tr\/wp-json\/wp\/v2\/pages\/157\/revisions\/162"}],"wp:attachment":[{"href":"https:\/\/parier-presidentielle.com\/tr\/wp-json\/wp\/v2\/media?parent=157"}],"curies":[{"name":"wp","href":"https:\/\/api.w.org\/{rel}","templated":true}]}}