{"id":163,"date":"2021-09-13T14:41:45","date_gmt":"2021-09-13T12:41:45","guid":{"rendered":"https:\/\/parier-presidentielle.com\/?page_id=163"},"modified":"2023-01-24T18:49:06","modified_gmt":"2023-01-24T17:49:06","slug":"asselineau-bookmakers","status":"publish","type":"page","link":"https:\/\/parier-presidentielle.com\/tr\/asselineau-bahisciler\/","title":{"rendered":"Asselineau Bahis\u00e7iler: Bahis, Oranlar ve Tahminler"},"content":{"rendered":"<p>Adaya bahis yapma rehberi  <a href=\"https:\/\/parier-presidentielle.com\/tr\/asselineau-secim\/\">Fran\u00e7ois Asselineau<\/a> 2022&#039;de bahis\u00e7ilere g\u00f6re en iyi oranlar\u0131 bulun: <span style=\"text-decoration: underline;\"><a href=\"https:\/\/parier-presidentielle.com\/tr\/unibet-policy-secim-2022\/\">Unibet<\/a><\/span>, Kazan\u2026<\/p>\n\n\n\n<p><\/p>\n\n\n\n<h2 class=\"wp-block-heading\" id=\"parier-sur-francois-asselineau-en-2022-notre-analyse-cotes-et-pronostics\"><span id=\"parier-sur-francois-asselineau-en-2022-notre-analyse-cotes-et-pronostics\">2022&#039;de Fran\u00e7ois Asselineau&#039;ya bahis mi oynuyorsunuz? Analizimiz, olas\u0131l\u0131klar\u0131m\u0131z ve tahminlerimiz!<br><\/span><\/h2>\n\n\n\n<h1 class=\"wp-block-heading\"><span id=\"parier-sur-francois-asselineau-en-2022-analyse-cotes-et-pronostics\">2022&#039;de Francois Asselineau&#039;ya bahis: analiz, oranlar ve tahminler<\/span><\/h1>\n\n\n\n<p><em>Union Populaire R\u00e9publicaine&#039;in (UPR) kurucusu ve ba\u015fkan\u0131 Francois Asselineau, Frans\u0131z siyasi ortam\u0131nda giderek daha fazla dikkat \u00e7eken bir aday. Bu nedenle \u015fu soru ortaya \u00e7\u0131k\u0131yor: 2022&#039;deki bir sonraki ba\u015fkanl\u0131k se\u00e7imleri i\u00e7in onun \u00fczerine bahse girmek ak\u0131ll\u0131ca m\u0131? G\u00fcncel oranlar\u0131 ve tahminleri analiz ederek bu soruyu cevaplamaya \u00e7al\u0131\u015faca\u011f\u0131z.<\/em><\/p>\n\n\n\n<h2 class=\"wp-block-heading\"><span id=\"les-cotes-actuelles\">g\u00fcncel oranlar<\/span><\/h2>\n\n\n\n<p>\nBahis \u015firketlerine g\u00f6re Francois Asselineau&#039;nun 2022 ba\u015fkanl\u0131k se\u00e7imlerinde \u015fans\u0131 \u015fu anda olduk\u00e7a d\u00fc\u015f\u00fck. 100\/1 olarak derecelendirildi, bu da profesyoneller taraf\u0131ndan zay\u0131f biri olarak g\u00f6r\u00fcld\u00fc\u011f\u00fc anlam\u0131na geliyor. Ancak bu oranlar\u0131n \u00f6n\u00fcm\u00fczdeki aylarda ger\u00e7ekle\u015fecek etkinliklere ve anketlere g\u00f6re de\u011fi\u015febilece\u011fini unutmamak gerekiyor. Bu nedenle Asselineau&#039;nun \u015fans\u0131n\u0131n \u00f6n\u00fcm\u00fczdeki aylarda artmas\u0131 m\u00fcmk\u00fcn.\n\n<\/p>\n\n\n\n<h2 class=\"wp-block-heading\"><span id=\"les-pronostics\">tahminler<\/span><\/h2>\n\n\n\n<p>\nFrancois Asselineau&#039;nun 2022 ba\u015fkanl\u0131k se\u00e7imlerindeki \u015fans\u0131 hakk\u0131nda bir tahminde bulunmak zor \u00e7\u00fcnk\u00fc hangi adaylar\u0131n yar\u0131\u015faca\u011f\u0131 ve \u00f6n\u00fcm\u00fczdeki aylarda siyasi durumun nas\u0131l geli\u015fece\u011fi konusunda h\u00e2l\u00e2 \u00e7ok fazla belirsizlik var. Ancak Fran\u00e7ois Asselineau&#039;nun geleneksel partilerden memnun olmayan ve yerle\u015fik d\u00fczene alternatif arayan se\u00e7menler aras\u0131nda g\u00fc\u00e7l\u00fc bir destek taban\u0131na sahip bir aday oldu\u011funu da belirtmekte fayda var. Bu nedenle mevcut derecelendirmelerin \u00f6nerdi\u011finden daha iyi performans g\u00f6stermesi m\u00fcmk\u00fcn.\n\n<\/p>\n\n\n\n<h2 class=\"wp-block-heading\"><span id=\"analyse\">analiz etmek<\/span><\/h2>\n\n\n\n<p>\nFrancois Asselineau i\u00e7in mevcut ihtimal ve tahminlerin olduk\u00e7a olumsuz oldu\u011fu a\u00e7\u0131k, ancak 2022 ba\u015fkanl\u0131k se\u00e7imlerinin sonu\u00e7lar\u0131n\u0131 tahmin etmek i\u00e7in hen\u00fcz \u00e7ok erken oldu\u011funu unutmamal\u0131y\u0131z.Siyasi durum ve anketlerdeki geli\u015fmeleri izlemek \u00f6nemli. Francois Asselineau&#039;nun \u015fans\u0131n\u0131 de\u011ferlendirmek i\u00e7in. Bunun, ona \u00f6nemli destek sa\u011flayabilecek geleneksel partilerden memnun olmayan se\u00e7menler \u00fczerindeki etkisini de hesaba katmak \u00f6nemlidir. \u00d6zetle \u015fu an i\u00e7in Francois Asselineau&#039;ya bahis oynamak riskli olabilir ama onu da 2022 ba\u015fkanl\u0131k se\u00e7imi yar\u0131\u015f\u0131n\u0131n d\u0131\u015f\u0131nda b\u0131rakmamak laz\u0131m.Ger\u00e7ek \u015fans\u0131 de\u011ferlendirmek i\u00e7in geli\u015fmeleri ve anketleri takip etmek \u00f6nemli. \u00d6n\u00fcm\u00fczdeki aylarda oranlar\u0131n \u00f6nemli \u00f6l\u00e7\u00fcde de\u011fi\u015febilece\u011fini unutmamak da \u00f6nemlidir, bu nedenle dikkatli olun.<\/p>\n\n\n\n<p>Ba\u015fkan 2022. Fran\u00e7ois Asselineau \u015eubat 2021&#039;de tutukland\u0131. Soru\u015fturma halen devam ediyor. Peki politikac\u0131lar neden her zaman adaleti \u00f6nemsiyorlar? \u015eubat 2021&#039;de siyasette bir tsunami ya\u015fand\u0131: Fran\u00e7ois Asselineau ahlaki taciz, cinsel taciz ve cinsel sald\u0131r\u0131 nedeniyle g\u00f6zalt\u0131na al\u0131nd\u0131. Soru\u015fturma, May\u0131s 2020&#039;de Paris adli polisinin \u015fahs\u0131na (BRDP) y\u00f6nelik su\u00e7larla m\u00fccadele tugay\u0131yla birlikte ger\u00e7ekle\u015ftirildi. Fran\u00e7ois Asselineau&#039;nun Evrensel Periyodik \u0130nceleme (Cumhuriyet\u00e7i Pop\u00fcler Birli\u011fi) i\u00e7in \u00e7al\u0131\u015fan iki farkl\u0131 ma\u011fdur iki \u015fikayette bulundu: biri Aller&#039;de, di\u011feri Paris&#039;te yap\u0131ld\u0131. Eski bir y\u00f6netici de savc\u0131ya bilgi verdi ve 2019&#039;da baz\u0131 ger\u00e7ekler ortaya \u00e7\u0131kt\u0131.<br><\/p>\n\n\n\n<p>K\u0131sa s\u00fcre sonra Fran\u00e7ois Asselineau, iddialar\u0131 hakaret ve kendisini evrensel periyodik inceleme ba\u015fkanl\u0131\u011f\u0131ndan uzakla\u015ft\u0131rmaya ve 2022 ba\u015fkanl\u0131k se\u00e7imlerine kat\u0131lmas\u0131n\u0131 engellemeye y\u00f6nelik komplo: eczane olarak nitelendirdi, &quot;dedi Facebook&#039;ta. Dava halen devam ediyor. Bir hat\u0131rlatma olarak, 2020 y\u0131l\u0131nda, bu \u015fikayetler hen\u00fcz yay\u0131nlanm\u0131\u015f olsa da (ancak g\u00f6zalt\u0131 talebinden \u00f6nce), siyaset\u00e7inin hala partisinin y\u00f6neticileri aras\u0131ndan se\u00e7ilmesi, istenmeyen parti aktivistlerini k\u0131\u015fk\u0131rt\u0131yor. cinsel sald\u0131r\u0131 onlar\u0131n ba\u015fkan\u0131 oldu. Fran\u00e7ois Arcelino kimdir? Fran\u00e7ois Asselineau siyasete girmeden \u00f6nce mali m\u00fcfetti\u015fti. 2017 y\u0131l\u0131nda 500&#039;den fazla sponsor toplad\u0131 ve 2012&#039;deki ba\u015far\u0131s\u0131zl\u0131kla sonu\u00e7lanan ba\u015fkanl\u0131k se\u00e7imlerine kat\u0131ld\u0131. <\/p>\n\n\n\n<p><\/p>\n\n\n\n<h3 class=\"wp-block-heading\" id=\"la-victoire-francois-asselineau-a-l-election-presidentielle-est-impossible\"><span id=\"la-victoire-francois-asselineau-a-l8217election-presidentielle-est-impossible\">Fran\u00e7ois Asselineau&#039;nun ba\u015fkanl\u0131k se\u00e7imlerini kazanmas\u0131 imkans\u0131z!<\/span><\/h3>\n\n\n\n<p><strong><span class=\"has-inline-color has-vivid-red-color\">Fran\u00e7ois Asselineau&#039;nun profilini inceledikten sonra, inan\u0131lmaz oranlara ra\u011fmen zaferine bahis oynamak \u00e7ok riskli...<\/span><\/strong><\/p>\n\n\n\n<h2 class=\"wp-block-heading\" id=\"unibet\"><span id=\"unibet\">Unibet<\/span><\/h2>\n\n\n\n<p><br>Bahis \u015firketi Unibet&#039;te Fran\u00e7ois Asselineau&#039;nun oranlar\u0131: <\/p>\n\n\n\n<p>101<\/p>\n\n\n\n<p><\/p>\n\n\n\n<h2 class=\"wp-block-heading\" id=\"william-hill\"><span id=\"william-hill\">William Tepesi<\/span><\/h2>\n\n\n\n<p>Fran\u00e7ois Asselineau&#039;nun bahis \u015firketi William Hill&#039;deki oranlar\u0131:  <\/p>\n\n\n\n<p>\u015eu anda mevcut de\u011fil<\/p>\n\n\n\n\n\n\n\n<p><\/p>\n\n\n\n<p class=\"has-text-align-center unibet\" style=\"font-size:25px\"><mark style=\"background-color:rgba(0, 0, 0, 0);color:#0d7a12\" class=\"has-inline-color\"><strong><a href=\"https:\/\/parier-presidentielle.com\/tr\/recommends\/unibet\/\">Unibet ile sunulan 150 \u20ac Bonus<br>1. Politik veya Spor Bahsiniz i\u00e7in: Buraya t\u0131klay\u0131n<\/a><\/strong><\/mark><\/p>\n\n\n\n<p><\/p>\n\n\n<div class=\"wp-block-image\">\n<figure class=\"aligncenter is-resized wp-duotone-000097-ff4747-1\"><img decoding=\"async\" loading=\"lazy\" src=\"https:\/\/parier-presidentielle.com\/wp-content\/uploads\/2021\/09\/election-standard-scale-4_00x-gigapixel-1024x623.jpg\" alt=\"Se\u00e7im 2022\" style=\"width:256px;height:156px\" width=\"256\" height=\"156\"\/><\/figure><\/div>\n\n\n<p><br><\/p>\n\n\n\n<p><strong>Parier-presidentielle, farkl\u0131 se\u00e7enekler aras\u0131nda se\u00e7im yapman\u0131za yard\u0131mc\u0131 olur.<a href=\"https:\/\/parier-presidentielle.com\/tr\/\"> Bahis\u00e7iler Bwin, Unibet, Betclic 2024&#039;te Gelece\u011fin Amerikan Ba\u015fkan\u0131na Bahis Yapacak<\/a> : <\/strong><br><a href=\"https:\/\/parier-presidentielle.com\/tr\/unibet-policy-secim-2022\/\">Unibet Cumhurba\u015fkanl\u0131\u011f\u0131 Bahis\u00e7isi<\/a> : T\u00fcm oranlarla \u00e7evrimi\u00e7i ilk bahsinizi yapmak ve sunulan Bonustan nas\u0131l yararlanaca\u011f\u0131n\u0131z konusunda ayr\u0131nt\u0131l\u0131 ve \u00fccretsiz rehber!<\/p>\n\n\n\n<p>Di\u011fer \u00e7evrimi\u00e7i bahis sitelerinin yan\u0131 s\u0131ra: <a href=\"https:\/\/parier-presidentielle.com\/tr\/unibet-policy-secim-2022\/\">Bwin<\/a>, <a href=\"https:\/\/parier-presidentielle.com\/tr\/netbet-paris-politika-secim-2022\/\">NetBet<\/a>, <a href=\"https:\/\/parier-presidentielle.com\/tr\/betclic-baskanlik-2022\/\">Betclic<\/a>, <a href=\"https:\/\/parier-presidentielle.com\/tr\/winamax-policy-secim-2022\/\">Winamax<\/a>, Parions Sport, Zebet, Betway, France-Pari, Vbet, Cloudbet, 1Xbit, 1xbet, Betfair, Betwinner\u2026<\/p>\n\n\n\n<div class=\"wp-block-columns is-layout-flex wp-container-6 wp-block-columns-is-layout-flex\">\n<div class=\"wp-block-column is-layout-flow wp-block-column-is-layout-flow\" style=\"flex-basis:33.33%\">\n<p>Dosyam\u0131z\u0131 okudunuz:<\/p>\n<\/div>\n\n\n\n<div class=\"wp-block-column is-layout-flow wp-block-column-is-layout-flow\" style=\"flex-basis:33.33%\">\n<div class=\"wp-block-group is-layout-flow wp-block-group-is-layout-flow\"><div class=\"wp-block-group__inner-container\"><h4 class=\"has-text-align-center wp-block-post-title\"><span id=\"asselineau-bookmakers-paris-cote-et-pronostics\"><a href=\"https:\/\/parier-presidentielle.com\/tr\/asselineau-bahisciler\/\" target=\"_self\" >Asselineau Bahis\u00e7iler: Bahis, Oranlar ve Tahminler<\/a><\/span><\/h4><\/div><\/div>\n<\/div>\n\n\n\n<div class=\"wp-block-column is-layout-flow wp-block-column-is-layout-flow\" style=\"flex-basis:33.33%\">\n<p class=\"has-text-align-right\">Di\u011fer \u00f6zel dosyalar\u0131m\u0131zla okumaya devam edin,<\/p>\n<\/div>\n<\/div>\n\n\n\n<h3 class=\"wp-block-heading\" id=\"tous-les-pronostics-sondage-et-cotes-pour-parier-sur-le-futur-vainqueur-de-l-election-presidentielle-2022\"><span id=\"tous-les-pronostics-sondage-et-cotes-pour-parier-sur-le-futur-vainqueur-de-l8217election-presidentielle-2024\">2024 Cumhurba\u015fkanl\u0131\u011f\u0131 se\u00e7iminin gelecekteki kazanan\u0131na dair bahis yap\u0131labilecek t\u00fcm Tahminler, Anketler ve Oranlar:<\/span><\/h3>\n\n\n\n<ul>\n<li><a href=\"https:\/\/parier-presidentielle.com\/tr\/macron-secim\/\">Unibet, Betclic, Bwin ile Emmanuel Macron&#039;a bahis yap\u0131n<\/a> : Anketlerin ve tahminlerin favorisi <\/li>\n\n\n\n<li><a href=\"https:\/\/parier-presidentielle.com\/tr\/marine-le-pen-secim\/\">Marine Le Pen: Oranlar\u0131 ve Bahis\u00e7iler ile nas\u0131l bahis oynan\u0131r<\/a>: Unibet&#039;e g\u00f6re meydan okuyan<\/li>\n<\/ul>\n\n\n\n<p><\/p>\n\n\n\n<center><script type=\"text\/javascript\" charset=\"utf-8\" src=\"https:\/\/www.gambling-affiliation.com\/cpm\/v=AmIMTDSs92QY6b0MzDMvM5laCjJ-ZlA-1oQ-7tKsi.w_GA7331V2\"><\/script><\/center>\n\n\n\n<h3 class=\"wp-block-heading\"><span id=\"donald-trump-vs-joe-biden-la-video-qui-lance-les-paris-en-ligne-sur-l8217election-politique-de-2024\">Donald Trump vs Joe Biden: 2024 siyasi se\u00e7imlerinde \u00e7evrimi\u00e7i bahis oynamay\u0131 ba\u015flatan video<\/span><\/h3>\n\n\n\n<figure class=\"wp-block-embed is-type-video is-provider-youtube wp-block-embed-youtube wp-embed-aspect-16-9 wp-has-aspect-ratio\"><div class=\"wp-block-embed__wrapper\">\n<iframe loading=\"lazy\" title=\"Eski Ba\u015fkan Donald Trump, 2024 Beyaz Saray teklifini ba\u015flatt\u0131 #Short\" width=\"640\" height=\"360\" src=\"https:\/\/www.youtube.com\/embed\/hZykPRVe4Ag?feature=oembed\" frameborder=\"0\" allow=\"accelerometer; autoplay; clipboard-write; encrypted-media; gyroscope; picture-in-picture; web-share\" allowfullscreen><\/iframe>\n<\/div><\/figure>\n\n\n<div class=\"wp-block-image\">\n<figure class=\"aligncenter size-medium\"><a href=\"https:\/\/parier-presidentielle.com\/tr\/recommends\/unibet\/\" target=\"_blank\" rel=\"noopener\"><img decoding=\"async\" loading=\"lazy\" width=\"300\" height=\"169\" src=\"https:\/\/parier-presidentielle.com\/wp-content\/uploads\/2022\/04\/unibet-300x169.jpg\" alt=\"\" class=\"wp-image-1252\" srcset=\"https:\/\/parier-presidentielle.com\/wp-content\/uploads\/2022\/04\/unibet-300x169.jpg 300w, https:\/\/parier-presidentielle.com\/wp-content\/uploads\/2022\/04\/unibet-1024x576.jpg 1024w, https:\/\/parier-presidentielle.com\/wp-content\/uploads\/2022\/04\/unibet-768x432.jpg 768w, https:\/\/parier-presidentielle.com\/wp-content\/uploads\/2022\/04\/unibet-18x10.jpg 18w, https:\/\/parier-presidentielle.com\/wp-content\/uploads\/2022\/04\/unibet.jpg 1280w\" sizes=\"(max-width: 300px) 100vw, 300px\" \/><\/a><\/figure><\/div>\n\n\n<p>Esrar ve yasal t\u00fcrevleriyle ilgili ana siyasi haber olan Wiki&#039;yi bulun: <strong>HHC, H4cbd, Thcp, Thcv, HSD, HHCPO, C4B<\/strong><\/p>\n\n\n\n<p><\/p>\n<div id=\"toc_container\" class=\"no_bullets\"><p class=\"toc_title\">\u0130\u00e7indekiler<\/p><ul class=\"toc_list\"><ul><li><\/li><\/ul><\/li><li><ul><li><\/li><li><\/li><li><ul><li><\/li><\/ul><\/li><li><\/li><li><ul><li><ul><li><\/li><\/ul><\/li><li><\/li><li><\/li><\/ul><\/li><\/ul><\/li><\/ul><\/div>","protected":false},"excerpt":{"rendered":"<p>Le guide pour parier sur le candidat Fran\u00e7ois Asselineau en 2022, retrouver les meilleurs cotes selon les bookmakers : Unibet, Bwin&#8230; Parier sur Francois Asselineau en 2022? Notre analyse, cotes et pronostics! Parier sur Francois Asselineau en 2022 : analyse, cotes et pronostics Francois Asselineau, fondateur et pr\u00e9sident de l&#8217;Union Populaire R\u00e9publicaine (UPR), est un &#8230;<\/p>","protected":false},"author":1,"featured_media":0,"parent":0,"menu_order":0,"comment_status":"closed","ping_status":"closed","template":"page-nosidebar.php","meta":{"footnotes":""},"yoast_head":"<!-- This site is optimized with the Yoast SEO Premium plugin v21.0 (Yoast SEO v21.0) - https:\/\/yoast.com\/wordpress\/plugins\/seo\/ -->\n<title>Asselineau Bookmakers : Paris, Cote et Pronostics - Finale Coupe du Monde FIFA<\/title>\n<meta name=\"description\" content=\"Pariez sur Asselineau pour l&#039;Election 2022 : Cliquez Ici et Gagnez Gros! Pronostics ,Comparaison des Bookmakers et des meilleurs Cotes.\" \/>\n<meta name=\"robots\" content=\"index, follow, max-snippet:-1, max-image-preview:large, max-video-preview:-1\" \/>\n<link rel=\"canonical\" href=\"https:\/\/parier-presidentielle.com\/tr\/asselineau-bahisciler\/\" \/>\n<meta property=\"og:locale\" content=\"tr_TR\" \/>\n<meta property=\"og:type\" content=\"article\" \/>\n<meta property=\"og:title\" content=\"Asselineau Bookmakers : Paris, Cote et Pronostics\" \/>\n<meta property=\"og:description\" content=\"Pariez sur Asselineau pour l&#039;Election 2022 : Cliquez Ici et Gagnez Gros! Pronostics ,Comparaison des Bookmakers et des meilleurs Cotes.\" \/>\n<meta property=\"og:url\" content=\"https:\/\/parier-presidentielle.com\/tr\/asselineau-bahisciler\/\" \/>\n<meta property=\"og:site_name\" content=\"Parier Pr\u00e9sidentielle\" \/>\n<meta property=\"article:modified_time\" content=\"2023-01-24T17:49:06+00:00\" \/>\n<meta name=\"twitter:card\" content=\"summary_large_image\" \/>\n<meta name=\"twitter:label1\" content=\"Est. reading time\" \/>\n\t<meta name=\"twitter:data1\" content=\"2 dakika\" \/>\n<script type=\"application\/ld+json\" class=\"yoast-schema-graph\">{\"@context\":\"https:\/\/schema.org\",\"@graph\":[{\"@type\":\"WebPage\",\"@id\":\"https:\/\/parier-presidentielle.com\/asselineau-bookmakers\/\",\"url\":\"https:\/\/parier-presidentielle.com\/asselineau-bookmakers\/\",\"name\":\"Asselineau Bookmakers : Paris, Cote et Pronostics - Finale Coupe du Monde FIFA\",\"isPartOf\":{\"@id\":\"https:\/\/parier-presidentielle.com\/#website\"},\"datePublished\":\"2021-09-13T12:41:45+00:00\",\"dateModified\":\"2023-01-24T17:49:06+00:00\",\"description\":\"Pariez sur Asselineau pour l'Election 2022 : Cliquez Ici et Gagnez Gros! Pronostics ,Comparaison des Bookmakers et des meilleurs Cotes.\",\"breadcrumb\":{\"@id\":\"https:\/\/parier-presidentielle.com\/asselineau-bookmakers\/#breadcrumb\"},\"inLanguage\":\"tr\",\"potentialAction\":[{\"@type\":\"ReadAction\",\"target\":[\"https:\/\/parier-presidentielle.com\/asselineau-bookmakers\/\"]}]},{\"@type\":\"BreadcrumbList\",\"@id\":\"https:\/\/parier-presidentielle.com\/asselineau-bookmakers\/#breadcrumb\",\"itemListElement\":[{\"@type\":\"ListItem\",\"position\":1,\"name\":\"Accueil\",\"item\":\"https:\/\/parier-presidentielle.com\/\"},{\"@type\":\"ListItem\",\"position\":2,\"name\":\"Asselineau Bookmakers : Paris, Cote et Pronostics\"}]},{\"@type\":\"WebSite\",\"@id\":\"https:\/\/parier-presidentielle.com\/#website\",\"url\":\"https:\/\/parier-presidentielle.com\/\",\"name\":\"Parier Pr\u00e9sidentielle\",\"description\":\"Paris, Pronostics, Wiki sur la Politique, les Elections Am\u00e9ricaines: Joe Biden, Donald Trump avec les Bookmakers en ligne Unibet, Bwin, Betclic, Winamax\",\"potentialAction\":[{\"@type\":\"SearchAction\",\"target\":{\"@type\":\"EntryPoint\",\"urlTemplate\":\"https:\/\/parier-presidentielle.com\/?s={search_term_string}\"},\"query-input\":\"required name=search_term_string\"}],\"inLanguage\":\"tr\"}]}<\/script>\n<!-- \/ Yoast SEO Premium plugin. -->","yoast_head_json":{"title":"Asselineau Bookmakers : Paris, Cote et Pronostics - Finale Coupe du Monde FIFA","description":"Pariez sur Asselineau pour l'Election 2022 : Cliquez Ici et Gagnez Gros! Pronostics ,Comparaison des Bookmakers et des meilleurs Cotes.","robots":{"index":"index","follow":"follow","max-snippet":"max-snippet:-1","max-image-preview":"max-image-preview:large","max-video-preview":"max-video-preview:-1"},"canonical":"https:\/\/parier-presidentielle.com\/tr\/asselineau-bahisciler\/","og_locale":"tr_TR","og_type":"article","og_title":"Asselineau Bookmakers : Paris, Cote et Pronostics","og_description":"Pariez sur Asselineau pour l'Election 2022 : Cliquez Ici et Gagnez Gros! Pronostics ,Comparaison des Bookmakers et des meilleurs Cotes.","og_url":"https:\/\/parier-presidentielle.com\/tr\/asselineau-bahisciler\/","og_site_name":"Parier Pr\u00e9sidentielle","article_modified_time":"2023-01-24T17:49:06+00:00","twitter_card":"summary_large_image","twitter_misc":{"Est. reading time":"2 dakika"},"schema":{"@context":"https:\/\/schema.org","@graph":[{"@type":"WebPage","@id":"https:\/\/parier-presidentielle.com\/asselineau-bookmakers\/","url":"https:\/\/parier-presidentielle.com\/asselineau-bookmakers\/","name":"Asselineau Bookmakers : Paris, Cote et Pronostics - Finale Coupe du Monde FIFA","isPartOf":{"@id":"https:\/\/parier-presidentielle.com\/#website"},"datePublished":"2021-09-13T12:41:45+00:00","dateModified":"2023-01-24T17:49:06+00:00","description":"Pariez sur Asselineau pour l'Election 2022 : Cliquez Ici et Gagnez Gros! Pronostics ,Comparaison des Bookmakers et des meilleurs Cotes.","breadcrumb":{"@id":"https:\/\/parier-presidentielle.com\/asselineau-bookmakers\/#breadcrumb"},"inLanguage":"tr","potentialAction":[{"@type":"ReadAction","target":["https:\/\/parier-presidentielle.com\/asselineau-bookmakers\/"]}]},{"@type":"BreadcrumbList","@id":"https:\/\/parier-presidentielle.com\/asselineau-bookmakers\/#breadcrumb","itemListElement":[{"@type":"ListItem","position":1,"name":"Accueil","item":"https:\/\/parier-presidentielle.com\/"},{"@type":"ListItem","position":2,"name":"Asselineau Bookmakers : Paris, Cote et Pronostics"}]},{"@type":"WebSite","@id":"https:\/\/parier-presidentielle.com\/#website","url":"https:\/\/parier-presidentielle.com\/","name":"Parier Pr\u00e9sidentielle","description":"Paris, Pronostics, Wiki sur la Politique, les Elections Am\u00e9ricaines: Joe Biden, Donald Trump avec les Bookmakers en ligne Unibet, Bwin, Betclic, Winamax","potentialAction":[{"@type":"SearchAction","target":{"@type":"EntryPoint","urlTemplate":"https:\/\/parier-presidentielle.com\/?s={search_term_string}"},"query-input":"required name=search_term_string"}],"inLanguage":"tr"}]}},"_links":{"self":[{"href":"https:\/\/parier-presidentielle.com\/tr\/wp-json\/wp\/v2\/pages\/163"}],"collection":[{"href":"https:\/\/parier-presidentielle.com\/tr\/wp-json\/wp\/v2\/pages"}],"about":[{"href":"https:\/\/parier-presidentielle.com\/tr\/wp-json\/wp\/v2\/types\/page"}],"author":[{"embeddable":true,"href":"https:\/\/parier-presidentielle.com\/tr\/wp-json\/wp\/v2\/users\/1"}],"replies":[{"embeddable":true,"href":"https:\/\/parier-presidentielle.com\/tr\/wp-json\/wp\/v2\/comments?post=163"}],"version-history":[{"count":22,"href":"https:\/\/parier-presidentielle.com\/tr\/wp-json\/wp\/v2\/pages\/163\/revisions"}],"predecessor-version":[{"id":1915,"href":"https:\/\/parier-presidentielle.com\/tr\/wp-json\/wp\/v2\/pages\/163\/revisions\/1915"}],"wp:attachment":[{"href":"https:\/\/parier-presidentielle.com\/tr\/wp-json\/wp\/v2\/media?parent=163"}],"curies":[{"name":"wp","href":"https:\/\/api.w.org\/{rel}","templated":true}]}}