{"id":1671,"date":"2022-10-26T14:33:37","date_gmt":"2022-10-26T12:33:37","guid":{"rendered":"https:\/\/parier-presidentielle.com\/?page_id=1671"},"modified":"2022-10-26T21:53:57","modified_gmt":"2022-10-26T19:53:57","slug":"cotes-bookmakers-second-tour-elections-bresiliennes-lula-bolsonaro","status":"publish","type":"page","link":"https:\/\/parier-presidentielle.com\/tr\/oran-bahisciler-ikinci-tur-brezilya-secimleri-lula-bolsonaro\/","title":{"rendered":"Lula ve Bolsonaro aras\u0131ndaki Brezilya se\u00e7imlerinin 2. turu i\u00e7in bahis\u00e7ilerin oranlar\u0131"},"content":{"rendered":"<figure class=\"wp-block-image size-large is-style-default\"><img decoding=\"async\" loading=\"lazy\" width=\"1024\" height=\"512\" src=\"https:\/\/parier-presidentielle.com\/wp-content\/uploads\/2022\/10\/lula-bolsonaro-1024x512.jpg\" alt=\"Brezilya&#039;n\u0131n yeniden se\u00e7ilmek i\u00e7in yar\u0131\u015fan eski cumhurba\u015fkan\u0131 Luiz Inacio Lula da Silva (solda), 3 Temmuz 2022&#039;de Sao Paulo, Brezilya&#039;da g\u00f6r\u00fcn\u00fcyor ve sa\u011fda Brezilya Devlet Ba\u015fkan\u0131 Jair Bolsonaro, 9 Haziran 2022&#039;de Los&#039;ta bir toplant\u0131ya kat\u0131l\u0131yor. Angeles. Brezilyal\u0131lar Ekim ay\u0131nda sand\u0131k ba\u015f\u0131na gidecekler ve Bolsonaro&#039;yu yeniden se\u00e7mekle eski cumhurba\u015fkan\u0131 da Silva&#039;y\u0131 geri getirmek aras\u0131nda se\u00e7im yapacaklar.\" class=\"wp-image-1675\" srcset=\"https:\/\/parier-presidentielle.com\/wp-content\/uploads\/2022\/10\/lula-bolsonaro-1024x512.jpg 1024w, https:\/\/parier-presidentielle.com\/wp-content\/uploads\/2022\/10\/lula-bolsonaro-300x150.jpg 300w, https:\/\/parier-presidentielle.com\/wp-content\/uploads\/2022\/10\/lula-bolsonaro-768x384.jpg 768w, https:\/\/parier-presidentielle.com\/wp-content\/uploads\/2022\/10\/lula-bolsonaro-18x9.jpg 18w, https:\/\/parier-presidentielle.com\/wp-content\/uploads\/2022\/10\/lula-bolsonaro.jpg 1440w\" sizes=\"(max-width: 1024px) 100vw, 1024px\" \/><\/figure>\n\n\n\n<p><\/p>\n\n\n\n<h2 class=\"wp-block-heading\">Lula veya Bolsonaro&#039;nun ikinci turundaki zafere bahis yap\u0131n<\/h2>\n\n\n\n<p><br>Bu se\u00e7imler s\u0131ras\u0131nda, yabanc\u0131 kay\u0131tl\u0131 bir\u00e7ok \u00e7evrimi\u00e7i bahis \u015firketi, insanlar\u0131n Brezilya ba\u015fkanl\u0131k se\u00e7imlerinde belirli bir aday\u0131n kazanaca\u011f\u0131n\u0131 d\u00fc\u015f\u00fcnd\u00fckleri miktarlarda bahis oynamalar\u0131na izin verdi ve e\u011fer hakl\u0131ysalar, oynanan bahis miktar\u0131ndan mali bir getiri elde edebileceklerdi. Bu \u015firketlerin fonlar\u0131 risk alt\u0131nda oldu\u011fundan, bahis getirisi hesaplamalar\u0131 karma\u015f\u0131kt\u0131r ve kay\u0131plar\u0131 en aza indirebilecek \u00e7e\u015fitli fakt\u00f6rleri dikkate al\u0131r.<\/p>\n\n\n\n<p>VEJA, USP Matematik ve \u0130statistik Enstit\u00fcs\u00fc istatistik b\u00f6l\u00fcm\u00fc ba\u015fkan\u0131 Profes\u00f6r F\u00e1bio Machado&#039;nun yard\u0131m\u0131yla alt\u0131 oyun \u015firketi aras\u0131nda bir anket ger\u00e7ekle\u015ftirdi ve veriler bu \u00c7ar\u015famba g\u00fcn\u00fc saat 5 ila 11 aras\u0131nda web sitesinde mevcut. her aday\u0131n yakla\u015f\u0131k \u015fans\u0131n\u0131n y\u00fczdesi. Bu, ortalama olarak Luiz In\u00e1cio Lula da Silva&#039;n\u0131n ikinci turu kazanma \u015fans\u0131n\u0131n 69,3 %, Jair Bolsonaro&#039;nun ise 30,6 % kazanma \u015fans\u0131na sahip oldu\u011funu d\u00fc\u015f\u00fcnd\u00fcklerini g\u00f6steriyor.<\/p>\n\n\n\n<p>Kumarhaneler bahisleri hesaplamak i\u00e7in oran ad\u0131n\u0131 verdikleri bir y\u00f6ntem kullan\u0131r; bu asl\u0131nda topa vurdu\u011funuzda bahis miktar\u0131n\u0131 etkileyen bir kattan ba\u015fka bir \u015fey de\u011fildir. \u00d6rne\u011fin Unibet&#039;te aday Lula&#039;n\u0131n zaferine oynanan her 1 avroluk bahis i\u00e7in, bahis\u00e7i se\u00e7imleri kazan\u0131rsa 1,33 avro, Bolsonaro ve Bolsonaro&#039;ya yap\u0131lan bir bahis durumunda ise 3,25 avro kazan\u0131yor, bu da bahis\u00e7inin olay\u0131 daha olas\u0131 g\u00f6rd\u00fc\u011f\u00fc anlam\u0131na geliyor .<\/p>\n\n\n\n<p>\u201cBahis\u00e7ilerin matemati\u011fi ayn\u0131 zamanda matematik ile tahmin aras\u0131nda bir yerde olan yorumu da i\u00e7erir, ancak paralar\u0131n\u0131 da i\u00e7erir, bu y\u00fczden de\u011feri ger\u00e7e\u011fe yakla\u015ft\u0131rmaya \u00e7al\u0131\u015f\u0131rlar. Oyuncular\u0131n mant\u0131\u011f\u0131 ve vatanda\u015flar\u0131n co\u015fkusu bunu farkl\u0131 g\u00f6steriyor&quot; dedi Machado.<\/p>\n\n\n\n<h2 class=\"wp-block-heading\">Bahis oranlar\u0131 <\/h2>\n\n\n\n<p>Evler derecelendirmelerinin nas\u0131l hesapland\u0131\u011f\u0131n\u0131 belirtmedi, bu nedenle VEJA anketi i\u00e7in her sitede mevcut olan rakamlara dayanarak kaba tahminler yap\u0131ld\u0131. \u201c\u0130statistikler 0 ile 1 aras\u0131ndaki olas\u0131l\u0131k de\u011ferleriyle \u00e7al\u0131\u015f\u0131r. Bir aday\u0131n kazanma \u015fans\u0131 oranlar\u0131n tersidir, bu y\u00fczden \u201cbir\u201d say\u0131s\u0131n\u0131 \u201ctek\u201d bir de\u011fere b\u00f6l\u00fcyorum. \u0130lk \u00f6rnekte iki aday\u0131n toplam\u0131 1,059&#039;dur. \u00c7o\u011fu durumda, bu fazladan 0,059&#039;a Meyve Suyu veya evin bahisten ne kadar kazand\u0131\u011f\u0131 denir,&quot; dedi Machado. &quot;Y\u00fczdeleri bulmak i\u00e7in grup performans\u0131n\u0131 ald\u0131m ve her aday\u0131n sonu\u00e7lar\u0131n\u0131n nas\u0131l e\u015fle\u015fti\u011fini g\u00f6rmek i\u00e7in \u00fc\u00e7 kural\u0131 geli\u015ftirdim<\/p>","protected":false},"excerpt":{"rendered":"<p>Parier sur la victoire au second tour de Lula ou Bolsonaro Au cours de ces \u00e9lections, plusieurs bookmakers en ligne enregistr\u00e9s \u00e0 l&#8217;\u00e9tranger ont permis aux gens de parier des montants qu&#8217;ils pensaient qu&#8217;un certain candidat gagnerait \u00e0 l&#8217;\u00e9lection pr\u00e9sidentielle br\u00e9silienne, et s&#8217;ils avaient raison, pourraient gagner un retour financier sur le montant mis\u00e9. \u00c9tant &#8230;<\/p>","protected":false},"author":1,"featured_media":0,"parent":0,"menu_order":0,"comment_status":"closed","ping_status":"closed","template":"page-nosidebar.php","meta":{"footnotes":""},"yoast_head":"<!-- This site is optimized with the Yoast SEO Premium plugin v21.0 (Yoast SEO v21.0) - https:\/\/yoast.com\/wordpress\/plugins\/seo\/ -->\n<title>Les cotes des bookmakers pour le 2e tour des \u00e9lections br\u00e9siliennes entre Lula et Bolsonaro - Finale Coupe du Monde FIFA<\/title>\n<meta name=\"robots\" content=\"index, follow, max-snippet:-1, max-image-preview:large, max-video-preview:-1\" \/>\n<link rel=\"canonical\" href=\"https:\/\/parier-presidentielle.com\/tr\/oran-bahisciler-ikinci-tur-brezilya-secimleri-lula-bolsonaro\/\" \/>\n<meta property=\"og:locale\" content=\"tr_TR\" \/>\n<meta property=\"og:type\" content=\"article\" \/>\n<meta property=\"og:title\" content=\"Les cotes des bookmakers pour le 2e tour des \u00e9lections br\u00e9siliennes entre Lula et Bolsonaro\" \/>\n<meta property=\"og:description\" content=\"Parier sur la victoire au second tour de Lula ou Bolsonaro Au cours de ces \u00e9lections, plusieurs bookmakers en ligne enregistr\u00e9s \u00e0 l&#8217;\u00e9tranger ont permis aux gens de parier des montants qu&#8217;ils pensaient qu&#8217;un certain candidat gagnerait \u00e0 l&#8217;\u00e9lection pr\u00e9sidentielle br\u00e9silienne, et s&#8217;ils avaient raison, pourraient gagner un retour financier sur le montant mis\u00e9. \u00c9tant ...\" \/>\n<meta property=\"og:url\" content=\"https:\/\/parier-presidentielle.com\/tr\/oran-bahisciler-ikinci-tur-brezilya-secimleri-lula-bolsonaro\/\" \/>\n<meta property=\"og:site_name\" content=\"Parier Pr\u00e9sidentielle\" \/>\n<meta property=\"article:modified_time\" content=\"2022-10-26T19:53:57+00:00\" \/>\n<meta property=\"og:image\" content=\"https:\/\/parier-presidentielle.com\/wp-content\/uploads\/2022\/10\/lula-bolsonaro-1024x512.jpg\" \/>\n<meta name=\"twitter:card\" content=\"summary_large_image\" \/>\n<meta name=\"twitter:label1\" content=\"Est. reading time\" \/>\n\t<meta name=\"twitter:data1\" content=\"2 dakika\" \/>\n<script type=\"application\/ld+json\" class=\"yoast-schema-graph\">{\"@context\":\"https:\/\/schema.org\",\"@graph\":[{\"@type\":\"WebPage\",\"@id\":\"https:\/\/parier-presidentielle.com\/cotes-bookmakers-second-tour-elections-bresiliennes-lula-bolsonaro\/\",\"url\":\"https:\/\/parier-presidentielle.com\/cotes-bookmakers-second-tour-elections-bresiliennes-lula-bolsonaro\/\",\"name\":\"Les cotes des bookmakers pour le 2e tour des \u00e9lections br\u00e9siliennes entre Lula et Bolsonaro - Finale Coupe du Monde FIFA\",\"isPartOf\":{\"@id\":\"https:\/\/parier-presidentielle.com\/#website\"},\"datePublished\":\"2022-10-26T12:33:37+00:00\",\"dateModified\":\"2022-10-26T19:53:57+00:00\",\"breadcrumb\":{\"@id\":\"https:\/\/parier-presidentielle.com\/cotes-bookmakers-second-tour-elections-bresiliennes-lula-bolsonaro\/#breadcrumb\"},\"inLanguage\":\"tr\",\"potentialAction\":[{\"@type\":\"ReadAction\",\"target\":[\"https:\/\/parier-presidentielle.com\/cotes-bookmakers-second-tour-elections-bresiliennes-lula-bolsonaro\/\"]}]},{\"@type\":\"BreadcrumbList\",\"@id\":\"https:\/\/parier-presidentielle.com\/cotes-bookmakers-second-tour-elections-bresiliennes-lula-bolsonaro\/#breadcrumb\",\"itemListElement\":[{\"@type\":\"ListItem\",\"position\":1,\"name\":\"Accueil\",\"item\":\"https:\/\/parier-presidentielle.com\/\"},{\"@type\":\"ListItem\",\"position\":2,\"name\":\"Les cotes des bookmakers pour le 2e tour des \u00e9lections br\u00e9siliennes entre Lula et Bolsonaro\"}]},{\"@type\":\"WebSite\",\"@id\":\"https:\/\/parier-presidentielle.com\/#website\",\"url\":\"https:\/\/parier-presidentielle.com\/\",\"name\":\"Parier Pr\u00e9sidentielle\",\"description\":\"Paris, Pronostics, Wiki sur la Politique, les Elections Am\u00e9ricaines: Joe Biden, Donald Trump avec les Bookmakers en ligne Unibet, Bwin, Betclic, Winamax\",\"potentialAction\":[{\"@type\":\"SearchAction\",\"target\":{\"@type\":\"EntryPoint\",\"urlTemplate\":\"https:\/\/parier-presidentielle.com\/?s={search_term_string}\"},\"query-input\":\"required name=search_term_string\"}],\"inLanguage\":\"tr\"}]}<\/script>\n<!-- \/ Yoast SEO Premium plugin. -->","yoast_head_json":{"title":"Les cotes des bookmakers pour le 2e tour des \u00e9lections br\u00e9siliennes entre Lula et Bolsonaro - Finale Coupe du Monde FIFA","robots":{"index":"index","follow":"follow","max-snippet":"max-snippet:-1","max-image-preview":"max-image-preview:large","max-video-preview":"max-video-preview:-1"},"canonical":"https:\/\/parier-presidentielle.com\/tr\/oran-bahisciler-ikinci-tur-brezilya-secimleri-lula-bolsonaro\/","og_locale":"tr_TR","og_type":"article","og_title":"Les cotes des bookmakers pour le 2e tour des \u00e9lections br\u00e9siliennes entre Lula et Bolsonaro","og_description":"Parier sur la victoire au second tour de Lula ou Bolsonaro Au cours de ces \u00e9lections, plusieurs bookmakers en ligne enregistr\u00e9s \u00e0 l&#8217;\u00e9tranger ont permis aux gens de parier des montants qu&#8217;ils pensaient qu&#8217;un certain candidat gagnerait \u00e0 l&#8217;\u00e9lection pr\u00e9sidentielle br\u00e9silienne, et s&#8217;ils avaient raison, pourraient gagner un retour financier sur le montant mis\u00e9. \u00c9tant ...","og_url":"https:\/\/parier-presidentielle.com\/tr\/oran-bahisciler-ikinci-tur-brezilya-secimleri-lula-bolsonaro\/","og_site_name":"Parier Pr\u00e9sidentielle","article_modified_time":"2022-10-26T19:53:57+00:00","og_image":[{"url":"https:\/\/parier-presidentielle.com\/wp-content\/uploads\/2022\/10\/lula-bolsonaro-1024x512.jpg"}],"twitter_card":"summary_large_image","twitter_misc":{"Est. reading time":"2 dakika"},"schema":{"@context":"https:\/\/schema.org","@graph":[{"@type":"WebPage","@id":"https:\/\/parier-presidentielle.com\/cotes-bookmakers-second-tour-elections-bresiliennes-lula-bolsonaro\/","url":"https:\/\/parier-presidentielle.com\/cotes-bookmakers-second-tour-elections-bresiliennes-lula-bolsonaro\/","name":"Les cotes des bookmakers pour le 2e tour des \u00e9lections br\u00e9siliennes entre Lula et Bolsonaro - Finale Coupe du Monde FIFA","isPartOf":{"@id":"https:\/\/parier-presidentielle.com\/#website"},"datePublished":"2022-10-26T12:33:37+00:00","dateModified":"2022-10-26T19:53:57+00:00","breadcrumb":{"@id":"https:\/\/parier-presidentielle.com\/cotes-bookmakers-second-tour-elections-bresiliennes-lula-bolsonaro\/#breadcrumb"},"inLanguage":"tr","potentialAction":[{"@type":"ReadAction","target":["https:\/\/parier-presidentielle.com\/cotes-bookmakers-second-tour-elections-bresiliennes-lula-bolsonaro\/"]}]},{"@type":"BreadcrumbList","@id":"https:\/\/parier-presidentielle.com\/cotes-bookmakers-second-tour-elections-bresiliennes-lula-bolsonaro\/#breadcrumb","itemListElement":[{"@type":"ListItem","position":1,"name":"Accueil","item":"https:\/\/parier-presidentielle.com\/"},{"@type":"ListItem","position":2,"name":"Les cotes des bookmakers pour le 2e tour des \u00e9lections br\u00e9siliennes entre Lula et Bolsonaro"}]},{"@type":"WebSite","@id":"https:\/\/parier-presidentielle.com\/#website","url":"https:\/\/parier-presidentielle.com\/","name":"Parier Pr\u00e9sidentielle","description":"Paris, Pronostics, Wiki sur la Politique, les Elections Am\u00e9ricaines: Joe Biden, Donald Trump avec les Bookmakers en ligne Unibet, Bwin, Betclic, Winamax","potentialAction":[{"@type":"SearchAction","target":{"@type":"EntryPoint","urlTemplate":"https:\/\/parier-presidentielle.com\/?s={search_term_string}"},"query-input":"required name=search_term_string"}],"inLanguage":"tr"}]}},"_links":{"self":[{"href":"https:\/\/parier-presidentielle.com\/tr\/wp-json\/wp\/v2\/pages\/1671"}],"collection":[{"href":"https:\/\/parier-presidentielle.com\/tr\/wp-json\/wp\/v2\/pages"}],"about":[{"href":"https:\/\/parier-presidentielle.com\/tr\/wp-json\/wp\/v2\/types\/page"}],"author":[{"embeddable":true,"href":"https:\/\/parier-presidentielle.com\/tr\/wp-json\/wp\/v2\/users\/1"}],"replies":[{"embeddable":true,"href":"https:\/\/parier-presidentielle.com\/tr\/wp-json\/wp\/v2\/comments?post=1671"}],"version-history":[{"count":4,"href":"https:\/\/parier-presidentielle.com\/tr\/wp-json\/wp\/v2\/pages\/1671\/revisions"}],"predecessor-version":[{"id":1681,"href":"https:\/\/parier-presidentielle.com\/tr\/wp-json\/wp\/v2\/pages\/1671\/revisions\/1681"}],"wp:attachment":[{"href":"https:\/\/parier-presidentielle.com\/tr\/wp-json\/wp\/v2\/media?parent=1671"}],"curies":[{"name":"wp","href":"https:\/\/api.w.org\/{rel}","templated":true}]}}