{"id":1946,"date":"2023-03-20T16:35:45","date_gmt":"2023-03-20T15:35:45","guid":{"rendered":"https:\/\/parier-presidentielle.com\/?page_id=1946"},"modified":"2023-06-02T11:23:14","modified_gmt":"2023-06-02T09:23:14","slug":"joe-biden-cannabis-hhc","status":"publish","type":"page","link":"https:\/\/parier-presidentielle.com\/tr\/joe-biden-esrar-hhc\/","title":{"rendered":"Joe Biden ve Esrar Pazar\u0131, HHC"},"content":{"rendered":"<h2 class=\"wp-block-heading\"><span id=\"l8217arrivee-de-joe-biden-sur-le-marche-du-cannabis-et-de-l8217hhc-aux-etats-unis-un-nouvel-espoir-pour-les-consommateurs-et-les-entrepreneurs\">Joe Biden&#039;\u0131n ABD&#039;deki esrar ve HHC pazar\u0131na geli\u015fi: T\u00fcketiciler ve giri\u015fimciler i\u00e7in yeni umut<\/span><\/h2>\n\n\n\n<p>Esrar ve kanabinoid pazar\u0131 \u015fu \u015fekilde <a href=\"https:\/\/wikihhc.com\/\">HHC<\/a> Amerika Birle\u015fik Devletleri&#039;nde son y\u0131llarda patlay\u0131c\u0131 bir b\u00fcy\u00fcme ya\u015fand\u0131. Giderek daha fazla eyalet esrar\u0131n e\u011flence ama\u00e7l\u0131 veya tedavi ama\u00e7l\u0131 kullan\u0131m\u0131n\u0131 yasalla\u015ft\u0131r\u0131yor ve giderek daha fazla t\u00fcketici \u00e7e\u015fitli ko\u015fullar\u0131 tedavi etmek i\u00e7in kanabinoid \u00fcr\u00fcnlere y\u00f6neliyor. Bununla birlikte, ABD federal esrar yasalar\u0131 hala belirsiz ve k\u0131s\u0131tlay\u0131c\u0131 olup, giri\u015fimcilerin ve t\u00fcketicilerin bu geli\u015fen pazar\u0131n faydalar\u0131na eri\u015fimini s\u0131n\u0131rlamaktad\u0131r.<\/p>\n\n\n\n<p>Ancak Joe Biden&#039;\u0131n Amerika Birle\u015fik Devletleri Ba\u015fkan\u0131 olarak geli\u015fiyle esrar ve kanabinoid pazar\u0131nda i\u015fler de\u011fi\u015febilir. Ba\u015fkan Biden, esrar\u0131n t\u0131bbi ama\u00e7larla yasalla\u015ft\u0131r\u0131lmas\u0131n\u0131 destekledi\u011fini ancak e\u011flence ama\u00e7l\u0131 kullan\u0131m i\u00e7in yasalla\u015ft\u0131r\u0131lmas\u0131n\u0131 desteklemedi\u011fini s\u00f6yledi. Ancak y\u00f6netimi, kanabinoid ara\u015ft\u0131rmalar\u0131na izin vermek i\u00e7in zaten ad\u0131mlar att\u0131 ve bu, daha geni\u015f bir yasalla\u015ft\u0131rmaya y\u00f6nelik ilk ad\u0131m olabilir.<\/p>\n\n\n\n<h2 class=\"wp-block-heading\"><span id=\"la-legalisation-du-cannabis-un-enjeu-economique\">Esrar\u0131n yasalla\u015ft\u0131r\u0131lmas\u0131: ekonomik bir sorun<\/span><\/h2>\n\n\n\n<p>Esrar\u0131n t\u0131bbi ve e\u011flence ama\u00e7l\u0131 yasalla\u015ft\u0131r\u0131lmas\u0131 ABD i\u00e7in \u00f6nemli bir ekonomik konudur. Ger\u00e7ekten de esrar\u0131n \u00fcretimi, da\u011f\u0131t\u0131m\u0131 ve sat\u0131\u015f\u0131 eyaletler i\u00e7in \u00f6nemli bir gelir sa\u011flayabilir, ayn\u0131 zamanda istihdam yaratabilir ve yerel ekonomiyi canland\u0131rabilir.<\/p>\n\n\n\n<h2 class=\"wp-block-heading\"><span id=\"les-obstacles-a-la-legalisation\">Yasalla\u015ft\u0131rman\u0131n \u00f6n\u00fcndeki engeller<\/span><\/h2>\n\n\n\n<p>Ancak Amerika Birle\u015fik Devletleri&#039;nde esrar\u0131n yasalla\u015ft\u0131r\u0131lmas\u0131 bir\u00e7ok engelle kar\u015f\u0131 kar\u015f\u0131yad\u0131r. Federal esrar yasalar\u0131 belirsiz ve k\u0131s\u0131tlay\u0131c\u0131 olmaya devam ediyor, bu da giri\u015fimcilerin i\u015flerini b\u00fcy\u00fctmesini ve t\u00fcketicilerin kaliteli, g\u00fcvenli \u00fcr\u00fcnlere eri\u015fmesini zorla\u015ft\u0131r\u0131yor. Ek olarak, Amerikan toplumunda esrar\u0131n damgalanmas\u0131 yetkililerin ve se\u00e7menlerin yasalla\u015ft\u0131rmay\u0131 kabul etmesini zorla\u015ft\u0131rabilir.<\/p>\n\n\n\n<h2 class=\"wp-block-heading\"><span id=\"les-avantages-potentiels-de-la-legalisation\">Yasalla\u015ft\u0131rman\u0131n potansiyel faydalar\u0131<\/span><\/h2>\n\n\n\n<p>Bu engellere ra\u011fmen esrar ve kanabinoidlerin yasalla\u015ft\u0131r\u0131lmas\u0131 ABD&#039;deki t\u00fcketicilere ve giri\u015fimcilere bir\u00e7ok fayda sa\u011flayabilir. Kanabinoid \u00fcr\u00fcnleri, milyonlarca Amerikal\u0131n\u0131n ya\u015fam kalitesini art\u0131rabilen kronik a\u011fr\u0131, anksiyete, depresyon ve uykusuzluk gibi durumlar\u0131n tedavisine yard\u0131mc\u0131 olabilir. Ayr\u0131ca yasalla\u015ft\u0131rma, esrar sekt\u00f6r\u00fcnde istihdam yarat\u0131lmas\u0131na olanak tan\u0131yabilir ve yerel ekonomiyi canland\u0131rabilir.<\/p>\n\n\n\n<h2 class=\"wp-block-heading\"><span id=\"la-position-de-joe-biden\">Joe Biden&#039;\u0131n duru\u015fu<\/span><\/h2>\n\n\n\n<p>Joe Biden&#039;\u0131n esrar ve kannabinoidlerin yasalla\u015ft\u0131r\u0131lmas\u0131 konusundaki tutumu karma\u015f\u0131k. T\u0131bbi ama\u00e7larla yasalla\u015ft\u0131rmay\u0131 desteklese de e\u011flence ama\u00e7l\u0131 yasalla\u015ft\u0131rmadan yana \u00e7\u0131kmad\u0131. Ancak y\u00f6netimi, kanabinoid ara\u015ft\u0131rmalar\u0131na izin vermek i\u00e7in zaten ad\u0131mlar att\u0131 ve bu, daha geni\u015f yasalla\u015ft\u0131rmay\u0131 destekleyenler i\u00e7in olumlu bir i\u015faret olabilir.<\/p>\n\n\n\n<p>Ek olarak Joe Biden, esrarla ilgili su\u00e7lardan haks\u0131z yere mahkum edilen ki\u015filerin kay\u0131tlar\u0131n\u0131 temizlemesine ve yeniden ba\u015flama \u015fans\u0131na sahip olmas\u0131na yard\u0131mc\u0131 olabilecek esrarla ilgili sab\u0131ka kay\u0131tlar\u0131n\u0131n silinmesine deste\u011fini de ifade etti.<\/p>\n\n\n\n<h2 class=\"wp-block-heading\"><span id=\"l8217hhc-un-nouvel-espoir-pour-les-consommateurs\">HHC: t\u00fcketiciler i\u00e7in yeni umut<\/span><\/h2>\n\n\n\n<p>Joe Biden&#039;\u0131n ABD&#039;deki kanabinoid pazar\u0131na geli\u015fi, esrar\u0131n yasalla\u015ft\u0131r\u0131lmas\u0131n\u0131n yan\u0131 s\u0131ra, HHC veya delta-8-tetrahidrokanabinol\u00fcn ortaya \u00e7\u0131k\u0131\u015f\u0131 sayesinde t\u00fcketicilere yeni f\u0131rsatlar da sunabilir.<\/p>\n\n\n\n<p>HHC, esrardan elde edilen ve THC&#039;ye benzer etkilere sahip olan bir kanabinoiddir ancak esrar\u0131n yasak oldu\u011fu bir\u00e7ok eyalette yasald\u0131r. T\u00fcketiciler bu nedenle esrarla ilgili yasal sorunlar hakk\u0131nda endi\u015felenmeden HHC&#039;nin avantajlar\u0131ndan yararlanabilirler.<\/p>\n\n\n\n<h2 class=\"wp-block-heading\"><span id=\"les-entrepreneurs-prets-a-saisir-les-opportunites\">Giri\u015fimciler f\u0131rsatlar\u0131 yakalamaya haz\u0131r<\/span><\/h2>\n\n\n\n<p>Kanabinoid pazar\u0131ndaki giri\u015fimciler de Joe Biden&#039;\u0131n pazara geli\u015finin sundu\u011fu f\u0131rsatlar\u0131 de\u011ferlendirmeye haz\u0131r. Pek \u00e7ok \u015firket h\u00e2lihaz\u0131rda buna dayal\u0131 \u00fcr\u00fcnler \u00fczerinde \u00e7al\u0131\u015f\u0131yor.<a href=\"https:\/\/wikihhc.com\/france\/fleurs-hhc\/\"> HHC&#039;nin \u00e7i\u00e7eklere benzerli\u011fi <\/a>ve hatta baz\u0131lar\u0131 t\u0131bbi ama\u00e7lar i\u00e7in yasalla\u015ft\u0131r\u0131lm\u0131\u015f esrar \u00fcretimine y\u00f6nelmeye ba\u015flad\u0131.<\/p>\n\n\n\n<h2 class=\"wp-block-heading\"><span id=\"conclusion-un-nouvel-espoir-pour-les-consommateurs-et-les-entrepreneurs\">Sonu\u00e7: t\u00fcketiciler ve giri\u015fimciler i\u00e7in yeni umut<\/span><\/h2>\n\n\n\n<p>Joe Biden&#039;\u0131n Amerika Birle\u015fik Devletleri&#039;ndeki esrar ve kanabinoid pazar\u0131na geli\u015fi t\u00fcketicilere ve giri\u015fimcilere yeni umutlar sunuyor. Joe Biden&#039;\u0131n keyif ama\u00e7l\u0131 esrar\u0131 yasalla\u015ft\u0131rma konusundaki tutumu belirsiz olsa da, onun kanabinoid ara\u015ft\u0131rmalar\u0131 ve esrarla ilgili sab\u0131ka kay\u0131tlar\u0131n\u0131n silinmesi y\u00f6n\u00fcndeki eylemleri, yasalla\u015ft\u0131rmay\u0131 destekleyenler i\u00e7in olumlu i\u015faretler. Bir\u00e7ok site indirim sunuyor <a href=\"https:\/\/wikihhc.com\/site\/weecl\/code-promo-coupon-bon-de-reduction-weecl\/\">Promosyon kodlar\u0131yla Weecl gibi CBD ve HHC<\/a>.<\/p>\n\n\n\n<p>Ek olarak, HHC&#039;nin ortaya \u00e7\u0131k\u0131\u015f\u0131 t\u00fcketicilere ve giri\u015fimcilere yeni f\u0131rsatlar sunarak t\u00fcketicilerin esrarla ilgili yasal sorunlar olmadan kanabinoidlerin faydalar\u0131ndan yararlanmas\u0131na olanak tan\u0131yor.<\/p>\n\n\n\n<figure class=\"wp-block-embed is-type-video is-provider-youtube wp-block-embed-youtube wp-embed-aspect-16-9 wp-has-aspect-ratio\"><div class=\"wp-block-embed__wrapper\">\n<iframe loading=\"lazy\" title=\"ABD: Joe Biden, esrar bulundurmaktan h\u00fck\u00fcm giymi\u015f binlerce Amerikal\u0131y\u0131 affetti\" width=\"640\" height=\"360\" src=\"https:\/\/www.youtube.com\/embed\/EmSpSXaJnlY?feature=oembed\" frameborder=\"0\" allow=\"accelerometer; autoplay; clipboard-write; encrypted-media; gyroscope; picture-in-picture; web-share\" allowfullscreen><\/iframe>\n<\/div><\/figure>\n<div id=\"toc_container\" class=\"no_bullets\"><p class=\"toc_title\">\u0130\u00e7indekiler<\/p><ul class=\"toc_list\"><li><\/li><li><\/li><li><\/li><li><\/li><li><\/li><li><\/li><li><\/li><li><\/li><\/ul><\/div>","protected":false},"excerpt":{"rendered":"<p>L&#8217;arriv\u00e9e de Joe Biden sur le march\u00e9 du cannabis et de l&#8217;HHC aux \u00c9tats-Unis : Un nouvel espoir pour les consommateurs et les entrepreneurs Le march\u00e9 du cannabis et des cannabino\u00efdes comme HHC a connu une croissance explosive aux \u00c9tats-Unis ces derni\u00e8res ann\u00e9es . De plus en plus d&#8217;\u00c9tats l\u00e9galisent l&#8217;usage r\u00e9cr\u00e9atif ou th\u00e9rapeutique du &#8230;<\/p>","protected":false},"author":1,"featured_media":1955,"parent":0,"menu_order":0,"comment_status":"closed","ping_status":"closed","template":"page-nosidebar.php","meta":{"footnotes":""},"yoast_head":"<!-- This site is optimized with the Yoast SEO Premium plugin v21.0 (Yoast SEO v21.0) - https:\/\/yoast.com\/wordpress\/plugins\/seo\/ -->\n<title>Joe Biden et le march\u00e9 du Cannabis, HHC - Finale Coupe du Monde FIFA<\/title>\n<meta name=\"robots\" content=\"index, follow, max-snippet:-1, max-image-preview:large, max-video-preview:-1\" \/>\n<link rel=\"canonical\" href=\"https:\/\/parier-presidentielle.com\/tr\/joe-biden-esrar-hhc\/\" \/>\n<meta property=\"og:locale\" content=\"tr_TR\" \/>\n<meta property=\"og:type\" content=\"article\" \/>\n<meta property=\"og:title\" content=\"Joe Biden et le march\u00e9 du Cannabis, HHC\" \/>\n<meta property=\"og:description\" content=\"L&#8217;arriv\u00e9e de Joe Biden sur le march\u00e9 du cannabis et de l&#8217;HHC aux \u00c9tats-Unis : Un nouvel espoir pour les consommateurs et les entrepreneurs Le march\u00e9 du cannabis et des cannabino\u00efdes comme HHC a connu une croissance explosive aux \u00c9tats-Unis ces derni\u00e8res ann\u00e9es . De plus en plus d&#8217;\u00c9tats l\u00e9galisent l&#8217;usage r\u00e9cr\u00e9atif ou th\u00e9rapeutique du ...\" \/>\n<meta property=\"og:url\" content=\"https:\/\/parier-presidentielle.com\/tr\/joe-biden-esrar-hhc\/\" \/>\n<meta property=\"og:site_name\" content=\"Parier Pr\u00e9sidentielle\" \/>\n<meta property=\"article:modified_time\" content=\"2023-06-02T09:23:14+00:00\" \/>\n<meta property=\"og:image\" content=\"https:\/\/parier-presidentielle.com\/wp-content\/uploads\/2023\/03\/joe-biden-hhc-1-scaled.jpg\" \/>\n\t<meta property=\"og:image:width\" content=\"2560\" \/>\n\t<meta property=\"og:image:height\" content=\"1440\" \/>\n\t<meta property=\"og:image:type\" content=\"image\/jpeg\" \/>\n<meta name=\"twitter:card\" content=\"summary_large_image\" \/>\n<meta name=\"twitter:label1\" content=\"Est. reading time\" \/>\n\t<meta name=\"twitter:data1\" content=\"4 dakika\" \/>\n<script type=\"application\/ld+json\" class=\"yoast-schema-graph\">{\"@context\":\"https:\/\/schema.org\",\"@graph\":[{\"@type\":\"WebPage\",\"@id\":\"https:\/\/parier-presidentielle.com\/joe-biden-cannabis-hhc\/\",\"url\":\"https:\/\/parier-presidentielle.com\/joe-biden-cannabis-hhc\/\",\"name\":\"Joe Biden et le march\u00e9 du Cannabis, HHC - Finale Coupe du Monde FIFA\",\"isPartOf\":{\"@id\":\"https:\/\/parier-presidentielle.com\/#website\"},\"datePublished\":\"2023-03-20T15:35:45+00:00\",\"dateModified\":\"2023-06-02T09:23:14+00:00\",\"breadcrumb\":{\"@id\":\"https:\/\/parier-presidentielle.com\/joe-biden-cannabis-hhc\/#breadcrumb\"},\"inLanguage\":\"tr\",\"potentialAction\":[{\"@type\":\"ReadAction\",\"target\":[\"https:\/\/parier-presidentielle.com\/joe-biden-cannabis-hhc\/\"]}]},{\"@type\":\"BreadcrumbList\",\"@id\":\"https:\/\/parier-presidentielle.com\/joe-biden-cannabis-hhc\/#breadcrumb\",\"itemListElement\":[{\"@type\":\"ListItem\",\"position\":1,\"name\":\"Accueil\",\"item\":\"https:\/\/parier-presidentielle.com\/\"},{\"@type\":\"ListItem\",\"position\":2,\"name\":\"Joe Biden et le march\u00e9 du Cannabis, HHC\"}]},{\"@type\":\"WebSite\",\"@id\":\"https:\/\/parier-presidentielle.com\/#website\",\"url\":\"https:\/\/parier-presidentielle.com\/\",\"name\":\"Parier Pr\u00e9sidentielle\",\"description\":\"Paris, Pronostics, Wiki sur la Politique, les Elections Am\u00e9ricaines: Joe Biden, Donald Trump avec les Bookmakers en ligne Unibet, Bwin, Betclic, Winamax\",\"potentialAction\":[{\"@type\":\"SearchAction\",\"target\":{\"@type\":\"EntryPoint\",\"urlTemplate\":\"https:\/\/parier-presidentielle.com\/?s={search_term_string}\"},\"query-input\":\"required name=search_term_string\"}],\"inLanguage\":\"tr\"}]}<\/script>\n<!-- \/ Yoast SEO Premium plugin. -->","yoast_head_json":{"title":"Joe Biden et le march\u00e9 du Cannabis, HHC - Finale Coupe du Monde FIFA","robots":{"index":"index","follow":"follow","max-snippet":"max-snippet:-1","max-image-preview":"max-image-preview:large","max-video-preview":"max-video-preview:-1"},"canonical":"https:\/\/parier-presidentielle.com\/tr\/joe-biden-esrar-hhc\/","og_locale":"tr_TR","og_type":"article","og_title":"Joe Biden et le march\u00e9 du Cannabis, HHC","og_description":"L&#8217;arriv\u00e9e de Joe Biden sur le march\u00e9 du cannabis et de l&#8217;HHC aux \u00c9tats-Unis : Un nouvel espoir pour les consommateurs et les entrepreneurs Le march\u00e9 du cannabis et des cannabino\u00efdes comme HHC a connu une croissance explosive aux \u00c9tats-Unis ces derni\u00e8res ann\u00e9es . De plus en plus d&#8217;\u00c9tats l\u00e9galisent l&#8217;usage r\u00e9cr\u00e9atif ou th\u00e9rapeutique du ...","og_url":"https:\/\/parier-presidentielle.com\/tr\/joe-biden-esrar-hhc\/","og_site_name":"Parier Pr\u00e9sidentielle","article_modified_time":"2023-06-02T09:23:14+00:00","og_image":[{"width":2560,"height":1440,"url":"https:\/\/parier-presidentielle.com\/wp-content\/uploads\/2023\/03\/joe-biden-hhc-1-scaled.jpg","type":"image\/jpeg"}],"twitter_card":"summary_large_image","twitter_misc":{"Est. reading time":"4 dakika"},"schema":{"@context":"https:\/\/schema.org","@graph":[{"@type":"WebPage","@id":"https:\/\/parier-presidentielle.com\/joe-biden-cannabis-hhc\/","url":"https:\/\/parier-presidentielle.com\/joe-biden-cannabis-hhc\/","name":"Joe Biden et le march\u00e9 du Cannabis, HHC - Finale Coupe du Monde FIFA","isPartOf":{"@id":"https:\/\/parier-presidentielle.com\/#website"},"datePublished":"2023-03-20T15:35:45+00:00","dateModified":"2023-06-02T09:23:14+00:00","breadcrumb":{"@id":"https:\/\/parier-presidentielle.com\/joe-biden-cannabis-hhc\/#breadcrumb"},"inLanguage":"tr","potentialAction":[{"@type":"ReadAction","target":["https:\/\/parier-presidentielle.com\/joe-biden-cannabis-hhc\/"]}]},{"@type":"BreadcrumbList","@id":"https:\/\/parier-presidentielle.com\/joe-biden-cannabis-hhc\/#breadcrumb","itemListElement":[{"@type":"ListItem","position":1,"name":"Accueil","item":"https:\/\/parier-presidentielle.com\/"},{"@type":"ListItem","position":2,"name":"Joe Biden et le march\u00e9 du Cannabis, HHC"}]},{"@type":"WebSite","@id":"https:\/\/parier-presidentielle.com\/#website","url":"https:\/\/parier-presidentielle.com\/","name":"Parier Pr\u00e9sidentielle","description":"Paris, Pronostics, Wiki sur la Politique, les Elections Am\u00e9ricaines: Joe Biden, Donald Trump avec les Bookmakers en ligne Unibet, Bwin, Betclic, Winamax","potentialAction":[{"@type":"SearchAction","target":{"@type":"EntryPoint","urlTemplate":"https:\/\/parier-presidentielle.com\/?s={search_term_string}"},"query-input":"required name=search_term_string"}],"inLanguage":"tr"}]}},"_links":{"self":[{"href":"https:\/\/parier-presidentielle.com\/tr\/wp-json\/wp\/v2\/pages\/1946"}],"collection":[{"href":"https:\/\/parier-presidentielle.com\/tr\/wp-json\/wp\/v2\/pages"}],"about":[{"href":"https:\/\/parier-presidentielle.com\/tr\/wp-json\/wp\/v2\/types\/page"}],"author":[{"embeddable":true,"href":"https:\/\/parier-presidentielle.com\/tr\/wp-json\/wp\/v2\/users\/1"}],"replies":[{"embeddable":true,"href":"https:\/\/parier-presidentielle.com\/tr\/wp-json\/wp\/v2\/comments?post=1946"}],"version-history":[{"count":5,"href":"https:\/\/parier-presidentielle.com\/tr\/wp-json\/wp\/v2\/pages\/1946\/revisions"}],"predecessor-version":[{"id":2000,"href":"https:\/\/parier-presidentielle.com\/tr\/wp-json\/wp\/v2\/pages\/1946\/revisions\/2000"}],"wp:featuredmedia":[{"embeddable":true,"href":"https:\/\/parier-presidentielle.com\/tr\/wp-json\/wp\/v2\/media\/1955"}],"wp:attachment":[{"href":"https:\/\/parier-presidentielle.com\/tr\/wp-json\/wp\/v2\/media?parent=1946"}],"curies":[{"name":"wp","href":"https:\/\/api.w.org\/{rel}","templated":true}]}}