{"id":1956,"date":"2023-03-20T17:03:39","date_gmt":"2023-03-20T16:03:39","guid":{"rendered":"https:\/\/parier-presidentielle.com\/?page_id=1956"},"modified":"2023-06-02T11:27:55","modified_gmt":"2023-06-02T09:27:55","slug":"donald-trump-sur-le-marche-du-cannabis-et-du-hhc","status":"publish","type":"page","link":"https:\/\/parier-presidentielle.com\/tr\/donald-trump-on-the-esrar-ve-hhc-pazari\/","title":{"rendered":"Donald Trump&#039;\u0131n Esrar ve HHC pazar\u0131 \u00fczerindeki etkisi"},"content":{"rendered":"<p>Donald Trump&#039;\u0131n 2016 y\u0131l\u0131nda Amerika Birle\u015fik Devletleri Ba\u015fkan\u0131 olarak g\u00f6reve ba\u015flamas\u0131ndan bu yana esrar ve esrar end\u00fcstrisi <a href=\"https:\/\/wikihhc.com\/en\/\" target=\"_blank\" rel=\"noreferrer noopener\">HHC<\/a> (Kenevirden elde edilen Cannabinoid) s\u00fcrekli olarak geli\u015fmektedir. Ba\u015fkan\u0131n a\u00e7\u0131klamalar\u0131 ve uygulanan politikalar\u0131n bu b\u00fcy\u00fcyen pazar \u00fczerinde \u00f6nemli etkisi oldu. Bu makalede Trump taraf\u0131ndan al\u0131nan \u00f6nemli kararlar\u0131 ve bunlar\u0131n esrar ve HHC end\u00fcstrisinin gelece\u011fini nas\u0131l etkiledi\u011fini inceleyece\u011fiz. Bir\u00e7ok site indirim sunuyor <a href=\"https:\/\/wikihhc.com\/site\/weecl\/code-promo-coupon-bon-de-reduction-weecl\/\">Promosyon kodlar\u0131yla Weecl gibi CBD ve HHC<\/a>.<\/p>\n\n\n\n<h2 class=\"wp-block-heading\"><span id=\"la-position-initiale-de-trump-sur-le-cannabis\">Trump&#039;\u0131n esrar konusundaki ilk duru\u015fu<\/span><\/h2>\n\n\n\n<p>Donald Trump, 2016 se\u00e7im kampanyas\u0131 s\u0131ras\u0131nda esrar konusunda olduk\u00e7a belirsiz bir tav\u0131r ald\u0131. Sorunun tek tek eyaletler taraf\u0131ndan \u00e7\u00f6z\u00fclmesi gerekti\u011fini ve esrar\u0131n t\u0131bbi ama\u00e7l\u0131 kullan\u0131m\u0131na kar\u015f\u0131 \u00e7\u0131kmad\u0131\u011f\u0131n\u0131 s\u00f6yledi. Ancak gen\u00e7ler aras\u0131nda esrar kullan\u0131m\u0131n\u0131n artmas\u0131 ve halk sa\u011fl\u0131\u011f\u0131 \u00fczerindeki potansiyel olumsuz etkileri konusundaki endi\u015felerini de dile getirdi.<\/p>\n\n\n\n<h2 class=\"wp-block-heading\"><span id=\"la-nomination-de-jeff-sessions\">Jeff Sessions&#039;\u0131n adayl\u0131\u011f\u0131<\/span><\/h2>\n\n\n\n<p>Trump&#039;\u0131n esrarla ilgili ilk kararlar\u0131ndan biri Jeff Sessions&#039;\u0131 Ba\u015fsavc\u0131 olarak atamak oldu. Sessions, esrara olan kararl\u0131 muhalefetiyle ve esrar\u0131n &quot;tehlikeli&quot; oldu\u011fu ve &quot;ne pahas\u0131na olursa olsun ka\u00e7\u0131n\u0131lmas\u0131&quot; gerekti\u011fi y\u00f6n\u00fcndeki tutumuyla biliniyordu. Bu atama esrar ve HHC end\u00fcstrisinde endi\u015felere neden oldu ve \u00e7o\u011fu ki\u015fi bunun esrar i\u015flerine y\u00f6nelik bask\u0131lar\u0131n artmas\u0131na yol a\u00e7aca\u011f\u0131ndan korkuyordu.<\/p>\n\n\n\n<h2 class=\"wp-block-heading\"><span id=\"le-rescrit-de-cole\">Cole&#039;un senaryosu<\/span><\/h2>\n\n\n\n<p>Trump&#039;\u0131n ald\u0131\u011f\u0131 bir di\u011fer \u00f6nemli karar da 2018&#039;de Cole karar\u0131n\u0131n y\u00fcr\u00fcrl\u00fckten kald\u0131r\u0131lmas\u0131yd\u0131. Karar, t\u0131bbi ve e\u011flence ama\u00e7l\u0131 esrar\u0131 yasalla\u015ft\u0131ran eyaletlerdeki esrar yasalar\u0131n\u0131n nas\u0131l ele al\u0131naca\u011f\u0131 konusunda federal savc\u0131lara rehberlik sa\u011flamak amac\u0131yla Obama y\u00f6netimi taraf\u0131ndan 2013 y\u0131l\u0131nda uygulamaya konmu\u015ftu. . Bu karar\u0131n y\u00fcr\u00fcrl\u00fckten kald\u0131r\u0131lmas\u0131, esrar ve HHC end\u00fcstrisi i\u00e7in b\u00fcy\u00fck bir aksilik olarak g\u00f6r\u00fcld\u00fc ve esrar\u0131n federal d\u00fczeyde daha fazla uygulanmas\u0131na ili\u015fkin endi\u015feleri art\u0131rd\u0131.<\/p>\n\n\n\n<h2 class=\"wp-block-heading\"><span id=\"le-farm-bill-de-2018\">2018 \u00c7iftlik Yasas\u0131<\/span><\/h2>\n\n\n\n<p>Olumsuzluklara ra\u011fmen HHC sekt\u00f6r\u00fc 2018&#039;de \u00c7iftlik Yasas\u0131 ile \u00f6nemli bir ba\u015far\u0131 elde etti. Bu yasa, \u00fclke genelinde 0,3&#039;ten az % THC i\u00e7eren esrar olarak tan\u0131mlanan end\u00fcstriyel kenevir ekimini, \u00fcretimini ve sat\u0131\u015f\u0131n\u0131 yasalla\u015ft\u0131rd\u0131. Hareket, uzun s\u00fcredir CBD \u00fcretimi i\u00e7in kenevir ekimini yasalla\u015ft\u0131rmaya \u00e7al\u0131\u015fan HHC end\u00fcstrisi taraf\u0131ndan memnuniyetle kar\u015f\u0131land\u0131.<\/p>\n\n\n\n<h2 class=\"wp-block-heading\"><span id=\"la-pandemie-de-covid-19\">COVID-19 salg\u0131n\u0131<\/span><\/h2>\n\n\n\n<p>COVID-19 salg\u0131n\u0131n\u0131n esrar ve HHC end\u00fcstrisi \u00fczerinde de \u00f6nemli bir etkisi oldu. \u00d6nemli bir sekt\u00f6r olarak bir\u00e7ok esrar dispanseri ve i\u015fletmesi, di\u011fer sekt\u00f6rlerdeki i\u015fyerlerinin kapanmas\u0131na ra\u011fmen faaliyetlerine devam etti. Ancak salg\u0131n, \u00f6zellikle t\u00fcketiciler aras\u0131nda esrar \u00fcr\u00fcnlerine olan talebin de azalmas\u0131na neden oldu.<\/p>\n\n\n\n<p>e\u011flence merakl\u0131lar\u0131. Seyahat k\u0131s\u0131tlamalar\u0131 esrar ve HHC end\u00fcstrisi tedarik zincirlerini de etkileyerek \u00fcretim ve da\u011f\u0131t\u0131mda aksamalara yol a\u00e7t\u0131.<\/p>\n\n\n\n<h2 class=\"wp-block-heading\"><span id=\"l8217avenir-de-l8217industrie-du-cannabis-et-du-hhc-sous-l8217administration-biden\">Biden Y\u00f6netiminde Esrar ve HHC Sekt\u00f6r\u00fcn\u00fcn Gelece\u011fi<\/span><\/h2>\n\n\n\n<p>Ocak 2021&#039;de Joe Biden&#039;\u0131n g\u00f6reve ba\u015flamas\u0131yla birlikte, <a href=\"https:\/\/wikihhc.com\/site\/\">esrar ve HHC end\u00fcstrisi <\/a>Trump y\u00f6netimi alt\u0131nda uygulanan politikalar\u0131n y\u00f6n\u00fcn\u00fcn de\u011fi\u015fmesini sab\u0131rs\u0131zl\u0131kla bekliyordu. Biden, esrar\u0131n t\u0131bbi kullan\u0131m\u0131n\u0131n yasalla\u015ft\u0131r\u0131lmas\u0131na ve esrar su\u00e7lar\u0131na y\u00f6nelik zorunlu cezalar\u0131n kald\u0131r\u0131lmas\u0131na destek verdi\u011fini ifade etti. Bununla birlikte, esrar\u0131n Liste I maddesi olarak mevcut s\u0131n\u0131fland\u0131rmas\u0131n\u0131 da destekleyece\u011fini, bunun da k\u00f6t\u00fcye kullan\u0131m potansiyelinin y\u00fcksek oldu\u011fu ve ge\u00e7erli bir t\u0131bbi kullan\u0131m olmad\u0131\u011f\u0131 anlam\u0131na geldi\u011fini s\u00f6yledi.<\/p>\n\n\n\n<p>Biden y\u00f6netimindeki esrar ve HHC sekt\u00f6r\u00fcn\u00fcn gelece\u011fine ili\u015fkin belirsizli\u011fe ra\u011fmen sekt\u00f6r s\u00fcrekli geli\u015fmeye ve b\u00fcy\u00fcmeye devam ediyor. Devletler esrar\u0131 t\u0131bbi ve e\u011flence ama\u00e7l\u0131 yasalla\u015ft\u0131rmaya devam ediyor ve CBD \u00fcr\u00fcnlerine y\u00f6nelik artan talebi kar\u015f\u0131lamak i\u00e7in yeni HHC \u015firketleri kuruluyor. Esrar ve HHC end\u00fcstrisi, giri\u015fimciler ve yat\u0131r\u0131mc\u0131lar i\u00e7in bir\u00e7ok f\u0131rsat sunan, b\u00fcy\u00fcyen bir sekt\u00f6r olmaya devam ediyor.<\/p>\n\n\n\n<p>Sonu\u00e7 olarak, Donald Trump&#039;\u0131n esrar ve HHC end\u00fcstrisi \u00fczerindeki etkisi \u00f6nemli olmu\u015ftur ancak Biden y\u00f6netimi alt\u0131nda bu sekt\u00f6r\u00fcn gelece\u011fine ili\u015fkin belirsizlikler devam etmektedir. Buna ra\u011fmen sekt\u00f6r, i\u015fletmelere ve yat\u0131r\u0131mc\u0131lara say\u0131s\u0131z f\u0131rsat sunarak b\u00fcy\u00fcmeye ve geli\u015fmeye devam ediyor.<\/p>\n\n\n\n<p><\/p>\n\n\n\n<figure class=\"wp-block-embed is-type-video is-provider-youtube wp-block-embed-youtube wp-embed-aspect-16-9 wp-has-aspect-ratio\"><div class=\"wp-block-embed__wrapper\">\n<iframe loading=\"lazy\" title=\"Trump&#039;\u0131n Zaferi: Esrar Yasa\u011f\u0131n\u0131n Sonuna m\u0131 Do\u011fru? - RTL - RTL\" width=\"640\" height=\"360\" src=\"https:\/\/www.youtube.com\/embed\/j5oDI7O_byY?feature=oembed\" frameborder=\"0\" allow=\"accelerometer; autoplay; clipboard-write; encrypted-media; gyroscope; picture-in-picture; web-share\" allowfullscreen><\/iframe>\n<\/div><\/figure>\n\n\n\n<p>SSS:<\/p>\n\n\n\n<ol>\n<li>HHC nedir? HHC (Kenevirden t\u00fcretilen Kannabinoid), end\u00fcstriyel kenevirden t\u00fcretilen ve 0,3&#039;ten az % THC i\u00e7eren bir kannabinoid bile\u015fi\u011fidir.<\/li>\n\n\n\n<li>Hangi ABD eyaletleri esrar\u0131 yasalla\u015ft\u0131rd\u0131? Bug\u00fcne kadar, 36 ABD eyaleti keneviri t\u0131bbi ama\u00e7lar i\u00e7in yasalla\u015ft\u0131rd\u0131 ve 15 eyalet keneviri e\u011flence ama\u00e7l\u0131 kullan\u0131m i\u00e7in yasalla\u015ft\u0131rd\u0131.<\/li>\n\n\n\n<li>Esrar\u0131 \u00c7izelge I maddesi olarak s\u0131n\u0131fland\u0131rman\u0131n etkisi nedir? Esrar\u0131n Liste I maddesi olarak s\u0131n\u0131fland\u0131r\u0131lmas\u0131, k\u00f6t\u00fcye kullan\u0131m potansiyelinin y\u00fcksek oldu\u011fu ve ge\u00e7erli bir t\u0131bbi kullan\u0131m\u0131n\u0131n olmad\u0131\u011f\u0131 anlam\u0131na geliyor; bu da ara\u015ft\u0131rmac\u0131lar\u0131n t\u0131bbi \u00f6zellikleri \u00fczerine \u00e7al\u0131\u015fmalar y\u00fcr\u00fctmesini zorla\u015ft\u0131r\u0131yor.<\/li>\n\n\n\n<li>COVID-19 salg\u0131n\u0131n\u0131n esrar \u00fcretiminde neden oldu\u011fu kesintiler nelerdir? COVID-19 salg\u0131n\u0131 esrar ve HHC end\u00fcstrisi tedarik zincirlerinde kesintilere yol a\u00e7arak \u00fcretim ve da\u011f\u0131t\u0131mda gecikmelere yol a\u00e7t\u0131.<\/li>\n<\/ol>\n<div id=\"toc_container\" class=\"no_bullets\"><p class=\"toc_title\">\u0130\u00e7indekiler<\/p><ul class=\"toc_list\"><li><\/li><li><\/li><li><\/li><li><\/li><li><\/li><li><\/li><\/ul><\/div>","protected":false},"excerpt":{"rendered":"<p>Depuis l&#8217;investiture de Donald Trump \u00e0 la pr\u00e9sidence des \u00c9tats-Unis en 2016, l&#8217;industrie du cannabis et du HHC (Hemp-derived Cannabinoid) a \u00e9t\u00e9 en constante \u00e9volution. Les d\u00e9clarations du pr\u00e9sident et les politiques mises en place ont eu un impact significatif sur ce march\u00e9 en pleine expansion. Dans cet article, nous allons explorer les d\u00e9cisions cl\u00e9s &#8230;<\/p>","protected":false},"author":1,"featured_media":1959,"parent":0,"menu_order":0,"comment_status":"closed","ping_status":"closed","template":"page-nosidebar.php","meta":{"footnotes":""},"yoast_head":"<!-- This site is optimized with the Yoast SEO Premium plugin v21.0 (Yoast SEO v21.0) - https:\/\/yoast.com\/wordpress\/plugins\/seo\/ -->\n<title>L&#039;impact de Donald Trump sur le march\u00e9 du Cannabis et du HHC - Finale Coupe du Monde FIFA<\/title>\n<meta name=\"robots\" content=\"index, follow, max-snippet:-1, max-image-preview:large, max-video-preview:-1\" \/>\n<link rel=\"canonical\" href=\"https:\/\/parier-presidentielle.com\/tr\/donald-trump-on-the-esrar-ve-hhc-pazari\/\" \/>\n<meta property=\"og:locale\" content=\"tr_TR\" \/>\n<meta property=\"og:type\" content=\"article\" \/>\n<meta property=\"og:title\" content=\"L&#039;impact de Donald Trump sur le march\u00e9 du Cannabis et du HHC\" \/>\n<meta property=\"og:description\" content=\"Depuis l&#8217;investiture de Donald Trump \u00e0 la pr\u00e9sidence des \u00c9tats-Unis en 2016, l&#8217;industrie du cannabis et du HHC (Hemp-derived Cannabinoid) a \u00e9t\u00e9 en constante \u00e9volution. Les d\u00e9clarations du pr\u00e9sident et les politiques mises en place ont eu un impact significatif sur ce march\u00e9 en pleine expansion. Dans cet article, nous allons explorer les d\u00e9cisions cl\u00e9s ...\" \/>\n<meta property=\"og:url\" content=\"https:\/\/parier-presidentielle.com\/tr\/donald-trump-on-the-esrar-ve-hhc-pazari\/\" \/>\n<meta property=\"og:site_name\" content=\"Parier Pr\u00e9sidentielle\" \/>\n<meta property=\"article:modified_time\" content=\"2023-06-02T09:27:55+00:00\" \/>\n<meta property=\"og:image\" content=\"https:\/\/parier-presidentielle.com\/wp-content\/uploads\/2023\/03\/donald-trump-hhc-scaled.jpg\" \/>\n\t<meta property=\"og:image:width\" content=\"2560\" \/>\n\t<meta property=\"og:image:height\" content=\"1440\" \/>\n\t<meta property=\"og:image:type\" content=\"image\/jpeg\" \/>\n<meta name=\"twitter:card\" content=\"summary_large_image\" \/>\n<meta name=\"twitter:label1\" content=\"Est. reading time\" \/>\n\t<meta name=\"twitter:data1\" content=\"5 dakika\" \/>\n<script type=\"application\/ld+json\" class=\"yoast-schema-graph\">{\"@context\":\"https:\/\/schema.org\",\"@graph\":[{\"@type\":\"WebPage\",\"@id\":\"https:\/\/parier-presidentielle.com\/donald-trump-sur-le-marche-du-cannabis-et-du-hhc\/\",\"url\":\"https:\/\/parier-presidentielle.com\/donald-trump-sur-le-marche-du-cannabis-et-du-hhc\/\",\"name\":\"L'impact de Donald Trump sur le march\u00e9 du Cannabis et du HHC - Finale Coupe du Monde FIFA\",\"isPartOf\":{\"@id\":\"https:\/\/parier-presidentielle.com\/#website\"},\"datePublished\":\"2023-03-20T16:03:39+00:00\",\"dateModified\":\"2023-06-02T09:27:55+00:00\",\"breadcrumb\":{\"@id\":\"https:\/\/parier-presidentielle.com\/donald-trump-sur-le-marche-du-cannabis-et-du-hhc\/#breadcrumb\"},\"inLanguage\":\"tr\",\"potentialAction\":[{\"@type\":\"ReadAction\",\"target\":[\"https:\/\/parier-presidentielle.com\/donald-trump-sur-le-marche-du-cannabis-et-du-hhc\/\"]}]},{\"@type\":\"BreadcrumbList\",\"@id\":\"https:\/\/parier-presidentielle.com\/donald-trump-sur-le-marche-du-cannabis-et-du-hhc\/#breadcrumb\",\"itemListElement\":[{\"@type\":\"ListItem\",\"position\":1,\"name\":\"Accueil\",\"item\":\"https:\/\/parier-presidentielle.com\/\"},{\"@type\":\"ListItem\",\"position\":2,\"name\":\"L&#8217;impact de Donald Trump sur le march\u00e9 du Cannabis et du HHC\"}]},{\"@type\":\"WebSite\",\"@id\":\"https:\/\/parier-presidentielle.com\/#website\",\"url\":\"https:\/\/parier-presidentielle.com\/\",\"name\":\"Parier Pr\u00e9sidentielle\",\"description\":\"Paris, Pronostics, Wiki sur la Politique, les Elections Am\u00e9ricaines: Joe Biden, Donald Trump avec les Bookmakers en ligne Unibet, Bwin, Betclic, Winamax\",\"potentialAction\":[{\"@type\":\"SearchAction\",\"target\":{\"@type\":\"EntryPoint\",\"urlTemplate\":\"https:\/\/parier-presidentielle.com\/?s={search_term_string}\"},\"query-input\":\"required name=search_term_string\"}],\"inLanguage\":\"tr\"}]}<\/script>\n<!-- \/ Yoast SEO Premium plugin. -->","yoast_head_json":{"title":"L'impact de Donald Trump sur le march\u00e9 du Cannabis et du HHC - Finale Coupe du Monde FIFA","robots":{"index":"index","follow":"follow","max-snippet":"max-snippet:-1","max-image-preview":"max-image-preview:large","max-video-preview":"max-video-preview:-1"},"canonical":"https:\/\/parier-presidentielle.com\/tr\/donald-trump-on-the-esrar-ve-hhc-pazari\/","og_locale":"tr_TR","og_type":"article","og_title":"L'impact de Donald Trump sur le march\u00e9 du Cannabis et du HHC","og_description":"Depuis l&#8217;investiture de Donald Trump \u00e0 la pr\u00e9sidence des \u00c9tats-Unis en 2016, l&#8217;industrie du cannabis et du HHC (Hemp-derived Cannabinoid) a \u00e9t\u00e9 en constante \u00e9volution. Les d\u00e9clarations du pr\u00e9sident et les politiques mises en place ont eu un impact significatif sur ce march\u00e9 en pleine expansion. Dans cet article, nous allons explorer les d\u00e9cisions cl\u00e9s ...","og_url":"https:\/\/parier-presidentielle.com\/tr\/donald-trump-on-the-esrar-ve-hhc-pazari\/","og_site_name":"Parier Pr\u00e9sidentielle","article_modified_time":"2023-06-02T09:27:55+00:00","og_image":[{"width":2560,"height":1440,"url":"https:\/\/parier-presidentielle.com\/wp-content\/uploads\/2023\/03\/donald-trump-hhc-scaled.jpg","type":"image\/jpeg"}],"twitter_card":"summary_large_image","twitter_misc":{"Est. reading time":"5 dakika"},"schema":{"@context":"https:\/\/schema.org","@graph":[{"@type":"WebPage","@id":"https:\/\/parier-presidentielle.com\/donald-trump-sur-le-marche-du-cannabis-et-du-hhc\/","url":"https:\/\/parier-presidentielle.com\/donald-trump-sur-le-marche-du-cannabis-et-du-hhc\/","name":"L'impact de Donald Trump sur le march\u00e9 du Cannabis et du HHC - Finale Coupe du Monde FIFA","isPartOf":{"@id":"https:\/\/parier-presidentielle.com\/#website"},"datePublished":"2023-03-20T16:03:39+00:00","dateModified":"2023-06-02T09:27:55+00:00","breadcrumb":{"@id":"https:\/\/parier-presidentielle.com\/donald-trump-sur-le-marche-du-cannabis-et-du-hhc\/#breadcrumb"},"inLanguage":"tr","potentialAction":[{"@type":"ReadAction","target":["https:\/\/parier-presidentielle.com\/donald-trump-sur-le-marche-du-cannabis-et-du-hhc\/"]}]},{"@type":"BreadcrumbList","@id":"https:\/\/parier-presidentielle.com\/donald-trump-sur-le-marche-du-cannabis-et-du-hhc\/#breadcrumb","itemListElement":[{"@type":"ListItem","position":1,"name":"Accueil","item":"https:\/\/parier-presidentielle.com\/"},{"@type":"ListItem","position":2,"name":"L&#8217;impact de Donald Trump sur le march\u00e9 du Cannabis et du HHC"}]},{"@type":"WebSite","@id":"https:\/\/parier-presidentielle.com\/#website","url":"https:\/\/parier-presidentielle.com\/","name":"Parier Pr\u00e9sidentielle","description":"Paris, Pronostics, Wiki sur la Politique, les Elections Am\u00e9ricaines: Joe Biden, Donald Trump avec les Bookmakers en ligne Unibet, Bwin, Betclic, Winamax","potentialAction":[{"@type":"SearchAction","target":{"@type":"EntryPoint","urlTemplate":"https:\/\/parier-presidentielle.com\/?s={search_term_string}"},"query-input":"required name=search_term_string"}],"inLanguage":"tr"}]}},"_links":{"self":[{"href":"https:\/\/parier-presidentielle.com\/tr\/wp-json\/wp\/v2\/pages\/1956"}],"collection":[{"href":"https:\/\/parier-presidentielle.com\/tr\/wp-json\/wp\/v2\/pages"}],"about":[{"href":"https:\/\/parier-presidentielle.com\/tr\/wp-json\/wp\/v2\/types\/page"}],"author":[{"embeddable":true,"href":"https:\/\/parier-presidentielle.com\/tr\/wp-json\/wp\/v2\/users\/1"}],"replies":[{"embeddable":true,"href":"https:\/\/parier-presidentielle.com\/tr\/wp-json\/wp\/v2\/comments?post=1956"}],"version-history":[{"count":4,"href":"https:\/\/parier-presidentielle.com\/tr\/wp-json\/wp\/v2\/pages\/1956\/revisions"}],"predecessor-version":[{"id":2001,"href":"https:\/\/parier-presidentielle.com\/tr\/wp-json\/wp\/v2\/pages\/1956\/revisions\/2001"}],"wp:featuredmedia":[{"embeddable":true,"href":"https:\/\/parier-presidentielle.com\/tr\/wp-json\/wp\/v2\/media\/1959"}],"wp:attachment":[{"href":"https:\/\/parier-presidentielle.com\/tr\/wp-json\/wp\/v2\/media?parent=1956"}],"curies":[{"name":"wp","href":"https:\/\/api.w.org\/{rel}","templated":true}]}}