{"id":1962,"date":"2023-03-20T17:10:50","date_gmt":"2023-03-20T16:10:50","guid":{"rendered":"https:\/\/parier-presidentielle.com\/?page_id=1962"},"modified":"2023-06-02T11:27:56","modified_gmt":"2023-06-02T09:27:56","slug":"vladimir-poutine-quelle-avis-sur-le-marche-du-cannabis-et-hhc","status":"publish","type":"page","link":"https:\/\/parier-presidentielle.com\/tr\/vladimir-putin-ne-gorus-on-the-esrar-pazar-ve-hhc\/","title":{"rendered":"Vladimir Putin Esrar ve HHC pazar\u0131 hakk\u0131nda ne d\u00fc\u015f\u00fcn\u00fcyorsunuz?"},"content":{"rendered":"<p>deki kenevir pazar\u0131 <a href=\"https:\/\/wikihhc.com\/france\/fleurs-hhc\/ou-trouver-fleurs-hhc-france-guide\/\">hhc<\/a>  h\u0131zla b\u00fcy\u00fcyor ve d\u00fcnya \u00e7ap\u0131ndaki b\u00fcy\u00fck liderlerin ilgisini \u00e7ekiyor. Bu t\u00fcr liderlerden biri, yak\u0131n zamanda esrar\u0131n t\u0131bbi ve end\u00fcstriyel ama\u00e7larla kullan\u0131m\u0131n\u0131n yasalla\u015ft\u0131r\u0131lmas\u0131na destek verdi\u011fini ifade eden Rusya Devlet Ba\u015fkan\u0131 Vladimir Putin&#039;dir.<\/p>\n\n\n\n<h2 class=\"wp-block-heading\"><span id=\"le-passe-controverse-de-poutine-avec-le-cannabis\">Putin&#039;in tart\u0131\u015fmal\u0131 esrar ge\u00e7mi\u015fi<\/span><\/h2>\n\n\n\n<p>Bu tart\u0131\u015fmaya ge\u00e7meden \u00f6nce Putin&#039;in esrarla ilgili tart\u0131\u015fmal\u0131 ge\u00e7mi\u015fini hat\u0131rlamakta fayda var. <a href=\"https:\/\/wikihhc.com\/guide\/hhc\/\">Vikipedi<\/a>. 2006&#039;da Rusya, Putin&#039;in \u00f6nemli bir rol oynad\u0131\u011f\u0131 uyu\u015fturucuya kar\u015f\u0131 bir sava\u015f ba\u015flatt\u0131. Bu, esrar da dahil olmak \u00fczere uyu\u015fturucu kullan\u0131m\u0131na y\u00f6nelik bask\u0131n\u0131n artmas\u0131na ve binlerce ki\u015finin hapse at\u0131lmas\u0131na yol a\u00e7t\u0131.<\/p>\n\n\n\n<p>Ancak Putin&#039;in konuya ili\u015fkin g\u00f6r\u00fc\u015flerinin zamanla geli\u015fti\u011fi g\u00f6r\u00fcl\u00fcyor. 2019&#039;da Rusya&#039;n\u0131n baz\u0131 ABD eyaletlerinin izinden gitmesi ve esrar\u0131 t\u0131bbi ve end\u00fcstriyel ama\u00e7larla yasalla\u015ft\u0131rmas\u0131 gerekti\u011fini s\u00f6yledi. Bu beyan\u0131, end\u00fcstriyel kenevir ekimini destekleyen mevzuat takip etti. Bir\u00e7ok site indirim sunuyor <a href=\"https:\/\/wikihhc.com\/site\/weecl\/code-promo-coupon-bon-de-reduction-weecl\/\">Promosyon kodlar\u0131yla Weecl gibi CBD ve HHC<\/a>.<\/p>\n\n\n\n<h2 class=\"wp-block-heading\"><span id=\"le-soutien-de-poutine-a-l8217utilisation-medicale-du-cannabis\">Putin&#039;den esrar\u0131n t\u0131bbi kullan\u0131m\u0131na destek<\/span><\/h2>\n\n\n\n<p>En son Ocak 2022&#039;de Putin, esrar\u0131n t\u0131bbi ama\u00e7l\u0131 kullan\u0131m\u0131n\u0131 destekledi\u011fini a\u00e7\u0131klam\u0131\u015f ve Rus h\u00fck\u00fcmetine esrar\u0131n t\u0131bbi ama\u00e7larla kullan\u0131m\u0131n\u0131 d\u00fczenlemek i\u00e7in \u00f6neriler geli\u015ftirmesi talimat\u0131n\u0131 vermi\u015fti. Bu karar, Rusya&#039;da esrar\u0131n yasalla\u015ft\u0131r\u0131lmas\u0131n\u0131 destekleyenler taraf\u0131ndan olumlu kar\u015f\u0131land\u0131 ve konuyla ilgili tart\u0131\u015fmalara yol a\u00e7t\u0131.<\/p>\n\n\n\n<p>Putin, \u00fcretime deste\u011fini de dile getirdi. <a href=\"https:\/\/wikihhc.com\"> HHC i\u00e7eren \u00fcr\u00fcn<\/a> (Hidrojenlenmi\u015f Esrar Ya\u011f\u0131), t\u0131bbi ve end\u00fcstriyel uygulamalara sahip bir esrar t\u00fcr\u00fc. \u00d6nemli bir ekonomik potansiyele sahip oldu\u011funu s\u00f6yleyerek Rusya&#039;daki maddenin \u00fcretiminin art\u0131r\u0131lmas\u0131 \u00e7a\u011fr\u0131s\u0131nda bulundu.<\/p>\n\n\n\n<h2 class=\"wp-block-heading\"><span id=\"les-defis-de-la-legalisation-du-cannabis-en-russie\">Rusya&#039;da Esrar\u0131n Yasalla\u015ft\u0131r\u0131lmas\u0131n\u0131n Zorluklar\u0131<\/span><\/h2>\n\n\n\n<p>Ancak Rusya&#039;da esrar\u0131n t\u0131bbi ve end\u00fcstriyel ama\u00e7larla yasalla\u015ft\u0131r\u0131lmas\u0131nda zorluklar da var. Mevcut Rus uyu\u015fturucu yasalar\u0131 \u00e7ok kat\u0131d\u0131r ve esrar kullan\u0131m\u0131 yasa d\u0131\u015f\u0131d\u0131r. Ek olarak Rusya, esrar da dahil olmak \u00fczere uyu\u015fturucular\u0131n kullan\u0131m\u0131n\u0131 ve \u00fcretimini yasaklayan \u00e7e\u015fitli uluslararas\u0131 uyu\u015fturucu s\u00f6zle\u015fmelerinin imzac\u0131s\u0131d\u0131r.<\/p>\n\n\n\n<p>Bu, esrar\u0131n yasalla\u015ft\u0131r\u0131lmas\u0131ndan yana olan herhangi bir mevzuat\u0131n, uluslararas\u0131 s\u00f6zle\u015fmelere ve Rus yasalar\u0131na sayg\u0131 duyacak \u015fekilde dikkatli bir \u015fekilde haz\u0131rlanmas\u0131 ve uygulanmas\u0131 gerekti\u011fi anlam\u0131na gelir.<\/p>\n\n\n\n<h2 class=\"wp-block-heading\"><span id=\"conclusion\">\u00c7\u00f6z\u00fcm<\/span><\/h2>\n\n\n\n<p>Sonu\u00e7 olarak Putin&#039;in Rusya&#039;da esrar\u0131n t\u0131bbi ve end\u00fcstriyel kullan\u0131m\u0131n\u0131n yasalla\u015ft\u0131r\u0131lmas\u0131na verdi\u011fi destek \u00fclkede tart\u0131\u015fmalara yol a\u00e7an \u00f6nemli bir karard\u0131r. Esrar\u0131 yasalla\u015ft\u0131rmaya y\u00f6nelik mevzuat\u0131n uygulanmas\u0131nda zorluklar olsa da Putin&#039;in konuyla ilgili g\u00f6r\u00fc\u015flerinin zaman i\u00e7inde geli\u015fti\u011fi a\u00e7\u0131kt\u0131r. Gelecekte bu konunun Rusya&#039;da nas\u0131l geli\u015fece\u011fini g\u00f6rmek ilgin\u00e7 olacak.<\/p>\n\n\n\n<figure class=\"wp-block-embed is-type-video is-provider-youtube wp-block-embed-youtube wp-embed-aspect-16-9 wp-has-aspect-ratio\"><div class=\"wp-block-embed__wrapper\">\n<iframe loading=\"lazy\" title=\"Ruslar esrar\u0131n yasalla\u015fmas\u0131n\u0131 istiyor mu?\" width=\"640\" height=\"360\" src=\"https:\/\/www.youtube.com\/embed\/lvfG8jTKhow?feature=oembed\" frameborder=\"0\" allow=\"accelerometer; autoplay; clipboard-write; encrypted-media; gyroscope; picture-in-picture; web-share\" allowfullscreen><\/iframe>\n<\/div><\/figure>\n<div id=\"toc_container\" class=\"no_bullets\"><p class=\"toc_title\">\u0130\u00e7indekiler<\/p><ul class=\"toc_list\"><li><\/li><li><\/li><li><\/li><li><\/li><\/ul><\/div>","protected":false},"excerpt":{"rendered":"<p>Le march\u00e9 du cannabis du hhc est en plein essor et suscite l&#8217;int\u00e9r\u00eat des grands dirigeants du monde entier. L&#8217;un de ces dirigeants est Vladimir Poutine, le pr\u00e9sident russe, qui a r\u00e9cemment exprim\u00e9 son soutien \u00e0 la l\u00e9galisation de l&#8217;utilisation du cannabis \u00e0 des fins m\u00e9dicales et industrielles. Le pass\u00e9 controvers\u00e9 de Poutine avec le &#8230;<\/p>","protected":false},"author":1,"featured_media":1965,"parent":0,"menu_order":0,"comment_status":"closed","ping_status":"closed","template":"page-nosidebar.php","meta":{"footnotes":""},"yoast_head":"<!-- This site is optimized with the Yoast SEO Premium plugin v21.0 (Yoast SEO v21.0) - https:\/\/yoast.com\/wordpress\/plugins\/seo\/ -->\n<title>Vladimir Poutine quelle avis sur le march\u00e9 du Cannabis et HHC? - Finale Coupe du Monde FIFA<\/title>\n<meta name=\"robots\" content=\"index, follow, max-snippet:-1, max-image-preview:large, max-video-preview:-1\" \/>\n<link rel=\"canonical\" href=\"https:\/\/parier-presidentielle.com\/tr\/vladimir-putin-ne-gorus-on-the-esrar-pazar-ve-hhc\/\" \/>\n<meta property=\"og:locale\" content=\"tr_TR\" \/>\n<meta property=\"og:type\" content=\"article\" \/>\n<meta property=\"og:title\" content=\"Vladimir Poutine quelle avis sur le march\u00e9 du Cannabis et HHC?\" \/>\n<meta property=\"og:description\" content=\"Le march\u00e9 du cannabis du hhc est en plein essor et suscite l&#8217;int\u00e9r\u00eat des grands dirigeants du monde entier. L&#8217;un de ces dirigeants est Vladimir Poutine, le pr\u00e9sident russe, qui a r\u00e9cemment exprim\u00e9 son soutien \u00e0 la l\u00e9galisation de l&#8217;utilisation du cannabis \u00e0 des fins m\u00e9dicales et industrielles. Le pass\u00e9 controvers\u00e9 de Poutine avec le ...\" \/>\n<meta property=\"og:url\" content=\"https:\/\/parier-presidentielle.com\/tr\/vladimir-putin-ne-gorus-on-the-esrar-pazar-ve-hhc\/\" \/>\n<meta property=\"og:site_name\" content=\"Parier Pr\u00e9sidentielle\" \/>\n<meta property=\"article:modified_time\" content=\"2023-06-02T09:27:56+00:00\" \/>\n<meta property=\"og:image\" content=\"https:\/\/parier-presidentielle.com\/wp-content\/uploads\/2023\/03\/vladimir-poutine-hhc-scaled.jpg\" \/>\n\t<meta property=\"og:image:width\" content=\"2560\" \/>\n\t<meta property=\"og:image:height\" content=\"1302\" \/>\n\t<meta property=\"og:image:type\" content=\"image\/jpeg\" \/>\n<meta name=\"twitter:card\" content=\"summary_large_image\" \/>\n<meta name=\"twitter:label1\" content=\"Est. reading time\" \/>\n\t<meta name=\"twitter:data1\" content=\"3 dakika\" \/>\n<script type=\"application\/ld+json\" class=\"yoast-schema-graph\">{\"@context\":\"https:\/\/schema.org\",\"@graph\":[{\"@type\":\"WebPage\",\"@id\":\"https:\/\/parier-presidentielle.com\/vladimir-poutine-quelle-avis-sur-le-marche-du-cannabis-et-hhc\/\",\"url\":\"https:\/\/parier-presidentielle.com\/vladimir-poutine-quelle-avis-sur-le-marche-du-cannabis-et-hhc\/\",\"name\":\"Vladimir Poutine quelle avis sur le march\u00e9 du Cannabis et HHC? - Finale Coupe du Monde FIFA\",\"isPartOf\":{\"@id\":\"https:\/\/parier-presidentielle.com\/#website\"},\"datePublished\":\"2023-03-20T16:10:50+00:00\",\"dateModified\":\"2023-06-02T09:27:56+00:00\",\"breadcrumb\":{\"@id\":\"https:\/\/parier-presidentielle.com\/vladimir-poutine-quelle-avis-sur-le-marche-du-cannabis-et-hhc\/#breadcrumb\"},\"inLanguage\":\"tr\",\"potentialAction\":[{\"@type\":\"ReadAction\",\"target\":[\"https:\/\/parier-presidentielle.com\/vladimir-poutine-quelle-avis-sur-le-marche-du-cannabis-et-hhc\/\"]}]},{\"@type\":\"BreadcrumbList\",\"@id\":\"https:\/\/parier-presidentielle.com\/vladimir-poutine-quelle-avis-sur-le-marche-du-cannabis-et-hhc\/#breadcrumb\",\"itemListElement\":[{\"@type\":\"ListItem\",\"position\":1,\"name\":\"Accueil\",\"item\":\"https:\/\/parier-presidentielle.com\/\"},{\"@type\":\"ListItem\",\"position\":2,\"name\":\"Vladimir Poutine quelle avis sur le march\u00e9 du Cannabis et HHC?\"}]},{\"@type\":\"WebSite\",\"@id\":\"https:\/\/parier-presidentielle.com\/#website\",\"url\":\"https:\/\/parier-presidentielle.com\/\",\"name\":\"Parier Pr\u00e9sidentielle\",\"description\":\"Paris, Pronostics, Wiki sur la Politique, les Elections Am\u00e9ricaines: Joe Biden, Donald Trump avec les Bookmakers en ligne Unibet, Bwin, Betclic, Winamax\",\"potentialAction\":[{\"@type\":\"SearchAction\",\"target\":{\"@type\":\"EntryPoint\",\"urlTemplate\":\"https:\/\/parier-presidentielle.com\/?s={search_term_string}\"},\"query-input\":\"required name=search_term_string\"}],\"inLanguage\":\"tr\"}]}<\/script>\n<!-- \/ Yoast SEO Premium plugin. -->","yoast_head_json":{"title":"Vladimir Poutine quelle avis sur le march\u00e9 du Cannabis et HHC? - Finale Coupe du Monde FIFA","robots":{"index":"index","follow":"follow","max-snippet":"max-snippet:-1","max-image-preview":"max-image-preview:large","max-video-preview":"max-video-preview:-1"},"canonical":"https:\/\/parier-presidentielle.com\/tr\/vladimir-putin-ne-gorus-on-the-esrar-pazar-ve-hhc\/","og_locale":"tr_TR","og_type":"article","og_title":"Vladimir Poutine quelle avis sur le march\u00e9 du Cannabis et HHC?","og_description":"Le march\u00e9 du cannabis du hhc est en plein essor et suscite l&#8217;int\u00e9r\u00eat des grands dirigeants du monde entier. L&#8217;un de ces dirigeants est Vladimir Poutine, le pr\u00e9sident russe, qui a r\u00e9cemment exprim\u00e9 son soutien \u00e0 la l\u00e9galisation de l&#8217;utilisation du cannabis \u00e0 des fins m\u00e9dicales et industrielles. Le pass\u00e9 controvers\u00e9 de Poutine avec le ...","og_url":"https:\/\/parier-presidentielle.com\/tr\/vladimir-putin-ne-gorus-on-the-esrar-pazar-ve-hhc\/","og_site_name":"Parier Pr\u00e9sidentielle","article_modified_time":"2023-06-02T09:27:56+00:00","og_image":[{"width":2560,"height":1302,"url":"https:\/\/parier-presidentielle.com\/wp-content\/uploads\/2023\/03\/vladimir-poutine-hhc-scaled.jpg","type":"image\/jpeg"}],"twitter_card":"summary_large_image","twitter_misc":{"Est. reading time":"3 dakika"},"schema":{"@context":"https:\/\/schema.org","@graph":[{"@type":"WebPage","@id":"https:\/\/parier-presidentielle.com\/vladimir-poutine-quelle-avis-sur-le-marche-du-cannabis-et-hhc\/","url":"https:\/\/parier-presidentielle.com\/vladimir-poutine-quelle-avis-sur-le-marche-du-cannabis-et-hhc\/","name":"Vladimir Poutine quelle avis sur le march\u00e9 du Cannabis et HHC? - Finale Coupe du Monde FIFA","isPartOf":{"@id":"https:\/\/parier-presidentielle.com\/#website"},"datePublished":"2023-03-20T16:10:50+00:00","dateModified":"2023-06-02T09:27:56+00:00","breadcrumb":{"@id":"https:\/\/parier-presidentielle.com\/vladimir-poutine-quelle-avis-sur-le-marche-du-cannabis-et-hhc\/#breadcrumb"},"inLanguage":"tr","potentialAction":[{"@type":"ReadAction","target":["https:\/\/parier-presidentielle.com\/vladimir-poutine-quelle-avis-sur-le-marche-du-cannabis-et-hhc\/"]}]},{"@type":"BreadcrumbList","@id":"https:\/\/parier-presidentielle.com\/vladimir-poutine-quelle-avis-sur-le-marche-du-cannabis-et-hhc\/#breadcrumb","itemListElement":[{"@type":"ListItem","position":1,"name":"Accueil","item":"https:\/\/parier-presidentielle.com\/"},{"@type":"ListItem","position":2,"name":"Vladimir Poutine quelle avis sur le march\u00e9 du Cannabis et HHC?"}]},{"@type":"WebSite","@id":"https:\/\/parier-presidentielle.com\/#website","url":"https:\/\/parier-presidentielle.com\/","name":"Parier Pr\u00e9sidentielle","description":"Paris, Pronostics, Wiki sur la Politique, les Elections Am\u00e9ricaines: Joe Biden, Donald Trump avec les Bookmakers en ligne Unibet, Bwin, Betclic, Winamax","potentialAction":[{"@type":"SearchAction","target":{"@type":"EntryPoint","urlTemplate":"https:\/\/parier-presidentielle.com\/?s={search_term_string}"},"query-input":"required name=search_term_string"}],"inLanguage":"tr"}]}},"_links":{"self":[{"href":"https:\/\/parier-presidentielle.com\/tr\/wp-json\/wp\/v2\/pages\/1962"}],"collection":[{"href":"https:\/\/parier-presidentielle.com\/tr\/wp-json\/wp\/v2\/pages"}],"about":[{"href":"https:\/\/parier-presidentielle.com\/tr\/wp-json\/wp\/v2\/types\/page"}],"author":[{"embeddable":true,"href":"https:\/\/parier-presidentielle.com\/tr\/wp-json\/wp\/v2\/users\/1"}],"replies":[{"embeddable":true,"href":"https:\/\/parier-presidentielle.com\/tr\/wp-json\/wp\/v2\/comments?post=1962"}],"version-history":[{"count":4,"href":"https:\/\/parier-presidentielle.com\/tr\/wp-json\/wp\/v2\/pages\/1962\/revisions"}],"predecessor-version":[{"id":2002,"href":"https:\/\/parier-presidentielle.com\/tr\/wp-json\/wp\/v2\/pages\/1962\/revisions\/2002"}],"wp:featuredmedia":[{"embeddable":true,"href":"https:\/\/parier-presidentielle.com\/tr\/wp-json\/wp\/v2\/media\/1965"}],"wp:attachment":[{"href":"https:\/\/parier-presidentielle.com\/tr\/wp-json\/wp\/v2\/media?parent=1962"}],"curies":[{"name":"wp","href":"https:\/\/api.w.org\/{rel}","templated":true}]}}