{"id":235,"date":"2021-09-14T16:33:07","date_gmt":"2021-09-14T14:33:07","guid":{"rendered":"https:\/\/parier-presidentielle.com\/?page_id=235"},"modified":"2022-12-16T18:12:01","modified_gmt":"2022-12-16T17:12:01","slug":"betclic-presidentielle-2022","status":"publish","type":"page","link":"https:\/\/parier-presidentielle.com\/tr\/betclic-baskanlik-2022\/","title":{"rendered":"Betclic: 2022 Cumhurba\u015fkanl\u0131\u011f\u0131 se\u00e7imine bahis yap\u0131n"},"content":{"rendered":"<div class=\"wp-block-columns is-layout-flex wp-container-4 wp-block-columns-is-layout-flex\">\n<div class=\"wp-block-column is-layout-flow wp-block-column-is-layout-flow\" style=\"flex-basis:100%\">\n<div class=\"wp-block-columns is-layout-flex wp-container-2 wp-block-columns-is-layout-flex\">\n<div class=\"wp-block-column is-layout-flow wp-block-column-is-layout-flow\" style=\"flex-basis:100%\">\n<center><script type=\"text\/javascript\" charset=\"utf-8\" src=\"https:\/\/www.gambling-affiliation.com\/cpm\/v=AmIMTDSs92QY6b0MzDMvM5laCjJ-ZlA-1oQ-7tKsi.w_GA7331V2\"><\/script><\/center>\n\n\n\n<p><\/p>\n\n\n\n<div class=\"wp-block-image is-style-default\"><figure class=\"aligncenter size-medium\"><a href=\"https:\/\/parier-presidentielle.com\/tr\/recommends\/unibet-logo\/\" target=\"_blank\" rel=\"no follow noopener\"><img decoding=\"async\" loading=\"lazy\" width=\"300\" height=\"169\" src=\"https:\/\/parier-presidentielle.com\/wp-content\/uploads\/2022\/04\/unibet-300x169.jpg\" alt=\"\" class=\"wp-image-1252\" srcset=\"https:\/\/parier-presidentielle.com\/wp-content\/uploads\/2022\/04\/unibet-300x169.jpg 300w, https:\/\/parier-presidentielle.com\/wp-content\/uploads\/2022\/04\/unibet-1024x576.jpg 1024w, https:\/\/parier-presidentielle.com\/wp-content\/uploads\/2022\/04\/unibet-768x432.jpg 768w, https:\/\/parier-presidentielle.com\/wp-content\/uploads\/2022\/04\/unibet-18x10.jpg 18w, https:\/\/parier-presidentielle.com\/wp-content\/uploads\/2022\/04\/unibet.jpg 1280w\" sizes=\"(max-width: 300px) 100vw, 300px\" \/><\/a><\/figure><\/div>\n<\/div>\n<\/div>\n<\/div>\n<\/div>\n\n\n\n<h2 class=\"wp-block-heading\" id=\"le-meilleur-bookmaker-de-france-betclic\"><span id=\"le-bookmaker-betclic-et-la-politique-francaise\">Bahis \u015firketi Betclic ve Frans\u0131z siyaseti!?<\/span><\/h2>\n\n\n\n<h3 class=\"wp-block-heading\" id=\"parier-sur-l-election-presidentielle-2022-c-est-possible-avec-un-seul-site-de-paris-en-ligne-en-france-et-ca-tombe-car-c-est-aussi-le-meilleur-et-le-plus-sur-betclic\"><span id=\"parier-sur-l8217election-presidentielle-2022-n8217est-plus-possible-avec-le-site-de-paris-betclic-en-france-mais-seulement-avec-unibet\">2022 Cumhurba\u015fkanl\u0131\u011f\u0131 se\u00e7imine bahis yapmak art\u0131k Fransa&#039;daki Betclic bahis sitesi ile de\u011fil, yaln\u0131zca Unibet ile m\u00fcmk\u00fcn!<\/span><\/h3>\n\n\n\n<p><strong>Betclic <\/strong>ne yaz\u0131k ki art\u0131k Frans\u0131z Politikas\u0131 konusunda Paris&#039;e teklif vermiyor, ama neyse ki Betclic d\u0131\u015f\u0131ndaki di\u011fer bahis\u00e7ilerle bahis oynamak hala m\u00fcmk\u00fcn: <strong>Unibet<\/strong>! Bu nedenle Parier-Pr\u00e9sidentielle ekibi, bonus ve daha da ilgin\u00e7 oranlar sunan pazar liderini tavsiye ediyor: <\/p>\n\n\n\n<p class=\"has-text-align-center unibet has-medium-font-size\"><a href=\"https:\/\/parier-presidentielle.com\/tr\/recommends\/unibet-text-betclic\/\"><strong>1. Paris&#039;iniz i\u00e7in Unibet ile sunulan 150 \u20ac Bonus: Buraya t\u0131klay\u0131n<\/strong><\/a><\/p>\n\n\n\n<p> \u00d6zel dosyalar\u0131m\u0131zda Bookmaker&#039;\u0131n k\u0131lavuzlar\u0131m\u0131z\u0131 ve tahminlerini bulun: <\/p>\n\n\n\n<ul>\n<li><strong><a href=\"https:\/\/parier-presidentielle.com\/tr\/unibet-policy-secim-2022\/\">Unibet: Bahis\u00e7inin Ba\u015fkanl\u0131k 2022 Rehberi<\/a><\/strong><\/li>\n\n\n\n<li><a href=\"https:\/\/parier-presidentielle.com\/tr\/bahisciler-macron-le-kalem\/\"><strong>\u0130kinci Tur Macron Bahisleri \u0130\u00e7in K\u0131lavuz ve Tahminler \u2013 Le Pen<\/strong><\/a><\/li>\n<\/ul>\n\n\n\n<p>Betclic: Bwin ve Unibet ile Kar\u015f\u0131 Kar\u015f\u0131ya<\/p>\n\n\n\n<p>Politika \u00fczerine bahis oynamak sadece se\u00e7im gecelerinizi renklendirmekle kalmaz, ayn\u0131 zamanda size b\u00fcy\u00fck kazan\u00e7lar da sa\u011flayabilir! Bu sayfada, \u00e7evrimi\u00e7i oyunlarda Frans\u0131z referans\u0131 olan Betclic bahis \u015firketi ile ilk bahsinizi yapmak i\u00e7in t\u00fcm bilgileri bulacaks\u0131n\u0131z. Bu 2022 se\u00e7imi i\u00e7in t\u00fcm ihtimaller ve tahminlerimizin yan\u0131 s\u0131ra.<\/p>\n\n\n\n<p class=\"has-text-align-center\"><strong>A\u015fa\u011f\u0131da sunulan bilgiler, oranlar ve tavsiyeler bu nedenle art\u0131k ge\u00e7erlili\u011fini yitirmi\u015ftir ve yaln\u0131zca ikinci turda bahis oynamak istiyorsan\u0131z ar\u015fiv olarak mevcuttur: Lidere d\u00f6n\u00fcn <a href=\"https:\/\/parier-presidentielle.com\/tr\/unibet-policy-secim-2022\/\">Unibet se\u00e7imleri i\u00e7in Paris<\/a><\/strong><\/p>\n\n\n\n<p><\/p>\n\n\n\n<p><\/p>\n\n\n\n<p><\/p>\n\n\n\n<p><\/p>\n\n\n\n<p class=\"has-text-align-center\">Ar\u015fivler <\/p>\n\n\n\n<h2 class=\"wp-block-heading\" id=\"les-cotes-des-candidats-du-bookmaker-sur-betclic\"><span id=\"les-cotes-des-candidats-du-bookmaker-sur-betclic\">Bahis \u015firketi adaylar\u0131n\u0131n Betclic&#039;teki oranlar\u0131 <\/span><\/h2>\n\n\n\n<p>Farkl\u0131 siyasi fig\u00fcrlerin derecelendirmelerine bakarak ba\u015flayal\u0131m: <\/p>\n\n\n\n<ul>\n<li>Emmanuel Macron <strong>1,58<\/strong><\/li>\n\n\n\n<li>Denizci Le Pen <strong>4,00<\/strong><\/li>\n\n\n\n<li>Jean Luc Melenchon <strong>15<\/strong><\/li>\n\n\n\n<li>Edward Philip <strong>17<\/strong><\/li>\n\n\n\n<li>Xavier-Bertrand <strong>17<\/strong><\/li>\n\n\n\n<li>anne hidalgo <strong>22<\/strong><\/li>\n\n\n\n<li>Laurent Wauquiez <strong>25<\/strong><\/li>\n\n\n\n<li>Nicolas Sarkozy <strong>25<\/strong><\/li>\n\n\n\n<li>Fran\u00e7ois Barouin <strong>28<\/strong><\/li>\n\n\n\n<li>Nicolas Dupont-Aignan <strong>30<\/strong><\/li>\n\n\n\n<li>bernard cazeneuve <strong>65<\/strong><\/li>\n\n\n\n<li>benoit hamon <strong>65<\/strong><\/li>\n\n\n\n<li>John Lassalle <strong>100<\/strong><\/li>\n\n\n\n<li>Fran\u00e7ois Hollande <strong>100<\/strong><\/li>\n<\/ul>\n\n\n<div class=\"wp-block-image\">\n<figure class=\"aligncenter size-large is-resized\"><img decoding=\"async\" loading=\"lazy\" src=\"https:\/\/parier-presidentielle.com\/wp-content\/uploads\/2021\/09\/image-4-1024x872.png\" alt=\"2022 cumhurba\u015fkanl\u0131\u011f\u0131 se\u00e7imleri i\u00e7in bahis\u00e7i Betclic adaylar\u0131n\u0131n oranlar\u0131\" class=\"wp-image-329\" width=\"768\" height=\"654\" srcset=\"https:\/\/parier-presidentielle.com\/wp-content\/uploads\/2021\/09\/image-4-1024x872.png 1024w, https:\/\/parier-presidentielle.com\/wp-content\/uploads\/2021\/09\/image-4-300x255.png 300w, https:\/\/parier-presidentielle.com\/wp-content\/uploads\/2021\/09\/image-4-768x654.png 768w, https:\/\/parier-presidentielle.com\/wp-content\/uploads\/2021\/09\/image-4.png 1118w\" sizes=\"(max-width: 768px) 100vw, 768px\" \/><\/figure><\/div>\n\n\n<h2 class=\"wp-block-heading\" id=\"l-analyse-des-cotes-de-betclic\"><span id=\"l8217analyse-des-cotes-de-betclic\">Betclic oran analizi<\/span><\/h2>\n\n\n\n<p>Emmanuel Macron&#039;un notu <strong>1,58<\/strong> Marine Le Pen&#039;inkine kar\u015f\u0131 <strong>4,00<\/strong>, \u0130lk bak\u0131\u015fta Rassemblement National aday\u0131 \u00fczerine bahis oynamak, oranlar daha y\u00fcksek oldu\u011fu i\u00e7in ilgin\u00e7 g\u00f6r\u00fcnebilir, ancak y\u0131llara ra\u011fmen, ister baba ister k\u0131z olsun, her zaman kaybettikleri ve aday\u0131n aday\u0131 ne olursa olsun, her zaman kaybettikleri dikkate al\u0131nmal\u0131d\u0131r. sa\u011f veya orta...<br>T\u00fcm sand\u0131k enstit\u00fcleri, mevcut ba\u015fkana ikinci turda ve finalin galibini verir. <\/p>\n\n\n\n<p>Sonu\u00e7 olarak <a href=\"https:\/\/parier-presidentielle.com\/tr\/macron-secim\/\">Emmanuel Macron&#039;un zaferine bahis<\/a> ba\u015fkanl\u0131k se\u00e7iminde en iyi bahis! Betclic Bahis \u015eirketi ile bahis oynayarak ayr\u0131ca 100\u20ac&#039;luk \u00f6zel bir bonus teklifinden yararlan\u0131rs\u0131n\u0131z, ancak yaln\u0131zca sporda, bu y\u00fczden Bwin ve Unibet&#039;i \u00f6neriyoruz!<\/p>\n\n\n\n<p><br><br><\/p>\n\n\n\n<h2 class=\"wp-block-heading\" id=\"betclic-origine-et-paris-politique\"><span id=\"betclic-origine-et-paris-politique\">Betclic: K\u00f6ken ve politik bahisler<\/span><\/h2>\n\n\n\n<p>Betclic bir Frans\u0131z \u00e7evrimi\u00e7i kumar \u015firketidir. 2005 y\u0131l\u0131nda Londra&#039;da kurulan, merkezi Malta&#039;da bulunan \u015firketin y\u00f6netimi Bordeaux&#039;da bulunmaktad\u0131r. Fransa pazar\u0131nda \u015firketin spor, yar\u0131\u015f ve \u00e7evrimi\u00e7i pokerde bahis yapma lisanslar\u0131 vard\u0131r.<br><\/p>\n\n\n\n<p>Betclic&#039;in Tarihi<br><strong>Betclic <\/strong>2005 y\u0131l\u0131nda Nicolas Bero taraf\u0131ndan Londra&#039;da bir \u00e7al\u0131\u015fan ve 3 milyon euroluk yat\u0131r\u0131mla kuruldu. 2008 y\u0131l\u0131nda Mangas Gaming, Betclic&#039;in 75 hisselik % hissesini 50 milyon Euro kar\u015f\u0131l\u0131\u011f\u0131nda sahibinden sat\u0131n ald\u0131 ve 2009&#039;da SBM, \u015firkette 50 hisse % hissesi sat\u0131n ald\u0131. 2010 y\u0131l\u0131nda Betclic&#039;in Frans\u0131z pazar\u0131n\u0131n 35 ila 40%&#039;sini elinde tuttu\u011fu ve \u00fclkedeki en b\u00fcy\u00fck bahis \u015firketi oldu\u011fu a\u00e7\u0131kland\u0131. Euro 2012&#039;de Betclic spor m\u00fcsabakalar\u0131na 2 milyon bahis kabul ederek 12 milyon euro kazand\u0131. 31 May\u0131s 2016&#039;da Betclic, \u00e7evrimi\u00e7i poker \u015firketi Everest Poker ile birle\u015fti. Ekim 2016&#039;da ofislerini Londra ve Paris&#039;ten Bordeaux&#039;ya ta\u015f\u0131d\u0131lar. Eyl\u00fcl 2018&#039;de Betclic, Polonya&#039;da faaliyet g\u00f6stermek i\u00e7in bir lisans ald\u0131.<\/p>\n\n\n\n<h2 class=\"wp-block-heading\" id=\"partenariat-et-legitimite-pour-parier-en-2022\"><span id=\"partenariat-et-legitimite-pour-parier-en-2022\">2022&#039;de bahis oynamak i\u00e7in ortakl\u0131k ve me\u015fruiyet<\/span><\/h2>\n\n\n\n<p>Betclic&#039;in ilk spor sponsorlu\u011fu, 2009 y\u0131l\u0131nda \u015firketin 2010-11 sezonu i\u00e7in ti\u015f\u00f6rtlerle reklam\u0131n\u0131 yapan Olympique Lyonnais&#039;ti. Betclic, 2010&#039;dan 2012&#039;ye kadar Olympique de Marseille ve Juventus gibi markalar\u0131n k\u0131yafetlerine sponsor oldu. Ayn\u0131 \u015fekilde 2018 y\u0131l\u0131nda Bordeaux Beggle Rugby Kul\u00fcb\u00fc ile ortakl\u0131k duyurusu yap\u0131lm\u0131\u015ft\u0131r. 2018 y\u0131l\u0131nda Polonya&#039;da \u00e7al\u0131\u015fmak \u00fczere yeni bir lisans alan Betclic, 2019 yaz\u0131nda Polonya futbol \u015fampiyonu Piast ve Polonya Kupas\u0131n\u0131 kazanan kul\u00fcp Lechia ile sponsorluk anla\u015fmalar\u0131 imzalad\u0131. Yani Betclic spor bahisleri alan\u0131nda lider bir bahis \u015firketi olsa da maalesef 2022 ba\u015fkanl\u0131k se\u00e7imleri i\u00e7in bir teklif sunmuyor. <a href=\"https:\/\/parier-presidentielle.com\/tr\/\">Macron veya Lepen&#039;e bahis yap\u0131n <\/a>Bwin veya Unibet&#039;i ge\u00e7mek gerekli olacak!<\/p>\n\n\n\n<p><\/p>\n\n\n\n<p class=\"has-text-align-center unibet\" style=\"font-size:25px\"><mark style=\"background-color:rgba(0, 0, 0, 0);color:#0d7a12\" class=\"has-inline-color\"><strong><a href=\"https:\/\/parier-presidentielle.com\/tr\/recommends\/unibet\/\">Unibet ile sunulan 150 \u20ac Bonus<br>1. Politik veya Spor Bahsiniz i\u00e7in: Buraya t\u0131klay\u0131n<\/a><\/strong><\/mark><\/p>\n\n\n\n<p><\/p>\n\n\n<div class=\"wp-block-image\">\n<figure class=\"aligncenter is-resized wp-duotone-000097-ff4747-5\"><img decoding=\"async\" loading=\"lazy\" src=\"https:\/\/parier-presidentielle.com\/wp-content\/uploads\/2021\/09\/election-standard-scale-4_00x-gigapixel-1024x623.jpg\" alt=\"Se\u00e7im 2022\" style=\"width:256px;height:156px\" width=\"256\" height=\"156\"\/><\/figure><\/div>\n\n\n<p><br><\/p>\n\n\n\n<p><strong>Parier-presidentielle, farkl\u0131 se\u00e7enekler aras\u0131nda se\u00e7im yapman\u0131za yard\u0131mc\u0131 olur.<a href=\"https:\/\/parier-presidentielle.com\/tr\/\"> Bahis\u00e7iler Bwin, Unibet, Betclic 2024&#039;te Gelece\u011fin Amerikan Ba\u015fkan\u0131na Bahis Yapacak<\/a> : <\/strong><br><a href=\"https:\/\/parier-presidentielle.com\/tr\/unibet-policy-secim-2022\/\">Unibet Cumhurba\u015fkanl\u0131\u011f\u0131 Bahis\u00e7isi<\/a> : T\u00fcm oranlarla \u00e7evrimi\u00e7i ilk bahsinizi yapmak ve sunulan Bonustan nas\u0131l yararlanaca\u011f\u0131n\u0131z konusunda ayr\u0131nt\u0131l\u0131 ve \u00fccretsiz rehber!<\/p>\n\n\n\n<p>Di\u011fer \u00e7evrimi\u00e7i bahis sitelerinin yan\u0131 s\u0131ra: <a href=\"https:\/\/parier-presidentielle.com\/tr\/unibet-policy-secim-2022\/\">Bwin<\/a>, <a href=\"https:\/\/parier-presidentielle.com\/tr\/netbet-paris-politika-secim-2022\/\">NetBet<\/a>, <a href=\"https:\/\/parier-presidentielle.com\/tr\/betclic-baskanlik-2022\/\">Betclic<\/a>, <a href=\"https:\/\/parier-presidentielle.com\/tr\/winamax-policy-secim-2022\/\">Winamax<\/a>, Parions Sport, Zebet, Betway, France-Pari, Vbet, Cloudbet, 1Xbit, 1xbet, Betfair, Betwinner\u2026<\/p>\n\n\n\n<div class=\"wp-block-columns is-layout-flex wp-container-10 wp-block-columns-is-layout-flex\">\n<div class=\"wp-block-column is-layout-flow wp-block-column-is-layout-flow\" style=\"flex-basis:33.33%\">\n<p>Dosyam\u0131z\u0131 okudunuz:<\/p>\n<\/div>\n\n\n\n<div class=\"wp-block-column is-layout-flow wp-block-column-is-layout-flow\" style=\"flex-basis:33.33%\">\n<div class=\"wp-block-group is-layout-flow wp-block-group-is-layout-flow\"><div class=\"wp-block-group__inner-container\"><h4 class=\"has-text-align-center wp-block-post-title\"><span id=\"betclic-parier-sur-lelection-presidentielle-2022\"><a href=\"https:\/\/parier-presidentielle.com\/tr\/betclic-baskanlik-2022\/\" target=\"_self\" >Betclic: 2022 Cumhurba\u015fkanl\u0131\u011f\u0131 se\u00e7imine bahis yap\u0131n<\/a><\/span><\/h4><\/div><\/div>\n<\/div>\n\n\n\n<div class=\"wp-block-column is-layout-flow wp-block-column-is-layout-flow\" style=\"flex-basis:33.33%\">\n<p class=\"has-text-align-right\">Di\u011fer \u00f6zel dosyalar\u0131m\u0131zla okumaya devam edin,<\/p>\n<\/div>\n<\/div>\n\n\n\n<h3 class=\"wp-block-heading\" id=\"tous-les-pronostics-sondage-et-cotes-pour-parier-sur-le-futur-vainqueur-de-l-election-presidentielle-2022\"><span id=\"tous-les-pronostics-sondage-et-cotes-pour-parier-sur-le-futur-vainqueur-de-l8217election-presidentielle-2024\">2024 Cumhurba\u015fkanl\u0131\u011f\u0131 se\u00e7iminin gelecekteki kazanan\u0131na dair bahis yap\u0131labilecek t\u00fcm Tahminler, Anketler ve Oranlar:<\/span><\/h3>\n\n\n\n<ul>\n<li><a href=\"https:\/\/parier-presidentielle.com\/tr\/macron-secim\/\">Unibet, Betclic, Bwin ile Emmanuel Macron&#039;a bahis yap\u0131n<\/a> : Anketlerin ve tahminlerin favorisi <\/li>\n\n\n\n<li><a href=\"https:\/\/parier-presidentielle.com\/tr\/marine-le-pen-secim\/\">Marine Le Pen: Oranlar\u0131 ve Bahis\u00e7iler ile nas\u0131l bahis oynan\u0131r<\/a>: Unibet&#039;e g\u00f6re meydan okuyan<\/li>\n<\/ul>\n\n\n\n<p><\/p>\n\n\n\n<center><script type=\"text\/javascript\" charset=\"utf-8\" src=\"https:\/\/www.gambling-affiliation.com\/cpm\/v=AmIMTDSs92QY6b0MzDMvM5laCjJ-ZlA-1oQ-7tKsi.w_GA7331V2\"><\/script><\/center>\n\n\n\n<h3 class=\"wp-block-heading\"><span id=\"donald-trump-vs-joe-biden-la-video-qui-lance-les-paris-en-ligne-sur-l8217election-politique-de-2024\">Donald Trump vs Joe Biden: 2024 siyasi se\u00e7imlerinde \u00e7evrimi\u00e7i bahis oynamay\u0131 ba\u015flatan video<\/span><\/h3>\n\n\n\n<figure class=\"wp-block-embed is-type-video is-provider-youtube wp-block-embed-youtube wp-embed-aspect-16-9 wp-has-aspect-ratio\"><div class=\"wp-block-embed__wrapper\">\n<iframe loading=\"lazy\" title=\"Eski Ba\u015fkan Donald Trump, 2024 Beyaz Saray teklifini ba\u015flatt\u0131 #Short\" width=\"640\" height=\"360\" src=\"https:\/\/www.youtube.com\/embed\/hZykPRVe4Ag?feature=oembed\" frameborder=\"0\" allow=\"accelerometer; autoplay; clipboard-write; encrypted-media; gyroscope; picture-in-picture; web-share\" allowfullscreen><\/iframe>\n<\/div><\/figure>\n\n\n<div class=\"wp-block-image\">\n<figure class=\"aligncenter size-medium\"><a href=\"https:\/\/parier-presidentielle.com\/tr\/recommends\/unibet\/\" target=\"_blank\" rel=\"noopener\"><img decoding=\"async\" loading=\"lazy\" width=\"300\" height=\"169\" src=\"https:\/\/parier-presidentielle.com\/wp-content\/uploads\/2022\/04\/unibet-300x169.jpg\" alt=\"\" class=\"wp-image-1252\" srcset=\"https:\/\/parier-presidentielle.com\/wp-content\/uploads\/2022\/04\/unibet-300x169.jpg 300w, https:\/\/parier-presidentielle.com\/wp-content\/uploads\/2022\/04\/unibet-1024x576.jpg 1024w, https:\/\/parier-presidentielle.com\/wp-content\/uploads\/2022\/04\/unibet-768x432.jpg 768w, https:\/\/parier-presidentielle.com\/wp-content\/uploads\/2022\/04\/unibet-18x10.jpg 18w, https:\/\/parier-presidentielle.com\/wp-content\/uploads\/2022\/04\/unibet.jpg 1280w\" sizes=\"(max-width: 300px) 100vw, 300px\" \/><\/a><\/figure><\/div>\n\n\n<p>Esrar ve yasal t\u00fcrevleriyle ilgili ana siyasi haber olan Wiki&#039;yi bulun: <strong>HHC, H4cbd, Thcp, Thcv, HSD, HHCPO, C4B<\/strong><\/p>\n\n\n\n<p>sayfan\u0131n anahtar kelimeleri: Betclick, Bet click, oranlar, tahminler<\/p>\n<div id=\"toc_container\" class=\"no_bullets\"><p class=\"toc_title\">\u0130\u00e7indekiler<\/p><ul class=\"toc_list\"><li><ul><li><\/li><\/ul><\/li><li><\/li><li><\/li><li><\/li><li><ul><li><ul><li><\/li><\/ul><\/li><li><\/li><li><\/li><\/ul><\/li><\/ul><\/div>","protected":false},"excerpt":{"rendered":"<p>Betclic Bahis \u015eirketi ve Frans\u0131z siyaseti!? 2022 Cumhurba\u015fkanl\u0131\u011f\u0131 se\u00e7imine bahis yapmak art\u0131k Fransa&#039;daki Betclic bahis sitesi ile de\u011fil, yaln\u0131zca Unibet ile m\u00fcmk\u00fcn! Betclic ne yaz\u0131k ki art\u0131k Frans\u0131z Politikas\u0131 konusunda Paris&#039;e teklif sunmuyor, ancak neyse ki Betclic d\u0131\u015f\u0131nda ba\u015fka bir bahis \u015firketi ile bahis oynamak hala m\u00fcmk\u00fcn: Unibet! Yani ekip...<\/p>","protected":false},"author":1,"featured_media":0,"parent":0,"menu_order":0,"comment_status":"closed","ping_status":"closed","template":"page-nosidebar.php","meta":{"footnotes":""},"yoast_head":"<!-- This site is optimized with the Yoast SEO Premium plugin v21.0 (Yoast SEO v21.0) - https:\/\/yoast.com\/wordpress\/plugins\/seo\/ -->\n<title>Betclic : Parier sur l\u2019\u00e9lection Pr\u00e9sidentielle 2022 - Finale Coupe du Monde FIFA<\/title>\n<meta name=\"description\" content=\"Parier avec Betclic 100\u20ac offert pour votre 1er Pari sur la Politique, le Sport! Guide du Bookmaker pour profiter du Bonus de bienvenue...\" \/>\n<meta name=\"robots\" content=\"index, follow, max-snippet:-1, max-image-preview:large, max-video-preview:-1\" \/>\n<link rel=\"canonical\" href=\"https:\/\/parier-presidentielle.com\/tr\/betclic-baskanlik-2022\/\" \/>\n<meta property=\"og:locale\" content=\"tr_TR\" \/>\n<meta property=\"og:type\" content=\"article\" \/>\n<meta property=\"og:title\" content=\"Betclic : Parier sur l\u2019\u00e9lection Pr\u00e9sidentielle 2022\" \/>\n<meta property=\"og:description\" content=\"Parier avec Betclic 100\u20ac offert pour votre 1er Pari sur la Politique, le Sport! Guide du Bookmaker pour profiter du Bonus de bienvenue...\" \/>\n<meta property=\"og:url\" content=\"https:\/\/parier-presidentielle.com\/tr\/betclic-baskanlik-2022\/\" \/>\n<meta property=\"og:site_name\" content=\"Parier Pr\u00e9sidentielle\" \/>\n<meta property=\"article:modified_time\" content=\"2022-12-16T17:12:01+00:00\" \/>\n<meta property=\"og:image\" content=\"https:\/\/parier-presidentielle.com\/wp-content\/uploads\/2021\/09\/image-4-1024x872.png\" \/>\n<meta name=\"twitter:card\" content=\"summary_large_image\" \/>\n<meta name=\"twitter:label1\" content=\"Est. reading time\" \/>\n\t<meta name=\"twitter:data1\" content=\"5 dakika\" \/>\n<script type=\"application\/ld+json\" class=\"yoast-schema-graph\">{\"@context\":\"https:\/\/schema.org\",\"@graph\":[{\"@type\":\"WebPage\",\"@id\":\"https:\/\/parier-presidentielle.com\/betclic-presidentielle-2022\/\",\"url\":\"https:\/\/parier-presidentielle.com\/betclic-presidentielle-2022\/\",\"name\":\"Betclic : Parier sur l\u2019\u00e9lection Pr\u00e9sidentielle 2022 - Finale Coupe du Monde FIFA\",\"isPartOf\":{\"@id\":\"https:\/\/parier-presidentielle.com\/#website\"},\"datePublished\":\"2021-09-14T14:33:07+00:00\",\"dateModified\":\"2022-12-16T17:12:01+00:00\",\"description\":\"Parier avec Betclic 100\u20ac offert pour votre 1er Pari sur la Politique, le Sport! Guide du Bookmaker pour profiter du Bonus de bienvenue...\",\"breadcrumb\":{\"@id\":\"https:\/\/parier-presidentielle.com\/betclic-presidentielle-2022\/#breadcrumb\"},\"inLanguage\":\"tr\",\"potentialAction\":[{\"@type\":\"ReadAction\",\"target\":[\"https:\/\/parier-presidentielle.com\/betclic-presidentielle-2022\/\"]}]},{\"@type\":\"BreadcrumbList\",\"@id\":\"https:\/\/parier-presidentielle.com\/betclic-presidentielle-2022\/#breadcrumb\",\"itemListElement\":[{\"@type\":\"ListItem\",\"position\":1,\"name\":\"Accueil\",\"item\":\"https:\/\/parier-presidentielle.com\/\"},{\"@type\":\"ListItem\",\"position\":2,\"name\":\"Betclic : Parier sur l\u2019\u00e9lection Pr\u00e9sidentielle 2022\"}]},{\"@type\":\"WebSite\",\"@id\":\"https:\/\/parier-presidentielle.com\/#website\",\"url\":\"https:\/\/parier-presidentielle.com\/\",\"name\":\"Parier Pr\u00e9sidentielle\",\"description\":\"Paris, Pronostics, Wiki sur la Politique, les Elections Am\u00e9ricaines: Joe Biden, Donald Trump avec les Bookmakers en ligne Unibet, Bwin, Betclic, Winamax\",\"potentialAction\":[{\"@type\":\"SearchAction\",\"target\":{\"@type\":\"EntryPoint\",\"urlTemplate\":\"https:\/\/parier-presidentielle.com\/?s={search_term_string}\"},\"query-input\":\"required name=search_term_string\"}],\"inLanguage\":\"tr\"}]}<\/script>\n<!-- \/ Yoast SEO Premium plugin. -->","yoast_head_json":{"title":"Betclic : Parier sur l\u2019\u00e9lection Pr\u00e9sidentielle 2022 - Finale Coupe du Monde FIFA","description":"Parier avec Betclic 100\u20ac offert pour votre 1er Pari sur la Politique, le Sport! Guide du Bookmaker pour profiter du Bonus de bienvenue...","robots":{"index":"index","follow":"follow","max-snippet":"max-snippet:-1","max-image-preview":"max-image-preview:large","max-video-preview":"max-video-preview:-1"},"canonical":"https:\/\/parier-presidentielle.com\/tr\/betclic-baskanlik-2022\/","og_locale":"tr_TR","og_type":"article","og_title":"Betclic : Parier sur l\u2019\u00e9lection Pr\u00e9sidentielle 2022","og_description":"Parier avec Betclic 100\u20ac offert pour votre 1er Pari sur la Politique, le Sport! Guide du Bookmaker pour profiter du Bonus de bienvenue...","og_url":"https:\/\/parier-presidentielle.com\/tr\/betclic-baskanlik-2022\/","og_site_name":"Parier Pr\u00e9sidentielle","article_modified_time":"2022-12-16T17:12:01+00:00","og_image":[{"url":"https:\/\/parier-presidentielle.com\/wp-content\/uploads\/2021\/09\/image-4-1024x872.png"}],"twitter_card":"summary_large_image","twitter_misc":{"Est. reading time":"5 dakika"},"schema":{"@context":"https:\/\/schema.org","@graph":[{"@type":"WebPage","@id":"https:\/\/parier-presidentielle.com\/betclic-presidentielle-2022\/","url":"https:\/\/parier-presidentielle.com\/betclic-presidentielle-2022\/","name":"Betclic : Parier sur l\u2019\u00e9lection Pr\u00e9sidentielle 2022 - Finale Coupe du Monde FIFA","isPartOf":{"@id":"https:\/\/parier-presidentielle.com\/#website"},"datePublished":"2021-09-14T14:33:07+00:00","dateModified":"2022-12-16T17:12:01+00:00","description":"Parier avec Betclic 100\u20ac offert pour votre 1er Pari sur la Politique, le Sport! Guide du Bookmaker pour profiter du Bonus de bienvenue...","breadcrumb":{"@id":"https:\/\/parier-presidentielle.com\/betclic-presidentielle-2022\/#breadcrumb"},"inLanguage":"tr","potentialAction":[{"@type":"ReadAction","target":["https:\/\/parier-presidentielle.com\/betclic-presidentielle-2022\/"]}]},{"@type":"BreadcrumbList","@id":"https:\/\/parier-presidentielle.com\/betclic-presidentielle-2022\/#breadcrumb","itemListElement":[{"@type":"ListItem","position":1,"name":"Accueil","item":"https:\/\/parier-presidentielle.com\/"},{"@type":"ListItem","position":2,"name":"Betclic : Parier sur l\u2019\u00e9lection Pr\u00e9sidentielle 2022"}]},{"@type":"WebSite","@id":"https:\/\/parier-presidentielle.com\/#website","url":"https:\/\/parier-presidentielle.com\/","name":"Parier Pr\u00e9sidentielle","description":"Paris, Pronostics, Wiki sur la Politique, les Elections Am\u00e9ricaines: Joe Biden, Donald Trump avec les Bookmakers en ligne Unibet, Bwin, Betclic, Winamax","potentialAction":[{"@type":"SearchAction","target":{"@type":"EntryPoint","urlTemplate":"https:\/\/parier-presidentielle.com\/?s={search_term_string}"},"query-input":"required name=search_term_string"}],"inLanguage":"tr"}]}},"_links":{"self":[{"href":"https:\/\/parier-presidentielle.com\/tr\/wp-json\/wp\/v2\/pages\/235"}],"collection":[{"href":"https:\/\/parier-presidentielle.com\/tr\/wp-json\/wp\/v2\/pages"}],"about":[{"href":"https:\/\/parier-presidentielle.com\/tr\/wp-json\/wp\/v2\/types\/page"}],"author":[{"embeddable":true,"href":"https:\/\/parier-presidentielle.com\/tr\/wp-json\/wp\/v2\/users\/1"}],"replies":[{"embeddable":true,"href":"https:\/\/parier-presidentielle.com\/tr\/wp-json\/wp\/v2\/comments?post=235"}],"version-history":[{"count":39,"href":"https:\/\/parier-presidentielle.com\/tr\/wp-json\/wp\/v2\/pages\/235\/revisions"}],"predecessor-version":[{"id":1825,"href":"https:\/\/parier-presidentielle.com\/tr\/wp-json\/wp\/v2\/pages\/235\/revisions\/1825"}],"wp:attachment":[{"href":"https:\/\/parier-presidentielle.com\/tr\/wp-json\/wp\/v2\/media?parent=235"}],"curies":[{"name":"wp","href":"https:\/\/api.w.org\/{rel}","templated":true}]}}