{"id":24,"date":"2021-08-31T11:54:03","date_gmt":"2021-08-31T09:54:03","guid":{"rendered":"http:\/\/parier-presidentielle.com\/?page_id=24"},"modified":"2023-09-12T23:05:44","modified_gmt":"2023-09-12T21:05:44","slug":"parier-sur-lelection-presidentielle-de-2022-politique-paris","status":"publish","type":"page","link":"https:\/\/parier-presidentielle.com\/tr\/","title":{"rendered":"En iyi Bahis\u00e7iler ile Politika ve Se\u00e7imlere Bahis Yap\u0131n: Unibet, Bwin"},"content":{"rendered":"<div class=\"wp-block-group is-layout-flow wp-block-group-is-layout-flow\"><div class=\"wp-block-group__inner-container\">\n<div class=\"wp-block-columns is-layout-flex wp-container-3 wp-block-columns-is-layout-flex\">\n<div class=\"wp-block-column is-layout-flow wp-block-column-is-layout-flow\" style=\"flex-basis:100%\">\n<div class=\"wp-block-group alignwide is-layout-flow wp-block-group-is-layout-flow\"><div class=\"wp-block-group__inner-container\">\n<div class=\"wp-block-media-text alignwide is-stacked-on-mobile is-vertically-aligned-top\" style=\"grid-template-columns:35% auto\"><figure class=\"wp-block-media-text__media\"><img decoding=\"async\" loading=\"lazy\" width=\"1024\" height=\"711\" src=\"https:\/\/parier-presidentielle.com\/wp-content\/uploads\/2022\/12\/biden-vs-trump-1024x711.jpeg\" alt=\"\" class=\"wp-image-1865 size-full\" srcset=\"https:\/\/parier-presidentielle.com\/wp-content\/uploads\/2022\/12\/biden-vs-trump-1024x711.jpeg 1024w, https:\/\/parier-presidentielle.com\/wp-content\/uploads\/2022\/12\/biden-vs-trump-300x208.jpeg 300w, https:\/\/parier-presidentielle.com\/wp-content\/uploads\/2022\/12\/biden-vs-trump-768x533.jpeg 768w, https:\/\/parier-presidentielle.com\/wp-content\/uploads\/2022\/12\/biden-vs-trump-1536x1066.jpeg 1536w, https:\/\/parier-presidentielle.com\/wp-content\/uploads\/2022\/12\/biden-vs-trump-2048x1422.jpeg 2048w, https:\/\/parier-presidentielle.com\/wp-content\/uploads\/2022\/12\/biden-vs-trump-18x12.jpeg 18w\" sizes=\"(max-width: 1024px) 100vw, 1024px\" \/><\/figure><div class=\"wp-block-media-text__content\">\n<p style=\"font-size:18px\"><strong>Bet Presidential, Unibet, Betclic, Bwin gibi bahis\u00e7ilerle ilk bahsiniz s\u0131ras\u0131nda size rehberlik edecek referans sitesidir... Siyaset ve Fransa, Amerika ve Uluslararas\u0131 Ba\u015fkanl\u0131k se\u00e7imleri \u00fczerine<\/strong>.<br><br><strong>Amerika Birle\u015fik Devletleri&#039;nin M\u00fcstakbel Ba\u015fkan\u0131 ve \u0130kinci Turun Galibi Joe Biden \u00dczerine Bahis Yapma Rehberi ve Bonuslar\u0131<\/strong> <strong>Macron veya Donald Trump!<\/strong><\/p>\n<\/div><\/div>\n<\/div><\/div>\n<\/div>\n<\/div>\n<\/div><\/div>\n\n\n\n<div class=\"wp-block-group is-layout-flow wp-block-group-is-layout-flow\"><div class=\"wp-block-group__inner-container\">\n<div class=\"wp-block-columns is-layout-flex wp-container-8 wp-block-columns-is-layout-flex\">\n<div class=\"wp-block-column is-layout-flow wp-block-column-is-layout-flow\" style=\"flex-basis:100%\">\n<div class=\"wp-block-columns is-layout-flex wp-container-6 wp-block-columns-is-layout-flex\">\n<div class=\"wp-block-column is-layout-flow wp-block-column-is-layout-flow\" style=\"flex-basis:100%\">\n<center><script type=\"text\/javascript\" charset=\"utf-8\" src=\"https:\/\/www.gambling-affiliation.com\/cpm\/v=AmIMTDSs92QY6b0MzDMvM5laCjJ-ZlA-1oQ-7tKsi.w_GA7331V2\"><\/script><\/center>\n\n\n\n<p><\/p>\n\n\n\n<div class=\"wp-block-image is-style-default\"><figure class=\"aligncenter size-medium\"><a href=\"https:\/\/parier-presidentielle.com\/tr\/recommends\/unibet-logo\/\" target=\"_blank\" rel=\"no follow noopener\"><img decoding=\"async\" loading=\"lazy\" width=\"300\" height=\"169\" src=\"https:\/\/parier-presidentielle.com\/wp-content\/uploads\/2022\/04\/unibet-300x169.jpg\" alt=\"\" class=\"wp-image-1252\" srcset=\"https:\/\/parier-presidentielle.com\/wp-content\/uploads\/2022\/04\/unibet-300x169.jpg 300w, https:\/\/parier-presidentielle.com\/wp-content\/uploads\/2022\/04\/unibet-1024x576.jpg 1024w, https:\/\/parier-presidentielle.com\/wp-content\/uploads\/2022\/04\/unibet-768x432.jpg 768w, https:\/\/parier-presidentielle.com\/wp-content\/uploads\/2022\/04\/unibet-18x10.jpg 18w, https:\/\/parier-presidentielle.com\/wp-content\/uploads\/2022\/04\/unibet.jpg 1280w\" sizes=\"(max-width: 300px) 100vw, 300px\" \/><\/a><\/figure><\/div>\n<\/div>\n<\/div>\n<\/div>\n<\/div>\n\n\n\n<h2 class=\"wp-block-heading\"><span id=\"guide-et-bonus-pour-parier-sur-le-futur-president-des-etats-unis-joe-biden-ou-donald-trump\">Amerika Birle\u015fik Devletleri&#039;nin gelecekteki ba\u015fkan\u0131na bahis yapmak i\u00e7in k\u0131lavuz ve bonus: Joe Biden veya Donald Trump <\/span><\/h2>\n\n\n\n<p>Amerika Birle\u015fik Devletleri&#039;ndeki ba\u015fkanl\u0131k se\u00e7imi, bir sonraki ba\u015fkan\u0131n se\u00e7imi \u00fclkenin gelece\u011fi \u00fczerinde \u00f6nemli bir etkiye sahip olabilecek \u00f6nemli bir olay oldu\u011fu i\u00e7in d\u00fcnya \u00e7ap\u0131nda dikkat \u00e7ekiyor. 2020 y\u0131l\u0131nda <strong>Joe Biden<\/strong> cumhurba\u015fkan\u0131 se\u00e7ilen devir kapand\u0131 <strong>koz<\/strong> ve Amerikan siyasetine yeni bir hayat getirmek. Ancak bu, bahis\u00e7ilerin bir sonraki cumhurba\u015fkanl\u0131\u011f\u0131 se\u00e7imlerinde, \u00f6zellikle 2024 se\u00e7imlerinde oranlar\u0131n\u0131n olmad\u0131\u011f\u0131 anlam\u0131na gelmez. Unibet, Betclic ve Bwin gibi bir\u00e7ok \u00e7evrimi\u00e7i bahis sitesi, Joe dahil olmak \u00fczere \u00e7e\u015fitli cumhurba\u015fkanl\u0131\u011f\u0131 adaylar\u0131 i\u00e7in oranlar sunar. Biden ve Donald Trump.<\/p>\n\n\n\n<h2 class=\"wp-block-heading\"><span id=\"voici-donc-un-guide-pour-vous-aider-a-parier-sur-le-futur-president-des-etats-unis\">\u0130\u015fte Amerika Birle\u015fik Devletleri&#039;nin gelecekteki ba\u015fkan\u0131na bahse girmenize yard\u0131mc\u0131 olacak bir rehber:<\/span><\/h2>\n\n\n\n<p><strong>Farkl\u0131 adaylar ve politikalar\u0131 hakk\u0131nda bilgi edinin<\/strong> Bir bahis karar\u0131 vermeden \u00f6nce farkl\u0131 adaylar ve politikalar\u0131 hakk\u0131nda bilgi edinmek \u00f6nemlidir. Bu, kilit konulardaki tutumlar\u0131n\u0131 ve kendi de\u011fer ve inan\u00e7lar\u0131n\u0131zla uyumlu olup olmad\u0131klar\u0131n\u0131 daha iyi anlaman\u0131za olanak sa\u011flayacakt\u0131r. <strong>Bahis\u00e7iler taraf\u0131ndan sunulan oranlara bak\u0131n<\/strong> Bahis\u00e7iler genellikle \u00e7e\u015fitli ba\u015fkan adaylar\u0131 i\u00e7in oranlar sunar. Bu oranlar, her aday\u0131n se\u00e7imi kazanma olas\u0131l\u0131\u011f\u0131n\u0131 g\u00f6sterir ve anketlere, siyasi analizlere ve ekonominin durumuna ve ayr\u0131ca nihai sonucu etkileyebilecek di\u011fer fakt\u00f6rlere dayan\u0131r. <strong>Sorumlu bahis yap\u0131n<\/strong> Cumhurba\u015fkanl\u0131\u011f\u0131 se\u00e7imlerinde bahis oynaman\u0131n riskli olabilece\u011fini ve her zaman sorumlu bir \u015fekilde bahis oynaman\u0131z gerekti\u011fini unutmamak \u00f6nemlidir. Yaln\u0131zca kaybetmeyi g\u00f6ze alabilece\u011finiz kadar bahis yapt\u0131\u011f\u0131n\u0131zdan ve her bahis\u00e7inin belirledi\u011fi bahis limitlerine ba\u011fl\u0131 kald\u0131\u011f\u0131n\u0131zdan emin olun. <strong>Siyasi olaylar\u0131 ve anketleri takip edin<\/strong> Son geli\u015fmelerden haberdar olmak, siyasi olaylar\u0131 ve anketleri takip etmek \u00f6nemlidir.<\/p>\n\n\n\n<ul><li><a href=\"https:\/\/thcp.wiki\/tr\/haber-thcp\/thcv-and-the-pardon-of-cannabis\/\">THCV&#039;nin Ye\u015fil Adaleti ve Esrar\u0131n Ba\u011f\u0131\u015flanmas\u0131<\/a><\/li><li><a href=\"https:\/\/thcp.wiki\/tr\/haber-thcp\/esrarin-thcp-thcv-gizli-harikalari\/\">Esrar\u0131n Gizli Harikalar\u0131: THCP, THCV<\/a><\/li><li><a href=\"https:\/\/thcp.wiki\/tr\/haber-thcp\/thcp-thcv-esrar-reformunun-arkasindaki-gizli-faydalari\/\">THCP, THCV: Esrar reformun ard\u0131ndaki gizli faydalar<\/a><\/li><\/ul>\n\n\n\n<p>Bu nedenle, gelece\u011fin ba\u015fkan\u0131 hakk\u0131nda do\u011fru Bahis\u00e7iyle (Bwin, Unibet, Betclic\u2026) bahis yapmak b\u00fcy\u00fck kazan\u00e7 sa\u011flayabilir \u00e7\u00fcnk\u00fc anketler veya siyasi g\u00f6r\u00fc\u015fler genellikle yan\u0131lt\u0131c\u0131 \u00e7\u0131k\u0131yor! Bu nedenle, iyi bahis oynamak ve kazanmak i\u00e7in, Cumhurba\u015fkanl\u0131\u011f\u0131 se\u00e7imi i\u00e7in \u00f6zel sitemizde \u00fccretsiz dosyalar\u0131m\u0131z\u0131 bulun.  <\/p>\n\n\n\n<h3 class=\"wp-block-heading\"><span id=\"les-specificite-du-paris-politique\">Politik Paris&#039;in \u00d6zellikleri<\/span><\/h3>\n\n\n\n<p>\u0130lk ad\u0131m, bahislerin nas\u0131l \u00e7al\u0131\u015ft\u0131\u011f\u0131n\u0131 anlamakt\u0131r. En yayg\u0131n bahisler, hangi adaylar\u0131n se\u00e7imi kazanma \u015fans\u0131n\u0131n en y\u00fcksek oldu\u011fu \u00fczerinedir. Favori adaya (kazanaca\u011f\u0131n\u0131 d\u00fc\u015f\u00fcnd\u00fc\u011f\u00fcn\u00fcz aday) veya zay\u0131f adaya (favori olmayan aday) bahis oynayabilirsiniz.<\/p>\n\n\n\n<p>Favori \u00fczerine bahse girerseniz, kazan\u0131rsan\u0131z k\u00fc\u00e7\u00fck bir miktar para al\u0131rs\u0131n\u0131z \u00e7\u00fcnk\u00fc bu aday\u0131n se\u00e7ilme olas\u0131l\u0131\u011f\u0131 \u00e7ok y\u00fcksektir. Zay\u0131f bir oyuncuya bahse girerseniz, o kazan\u0131rsa daha fazla para al\u0131rs\u0131n\u0131z, \u00e7\u00fcnk\u00fc bu ihtimal daha d\u00fc\u015f\u00fckt\u00fcr. \u0130yi haber Unibet, ilk bahsiniz i\u00e7in size 150 \u20ac&#039;ya kadar geri \u00f6deme yapmay\u0131 teklif ediyor, b\u00f6ylece riskiniz s\u0131n\u0131rl\u0131 kal\u0131yor!<\/p>\n\n\n\n<h2 class=\"wp-block-heading\" id=\"fdquelle-est-le-meilleur-site-de-paris-en-ligne-bookmaker-pour-la-politique\"><span id=\"quelle-est-le-meilleur-site-de-paris-en-ligne-bookmaker-pour-la-politique\">Politika i\u00e7in en iyi \u00c7evrimi\u00e7i Bahis \/ Bahis sitesi hangisidir?<\/span><\/h2>\n\n\n\n<p><\/p>\n\n\n\n<p>T\u0131pk\u0131 spor bahislerinde oldu\u011fu gibi, siyaset bahislerinde de art\u0131k m\u00fcmk\u00fcn, \u00f6zellikle bahis\u00e7iler yeni oyuncular\u0131 ve bahis\u00e7ileri \u00e7ekmek i\u00e7in ilgin\u00e7 oranlar sunuyor!  <br>2022&#039;de Fransa&#039;n\u0131n gelecekteki Cumhurba\u015fkan\u0131na bahis oynamak i\u00e7in farkl\u0131 Bahis\u00e7iler aras\u0131ndan se\u00e7iminizi yap\u0131n: <\/p>\n\n\n\n<ul>\n<li><mark style=\"background-color:rgba(0, 0, 0, 0);color:#0d7a12\" class=\"has-inline-color\"><strong>Unibet: \u00d6nerdi\u011fimiz bahis\u00e7inin en iyi Oranlar\u0131 ve Bonuslar\u0131<\/strong><\/mark>!<\/li>\n\n\n\n<li>Bwin: En eski bahis sitesi<\/li>\n\n\n\n<li>Betclic: Meydan okuyan<\/li>\n\n\n\n<li>NetBet: Bloktaki yeni \u00e7ocuk<\/li>\n\n\n\n<li>Winamax: Pokerde referans<\/li>\n\n\n\n<li>1xBit: Orijinal, Bitcoin&#039;de oynamay\u0131 ve kazanmay\u0131 sunan tek ki\u015fi<\/li>\n\n\n\n<li><a href=\"https:\/\/wikihhc.com\/\">HHC <\/a>: HHC referans wiki&#039;si<\/li>\n<\/ul>\n\n\n\n<h2 class=\"wp-block-heading\" id=\"comment-realiser-son-premier-paris-en-ligne\"><span id=\"comment-realiser-son-premier-paris-en-ligne\">\u00c7evrimi\u00e7i ilk bahsinizi nas\u0131l yapars\u0131n\u0131z?<\/span><\/h2>\n\n\n\n<p>Ad\u0131m ad\u0131m ve en iyi \u00e7evrimi\u00e7i bahis\u00e7i siteleri ve uygulamalar\u0131yla \u00e7evrimi\u00e7i bahis yapmaya ba\u015flamak i\u00e7in \u00fccretsiz k\u0131lavuzumuzu bulun. Elys\u00e9e&#039;deki yar\u0131\u015f i\u00e7in t\u00fcm k\u0131y\u0131lar ve tahminlerimiz.<\/p>\n\n\n\n<p class=\"has-text-align-center unibet\" style=\"font-size:25px\"><mark style=\"background-color:rgba(0, 0, 0, 0);color:#0d7a12\" class=\"has-inline-color\"><strong><a href=\"https:\/\/parier-presidentielle.com\/tr\/recommends\/unibet-text\/\">Unibet ile sunulan 100 \u20ac Bonus <br>\u0130lk \u00e7evrimi\u00e7i bahsiniz i\u00e7in: Buraya t\u0131klay\u0131n<\/a><\/strong><\/mark><\/p>\n\n\n\n<h2 class=\"wp-block-heading\" id=\"les-candidats-2022-a-la-presidentielle\"><span id=\"les-candidats-2022-a-la-presidentielle\">2022 cumhurba\u015fkan\u0131 adaylar\u0131<\/span><\/h2>\n\n\n\n<p>10 Nisan&#039;daki s\u00fcrpriz ilk turun ard\u0131ndan 24 Nisan 2022 Pazar g\u00fcn\u00fc ikinci tur yap\u0131lacak! <br>Anketler, Macron&#039;un bahis\u00e7iler aras\u0131ndaki \u015fans\u0131n\u0131 de\u011fi\u015ftiren Ukrayna&#039;daki sava\u015f gibi g\u00fcncel olaylara ve di\u011fer d\u00f6neme\u00e7lere ba\u011fl\u0131 olarak durumu her hafta de\u011fi\u015ftirir, Bwin, Unibet, Betclic bahis\u00e7ileri i\u00e7in t\u00fcm tahminleri ve oranlar\u0131 \u00e7evrimi\u00e7i olarak \u00fccretsiz olarak bulun 2022 cumhurba\u015fkanl\u0131\u011f\u0131 se\u00e7imlerinin ikinci tur finalistlerinin gelecekteki galibi:<br>Emmanuel Macron (Cumhuriyet Y\u00fcr\u00fcy\u00fc\u015f\u00fcnde), Marine Le Pen (Ulusal Ralli)<\/p>\n\n\n\n<p>Kaybeden adaylar ve di\u011fer politikac\u0131lar i\u00e7in oylama talimatlar\u0131n\u0131n yan\u0131 s\u0131ra: Val\u00e9rie P\u00e9cresse (Les R\u00e9publicains), Anne Hidalgo (Sosyalist Parti), Jean-Luc M\u00e9lenchon (La France insoumise), Yannick Jadot (Europe-\u00c9cologie-Les Verts) ve yabanc\u0131 adaylar:<br>Christiane Taubira, \u00c9douard Philippe, Nicolas Dupont-Aignan, Nicolas Sarkozy, Benoit Hamon, Fran\u00e7ois Fillon, S\u00e9gol\u00e8ne Royal, Fran\u00e7ois Asselineau (UPR), Fran\u00e7ois Hollande ve gazeteci Eric Zemmour.<\/p>\n\n\n\n<p>Siyasilerin esrar konusundaki g\u00f6r\u00fc\u015fleri neler? : <a href=\"https:\/\/thcv.wiki\/\">Thcv<\/a>, <a href=\"https:\/\/h4cbd.wiki\/\">H4CBD<\/a>, <a href=\"https:\/\/h4cbd.wiki\/\">THCP<\/a>&#8230;<\/p>\n\n\n\n<ul><li><a href=\"https:\/\/wiki-cannabis.com\/tr\/haberler\/esrarin-sirlarini-kesfedin-hhc-h4cbd-thcp-hhcp-o\/\">\u00d6rnekler: HHC, H4CBD, THCP, HHCP-O<\/a><\/li><li><a href=\"https:\/\/wiki-cannabis.com\/tr\/haberler\/cbdnin-kesfi-ot-imparatorlugunda-yesil-bir-devrim\/\">H4CBD, THCP, HHC&#039;nin Ke\u015ffi: Ot \u0130mparatorlu\u011funda Ye\u015fil Bir Devrim<\/a><\/li><li><a href=\"https:\/\/wiki-cannabis.com\/tr\/haberler\/esrar-ve-yeni-cbd-h4cbd-thcp-hhc\/\">Esrar ve yeni CBD&#039;ler: H4CBD, THCP, HHC<\/a><\/li><\/ul>\n\n\n\n<h2 class=\"wp-block-heading\"><span id=\"les-dossiers-de-parier-presidentiellecom\"><br>Parier-Pr\u00e9sidentielle.com dosyalar\u0131<\/span><\/h2>\n\n\n\n<h2 class=\"wp-block-heading\"><span id=\"i\"> <\/span><\/h2>\n\n\n\n<h3 class=\"wp-block-heading\"><span id=\"selection-des-meilleurs-bookmakers\">En iyi Bahis\u00e7ilerin se\u00e7imi<\/span><\/h3>\n\n\n\n<ul>\n<li><strong><a href=\"https:\/\/parier-presidentielle.com\/tr\/unibet-policy-secim-2022\/\">Unibet: Cumhurba\u015fkanl\u0131\u011f\u0131 Se\u00e7imi i\u00e7in Online Bahis<\/a><\/strong><\/li>\n\n\n\n<li><a href=\"https:\/\/parier-presidentielle.com\/tr\/bwin-policy-secim-2022\/\"><strong>Bwin <\/strong>: Bahis \u015firketi 2022 Ba\u015fkanl\u0131k se\u00e7imine bahis oynayacak<\/a>\n<ul>\n<li><a href=\"https:\/\/parier-presidentielle.com\/tr\/bwin-politika-bahisleri\/\">Bwin: Politika Bahisleri<\/a><\/li>\n<\/ul>\n<\/li>\n\n\n\n<li><a href=\"https:\/\/parier-presidentielle.com\/tr\/betclic-baskanlik-2022\/\">Betclic: 2022 Cumhurba\u015fkanl\u0131\u011f\u0131 se\u00e7imine bahis yap\u0131n<\/a><\/li>\n\n\n\n<li><a href=\"https:\/\/parier-presidentielle.com\/tr\/netbet-paris-politika-secim-2022\/\">NetBet: Bahis\u00e7i<\/a><\/li>\n\n\n\n<li><a href=\"https:\/\/parier-presidentielle.com\/tr\/1xbit-politikasi\/\">1xBit: Kripto Para Birimi ile Oynay\u0131n<\/a><\/li>\n\n\n\n<li>bahis yolu<\/li>\n<\/ul>\n\n\n\n<h3 class=\"wp-block-heading\"><span id=\"comparatif-des-site-de-paris\">Bahis sitelerinin kar\u015f\u0131la\u015ft\u0131r\u0131lmas\u0131<\/span><\/h3>\n\n\n\n<ul>\n<li><a href=\"https:\/\/parier-presidentielle.com\/tr\/bahisci-secim-siyaset-2022\/\">Bahis\u00e7i: Siyaset ve 2022 cumhurba\u015fkanl\u0131\u011f\u0131 se\u00e7imleri i\u00e7in en iyi bahis hangisi?<\/a><\/li>\n\n\n\n<li><a href=\"https:\/\/parier-presidentielle.com\/tr\/bahisciler-macron-le-kalem\/\">Macron \u2013 Le Pen ma\u00e7\u0131n\u0131n siyasi finali i\u00e7in bahis\u00e7ilerin oranlar\u0131<\/a><\/li>\n<\/ul>\n\n\n\n<h3 class=\"wp-block-heading\"><span id=\"les-candidats-toutes-les-cotes-sondages-et-nos-pronotics\">Adaylar: t\u00fcm olas\u0131l\u0131klar, anketler ve tahminlerimiz<\/span><\/h3>\n\n\n\n<ul>\n<li><a href=\"https:\/\/parier-presidentielle.com\/tr\/macron-secim\/\">Emmanuel Macron se\u00e7imin favorisi<\/a><\/li>\n\n\n\n<li><a href=\"https:\/\/parier-presidentielle.com\/tr\/marine-le-pen-secim\/\">Paris, Marine Le Pen&#039;in se\u00e7ilmesi \u00fczerine<\/a><\/li>\n\n\n\n<li><a href=\"https:\/\/parier-presidentielle.com\/tr\/macron-le-kalem-bahisci\/\">Macron \u2013 Le Pen: Bahis\u00e7iler oranlar\u0131n\u0131 veriyor<\/a><\/li>\n\n\n\n<li><a href=\"https:\/\/parier-presidentielle.com\/tr\/plan\/\">site haritas\u0131<\/a><\/li>\n<\/ul>\n<\/div><\/div>\n\n\n\n<p class=\"has-text-align-center\" style=\"font-size:25px\"><\/p>\n\n\n\n\n<div class=\"wp-block-image\">\n<figure class=\"aligncenter size-large is-resized wp-duotone-000097-ff4747-10\"><img decoding=\"async\" loading=\"lazy\" src=\"https:\/\/parier-presidentielle.com\/wp-content\/uploads\/2021\/09\/election-standard-scale-4_00x-gigapixel-1024x623.jpg\" alt=\"\" class=\"wp-image-188\" style=\"width:256px;height:156px\" width=\"256\" height=\"156\" srcset=\"https:\/\/parier-presidentielle.com\/wp-content\/uploads\/2021\/09\/election-standard-scale-4_00x-gigapixel-1024x623.jpg 1024w, https:\/\/parier-presidentielle.com\/wp-content\/uploads\/2021\/09\/election-standard-scale-4_00x-gigapixel-300x182.jpg 300w, https:\/\/parier-presidentielle.com\/wp-content\/uploads\/2021\/09\/election-standard-scale-4_00x-gigapixel-768x467.jpg 768w, https:\/\/parier-presidentielle.com\/wp-content\/uploads\/2021\/09\/election-standard-scale-4_00x-gigapixel-1536x934.jpg 1536w, https:\/\/parier-presidentielle.com\/wp-content\/uploads\/2021\/09\/election-standard-scale-4_00x-gigapixel-2048x1245.jpg 2048w\" sizes=\"(max-width: 256px) 100vw, 256px\" \/><\/figure><\/div><div id=\"toc_container\" class=\"no_bullets\"><p class=\"toc_title\">\u0130\u00e7indekiler<\/p><ul class=\"toc_list\"><li><\/li><li><ul><li><\/li><\/ul><\/li><li><\/li><li><\/li><li><\/li><li><\/li><li><ul><li><\/li><li><\/li><li><\/li><\/ul><\/li><\/ul><\/div>","protected":false},"excerpt":{"rendered":"<p>Bet Presidential, Unibet, Betclic, Bwin gibi bahis\u00e7iler ile Politika ve Fransa, Amerika ve Uluslararas\u0131 Ba\u015fkanl\u0131k se\u00e7imleri \u00fczerine ilk bahsiniz s\u0131ras\u0131nda size rehberlik edecek referans sitesidir. Amerika Birle\u015fik Devletleri&#039;nin Gelecekteki Ba\u015fkan\u0131 ve \u0130kinci Turun Kazanan\u0131 \u00dczerine Bahis Yapma K\u0131lavuzu ve Bonusu: Joe Biden Macron veya Donald \u2026<\/p>","protected":false},"author":1,"featured_media":0,"parent":0,"menu_order":0,"comment_status":"closed","ping_status":"closed","template":"page-nosidebar.php","meta":{"footnotes":""},"yoast_head":"<!-- This site is optimized with the Yoast SEO Premium plugin v21.0 (Yoast SEO v21.0) - https:\/\/yoast.com\/wordpress\/plugins\/seo\/ -->\n<title>Parier Politique &amp; Elections : Cotes &amp; Bonus des Bookmakers<\/title>\n<meta name=\"description\" content=\"Pariez sur toutes les \u00e9lections Am\u00e9ricaines, Fran\u00e7aises : Guide des Bookmakers, Pronostics, 100\u20ac de Bonus Exclusif offert ici !\" \/>\n<meta name=\"robots\" content=\"index, follow, max-snippet:-1, max-image-preview:large, max-video-preview:-1\" \/>\n<link rel=\"canonical\" href=\"https:\/\/parier-presidentielle.com\/tr\/\" \/>\n<meta property=\"og:locale\" content=\"tr_TR\" \/>\n<meta property=\"og:type\" content=\"article\" \/>\n<meta property=\"og:title\" content=\"Parier sur la Politique et les Elections avec les meilleurs Bookmakers : Unibet, Bwin\" \/>\n<meta property=\"og:description\" content=\"Pariez sur toutes les \u00e9lections Am\u00e9ricaines, Fran\u00e7aises : Guide des Bookmakers, Pronostics, 100\u20ac de Bonus Exclusif offert ici !\" \/>\n<meta property=\"og:url\" content=\"https:\/\/parier-presidentielle.com\/tr\/\" \/>\n<meta property=\"og:site_name\" content=\"Parier Pr\u00e9sidentielle\" \/>\n<meta property=\"article:modified_time\" content=\"2023-09-12T21:05:44+00:00\" \/>\n<meta property=\"og:image\" content=\"https:\/\/parier-presidentielle.com\/wp-content\/uploads\/2022\/12\/biden-vs-trump-1024x711.jpeg\" \/>\n<meta name=\"twitter:card\" content=\"summary_large_image\" \/>\n<meta name=\"twitter:label1\" content=\"Est. reading time\" \/>\n\t<meta name=\"twitter:data1\" content=\"6 dakika\" \/>\n<script type=\"application\/ld+json\" class=\"yoast-schema-graph\">{\"@context\":\"https:\/\/schema.org\",\"@graph\":[{\"@type\":\"WebPage\",\"@id\":\"https:\/\/parier-presidentielle.com\/\",\"url\":\"https:\/\/parier-presidentielle.com\/\",\"name\":\"Parier Politique & Elections : Cotes & Bonus des Bookmakers\",\"isPartOf\":{\"@id\":\"https:\/\/parier-presidentielle.com\/#website\"},\"datePublished\":\"2021-08-31T09:54:03+00:00\",\"dateModified\":\"2023-09-12T21:05:44+00:00\",\"description\":\"Pariez sur toutes les \u00e9lections Am\u00e9ricaines, Fran\u00e7aises : Guide des Bookmakers, Pronostics, 100\u20ac de Bonus Exclusif offert ici !\",\"breadcrumb\":{\"@id\":\"https:\/\/parier-presidentielle.com\/#breadcrumb\"},\"inLanguage\":\"tr\",\"potentialAction\":[{\"@type\":\"ReadAction\",\"target\":[\"https:\/\/parier-presidentielle.com\/\"]}]},{\"@type\":\"BreadcrumbList\",\"@id\":\"https:\/\/parier-presidentielle.com\/#breadcrumb\",\"itemListElement\":[{\"@type\":\"ListItem\",\"position\":1,\"name\":\"Accueil\",\"item\":\"https:\/\/parier-presidentielle.com\/\"},{\"@type\":\"ListItem\",\"position\":2,\"name\":\"Parier sur la Politique et les Elections avec les meilleurs Bookmakers : Unibet, Bwin\"}]},{\"@type\":\"WebSite\",\"@id\":\"https:\/\/parier-presidentielle.com\/#website\",\"url\":\"https:\/\/parier-presidentielle.com\/\",\"name\":\"Parier Pr\u00e9sidentielle\",\"description\":\"Paris, Pronostics, Wiki sur la Politique, les Elections Am\u00e9ricaines: Joe Biden, Donald Trump avec les Bookmakers en ligne Unibet, Bwin, Betclic, Winamax\",\"potentialAction\":[{\"@type\":\"SearchAction\",\"target\":{\"@type\":\"EntryPoint\",\"urlTemplate\":\"https:\/\/parier-presidentielle.com\/?s={search_term_string}\"},\"query-input\":\"required name=search_term_string\"}],\"inLanguage\":\"tr\"}]}<\/script>\n<!-- \/ Yoast SEO Premium plugin. -->","yoast_head_json":{"title":"Parier Politique & Elections : Cotes & Bonus des Bookmakers","description":"Pariez sur toutes les \u00e9lections Am\u00e9ricaines, Fran\u00e7aises : Guide des Bookmakers, Pronostics, 100\u20ac de Bonus Exclusif offert ici !","robots":{"index":"index","follow":"follow","max-snippet":"max-snippet:-1","max-image-preview":"max-image-preview:large","max-video-preview":"max-video-preview:-1"},"canonical":"https:\/\/parier-presidentielle.com\/tr\/","og_locale":"tr_TR","og_type":"article","og_title":"Parier sur la Politique et les Elections avec les meilleurs Bookmakers : Unibet, Bwin","og_description":"Pariez sur toutes les \u00e9lections Am\u00e9ricaines, Fran\u00e7aises : Guide des Bookmakers, Pronostics, 100\u20ac de Bonus Exclusif offert ici !","og_url":"https:\/\/parier-presidentielle.com\/tr\/","og_site_name":"Parier Pr\u00e9sidentielle","article_modified_time":"2023-09-12T21:05:44+00:00","og_image":[{"url":"https:\/\/parier-presidentielle.com\/wp-content\/uploads\/2022\/12\/biden-vs-trump-1024x711.jpeg"}],"twitter_card":"summary_large_image","twitter_misc":{"Est. reading time":"6 dakika"},"schema":{"@context":"https:\/\/schema.org","@graph":[{"@type":"WebPage","@id":"https:\/\/parier-presidentielle.com\/","url":"https:\/\/parier-presidentielle.com\/","name":"Parier Politique & Elections : Cotes & Bonus des Bookmakers","isPartOf":{"@id":"https:\/\/parier-presidentielle.com\/#website"},"datePublished":"2021-08-31T09:54:03+00:00","dateModified":"2023-09-12T21:05:44+00:00","description":"Pariez sur toutes les \u00e9lections Am\u00e9ricaines, Fran\u00e7aises : Guide des Bookmakers, Pronostics, 100\u20ac de Bonus Exclusif offert ici !","breadcrumb":{"@id":"https:\/\/parier-presidentielle.com\/#breadcrumb"},"inLanguage":"tr","potentialAction":[{"@type":"ReadAction","target":["https:\/\/parier-presidentielle.com\/"]}]},{"@type":"BreadcrumbList","@id":"https:\/\/parier-presidentielle.com\/#breadcrumb","itemListElement":[{"@type":"ListItem","position":1,"name":"Accueil","item":"https:\/\/parier-presidentielle.com\/"},{"@type":"ListItem","position":2,"name":"Parier sur la Politique et les Elections avec les meilleurs Bookmakers : Unibet, Bwin"}]},{"@type":"WebSite","@id":"https:\/\/parier-presidentielle.com\/#website","url":"https:\/\/parier-presidentielle.com\/","name":"Parier Pr\u00e9sidentielle","description":"Paris, Pronostics, Wiki sur la Politique, les Elections Am\u00e9ricaines: Joe Biden, Donald Trump avec les Bookmakers en ligne Unibet, Bwin, Betclic, Winamax","potentialAction":[{"@type":"SearchAction","target":{"@type":"EntryPoint","urlTemplate":"https:\/\/parier-presidentielle.com\/?s={search_term_string}"},"query-input":"required name=search_term_string"}],"inLanguage":"tr"}]}},"_links":{"self":[{"href":"https:\/\/parier-presidentielle.com\/tr\/wp-json\/wp\/v2\/pages\/24"}],"collection":[{"href":"https:\/\/parier-presidentielle.com\/tr\/wp-json\/wp\/v2\/pages"}],"about":[{"href":"https:\/\/parier-presidentielle.com\/tr\/wp-json\/wp\/v2\/types\/page"}],"author":[{"embeddable":true,"href":"https:\/\/parier-presidentielle.com\/tr\/wp-json\/wp\/v2\/users\/1"}],"replies":[{"embeddable":true,"href":"https:\/\/parier-presidentielle.com\/tr\/wp-json\/wp\/v2\/comments?post=24"}],"version-history":[{"count":194,"href":"https:\/\/parier-presidentielle.com\/tr\/wp-json\/wp\/v2\/pages\/24\/revisions"}],"predecessor-version":[{"id":2483,"href":"https:\/\/parier-presidentielle.com\/tr\/wp-json\/wp\/v2\/pages\/24\/revisions\/2483"}],"wp:attachment":[{"href":"https:\/\/parier-presidentielle.com\/tr\/wp-json\/wp\/v2\/media?parent=24"}],"curies":[{"name":"wp","href":"https:\/\/api.w.org\/{rel}","templated":true}]}}