{"id":255,"date":"2021-09-14T16:48:34","date_gmt":"2021-09-14T14:48:34","guid":{"rendered":"https:\/\/parier-presidentielle.com\/?page_id=255"},"modified":"2022-04-14T15:41:15","modified_gmt":"2022-04-14T13:41:15","slug":"netbet-paris-politique-election-2022","status":"publish","type":"page","link":"https:\/\/parier-presidentielle.com\/tr\/netbet-paris-politika-secim-2022\/","title":{"rendered":"NetBet: Politika ve 2022 Cumhurba\u015fkanl\u0131\u011f\u0131 se\u00e7imleri \u00fczerine bahisler"},"content":{"rendered":"<p> <\/p>\n\n\n\n<a href=\"https:\/\/banners.livepartners.com\/click.php?z=151480\" target=\"_blank\" rel=\"noopener\"><img decoding=\"async\" loading=\"lazy\" src=\"https:\/\/banners.livepartners.com\/view.php?z=151480\" border=\"0\" width=\"728\" height=\"90\"><\/a>\n\n\n\n\n\n<h2 class=\"wp-block-heading\" id=\"quelle-est-l-offre-du-bookmaker-netbet-2022\"><span id=\"quelle-est-l8217offre-du-bookmaker-netbet-2022\">NetBet Bahis \u015eirketi 2022 teklifi nedir?<\/span><\/h2>\n\n\n\n<p class=\"has-text-align-left\">Netbet \u015fu anda \u00e7evrimi\u00e7i 100\u20ac bahis i\u00e7in en iyi bonusu sunuyor!<br>Bu bonusa eri\u015fmek i\u00e7in, ortak ba\u011flant\u0131m\u0131z\u0131 g\u00f6zden ge\u00e7irmeniz yeterlidir:<\/p>\n\n\n\n<h2 class=\"has-text-align-center wp-block-heading\" id=\"100-offerts-sur-votre-1er-pari-cliquez-ici\"><span id=\"100e-offerts-sur-votre-1er-pari-cliquez-ici\"><br><a href=\"https:\/\/banners.livepartners.com\/click.php?z=151505\" target=\"_blank\" rel=\"noreferrer noopener nofollow\">1. bahsiniz i\u00e7in 100 \u20ac teklif edildi! Buraya T\u0131kla<\/a><\/span><\/h2>\n\n\n\n<h3 class=\"wp-block-heading\"><span id=\"i\"><br><\/span><\/h3>\n\n\n\n<h2 class=\"wp-block-heading\" id=\"netbet\"><span id=\"netbet\">NetBet<\/span><\/h2>\n\n\n\n<p><br>NetBet, NetBet Enterprises Ltd.&#039;ye ait bir \u00e7evrimi\u00e7i oyun operat\u00f6r\u00fcd\u00fcr. Platform canl\u0131 ve canl\u0131 spor bahisleri, sanal ma\u00e7lara ve uluslararas\u0131 piyangolara bahis yapma, \u00e7evrimi\u00e7i kumarhane, \u00e7evrimi\u00e7i poker ve canl\u0131 kumarhane platformu sunmaktad\u0131r. \u015eirket, Romanya, Birle\u015fik Krall\u0131k, Almanya, \u0130rlanda ve G\u00fcney Amerika, Japonya ve daha pek \u00e7ok pazar dahil olmak \u00fczere \u00e7e\u015fitli pazarlarda faaliyet g\u00f6stermektedir. NetBet \u0130ngilizce, Almanca, Japonca, \u0130spanyolca, \u0130talyanca, Frans\u0131zca, Yunanca, Romence, Portekizce ve Fince dillerinde mevcuttur. NetBet&#039;in genel merkezi Malta&#039;dad\u0131r ve \u0130ngiltere, Fransa, Romanya ve Amerika Birle\u015fik Devletleri&#039;nde ofisleri bulunmaktad\u0131r. \u015eu anda yakla\u015f\u0131k 500 \u00e7al\u0131\u015fan\u0131 bulunmaktad\u0131r.<\/p>\n\n\n\n<p>NetBet, 2006 y\u0131l\u0131ndan beri Malta&#039;da Avrupa lisans\u0131na sahiptir. NetBet, Birle\u015fik Krall\u0131k Kumar Komisyonu 3637 taraf\u0131ndan lisansl\u0131d\u0131r ve \u0130rlanda, Nijerya, Meksika ve Yunanistan&#039;da lisansl\u0131d\u0131r. \u0130talya ve Fransa&#039;daki \u00e7evrimi\u00e7i kumarhaneler de NetBet Enterprises markas\u0131 alt\u0131nda faaliyet g\u00f6stermektedir. Ayr\u0131ca NetBet, 2015 y\u0131l\u0131nda Romanya&#039;da faaliyet g\u00f6stermek i\u00e7in lisans alarak Romanya&#039;da \u00e7evrimi\u00e7i kumar sunan ilk 3 siteden biri oldu.<\/p>\n\n\n\n<p>NetBet Sport canl\u0131 \u00f6ncesi ve canl\u0131 \u00e7evrimi\u00e7i spor bahisleri sunar. Oyuncular ayr\u0131ca siyaseti ve film ve TV \u00f6d\u00fcllerini kapsayan belirli \u00f6zel pazarlar i\u00e7in eSporlara bahis oynama olana\u011f\u0131na da sahiptir. NetBet, t\u00fcm oyunlar i\u00e7in do\u011fru ve rastgele 100% sonu\u00e7lar\u0131 sa\u011flamak i\u00e7in ayr\u0131 olarak iki rasgele say\u0131 \u00fcreteci kullan\u0131r: ISAAC \u00fcreteci ve bir g\u00fcr\u00fclt\u00fc \u00fcreteci. B\u00f6ylece 2018 y\u0131l\u0131nda oyuncuya RTP getiri katsay\u0131s\u0131 96.65 % oldu.<\/p>\n\n\n\n<p><\/p>\n\n\n\n<h2 class=\"wp-block-heading\" id=\"histoire-du-bookmaker\"><span id=\"histoire-du-bookmaker\">Bahis\u00e7inin Tarihi<\/span><\/h2>\n\n\n\n<p><br>Cosmo Gaming, Temmuz 2006&#039;da kuruldu ve Temmuz 2007&#039;de faaliyete ge\u00e7ti. Mart 2017&#039;de ad\u0131n\u0131 Cosmo Gaming Company&#039;den NetBet Enterprises Limited olarak de\u011fi\u015ftirdi. A\u011fustos 2013&#039;te oyun sa\u011flay\u0131c\u0131s\u0131 iSoftBet, SBTech ile canl\u0131 spor bahisleri hizmetleri sunmak i\u00e7in \u00f6zel bir anla\u015fma imzalad\u0131. NetBet web sitesi.<\/p>\n\n\n\n<p>NetBet, UEFA Euro 2016 s\u0131ras\u0131nda \u00c7ok K\u00fclt\u00fcrl\u00fc \u015eampiyonay\u0131 ba\u015flatt\u0131. Ayn\u0131 y\u0131l NetBet, oyun sa\u011flay\u0131c\u0131s\u0131 Playtech ile alt\u0131 y\u0131ll\u0131k bir s\u00f6zle\u015fme imzalad\u0131. Bu s\u00f6zle\u015fme, \u00f6zel Playtech i\u00e7eri\u011finin NetBet platformunda da\u011f\u0131t\u0131m\u0131n\u0131 sa\u011flar.<\/p>\n\n\n\n<p>2018 D\u00fcnya Kupas\u0131 s\u0131ras\u0131nda NetBet Sport, &quot;\u00c7ok K\u00fclt\u00fcrl\u00fc&quot; serisine \u00c7ok K\u00fclt\u00fcrl\u00fc Kupa ad\u0131 alt\u0131nda yeni bir ek ba\u015flatt\u0131.<\/p>\n\n\n\n<p>2018&#039;de Iron Dog Studio, NetBet sa\u011flay\u0131c\u0131s\u0131 iSoftBet taraf\u0131ndan kolayla\u015ft\u0131r\u0131lan bir entegrasyon yoluyla t\u00fcm oyun paketini NetBet Casino&#039;da piyasaya s\u00fcrd\u00fc.<\/p>\n\n\n\n<p>2019 y\u0131l\u0131nda NetBet, James Bond karakteri ile ilgili t\u00fcm filmlerin ve anekdotlar\u0131n izini s\u00fcren interaktif bir harita yay\u0131nlad\u0131.<\/p>\n\n\n\n<p>NetBet, 2020 y\u0131l\u0131nda Blue Claw taraf\u0131ndan, Avrupa Birli\u011fi&#039;nin 2021 i\u00e7in belirledi\u011fi karbon hedeflerini kar\u015f\u0131lamamalar\u0131 halinde otomobil \u00fcreticilerinin kar\u015f\u0131la\u015fabilece\u011fi potansiyel cezalar hakk\u0131nda y\u00fcr\u00fct\u00fclen bir ara\u015ft\u0131rmay\u0131 yay\u0131nlad\u0131.<br><\/p>\n\n\n\n<h3 class=\"wp-block-heading\" id=\"les-partenariats\"><span id=\"les-partenariats\">ortakl\u0131klar <\/span><\/h3>\n\n\n\n<p>NetBet, 2014 y\u0131l\u0131nda OGC Nice, 2016 y\u0131l\u0131nda AS Saint-Etienne ve Hamilton Academical gibi bir\u00e7ok spor tak\u0131m\u0131n\u0131n resmi sponsoru veya orta\u011f\u0131 olmu\u015ftur.<\/p>\n\n\n\n<p><\/p>\n\n\n\n<ul><li>2015 y\u0131l\u0131nda Netbet, West Bromwich Albion Futbol Kul\u00fcb\u00fc ile bir stadyum reklam s\u00f6zle\u015fmesi imzalad\u0131.<\/li><li>2017 y\u0131l\u0131nda NetBet, Romanya&#039;n\u0131n en \u00f6nemli amat\u00f6r futbol m\u00fcsabakas\u0131 olan Falemi Nana Intercartiere Cup&#039;a sponsor olmu\u015ftur.<\/li><li>NetBet, 2017 y\u0131l\u0131nda ka\u015fif Daniel Cinghea ile birlikte G\u00fcney Amerika&#039;n\u0131n en etkileyici zirvelerini fethetti.<\/li><li>NetBet, Mart 2018&#039;de B\u00fckre\u015f&#039;te d\u00fczenlenen 3. DanceMasters etkinli\u011fine sponsor oldu.<\/li><li>May\u0131s 2018&#039;de NetBet, Goodwood Hipodromu&#039;ndaki yar\u0131\u015flara iki g\u00fcn boyunca sponsor oldu.<\/li><li>NetBet, 5 Haziran 2018&#039;de Fontwell Park Hipodromu&#039;nda d\u00f6rt yar\u0131\u015fa sponsor oldu.<\/li><li>9 Haziran 2018&#039;de NetBet, The O2&#039;de BKB11 adl\u0131 \u00e7\u0131plak parmakl\u0131 boks etkinli\u011fine sponsor oldu.<\/li><li>21 Temmuz 2018&#039;de NetBet, Cwmbran&#039;da \u00c7\u0131plak Knuckle Boxing i\u00e7in ba\u015fka bir d\u00f6v\u00fc\u015fe sponsor oldu.<\/li><li>NetBet, 22 A\u011fustos 2018&#039;de Fontwell Park Hipodromu&#039;nda Kad\u0131nlar Gecesi&#039;ne sponsor oldu.<\/li><li>4 Eyl\u00fcl 2018&#039;de NetBet, Goodwood Hipodromu&#039;nda ba\u015fka bir yar\u0131\u015f g\u00fcn\u00fcne sponsor oldu.<\/li><li>17 Kas\u0131m 2019&#039;da NetBet, 15 Kas\u0131m&#039;da Bra\u015fov&#039;da d\u00fczenlenen Corsorul Maratonuna sponsor oldu.<\/li><\/ul>\n\n\n\n<p>Nihayet 2020 y\u0131l\u0131nda NetBet, ulusal ralli \u015fampiyonas\u0131na kat\u0131lan iki ralli ekibi ile sponsorluk s\u00f6zle\u015fmeleri imzalad\u0131. Sponsor olunan iki ekip, s\u0131ras\u0131yla s\u00fcr\u00fcc\u00fc R\u0103zvan Trisnevschi ve navigat\u00f6r Traian-Codrut Arsenescu ile Skoda R5 kullanan s\u00fcr\u00fcc\u00fc Dan G\u00eertofan ve navigat\u00f6r Tudor M\u00e2rza&#039;dan olu\u015fuyor.<\/p>\n\n\n\n<p>Taksiler ve otob\u00fcsler i\u00e7in reklam kampanyalar\u0131<br>2019 y\u0131l\u0131nda NetBet, otob\u00fcsler ve taksiler i\u00e7in iki mobil reklam kampanyas\u0131 ba\u015flatt\u0131. Kampanya, NetBet marka logosunu, otob\u00fcsleri ve Londra sokaklar\u0131nda yar\u0131\u015fan 750 Black Cab arabas\u0131n\u0131 \u00f6zelle\u015ftirdi.<\/p>\n\n\n\n<p>b\u00fcy\u00fckel\u00e7iler<br>Alexandre Ruiz, beIn Sports i\u00e7in \u00e7al\u0131\u015fan bir Frans\u0131z spor muhabiridir. 2014&#039;ten beri NetBet FR&#039;nin el\u00e7isidir.<\/p>\n\n\n\n<p>Daniel Bravo, Paris Saint-Germain, AS Monaco ve Olympique de Marseille&#039;de forma giyen Frans\u0131z futbolcudur. 2012-2014 d\u00f6neminde NetBet FR el\u00e7isi olarak g\u00f6rev yapt\u0131.<\/p>\n\n\n\n<p>Dan Petrescu, NetBet Romanya&#039;n\u0131n ilk el\u00e7isiydi.<\/p>\n\n\n\n<p>baz\u0131 \u00fcr\u00fcnler<br>NetBet&#039;in ana \u00fcr\u00fcnleri aras\u0131nda NetBet Casino, NetBet Live, NetBet Vegas, NetBet Loto ve NetBet Poker bulunmaktad\u0131r. Kumarhane 1.500&#039;den fazla slot makinesi, kart oyunu ve masa oyunu sunmaktad\u0131r.<\/p>\n\n\n\n<p>NetBet Sport canl\u0131 \u00f6ncesi ve canl\u0131 \u00e7evrimi\u00e7i spor bahisleri sunar. Ek olarak, oyuncular ayr\u0131ca siyaseti ve film ve TV \u00f6d\u00fcllerini kapsayan belirli \u00f6zel pazarlar i\u00e7in eSporlara bahis oynama se\u00e7ene\u011fine de sahiptir.<\/p>\n\n\n\n<p>En pop\u00fcler slot oyunlar\u0131ndan baz\u0131lar\u0131 Starburst (NetEnt), Gonzo&#039;s Quest (NetEnt) ve Who want to be a Millionaire (NYX) vb.&#039;dir.<\/p>\n\n\n\n<p>\u00d6d\u00fcller<br>NetBet, 2015 y\u0131l\u0131nda Casino Life &amp; Business dergisi \u00d6d\u00fclleri galas\u0131nda \u201cEn \u0130yi M\u00fc\u015fteri \u0130li\u015fkileri Sitesi\u201d \u00f6d\u00fcl\u00fcn\u00fc kazand\u0131.<\/p>\n\n\n\n<p>2016 y\u0131l\u0131nda Orta ve Do\u011fu Avrupa Oyun Konferans\u0131 \u00d6d\u00fclleri&#039;nde (CEEGA) NetBet \u201cEn \u0130yi \u00c7evrimi\u00e7i Spor Bahis Operat\u00f6r\u00fc\u201d \u00f6d\u00fcl\u00fcn\u00fc, sa\u011flay\u0131c\u0131s\u0131 SBTech ise \u201cEn \u0130yi Spor Bahis Sa\u011flay\u0131c\u0131s\u0131\u201d \u00f6d\u00fcl\u00fcn\u00fc kazand\u0131.<\/p>\n\n\n\n<p>2016&#039;da Blueclaw ve GIMO, NetBet ve Premier League of Nations \u00c7ok K\u00fclt\u00fcrl\u00fc \u015eampiyonalardaki \u00e7al\u0131\u015fmalar\u0131 nedeniyle Birle\u015fik Krall\u0131k Arama \u00d6d\u00fcllerine ve Araman\u0131n En \u0130yi Kullan\u0131m\u0131na aday g\u00f6sterildi.<\/p>\n\n\n\n<p>NetBet, 2017 y\u0131l\u0131nda iGB Ortakl\u0131k \u00d6d\u00fcl\u00fc&#039;nde &quot;\u0130ngilizce Olmayan En \u0130yi Ortakl\u0131k Program\u0131&quot; dal\u0131nda aday g\u00f6sterildi.<\/p>\n\n\n\n<p>2019 y\u0131l\u0131nda NetBet, &quot;M\u00fc\u015fteri Hizmetleri Operat\u00f6r\u00fc&quot; kategorisinde EGR \u00d6d\u00fclleri&#039;ne aday g\u00f6sterildi.<\/p>\n\n\n\n<p>NetBet, 2018 ve 2019 y\u0131llar\u0131nda Casino Inside \u00d6d\u00fclleri Galas\u0131nda \u201cRomanya&#039;n\u0131n En \u0130yi Online Casino Platformu\u201d \u00f6d\u00fcl\u00fcn\u00fc ald\u0131.<\/p>\n\n\n\n<p>sorumlu oyun<br>NetBet, kumar ba\u011f\u0131ml\u0131l\u0131\u011f\u0131 dan\u0131\u015fmanl\u0131k hizmetleriyle yak\u0131n i\u015fbirli\u011fi i\u00e7inde \u00e7al\u0131\u015f\u0131r ve oyuncular\u0131n para yat\u0131rma, \u00e7ekme ve uyar\u0131 mesajlar\u0131 konusunda limitler belirlemesine olanak tan\u0131r. Site ayr\u0131ca ger\u00e7ek parayla bahis oynanmadan oynanabilecek oyunlar\u0131n demo versiyonlar\u0131n\u0131 da sunuyor. Re\u015fit olmayanlar\u0131n NetBet sitesine kaydolmas\u0131 yasakt\u0131r.<\/p>\n\n\n\n<p>NetBet ayr\u0131ca bir \u00f6z de\u011ferlendirme arac\u0131 da uygulamaya koymu\u015ftur. Bu ara\u00e7, cevaplara dayal\u0131 olarak oyuncular\u0131n risk seviyelerini de\u011ferlendirmelerine olanak tan\u0131yan 15 sorudan olu\u015fur. Bu risk d\u00fczeyine g\u00f6re limit uygulanmas\u0131 gibi eylemler \u00f6nerilmektedir. Ayr\u0131ca, m\u00fc\u015fteri anketinin sonucu ba\u011f\u0131ml\u0131l\u0131k riski ta\u015f\u0131yorsa, m\u00fc\u015fteriyle etkile\u015fime girecek ve aktivitelerini izlemeye ba\u015flayacak olan sorumlu oyun ekibine bir uyar\u0131 g\u00f6nderiliyor.<\/p>\n\n\n\n<p><\/p>\n\n\n\n<p class=\"has-text-align-center unibet\" style=\"font-size:25px\"><mark style=\"background-color:rgba(0, 0, 0, 0);color:#0d7a12\" class=\"has-inline-color\"><strong><a href=\"https:\/\/parier-presidentielle.com\/tr\/recommends\/unibet\/\">Unibet ile sunulan 150 \u20ac Bonus<br>1. Politik veya Spor Bahsiniz i\u00e7in: Buraya t\u0131klay\u0131n<\/a><\/strong><\/mark><\/p>\n\n\n\n<p><\/p>\n\n\n<div class=\"wp-block-image\">\n<figure class=\"aligncenter is-resized wp-duotone-000097-ff4747-1\"><img decoding=\"async\" loading=\"lazy\" src=\"https:\/\/parier-presidentielle.com\/wp-content\/uploads\/2021\/09\/election-standard-scale-4_00x-gigapixel-1024x623.jpg\" alt=\"Se\u00e7im 2022\" style=\"width:256px;height:156px\" width=\"256\" height=\"156\"\/><\/figure><\/div>\n\n\n<p><br><\/p>\n\n\n\n<p><strong>Parier-presidentielle, farkl\u0131 se\u00e7enekler aras\u0131nda se\u00e7im yapman\u0131za yard\u0131mc\u0131 olur.<a href=\"https:\/\/parier-presidentielle.com\/tr\/\"> Bahis\u00e7iler Bwin, Unibet, Betclic 2024&#039;te Gelece\u011fin Amerikan Ba\u015fkan\u0131na Bahis Yapacak<\/a> : <\/strong><br><a href=\"https:\/\/parier-presidentielle.com\/tr\/unibet-policy-secim-2022\/\">Unibet Cumhurba\u015fkanl\u0131\u011f\u0131 Bahis\u00e7isi<\/a> : T\u00fcm oranlarla \u00e7evrimi\u00e7i ilk bahsinizi yapmak ve sunulan Bonustan nas\u0131l yararlanaca\u011f\u0131n\u0131z konusunda ayr\u0131nt\u0131l\u0131 ve \u00fccretsiz rehber!<\/p>\n\n\n\n<p>Di\u011fer \u00e7evrimi\u00e7i bahis sitelerinin yan\u0131 s\u0131ra: <a href=\"https:\/\/parier-presidentielle.com\/tr\/unibet-policy-secim-2022\/\">Bwin<\/a>, <a href=\"https:\/\/parier-presidentielle.com\/tr\/netbet-paris-politika-secim-2022\/\">NetBet<\/a>, <a href=\"https:\/\/parier-presidentielle.com\/tr\/betclic-baskanlik-2022\/\">Betclic<\/a>, <a href=\"https:\/\/parier-presidentielle.com\/tr\/winamax-policy-secim-2022\/\">Winamax<\/a>, Parions Sport, Zebet, Betway, France-Pari, Vbet, Cloudbet, 1Xbit, 1xbet, Betfair, Betwinner\u2026<\/p>\n\n\n\n<div class=\"wp-block-columns is-layout-flex wp-container-6 wp-block-columns-is-layout-flex\">\n<div class=\"wp-block-column is-layout-flow wp-block-column-is-layout-flow\" style=\"flex-basis:33.33%\">\n<p>Dosyam\u0131z\u0131 okudunuz:<\/p>\n<\/div>\n\n\n\n<div class=\"wp-block-column is-layout-flow wp-block-column-is-layout-flow\" style=\"flex-basis:33.33%\">\n<div class=\"wp-block-group is-layout-flow wp-block-group-is-layout-flow\"><div class=\"wp-block-group__inner-container\"><h4 class=\"has-text-align-center wp-block-post-title\"><span id=\"netbet-parier-sur-la-politique-et-l8217election-presidentielle-2022\"><a href=\"https:\/\/parier-presidentielle.com\/tr\/netbet-paris-politika-secim-2022\/\" target=\"_self\" >NetBet: Politika ve 2022 Cumhurba\u015fkanl\u0131\u011f\u0131 se\u00e7imleri \u00fczerine bahisler<\/a><\/span><\/h4><\/div><\/div>\n<\/div>\n\n\n\n<div class=\"wp-block-column is-layout-flow wp-block-column-is-layout-flow\" style=\"flex-basis:33.33%\">\n<p class=\"has-text-align-right\">Di\u011fer \u00f6zel dosyalar\u0131m\u0131zla okumaya devam edin,<\/p>\n<\/div>\n<\/div>\n\n\n\n<h3 class=\"wp-block-heading\" id=\"tous-les-pronostics-sondage-et-cotes-pour-parier-sur-le-futur-vainqueur-de-l-election-presidentielle-2022\"><span id=\"tous-les-pronostics-sondage-et-cotes-pour-parier-sur-le-futur-vainqueur-de-l8217election-presidentielle-2024\">2024 Cumhurba\u015fkanl\u0131\u011f\u0131 se\u00e7iminin gelecekteki kazanan\u0131na dair bahis yap\u0131labilecek t\u00fcm Tahminler, Anketler ve Oranlar:<\/span><\/h3>\n\n\n\n<ul>\n<li><a href=\"https:\/\/parier-presidentielle.com\/tr\/macron-secim\/\">Unibet, Betclic, Bwin ile Emmanuel Macron&#039;a bahis yap\u0131n<\/a> : Anketlerin ve tahminlerin favorisi <\/li>\n\n\n\n<li><a href=\"https:\/\/parier-presidentielle.com\/tr\/marine-le-pen-secim\/\">Marine Le Pen: Oranlar\u0131 ve Bahis\u00e7iler ile nas\u0131l bahis oynan\u0131r<\/a>: Unibet&#039;e g\u00f6re meydan okuyan<\/li>\n<\/ul>\n\n\n\n<p><\/p>\n\n\n\n<center><script type=\"text\/javascript\" charset=\"utf-8\" src=\"https:\/\/www.gambling-affiliation.com\/cpm\/v=AmIMTDSs92QY6b0MzDMvM5laCjJ-ZlA-1oQ-7tKsi.w_GA7331V2\"><\/script><\/center>\n\n\n\n<h3 class=\"wp-block-heading\"><span id=\"donald-trump-vs-joe-biden-la-video-qui-lance-les-paris-en-ligne-sur-l8217election-politique-de-2024\">Donald Trump vs Joe Biden: 2024 siyasi se\u00e7imlerinde \u00e7evrimi\u00e7i bahis oynamay\u0131 ba\u015flatan video<\/span><\/h3>\n\n\n\n<figure class=\"wp-block-embed is-type-video is-provider-youtube wp-block-embed-youtube wp-embed-aspect-16-9 wp-has-aspect-ratio\"><div class=\"wp-block-embed__wrapper\">\n<iframe loading=\"lazy\" title=\"Eski Ba\u015fkan Donald Trump, 2024 Beyaz Saray teklifini ba\u015flatt\u0131 #Short\" width=\"640\" height=\"360\" src=\"https:\/\/www.youtube.com\/embed\/hZykPRVe4Ag?feature=oembed\" frameborder=\"0\" allow=\"accelerometer; autoplay; clipboard-write; encrypted-media; gyroscope; picture-in-picture; web-share\" allowfullscreen><\/iframe>\n<\/div><\/figure>\n\n\n<div class=\"wp-block-image\">\n<figure class=\"aligncenter size-medium\"><a href=\"https:\/\/parier-presidentielle.com\/tr\/recommends\/unibet\/\" target=\"_blank\" rel=\"noopener\"><img decoding=\"async\" loading=\"lazy\" width=\"300\" height=\"169\" src=\"https:\/\/parier-presidentielle.com\/wp-content\/uploads\/2022\/04\/unibet-300x169.jpg\" alt=\"\" class=\"wp-image-1252\" srcset=\"https:\/\/parier-presidentielle.com\/wp-content\/uploads\/2022\/04\/unibet-300x169.jpg 300w, https:\/\/parier-presidentielle.com\/wp-content\/uploads\/2022\/04\/unibet-1024x576.jpg 1024w, https:\/\/parier-presidentielle.com\/wp-content\/uploads\/2022\/04\/unibet-768x432.jpg 768w, https:\/\/parier-presidentielle.com\/wp-content\/uploads\/2022\/04\/unibet-18x10.jpg 18w, https:\/\/parier-presidentielle.com\/wp-content\/uploads\/2022\/04\/unibet.jpg 1280w\" sizes=\"(max-width: 300px) 100vw, 300px\" \/><\/a><\/figure><\/div>\n\n\n<p>Esrar ve yasal t\u00fcrevleriyle ilgili ana siyasi haber olan Wiki&#039;yi bulun: <strong>HHC, H4cbd, Thcp, Thcv, HSD, HHCPO, C4B<\/strong><\/p>\n\n\n\n<p><br><\/p>\n<div id=\"toc_container\" class=\"no_bullets\"><p class=\"toc_title\">\u0130\u00e7indekiler<\/p><ul class=\"toc_list\"><li><\/li><li><ul><li><\/li><\/ul><\/li><li><\/li><li><ul><li><ul><li><\/li><\/ul><\/li><li><\/li><li><\/li><\/ul><\/li><\/ul><\/div>","protected":false},"excerpt":{"rendered":"<p>NetBet Bahis \u015eirketi 2022 teklifi nedir? Netbet \u015fu anda \u00e7evrimi\u00e7i bahis i\u00e7in en iyi bonusu sunuyor: 100\u20ac Bu bonusa eri\u015fmek i\u00e7in ortak ba\u011flant\u0131m\u0131z\u0131 ziyaret etmeniz yeterli: \u0130lk bahsinizde 100\u20ac teklif ediliyor! buraya t\u0131klay\u0131n NetBet NetBet, NetBet Enterprises Ltd.&#039;ye ait bir \u00e7evrimi\u00e7i oyun operat\u00f6r\u00fcd\u00fcr. Platform \u2026<\/p>","protected":false},"author":1,"featured_media":0,"parent":0,"menu_order":0,"comment_status":"closed","ping_status":"closed","template":"page-nosidebar.php","meta":{"footnotes":""},"yoast_head":"<!-- This site is optimized with the Yoast SEO Premium plugin v21.0 (Yoast SEO v21.0) - https:\/\/yoast.com\/wordpress\/plugins\/seo\/ -->\n<title>NetBet : Parier sur la politique et l&#039;\u00e9lection Pr\u00e9sidentielle 2022 - Finale Coupe du Monde FIFA<\/title>\n<meta name=\"description\" content=\"Parier avec Netbet 100\u20ac offert pour votre 1er Pari sur la Politique, le Sport! Guide du Bookmaker pour profiter du Bonus de bienvenue...\" \/>\n<meta name=\"robots\" content=\"index, follow, max-snippet:-1, max-image-preview:large, max-video-preview:-1\" \/>\n<link rel=\"canonical\" href=\"https:\/\/parier-presidentielle.com\/tr\/netbet-paris-politika-secim-2022\/\" \/>\n<meta property=\"og:locale\" content=\"tr_TR\" \/>\n<meta property=\"og:type\" content=\"article\" \/>\n<meta property=\"og:title\" content=\"NetBet : Parier sur la politique et l&#039;\u00e9lection Pr\u00e9sidentielle 2022\" \/>\n<meta property=\"og:description\" content=\"Parier avec Netbet 100\u20ac offert pour votre 1er Pari sur la Politique, le Sport! Guide du Bookmaker pour profiter du Bonus de bienvenue...\" \/>\n<meta property=\"og:url\" content=\"https:\/\/parier-presidentielle.com\/tr\/netbet-paris-politika-secim-2022\/\" \/>\n<meta property=\"og:site_name\" content=\"Parier Pr\u00e9sidentielle\" \/>\n<meta property=\"article:modified_time\" content=\"2022-04-14T13:41:15+00:00\" \/>\n<meta property=\"og:image\" content=\"https:\/\/banners.livepartners.com\/view.php?z=151480\" \/>\n<meta name=\"twitter:card\" content=\"summary_large_image\" \/>\n<meta name=\"twitter:label1\" content=\"Est. reading time\" \/>\n\t<meta name=\"twitter:data1\" content=\"7 dakika\" \/>\n<script type=\"application\/ld+json\" class=\"yoast-schema-graph\">{\"@context\":\"https:\/\/schema.org\",\"@graph\":[{\"@type\":\"WebPage\",\"@id\":\"https:\/\/parier-presidentielle.com\/netbet-paris-politique-election-2022\/\",\"url\":\"https:\/\/parier-presidentielle.com\/netbet-paris-politique-election-2022\/\",\"name\":\"NetBet : Parier sur la politique et l'\u00e9lection Pr\u00e9sidentielle 2022 - Finale Coupe du Monde FIFA\",\"isPartOf\":{\"@id\":\"https:\/\/parier-presidentielle.com\/#website\"},\"datePublished\":\"2021-09-14T14:48:34+00:00\",\"dateModified\":\"2022-04-14T13:41:15+00:00\",\"description\":\"Parier avec Netbet 100\u20ac offert pour votre 1er Pari sur la Politique, le Sport! Guide du Bookmaker pour profiter du Bonus de bienvenue...\",\"breadcrumb\":{\"@id\":\"https:\/\/parier-presidentielle.com\/netbet-paris-politique-election-2022\/#breadcrumb\"},\"inLanguage\":\"tr\",\"potentialAction\":[{\"@type\":\"ReadAction\",\"target\":[\"https:\/\/parier-presidentielle.com\/netbet-paris-politique-election-2022\/\"]}]},{\"@type\":\"BreadcrumbList\",\"@id\":\"https:\/\/parier-presidentielle.com\/netbet-paris-politique-election-2022\/#breadcrumb\",\"itemListElement\":[{\"@type\":\"ListItem\",\"position\":1,\"name\":\"Accueil\",\"item\":\"https:\/\/parier-presidentielle.com\/\"},{\"@type\":\"ListItem\",\"position\":2,\"name\":\"NetBet : Parier sur la politique et l&#8217;\u00e9lection Pr\u00e9sidentielle 2022\"}]},{\"@type\":\"WebSite\",\"@id\":\"https:\/\/parier-presidentielle.com\/#website\",\"url\":\"https:\/\/parier-presidentielle.com\/\",\"name\":\"Parier Pr\u00e9sidentielle\",\"description\":\"Paris, Pronostics, Wiki sur la Politique, les Elections Am\u00e9ricaines: Joe Biden, Donald Trump avec les Bookmakers en ligne Unibet, Bwin, Betclic, Winamax\",\"potentialAction\":[{\"@type\":\"SearchAction\",\"target\":{\"@type\":\"EntryPoint\",\"urlTemplate\":\"https:\/\/parier-presidentielle.com\/?s={search_term_string}\"},\"query-input\":\"required name=search_term_string\"}],\"inLanguage\":\"tr\"}]}<\/script>\n<!-- \/ Yoast SEO Premium plugin. -->","yoast_head_json":{"title":"NetBet : Parier sur la politique et l'\u00e9lection Pr\u00e9sidentielle 2022 - Finale Coupe du Monde FIFA","description":"Parier avec Netbet 100\u20ac offert pour votre 1er Pari sur la Politique, le Sport! Guide du Bookmaker pour profiter du Bonus de bienvenue...","robots":{"index":"index","follow":"follow","max-snippet":"max-snippet:-1","max-image-preview":"max-image-preview:large","max-video-preview":"max-video-preview:-1"},"canonical":"https:\/\/parier-presidentielle.com\/tr\/netbet-paris-politika-secim-2022\/","og_locale":"tr_TR","og_type":"article","og_title":"NetBet : Parier sur la politique et l'\u00e9lection Pr\u00e9sidentielle 2022","og_description":"Parier avec Netbet 100\u20ac offert pour votre 1er Pari sur la Politique, le Sport! Guide du Bookmaker pour profiter du Bonus de bienvenue...","og_url":"https:\/\/parier-presidentielle.com\/tr\/netbet-paris-politika-secim-2022\/","og_site_name":"Parier Pr\u00e9sidentielle","article_modified_time":"2022-04-14T13:41:15+00:00","og_image":[{"url":"https:\/\/banners.livepartners.com\/view.php?z=151480"}],"twitter_card":"summary_large_image","twitter_misc":{"Est. reading time":"7 dakika"},"schema":{"@context":"https:\/\/schema.org","@graph":[{"@type":"WebPage","@id":"https:\/\/parier-presidentielle.com\/netbet-paris-politique-election-2022\/","url":"https:\/\/parier-presidentielle.com\/netbet-paris-politique-election-2022\/","name":"NetBet : Parier sur la politique et l'\u00e9lection Pr\u00e9sidentielle 2022 - Finale Coupe du Monde FIFA","isPartOf":{"@id":"https:\/\/parier-presidentielle.com\/#website"},"datePublished":"2021-09-14T14:48:34+00:00","dateModified":"2022-04-14T13:41:15+00:00","description":"Parier avec Netbet 100\u20ac offert pour votre 1er Pari sur la Politique, le Sport! Guide du Bookmaker pour profiter du Bonus de bienvenue...","breadcrumb":{"@id":"https:\/\/parier-presidentielle.com\/netbet-paris-politique-election-2022\/#breadcrumb"},"inLanguage":"tr","potentialAction":[{"@type":"ReadAction","target":["https:\/\/parier-presidentielle.com\/netbet-paris-politique-election-2022\/"]}]},{"@type":"BreadcrumbList","@id":"https:\/\/parier-presidentielle.com\/netbet-paris-politique-election-2022\/#breadcrumb","itemListElement":[{"@type":"ListItem","position":1,"name":"Accueil","item":"https:\/\/parier-presidentielle.com\/"},{"@type":"ListItem","position":2,"name":"NetBet : Parier sur la politique et l&#8217;\u00e9lection Pr\u00e9sidentielle 2022"}]},{"@type":"WebSite","@id":"https:\/\/parier-presidentielle.com\/#website","url":"https:\/\/parier-presidentielle.com\/","name":"Parier Pr\u00e9sidentielle","description":"Paris, Pronostics, Wiki sur la Politique, les Elections Am\u00e9ricaines: Joe Biden, Donald Trump avec les Bookmakers en ligne Unibet, Bwin, Betclic, Winamax","potentialAction":[{"@type":"SearchAction","target":{"@type":"EntryPoint","urlTemplate":"https:\/\/parier-presidentielle.com\/?s={search_term_string}"},"query-input":"required name=search_term_string"}],"inLanguage":"tr"}]}},"_links":{"self":[{"href":"https:\/\/parier-presidentielle.com\/tr\/wp-json\/wp\/v2\/pages\/255"}],"collection":[{"href":"https:\/\/parier-presidentielle.com\/tr\/wp-json\/wp\/v2\/pages"}],"about":[{"href":"https:\/\/parier-presidentielle.com\/tr\/wp-json\/wp\/v2\/types\/page"}],"author":[{"embeddable":true,"href":"https:\/\/parier-presidentielle.com\/tr\/wp-json\/wp\/v2\/users\/1"}],"replies":[{"embeddable":true,"href":"https:\/\/parier-presidentielle.com\/tr\/wp-json\/wp\/v2\/comments?post=255"}],"version-history":[{"count":26,"href":"https:\/\/parier-presidentielle.com\/tr\/wp-json\/wp\/v2\/pages\/255\/revisions"}],"predecessor-version":[{"id":1412,"href":"https:\/\/parier-presidentielle.com\/tr\/wp-json\/wp\/v2\/pages\/255\/revisions\/1412"}],"wp:attachment":[{"href":"https:\/\/parier-presidentielle.com\/tr\/wp-json\/wp\/v2\/media?parent=255"}],"curies":[{"name":"wp","href":"https:\/\/api.w.org\/{rel}","templated":true}]}}