{"id":257,"date":"2021-09-14T16:52:08","date_gmt":"2021-09-14T14:52:08","guid":{"rendered":"https:\/\/parier-presidentielle.com\/?page_id=257"},"modified":"2022-04-24T11:53:58","modified_gmt":"2022-04-24T09:53:58","slug":"winamax-politique-election-2022","status":"publish","type":"page","link":"https:\/\/parier-presidentielle.com\/tr\/winamax-policy-secim-2022\/","title":{"rendered":"Winamax: Politika ve 2022 Cumhurba\u015fkanl\u0131\u011f\u0131 se\u00e7imleri \u00fczerine bahis oynamak"},"content":{"rendered":"<div class=\"wp-block-columns is-layout-flex wp-container-4 wp-block-columns-is-layout-flex\">\n<div class=\"wp-block-column is-layout-flow wp-block-column-is-layout-flow\" style=\"flex-basis:100%\">\n<div class=\"wp-block-columns is-layout-flex wp-container-2 wp-block-columns-is-layout-flex\">\n<div class=\"wp-block-column is-layout-flow wp-block-column-is-layout-flow\" style=\"flex-basis:100%\">\n<center><script type=\"text\/javascript\" charset=\"utf-8\" src=\"https:\/\/www.gambling-affiliation.com\/cpm\/v=AmIMTDSs92QY6b0MzDMvM5laCjJ-ZlA-1oQ-7tKsi.w_GA7331V2\"><\/script><\/center>\n\n\n\n<p><\/p>\n\n\n\n<div class=\"wp-block-image is-style-default\"><figure class=\"aligncenter size-medium\"><a href=\"https:\/\/parier-presidentielle.com\/tr\/recommends\/unibet-logo\/\" target=\"_blank\" rel=\"no follow noopener\"><img decoding=\"async\" loading=\"lazy\" width=\"300\" height=\"169\" src=\"https:\/\/parier-presidentielle.com\/wp-content\/uploads\/2022\/04\/unibet-300x169.jpg\" alt=\"\" class=\"wp-image-1252\" srcset=\"https:\/\/parier-presidentielle.com\/wp-content\/uploads\/2022\/04\/unibet-300x169.jpg 300w, https:\/\/parier-presidentielle.com\/wp-content\/uploads\/2022\/04\/unibet-1024x576.jpg 1024w, https:\/\/parier-presidentielle.com\/wp-content\/uploads\/2022\/04\/unibet-768x432.jpg 768w, https:\/\/parier-presidentielle.com\/wp-content\/uploads\/2022\/04\/unibet-18x10.jpg 18w, https:\/\/parier-presidentielle.com\/wp-content\/uploads\/2022\/04\/unibet.jpg 1280w\" sizes=\"(max-width: 300px) 100vw, 300px\" \/><\/a><\/figure><\/div>\n<\/div>\n<\/div>\n<\/div>\n<\/div>\n\n\n\n<h2 class=\"wp-block-heading\"><span id=\"pour-le-moment-winamax-ne-propose-pas-de-paris-sur-l8217election\">\u015eimdilik Winamax se\u00e7imlere bahis sunmuyor! <\/span><\/h2>\n\n\n\n<p class=\"has-text-align-center\">Fransa&#039;n\u0131n gelecekteki cumhurba\u015fkan\u0131na bahse girmek ister misiniz? Winamax siyaset ve ba\u015fkanl\u0131k se\u00e7imi \u00fczerine bahis sunmuyorsa, uzmanl\u0131k alan\u0131 pokerdir, ancak Fransa&#039;daki pazar lideri 2 bahis\u00e7iyle bahis oynamak m\u00fcmk\u00fcnd\u00fcr: <a href=\"https:\/\/parier-presidentielle.com\/tr\/bwin-policy-secim-2022\/\">Unibet <\/a>ve <a href=\"https:\/\/parier-presidentielle.com\/tr\/unibet-policy-secim-2022\/\">Bwin<\/a><\/p>\n\n\n\n<h2 class=\"wp-block-heading\"><span id=\"winamax-en-bref\">K\u0131saca Winamax<\/span><\/h2>\n\n\n\n<p><a href=\"https:\/\/parier-presidentielle.com\/tr\/winamax-policy-secim-2022\/\">Winamax<\/a>.com LTD 1999 y\u0131l\u0131nda kuruldu. Ba\u015flang\u0131\u00e7ta bir futbol menajerlik oyunu geli\u015ftirip da\u011f\u0131tt\u0131. 2000 y\u0131l\u0131nda di\u011ferlerinin yan\u0131 s\u0131ra \u00f6zel yat\u0131r\u0131mc\u0131lar da yat\u0131r\u0131m yapt\u0131. Frans\u0131z-\u0130svi\u00e7reli giri\u015fimci Robert Louis-Dreyfus, \u015firketin uluslararas\u0131 geli\u015fimini desteklemek i\u00e7in \u015firkete iki milyon ABD dolar\u0131 yat\u0131r\u0131m yapt\u0131. Dreyfus, 2004 y\u0131l\u0131nda Alexandre Roos ve Christophe Schaming ile birlikte \u015firketin m\u00fclkiyetini devrald\u0131 ve \u015firket o tarihten itibaren Fransa, Almanya ve \u0130ngiltere&#039;de spor bahisleri sunmaya odakland\u0131. Winamax, May\u0131s 2006&#039;dan bu yana \u00e7evrimi\u00e7i poker de sunuyor. Schaming, Haziran 2018&#039;den beri tek sahibi.<\/p>\n\n\n\n<div class=\"wp-block-image\"><figure class=\"aligncenter size-full is-resized\"><img decoding=\"async\" loading=\"lazy\" src=\"https:\/\/parier-presidentielle.com\/wp-content\/uploads\/2022\/03\/winamax-election-presidentielle.jpg\" alt=\"\" class=\"wp-image-1010\" width=\"600\" height=\"300\" srcset=\"https:\/\/parier-presidentielle.com\/wp-content\/uploads\/2022\/03\/winamax-election-presidentielle.jpg 800w, https:\/\/parier-presidentielle.com\/wp-content\/uploads\/2022\/03\/winamax-election-presidentielle-300x150.jpg 300w, https:\/\/parier-presidentielle.com\/wp-content\/uploads\/2022\/03\/winamax-election-presidentielle-768x384.jpg 768w\" sizes=\"(max-width: 600px) 100vw, 600px\" \/><\/figure><\/div>\n\n\n\n<p>Winamax, Fransa&#039;daki ilk \u00e7evrimi\u00e7i poker platformudur. 2016 y\u0131l\u0131nda \u015firketin y\u0131ll\u0131k cirosu 135 milyon Euro&#039;nun \u00fczerinde, 2018&#039;de ise 200 milyon Euro&#039;nun \u00fczerinde ger\u00e7ekle\u015fti. Ancak siyasete veya 2022 Fransa se\u00e7imlerine dair bahis sunmuyor.<\/p>\n\n\n\n<h2 class=\"wp-block-heading\"><span id=\"winamax-en-chiffre\">Rakamlarla Winamax<\/span><\/h2>\n\n\n\n<h3 class=\"wp-block-heading\"><span id=\"poker-et-paris-sportifs\">Poker ve spor bahisleri<\/span><\/h3>\n\n\n\n<p>63,7% pazar pay\u0131yla Winamax, Fransa&#039;n\u0131n lider poker sitesidir. Temmuz 2018&#039;de \u015firket \u0130spanya pazar\u0131na girdi ve \u0130spanya pazar\u0131nda geni\u015flemeye devam ediyor. PC, Mac ve mobil cihazlarda kullan\u0131labilen Winamax uygulamas\u0131, alan\u0131nda d\u00fcnyada bir ilk olup, d\u00fczenli olarak g\u00fcncellenen ve 2010&#039;dan bu yana piyasadaki en iyi uygulamad\u0131r. 2014 y\u0131l\u0131nda Futbol D\u00fcnya Kupas\u0131 vesilesiyle Winamax spor bahisleri sitesini a\u00e7t\u0131 ve B\u00f6ylece \u00f6zellikle s\u0131ra d\u0131\u015f\u0131 mizahi \u00fcslubu ve en iyi oranlar\u0131* sayesinde rekabet\u00e7i bir alanda fark yaratmay\u0131 ba\u015fard\u0131.<\/p>\n\n\n\n<h3 class=\"wp-block-heading\"><span id=\"la-plus-grande-communaute-de-jeu-d8217europe\">Avrupa&#039;n\u0131n en b\u00fcy\u00fck oyun toplulu\u011fu<\/span><\/h3>\n\n\n\n<p>Spirit of Winamax, Fransa ve \u0130spanya&#039;da 5,9 milyondan fazla oyuncudan olu\u015fan b\u00fcy\u00fck bir toplulu\u011fun ruhudur ve 2006&#039;dan beri Wam-Poker forumlar\u0131nda, sosyal a\u011flarda ve Winamax TV&#039;de (markan\u0131n 40&#039;tan fazla oyun sunan TV a\u011f\u0131) haftal\u0131k yay\u0131nlar yapmaktad\u0131r. saat). Twitter, Facebook, Instagram ve YouTube&#039;da yer alan Winamax&#039;\u0131n y\u00fcz binlerce abonesi var ve bu abonelerle her g\u00fcn etkile\u015fimde bulunan \u015firket, esprili, e\u011fitici ve k\u0131\u015fk\u0131rt\u0131c\u0131 yeni i\u00e7erikler sunuyor. <a href=\"https:\/\/parier-presidentielle.com\/tr\/\">siyaset \u00fczerine bahis oynamak<\/a> kusursuz olmak!<\/p>\n\n\n\n<h3 class=\"wp-block-heading\"><span id=\"securite\">G\u00fcvenlik<\/span><\/h3>\n\n\n\n<p>Haziran 2010&#039;da \u00c7evrimi\u00e7i Oyun D\u00fczenleme Otoritesi (ARJEL) taraf\u0131ndan onaylanan ilk operat\u00f6r olan Winamax, oyuncular\u0131na, hesaba yat\u0131r\u0131lan paralardan doland\u0131r\u0131c\u0131l\u0131\u011fa kar\u015f\u0131 korumaya ve kart kayd\u0131rma b\u00fct\u00fcnl\u00fc\u011f\u00fcne kadar maksimum g\u00fcvenli\u011fi garanti eder.<\/p>\n\n\n\n<p class=\"has-text-align-center unibet\" style=\"font-size:25px\"><mark style=\"background-color:rgba(0, 0, 0, 0);color:#0d7a12\" class=\"has-inline-color\"><strong><a href=\"https:\/\/parier-presidentielle.com\/tr\/recommends\/unibet\/\">Unibet ile sunulan 150 \u20ac Bonus<br>1. Politik veya Spor Bahsiniz i\u00e7in: Buraya t\u0131klay\u0131n<\/a><\/strong><\/mark><\/p>\n\n\n\n<p><\/p>\n\n\n<div class=\"wp-block-image\">\n<figure class=\"aligncenter is-resized wp-duotone-000097-ff4747-5\"><img decoding=\"async\" loading=\"lazy\" src=\"https:\/\/parier-presidentielle.com\/wp-content\/uploads\/2021\/09\/election-standard-scale-4_00x-gigapixel-1024x623.jpg\" alt=\"Se\u00e7im 2022\" style=\"width:256px;height:156px\" width=\"256\" height=\"156\"\/><\/figure><\/div>\n\n\n<p><br><\/p>\n\n\n\n<p><strong>Parier-presidentielle, farkl\u0131 se\u00e7enekler aras\u0131nda se\u00e7im yapman\u0131za yard\u0131mc\u0131 olur.<a href=\"https:\/\/parier-presidentielle.com\/tr\/\"> Bahis\u00e7iler Bwin, Unibet, Betclic 2024&#039;te Gelece\u011fin Amerikan Ba\u015fkan\u0131na Bahis Yapacak<\/a> : <\/strong><br><a href=\"https:\/\/parier-presidentielle.com\/tr\/unibet-policy-secim-2022\/\">Unibet Cumhurba\u015fkanl\u0131\u011f\u0131 Bahis\u00e7isi<\/a> : T\u00fcm oranlarla \u00e7evrimi\u00e7i ilk bahsinizi yapmak ve sunulan Bonustan nas\u0131l yararlanaca\u011f\u0131n\u0131z konusunda ayr\u0131nt\u0131l\u0131 ve \u00fccretsiz rehber!<\/p>\n\n\n\n<p>Di\u011fer \u00e7evrimi\u00e7i bahis sitelerinin yan\u0131 s\u0131ra: <a href=\"https:\/\/parier-presidentielle.com\/tr\/unibet-policy-secim-2022\/\">Bwin<\/a>, <a href=\"https:\/\/parier-presidentielle.com\/tr\/netbet-paris-politika-secim-2022\/\">NetBet<\/a>, <a href=\"https:\/\/parier-presidentielle.com\/tr\/betclic-baskanlik-2022\/\">Betclic<\/a>, <a href=\"https:\/\/parier-presidentielle.com\/tr\/winamax-policy-secim-2022\/\">Winamax<\/a>, Parions Sport, Zebet, Betway, France-Pari, Vbet, Cloudbet, 1Xbit, 1xbet, Betfair, Betwinner\u2026<\/p>\n\n\n\n<div class=\"wp-block-columns is-layout-flex wp-container-10 wp-block-columns-is-layout-flex\">\n<div class=\"wp-block-column is-layout-flow wp-block-column-is-layout-flow\" style=\"flex-basis:33.33%\">\n<p>Dosyam\u0131z\u0131 okudunuz:<\/p>\n<\/div>\n\n\n\n<div class=\"wp-block-column is-layout-flow wp-block-column-is-layout-flow\" style=\"flex-basis:33.33%\">\n<div class=\"wp-block-group is-layout-flow wp-block-group-is-layout-flow\"><div class=\"wp-block-group__inner-container\"><h4 class=\"has-text-align-center wp-block-post-title\"><span id=\"winamax-parier-sur-la-politique-et-l8217election-presidentielle-2022\"><a href=\"https:\/\/parier-presidentielle.com\/tr\/winamax-policy-secim-2022\/\" target=\"_self\" >Winamax: Politika ve 2022 Cumhurba\u015fkanl\u0131\u011f\u0131 se\u00e7imleri \u00fczerine bahis oynamak<\/a><\/span><\/h4><\/div><\/div>\n<\/div>\n\n\n\n<div class=\"wp-block-column is-layout-flow wp-block-column-is-layout-flow\" style=\"flex-basis:33.33%\">\n<p class=\"has-text-align-right\">Di\u011fer \u00f6zel dosyalar\u0131m\u0131zla okumaya devam edin,<\/p>\n<\/div>\n<\/div>\n\n\n\n<h3 class=\"wp-block-heading\" id=\"tous-les-pronostics-sondage-et-cotes-pour-parier-sur-le-futur-vainqueur-de-l-election-presidentielle-2022\"><span id=\"tous-les-pronostics-sondage-et-cotes-pour-parier-sur-le-futur-vainqueur-de-l8217election-presidentielle-2024\">2024 Cumhurba\u015fkanl\u0131\u011f\u0131 se\u00e7iminin gelecekteki kazanan\u0131na dair bahis yap\u0131labilecek t\u00fcm Tahminler, Anketler ve Oranlar:<\/span><\/h3>\n\n\n\n<ul>\n<li><a href=\"https:\/\/parier-presidentielle.com\/tr\/macron-secim\/\">Unibet, Betclic, Bwin ile Emmanuel Macron&#039;a bahis yap\u0131n<\/a> : Anketlerin ve tahminlerin favorisi <\/li>\n\n\n\n<li><a href=\"https:\/\/parier-presidentielle.com\/tr\/marine-le-pen-secim\/\">Marine Le Pen: Oranlar\u0131 ve Bahis\u00e7iler ile nas\u0131l bahis oynan\u0131r<\/a>: Unibet&#039;e g\u00f6re meydan okuyan<\/li>\n<\/ul>\n\n\n\n<p><\/p>\n\n\n\n<center><script type=\"text\/javascript\" charset=\"utf-8\" src=\"https:\/\/www.gambling-affiliation.com\/cpm\/v=AmIMTDSs92QY6b0MzDMvM5laCjJ-ZlA-1oQ-7tKsi.w_GA7331V2\"><\/script><\/center>\n\n\n\n<h3 class=\"wp-block-heading\"><span id=\"donald-trump-vs-joe-biden-la-video-qui-lance-les-paris-en-ligne-sur-l8217election-politique-de-2024\">Donald Trump vs Joe Biden: 2024 siyasi se\u00e7imlerinde \u00e7evrimi\u00e7i bahis oynamay\u0131 ba\u015flatan video<\/span><\/h3>\n\n\n\n<figure class=\"wp-block-embed is-type-video is-provider-youtube wp-block-embed-youtube wp-embed-aspect-16-9 wp-has-aspect-ratio\"><div class=\"wp-block-embed__wrapper\">\n<iframe loading=\"lazy\" title=\"Eski Ba\u015fkan Donald Trump, 2024 Beyaz Saray teklifini ba\u015flatt\u0131 #Short\" width=\"640\" height=\"360\" src=\"https:\/\/www.youtube.com\/embed\/hZykPRVe4Ag?feature=oembed\" frameborder=\"0\" allow=\"accelerometer; autoplay; clipboard-write; encrypted-media; gyroscope; picture-in-picture; web-share\" allowfullscreen><\/iframe>\n<\/div><\/figure>\n\n\n<div class=\"wp-block-image\">\n<figure class=\"aligncenter size-medium\"><a href=\"https:\/\/parier-presidentielle.com\/tr\/recommends\/unibet\/\" target=\"_blank\" rel=\"noopener\"><img decoding=\"async\" loading=\"lazy\" width=\"300\" height=\"169\" src=\"https:\/\/parier-presidentielle.com\/wp-content\/uploads\/2022\/04\/unibet-300x169.jpg\" alt=\"\" class=\"wp-image-1252\" srcset=\"https:\/\/parier-presidentielle.com\/wp-content\/uploads\/2022\/04\/unibet-300x169.jpg 300w, https:\/\/parier-presidentielle.com\/wp-content\/uploads\/2022\/04\/unibet-1024x576.jpg 1024w, https:\/\/parier-presidentielle.com\/wp-content\/uploads\/2022\/04\/unibet-768x432.jpg 768w, https:\/\/parier-presidentielle.com\/wp-content\/uploads\/2022\/04\/unibet-18x10.jpg 18w, https:\/\/parier-presidentielle.com\/wp-content\/uploads\/2022\/04\/unibet.jpg 1280w\" sizes=\"(max-width: 300px) 100vw, 300px\" \/><\/a><\/figure><\/div>\n\n\n<p>Esrar ve yasal t\u00fcrevleriyle ilgili ana siyasi haber olan Wiki&#039;yi bulun: <strong>HHC, H4cbd, Thcp, Thcv, HSD, HHCPO, C4B<\/strong><\/p>\n<div id=\"toc_container\" class=\"no_bullets\"><p class=\"toc_title\">\u0130\u00e7indekiler<\/p><ul class=\"toc_list\"><li><\/li><li><\/li><li><ul><li><\/li><li><\/li><li><ul><li><\/li><\/ul><\/li><li><\/li><li><\/li><\/ul><\/li><\/ul><\/div>","protected":false},"excerpt":{"rendered":"<p>\u015eimdilik Winamax se\u00e7imlere bahis sunmuyor! Fransa&#039;n\u0131n gelecekteki cumhurba\u015fkan\u0131na bahse girmek ister misiniz? Winamax siyaset ve ba\u015fkanl\u0131k se\u00e7imi \u00fczerine bahis sunmuyorsa, uzmanl\u0131k alan\u0131 pokerdir, ancak Fransa&#039;da pazar\u0131n \u00f6nde gelen iki bahis \u015firketi ile bahis oynamak m\u00fcmk\u00fcnd\u00fcr: Unibet\u2026<\/p>","protected":false},"author":1,"featured_media":0,"parent":0,"menu_order":0,"comment_status":"closed","ping_status":"closed","template":"page-nosidebar.php","meta":{"footnotes":""},"yoast_head":"<!-- This site is optimized with the Yoast SEO Premium plugin v21.0 (Yoast SEO v21.0) - https:\/\/yoast.com\/wordpress\/plugins\/seo\/ -->\n<title>Winamax : Parier sur la politique et l&#039;\u00e9lection Pr\u00e9sidentielle 2022 - Finale Coupe du Monde FIFA<\/title>\n<meta name=\"description\" content=\"Parier avec Winamax 100\u20ac offert pour votre 1er Pari sur la Politique, le Sport! Guide du Bookmaker pour profiter du Bonus de bienvenue...\" \/>\n<meta name=\"robots\" content=\"index, follow, max-snippet:-1, max-image-preview:large, max-video-preview:-1\" \/>\n<link rel=\"canonical\" href=\"https:\/\/parier-presidentielle.com\/tr\/winamax-policy-secim-2022\/\" \/>\n<meta property=\"og:locale\" content=\"tr_TR\" \/>\n<meta property=\"og:type\" content=\"article\" \/>\n<meta property=\"og:title\" content=\"Winamax : Parier sur la politique et l&#039;\u00e9lection Pr\u00e9sidentielle 2022\" \/>\n<meta property=\"og:description\" content=\"Parier avec Winamax 100\u20ac offert pour votre 1er Pari sur la Politique, le Sport! Guide du Bookmaker pour profiter du Bonus de bienvenue...\" \/>\n<meta property=\"og:url\" content=\"https:\/\/parier-presidentielle.com\/tr\/winamax-policy-secim-2022\/\" \/>\n<meta property=\"og:site_name\" content=\"Parier Pr\u00e9sidentielle\" \/>\n<meta property=\"article:modified_time\" content=\"2022-04-24T09:53:58+00:00\" \/>\n<meta property=\"og:image\" content=\"https:\/\/parier-presidentielle.com\/wp-content\/uploads\/2022\/03\/winamax-election-presidentielle.jpg\" \/>\n<meta name=\"twitter:card\" content=\"summary_large_image\" \/>\n<meta name=\"twitter:label1\" content=\"Est. reading time\" \/>\n\t<meta name=\"twitter:data1\" content=\"3 dakika\" \/>\n<script type=\"application\/ld+json\" class=\"yoast-schema-graph\">{\"@context\":\"https:\/\/schema.org\",\"@graph\":[{\"@type\":\"WebPage\",\"@id\":\"https:\/\/parier-presidentielle.com\/winamax-politique-election-2022\/\",\"url\":\"https:\/\/parier-presidentielle.com\/winamax-politique-election-2022\/\",\"name\":\"Winamax : Parier sur la politique et l'\u00e9lection Pr\u00e9sidentielle 2022 - Finale Coupe du Monde FIFA\",\"isPartOf\":{\"@id\":\"https:\/\/parier-presidentielle.com\/#website\"},\"datePublished\":\"2021-09-14T14:52:08+00:00\",\"dateModified\":\"2022-04-24T09:53:58+00:00\",\"description\":\"Parier avec Winamax 100\u20ac offert pour votre 1er Pari sur la Politique, le Sport! Guide du Bookmaker pour profiter du Bonus de bienvenue...\",\"breadcrumb\":{\"@id\":\"https:\/\/parier-presidentielle.com\/winamax-politique-election-2022\/#breadcrumb\"},\"inLanguage\":\"tr\",\"potentialAction\":[{\"@type\":\"ReadAction\",\"target\":[\"https:\/\/parier-presidentielle.com\/winamax-politique-election-2022\/\"]}]},{\"@type\":\"BreadcrumbList\",\"@id\":\"https:\/\/parier-presidentielle.com\/winamax-politique-election-2022\/#breadcrumb\",\"itemListElement\":[{\"@type\":\"ListItem\",\"position\":1,\"name\":\"Accueil\",\"item\":\"https:\/\/parier-presidentielle.com\/\"},{\"@type\":\"ListItem\",\"position\":2,\"name\":\"Winamax : Parier sur la politique et l&#8217;\u00e9lection Pr\u00e9sidentielle 2022\"}]},{\"@type\":\"WebSite\",\"@id\":\"https:\/\/parier-presidentielle.com\/#website\",\"url\":\"https:\/\/parier-presidentielle.com\/\",\"name\":\"Parier Pr\u00e9sidentielle\",\"description\":\"Paris, Pronostics, Wiki sur la Politique, les Elections Am\u00e9ricaines: Joe Biden, Donald Trump avec les Bookmakers en ligne Unibet, Bwin, Betclic, Winamax\",\"potentialAction\":[{\"@type\":\"SearchAction\",\"target\":{\"@type\":\"EntryPoint\",\"urlTemplate\":\"https:\/\/parier-presidentielle.com\/?s={search_term_string}\"},\"query-input\":\"required name=search_term_string\"}],\"inLanguage\":\"tr\"}]}<\/script>\n<!-- \/ Yoast SEO Premium plugin. -->","yoast_head_json":{"title":"Winamax : Parier sur la politique et l'\u00e9lection Pr\u00e9sidentielle 2022 - Finale Coupe du Monde FIFA","description":"Parier avec Winamax 100\u20ac offert pour votre 1er Pari sur la Politique, le Sport! Guide du Bookmaker pour profiter du Bonus de bienvenue...","robots":{"index":"index","follow":"follow","max-snippet":"max-snippet:-1","max-image-preview":"max-image-preview:large","max-video-preview":"max-video-preview:-1"},"canonical":"https:\/\/parier-presidentielle.com\/tr\/winamax-policy-secim-2022\/","og_locale":"tr_TR","og_type":"article","og_title":"Winamax : Parier sur la politique et l'\u00e9lection Pr\u00e9sidentielle 2022","og_description":"Parier avec Winamax 100\u20ac offert pour votre 1er Pari sur la Politique, le Sport! Guide du Bookmaker pour profiter du Bonus de bienvenue...","og_url":"https:\/\/parier-presidentielle.com\/tr\/winamax-policy-secim-2022\/","og_site_name":"Parier Pr\u00e9sidentielle","article_modified_time":"2022-04-24T09:53:58+00:00","og_image":[{"url":"https:\/\/parier-presidentielle.com\/wp-content\/uploads\/2022\/03\/winamax-election-presidentielle.jpg"}],"twitter_card":"summary_large_image","twitter_misc":{"Est. reading time":"3 dakika"},"schema":{"@context":"https:\/\/schema.org","@graph":[{"@type":"WebPage","@id":"https:\/\/parier-presidentielle.com\/winamax-politique-election-2022\/","url":"https:\/\/parier-presidentielle.com\/winamax-politique-election-2022\/","name":"Winamax : Parier sur la politique et l'\u00e9lection Pr\u00e9sidentielle 2022 - Finale Coupe du Monde FIFA","isPartOf":{"@id":"https:\/\/parier-presidentielle.com\/#website"},"datePublished":"2021-09-14T14:52:08+00:00","dateModified":"2022-04-24T09:53:58+00:00","description":"Parier avec Winamax 100\u20ac offert pour votre 1er Pari sur la Politique, le Sport! Guide du Bookmaker pour profiter du Bonus de bienvenue...","breadcrumb":{"@id":"https:\/\/parier-presidentielle.com\/winamax-politique-election-2022\/#breadcrumb"},"inLanguage":"tr","potentialAction":[{"@type":"ReadAction","target":["https:\/\/parier-presidentielle.com\/winamax-politique-election-2022\/"]}]},{"@type":"BreadcrumbList","@id":"https:\/\/parier-presidentielle.com\/winamax-politique-election-2022\/#breadcrumb","itemListElement":[{"@type":"ListItem","position":1,"name":"Accueil","item":"https:\/\/parier-presidentielle.com\/"},{"@type":"ListItem","position":2,"name":"Winamax : Parier sur la politique et l&#8217;\u00e9lection Pr\u00e9sidentielle 2022"}]},{"@type":"WebSite","@id":"https:\/\/parier-presidentielle.com\/#website","url":"https:\/\/parier-presidentielle.com\/","name":"Parier Pr\u00e9sidentielle","description":"Paris, Pronostics, Wiki sur la Politique, les Elections Am\u00e9ricaines: Joe Biden, Donald Trump avec les Bookmakers en ligne Unibet, Bwin, Betclic, Winamax","potentialAction":[{"@type":"SearchAction","target":{"@type":"EntryPoint","urlTemplate":"https:\/\/parier-presidentielle.com\/?s={search_term_string}"},"query-input":"required name=search_term_string"}],"inLanguage":"tr"}]}},"_links":{"self":[{"href":"https:\/\/parier-presidentielle.com\/tr\/wp-json\/wp\/v2\/pages\/257"}],"collection":[{"href":"https:\/\/parier-presidentielle.com\/tr\/wp-json\/wp\/v2\/pages"}],"about":[{"href":"https:\/\/parier-presidentielle.com\/tr\/wp-json\/wp\/v2\/types\/page"}],"author":[{"embeddable":true,"href":"https:\/\/parier-presidentielle.com\/tr\/wp-json\/wp\/v2\/users\/1"}],"replies":[{"embeddable":true,"href":"https:\/\/parier-presidentielle.com\/tr\/wp-json\/wp\/v2\/comments?post=257"}],"version-history":[{"count":8,"href":"https:\/\/parier-presidentielle.com\/tr\/wp-json\/wp\/v2\/pages\/257\/revisions"}],"predecessor-version":[{"id":1630,"href":"https:\/\/parier-presidentielle.com\/tr\/wp-json\/wp\/v2\/pages\/257\/revisions\/1630"}],"wp:attachment":[{"href":"https:\/\/parier-presidentielle.com\/tr\/wp-json\/wp\/v2\/media?parent=257"}],"curies":[{"name":"wp","href":"https:\/\/api.w.org\/{rel}","templated":true}]}}