{"id":281,"date":"2021-09-14T23:03:41","date_gmt":"2021-09-14T21:03:41","guid":{"rendered":"https:\/\/parier-presidentielle.com\/?page_id=281"},"modified":"2023-09-11T13:47:08","modified_gmt":"2023-09-11T11:47:08","slug":"anne-hidalgo-election-2022","status":"publish","type":"page","link":"https:\/\/parier-presidentielle.com\/tr\/anne-hidalgo-secim-2022\/","title":{"rendered":"Anne Hidalgo 2022&#039;nin se\u00e7ilmesine bahis yap\u0131n"},"content":{"rendered":"<h2 class=\"wp-block-heading\" id=\"h-les-cotes-des-bookmakers\"><span id=\"les-cotes-des-bookmakers\">Bahis oranlar\u0131: <\/span><\/h2>\n\n\n\n<h3 class=\"wp-block-heading\" id=\"h-william-hill-propose-une-cote-de-41\"><span id=\"william-hill-propose-une-cote-de-41\">William Hill 41 oran sunuyor<\/span><\/h3>\n\n\n\n<figure class=\"wp-block-image size-large\"><img decoding=\"async\" loading=\"lazy\" width=\"1024\" height=\"42\" src=\"https:\/\/parier-presidentielle.com\/wp-content\/uploads\/2021\/09\/image-1-1024x42.png\" alt=\"William Hill&#039;de Anne Hidalgo\" class=\"wp-image-310\" srcset=\"https:\/\/parier-presidentielle.com\/wp-content\/uploads\/2021\/09\/image-1-1024x42.png 1024w, https:\/\/parier-presidentielle.com\/wp-content\/uploads\/2021\/09\/image-1-300x12.png 300w, https:\/\/parier-presidentielle.com\/wp-content\/uploads\/2021\/09\/image-1-768x32.png 768w, https:\/\/parier-presidentielle.com\/wp-content\/uploads\/2021\/09\/image-1.png 1072w\" sizes=\"(max-width: 1024px) 100vw, 1024px\" \/><\/figure>\n\n\n\n<h3 class=\"wp-block-heading\" id=\"h-betclic-propose-une-cote-de-22\"><span id=\"betclic-propose-une-cote-de-22\">Betclic 22 oran sunuyor<\/span><\/h3>\n\n\n\n<figure class=\"wp-block-image size-full\"><img decoding=\"async\" loading=\"lazy\" width=\"991\" height=\"73\" src=\"https:\/\/parier-presidentielle.com\/wp-content\/uploads\/2021\/09\/image-2.png\" alt=\"\" class=\"wp-image-313\" srcset=\"https:\/\/parier-presidentielle.com\/wp-content\/uploads\/2021\/09\/image-2.png 991w, https:\/\/parier-presidentielle.com\/wp-content\/uploads\/2021\/09\/image-2-300x22.png 300w, https:\/\/parier-presidentielle.com\/wp-content\/uploads\/2021\/09\/image-2-768x57.png 768w\" sizes=\"(max-width: 991px) 100vw, 991px\" \/><\/figure>\n\n\n\n<h3 class=\"wp-block-heading\" id=\"h-unibet-propose-une-cote-de-21\"><span id=\"unibet-propose-une-cote-de-21\">Unibet 21 oran sunuyor<\/span><\/h3>\n\n\n\n<figure class=\"wp-block-image size-full\"><img decoding=\"async\" loading=\"lazy\" width=\"1000\" height=\"64\" src=\"https:\/\/parier-presidentielle.com\/wp-content\/uploads\/2021\/09\/image-3.png\" alt=\"\" class=\"wp-image-314\" srcset=\"https:\/\/parier-presidentielle.com\/wp-content\/uploads\/2021\/09\/image-3.png 1000w, https:\/\/parier-presidentielle.com\/wp-content\/uploads\/2021\/09\/image-3-300x19.png 300w, https:\/\/parier-presidentielle.com\/wp-content\/uploads\/2021\/09\/image-3-768x49.png 768w\" sizes=\"(max-width: 1000px) 100vw, 1000px\" \/><\/figure>\n\n\n\n<p><\/p>\n\n\n\n<h2 class=\"wp-block-heading has-text-align-center\" id=\"h-analyse-amp-pronostics-pour-parier-sur-la-victoire-d-anne-hidalgo\"><span id=\"analyse-pronostics-pour-parier-sur-la-victoire-d8217anne-hidalgo\">Anne Hidalgo&#039;nun zaferine bahis yap\u0131lacak Analiz ve Tahminler<\/span><\/h2>\n\n\n\n<p>Duyurusunun ard\u0131ndan Unibet ve Betclic&#039;in yakla\u015f\u0131k olarak ayn\u0131 oranlar\u0131 sundu\u011funu, \u0130ngiliz bahis \u015firketi William Hill&#039;in ise oranlar\u0131n 41, yani iki kat oldu\u011funu g\u00f6r\u00fcyoruz! Bu y\u00fczden Anne Hidalgo&#039;nun se\u00e7imine bahis yapmak i\u00e7in bu bahis\u00e7iyi kullanman\u0131z\u0131 \u00f6neririz! <\/p>\n\n\n\n<p><\/p>\n\n\n\n<h3 class=\"wp-block-heading\" id=\"h-la-transformation-d-anne-hidalgo-en-candidate-a-la-presidentielle-en-2022-la-maire-de-paris-qui-ne-voulait-pas-se-presenter-l-election-a-changer-d-avis\"><span id=\"la-transformation-d8217anne-hidalgo-en-candidate-a-la-presidentielle-en-2022-la-maire-de-paris-qui-ne-voulait-pas-se-presenter-l8217election-a-changer-d8217avis8230\">Anne Hidalgo&#039;nun 2022&#039;de ba\u015fkan aday\u0131na d\u00f6n\u00fc\u015f\u00fcm\u00fc: Se\u00e7imlere kat\u0131lmak istemeyen Paris Belediye Ba\u015fkan\u0131 fikrini de\u011fi\u015ftirdi...<\/span><\/h3>\n\n\n\n<p>&quot;Paris Belediye Ba\u015fkan\u0131 olmaktan ba\u015fka bir \u015fey aram\u0131yorum: 2022 se\u00e7imlerinde aday olmayaca\u011f\u0131m&quot;<\/p>\n\n\n\n<p>Bir r\u00f6portajda Anne Hidalgo&#039;yu ilan etti. Bahis\u00e7iler haftalarca s\u00fcren sahte \u015f\u00fcphelerden sonra, ona \u015fanslar\u0131n\u0131 vererek ve Elys\u00e9e&#039;deki \u015fans\u0131na bahis yapma olas\u0131l\u0131\u011f\u0131n\u0131 da dahil ederek bunu tahmin etmi\u015fti, 12 Eyl\u00fcl Pazar g\u00fcn\u00fc adayl\u0131\u011f\u0131n\u0131 a\u00e7\u0131klad\u0131.<a href=\"https:\/\/parier-presidentielle.com\/tr\/\"> 2022 ba\u015fkanl\u0131k se\u00e7imi.<\/a> \u201cBu kampanyada kendimi hi\u00e7 beklemiyordum ama ayn\u0131 zamanda bir\u00e7ok kad\u0131n ve erke\u011fin, se\u00e7ilmi\u015f yetkilinin, dernek temsilcisinin, Frans\u0131z kad\u0131n ve erke\u011fin bana gelip \u015funu s\u00f6yledi\u011fini de g\u00f6rd\u00fcm: &#039;Sana ait olan bu sorumluluktan ka\u00e7amazs\u0131n. &#039;&#039;Peki bu de\u011fi\u015fiklik neden? Onu de\u011fi\u015fmeye iten de bu ko\u015fullar oldu.\u201d . Zorluk o kadar b\u00fcy\u00fck ki ba\u015fka yer yok\u201d, dedi Paris&#039;ten bir PS senat\u00f6r\u00fc. Herkesin g\u00f6z\u00fcnde, 28 Haziran 2020&#039;de ba\u015fkentteki belediye se\u00e7imlerinin ikinci turu s\u0131ras\u0131nda Anne Hidalgo&#039;nun net bir \u015fekilde yeniden se\u00e7ilmesi, onun ba\u015fkanl\u0131k se\u00e7imine do\u011fru ilk ki\u015fisel ad\u0131m\u0131 oldu. PS Bourg-en-Bresse (AIN) belediye ba\u015fkan\u0131 ve kapal\u0131 aday Jean-Fran\u00e7ois Bebat, &quot;Me\u015fruiyeti, \u00f6zg\u00fcveni yeniden tesis etmek ve imkans\u0131z\u0131 ba\u015farmak i\u00e7in zafer&quot; dedi.<\/p>\n\n\n\n<figure class=\"wp-block-image size-large wp-duotone-000097-ff4747-1\"><img decoding=\"async\" loading=\"lazy\" width=\"1024\" height=\"512\" src=\"https:\/\/parier-presidentielle.com\/wp-content\/uploads\/2021\/09\/Presidentielle-quelle-equipe-pour-accompagner-Anne-Hidalgo-1024x512.jpg\" alt=\"Anne Hidalgo ba\u015fkanl\u0131k se\u00e7imine gidiyor\" class=\"wp-image-291\" srcset=\"https:\/\/parier-presidentielle.com\/wp-content\/uploads\/2021\/09\/Presidentielle-quelle-equipe-pour-accompagner-Anne-Hidalgo-1024x512.jpg 1024w, https:\/\/parier-presidentielle.com\/wp-content\/uploads\/2021\/09\/Presidentielle-quelle-equipe-pour-accompagner-Anne-Hidalgo-300x150.jpg 300w, https:\/\/parier-presidentielle.com\/wp-content\/uploads\/2021\/09\/Presidentielle-quelle-equipe-pour-accompagner-Anne-Hidalgo-768x384.jpg 768w, https:\/\/parier-presidentielle.com\/wp-content\/uploads\/2021\/09\/Presidentielle-quelle-equipe-pour-accompagner-Anne-Hidalgo-1536x768.jpg 1536w, https:\/\/parier-presidentielle.com\/wp-content\/uploads\/2021\/09\/Presidentielle-quelle-equipe-pour-accompagner-Anne-Hidalgo.jpg 2000w\" sizes=\"(max-width: 1024px) 100vw, 1024px\" \/><\/figure>\n\n\n\n<h2 class=\"wp-block-heading\" id=\"h-cap-politique-sur-2022\"><span id=\"cap-politique-sur-2022\">2022 i\u00e7in siyasi kurs<\/span><\/h2>\n\n\n\n<p>Belediye se\u00e7imlerinden sonra Anne Hidalgo&#039;nun zihni h\u00e2l\u00e2 olduk\u00e7a belirsiz. Bu siyasi arkada\u015flar\u0131 ve sivil toplumdan ve di\u011fer derneklerden ald\u0131\u011f\u0131 destek onu aday olmaya itti. 2020 yaz\u0131ndan itibaren 2022 hedefini defalarca ona dinlettiler: &#039;Do\u011fru ki\u015fiyseniz Paris&#039;te kal\u0131yorum diyemezsiniz. se\u00e7emiyoruz <a href=\"https:\/\/parier-presidentielle.com\/tr\/macron-secim\/\">Macron<\/a> Neresi <a href=\"https:\/\/parier-presidentielle.com\/tr\/marine-le-pen-secim\/\">Kalem <\/a>Ge\u00e7en sefer yapt\u0131\u011f\u0131m\u0131z gibi.&quot; <\/p>\n\n\n\n<p>Paris belediye ba\u015fkan\u0131, \u00fcnl\u00fc Le Pen-Macron ikilisinin de\u011fi\u015ftirilmesinin gerekli oldu\u011funa inan\u0131yor. Bir senat\u00f6r arkada\u015f\u0131, &quot;Dinledi\u011fini hissettim ama bu sorunu \u00e7ok spesifik bir \u015fekilde \u00e7\u00f6zmek istemedi&quot; diye hat\u0131rlad\u0131. Yaz ge\u00e7ti ve okul y\u0131l\u0131n\u0131n ba\u015flang\u0131c\u0131 belediye meclis \u00fcyelerinin medyaya d\u00f6n\u00fc\u015f\u00fcn\u00fc i\u015faret ediyor. Zaten bunu hissediyoruz, tonu farkl\u0131. \u201cBana dair alg\u0131n\u0131n de\u011fi\u015fti\u011fini g\u00f6rebiliyorum. Yorumcular\u0131n sesini duydum ve bu yaz tan\u0131\u015ft\u0131\u011f\u0131m Parislilerin ve Frans\u0131zlar\u0131n co\u015fkulu tepkisini g\u00f6rd\u00fcm\u201d dedi. \u201cGelecekteki sava\u015fa kat\u0131laca\u011f\u0131na\u201d karar verdi. \u0130ki ay sonra Lib\u00e9ration&#039;la yapt\u0131\u011f\u0131 r\u00f6portajda bu s\u00f6z\u00fcn\u00fc yineledi. \u201cBug\u00fcn siyasi d\u00fczeyde: \u00d6l\u00fcmc\u00fcl farkl\u0131l\u0131klar\u0131m\u0131zdan kurtulmay\u0131 ba\u015fard\u0131k ve en fazla say\u0131da insan\u0131 bir araya getiren ortak bir vizyon geli\u015ftirdik mi? Bunu istiyorum\u201d dedi Anne Hidalgo.<\/p>\n\n\n\n<h2 class=\"wp-block-heading\" id=\"h-la-bataille-pour-la-presidentielle\"><span id=\"la-bataille-pour-la-presidentielle\">Cumhurba\u015fkanl\u0131\u011f\u0131 i\u00e7in sava\u015f<\/span><\/h2>\n\n\n\n<p>Ayn\u0131 zamanda yak\u0131nlar\u0131 umut etmeye devam etti:<\/p>\n\n\n\n<blockquote class=\"wp-block-quote\">\n<p>&quot;Ba\u015fkanl\u0131\u011fa aday olursa onu destekleyece\u011fime dair ona g\u00fcvence veriyorum&quot; <\/p>\n<\/blockquote>\n\n\n\n<p>Ancak Annie Hidalgo&#039;nun akl\u0131nda ba\u015fka \u015feyler olan bir kad\u0131nd\u0131r. Bertrand Delano\u00eb&#039;nin eski yard\u0131mc\u0131s\u0131 ve Paris&#039;in iki kez \u015fu anki belediye ba\u015fkan\u0131, ba\u015fkan aday\u0131n\u0131n sakin bir \u015fekilde haz\u0131rland\u0131\u011f\u0131n\u0131 biliyor. &quot;San\u0131r\u0131m gitmeye haz\u0131r. Bu durumda bir kad\u0131n olup olamayaca\u011f\u0131n\u0131 g\u00f6rmek i\u00e7in bir program,&quot; diye temin etti PS belediye ba\u015fkan\u0131. Paris belediye ba\u015fkan\u0131, &quot;solun yenilenmesinin&quot; yaln\u0131zca &quot;2017&#039;den bu yana se\u00e7im kazanan politikac\u0131lar\u0131&quot; g\u00f6rece\u011fine inan\u0131yor.<\/p>\n\n\n\n<h2 class=\"wp-block-heading\" id=\"h-la-naissance-d-une-ambition\"><span id=\"la-naissance-d8217une-ambition\">Bir h\u0131rs\u0131n do\u011fu\u015fu<\/span><\/h2>\n\n\n\n<p><br>Ancak Anne Hidalgo Paris&#039;e \u00e7ok fazla enerji harcarsa ba\u015fkentin d\u0131\u015f\u0131ndaki a\u011f\u0131 \u00e7ok zay\u0131f olur. Bu nedenle her \u015feyin kurulmas\u0131 gerekiyor. haftal\u0131k, Marc Dupond, lakapl\u0131 <strong>\u00ab Fransa belediye ba\u015fkanlar\u0131n\u0131n teknik direkt\u00f6r\u00fc<\/strong> \u00bb, Fransa&#039;n\u0131n her yerinde onu aray\u0131n!<\/p>\n\n\n\n<p><\/p>\n\n\n\n<p><\/p>\n\n\n\n<p>Art\u0131k \u00e7evresi taraf\u0131ndan desteklenen geriye kalan tek \u015fey PS fillerinin kutsamas\u0131. Sosyalist (ve b\u00f6l\u00fcc\u00fc) mant\u0131ktan her zaman uzak duran Anne Hidalgo, PS&#039;deki yaz okulunda \u00e7ok iyi kar\u015f\u0131land\u0131. Parti lideri Olivier Faure \u015funlar\u0131 s\u00f6yledi: \u201cB\u00f6yle devam edece\u011fine ve ba\u015fkanl\u0131k se\u00e7imlerinde ba\u015far\u0131l\u0131 olaca\u011f\u0131na inan\u0131yorum. Anne Hidalgo resmi bir a\u00e7\u0131klama yapmazsa 2022 y\u0131l\u0131 i\u00e7in maceraya devam edecek  <\/p>\n\n\n\n<p>Elys\u00e9e&#039;ye kat\u0131lan her yar\u0131\u015fmac\u0131 i\u00e7in bir di\u011fer \u00f6nemli ad\u0131m da program kitab\u0131n\u0131 yazmakt\u0131r.  <em>\u201cFrans\u0131z bir kad\u0131n\u201d<\/em> 15 Eyl\u00fcl&#039;de yay\u0131nland\u0131. \u201cYani evet, kariyerini ba\u015fkanl\u0131k h\u0131rslar\u0131na dayand\u0131rmad\u0131, ancak siyasi bir liderin oldu\u011funu ke\u015ffettim. Ancak: Annie Hidalgo anketlerde yaln\u0131zca 7 ila 9 % taraf\u0131ndan destekleniyor\u2026<br>Bu nedenle Hildago&#039;ya bahis oynamak riskli bir bahis olmaya devam ediyor!<\/p>\n\n\n\n<p><\/p>\n\n\n\n<p><\/p>\n\n\n\n<p class=\"has-text-align-center unibet\" style=\"font-size:25px\"><mark style=\"background-color:rgba(0, 0, 0, 0);color:#0d7a12\" class=\"has-inline-color\"><strong><a href=\"https:\/\/parier-presidentielle.com\/tr\/recommends\/unibet\/\">Unibet ile sunulan 150 \u20ac Bonus<br>1. Politik veya Spor Bahsiniz i\u00e7in: Buraya t\u0131klay\u0131n<\/a><\/strong><\/mark><\/p>\n\n\n\n<p><\/p>\n\n\n<div class=\"wp-block-image\">\n<figure class=\"aligncenter is-resized wp-duotone-000097-ff4747-2\"><img decoding=\"async\" loading=\"lazy\" src=\"https:\/\/parier-presidentielle.com\/wp-content\/uploads\/2021\/09\/election-standard-scale-4_00x-gigapixel-1024x623.jpg\" alt=\"Se\u00e7im 2022\" style=\"width:256px;height:156px\" width=\"256\" height=\"156\"\/><\/figure><\/div>\n\n\n<p><br><\/p>\n\n\n\n<p><strong>Parier-presidentielle, farkl\u0131 se\u00e7enekler aras\u0131nda se\u00e7im yapman\u0131za yard\u0131mc\u0131 olur.<a href=\"https:\/\/parier-presidentielle.com\/tr\/\"> Bahis\u00e7iler Bwin, Unibet, Betclic 2024&#039;te Gelece\u011fin Amerikan Ba\u015fkan\u0131na Bahis Yapacak<\/a> : <\/strong><br><a href=\"https:\/\/parier-presidentielle.com\/tr\/unibet-policy-secim-2022\/\">Unibet Cumhurba\u015fkanl\u0131\u011f\u0131 Bahis\u00e7isi<\/a> : T\u00fcm oranlarla \u00e7evrimi\u00e7i ilk bahsinizi yapmak ve sunulan Bonustan nas\u0131l yararlanaca\u011f\u0131n\u0131z konusunda ayr\u0131nt\u0131l\u0131 ve \u00fccretsiz rehber!<\/p>\n\n\n\n<p>Di\u011fer \u00e7evrimi\u00e7i bahis sitelerinin yan\u0131 s\u0131ra: <a href=\"https:\/\/parier-presidentielle.com\/tr\/unibet-policy-secim-2022\/\">Bwin<\/a>, <a href=\"https:\/\/parier-presidentielle.com\/tr\/netbet-paris-politika-secim-2022\/\">NetBet<\/a>, <a href=\"https:\/\/parier-presidentielle.com\/tr\/betclic-baskanlik-2022\/\">Betclic<\/a>, <a href=\"https:\/\/parier-presidentielle.com\/tr\/winamax-policy-secim-2022\/\">Winamax<\/a>, Parions Sport, Zebet, Betway, France-Pari, Vbet, Cloudbet, 1Xbit, 1xbet, Betfair, Betwinner\u2026<\/p>\n\n\n\n<div class=\"wp-block-columns is-layout-flex wp-container-7 wp-block-columns-is-layout-flex\">\n<div class=\"wp-block-column is-layout-flow wp-block-column-is-layout-flow\" style=\"flex-basis:33.33%\">\n<p>Dosyam\u0131z\u0131 okudunuz:<\/p>\n<\/div>\n\n\n\n<div class=\"wp-block-column is-layout-flow wp-block-column-is-layout-flow\" style=\"flex-basis:33.33%\">\n<div class=\"wp-block-group is-layout-flow wp-block-group-is-layout-flow\"><div class=\"wp-block-group__inner-container\"><h4 class=\"has-text-align-center wp-block-post-title\"><span id=\"parier-sur-lelection-danne-hidalgo-2022\"><a href=\"https:\/\/parier-presidentielle.com\/tr\/anne-hidalgo-secim-2022\/\" target=\"_self\" >Anne Hidalgo 2022&#039;nin se\u00e7ilmesine bahis yap\u0131n<\/a><\/span><\/h4><\/div><\/div>\n<\/div>\n\n\n\n<div class=\"wp-block-column is-layout-flow wp-block-column-is-layout-flow\" style=\"flex-basis:33.33%\">\n<p class=\"has-text-align-right\">Di\u011fer \u00f6zel dosyalar\u0131m\u0131zla okumaya devam edin,<\/p>\n<\/div>\n<\/div>\n\n\n\n<h3 class=\"wp-block-heading\" id=\"tous-les-pronostics-sondage-et-cotes-pour-parier-sur-le-futur-vainqueur-de-l-election-presidentielle-2022\"><span id=\"tous-les-pronostics-sondage-et-cotes-pour-parier-sur-le-futur-vainqueur-de-l8217election-presidentielle-2024\">2024 Cumhurba\u015fkanl\u0131\u011f\u0131 se\u00e7iminin gelecekteki kazanan\u0131na dair bahis yap\u0131labilecek t\u00fcm Tahminler, Anketler ve Oranlar:<\/span><\/h3>\n\n\n\n<ul>\n<li><a href=\"https:\/\/parier-presidentielle.com\/tr\/macron-secim\/\">Unibet, Betclic, Bwin ile Emmanuel Macron&#039;a bahis yap\u0131n<\/a> : Anketlerin ve tahminlerin favorisi <\/li>\n\n\n\n<li><a href=\"https:\/\/parier-presidentielle.com\/tr\/marine-le-pen-secim\/\">Marine Le Pen: Oranlar\u0131 ve Bahis\u00e7iler ile nas\u0131l bahis oynan\u0131r<\/a>: Unibet&#039;e g\u00f6re meydan okuyan<\/li>\n<\/ul>\n\n\n\n<p><\/p>\n\n\n\n<center><script type=\"text\/javascript\" charset=\"utf-8\" src=\"https:\/\/www.gambling-affiliation.com\/cpm\/v=AmIMTDSs92QY6b0MzDMvM5laCjJ-ZlA-1oQ-7tKsi.w_GA7331V2\"><\/script><\/center>\n\n\n\n<h3 class=\"wp-block-heading\"><span id=\"donald-trump-vs-joe-biden-la-video-qui-lance-les-paris-en-ligne-sur-l8217election-politique-de-2024\">Donald Trump vs Joe Biden: 2024 siyasi se\u00e7imlerinde \u00e7evrimi\u00e7i bahis oynamay\u0131 ba\u015flatan video<\/span><\/h3>\n\n\n\n<figure class=\"wp-block-embed is-type-video is-provider-youtube wp-block-embed-youtube wp-embed-aspect-16-9 wp-has-aspect-ratio\"><div class=\"wp-block-embed__wrapper\">\n<iframe loading=\"lazy\" title=\"Eski Ba\u015fkan Donald Trump, 2024 Beyaz Saray teklifini ba\u015flatt\u0131 #Short\" width=\"640\" height=\"360\" src=\"https:\/\/www.youtube.com\/embed\/hZykPRVe4Ag?feature=oembed\" frameborder=\"0\" allow=\"accelerometer; autoplay; clipboard-write; encrypted-media; gyroscope; picture-in-picture; web-share\" allowfullscreen><\/iframe>\n<\/div><\/figure>\n\n\n<div class=\"wp-block-image\">\n<figure class=\"aligncenter size-medium\"><a href=\"https:\/\/parier-presidentielle.com\/tr\/recommends\/unibet\/\" target=\"_blank\" rel=\"noopener\"><img decoding=\"async\" loading=\"lazy\" width=\"300\" height=\"169\" src=\"https:\/\/parier-presidentielle.com\/wp-content\/uploads\/2022\/04\/unibet-300x169.jpg\" alt=\"\" class=\"wp-image-1252\" srcset=\"https:\/\/parier-presidentielle.com\/wp-content\/uploads\/2022\/04\/unibet-300x169.jpg 300w, https:\/\/parier-presidentielle.com\/wp-content\/uploads\/2022\/04\/unibet-1024x576.jpg 1024w, https:\/\/parier-presidentielle.com\/wp-content\/uploads\/2022\/04\/unibet-768x432.jpg 768w, https:\/\/parier-presidentielle.com\/wp-content\/uploads\/2022\/04\/unibet-18x10.jpg 18w, https:\/\/parier-presidentielle.com\/wp-content\/uploads\/2022\/04\/unibet.jpg 1280w\" sizes=\"(max-width: 300px) 100vw, 300px\" \/><\/a><\/figure><\/div>\n\n\n<p>Esrar ve yasal t\u00fcrevleriyle ilgili ana siyasi haber olan Wiki&#039;yi bulun: <strong>HHC, H4cbd, Thcp, Thcv, HSD, HHCPO, C4B<\/strong><\/p>\n<div id=\"toc_container\" class=\"no_bullets\"><p class=\"toc_title\">\u0130\u00e7indekiler<\/p><ul class=\"toc_list\"><li><ul><li><\/li><li><\/li><li><\/li><\/ul><\/li><li><ul><li><\/li><\/ul><\/li><li><\/li><li><\/li><li><ul><li><ul><li><\/li><\/ul><\/li><li><\/li><li><\/li><\/ul><\/li><\/ul><\/div>","protected":false},"excerpt":{"rendered":"<p>Bahis\u00e7ilerin oranlar\u0131: William Hill 41 oran sunuyor Betclic 22 oran sunuyor Unibet 21 oran sunuyor Anne Hidalgo&#039;nun zaferine bahis yapmak i\u00e7in Analiz ve Tahminler Duyurusunun ard\u0131ndan Unibet ve Betclic&#039;in \u0130ngiliz bahis \u015firketi ile \u00f6nemli \u00f6l\u00e7\u00fcde ayn\u0131 oranlar\u0131 sundu\u011funu g\u00f6r\u00fcyoruz. William...<\/p>","protected":false},"author":1,"featured_media":0,"parent":0,"menu_order":0,"comment_status":"closed","ping_status":"closed","template":"page-nosidebar.php","meta":{"footnotes":""},"yoast_head":"<!-- This site is optimized with the Yoast SEO Premium plugin v21.0 (Yoast SEO v21.0) - https:\/\/yoast.com\/wordpress\/plugins\/seo\/ -->\n<title>Parier sur l\u2019\u00e9lection d\u2019Anne Hidalgo 2022 - Finale Coupe du Monde FIFA<\/title>\n<meta name=\"description\" content=\"Pariez sur Anne Hidalgo pour l&#039;Election 2022 : Cliquez Ici et Gagnez Gros! Pronostics ,Comparaison des Bookmakers et des meilleurs Cotes.\" \/>\n<meta name=\"robots\" content=\"index, follow, max-snippet:-1, max-image-preview:large, max-video-preview:-1\" \/>\n<link rel=\"canonical\" href=\"https:\/\/parier-presidentielle.com\/tr\/anne-hidalgo-secim-2022\/\" \/>\n<meta property=\"og:locale\" content=\"tr_TR\" \/>\n<meta property=\"og:type\" content=\"article\" \/>\n<meta property=\"og:title\" content=\"Parier sur l\u2019\u00e9lection d\u2019Anne Hidalgo 2022\" \/>\n<meta property=\"og:description\" content=\"Pariez sur Anne Hidalgo pour l&#039;Election 2022 : Cliquez Ici et Gagnez Gros! Pronostics ,Comparaison des Bookmakers et des meilleurs Cotes.\" \/>\n<meta property=\"og:url\" content=\"https:\/\/parier-presidentielle.com\/tr\/anne-hidalgo-secim-2022\/\" \/>\n<meta property=\"og:site_name\" content=\"Parier Pr\u00e9sidentielle\" \/>\n<meta property=\"article:modified_time\" content=\"2023-09-11T11:47:08+00:00\" \/>\n<meta property=\"og:image\" content=\"https:\/\/parier-presidentielle.com\/wp-content\/uploads\/2021\/09\/image-1-1024x42.png\" \/>\n<meta name=\"twitter:card\" content=\"summary_large_image\" \/>\n<meta name=\"twitter:label1\" content=\"Est. reading time\" \/>\n\t<meta name=\"twitter:data1\" content=\"5 dakika\" \/>\n<script type=\"application\/ld+json\" class=\"yoast-schema-graph\">{\"@context\":\"https:\/\/schema.org\",\"@graph\":[{\"@type\":\"WebPage\",\"@id\":\"https:\/\/parier-presidentielle.com\/anne-hidalgo-election-2022\/\",\"url\":\"https:\/\/parier-presidentielle.com\/anne-hidalgo-election-2022\/\",\"name\":\"Parier sur l\u2019\u00e9lection d\u2019Anne Hidalgo 2022 - Finale Coupe du Monde FIFA\",\"isPartOf\":{\"@id\":\"https:\/\/parier-presidentielle.com\/#website\"},\"datePublished\":\"2021-09-14T21:03:41+00:00\",\"dateModified\":\"2023-09-11T11:47:08+00:00\",\"description\":\"Pariez sur Anne Hidalgo pour l'Election 2022 : Cliquez Ici et Gagnez Gros! Pronostics ,Comparaison des Bookmakers et des meilleurs Cotes.\",\"breadcrumb\":{\"@id\":\"https:\/\/parier-presidentielle.com\/anne-hidalgo-election-2022\/#breadcrumb\"},\"inLanguage\":\"tr\",\"potentialAction\":[{\"@type\":\"ReadAction\",\"target\":[\"https:\/\/parier-presidentielle.com\/anne-hidalgo-election-2022\/\"]}]},{\"@type\":\"BreadcrumbList\",\"@id\":\"https:\/\/parier-presidentielle.com\/anne-hidalgo-election-2022\/#breadcrumb\",\"itemListElement\":[{\"@type\":\"ListItem\",\"position\":1,\"name\":\"Accueil\",\"item\":\"https:\/\/parier-presidentielle.com\/\"},{\"@type\":\"ListItem\",\"position\":2,\"name\":\"Parier sur l\u2019\u00e9lection d\u2019Anne Hidalgo 2022\"}]},{\"@type\":\"WebSite\",\"@id\":\"https:\/\/parier-presidentielle.com\/#website\",\"url\":\"https:\/\/parier-presidentielle.com\/\",\"name\":\"Parier Pr\u00e9sidentielle\",\"description\":\"Paris, Pronostics, Wiki sur la Politique, les Elections Am\u00e9ricaines: Joe Biden, Donald Trump avec les Bookmakers en ligne Unibet, Bwin, Betclic, Winamax\",\"potentialAction\":[{\"@type\":\"SearchAction\",\"target\":{\"@type\":\"EntryPoint\",\"urlTemplate\":\"https:\/\/parier-presidentielle.com\/?s={search_term_string}\"},\"query-input\":\"required name=search_term_string\"}],\"inLanguage\":\"tr\"}]}<\/script>\n<!-- \/ Yoast SEO Premium plugin. -->","yoast_head_json":{"title":"Parier sur l\u2019\u00e9lection d\u2019Anne Hidalgo 2022 - Finale Coupe du Monde FIFA","description":"Pariez sur Anne Hidalgo pour l'Election 2022 : Cliquez Ici et Gagnez Gros! Pronostics ,Comparaison des Bookmakers et des meilleurs Cotes.","robots":{"index":"index","follow":"follow","max-snippet":"max-snippet:-1","max-image-preview":"max-image-preview:large","max-video-preview":"max-video-preview:-1"},"canonical":"https:\/\/parier-presidentielle.com\/tr\/anne-hidalgo-secim-2022\/","og_locale":"tr_TR","og_type":"article","og_title":"Parier sur l\u2019\u00e9lection d\u2019Anne Hidalgo 2022","og_description":"Pariez sur Anne Hidalgo pour l'Election 2022 : Cliquez Ici et Gagnez Gros! Pronostics ,Comparaison des Bookmakers et des meilleurs Cotes.","og_url":"https:\/\/parier-presidentielle.com\/tr\/anne-hidalgo-secim-2022\/","og_site_name":"Parier Pr\u00e9sidentielle","article_modified_time":"2023-09-11T11:47:08+00:00","og_image":[{"url":"https:\/\/parier-presidentielle.com\/wp-content\/uploads\/2021\/09\/image-1-1024x42.png"}],"twitter_card":"summary_large_image","twitter_misc":{"Est. reading time":"5 dakika"},"schema":{"@context":"https:\/\/schema.org","@graph":[{"@type":"WebPage","@id":"https:\/\/parier-presidentielle.com\/anne-hidalgo-election-2022\/","url":"https:\/\/parier-presidentielle.com\/anne-hidalgo-election-2022\/","name":"Parier sur l\u2019\u00e9lection d\u2019Anne Hidalgo 2022 - Finale Coupe du Monde FIFA","isPartOf":{"@id":"https:\/\/parier-presidentielle.com\/#website"},"datePublished":"2021-09-14T21:03:41+00:00","dateModified":"2023-09-11T11:47:08+00:00","description":"Pariez sur Anne Hidalgo pour l'Election 2022 : Cliquez Ici et Gagnez Gros! Pronostics ,Comparaison des Bookmakers et des meilleurs Cotes.","breadcrumb":{"@id":"https:\/\/parier-presidentielle.com\/anne-hidalgo-election-2022\/#breadcrumb"},"inLanguage":"tr","potentialAction":[{"@type":"ReadAction","target":["https:\/\/parier-presidentielle.com\/anne-hidalgo-election-2022\/"]}]},{"@type":"BreadcrumbList","@id":"https:\/\/parier-presidentielle.com\/anne-hidalgo-election-2022\/#breadcrumb","itemListElement":[{"@type":"ListItem","position":1,"name":"Accueil","item":"https:\/\/parier-presidentielle.com\/"},{"@type":"ListItem","position":2,"name":"Parier sur l\u2019\u00e9lection d\u2019Anne Hidalgo 2022"}]},{"@type":"WebSite","@id":"https:\/\/parier-presidentielle.com\/#website","url":"https:\/\/parier-presidentielle.com\/","name":"Parier Pr\u00e9sidentielle","description":"Paris, Pronostics, Wiki sur la Politique, les Elections Am\u00e9ricaines: Joe Biden, Donald Trump avec les Bookmakers en ligne Unibet, Bwin, Betclic, Winamax","potentialAction":[{"@type":"SearchAction","target":{"@type":"EntryPoint","urlTemplate":"https:\/\/parier-presidentielle.com\/?s={search_term_string}"},"query-input":"required name=search_term_string"}],"inLanguage":"tr"}]}},"_links":{"self":[{"href":"https:\/\/parier-presidentielle.com\/tr\/wp-json\/wp\/v2\/pages\/281"}],"collection":[{"href":"https:\/\/parier-presidentielle.com\/tr\/wp-json\/wp\/v2\/pages"}],"about":[{"href":"https:\/\/parier-presidentielle.com\/tr\/wp-json\/wp\/v2\/types\/page"}],"author":[{"embeddable":true,"href":"https:\/\/parier-presidentielle.com\/tr\/wp-json\/wp\/v2\/users\/1"}],"replies":[{"embeddable":true,"href":"https:\/\/parier-presidentielle.com\/tr\/wp-json\/wp\/v2\/comments?post=281"}],"version-history":[{"count":21,"href":"https:\/\/parier-presidentielle.com\/tr\/wp-json\/wp\/v2\/pages\/281\/revisions"}],"predecessor-version":[{"id":2422,"href":"https:\/\/parier-presidentielle.com\/tr\/wp-json\/wp\/v2\/pages\/281\/revisions\/2422"}],"wp:attachment":[{"href":"https:\/\/parier-presidentielle.com\/tr\/wp-json\/wp\/v2\/media?parent=281"}],"curies":[{"name":"wp","href":"https:\/\/api.w.org\/{rel}","templated":true}]}}