{"id":30,"date":"2021-09-06T22:23:37","date_gmt":"2021-09-06T20:23:37","guid":{"rendered":"https:\/\/parier-presidentielle.com\/?page_id=30"},"modified":"2022-04-24T18:08:09","modified_gmt":"2022-04-24T16:08:09","slug":"macron-le-pen-bookmaker","status":"publish","type":"page","link":"https:\/\/parier-presidentielle.com\/tr\/macron-le-kalem-bahisci\/","title":{"rendered":"Macron \u2013 Le Pen: Bahis\u00e7iler cumhurba\u015fkanl\u0131\u011f\u0131 se\u00e7imlerinin \u0130kinci turu i\u00e7in Oranlar\u0131n\u0131 veriyor"},"content":{"rendered":"<div class=\"wp-block-columns is-layout-flex wp-container-4 wp-block-columns-is-layout-flex\">\n<div class=\"wp-block-column is-layout-flow wp-block-column-is-layout-flow\" style=\"flex-basis:100%\">\n<div class=\"wp-block-columns is-layout-flex wp-container-2 wp-block-columns-is-layout-flex\">\n<div class=\"wp-block-column is-layout-flow wp-block-column-is-layout-flow\" style=\"flex-basis:100%\">\n<center><script type=\"text\/javascript\" charset=\"utf-8\" src=\"https:\/\/www.gambling-affiliation.com\/cpm\/v=AmIMTDSs92QY6b0MzDMvM5laCjJ-ZlA-1oQ-7tKsi.w_GA7331V2\"><\/script><\/center>\n\n\n\n<p><\/p>\n\n\n\n<div class=\"wp-block-image is-style-default\"><figure class=\"aligncenter size-medium\"><a href=\"https:\/\/parier-presidentielle.com\/tr\/recommends\/unibet-logo\/\" target=\"_blank\" rel=\"no follow noopener\"><img decoding=\"async\" loading=\"lazy\" width=\"300\" height=\"169\" src=\"https:\/\/parier-presidentielle.com\/wp-content\/uploads\/2022\/04\/unibet-300x169.jpg\" alt=\"\" class=\"wp-image-1252\" srcset=\"https:\/\/parier-presidentielle.com\/wp-content\/uploads\/2022\/04\/unibet-300x169.jpg 300w, https:\/\/parier-presidentielle.com\/wp-content\/uploads\/2022\/04\/unibet-1024x576.jpg 1024w, https:\/\/parier-presidentielle.com\/wp-content\/uploads\/2022\/04\/unibet-768x432.jpg 768w, https:\/\/parier-presidentielle.com\/wp-content\/uploads\/2022\/04\/unibet-18x10.jpg 18w, https:\/\/parier-presidentielle.com\/wp-content\/uploads\/2022\/04\/unibet.jpg 1280w\" sizes=\"(max-width: 300px) 100vw, 300px\" \/><\/a><\/figure><\/div>\n<\/div>\n<\/div>\n<\/div>\n<\/div>\n\n\n\n<h2 class=\"wp-block-heading\"><span id=\"emmanuel-macron-gagnant-de-la-presidentielle-face-a-marine-le-pen\">Emmanuel Macron, Marine Le Pen&#039;e kar\u015f\u0131 cumhurba\u015fkanl\u0131\u011f\u0131 se\u00e7imini kazand\u0131 m\u0131?<\/span><\/h2>\n\n\n\n<p>Bahis\u00e7iler veya bahis siteleri art\u0131k 2022 ba\u015fkanl\u0131k se\u00e7iminin galibi hakk\u0131nda \u00e7evrimi\u00e7i bahis sunuyor. <strong>Fransa&#039;da sadece Unibet ile siyaset \u00fczerine bahis yapmak m\u00fcmk\u00fcnd\u00fcr.<\/strong> Bu, se\u00e7im sonu\u00e7lar\u0131ndan \u00f6nceki son ana kadar iki adaydan birinin zaferi veya yenilgisi \u00fczerine bahis oynayabilece\u011finiz anlam\u0131na gelir. <br>&quot;Zafer&quot; derken, ilk turdaki zaferi veya her iki turdaki zaferi kastediyoruz (ikinci tur, birinciden iki hafta sonra ger\u00e7ekle\u015fir). Oranlar, se\u00e7im g\u00fcn\u00fcnden ne kadar uzakta oldu\u011fumuza ve ayn\u0131 zamanda anketlere g\u00f6re zafer olas\u0131l\u0131\u011f\u0131na ba\u011fl\u0131 olarak zamanla de\u011fi\u015fir.<\/p>\n\n\n\n<p>\u0130kinci tur 24 Nisan 2022&#039;de yap\u0131lacak. \u0130lk turda Emmanuel Macron ve Marine Le Pen birinci oldu.<br>Anket\u00e7iler, Macron i\u00e7in 55% ve Le Pen i\u00e7in 45% ile \u00e7ok yak\u0131n bir ikinci tur tahmininde bulundu. Fark o kadar yak\u0131n ki \u00f6yle ya da b\u00f6yle zafer, anketlerin hata pay\u0131 dahilinde. Yani her hal\u00fckarda bu, Macron&#039;un Le Pen&#039;i 66,1 % oyla ma\u011flup etti\u011fi 2017 y\u0131l\u0131na g\u00f6re \u00e7ok daha yak\u0131n.<\/p>\n\n\n\n<h3 class=\"wp-block-heading\"><span id=\"les-cotes-d8217unibet-pour-le-second-tour\">Unibet&#039;in ikinci tur oranlar\u0131<\/span><\/h3>\n\n\n\n<figure class=\"wp-block-image size-large is-resized\"><img decoding=\"async\" loading=\"lazy\" src=\"https:\/\/parier-presidentielle.com\/wp-content\/uploads\/2022\/04\/unibet-cote-macron-le-pen-2022-1024x202.jpg\" alt=\"\u0130kinci Tur i\u00e7in Unibet oranlar\u0131\" class=\"wp-image-1473\" width=\"768\" height=\"152\" srcset=\"https:\/\/parier-presidentielle.com\/wp-content\/uploads\/2022\/04\/unibet-cote-macron-le-pen-2022-1024x202.jpg 1024w, https:\/\/parier-presidentielle.com\/wp-content\/uploads\/2022\/04\/unibet-cote-macron-le-pen-2022-300x59.jpg 300w, https:\/\/parier-presidentielle.com\/wp-content\/uploads\/2022\/04\/unibet-cote-macron-le-pen-2022-768x152.jpg 768w, https:\/\/parier-presidentielle.com\/wp-content\/uploads\/2022\/04\/unibet-cote-macron-le-pen-2022-1536x303.jpg 1536w, https:\/\/parier-presidentielle.com\/wp-content\/uploads\/2022\/04\/unibet-cote-macron-le-pen-2022-2048x404.jpg 2048w, https:\/\/parier-presidentielle.com\/wp-content\/uploads\/2022\/04\/unibet-cote-macron-le-pen-2022-18x4.jpg 18w\" sizes=\"(max-width: 768px) 100vw, 768px\" \/><\/figure>\n\n\n\n<p><\/p>\n\n\n\n<h3 class=\"wp-block-heading\" id=\"comment-realiser-son-1-pari-avec-bwin-c\"><span id=\"comment-realiser-son-1er-pari-avec-unibet\">Unibet ile ilk bahsinizi nas\u0131l yapars\u0131n\u0131z?<\/span><\/h3>\n\n\n\n<p id=\"comment-realiser-son-1-pari-avec-bwin-c\">Tuttu\u011funuz futbol tak\u0131m\u0131n\u0131n zaferine bahis oynayabilece\u011finiz gibi, Elys\u00e9e yar\u0131\u015f\u0131n\u0131n galibine de bahis oynayabilirsiniz, bu h\u0131zl\u0131 ve kolayd\u0131r!<\/p>\n\n\n\n<ol><li>Bahis oynamak istedi\u011finiz Aday\u0131 se\u00e7in:<br> bizim \u00f6rne\u011fimizde Marine le Pen!<br><\/li><li>Bahis yapmak istedi\u011finiz Bahsi belirtin,<br>Sim\u00fclasyonumuzda 100\u20ac<br><\/li><li>Ve art\u0131k bitti!<br>Ekran g\u00f6r\u00fcnt\u00fcm\u00fczde oran 501&#039;dir ve kazanman\u0131z halinde 10\u20ac&#039;luk bahis tutar\u0131 575\u20ac&#039;dur!<\/li><\/ol>\n\n\n\n<p><\/p>\n\n\n\n<div class=\"wp-block-image\"><figure class=\"aligncenter size-full is-resized\"><img decoding=\"async\" loading=\"lazy\" src=\"https:\/\/parier-presidentielle.com\/wp-content\/uploads\/2022\/04\/unibet-parier-cote-macron-le-pen-2022.jpg\" alt=\"\" class=\"wp-image-1476\" width=\"464\" height=\"277\"\/><\/figure><\/div>\n\n\n\n<p class=\"has-text-align-center unibet\" style=\"font-size:25px\"><mark style=\"background-color:rgba(0, 0, 0, 0);color:#0d7a12\" class=\"has-inline-color\"><strong><a href=\"https:\/\/parier-presidentielle.com\/tr\/recommends\/unibet-text\/\">Unibet ile sunulan 100 \u20ac Bonus <br>\u0130lk \u00e7evrimi\u00e7i bahsiniz i\u00e7in: Buraya t\u0131klay\u0131n<\/a><\/strong><\/mark><\/p>\n\n\n\n<h2 class=\"wp-block-heading\"><span id=\"emmanuel-macron-ou-marine-le-pen-avec-qui-parier-sur-la-presidentielle\">Cumhurba\u015fkanl\u0131\u011f\u0131 se\u00e7imi i\u00e7in Emmanuel Macron mu yoksa Marine Le Pen mi bahis oynayacak?<\/span><\/h2>\n\n\n\n<p>Bu yaz\u0131m\u0131zda sizlere siyaset \u00fczerine bahis oynaman\u0131n kurallar\u0131n\u0131 sunaca\u011f\u0131z, ard\u0131ndan Fransa&#039;da 2022 ba\u015fkanl\u0131k se\u00e7imlerinin ikinci turunda 2 aday\u0131 ve bu olaya ili\u015fkin farkl\u0131 olas\u0131 bahisleri analiz edece\u011fiz. 2022 Fransa ba\u015fkanl\u0131k se\u00e7imine bahis oynamak, di\u011fer spor etkinlikleri gibi \u00e7ok heyecan verici olabilir. Bunun i\u00e7in kahramanlar\u0131 ve onlar\u0131n oranlar\u0131n\u0131 bilmek \u00f6nemlidir.<br><br>Cumhurba\u015fkanl\u0131\u011f\u0131 se\u00e7iminin ilk turundaki oy verme niyeti, Elabe Enstit\u00fcs\u00fc taraf\u0131ndan Sal\u0131 g\u00fcn\u00fc y\u00fcr\u00fct\u00fclen yeni bir 2022 anketine yans\u0131d\u0131. Rusya&#039;n\u0131n Ukrayna&#039;y\u0131 i\u015fgali s\u0131ras\u0131nda Emmanuel Macron&#039;un onay oranlar\u0131 artt\u0131 ve cumhurba\u015fkan\u0131 aday\u0131 b\u00fcy\u00fck \u00e7o\u011funluktayd\u0131. <br><\/p>\n\n\n\n<div class=\"wp-block-image wp-duotone-000097-ff4747-5\"><figure class=\"aligncenter size-full is-resized\"><img decoding=\"async\" loading=\"lazy\" src=\"https:\/\/parier-presidentielle.com\/wp-content\/uploads\/2022\/03\/macron-le-pen-bookmaker.jpg\" alt=\"\" class=\"wp-image-1024\" width=\"600\" height=\"338\" srcset=\"https:\/\/parier-presidentielle.com\/wp-content\/uploads\/2022\/03\/macron-le-pen-bookmaker.jpg 800w, https:\/\/parier-presidentielle.com\/wp-content\/uploads\/2022\/03\/macron-le-pen-bookmaker-300x169.jpg 300w, https:\/\/parier-presidentielle.com\/wp-content\/uploads\/2022\/03\/macron-le-pen-bookmaker-768x432.jpg 768w\" sizes=\"(max-width: 600px) 100vw, 600px\" \/><\/figure><\/div>\n\n\n\n<p>Elabe Enstit\u00fcs\u00fc taraf\u0131ndan y\u00fcr\u00fct\u00fclen ve Sal\u0131 ak\u015fam\u0131 a\u00e7\u0131klanan yeni Opinion 2022 anketine g\u00f6re, \u00f6ncelikle Ukrayna&#039;daki sava\u015fa odaklanan cumhurba\u015fkan\u0131 adaylar\u0131n\u0131n say\u0131s\u0131 ge\u00e7en haftaya g\u00f6re y\u00fczde 8,5 artt\u0131. Devlet Ba\u015fkan\u0131&#039;n\u0131n ilk tur oylamadaki oy niyeti ge\u00e7en haftaki 25%&#039;ye k\u0131yasla \u015fu anda 33,5%&#039;dir.<\/p>\n\n\n\n<p class=\"has-text-align-center unibet\" style=\"font-size:25px\"><mark style=\"background-color:rgba(0, 0, 0, 0);color:#0d7a12\" class=\"has-inline-color\"><strong><a href=\"https:\/\/parier-presidentielle.com\/tr\/recommends\/unibet-text\/\">Unibet ile sunulan 100 \u20ac Bonus <br>\u0130lk \u00e7evrimi\u00e7i bahsiniz i\u00e7in: Buraya t\u0131klay\u0131n<\/a><\/strong><\/mark><\/p>\n\n\n\n<h2 class=\"wp-block-heading\"><span id=\"l8217ecart-au-second-tour-se-creuse-en-cas-de-duel-macron-le-pen\">Macron-Le Pen d\u00fcellosu durumunda ikinci turdaki fark a\u00e7\u0131l\u0131yor<\/span><\/h2>\n\n\n\n<p><br>\u0130kinci turda Macron-Le Pen ikinci tura \u00e7\u0131karsa iki aday aras\u0131ndaki fark daha da a\u00e7\u0131lacak. Ankete kat\u0131lanlar\u0131n 61%&#039;si, ge\u00e7en haftaya k\u0131yasla 3,5% art\u0131\u015fla mevcut devlet ba\u015fkan\u0131na oy verdi.<\/p>\n\n\n\n<p><br>Ancak son \u00fc\u00e7 y\u0131lda, \u00f6zellikle Brexit ve Amerika se\u00e7imleriyle birlikte, Britanya ve di\u011fer bir\u00e7ok \u00fclke siyaset \u00fczerine \u00e7evrimi\u00e7i bahis oynaman\u0131n hayran\u0131 haline geldi. Yani t\u00fcm d\u00fcnya Fransa cumhurba\u015fkanl\u0131\u011f\u0131 se\u00e7iminin sonucuna bahis oynuyor. \u201cGenellikle se\u00e7imlerde Frans\u0131z siyaseti \u00fczerine bahse giren sadece birka\u00e7 ki\u015fi vard\u0131, birka\u00e7 bin avro. Orada zaten 350.000 euro yat\u0131r\u0131lm\u0131\u015f durumda. Marion le Pen bizim i\u00e7in felaket olacak. <a href=\"https:\/\/parier-presidentielle.com\/tr\/macron-secim\/\"><strong>Emmanuel Macron<\/strong><\/a>, \u00e7ok para kazanaca\u011f\u0131z\u201d diye a\u00e7\u0131klad\u0131 bahis\u00e7i William Hill. <\/p>\n\n\n\n<p>Bahis\u00e7iler i\u00e7in Marine Le Pen zay\u0131f bir oyuncu, oranlar\u0131 4&#039;e 1. Bu, onun zaferine 5.000 \u00a3 bahis koyarsan\u0131z ve o kazan\u0131rsa, 20.000 \u00a3 kazanaca\u011f\u0131n\u0131z anlam\u0131na gelir.<\/p>\n\n\n\n<h2 class=\"wp-block-heading\"><span id=\"les-societes-de-paris-sportifs-parient-sur-l8217election-presidentielle-francaise-le-premier-et-le-second-tour\"><strong>Spor bahis \u015firketleri Fransa cumhurba\u015fkanl\u0131\u011f\u0131 se\u00e7iminin birinci ve ikinci turuna bahis yap\u0131yor!<\/strong><\/span><\/h2>\n\n\n\n<p>Fransa cumhurba\u015fkanl\u0131\u011f\u0131 se\u00e7imi, bahislerin a\u00e7\u0131k oldu\u011fu bo\u011faz\u0131n di\u011fer taraf\u0131nda tutkuyu serbest b\u0131rak\u0131yor... <br>Netbet, Londra&#039;n\u0131n l\u00fcks bir b\u00f6lgesinde yer almaktad\u0131r ve Betclic, Unibet, Winamax gibi \u00f6nde gelen \u00e7evrimi\u00e7i bahis \u015firketlerinden biridir. 1934&#039;ten bu yana Birle\u015fik Krall\u0131k&#039;ta kurulan bu Bahis \u015eirketi, Birle\u015fik Krall\u0131k&#039;taki 2.350 bahis noktas\u0131nda at yar\u0131\u015f\u0131, taz\u0131 yar\u0131\u015f\u0131 ve \u00f6nemli spor etkinlikleri sunmaktad\u0131r. <\/p>\n\n\n\n<p><br><\/p>\n\n\n\n<p><\/p>\n\n\n\n<h3 class=\"has-text-align-center wp-block-heading\"><span id=\"dossier-special-bookmaker-unibet-bwin-mondial-quatar\"><br>Bahis \u015eirketi \u00d6zel Dosyas\u0131 Unibet Bwin &amp; Mondial Qatar <\/span><\/h3>\n\n\n\n<p>Farkl\u0131 sitelerdeki dosyalar\u0131m\u0131z sayesinde Politika ve t\u00fcm sporlar \u00fczerine ilk \u00e7evrimi\u00e7i bahsinizi yap\u0131n: Betclic, Winamax, Unibet, Betclic: <\/p>\n\n\n\n<p>Bwin, Unibet ve Betclic gibi \u00e7evrimi\u00e7i bahis \u015firketlerinin yard\u0131m\u0131yla turnuva i\u00e7in \u00e7e\u015fitli bahis pazarlar\u0131na eri\u015febilir, bu da size b\u00fcy\u00fck kazanma \u015fans\u0131 verebilir. Sonu\u00e7 olarak, Frans\u0131z tak\u0131m\u0131 2022 D\u00fcnya Kupas\u0131&#039;nda izlenecek tak\u0131mlardan biri olabilir. Bardak. Bwin, Unibet ve Betclic gibi \u00e7evrimi\u00e7i bahis \u015firketlerinin yard\u0131m\u0131yla Portekiz hakk\u0131nda bilgi toplayabilir ve bu turnuvadaki performanslar\u0131 hakk\u0131nda bilin\u00e7li bahisler yapabilirsiniz. \u00d6yleyse neden Fransa&#039;n\u0131n 2022&#039;deki ba\u015far\u0131s\u0131ndan potansiyel olarak yararlanma f\u0131rsat\u0131ndan yararlanm\u0131yorsunuz?<\/p>\n\n\n\n<p><\/p>\n\n\n\n<p class=\"has-text-align-center unibet\" style=\"font-size:25px\"><mark style=\"background-color:rgba(0, 0, 0, 0);color:#0d7a12\" class=\"has-inline-color\"><strong><a href=\"https:\/\/parier-presidentielle.com\/tr\/recommends\/unibet\/\">Unibet ile sunulan 150 \u20ac Bonus<br>1. Politik veya Spor Bahsiniz i\u00e7in: Buraya t\u0131klay\u0131n<\/a><\/strong><\/mark><\/p>\n\n\n\n<p><\/p>\n\n\n<div class=\"wp-block-image\">\n<figure class=\"aligncenter is-resized wp-duotone-000097-ff4747-6\"><img decoding=\"async\" loading=\"lazy\" src=\"https:\/\/parier-presidentielle.com\/wp-content\/uploads\/2021\/09\/election-standard-scale-4_00x-gigapixel-1024x623.jpg\" alt=\"Se\u00e7im 2022\" style=\"width:256px;height:156px\" width=\"256\" height=\"156\"\/><\/figure><\/div>\n\n\n<p><br><\/p>\n\n\n\n<p><strong>Parier-presidentielle, farkl\u0131 se\u00e7enekler aras\u0131nda se\u00e7im yapman\u0131za yard\u0131mc\u0131 olur.<a href=\"https:\/\/parier-presidentielle.com\/tr\/\"> Bahis\u00e7iler Bwin, Unibet, Betclic 2024&#039;te Gelece\u011fin Amerikan Ba\u015fkan\u0131na Bahis Yapacak<\/a> : <\/strong><br><a href=\"https:\/\/parier-presidentielle.com\/tr\/unibet-policy-secim-2022\/\">Unibet Cumhurba\u015fkanl\u0131\u011f\u0131 Bahis\u00e7isi<\/a> : T\u00fcm oranlarla \u00e7evrimi\u00e7i ilk bahsinizi yapmak ve sunulan Bonustan nas\u0131l yararlanaca\u011f\u0131n\u0131z konusunda ayr\u0131nt\u0131l\u0131 ve \u00fccretsiz rehber!<\/p>\n\n\n\n<p>Di\u011fer \u00e7evrimi\u00e7i bahis sitelerinin yan\u0131 s\u0131ra: <a href=\"https:\/\/parier-presidentielle.com\/tr\/unibet-policy-secim-2022\/\">Bwin<\/a>, <a href=\"https:\/\/parier-presidentielle.com\/tr\/netbet-paris-politika-secim-2022\/\">NetBet<\/a>, <a href=\"https:\/\/parier-presidentielle.com\/tr\/betclic-baskanlik-2022\/\">Betclic<\/a>, <a href=\"https:\/\/parier-presidentielle.com\/tr\/winamax-policy-secim-2022\/\">Winamax<\/a>, Parions Sport, Zebet, Betway, France-Pari, Vbet, Cloudbet, 1Xbit, 1xbet, Betfair, Betwinner\u2026<\/p>\n\n\n\n<div class=\"wp-block-columns is-layout-flex wp-container-11 wp-block-columns-is-layout-flex\">\n<div class=\"wp-block-column is-layout-flow wp-block-column-is-layout-flow\" style=\"flex-basis:33.33%\">\n<p>Dosyam\u0131z\u0131 okudunuz:<\/p>\n<\/div>\n\n\n\n<div class=\"wp-block-column is-layout-flow wp-block-column-is-layout-flow\" style=\"flex-basis:33.33%\">\n<div class=\"wp-block-group is-layout-flow wp-block-group-is-layout-flow\"><div class=\"wp-block-group__inner-container\"><h4 class=\"has-text-align-center wp-block-post-title\"><span id=\"macron-8211-le-pen-les-bookmakers-donnent-leur-cotes-pour-le-second-tour-de-l8217election-presidentielle\"><a href=\"https:\/\/parier-presidentielle.com\/tr\/macron-le-kalem-bahisci\/\" target=\"_self\" >Macron \u2013 Le Pen: Bahis\u00e7iler cumhurba\u015fkanl\u0131\u011f\u0131 se\u00e7imlerinin \u0130kinci turu i\u00e7in Oranlar\u0131n\u0131 veriyor<\/a><\/span><\/h4><\/div><\/div>\n<\/div>\n\n\n\n<div class=\"wp-block-column is-layout-flow wp-block-column-is-layout-flow\" style=\"flex-basis:33.33%\">\n<p class=\"has-text-align-right\">Di\u011fer \u00f6zel dosyalar\u0131m\u0131zla okumaya devam edin,<\/p>\n<\/div>\n<\/div>\n\n\n\n<h3 class=\"wp-block-heading\" id=\"tous-les-pronostics-sondage-et-cotes-pour-parier-sur-le-futur-vainqueur-de-l-election-presidentielle-2022\"><span id=\"tous-les-pronostics-sondage-et-cotes-pour-parier-sur-le-futur-vainqueur-de-l8217election-presidentielle-2024\">2024 Cumhurba\u015fkanl\u0131\u011f\u0131 se\u00e7iminin gelecekteki kazanan\u0131na dair bahis yap\u0131labilecek t\u00fcm Tahminler, Anketler ve Oranlar:<\/span><\/h3>\n\n\n\n<ul>\n<li><a href=\"https:\/\/parier-presidentielle.com\/tr\/macron-secim\/\">Unibet, Betclic, Bwin ile Emmanuel Macron&#039;a bahis yap\u0131n<\/a> : Anketlerin ve tahminlerin favorisi <\/li>\n\n\n\n<li><a href=\"https:\/\/parier-presidentielle.com\/tr\/marine-le-pen-secim\/\">Marine Le Pen: Oranlar\u0131 ve Bahis\u00e7iler ile nas\u0131l bahis oynan\u0131r<\/a>: Unibet&#039;e g\u00f6re meydan okuyan<\/li>\n<\/ul>\n\n\n\n<p><\/p>\n\n\n\n<center><script type=\"text\/javascript\" charset=\"utf-8\" src=\"https:\/\/www.gambling-affiliation.com\/cpm\/v=AmIMTDSs92QY6b0MzDMvM5laCjJ-ZlA-1oQ-7tKsi.w_GA7331V2\"><\/script><\/center>\n\n\n\n<h3 class=\"wp-block-heading\"><span id=\"donald-trump-vs-joe-biden-la-video-qui-lance-les-paris-en-ligne-sur-l8217election-politique-de-2024\">Donald Trump vs Joe Biden: 2024 siyasi se\u00e7imlerinde \u00e7evrimi\u00e7i bahis oynamay\u0131 ba\u015flatan video<\/span><\/h3>\n\n\n\n<figure class=\"wp-block-embed is-type-video is-provider-youtube wp-block-embed-youtube wp-embed-aspect-16-9 wp-has-aspect-ratio\"><div class=\"wp-block-embed__wrapper\">\n<iframe loading=\"lazy\" title=\"Eski Ba\u015fkan Donald Trump, 2024 Beyaz Saray teklifini ba\u015flatt\u0131 #Short\" width=\"640\" height=\"360\" src=\"https:\/\/www.youtube.com\/embed\/hZykPRVe4Ag?feature=oembed\" frameborder=\"0\" allow=\"accelerometer; autoplay; clipboard-write; encrypted-media; gyroscope; picture-in-picture; web-share\" allowfullscreen><\/iframe>\n<\/div><\/figure>\n\n\n<div class=\"wp-block-image\">\n<figure class=\"aligncenter size-medium\"><a href=\"https:\/\/parier-presidentielle.com\/tr\/recommends\/unibet\/\" target=\"_blank\" rel=\"noopener\"><img decoding=\"async\" loading=\"lazy\" width=\"300\" height=\"169\" src=\"https:\/\/parier-presidentielle.com\/wp-content\/uploads\/2022\/04\/unibet-300x169.jpg\" alt=\"\" class=\"wp-image-1252\" srcset=\"https:\/\/parier-presidentielle.com\/wp-content\/uploads\/2022\/04\/unibet-300x169.jpg 300w, https:\/\/parier-presidentielle.com\/wp-content\/uploads\/2022\/04\/unibet-1024x576.jpg 1024w, https:\/\/parier-presidentielle.com\/wp-content\/uploads\/2022\/04\/unibet-768x432.jpg 768w, https:\/\/parier-presidentielle.com\/wp-content\/uploads\/2022\/04\/unibet-18x10.jpg 18w, https:\/\/parier-presidentielle.com\/wp-content\/uploads\/2022\/04\/unibet.jpg 1280w\" sizes=\"(max-width: 300px) 100vw, 300px\" \/><\/a><\/figure><\/div>\n\n\n<p>Esrar ve yasal t\u00fcrevleriyle ilgili ana siyasi haber olan Wiki&#039;yi bulun: <strong>HHC, H4cbd, Thcp, Thcv, HSD, HHCPO, C4B<\/strong><\/p>\n<div id=\"toc_container\" class=\"no_bullets\"><p class=\"toc_title\">\u0130\u00e7indekiler<\/p><ul class=\"toc_list\"><li><ul><li><\/li><li><\/li><\/ul><\/li><li><\/li><li><\/li><li><ul><li><ul><li><\/li><\/ul><\/li><li><\/li><li><\/li><\/ul><\/li><\/ul><\/div>","protected":false},"excerpt":{"rendered":"<p>Emmanuel Macron gagnant de la pr\u00e9sidentielle face \u00e0 Marine Le Pen? Les bookmakers ou sites de paris proposent d\u00e9sormais de parier en ligne se le vainqueur de l&#8217;\u00e9lection pr\u00e9sidentielle de 2022. En France il est possible de parier seulement avec Unibet sur la politique. Cela signifie que vous pouvez parier sur leur victoire ou leur &#8230;<\/p>","protected":false},"author":1,"featured_media":0,"parent":0,"menu_order":0,"comment_status":"closed","ping_status":"closed","template":"page-nosidebar.php","meta":{"footnotes":""},"yoast_head":"<!-- This site is optimized with the Yoast SEO Premium plugin v21.0 (Yoast SEO v21.0) - https:\/\/yoast.com\/wordpress\/plugins\/seo\/ -->\n<title>Macron - Le Pen : les Bookmakers donnent leur Cotes pour le Second tour de l&#039;\u00e9lection pr\u00e9sidentielle - Finale Coupe du Monde FIFA<\/title>\n<meta name=\"description\" content=\"Les cotes des bookmakers pour parier sur le second tour Macron - Le Pen\" \/>\n<meta name=\"robots\" content=\"index, follow, max-snippet:-1, max-image-preview:large, max-video-preview:-1\" \/>\n<link rel=\"canonical\" href=\"https:\/\/parier-presidentielle.com\/tr\/macron-le-kalem-bahisci\/\" \/>\n<meta property=\"og:locale\" content=\"tr_TR\" \/>\n<meta property=\"og:type\" content=\"article\" \/>\n<meta property=\"og:title\" content=\"Macron - Le Pen : les Bookmakers donnent leur Cotes pour le Second tour de l&#039;\u00e9lection pr\u00e9sidentielle\" \/>\n<meta property=\"og:description\" content=\"Les cotes des bookmakers pour parier sur le second tour Macron - Le Pen\" \/>\n<meta property=\"og:url\" content=\"https:\/\/parier-presidentielle.com\/tr\/macron-le-kalem-bahisci\/\" \/>\n<meta property=\"og:site_name\" content=\"Parier Pr\u00e9sidentielle\" \/>\n<meta property=\"article:modified_time\" content=\"2022-04-24T16:08:09+00:00\" \/>\n<meta property=\"og:image\" content=\"https:\/\/parier-presidentielle.com\/wp-content\/uploads\/2022\/04\/unibet-cote-macron-le-pen-2022-1024x202.jpg\" \/>\n<meta name=\"twitter:card\" content=\"summary_large_image\" \/>\n<meta name=\"twitter:label1\" content=\"Est. reading time\" \/>\n\t<meta name=\"twitter:data1\" content=\"5 dakika\" \/>\n<script type=\"application\/ld+json\" class=\"yoast-schema-graph\">{\"@context\":\"https:\/\/schema.org\",\"@graph\":[{\"@type\":\"WebPage\",\"@id\":\"https:\/\/parier-presidentielle.com\/macron-le-pen-bookmaker\/\",\"url\":\"https:\/\/parier-presidentielle.com\/macron-le-pen-bookmaker\/\",\"name\":\"Macron - Le Pen : les Bookmakers donnent leur Cotes pour le Second tour de l'\u00e9lection pr\u00e9sidentielle - Finale Coupe du Monde FIFA\",\"isPartOf\":{\"@id\":\"https:\/\/parier-presidentielle.com\/#website\"},\"datePublished\":\"2021-09-06T20:23:37+00:00\",\"dateModified\":\"2022-04-24T16:08:09+00:00\",\"description\":\"Les cotes des bookmakers pour parier sur le second tour Macron - Le Pen\",\"breadcrumb\":{\"@id\":\"https:\/\/parier-presidentielle.com\/macron-le-pen-bookmaker\/#breadcrumb\"},\"inLanguage\":\"tr\",\"potentialAction\":[{\"@type\":\"ReadAction\",\"target\":[\"https:\/\/parier-presidentielle.com\/macron-le-pen-bookmaker\/\"]}]},{\"@type\":\"BreadcrumbList\",\"@id\":\"https:\/\/parier-presidentielle.com\/macron-le-pen-bookmaker\/#breadcrumb\",\"itemListElement\":[{\"@type\":\"ListItem\",\"position\":1,\"name\":\"Accueil\",\"item\":\"https:\/\/parier-presidentielle.com\/\"},{\"@type\":\"ListItem\",\"position\":2,\"name\":\"Macron &#8211; Le Pen : les Bookmakers donnent leur Cotes pour le Second tour de l&#8217;\u00e9lection pr\u00e9sidentielle\"}]},{\"@type\":\"WebSite\",\"@id\":\"https:\/\/parier-presidentielle.com\/#website\",\"url\":\"https:\/\/parier-presidentielle.com\/\",\"name\":\"Parier Pr\u00e9sidentielle\",\"description\":\"Paris, Pronostics, Wiki sur la Politique, les Elections Am\u00e9ricaines: Joe Biden, Donald Trump avec les Bookmakers en ligne Unibet, Bwin, Betclic, Winamax\",\"potentialAction\":[{\"@type\":\"SearchAction\",\"target\":{\"@type\":\"EntryPoint\",\"urlTemplate\":\"https:\/\/parier-presidentielle.com\/?s={search_term_string}\"},\"query-input\":\"required name=search_term_string\"}],\"inLanguage\":\"tr\"}]}<\/script>\n<!-- \/ Yoast SEO Premium plugin. -->","yoast_head_json":{"title":"Macron - Le Pen : les Bookmakers donnent leur Cotes pour le Second tour de l'\u00e9lection pr\u00e9sidentielle - Finale Coupe du Monde FIFA","description":"Les cotes des bookmakers pour parier sur le second tour Macron - Le Pen","robots":{"index":"index","follow":"follow","max-snippet":"max-snippet:-1","max-image-preview":"max-image-preview:large","max-video-preview":"max-video-preview:-1"},"canonical":"https:\/\/parier-presidentielle.com\/tr\/macron-le-kalem-bahisci\/","og_locale":"tr_TR","og_type":"article","og_title":"Macron - Le Pen : les Bookmakers donnent leur Cotes pour le Second tour de l'\u00e9lection pr\u00e9sidentielle","og_description":"Les cotes des bookmakers pour parier sur le second tour Macron - Le Pen","og_url":"https:\/\/parier-presidentielle.com\/tr\/macron-le-kalem-bahisci\/","og_site_name":"Parier Pr\u00e9sidentielle","article_modified_time":"2022-04-24T16:08:09+00:00","og_image":[{"url":"https:\/\/parier-presidentielle.com\/wp-content\/uploads\/2022\/04\/unibet-cote-macron-le-pen-2022-1024x202.jpg"}],"twitter_card":"summary_large_image","twitter_misc":{"Est. reading time":"5 dakika"},"schema":{"@context":"https:\/\/schema.org","@graph":[{"@type":"WebPage","@id":"https:\/\/parier-presidentielle.com\/macron-le-pen-bookmaker\/","url":"https:\/\/parier-presidentielle.com\/macron-le-pen-bookmaker\/","name":"Macron - Le Pen : les Bookmakers donnent leur Cotes pour le Second tour de l'\u00e9lection pr\u00e9sidentielle - Finale Coupe du Monde FIFA","isPartOf":{"@id":"https:\/\/parier-presidentielle.com\/#website"},"datePublished":"2021-09-06T20:23:37+00:00","dateModified":"2022-04-24T16:08:09+00:00","description":"Les cotes des bookmakers pour parier sur le second tour Macron - Le Pen","breadcrumb":{"@id":"https:\/\/parier-presidentielle.com\/macron-le-pen-bookmaker\/#breadcrumb"},"inLanguage":"tr","potentialAction":[{"@type":"ReadAction","target":["https:\/\/parier-presidentielle.com\/macron-le-pen-bookmaker\/"]}]},{"@type":"BreadcrumbList","@id":"https:\/\/parier-presidentielle.com\/macron-le-pen-bookmaker\/#breadcrumb","itemListElement":[{"@type":"ListItem","position":1,"name":"Accueil","item":"https:\/\/parier-presidentielle.com\/"},{"@type":"ListItem","position":2,"name":"Macron &#8211; Le Pen : les Bookmakers donnent leur Cotes pour le Second tour de l&#8217;\u00e9lection pr\u00e9sidentielle"}]},{"@type":"WebSite","@id":"https:\/\/parier-presidentielle.com\/#website","url":"https:\/\/parier-presidentielle.com\/","name":"Parier Pr\u00e9sidentielle","description":"Paris, Pronostics, Wiki sur la Politique, les Elections Am\u00e9ricaines: Joe Biden, Donald Trump avec les Bookmakers en ligne Unibet, Bwin, Betclic, Winamax","potentialAction":[{"@type":"SearchAction","target":{"@type":"EntryPoint","urlTemplate":"https:\/\/parier-presidentielle.com\/?s={search_term_string}"},"query-input":"required name=search_term_string"}],"inLanguage":"tr"}]}},"_links":{"self":[{"href":"https:\/\/parier-presidentielle.com\/tr\/wp-json\/wp\/v2\/pages\/30"}],"collection":[{"href":"https:\/\/parier-presidentielle.com\/tr\/wp-json\/wp\/v2\/pages"}],"about":[{"href":"https:\/\/parier-presidentielle.com\/tr\/wp-json\/wp\/v2\/types\/page"}],"author":[{"embeddable":true,"href":"https:\/\/parier-presidentielle.com\/tr\/wp-json\/wp\/v2\/users\/1"}],"replies":[{"embeddable":true,"href":"https:\/\/parier-presidentielle.com\/tr\/wp-json\/wp\/v2\/comments?post=30"}],"version-history":[{"count":16,"href":"https:\/\/parier-presidentielle.com\/tr\/wp-json\/wp\/v2\/pages\/30\/revisions"}],"predecessor-version":[{"id":1649,"href":"https:\/\/parier-presidentielle.com\/tr\/wp-json\/wp\/v2\/pages\/30\/revisions\/1649"}],"wp:attachment":[{"href":"https:\/\/parier-presidentielle.com\/tr\/wp-json\/wp\/v2\/media?parent=30"}],"curies":[{"name":"wp","href":"https:\/\/api.w.org\/{rel}","templated":true}]}}