{"id":422,"date":"2022-01-11T22:54:26","date_gmt":"2022-01-11T21:54:26","guid":{"rendered":"https:\/\/parier-presidentielle.com\/?page_id=422"},"modified":"2022-04-24T09:32:12","modified_gmt":"2022-04-24T07:32:12","slug":"valerie-pecresse-election","status":"publish","type":"page","link":"https:\/\/parier-presidentielle.com\/tr\/valerie-pecresse-secim\/","title":{"rendered":"Val\u00e9rie P\u00e9cresse&#039;nin se\u00e7ilmesi \u00fczerine bahis"},"content":{"rendered":"<h2 class=\"wp-block-heading\"><span id=\"cote-et-pronostics-pour-la-candidate-ump-valerie-pecresse-paris-en-ligne-sur-la-politique-et-la-future-presidente-de-la-france-de-2022\">UMP aday\u0131 Val\u00e9rie P\u00e9cresse i\u00e7in oranlar ve tahminler:<br>2022&#039;de siyaset ve Fransa&#039;n\u0131n gelecekteki cumhurba\u015fkan\u0131 \u00fczerine \u00e7evrimi\u00e7i bahisler<br><br><\/span><\/h2>\n\n\n\n<div class=\"wp-block-image wp-duotone-000097-ff4747-1\"><figure class=\"aligncenter size-large is-resized\"><img decoding=\"async\" loading=\"lazy\" src=\"https:\/\/parier-presidentielle.com\/wp-content\/uploads\/2022\/01\/valerie-pecresse-1024x512.jpeg\" alt=\"valerie pecresse\" class=\"wp-image-427\" width=\"526\" height=\"262\" srcset=\"https:\/\/parier-presidentielle.com\/wp-content\/uploads\/2022\/01\/valerie-pecresse-1024x512.jpeg 1024w, https:\/\/parier-presidentielle.com\/wp-content\/uploads\/2022\/01\/valerie-pecresse-300x150.jpeg 300w, https:\/\/parier-presidentielle.com\/wp-content\/uploads\/2022\/01\/valerie-pecresse-768x384.jpeg 768w, https:\/\/parier-presidentielle.com\/wp-content\/uploads\/2022\/01\/valerie-pecresse.jpeg 1440w\" sizes=\"(max-width: 526px) 100vw, 526px\" \/><\/figure><\/div>\n\n\n\n<p><br>2022 ba\u015fkanl\u0131k se\u00e7imleri zaten mercek alt\u0131nda. Bu \u201cyeni normal\u201d i\u00e7in bir s\u0131nav olacak. Frans\u0131zlar sa\u011fl\u0131k krizinin ba\u015flang\u0131c\u0131ndan bu yana hen\u00fcz oy kullanma f\u0131rsat\u0131na sahip olamad\u0131lar. Uzaktan ve maskelerle yeni oy kullanma y\u00f6ntemlerine uyum sa\u011flamak zorunda kalacaklar. Fransa&#039;da ba\u015fkanl\u0131k se\u00e7imi her zaman \u00f6nemli bir olayd\u0131r, bu nedenle anketleri takip etmek ve Macron&#039;un yerini alma olas\u0131l\u0131\u011f\u0131 en y\u00fcksek olan aday \u00fczerine bahis oynamak \u00f6nemlidir.<\/p>\n\n\n\n<p>Bu y\u0131l bir\u00e7ok aday ba\u015flang\u0131\u00e7 \u00e7izgisinde yer al\u0131yor. Baz\u0131lar\u0131 di\u011ferlerinden daha iyi bilinir. \u00d6rne\u011fin Val\u00e9rie P\u00e9cresse&#039;ye bahis oynamak g\u00fcvenli bir bahis \u00e7\u00fcnk\u00fc kendisi uzun s\u00fcredir siyasetin i\u00e7inde ve destek\u00e7ileri var. 2002&#039;den 2016&#039;ya kadar Versailles belediye ba\u015fkan\u0131, ard\u0131ndan 2020&#039;ye kadar \u00cele-de-France&#039;\u0131n ba\u015fkan\u0131yd\u0131.<\/p>\n\n\n\n<p>Ba\u015fkanl\u0131k 2022: Val\u00e9rie P\u00e9cresse&#039;nin notlar\u0131 ve tahminleri<\/p>\n\n\n\n<p>Val\u00e9rie P\u00e9cresse, kariyeri boyunca \u00e7e\u015fitli siyasi partilere \u00fcye olduktan sonra ba\u015fkanl\u0131\u011fa aday olma karar\u0131n\u0131 verdi: UDF, UMP ve ard\u0131ndan Les R\u00e9publicains. 2007&#039;de Fransa cumhurba\u015fkan\u0131 oldu\u011funda Nicolas Sarkozy h\u00fck\u00fcmetinin bir par\u00e7as\u0131yd\u0131. 2017&#039;de ba\u015fkanl\u0131k kampanyas\u0131 s\u0131ras\u0131nda Emmanuel Macron&#039;u a\u00e7\u0131k\u00e7a destekledi.<\/p>\n\n\n\n<h2 class=\"wp-block-heading\"><span id=\"biographie-de-valerie-pecresse-pour-bien-parier\"> <br>Val\u00e9rie P\u00e9cresse Biyografisi iyi bahis!<\/span><\/h2>\n\n\n\n<p><\/p>\n\n\n\n<p><strong>Valerie P\u00e9cresse<\/strong>\u00a0Val\u00e9rie Roux (Neuilly-sur-Seine, 14 Temmuz 1967) do\u011fumlu Frans\u0131z politikac\u0131. Halen Ile de France b\u00f6lgesel konseyinin ba\u015fkan\u0131d\u0131r.<\/p>\n\n\n\n<p>4 Aral\u0131k 2021&#039;de, Cumhuriyet\u00e7i Parti taraf\u0131ndan 2022 Fransa ba\u015fkanl\u0131k se\u00e7imlerinde, \u00f6n se\u00e7imlerin ikinci turunda Eric Ciotti&#039;nin elde etti\u011fi 39 %&#039;ye kar\u015f\u0131 61 % oyla aday se\u00e7ildi.<\/p>\n\n\n\n<h2 class=\"wp-block-heading\"><span id=\"biographie\">Biyografi<\/span><\/h2>\n\n\n\n<p>1992&#039;den bu yana Dan\u0131\u015ftay Denet\u00e7isi olarak Jacques Chirac&#039;\u0131n dan\u0131\u015fmanl\u0131\u011f\u0131n\u0131 yapt\u0131 ve alt\u0131 y\u0131l boyunca Paris Siyasal Bilgiler Enstit\u00fcs\u00fc&#039;nde ders verdi. 2002 yasama se\u00e7imlerinde Yvelines milletvekili se\u00e7ildi ve 2007 ve 2012 y\u0131llar\u0131nda yeniden se\u00e7ildi. 2007&#039;den 2011&#039;e kadar Y\u00fcksek \u00d6\u011frenim ve Ara\u015ft\u0131rma Bakan\u0131, \u00fcniversite \u00f6zerkli\u011fi reformuna \u00f6nc\u00fcl\u00fck etti ve Ile-de-France b\u00f6lgesindeki 2010 b\u00f6lgesel se\u00e7imlerinde UMP listesinin ba\u015f\u0131nda yer ald\u0131. 2011-2012 y\u0131llar\u0131 aras\u0131nda B\u00fct\u00e7e, Kamu Hesaplar\u0131 ve Devlet Reformu Bakan\u0131 ve H\u00fck\u00fcmet s\u00f6zc\u00fcs\u00fc olarak g\u00f6rev yapt\u0131. Aral\u0131k 2014&#039;te 2015 b\u00f6lgesel se\u00e7imlerinin koordinat\u00f6rl\u00fc\u011f\u00fcne atand\u0131 ve sosyalist aday Claude Bartolone&#039;a kar\u015f\u0131 ikinci turda kazand\u0131\u011f\u0131 Ile-de-France b\u00f6lgesi Les R\u00e9publicains partisinin listesinin ba\u015f\u0131nda yer ald\u0131.<\/p>\n\n\n\n<p>2002&#039;den 2015&#039;e kadar Halk Hareketi Birli\u011fi&#039;nin (UMP) ve Avrupa se\u00e7imlerindeki ba\u015far\u0131s\u0131zl\u0131ktan sonra partiden ayr\u0131ld\u0131\u011f\u0131n\u0131 a\u00e7\u0131klad\u0131\u011f\u0131 5 Haziran 2019&#039;a kadar Cumhuriyet\u00e7ilerin (LR) \u00fcyesiydi. (8.5% oyu) ve Laurent Wauquiez&#039;in istifas\u0131. P\u00e9cresse daha sonra arzusunu dile getirdi:&nbsp;&nbsp;<em>Yok olma tehlikesiyle kar\u015f\u0131 kar\u015f\u0131ya olan hakk\u0131 yeniden in\u015fa etmek<\/em>&nbsp;&quot; Ama &quot;&nbsp;<em>d\u0131\u015ftan<\/em>&nbsp;\u201ckendi ba\u015f\u0131na liderlik&nbsp;<em>Serbest dola\u015f\u0131m olal\u0131m<\/em>&nbsp;!.<\/p>\n\n\n\n<h3 class=\"wp-block-heading\"><span id=\"candidat-aux-elections-presidentielles-de-2022\">2022 cumhurba\u015fkanl\u0131\u011f\u0131 se\u00e7imleri i\u00e7in aday<\/span><\/h3>\n\n\n\n<p>22 Temmuz 2021&#039;de Val\u00e9rie P\u00e9cresse, 2022 ba\u015fkanl\u0131k se\u00e7imleri i\u00e7in sa\u011fc\u0131 \u00f6n se\u00e7imlere adayl\u0131\u011f\u0131n\u0131 a\u00e7\u0131klad\u0131 ve &quot;Frans\u0131z gururunu yeniden tesis etmek&quot; ve &quot;Fransa&#039;ya d\u00fczen getirmek&quot; istedi\u011fini a\u00e7\u0131klad\u0131. Partinin cumhurba\u015fkan\u0131 aday\u0131n\u0131 belirlemek amac\u0131yla Cumhuriyet\u00e7i Kongre aday\u0131 olarak Ekim 2021&#039;de parti kart\u0131n\u0131 yeniden ald\u0131. 2 Aral\u0131k&#039;ta, kongre \u00f6n se\u00e7imlerinin ilk turunda 25 % oyla, Eric Ciotti&#039;nin (25,59 %) bir puan gerisinde ikinci s\u0131rada yer ald\u0131. \u0130kinci turdan \u00f6nce ilk tur sonu\u00e7lar\u0131n\u0131n a\u00e7\u0131klanmas\u0131n\u0131n ard\u0131ndan Xavier Bertrand, Michel Barnier ve Philippe Juvin&#039;in deste\u011fini ald\u0131. 4 Aral\u0131k 2021&#039;de yap\u0131lan ikinci turda 2022 Fransa cumhurba\u015fkan\u0131 aday\u0131 se\u00e7ildi. Eric Ciotti&#039;nin elde etti\u011fi 39%&#039;ye kar\u015f\u0131 61% ile Cumhuriyet\u00e7i Parti taraf\u0131ndan se\u00e7im.<\/p>\n\n\n\n<h2 class=\"wp-block-heading\"><span id=\"positions-politiques\">Siyasi pozisyonlar<\/span><\/h2>\n\n\n\n<p>Kendisini ekonomik liberalizmden yana ilan ederek, A\u011fustos 2021&#039;de &quot;\u00fc\u00e7te ikisi Merkel, \u00fc\u00e7te biri Thatcher&quot; oldu\u011funu ileri s\u00fcrd\u00fc.<\/p>\n\n\n\n<p>2022 ba\u015fkanl\u0131k se\u00e7imleri yakla\u015f\u0131rken, d\u00f6rt b\u00fcy\u00fck reform yoluyla kamu harcamalar\u0131n\u0131 ve vergileri azaltma s\u00f6z\u00fc verdi: kamu y\u00f6netiminde 150.000 i\u015fin ortadan kald\u0131r\u0131lmas\u0131, 65 ya\u015f\u0131nda emeklili\u011fe ge\u00e7i\u015f, i\u015fsizlik yard\u0131mlar\u0131n\u0131n azalt\u0131lmas\u0131 ve devletten ayr\u0131lma. Az\u0131nl\u0131k hissedar\u0131 oldu\u011fu rakip \u015firketlerle.<\/p>\n\n\n\n<p>Fransa&#039;da e\u015fcinsel evlili\u011fe ili\u015fkin yasa tasar\u0131s\u0131na kar\u015f\u0131 \u00e7\u0131kt\u0131 ve 2012 ile 2013 y\u0131llar\u0131 aras\u0131nda e\u015fcinsel evlili\u011fe ve e\u015fcinsel ebeveynli\u011fe kar\u015f\u0131 \u00e7\u0131kan, \u00f6zellikle La Manif pour tous&#039;un \u00f6nc\u00fcl\u00fc\u011f\u00fcnde \u00e7e\u015fitli g\u00f6sterilere kat\u0131ld\u0131. SAH\u0130P OLMAK<\/p>\n\n\n\n<p>2021&#039;de g\u00f6\u00e7 konusuna daha k\u0131s\u0131tlay\u0131c\u0131 bir yakla\u015f\u0131m\u0131 savundu ve bunu &quot;toplum i\u00e7in b\u00fcy\u00fck bir zorluk&quot; olarak nitelendirdi. \u00d6zellikle, maksimum y\u0131ll\u0131k g\u00f6\u00e7 tavanlar\u0131n\u0131n olu\u015fturulmas\u0131n\u0131 ve oturma izni verilmesi i\u00e7in &quot;yeterli kaynaklara&quot; sahip olmak (miktar\u0131 25 % oran\u0131nda artacakt\u0131r), &quot;Frans\u0131zca dilinde yeterlilik&quot; ve &quot;Frans\u0131zca yeterlili\u011fi&quot; gibi daha kat\u0131 ko\u015fullar\u0131n olu\u015fturulmas\u0131n\u0131 \u00f6nermektedir. \u201cLaikli\u011fe ve Cumhuriyet de\u011ferlerine sayg\u0131.\u201d Son olarak, be\u015f y\u0131ldan az bir s\u00fcredir Fransa&#039;da ikamet eden ki\u015fileri sosyal yard\u0131m programlar\u0131n\u0131n d\u0131\u015f\u0131nda b\u0131rakmak istiyorsunuz.<\/p>\n\n\n\n<p><\/p>\n\n\n\n<p><\/p>\n<div id=\"toc_container\" class=\"no_bullets\"><p class=\"toc_title\">\u0130\u00e7indekiler<\/p><ul class=\"toc_list\"><li><\/li><li><\/li><li><ul><li><\/li><\/ul><\/li><li><\/li><\/ul><\/div>","protected":false},"excerpt":{"rendered":"<p>UMP aday\u0131 Val\u00e9rie P\u00e9cresse i\u00e7in oranlar ve tahminler: Siyaset ve 2022&#039;de Fransa&#039;n\u0131n gelecekteki cumhurba\u015fkan\u0131 \u00fczerine \u00e7evrimi\u00e7i bahisler 2022 ba\u015fkanl\u0131k se\u00e7imleri \u015fimdiden mercek alt\u0131nda. Bu \u201cyeni normal\u201d i\u00e7in bir s\u0131nav olacak. Frans\u0131zlar\u0131n hen\u00fcz oy kullanma \u015fans\u0131 olmad\u0131\u2026<\/p>","protected":false},"author":1,"featured_media":0,"parent":0,"menu_order":0,"comment_status":"closed","ping_status":"closed","template":"page-nosidebar.php","meta":{"footnotes":""},"yoast_head":"<!-- This site is optimized with the Yoast SEO Premium plugin v21.0 (Yoast SEO v21.0) - https:\/\/yoast.com\/wordpress\/plugins\/seo\/ -->\n<title>Parier sur l\u2019\u00e9lection de Val\u00e9rie P\u00e9cresse - Finale Coupe du Monde FIFA<\/title>\n<meta name=\"description\" content=\"Pariez sur P\u00e9cresse pour l&#039;\u00e9lection 2022 : Cliquez Ici et Gagnez Gros! Pronostics ,Comparaison des Bookmakers et des meilleurs Cotes.\" \/>\n<meta name=\"robots\" content=\"index, follow, max-snippet:-1, max-image-preview:large, max-video-preview:-1\" \/>\n<link rel=\"canonical\" href=\"https:\/\/parier-presidentielle.com\/tr\/valerie-pecresse-secim\/\" \/>\n<meta property=\"og:locale\" content=\"tr_TR\" \/>\n<meta property=\"og:type\" content=\"article\" \/>\n<meta property=\"og:title\" content=\"Parier sur l\u2019\u00e9lection de Val\u00e9rie P\u00e9cresse\" \/>\n<meta property=\"og:description\" content=\"Pariez sur P\u00e9cresse pour l&#039;\u00e9lection 2022 : Cliquez Ici et Gagnez Gros! Pronostics ,Comparaison des Bookmakers et des meilleurs Cotes.\" \/>\n<meta property=\"og:url\" content=\"https:\/\/parier-presidentielle.com\/tr\/valerie-pecresse-secim\/\" \/>\n<meta property=\"og:site_name\" content=\"Parier Pr\u00e9sidentielle\" \/>\n<meta property=\"article:modified_time\" content=\"2022-04-24T07:32:12+00:00\" \/>\n<meta property=\"og:image\" content=\"https:\/\/parier-presidentielle.com\/wp-content\/uploads\/2022\/01\/valerie-pecresse-1024x512.jpeg\" \/>\n<meta name=\"twitter:card\" content=\"summary_large_image\" \/>\n<meta name=\"twitter:label1\" content=\"Est. reading time\" \/>\n\t<meta name=\"twitter:data1\" content=\"5 dakika\" \/>\n<script type=\"application\/ld+json\" class=\"yoast-schema-graph\">{\"@context\":\"https:\/\/schema.org\",\"@graph\":[{\"@type\":\"WebPage\",\"@id\":\"https:\/\/parier-presidentielle.com\/valerie-pecresse-election\/\",\"url\":\"https:\/\/parier-presidentielle.com\/valerie-pecresse-election\/\",\"name\":\"Parier sur l\u2019\u00e9lection de Val\u00e9rie P\u00e9cresse - Finale Coupe du Monde FIFA\",\"isPartOf\":{\"@id\":\"https:\/\/parier-presidentielle.com\/#website\"},\"datePublished\":\"2022-01-11T21:54:26+00:00\",\"dateModified\":\"2022-04-24T07:32:12+00:00\",\"description\":\"Pariez sur P\u00e9cresse pour l'\u00e9lection 2022 : Cliquez Ici et Gagnez Gros! Pronostics ,Comparaison des Bookmakers et des meilleurs Cotes.\",\"breadcrumb\":{\"@id\":\"https:\/\/parier-presidentielle.com\/valerie-pecresse-election\/#breadcrumb\"},\"inLanguage\":\"tr\",\"potentialAction\":[{\"@type\":\"ReadAction\",\"target\":[\"https:\/\/parier-presidentielle.com\/valerie-pecresse-election\/\"]}]},{\"@type\":\"BreadcrumbList\",\"@id\":\"https:\/\/parier-presidentielle.com\/valerie-pecresse-election\/#breadcrumb\",\"itemListElement\":[{\"@type\":\"ListItem\",\"position\":1,\"name\":\"Accueil\",\"item\":\"https:\/\/parier-presidentielle.com\/\"},{\"@type\":\"ListItem\",\"position\":2,\"name\":\"Parier sur l\u2019\u00e9lection de Val\u00e9rie P\u00e9cresse\"}]},{\"@type\":\"WebSite\",\"@id\":\"https:\/\/parier-presidentielle.com\/#website\",\"url\":\"https:\/\/parier-presidentielle.com\/\",\"name\":\"Parier Pr\u00e9sidentielle\",\"description\":\"Paris, Pronostics, Wiki sur la Politique, les Elections Am\u00e9ricaines: Joe Biden, Donald Trump avec les Bookmakers en ligne Unibet, Bwin, Betclic, Winamax\",\"potentialAction\":[{\"@type\":\"SearchAction\",\"target\":{\"@type\":\"EntryPoint\",\"urlTemplate\":\"https:\/\/parier-presidentielle.com\/?s={search_term_string}\"},\"query-input\":\"required name=search_term_string\"}],\"inLanguage\":\"tr\"}]}<\/script>\n<!-- \/ Yoast SEO Premium plugin. -->","yoast_head_json":{"title":"Parier sur l\u2019\u00e9lection de Val\u00e9rie P\u00e9cresse - Finale Coupe du Monde FIFA","description":"Pariez sur P\u00e9cresse pour l'\u00e9lection 2022 : Cliquez Ici et Gagnez Gros! Pronostics ,Comparaison des Bookmakers et des meilleurs Cotes.","robots":{"index":"index","follow":"follow","max-snippet":"max-snippet:-1","max-image-preview":"max-image-preview:large","max-video-preview":"max-video-preview:-1"},"canonical":"https:\/\/parier-presidentielle.com\/tr\/valerie-pecresse-secim\/","og_locale":"tr_TR","og_type":"article","og_title":"Parier sur l\u2019\u00e9lection de Val\u00e9rie P\u00e9cresse","og_description":"Pariez sur P\u00e9cresse pour l'\u00e9lection 2022 : Cliquez Ici et Gagnez Gros! Pronostics ,Comparaison des Bookmakers et des meilleurs Cotes.","og_url":"https:\/\/parier-presidentielle.com\/tr\/valerie-pecresse-secim\/","og_site_name":"Parier Pr\u00e9sidentielle","article_modified_time":"2022-04-24T07:32:12+00:00","og_image":[{"url":"https:\/\/parier-presidentielle.com\/wp-content\/uploads\/2022\/01\/valerie-pecresse-1024x512.jpeg"}],"twitter_card":"summary_large_image","twitter_misc":{"Est. reading time":"5 dakika"},"schema":{"@context":"https:\/\/schema.org","@graph":[{"@type":"WebPage","@id":"https:\/\/parier-presidentielle.com\/valerie-pecresse-election\/","url":"https:\/\/parier-presidentielle.com\/valerie-pecresse-election\/","name":"Parier sur l\u2019\u00e9lection de Val\u00e9rie P\u00e9cresse - Finale Coupe du Monde FIFA","isPartOf":{"@id":"https:\/\/parier-presidentielle.com\/#website"},"datePublished":"2022-01-11T21:54:26+00:00","dateModified":"2022-04-24T07:32:12+00:00","description":"Pariez sur P\u00e9cresse pour l'\u00e9lection 2022 : Cliquez Ici et Gagnez Gros! Pronostics ,Comparaison des Bookmakers et des meilleurs Cotes.","breadcrumb":{"@id":"https:\/\/parier-presidentielle.com\/valerie-pecresse-election\/#breadcrumb"},"inLanguage":"tr","potentialAction":[{"@type":"ReadAction","target":["https:\/\/parier-presidentielle.com\/valerie-pecresse-election\/"]}]},{"@type":"BreadcrumbList","@id":"https:\/\/parier-presidentielle.com\/valerie-pecresse-election\/#breadcrumb","itemListElement":[{"@type":"ListItem","position":1,"name":"Accueil","item":"https:\/\/parier-presidentielle.com\/"},{"@type":"ListItem","position":2,"name":"Parier sur l\u2019\u00e9lection de Val\u00e9rie P\u00e9cresse"}]},{"@type":"WebSite","@id":"https:\/\/parier-presidentielle.com\/#website","url":"https:\/\/parier-presidentielle.com\/","name":"Parier Pr\u00e9sidentielle","description":"Paris, Pronostics, Wiki sur la Politique, les Elections Am\u00e9ricaines: Joe Biden, Donald Trump avec les Bookmakers en ligne Unibet, Bwin, Betclic, Winamax","potentialAction":[{"@type":"SearchAction","target":{"@type":"EntryPoint","urlTemplate":"https:\/\/parier-presidentielle.com\/?s={search_term_string}"},"query-input":"required name=search_term_string"}],"inLanguage":"tr"}]}},"_links":{"self":[{"href":"https:\/\/parier-presidentielle.com\/tr\/wp-json\/wp\/v2\/pages\/422"}],"collection":[{"href":"https:\/\/parier-presidentielle.com\/tr\/wp-json\/wp\/v2\/pages"}],"about":[{"href":"https:\/\/parier-presidentielle.com\/tr\/wp-json\/wp\/v2\/types\/page"}],"author":[{"embeddable":true,"href":"https:\/\/parier-presidentielle.com\/tr\/wp-json\/wp\/v2\/users\/1"}],"replies":[{"embeddable":true,"href":"https:\/\/parier-presidentielle.com\/tr\/wp-json\/wp\/v2\/comments?post=422"}],"version-history":[{"count":7,"href":"https:\/\/parier-presidentielle.com\/tr\/wp-json\/wp\/v2\/pages\/422\/revisions"}],"predecessor-version":[{"id":1598,"href":"https:\/\/parier-presidentielle.com\/tr\/wp-json\/wp\/v2\/pages\/422\/revisions\/1598"}],"wp:attachment":[{"href":"https:\/\/parier-presidentielle.com\/tr\/wp-json\/wp\/v2\/media?parent=422"}],"curies":[{"name":"wp","href":"https:\/\/api.w.org\/{rel}","templated":true}]}}