{"id":525,"date":"2022-02-17T17:17:02","date_gmt":"2022-02-17T16:17:02","guid":{"rendered":"https:\/\/parier-presidentielle.com\/?page_id=525"},"modified":"2022-04-12T00:47:22","modified_gmt":"2022-04-11T22:47:22","slug":"1xbit-politique","status":"publish","type":"page","link":"https:\/\/parier-presidentielle.com\/tr\/1xbit-politikasi\/","title":{"rendered":"1xBit: Bitcoin&#039;de Politika \u00fczerine bahis yapmak"},"content":{"rendered":"<h2 class=\"wp-block-heading\"><span id=\"1xbit-analyse-du-nouveaux-bookmaker-specialise-en-bitcoin\">1xbit: Bitcoin konusunda uzmanla\u015fm\u0131\u015f yeni bahis\u00e7inin analizi<\/span><\/h2>\n\n\n\n<p>1xBit, asl\u0131nda uluslararas\u0131 sahnedeki en yenilik\u00e7i Spor Bahisleri\/Oyun sitesidir. <strong>yaln\u0131zca kripto para birimleri arac\u0131l\u0131\u011f\u0131yla para yat\u0131rma ve \u00e7ekme i\u015flemlerine izin veren tek ki\u015fidir<\/strong>, kesinlikle \u00e7evrimi\u00e7i oyun d\u00fcnyas\u0131n\u0131 sarsan bir yeniliktir. <br>Bu \u00f6deme y\u00f6ntemi nedeniyle platform, piyasada faaliyet g\u00f6stermek i\u00e7in herhangi bir \u00f6zel lisans gerektirmez, ancak bahis \u015firketi &quot;1X Corp NV&quot; grubunun bir par\u00e7as\u0131 oldu\u011fu i\u00e7in g\u00fcvenli ve emniyetli kabul edilir. Curacao kanunlar\u0131 taraf\u0131ndan verilen uluslararas\u0131 lisansa sahip en \u00fcnl\u00fc web sitesi 1xBet&#039;in ve Avrupa \u00e7ap\u0131nda binlerce bahis merkezinin sahibi, ayr\u0131ca son y\u0131llarda baz\u0131 d\u00fcnya \u00e7ap\u0131ndaki futbol tak\u0131mlar\u0131n\u0131n sponsorlu\u011fu sayesinde de hat\u0131r\u0131 say\u0131l\u0131r bir alan geli\u015ftirdi.<\/p>\n\n\n\n<div class=\"wp-block-image\"><figure class=\"aligncenter size-large is-resized\"><img decoding=\"async\" loading=\"lazy\" src=\"https:\/\/parier-presidentielle.com\/wp-content\/uploads\/2022\/04\/1xBit-pour-parier-sur-la-politique-en-bitcoin-1024x546.jpg\" alt=\"1xbit, bitcoin ile siyaset \u00fczerine bahis oynamak i\u00e7in\" class=\"wp-image-1223\" width=\"768\" height=\"410\" srcset=\"https:\/\/parier-presidentielle.com\/wp-content\/uploads\/2022\/04\/1xBit-pour-parier-sur-la-politique-en-bitcoin-1024x546.jpg 1024w, https:\/\/parier-presidentielle.com\/wp-content\/uploads\/2022\/04\/1xBit-pour-parier-sur-la-politique-en-bitcoin-300x160.jpg 300w, https:\/\/parier-presidentielle.com\/wp-content\/uploads\/2022\/04\/1xBit-pour-parier-sur-la-politique-en-bitcoin-768x410.jpg 768w, https:\/\/parier-presidentielle.com\/wp-content\/uploads\/2022\/04\/1xBit-pour-parier-sur-la-politique-en-bitcoin-1536x819.jpg 1536w, https:\/\/parier-presidentielle.com\/wp-content\/uploads\/2022\/04\/1xBit-pour-parier-sur-la-politique-en-bitcoin-2048x1092.jpg 2048w, https:\/\/parier-presidentielle.com\/wp-content\/uploads\/2022\/04\/1xBit-pour-parier-sur-la-politique-en-bitcoin-18x10.jpg 18w\" sizes=\"(max-width: 768px) 100vw, 768px\" \/><\/figure><\/div>\n\n\n\n<p>1xBit&#039;e d\u00f6nersek, spor bahisleri s\u00f6z konusu oldu\u011funda, ortalaman\u0131n olduk\u00e7a \u00fczerinde oranlarla geni\u015f bir bahis t\u00fcr\u00fc yelpazesi sunmas\u0131 ve ayn\u0131 zamanda canl\u0131 etkinliklere ayr\u0131lm\u0131\u015f m\u00fckemmel bir b\u00f6l\u00fcm sunmas\u0131 nedeniyle bir\u00e7ok bahis\u00e7inin tercihi oldu\u011funu s\u00f6yleyebiliriz. Kullan\u0131m\u0131 \u00e7ok kolay, s\u00fcrekli g\u00fcncellenen istatistik servisi, oynanacak oyun \u00f6nerileri ve di\u011fer oyuncularla ger\u00e7ek zamanl\u0131 sohbet etme imkan\u0131 sayesinde spora pek a\u015fina olmayanlar bile duygular\u0131 hissedebilir. Siteye. T\u00fcm bu yenilikler onu bahis i\u00e7in en iyi sitelerden biri haline getiriyor. 1xBit ayn\u0131 zamanda bir\u00e7ok canl\u0131 etkinli\u011fi takip etmenize de olanak tan\u0131yor, sadece oyun hesab\u0131n\u0131zda para olmas\u0131 yeterli!<\/p>\n\n\n\n<h2 class=\"wp-block-heading\"><span id=\"comment-s8217inscrire-sur-1xbit-et-parier-sur-la-presidentielle\">1xbit&#039;e nas\u0131l kay\u0131t olunur ve Cumhurba\u015fkanl\u0131\u011f\u0131 Se\u00e7imine nas\u0131l bahis oynan\u0131r?<\/span><\/h2>\n\n\n\n<p>Bahis\u00e7ilerin ilgisini \u00e7ekece\u011fi kesin olan bir di\u011fer yeni \u00f6zellik ise kay\u0131tt\u0131r <strong>\u00e7ok h\u0131zl\u0131 ve tamamen anonim<\/strong> Asl\u0131nda sitede, belge ve ki\u015fisel veriler g\u00f6nderilmeden, yaln\u0131zca e-posta veya cep telefonu numaras\u0131 g\u00f6nderilmeden, yaln\u0131zca kripto para birimlerinde\u2026 K\u0131sa s\u00fcre i\u00e7inde kay\u0131t olmak i\u00e7in, para yat\u0131rma i\u015flemi tamamen anonim olacak ve m\u00fc\u015fterinin mahremiyetine tamamen sayg\u0131 g\u00f6sterilecektir.<\/p>\n\n\n\n<h2 class=\"wp-block-heading\"><span id=\"bonus-de-bienvenue\">ho\u015f geldin bonusu<\/span><\/h2>\n\n\n\n<p>Di\u011fer t\u00fcm bahis siteleri gibi, 1xBit de yeni m\u00fc\u015fterilere ilk para yat\u0131rma i\u015fleminde 100%&#039;ye kadar 7 BTC&#039;ye kadar ho\u015f geldin bonusu sunuyor. Sunulan ho\u015f geldin bonusu hem Spor Bahisleri hem de Politika Casino i\u00e7in ge\u00e7erlidir. Bu promosyondan tam olarak yararlanmak i\u00e7in kay\u0131t olduktan sonra \u015fartlar ve ko\u015fullar\u0131 okuman\u0131z\u0131 \u00f6neririz.<\/p>\n\n\n\n<p>\u0130\u015fte ekibimiz taraf\u0131ndan a\u00e7\u0131klanan en \u00f6nemli noktalar:<\/p>\n\n\n\n<p><\/p>\n\n\n\n<p>Bahis yapabilmek i\u00e7in bonusu alabilmeniz i\u00e7in bahsin 1.60 orana sahip olmas\u0131, casino oyunu olmamas\u0131 ve 1xbit olmas\u0131 gerekmektedir, diledi\u011finiz miktarda bahis yapman\u0131z yeterlidir.<\/p>\n\n\n\n<p><\/p>\n\n\n\n<p>Politikaya ve ayn\u0131 zamanda Kumarhaneye bahis yap\u0131n: oyunlar, kumar makineleri\u2026<\/p>\n\n\n\n<p>Spor takvimi futbol d\u00fcnyas\u0131yla s\u0131n\u0131rl\u0131 olmay\u0131p, di\u011fer bir\u00e7ok spor dal\u0131na da bahis yapman\u0131za olanak tan\u0131r ve ayr\u0131ca Paris&#039;ten geni\u015f bir d\u00fcnya aras\u0131ndan se\u00e7im yapabilmeniz i\u00e7in sanal bahislere ayr\u0131lm\u0131\u015f bir b\u00f6l\u00fcm ve esporlar i\u00e7in bir b\u00f6l\u00fcm i\u00e7erir.<\/p>\n\n\n\n<p>Ayr\u0131ca fantastik slotlar\u0131n yan\u0131 s\u0131ra fantastik jackpotlar ve bonuslar da dahil olmak \u00fczere say\u0131s\u0131z oyun bulabilece\u011finiz Casino b\u00f6l\u00fcm\u00fc de bulunmaktad\u0131r.<\/p>\n\n\n\n<p>Bahis veya spor b\u00f6l\u00fcm\u00fcne gelince, 1xbit geleneksel platformlar sunmaktad\u0131r (Melbet, 1xbet ve 22Bet&#039;e \u00e7ok benzer). Ancak oyun deneyimi olduk\u00e7a keyifli ve spor listesini, oranlar ve bahis t\u00fcrlerinin bulundu\u011fu oyun listesinin ortas\u0131ndaki kenar \u00e7ubu\u011funda bulabilirsiniz.<\/p>\n\n\n\n<p><strong>Bu bahis \u015firketinin g\u00fc\u00e7l\u00fc noktalar\u0131ndan biri de programd\u0131r; 1xBit&#039;in b\u00fcy\u00fck oranlar sunmas\u0131,<\/strong> yerel turnuvalar veya uluslararas\u0131 spor etkinlikleri olsun, rekabet\u00e7i bile de\u011filler, ancak yar\u0131\u015fmalara g\u00f6re y\u00fcksekler.<\/p>\n\n\n\n<p>Daha \u00f6nce bahsedilen bir ba\u015fka nokta da, a\u015fa\u011f\u0131dakiler gibi ilgin\u00e7 se\u00e7enekler sunan 1xbit Sport sayfas\u0131d\u0131r:<\/p>\n\n\n\n<p>G\u00fcn\u00fcn etkinlikleri veya turnuvalar\u0131: 1xbit, g\u00fcn\u00fcn en \u00f6nemli etkinliklerini se\u00e7er ve her g\u00fcn farkl\u0131 bir promosyon kar\u015f\u0131l\u0131\u011f\u0131nda m\u00fc\u015fterilerini bahis oynamaya davet eder. (Minimum bahis 2 Mbt&#039;dir).<\/p>\n\n\n\n<p>Milli tak\u0131m\u0131n\u0131za bahis yap\u0131n: 1xbet, futbol, tenis, golf veya di\u011fer m\u00fcsabakalar gibi desteklenen t\u00fcm sporlar\u0131n ana sayfas\u0131nda \u00fclkenizin sporlar\u0131n\u0131 veya milli tak\u0131m\u0131n\u0131 size g\u00f6stermek i\u00e7in IP adresinizi kullan\u0131r.<\/p>\n\n\n\n<p>En iyi turnuvalara bahis yap\u0131n: Bu se\u00e7enek \u00e7ok kullan\u0131\u015fl\u0131d\u0131r, tek bir t\u0131klamayla g\u00fcn\u00fcn en iyi lig ma\u00e7\u0131n\u0131 en y\u00fcksek oranlarla g\u00f6sterir.<\/p>\n\n\n\n<p>Politika \u00dczerine Bahis: Bu, muhtemelen d\u00fcnya \u00e7ap\u0131ndaki t\u00fcm \u00fclkelerdeki siyasi duruma g\u00f6re farkl\u0131 bahis se\u00e7enekleri sunan, bu t\u00fcr bir oyun sunan web \u00fczerindeki birka\u00e7 bahis\u00e7iden biridir. Yeni Frans\u0131z veya Amerikan ba\u015fkan\u0131n\u0131n kim olaca\u011f\u0131na dair bahis yap\u0131n<\/p>\n\n\n\n<p><\/p>\n\n\n\n<h2 class=\"wp-block-heading\"><span id=\"service-clients\">M\u00fc\u015fteri servisi <\/span><\/h2>\n\n\n\n<p><br>Web sitesi tamamen m\u00fc\u015fterilerinin kullan\u0131m\u0131na a\u00e7\u0131kt\u0131r, bu nedenle canl\u0131 sohbet veya e-posta yoluyla 7\/24 destek sunmaktad\u0131r. Bonuslar \u00e7ok h\u0131zl\u0131 bir \u015fekilde \u00f6denir, asl\u0131nda bahis bitiminden en ge\u00e7 30 dakika sonra \u00f6denir. Kullan\u0131labilir y\u00f6ntemler \u015funlard\u0131r: canl\u0131 sohbet, e-posta ve telefon numaralar\u0131n\u0131n yan\u0131 s\u0131ra sosyal a\u011flar arac\u0131l\u0131\u011f\u0131yla destek (Twitter&#039;da 1xBit, Instagram&#039;da 1xBit, YouTube kanal\u0131nda 1xBit, Telegram&#039;da 1xBit).<\/p>\n\n\n\n<p>Ek olarak 1xbit, size ilgin\u00e7 haberler ve bonus bilgileri sa\u011flayan bir \u015firket blogu da sunmaktad\u0131r.<\/p>\n\n\n\n<h2 class=\"wp-block-heading\"><span id=\"conclusion-sur-le-bookmaker-1xbit\">1xbit bahis\u00e7i hakk\u0131nda sonu\u00e7<\/span><\/h2>\n\n\n\n<p>Bu site orijinaldir! Hemen hemen bir\u00e7ok spor veya di\u011fer oyun t\u00fcrlerine bahis oynayabilece\u011finiz bir siteyi ziyaret etmek istiyorsan\u0131z bu bahis \u015firketi tam size g\u00f6re. 1xBit.com beklentilerimizi kar\u015f\u0131lad\u0131 ve ekibimiz m\u00fckemmel bir oyun deneyimi sundu\u011fu i\u00e7in 5 y\u0131ld\u0131z vermeye karar verdi. Casino b\u00f6l\u00fcm\u00fcn\u00fc de unutmayal\u0131m, \u00e7ok iyi yap\u0131lm\u0131\u015f, 3.000&#039;den fazla slot makinesi, slot makinesi ve bir\u00e7ok kart sunuyor oyunlar. Buldu\u011fumuz tek hata, kredi kartlar\u0131n\u0131 ve \u00e7evrimi\u00e7i banka havalelerini kabul etmemeleriydi.<\/p>\n\n\n\n<h3 class=\"wp-block-heading\"><span id=\"en-resume\"><br><strong>\u00d6zetle<\/strong><\/span><\/h3>\n\n\n\n<p>avantaj<\/p>\n\n\n\n<ul><li>Bitcoin kabul eden tek spor bahis sitesi<\/li><li>Canl\u0131 oyunlar ve tonlarca slot makinesi.<\/li><li>B\u00fcy\u00fck promosyonlar ve bonuslar<\/li><li>\u00dccretsiz para yat\u0131rma ve \u00e7ekme<\/li><\/ul>\n\n\n\n<p><br>Varsay\u0131lan<\/p>\n\n\n\n<ul><li>Kripto para birimleri d\u0131\u015f\u0131nda ba\u015fka bankac\u0131l\u0131k se\u00e7ene\u011fi yoktur.<\/li><li>Web sitesinin baz\u0131 ergonomik de\u011fi\u015fikliklere ihtiyac\u0131 var<\/li><\/ul>\n\n\n\n<p class=\"has-text-align-center unibet\" style=\"font-size:25px\"><mark style=\"background-color:rgba(0, 0, 0, 0);color:#0d7a12\" class=\"has-inline-color\"><strong><a href=\"https:\/\/parier-presidentielle.com\/tr\/recommends\/unibet\/\">Unibet ile sunulan 150 \u20ac Bonus<br>1. Politik veya Spor Bahsiniz i\u00e7in: Buraya t\u0131klay\u0131n<\/a><\/strong><\/mark><\/p>\n\n\n\n<p><\/p>\n\n\n<div class=\"wp-block-image\">\n<figure class=\"aligncenter is-resized wp-duotone-000097-ff4747-1\"><img decoding=\"async\" loading=\"lazy\" src=\"https:\/\/parier-presidentielle.com\/wp-content\/uploads\/2021\/09\/election-standard-scale-4_00x-gigapixel-1024x623.jpg\" alt=\"Se\u00e7im 2022\" style=\"width:256px;height:156px\" width=\"256\" height=\"156\"\/><\/figure><\/div>\n\n\n<p><br><\/p>\n\n\n\n<p><strong>Parier-presidentielle, farkl\u0131 se\u00e7enekler aras\u0131nda se\u00e7im yapman\u0131za yard\u0131mc\u0131 olur.<a href=\"https:\/\/parier-presidentielle.com\/tr\/\"> Bahis\u00e7iler Bwin, Unibet, Betclic 2024&#039;te Gelece\u011fin Amerikan Ba\u015fkan\u0131na Bahis Yapacak<\/a> : <\/strong><br><a href=\"https:\/\/parier-presidentielle.com\/tr\/unibet-policy-secim-2022\/\">Unibet Cumhurba\u015fkanl\u0131\u011f\u0131 Bahis\u00e7isi<\/a> : T\u00fcm oranlarla \u00e7evrimi\u00e7i ilk bahsinizi yapmak ve sunulan Bonustan nas\u0131l yararlanaca\u011f\u0131n\u0131z konusunda ayr\u0131nt\u0131l\u0131 ve \u00fccretsiz rehber!<\/p>\n\n\n\n<p>Di\u011fer \u00e7evrimi\u00e7i bahis sitelerinin yan\u0131 s\u0131ra: <a href=\"https:\/\/parier-presidentielle.com\/tr\/unibet-policy-secim-2022\/\">Bwin<\/a>, <a href=\"https:\/\/parier-presidentielle.com\/tr\/netbet-paris-politika-secim-2022\/\">NetBet<\/a>, <a href=\"https:\/\/parier-presidentielle.com\/tr\/betclic-baskanlik-2022\/\">Betclic<\/a>, <a href=\"https:\/\/parier-presidentielle.com\/tr\/winamax-policy-secim-2022\/\">Winamax<\/a>, Parions Sport, Zebet, Betway, France-Pari, Vbet, Cloudbet, 1Xbit, 1xbet, Betfair, Betwinner\u2026<\/p>\n\n\n\n<div class=\"wp-block-columns is-layout-flex wp-container-6 wp-block-columns-is-layout-flex\">\n<div class=\"wp-block-column is-layout-flow wp-block-column-is-layout-flow\" style=\"flex-basis:33.33%\">\n<p>Dosyam\u0131z\u0131 okudunuz:<\/p>\n<\/div>\n\n\n\n<div class=\"wp-block-column is-layout-flow wp-block-column-is-layout-flow\" style=\"flex-basis:33.33%\">\n<div class=\"wp-block-group is-layout-flow wp-block-group-is-layout-flow\"><div class=\"wp-block-group__inner-container\"><h4 class=\"has-text-align-center wp-block-post-title\"><span id=\"1xbit-pour-parier-sur-la-politique-en-bitcoin\"><a href=\"https:\/\/parier-presidentielle.com\/tr\/1xbit-politikasi\/\" target=\"_self\" >1xBit: Bitcoin&#039;de Politika \u00fczerine bahis yapmak<\/a><\/span><\/h4><\/div><\/div>\n<\/div>\n\n\n\n<div class=\"wp-block-column is-layout-flow wp-block-column-is-layout-flow\" style=\"flex-basis:33.33%\">\n<p class=\"has-text-align-right\">Di\u011fer \u00f6zel dosyalar\u0131m\u0131zla okumaya devam edin,<\/p>\n<\/div>\n<\/div>\n\n\n\n<h3 class=\"wp-block-heading\" id=\"tous-les-pronostics-sondage-et-cotes-pour-parier-sur-le-futur-vainqueur-de-l-election-presidentielle-2022\"><span id=\"tous-les-pronostics-sondage-et-cotes-pour-parier-sur-le-futur-vainqueur-de-l8217election-presidentielle-2024\">2024 Cumhurba\u015fkanl\u0131\u011f\u0131 se\u00e7iminin gelecekteki kazanan\u0131na dair bahis yap\u0131labilecek t\u00fcm Tahminler, Anketler ve Oranlar:<\/span><\/h3>\n\n\n\n<ul>\n<li><a href=\"https:\/\/parier-presidentielle.com\/tr\/macron-secim\/\">Unibet, Betclic, Bwin ile Emmanuel Macron&#039;a bahis yap\u0131n<\/a> : Anketlerin ve tahminlerin favorisi <\/li>\n\n\n\n<li><a href=\"https:\/\/parier-presidentielle.com\/tr\/marine-le-pen-secim\/\">Marine Le Pen: Oranlar\u0131 ve Bahis\u00e7iler ile nas\u0131l bahis oynan\u0131r<\/a>: Unibet&#039;e g\u00f6re meydan okuyan<\/li>\n<\/ul>\n\n\n\n<p><\/p>\n\n\n\n<center><script type=\"text\/javascript\" charset=\"utf-8\" src=\"https:\/\/www.gambling-affiliation.com\/cpm\/v=AmIMTDSs92QY6b0MzDMvM5laCjJ-ZlA-1oQ-7tKsi.w_GA7331V2\"><\/script><\/center>\n\n\n\n<h3 class=\"wp-block-heading\"><span id=\"donald-trump-vs-joe-biden-la-video-qui-lance-les-paris-en-ligne-sur-l8217election-politique-de-2024\">Donald Trump vs Joe Biden: 2024 siyasi se\u00e7imlerinde \u00e7evrimi\u00e7i bahis oynamay\u0131 ba\u015flatan video<\/span><\/h3>\n\n\n\n<figure class=\"wp-block-embed is-type-video is-provider-youtube wp-block-embed-youtube wp-embed-aspect-16-9 wp-has-aspect-ratio\"><div class=\"wp-block-embed__wrapper\">\n<iframe loading=\"lazy\" title=\"Eski Ba\u015fkan Donald Trump, 2024 Beyaz Saray teklifini ba\u015flatt\u0131 #Short\" width=\"640\" height=\"360\" src=\"https:\/\/www.youtube.com\/embed\/hZykPRVe4Ag?feature=oembed\" frameborder=\"0\" allow=\"accelerometer; autoplay; clipboard-write; encrypted-media; gyroscope; picture-in-picture; web-share\" allowfullscreen><\/iframe>\n<\/div><\/figure>\n\n\n<div class=\"wp-block-image\">\n<figure class=\"aligncenter size-medium\"><a href=\"https:\/\/parier-presidentielle.com\/tr\/recommends\/unibet\/\" target=\"_blank\" rel=\"noopener\"><img decoding=\"async\" loading=\"lazy\" width=\"300\" height=\"169\" src=\"https:\/\/parier-presidentielle.com\/wp-content\/uploads\/2022\/04\/unibet-300x169.jpg\" alt=\"\" class=\"wp-image-1252\" srcset=\"https:\/\/parier-presidentielle.com\/wp-content\/uploads\/2022\/04\/unibet-300x169.jpg 300w, https:\/\/parier-presidentielle.com\/wp-content\/uploads\/2022\/04\/unibet-1024x576.jpg 1024w, https:\/\/parier-presidentielle.com\/wp-content\/uploads\/2022\/04\/unibet-768x432.jpg 768w, https:\/\/parier-presidentielle.com\/wp-content\/uploads\/2022\/04\/unibet-18x10.jpg 18w, https:\/\/parier-presidentielle.com\/wp-content\/uploads\/2022\/04\/unibet.jpg 1280w\" sizes=\"(max-width: 300px) 100vw, 300px\" \/><\/a><\/figure><\/div>\n\n\n<p>Esrar ve yasal t\u00fcrevleriyle ilgili ana siyasi haber olan Wiki&#039;yi bulun: <strong>HHC, H4cbd, Thcp, Thcv, HSD, HHCPO, C4B<\/strong><\/p>\n<div id=\"toc_container\" class=\"no_bullets\"><p class=\"toc_title\">\u0130\u00e7indekiler<\/p><ul class=\"toc_list\"><li><\/li><li><\/li><li><\/li><li><\/li><li><ul><li><ul><li><\/li><\/ul><\/li><li><\/li><li><\/li><\/ul><\/li><\/ul><\/div>","protected":false},"excerpt":{"rendered":"<p>1xbit: Bitcoin konusunda uzmanla\u015fm\u0131\u015f yeni bahis \u015firketinin analizi 1xBit, uluslararas\u0131 sahnedeki en yenilik\u00e7i Spor\/Gaming Paris sitesidir, asl\u0131nda yaln\u0131zca kripto para birimleri arac\u0131l\u0131\u011f\u0131yla para yat\u0131rma ve \u00e7ekme i\u015flemlerine izin veren tek sitedir. Bu kesinlikle sarsm\u0131\u015f bir yeniliktir \u00e7evrimi\u00e7i oyun d\u00fcnyas\u0131. \u00c7\u00fcnk\u00fc\u2026<\/p>","protected":false},"author":1,"featured_media":0,"parent":0,"menu_order":0,"comment_status":"closed","ping_status":"closed","template":"page-nosidebar.php","meta":{"footnotes":""},"yoast_head":"<!-- This site is optimized with the Yoast SEO Premium plugin v21.0 (Yoast SEO v21.0) - https:\/\/yoast.com\/wordpress\/plugins\/seo\/ -->\n<title>1xBit : Pour parier sur la Politique en Bitcoin - Finale Coupe du Monde FIFA<\/title>\n<meta name=\"description\" content=\"Parier avec 1xBit : 7 BTC offert pour votre 1er Pari sur la Politique, le Sport! Guide du Bookmaker pour profiter du Bonus de bienvenue...\" \/>\n<meta name=\"robots\" content=\"index, follow, max-snippet:-1, max-image-preview:large, max-video-preview:-1\" \/>\n<link rel=\"canonical\" href=\"https:\/\/parier-presidentielle.com\/tr\/1xbit-politikasi\/\" \/>\n<meta property=\"og:locale\" content=\"tr_TR\" \/>\n<meta property=\"og:type\" content=\"article\" \/>\n<meta property=\"og:title\" content=\"1xBit : Pour parier sur la Politique en Bitcoin\" \/>\n<meta property=\"og:description\" content=\"Parier avec 1xBit : 7 BTC offert pour votre 1er Pari sur la Politique, le Sport! Guide du Bookmaker pour profiter du Bonus de bienvenue...\" \/>\n<meta property=\"og:url\" content=\"https:\/\/parier-presidentielle.com\/tr\/1xbit-politikasi\/\" \/>\n<meta property=\"og:site_name\" content=\"Parier Pr\u00e9sidentielle\" \/>\n<meta property=\"article:modified_time\" content=\"2022-04-11T22:47:22+00:00\" \/>\n<meta property=\"og:image\" content=\"https:\/\/parier-presidentielle.com\/wp-content\/uploads\/2022\/04\/1xBit-pour-parier-sur-la-politique-en-bitcoin-1024x546.jpg\" \/>\n<meta name=\"twitter:card\" content=\"summary_large_image\" \/>\n<meta name=\"twitter:label1\" content=\"Est. reading time\" \/>\n\t<meta name=\"twitter:data1\" content=\"6 dakika\" \/>\n<script type=\"application\/ld+json\" class=\"yoast-schema-graph\">{\"@context\":\"https:\/\/schema.org\",\"@graph\":[{\"@type\":\"WebPage\",\"@id\":\"https:\/\/parier-presidentielle.com\/1xbit-politique\/\",\"url\":\"https:\/\/parier-presidentielle.com\/1xbit-politique\/\",\"name\":\"1xBit : Pour parier sur la Politique en Bitcoin - Finale Coupe du Monde FIFA\",\"isPartOf\":{\"@id\":\"https:\/\/parier-presidentielle.com\/#website\"},\"datePublished\":\"2022-02-17T16:17:02+00:00\",\"dateModified\":\"2022-04-11T22:47:22+00:00\",\"description\":\"Parier avec 1xBit : 7 BTC offert pour votre 1er Pari sur la Politique, le Sport! Guide du Bookmaker pour profiter du Bonus de bienvenue...\",\"breadcrumb\":{\"@id\":\"https:\/\/parier-presidentielle.com\/1xbit-politique\/#breadcrumb\"},\"inLanguage\":\"tr\",\"potentialAction\":[{\"@type\":\"ReadAction\",\"target\":[\"https:\/\/parier-presidentielle.com\/1xbit-politique\/\"]}]},{\"@type\":\"BreadcrumbList\",\"@id\":\"https:\/\/parier-presidentielle.com\/1xbit-politique\/#breadcrumb\",\"itemListElement\":[{\"@type\":\"ListItem\",\"position\":1,\"name\":\"Accueil\",\"item\":\"https:\/\/parier-presidentielle.com\/\"},{\"@type\":\"ListItem\",\"position\":2,\"name\":\"1xBit : Pour parier sur la Politique en Bitcoin\"}]},{\"@type\":\"WebSite\",\"@id\":\"https:\/\/parier-presidentielle.com\/#website\",\"url\":\"https:\/\/parier-presidentielle.com\/\",\"name\":\"Parier Pr\u00e9sidentielle\",\"description\":\"Paris, Pronostics, Wiki sur la Politique, les Elections Am\u00e9ricaines: Joe Biden, Donald Trump avec les Bookmakers en ligne Unibet, Bwin, Betclic, Winamax\",\"potentialAction\":[{\"@type\":\"SearchAction\",\"target\":{\"@type\":\"EntryPoint\",\"urlTemplate\":\"https:\/\/parier-presidentielle.com\/?s={search_term_string}\"},\"query-input\":\"required name=search_term_string\"}],\"inLanguage\":\"tr\"}]}<\/script>\n<!-- \/ Yoast SEO Premium plugin. -->","yoast_head_json":{"title":"1xBit : Pour parier sur la Politique en Bitcoin - Finale Coupe du Monde FIFA","description":"Parier avec 1xBit : 7 BTC offert pour votre 1er Pari sur la Politique, le Sport! Guide du Bookmaker pour profiter du Bonus de bienvenue...","robots":{"index":"index","follow":"follow","max-snippet":"max-snippet:-1","max-image-preview":"max-image-preview:large","max-video-preview":"max-video-preview:-1"},"canonical":"https:\/\/parier-presidentielle.com\/tr\/1xbit-politikasi\/","og_locale":"tr_TR","og_type":"article","og_title":"1xBit : Pour parier sur la Politique en Bitcoin","og_description":"Parier avec 1xBit : 7 BTC offert pour votre 1er Pari sur la Politique, le Sport! Guide du Bookmaker pour profiter du Bonus de bienvenue...","og_url":"https:\/\/parier-presidentielle.com\/tr\/1xbit-politikasi\/","og_site_name":"Parier Pr\u00e9sidentielle","article_modified_time":"2022-04-11T22:47:22+00:00","og_image":[{"url":"https:\/\/parier-presidentielle.com\/wp-content\/uploads\/2022\/04\/1xBit-pour-parier-sur-la-politique-en-bitcoin-1024x546.jpg"}],"twitter_card":"summary_large_image","twitter_misc":{"Est. reading time":"6 dakika"},"schema":{"@context":"https:\/\/schema.org","@graph":[{"@type":"WebPage","@id":"https:\/\/parier-presidentielle.com\/1xbit-politique\/","url":"https:\/\/parier-presidentielle.com\/1xbit-politique\/","name":"1xBit : Pour parier sur la Politique en Bitcoin - Finale Coupe du Monde FIFA","isPartOf":{"@id":"https:\/\/parier-presidentielle.com\/#website"},"datePublished":"2022-02-17T16:17:02+00:00","dateModified":"2022-04-11T22:47:22+00:00","description":"Parier avec 1xBit : 7 BTC offert pour votre 1er Pari sur la Politique, le Sport! Guide du Bookmaker pour profiter du Bonus de bienvenue...","breadcrumb":{"@id":"https:\/\/parier-presidentielle.com\/1xbit-politique\/#breadcrumb"},"inLanguage":"tr","potentialAction":[{"@type":"ReadAction","target":["https:\/\/parier-presidentielle.com\/1xbit-politique\/"]}]},{"@type":"BreadcrumbList","@id":"https:\/\/parier-presidentielle.com\/1xbit-politique\/#breadcrumb","itemListElement":[{"@type":"ListItem","position":1,"name":"Accueil","item":"https:\/\/parier-presidentielle.com\/"},{"@type":"ListItem","position":2,"name":"1xBit : Pour parier sur la Politique en Bitcoin"}]},{"@type":"WebSite","@id":"https:\/\/parier-presidentielle.com\/#website","url":"https:\/\/parier-presidentielle.com\/","name":"Parier Pr\u00e9sidentielle","description":"Paris, Pronostics, Wiki sur la Politique, les Elections Am\u00e9ricaines: Joe Biden, Donald Trump avec les Bookmakers en ligne Unibet, Bwin, Betclic, Winamax","potentialAction":[{"@type":"SearchAction","target":{"@type":"EntryPoint","urlTemplate":"https:\/\/parier-presidentielle.com\/?s={search_term_string}"},"query-input":"required name=search_term_string"}],"inLanguage":"tr"}]}},"_links":{"self":[{"href":"https:\/\/parier-presidentielle.com\/tr\/wp-json\/wp\/v2\/pages\/525"}],"collection":[{"href":"https:\/\/parier-presidentielle.com\/tr\/wp-json\/wp\/v2\/pages"}],"about":[{"href":"https:\/\/parier-presidentielle.com\/tr\/wp-json\/wp\/v2\/types\/page"}],"author":[{"embeddable":true,"href":"https:\/\/parier-presidentielle.com\/tr\/wp-json\/wp\/v2\/users\/1"}],"replies":[{"embeddable":true,"href":"https:\/\/parier-presidentielle.com\/tr\/wp-json\/wp\/v2\/comments?post=525"}],"version-history":[{"count":8,"href":"https:\/\/parier-presidentielle.com\/tr\/wp-json\/wp\/v2\/pages\/525\/revisions"}],"predecessor-version":[{"id":1228,"href":"https:\/\/parier-presidentielle.com\/tr\/wp-json\/wp\/v2\/pages\/525\/revisions\/1228"}],"wp:attachment":[{"href":"https:\/\/parier-presidentielle.com\/tr\/wp-json\/wp\/v2\/media?parent=525"}],"curies":[{"name":"wp","href":"https:\/\/api.w.org\/{rel}","templated":true}]}}