{"id":54,"date":"2021-09-07T00:14:00","date_gmt":"2021-09-06T22:14:00","guid":{"rendered":"https:\/\/parier-presidentielle.com\/?page_id=54"},"modified":"2022-04-24T12:00:40","modified_gmt":"2022-04-24T10:00:40","slug":"bookmakers-election","status":"publish","type":"page","link":"https:\/\/parier-presidentielle.com\/tr\/bahisciler-secim\/","title":{"rendered":"Bahis\u00e7iler ve Cumhurba\u015fkanl\u0131\u011f\u0131 Se\u00e7imi"},"content":{"rendered":"<div class=\"wp-block-columns is-layout-flex wp-container-4 wp-block-columns-is-layout-flex\">\n<div class=\"wp-block-column is-layout-flow wp-block-column-is-layout-flow\" style=\"flex-basis:100%\">\n<div class=\"wp-block-columns is-layout-flex wp-container-2 wp-block-columns-is-layout-flex\">\n<div class=\"wp-block-column is-layout-flow wp-block-column-is-layout-flow\" style=\"flex-basis:100%\">\n<center><script type=\"text\/javascript\" charset=\"utf-8\" src=\"https:\/\/www.gambling-affiliation.com\/cpm\/v=AmIMTDSs92QY6b0MzDMvM5laCjJ-ZlA-1oQ-7tKsi.w_GA7331V2\"><\/script><\/center>\n\n\n\n<p><\/p>\n\n\n\n<div class=\"wp-block-image is-style-default\"><figure class=\"aligncenter size-medium\"><a href=\"https:\/\/parier-presidentielle.com\/tr\/recommends\/unibet-logo\/\" target=\"_blank\" rel=\"no follow noopener\"><img decoding=\"async\" loading=\"lazy\" width=\"300\" height=\"169\" src=\"https:\/\/parier-presidentielle.com\/wp-content\/uploads\/2022\/04\/unibet-300x169.jpg\" alt=\"\" class=\"wp-image-1252\" srcset=\"https:\/\/parier-presidentielle.com\/wp-content\/uploads\/2022\/04\/unibet-300x169.jpg 300w, https:\/\/parier-presidentielle.com\/wp-content\/uploads\/2022\/04\/unibet-1024x576.jpg 1024w, https:\/\/parier-presidentielle.com\/wp-content\/uploads\/2022\/04\/unibet-768x432.jpg 768w, https:\/\/parier-presidentielle.com\/wp-content\/uploads\/2022\/04\/unibet-18x10.jpg 18w, https:\/\/parier-presidentielle.com\/wp-content\/uploads\/2022\/04\/unibet.jpg 1280w\" sizes=\"(max-width: 300px) 100vw, 300px\" \/><\/a><\/figure><\/div>\n<\/div>\n<\/div>\n<\/div>\n<\/div>\n\n\n\n<h2 class=\"wp-block-heading\"><span id=\"les-cote-pour-parier-en-ligne-sur-le-futur-vainqueur-en-france-macron-vs-le-pen\">Fransa&#039;da gelece\u011fin Galibi Macron - Le Pen ma\u00e7\u0131na \u00e7evrimi\u00e7i bahis yapma oranlar\u0131<\/span><\/h2>\n\n\n\n<p>Bir bahis sitesi ar\u0131yorsan\u0131z veya \u0130ngilizce <a href=\"https:\/\/parier-presidentielle.com\/tr\/\">bahis\u00e7i <\/a> 2022 cumhurba\u015fkanl\u0131\u011f\u0131 se\u00e7imleri i\u00e7in burada Parier-Pr\u00e9sidentielle hakk\u0131nda en eksiksiz ve ayr\u0131nt\u0131l\u0131 bilgileri bulacaks\u0131n\u0131z!<br>Ayr\u0131ca, bahis oranlar\u0131, canl\u0131 sonu\u00e7lar\/trendler dahil olmak \u00fczere bahis \u015firketlerinin sundu\u011fu t\u00fcm bahisleri ve politika d\u0131\u015f\u0131ndaki spor bahisleri (futbol vb.) ve hatta poker gibi di\u011fer bahisleri bulacaks\u0131n\u0131z.<\/p>\n\n\n\n<p>Bu yaz\u0131da, 2022 ba\u015fkanl\u0131k bahsinin kurallar\u0131n\u0131 sunaca\u011f\u0131z, ard\u0131ndan Fransa&#039;da yap\u0131lacak 2022 cumhurba\u015fkanl\u0131\u011f\u0131 se\u00e7imlerinin ikinci turu i\u00e7in adaylar\u0131 ve bu olayla ilgili farkl\u0131 olas\u0131 bahisleri analiz edece\u011fiz.<\/p>\n\n\n\n<p>2022 cumhurba\u015fkanl\u0131\u011f\u0131 se\u00e7imlerinin t\u00fcm olas\u0131l\u0131klar\u0131n\u0131 ke\u015ffedin <a href=\"https:\/\/parier-presidentielle.com\/tr\/unibet-policy-secim-2022\/\">Unibet<\/a> ! Art\u0131k her \u015feyi bildi\u011finize g\u00f6re teredd\u00fct etmeyin ve tahminlerinizi yapmak i\u00e7in Bwin, Betclic ve William Hill&#039;e gidin!<\/p>\n\n\n\n<p>Anket\u00e7iler, Macron i\u00e7in 52% ve Le Pen i\u00e7in 48% ile \u00e7ok yak\u0131n bir ikinci tur tahmininde bulundu. Fark o kadar yak\u0131n ki \u00f6yle ya da b\u00f6yle zafer, hata pay\u0131 dahilinde. Ancak her hal\u00fckarda bu, Macron&#039;un 66,1 % oyla Le Pen&#039;i ma\u011flup etti\u011fi 2017&#039;den \u00e7ok daha yak\u0131n.<\/p>\n\n\n\n<p><strong>Cumhurba\u015fkanl\u0131\u011f\u0131 se\u00e7imini kimin kazanma ihtimali daha y\u00fcksek?<\/strong><\/p>\n\n\n\n<p>Emmanuel Macron 1,14 oranla ve Marine Le Pen 5,3 oranla bahis\u00e7ilere g\u00f6re \u015fu anki ba\u015fkan\u0131n kazanma \u015fans\u0131 en y\u00fcksek.<\/p>\n\n\n\n<h2 class=\"wp-block-heading\"><span id=\"une-election-francaise-qui-interesse-le-monde-entier\">T\u00fcm d\u00fcnyay\u0131 ilgilendiren bir Fransa Se\u00e7imi!<\/span><\/h2>\n\n\n\n<p>Fransa&#039;da cumhurba\u015fkanl\u0131\u011f\u0131 se\u00e7imlerinin ikinci turu \u0130ngilizleri b\u00fcy\u00fcledi. Medyan\u0131n yan\u0131 s\u0131ra \u00e7evrimi\u00e7i bahis \u015firketleri de Frans\u0131z kampanyas\u0131ndaki son geli\u015fmeleri dikkatle inceledi. Bahis miktar\u0131 rekor k\u0131rd\u0131. At yar\u0131\u015flar\u0131 veya oyunlar\u0131nda bahis oynamakla yetinmemek <a href=\"https:\/\/www.foot-parier.com\/\">futbol<\/a>, \u0130ngilizler art\u0131k \u00fczerine bahse girebilir\u2026 <strong>Fransa ba\u015fkanl\u0131k se\u00e7imi<\/strong> say\u0131s\u0131z bahis \u015firketi ile. <a href=\"https:\/\/parier-presidentielle.com\/tr\/macron-secim\/\">Emmanuel Macron <\/a>Neresi <a href=\"https:\/\/parier-presidentielle.com\/tr\/marine-le-pen-secim\/\">Denizci Le Pen<\/a>Bu poster Bo\u011faz&#039;\u0131n kar\u015f\u0131s\u0131ndaki kom\u015fular\u0131m\u0131z\u0131 a\u00e7\u0131k\u00e7a b\u00fcy\u00fcl\u00fcyor. \u0130ngiltere&#039;nin en b\u00fcy\u00fck bahis \u015firketlerinden biri olan Betclic&#039;te En Marche&#039;nin lideri! Favori, 8 \u00fczerinden 1 oranla veriliyor. Rupert Adams, TF1 yaz\u0131 i\u015fleri ekibine, Marine Le Pen&#039;in 5 ila 1,5 in\u00e7 aras\u0131nda bir yabanc\u0131 oldu\u011funu a\u00e7\u0131klad\u0131. <\/p>\n\n\n\n<blockquote class=\"wp-block-quote\"><p><\/p><cite>\u201cEn b\u00fcy\u00fck bahisimiz 21.000 Euro, bu e\u015fi benzeri g\u00f6r\u00fclmemi\u015f bir rakam. \u201c<\/cite><\/blockquote>\n\n\n\n<div class=\"wp-block-image is-style-default wp-duotone-000097-ff4747-5\"><figure class=\"aligncenter size-large is-resized\"><img decoding=\"async\" loading=\"lazy\" src=\"https:\/\/parier-presidentielle.com\/wp-content\/uploads\/2021\/09\/macron-1024x578.jpeg\" alt=\"Macron, cumhurba\u015fkanl\u0131\u011f\u0131 se\u00e7imi i\u00e7in mitingde\" class=\"wp-image-57\" width=\"675\" height=\"381\" srcset=\"https:\/\/parier-presidentielle.com\/wp-content\/uploads\/2021\/09\/macron-1024x578.jpeg 1024w, https:\/\/parier-presidentielle.com\/wp-content\/uploads\/2021\/09\/macron-300x169.jpeg 300w, https:\/\/parier-presidentielle.com\/wp-content\/uploads\/2021\/09\/macron-768x433.jpeg 768w, https:\/\/parier-presidentielle.com\/wp-content\/uploads\/2021\/09\/macron.jpeg 1255w\" sizes=\"(max-width: 675px) 100vw, 675px\" \/><\/figure><\/div>\n\n\n\n<p>\u0130ngiliz medyas\u0131 geni\u015f \u00e7apta bildirdi <a href=\"https:\/\/parier-presidentielle.com\/tr\/\"><strong>Fransa se\u00e7imleri<\/strong><\/a> ger\u00e7ek bir co\u015fku yarat\u0131yor gibi g\u00f6r\u00fcn\u00fcyordu. \u0130lk tur arifesinde sand\u0131klar\u0131n tamamen a\u00e7\u0131k olmas\u0131 gibi pek \u00e7ok geli\u015fme merak\u0131 on kat\u0131na \u00e7\u0131kard\u0131. 2022 ba\u015fkanl\u0131k se\u00e7iminin ikinci turuna ili\u015fkin t\u00fcm bilgiler, Trump&#039;\u0131n se\u00e7ilmesi ve Brexit, Fransa&#039;da durumun yenilenebilmesi i\u00e7in anketleri sekteye u\u011fratt\u0131, dolay\u0131s\u0131yla ABD&#039;nin ilgisi de artt\u0131.<a href=\"https:\/\/parier-presidentielle.com\/tr\/bahisci-secim-siyaset-2022\/\"> do\u011fru bahis\u00e7iye bahis yap\u0131n<\/a>\u2026 Siyasete bu yeni yakla\u015f\u0131mdan bahsetmiyorum bile: Bu alanda, t\u0131pk\u0131 spor m\u00fcsabakalar\u0131nda oldu\u011fu gibi, sonu\u00e7lar hi\u00e7bir zaman \u00f6nceden belirlenmez. Bu ba\u011flamda, ABD&#039;de Donald Trump&#039;\u0131n se\u00e7ilmesinin veya Brexit&#039;in zaferi, son dakika de\u011fi\u015fikliklerinin asla g\u00f6z ard\u0131 edilemeyece\u011fini kan\u0131tlad\u0131. Bu durum kamuoyunu ve bahis\u00e7ileri \u015fa\u015fk\u0131na \u00e7evirdi.<\/p>\n\n\n\n<h2 class=\"wp-block-heading\"><span id=\"l8217avis-de-l8217expert-en-paris-sportifs-pour-l8217election\">Spor bahisleri uzman\u0131n\u0131n se\u00e7ime ili\u015fkin g\u00f6r\u00fc\u015f\u00fc<\/span><\/h2>\n\n\n\n<p>Siteden Emmanuelle de France, &quot;Bu iki \u015fey durumu de\u011fi\u015ftirdi&quot; diye vurgulad\u0131 <a href=\"https:\/\/parier-presidentielle.com\/tr\/\">Cumhurba\u015fkanl\u0131\u011f\u0131 Bahisleri: Bahis\u00e7i Se\u00e7imi Fransa,<\/a> \u00e7evrimi\u00e7i bahis uzman\u0131ndan <strong>Bwin <\/strong>. &quot;Her \u015fey olabilir. Bu, bu kadar ilgi uyand\u0131ran \u00fc\u00e7\u00fcnc\u00fc siyasi olay\u201d dedi TF1&#039;e. Bu bahis\u00e7i grubuna g\u00f6re Elys\u00e9e ma\u00e7\u0131ndaki bahis 30 milyon avroyu a\u015fabilir. 2012&#039;deki son Fransa ba\u015fkanl\u0131k se\u00e7imlerinden \u00e7ok daha \u015fa\u015f\u0131rt\u0131c\u0131 bir sonu\u00e7,  <strong>Bwin  <\/strong>etkinli\u011fin bahis\u00e7ilere a\u00e7\u0131lmas\u0131n\u0131 gerekli g\u00f6rmemi\u015fti.<\/p>\n\n\n\n<p>Unibet, 2022 ba\u015fkanl\u0131k se\u00e7imlerinin tamam\u0131 i\u00e7in t\u00fcm oyuncular\u0131na, Fransa&#039;daki 2022 ba\u015fkanl\u0131k se\u00e7imlerinin ikinci turunun kazanan aday\u0131na bahis oynayabilece\u011finiz \u00e7ok say\u0131da bahis imkan\u0131 sundu.<\/p>\n\n\n\n<p>Art\u0131k Unibet sayesinde 2022 ba\u015fkanl\u0131k se\u00e7imine ili\u015fkin t\u00fcm oranlar\u0131 bulabilirsiniz!<\/p>\n\n\n\n<p>Bwin&#039;e gelince, \u00f6rne\u011fin Fransa&#039;n\u0131n bir sonraki cumhurba\u015fkan\u0131 \u00fczerine bahisler ile size siyaset \u00fczerine bahis yapmak i\u00e7in eksiksiz bir teklif sunuyor.<\/p>\n\n\n\n<p>Ger\u00e7ekten de, bir\u00e7ok bahis\u00e7i, \u00f6nceki anketlerde zaten yer alm\u0131\u015f adaylar aras\u0131ndan se\u00e7im yaparak bu gelecekteki olayla ilgili tahminlerini \u00e7oktan yerle\u015ftirdi.<\/p>\n\n\n\n<p>Marine Le Pen (Bwin&#039;de 5.30), Emmanuel Macron (Bwin&#039;de 1.14), Jean-Luc M\u00e9lenchon (Bwin&#039;de 15.00), Beno\u00eet Hamon (Bwin&#039;de 50.00) ve hatta Fran\u00e7ois Baroin (Bwin&#039;de 67.00) \u00fczerine bahis oynayabilirsiniz.<\/p>\n\n\n\n<p>Unibet&#039;te 2022 ba\u015fkanl\u0131k se\u00e7imlerine ili\u015fkin t\u00fcm oranlar\u0131 bulun! Art\u0131k her \u015feyi bildi\u011finize g\u00f6re teredd\u00fct etmeyin ve tahminlerinizi yapmak i\u00e7in bwin&#039;ye gidin!<\/p>\n\n\n\n<p><\/p>\n\n\n\n<h3 class=\"has-text-align-center wp-block-heading\"><span id=\"dossier-special-bookmaker-unibet-bwin-mondial-quatar\"><br>Bahis \u015eirketi \u00d6zel Dosyas\u0131 Unibet Bwin &amp; Mondial Qatar <\/span><\/h3>\n\n\n\n<p>Farkl\u0131 sitelerdeki dosyalar\u0131m\u0131z sayesinde Politika ve t\u00fcm sporlar \u00fczerine ilk \u00e7evrimi\u00e7i bahsinizi yap\u0131n: Betclic, Winamax, Unibet, Betclic: <\/p>\n\n\n\n<p>Bwin, Unibet ve Betclic gibi \u00e7evrimi\u00e7i bahis \u015firketlerinin yard\u0131m\u0131yla turnuva i\u00e7in \u00e7e\u015fitli bahis pazarlar\u0131na eri\u015febilir, bu da size b\u00fcy\u00fck kazanma \u015fans\u0131 verebilir. Sonu\u00e7 olarak, Frans\u0131z tak\u0131m\u0131 2022 D\u00fcnya Kupas\u0131&#039;nda izlenecek tak\u0131mlardan biri olabilir. Bardak. Bwin, Unibet ve Betclic gibi \u00e7evrimi\u00e7i bahis \u015firketlerinin yard\u0131m\u0131yla Portekiz hakk\u0131nda bilgi toplayabilir ve bu turnuvadaki performanslar\u0131 hakk\u0131nda bilin\u00e7li bahisler yapabilirsiniz. \u00d6yleyse neden Fransa&#039;n\u0131n 2022&#039;deki ba\u015far\u0131s\u0131ndan potansiyel olarak yararlanma f\u0131rsat\u0131ndan yararlanm\u0131yorsunuz?<\/p>\n\n\n\n<p><\/p>\n\n\n\n<p class=\"has-text-align-center unibet\" style=\"font-size:25px\"><mark style=\"background-color:rgba(0, 0, 0, 0);color:#0d7a12\" class=\"has-inline-color\"><strong><a href=\"https:\/\/parier-presidentielle.com\/tr\/recommends\/unibet\/\">Unibet ile sunulan 150 \u20ac Bonus<br>1. Politik veya Spor Bahsiniz i\u00e7in: Buraya t\u0131klay\u0131n<\/a><\/strong><\/mark><\/p>\n\n\n\n<p><\/p>\n\n\n<div class=\"wp-block-image\">\n<figure class=\"aligncenter is-resized wp-duotone-000097-ff4747-6\"><img decoding=\"async\" loading=\"lazy\" src=\"https:\/\/parier-presidentielle.com\/wp-content\/uploads\/2021\/09\/election-standard-scale-4_00x-gigapixel-1024x623.jpg\" alt=\"Se\u00e7im 2022\" style=\"width:256px;height:156px\" width=\"256\" height=\"156\"\/><\/figure><\/div>\n\n\n<p><br><\/p>\n\n\n\n<p><strong>Parier-presidentielle, farkl\u0131 se\u00e7enekler aras\u0131nda se\u00e7im yapman\u0131za yard\u0131mc\u0131 olur.<a href=\"https:\/\/parier-presidentielle.com\/tr\/\"> Bahis\u00e7iler Bwin, Unibet, Betclic 2024&#039;te Gelece\u011fin Amerikan Ba\u015fkan\u0131na Bahis Yapacak<\/a> : <\/strong><br><a href=\"https:\/\/parier-presidentielle.com\/tr\/unibet-policy-secim-2022\/\">Unibet Cumhurba\u015fkanl\u0131\u011f\u0131 Bahis\u00e7isi<\/a> : T\u00fcm oranlarla \u00e7evrimi\u00e7i ilk bahsinizi yapmak ve sunulan Bonustan nas\u0131l yararlanaca\u011f\u0131n\u0131z konusunda ayr\u0131nt\u0131l\u0131 ve \u00fccretsiz rehber!<\/p>\n\n\n\n<p>Di\u011fer \u00e7evrimi\u00e7i bahis sitelerinin yan\u0131 s\u0131ra: <a href=\"https:\/\/parier-presidentielle.com\/tr\/unibet-policy-secim-2022\/\">Bwin<\/a>, <a href=\"https:\/\/parier-presidentielle.com\/tr\/netbet-paris-politika-secim-2022\/\">NetBet<\/a>, <a href=\"https:\/\/parier-presidentielle.com\/tr\/betclic-baskanlik-2022\/\">Betclic<\/a>, <a href=\"https:\/\/parier-presidentielle.com\/tr\/winamax-policy-secim-2022\/\">Winamax<\/a>, Parions Sport, Zebet, Betway, France-Pari, Vbet, Cloudbet, 1Xbit, 1xbet, Betfair, Betwinner\u2026<\/p>\n\n\n\n<div class=\"wp-block-columns is-layout-flex wp-container-11 wp-block-columns-is-layout-flex\">\n<div class=\"wp-block-column is-layout-flow wp-block-column-is-layout-flow\" style=\"flex-basis:33.33%\">\n<p>Dosyam\u0131z\u0131 okudunuz:<\/p>\n<\/div>\n\n\n\n<div class=\"wp-block-column is-layout-flow wp-block-column-is-layout-flow\" style=\"flex-basis:33.33%\">\n<div class=\"wp-block-group is-layout-flow wp-block-group-is-layout-flow\"><div class=\"wp-block-group__inner-container\"><h4 class=\"has-text-align-center wp-block-post-title\"><span id=\"les-bookmakers-et-l8217election-presidentielle\"><a href=\"https:\/\/parier-presidentielle.com\/tr\/bahisciler-secim\/\" target=\"_self\" >Bahis\u00e7iler ve Cumhurba\u015fkanl\u0131\u011f\u0131 Se\u00e7imi<\/a><\/span><\/h4><\/div><\/div>\n<\/div>\n\n\n\n<div class=\"wp-block-column is-layout-flow wp-block-column-is-layout-flow\" style=\"flex-basis:33.33%\">\n<p class=\"has-text-align-right\">Di\u011fer \u00f6zel dosyalar\u0131m\u0131zla okumaya devam edin,<\/p>\n<\/div>\n<\/div>\n\n\n\n<h3 class=\"wp-block-heading\" id=\"tous-les-pronostics-sondage-et-cotes-pour-parier-sur-le-futur-vainqueur-de-l-election-presidentielle-2022\"><span id=\"tous-les-pronostics-sondage-et-cotes-pour-parier-sur-le-futur-vainqueur-de-l8217election-presidentielle-2024\">2024 Cumhurba\u015fkanl\u0131\u011f\u0131 se\u00e7iminin gelecekteki kazanan\u0131na dair bahis yap\u0131labilecek t\u00fcm Tahminler, Anketler ve Oranlar:<\/span><\/h3>\n\n\n\n<ul>\n<li><a href=\"https:\/\/parier-presidentielle.com\/tr\/macron-secim\/\">Unibet, Betclic, Bwin ile Emmanuel Macron&#039;a bahis yap\u0131n<\/a> : Anketlerin ve tahminlerin favorisi <\/li>\n\n\n\n<li><a href=\"https:\/\/parier-presidentielle.com\/tr\/marine-le-pen-secim\/\">Marine Le Pen: Oranlar\u0131 ve Bahis\u00e7iler ile nas\u0131l bahis oynan\u0131r<\/a>: Unibet&#039;e g\u00f6re meydan okuyan<\/li>\n<\/ul>\n\n\n\n<p><\/p>\n\n\n\n<center><script type=\"text\/javascript\" charset=\"utf-8\" src=\"https:\/\/www.gambling-affiliation.com\/cpm\/v=AmIMTDSs92QY6b0MzDMvM5laCjJ-ZlA-1oQ-7tKsi.w_GA7331V2\"><\/script><\/center>\n\n\n\n<h3 class=\"wp-block-heading\"><span id=\"donald-trump-vs-joe-biden-la-video-qui-lance-les-paris-en-ligne-sur-l8217election-politique-de-2024\">Donald Trump vs Joe Biden: 2024 siyasi se\u00e7imlerinde \u00e7evrimi\u00e7i bahis oynamay\u0131 ba\u015flatan video<\/span><\/h3>\n\n\n\n<figure class=\"wp-block-embed is-type-video is-provider-youtube wp-block-embed-youtube wp-embed-aspect-16-9 wp-has-aspect-ratio\"><div class=\"wp-block-embed__wrapper\">\n<iframe loading=\"lazy\" title=\"Eski Ba\u015fkan Donald Trump, 2024 Beyaz Saray teklifini ba\u015flatt\u0131 #Short\" width=\"640\" height=\"360\" src=\"https:\/\/www.youtube.com\/embed\/hZykPRVe4Ag?feature=oembed\" frameborder=\"0\" allow=\"accelerometer; autoplay; clipboard-write; encrypted-media; gyroscope; picture-in-picture; web-share\" allowfullscreen><\/iframe>\n<\/div><\/figure>\n\n\n<div class=\"wp-block-image\">\n<figure class=\"aligncenter size-medium\"><a href=\"https:\/\/parier-presidentielle.com\/tr\/recommends\/unibet\/\" target=\"_blank\" rel=\"noopener\"><img decoding=\"async\" loading=\"lazy\" width=\"300\" height=\"169\" src=\"https:\/\/parier-presidentielle.com\/wp-content\/uploads\/2022\/04\/unibet-300x169.jpg\" alt=\"\" class=\"wp-image-1252\" srcset=\"https:\/\/parier-presidentielle.com\/wp-content\/uploads\/2022\/04\/unibet-300x169.jpg 300w, https:\/\/parier-presidentielle.com\/wp-content\/uploads\/2022\/04\/unibet-1024x576.jpg 1024w, https:\/\/parier-presidentielle.com\/wp-content\/uploads\/2022\/04\/unibet-768x432.jpg 768w, https:\/\/parier-presidentielle.com\/wp-content\/uploads\/2022\/04\/unibet-18x10.jpg 18w, https:\/\/parier-presidentielle.com\/wp-content\/uploads\/2022\/04\/unibet.jpg 1280w\" sizes=\"(max-width: 300px) 100vw, 300px\" \/><\/a><\/figure><\/div>\n\n\n<p>Esrar ve yasal t\u00fcrevleriyle ilgili ana siyasi haber olan Wiki&#039;yi bulun: <strong>HHC, H4cbd, Thcp, Thcv, HSD, HHCPO, C4B<\/strong><\/p>\n\n\n\n<p><\/p>\n\n\n\n<p><\/p>\n<div id=\"toc_container\" class=\"no_bullets\"><p class=\"toc_title\">\u0130\u00e7indekiler<\/p><ul class=\"toc_list\"><li><\/li><li><\/li><li><ul><li><ul><li><\/li><\/ul><\/li><li><\/li><li><\/li><\/ul><\/li><\/ul><\/div>","protected":false},"excerpt":{"rendered":"<p>Gelecekteki \u00e7evrimi\u00e7i bahis oranlar\u0131 Fransa&#039;da Kazanan Macron vs Le Pen 2022 ba\u015fkanl\u0131k se\u00e7imleri i\u00e7in bir bahis sitesi veya \u0130ngilizce Bahis \u015eirketi ar\u0131yorsan\u0131z, burada Bet- Presidential hakk\u0131nda en eksiksiz ve ayr\u0131nt\u0131l\u0131 bilgiyi bulacaks\u0131n\u0131z! , taraf\u0131ndan sunulan t\u00fcm bahisler var\u2026<\/p>","protected":false},"author":1,"featured_media":0,"parent":0,"menu_order":0,"comment_status":"closed","ping_status":"closed","template":"page-nosidebar.php","meta":{"footnotes":""},"yoast_head":"<!-- This site is optimized with the Yoast SEO Premium plugin v21.0 (Yoast SEO v21.0) - https:\/\/yoast.com\/wordpress\/plugins\/seo\/ -->\n<title>Les Bookmakers et l&#039;\u00e9lection Pr\u00e9sidentielle - Finale Coupe du Monde FIFA<\/title>\n<meta name=\"description\" content=\"Les cote des sites de paris sur le futur Vainqueur en France Macron vs Le Pen\" \/>\n<meta name=\"robots\" content=\"index, follow, max-snippet:-1, max-image-preview:large, max-video-preview:-1\" \/>\n<link rel=\"canonical\" href=\"https:\/\/parier-presidentielle.com\/tr\/bahisciler-secim\/\" \/>\n<meta property=\"og:locale\" content=\"tr_TR\" \/>\n<meta property=\"og:type\" content=\"article\" \/>\n<meta property=\"og:title\" content=\"Les Bookmakers et l&#039;\u00e9lection Pr\u00e9sidentielle\" \/>\n<meta property=\"og:description\" content=\"Les cote des sites de paris sur le futur Vainqueur en France Macron vs Le Pen\" \/>\n<meta property=\"og:url\" content=\"https:\/\/parier-presidentielle.com\/tr\/bahisciler-secim\/\" \/>\n<meta property=\"og:site_name\" content=\"Parier Pr\u00e9sidentielle\" \/>\n<meta property=\"article:modified_time\" content=\"2022-04-24T10:00:40+00:00\" \/>\n<meta property=\"og:image\" content=\"https:\/\/parier-presidentielle.com\/wp-content\/uploads\/2021\/09\/macron-1024x578.jpeg\" \/>\n<meta name=\"twitter:card\" content=\"summary_large_image\" \/>\n<meta name=\"twitter:label1\" content=\"Est. reading time\" \/>\n\t<meta name=\"twitter:data1\" content=\"5 dakika\" \/>\n<script type=\"application\/ld+json\" class=\"yoast-schema-graph\">{\"@context\":\"https:\/\/schema.org\",\"@graph\":[{\"@type\":\"WebPage\",\"@id\":\"https:\/\/parier-presidentielle.com\/bookmakers-election\/\",\"url\":\"https:\/\/parier-presidentielle.com\/bookmakers-election\/\",\"name\":\"Les Bookmakers et l'\u00e9lection Pr\u00e9sidentielle - Finale Coupe du Monde FIFA\",\"isPartOf\":{\"@id\":\"https:\/\/parier-presidentielle.com\/#website\"},\"datePublished\":\"2021-09-06T22:14:00+00:00\",\"dateModified\":\"2022-04-24T10:00:40+00:00\",\"description\":\"Les cote des sites de paris sur le futur Vainqueur en France Macron vs Le Pen\",\"breadcrumb\":{\"@id\":\"https:\/\/parier-presidentielle.com\/bookmakers-election\/#breadcrumb\"},\"inLanguage\":\"tr\",\"potentialAction\":[{\"@type\":\"ReadAction\",\"target\":[\"https:\/\/parier-presidentielle.com\/bookmakers-election\/\"]}]},{\"@type\":\"BreadcrumbList\",\"@id\":\"https:\/\/parier-presidentielle.com\/bookmakers-election\/#breadcrumb\",\"itemListElement\":[{\"@type\":\"ListItem\",\"position\":1,\"name\":\"Accueil\",\"item\":\"https:\/\/parier-presidentielle.com\/\"},{\"@type\":\"ListItem\",\"position\":2,\"name\":\"Les Bookmakers et l&#8217;\u00e9lection Pr\u00e9sidentielle\"}]},{\"@type\":\"WebSite\",\"@id\":\"https:\/\/parier-presidentielle.com\/#website\",\"url\":\"https:\/\/parier-presidentielle.com\/\",\"name\":\"Parier Pr\u00e9sidentielle\",\"description\":\"Paris, Pronostics, Wiki sur la Politique, les Elections Am\u00e9ricaines: Joe Biden, Donald Trump avec les Bookmakers en ligne Unibet, Bwin, Betclic, Winamax\",\"potentialAction\":[{\"@type\":\"SearchAction\",\"target\":{\"@type\":\"EntryPoint\",\"urlTemplate\":\"https:\/\/parier-presidentielle.com\/?s={search_term_string}\"},\"query-input\":\"required name=search_term_string\"}],\"inLanguage\":\"tr\"}]}<\/script>\n<!-- \/ Yoast SEO Premium plugin. -->","yoast_head_json":{"title":"Les Bookmakers et l'\u00e9lection Pr\u00e9sidentielle - Finale Coupe du Monde FIFA","description":"Les cote des sites de paris sur le futur Vainqueur en France Macron vs Le Pen","robots":{"index":"index","follow":"follow","max-snippet":"max-snippet:-1","max-image-preview":"max-image-preview:large","max-video-preview":"max-video-preview:-1"},"canonical":"https:\/\/parier-presidentielle.com\/tr\/bahisciler-secim\/","og_locale":"tr_TR","og_type":"article","og_title":"Les Bookmakers et l'\u00e9lection Pr\u00e9sidentielle","og_description":"Les cote des sites de paris sur le futur Vainqueur en France Macron vs Le Pen","og_url":"https:\/\/parier-presidentielle.com\/tr\/bahisciler-secim\/","og_site_name":"Parier Pr\u00e9sidentielle","article_modified_time":"2022-04-24T10:00:40+00:00","og_image":[{"url":"https:\/\/parier-presidentielle.com\/wp-content\/uploads\/2021\/09\/macron-1024x578.jpeg"}],"twitter_card":"summary_large_image","twitter_misc":{"Est. reading time":"5 dakika"},"schema":{"@context":"https:\/\/schema.org","@graph":[{"@type":"WebPage","@id":"https:\/\/parier-presidentielle.com\/bookmakers-election\/","url":"https:\/\/parier-presidentielle.com\/bookmakers-election\/","name":"Les Bookmakers et l'\u00e9lection Pr\u00e9sidentielle - Finale Coupe du Monde FIFA","isPartOf":{"@id":"https:\/\/parier-presidentielle.com\/#website"},"datePublished":"2021-09-06T22:14:00+00:00","dateModified":"2022-04-24T10:00:40+00:00","description":"Les cote des sites de paris sur le futur Vainqueur en France Macron vs Le Pen","breadcrumb":{"@id":"https:\/\/parier-presidentielle.com\/bookmakers-election\/#breadcrumb"},"inLanguage":"tr","potentialAction":[{"@type":"ReadAction","target":["https:\/\/parier-presidentielle.com\/bookmakers-election\/"]}]},{"@type":"BreadcrumbList","@id":"https:\/\/parier-presidentielle.com\/bookmakers-election\/#breadcrumb","itemListElement":[{"@type":"ListItem","position":1,"name":"Accueil","item":"https:\/\/parier-presidentielle.com\/"},{"@type":"ListItem","position":2,"name":"Les Bookmakers et l&#8217;\u00e9lection Pr\u00e9sidentielle"}]},{"@type":"WebSite","@id":"https:\/\/parier-presidentielle.com\/#website","url":"https:\/\/parier-presidentielle.com\/","name":"Parier Pr\u00e9sidentielle","description":"Paris, Pronostics, Wiki sur la Politique, les Elections Am\u00e9ricaines: Joe Biden, Donald Trump avec les Bookmakers en ligne Unibet, Bwin, Betclic, Winamax","potentialAction":[{"@type":"SearchAction","target":{"@type":"EntryPoint","urlTemplate":"https:\/\/parier-presidentielle.com\/?s={search_term_string}"},"query-input":"required name=search_term_string"}],"inLanguage":"tr"}]}},"_links":{"self":[{"href":"https:\/\/parier-presidentielle.com\/tr\/wp-json\/wp\/v2\/pages\/54"}],"collection":[{"href":"https:\/\/parier-presidentielle.com\/tr\/wp-json\/wp\/v2\/pages"}],"about":[{"href":"https:\/\/parier-presidentielle.com\/tr\/wp-json\/wp\/v2\/types\/page"}],"author":[{"embeddable":true,"href":"https:\/\/parier-presidentielle.com\/tr\/wp-json\/wp\/v2\/users\/1"}],"replies":[{"embeddable":true,"href":"https:\/\/parier-presidentielle.com\/tr\/wp-json\/wp\/v2\/comments?post=54"}],"version-history":[{"count":26,"href":"https:\/\/parier-presidentielle.com\/tr\/wp-json\/wp\/v2\/pages\/54\/revisions"}],"predecessor-version":[{"id":1634,"href":"https:\/\/parier-presidentielle.com\/tr\/wp-json\/wp\/v2\/pages\/54\/revisions\/1634"}],"wp:attachment":[{"href":"https:\/\/parier-presidentielle.com\/tr\/wp-json\/wp\/v2\/media?parent=54"}],"curies":[{"name":"wp","href":"https:\/\/api.w.org\/{rel}","templated":true}]}}