{"id":557,"date":"2022-02-21T12:38:33","date_gmt":"2022-02-21T11:38:33","guid":{"rendered":"https:\/\/parier-presidentielle.com\/?page_id=557"},"modified":"2022-10-27T08:34:43","modified_gmt":"2022-10-27T06:34:43","slug":"bwin-paris-sur-la-politique","status":"publish","type":"page","link":"https:\/\/parier-presidentielle.com\/tr\/bwin-politika-bahisleri\/","title":{"rendered":"Bwin: Politika Bahisleri"},"content":{"rendered":"<h2 class=\"wp-block-heading\" id=\"l-integralite-des-cotes-de-bwin-france-usa\"><span id=\"l8217integralite-des-cotes-de-bwin-pour-les-elections-en-france-usa8230\">Fransa ve ABD&#039;deki se\u00e7imler i\u00e7in Bwin&#039;in tam oranlar\u0131\u2026<\/span><\/h2>\n\n\n\n<p>Bwin, Spor Bahislerinin liderlerinden biriyse, ayn\u0131 zamanda Siyasi Bahisler ve Cumhurba\u015fkanl\u0131\u011f\u0131 Se\u00e7imleri alan\u0131nda da en iyi bahis\u00e7idir \u00e7\u00fcnk\u00fc Frans\u0131z siyasi hayat\u0131n\u0131n yan\u0131 s\u0131ra Amerikan, \u0130ngiliz (Ba\u015fbakan)\u2026<br><\/p>\n\n\n<div class=\"wp-block-image\">\n<figure class=\"aligncenter size-medium is-resized\"><img decoding=\"async\" src=\"https:\/\/parier-presidentielle.com\/wp-content\/uploads\/2022\/02\/bwin-elections-300x175.png\" alt=\"\" class=\"wp-image-559\" width=\"500\" srcset=\"https:\/\/parier-presidentielle.com\/wp-content\/uploads\/2022\/02\/bwin-elections-300x175.png 300w, https:\/\/parier-presidentielle.com\/wp-content\/uploads\/2022\/02\/bwin-elections-1024x597.png 1024w, https:\/\/parier-presidentielle.com\/wp-content\/uploads\/2022\/02\/bwin-elections-768x448.png 768w, https:\/\/parier-presidentielle.com\/wp-content\/uploads\/2022\/02\/bwin-elections-1536x896.png 1536w, https:\/\/parier-presidentielle.com\/wp-content\/uploads\/2022\/02\/bwin-elections.png 1961w\" sizes=\"(max-width: 300px) 100vw, 300px\" \/><\/figure><\/div>\n\n\n<h3 class=\"wp-block-heading\" id=\"prochain-candidat-a-la-cour-supreme-des-etats-unis-les-cotes-de-bwin\"><span id=\"i\"><br><\/span><\/h3>\n\n\n\n<p>Ba\u015fkanl\u0131k se\u00e7imi yakla\u015f\u0131rken Bwin, se\u00e7imler \u00fczerine bahis oynamay\u0131 teklif eder. Bwin, \u00e7evrimi\u00e7i spor bahisleri ve canl\u0131 bahisler konusunda uzmanla\u015fm\u0131\u015f bir bahis \u015firketidir. Fransa 24 Nisan 2022&#039;de Cumhurba\u015fkan\u0131 se\u00e7ildi.<\/p>\n\n\n\n<p><strong>Bir sonraki se\u00e7imlere bahis yap\u0131n<\/strong><\/p>\n\n\n\n<p>Bir sonraki b\u00fcy\u00fck siyasi olay Fransa&#039;daki ba\u015fkanl\u0131k se\u00e7imi olacak. 24 Nisan 2022&#039;deki ikinci turda siyasete dair iki t\u00fcr bahis mevcut: Se\u00e7imden sonra gelecek cumhurba\u015fkan\u0131 kim olacak? Peki Meclis&#039;te salt \u00e7o\u011funlu\u011fu hangi parti elde edecek?<\/p>\n\n\n\n<p>Bwin, son y\u0131llarda bahis sekt\u00f6r\u00fcn\u00fcn yeni bir boyut kazand\u0131\u011f\u0131n\u0131 belirtiyor. Asl\u0131nda pek \u00e7ok politikac\u0131 mesajlar\u0131n\u0131 iletmek i\u00e7in bu t\u00fcr bahislerden yararlanmay\u0131 ba\u015fard\u0131. Hatta baz\u0131 adaylar sand\u0131klar kapanmadan kazand\u0131klar\u0131n\u0131 bile iddia etti! K\u0131sacas\u0131 bahis, herhangi bir \u00f6nemli siyasi olay\u0131n ayr\u0131lmaz bir par\u00e7as\u0131 haline geldi. Bunu demokratik ba\u011fl\u0131l\u0131\u011f\u0131n ger\u00e7ek bir g\u00f6stergesi olarak g\u00f6rebiliriz.<\/p>\n\n\n\n<p>Bu ba\u011flamda Emmanuel Macron&#039;un zaferi siyasete olan ilgiyi b\u00fcy\u00fck \u00f6l\u00e7\u00fcde art\u0131rd\u0131. Frans\u0131z siyaseti ve se\u00e7imleri (ba\u015fkanl\u0131k, yasama veya yerel se\u00e7imler) hakk\u0131nda her \u015feyi \u00f6\u011frenmek istiyorsan\u0131z do\u011fru yere geldiniz! Bahis\u00e7iler m\u00fcmk\u00fcn olan t\u00fcm bilgileri sa\u011flar: anketler, oranlar, ayn\u0131 zamanda her se\u00e7im i\u00e7in tavsiyeler ve tahminler.<\/p>\n\n\n\n<h3 class=\"wp-block-heading\" id=\"prochain-candidat-a-la-cour-supreme-des-etats-unis-les-cotes-de-bwin\"><span id=\"prochain-candidat-a-la-cour-supreme-des-etats-unis-les-cotes-de-bwin\"><a href=\"https:\/\/parier-presidentielle.com\/tr\/paris-aday-yuksek-mahkeme-birlesik-devletler\/\">Amerika Birle\u015fik Devletleri Y\u00fcksek Mahkemesi i\u00e7in bir sonraki aday, Bwin&#039;in oranlar\u0131<\/a><\/span><\/h3>\n\n\n\n<p id=\"prochain-candidat-a-la-cour-supreme-des-etats-unis01-04-2022-23-00\">Se\u00e7im g\u00fcn\u00fc. 01\/04\/2022 23:00<br><strong>Amerika Birle\u015fik Devletleri Y\u00fcksek Mahkemesi i\u00e7in bir sonraki aday kim olacak?<\/strong> <br>Adaylara bahis yapmak i\u00e7in t\u00fcm Bwin oranlar\u0131n\u0131 bulun: <br>Ketanji Brown Jackson, Julianna Michelle Childs, Leondra Kruger\u2026<br><\/p>\n\n\n\n<h3 class=\"wp-block-heading\" id=\"prochaine-election-presidentielle-en-france-les-cotes-de-bwin\"><span id=\"prochaine-election-presidentielle-en-france-les-cotes-de-bwin\"><a href=\"https:\/\/parier-presidentielle.com\/tr\/bwin-policy-secim-2022\/\">Fransa&#039;da bir sonraki cumhurba\u015fkanl\u0131\u011f\u0131 se\u00e7imi, Bwin&#039;in oranlar\u0131<\/a><\/span><\/h3>\n\n\n\n<p>Se\u00e7im g\u00fcn\u00fc. 05\/14\/2022 12:00<br><strong>Fransa Cumhuriyeti&#039;nin bir sonraki Cumhurba\u015fkan\u0131 kim olacak?<\/strong> <br>Adaylara bahis yapmak i\u00e7in t\u00fcm Bwin oranlar\u0131n\u0131 bulun: <br><a href=\"https:\/\/parier-presidentielle.com\/tr\/macron-secim\/\">Emmanuel Macron<\/a>, Valerie P\u00e9cresse, Anne Hidalgo, <a href=\"https:\/\/parier-presidentielle.com\/tr\/marine-le-pen-secim\/\">Denizci Le Pen<\/a>, Jean-Luc Melenchon, <a href=\"https:\/\/parier-presidentielle.com\/tr\/zemmour-secim\/\">Eric Zemmour<\/a><br><\/p>\n\n\n\n<h3 class=\"wp-block-heading\" id=\"election-presidentielle-americaine-2024-les-cotes-de-bwin\"><span id=\"election-presidentielle-americaine-2024-les-cotes-de-bwin\"><br>ABD ba\u015fkanl\u0131k se\u00e7imi 2024, Bwin oranlar\u0131<\/span><\/h3>\n\n\n\n<p>05\/11\/2024 22:00<br>Adaylara bahis yapmak i\u00e7in t\u00fcm Bwin oranlar\u0131n\u0131 bulun: <br>Donald Trump, Joe Biden, Kamala Harris, Pete Buttigieg, Tucker Carlson, Elizabeth Warren, Hillary Clinton,<br>\u0130skenderiye Ocasio-Cortez, Marco Rubio, Ted Cruz, Mike Pompeo, Mitt Romney\u2026<\/p>\n\n\n\n<h3 class=\"wp-block-heading\" id=\"prochain-premier-ministre-du-royaume-uni-les-cotes-de-bwin\"><span id=\"prochain-premier-ministre-du-royaume-uni-les-cotes-de-bwin\"><br><br>\u0130ngiltere&#039;nin bir sonraki Ba\u015fbakan\u0131, Bwin&#039;in notlar\u0131<\/span><\/h3>\n\n\n\n<p><br>01\/01\/2025 10:00<br><\/p>\n\n\n\n<h2 class=\"wp-block-heading\" id=\"sondage-trahison-les-specificite-du-paris-politique\"><span id=\"sondage-trahison-les-specificite-du-paris-politique\">Anket, \u0130hanet: Politik Paris&#039;in \u00f6zellikleri<\/span><\/h2>\n\n\n\n<p><br>\u00d6nceden bahis yapmak b\u00fcy\u00fck kazan\u00e7 sa\u011flayabilir: \u00c7\u00fcnk\u00fc siyasi se\u00e7imlerin sonu\u00e7lar\u0131na y\u00f6nelik bahisler \u015fu adreste mevcuttur: <a href=\"https:\/\/parier-presidentielle.com\/tr\/bwin-policy-secim-2022\/\"><strong>Bwin<\/strong><\/a> ve se\u00e7im g\u00fcn\u00fcnden y\u0131llar \u00f6nce ba\u015flayabilir. Her se\u00e7imin kendi s\u00fcrprizleri vard\u0131r ve bahis\u00e7iler, nihai kazanan\u0131 neyin etkiledi\u011fine karar verebilmelidir, son Frans\u0131z ve Amerikan se\u00e7imleri, her seferinde son dakikada s\u00fcrprizlerle bir\u00e7ok \u00f6ng\u00f6r\u00fcy\u00fc bo\u015fa \u00e7\u0131kard\u0131!<\/p>\n\n\n\n<h3 class=\"wp-block-heading\" id=\"facteurs-affectant-les-paris-politiques\"><span id=\"facteurs-affectant-les-paris-politiques\"> <br>Siyasi Bahisleri Etkileyen Fakt\u00f6rler <\/span><\/h3>\n\n\n\n<p>Sonucu \u00e7e\u015fitli fakt\u00f6rler etkileyebilir. Bir skandal, muhalefet kamp\u0131ndan gelen s\u00f6ylentiler, g\u00fcncel olaylar, \u015fok edici bir mahkumiyet, liderlerin kalitesi, kampanya vaatleri, onlar\u0131 destekleyen parti, medyan\u0131n adaylar\u0131 sunma \u015fekli, tart\u0131\u015fmaya olan inanc\u0131n g\u00fcc\u00fc olabilir.<\/p>\n\n\n\n<h3 class=\"wp-block-heading\" id=\"parier-sur-la-prochaine-election\"><span id=\"parier-sur-la-prochaine-election-avec-bwin\"><br>Bwin ile bir sonraki se\u00e7ime bahis yap\u0131n<\/span><\/h3>\n\n\n\n<p>Bir sonraki b\u00fcy\u00fck siyasi olay Fransa ba\u015fkanl\u0131k se\u00e7imi olacak (t\u00fcm bahisler Fransa ba\u015fkanl\u0131k se\u00e7imi \u00fczerinedir). \u0130lk tur 10 Nisan 2022&#039;de, ikinci tur ise 24 Nisan 2022&#039;de oynanacak olsa da iki t\u00fcr siyasi bahis m\u00fcmk\u00fcn: \u0130kinci tura kim \u00e7\u0131kacak ve oylama sonunda gelecek d\u00f6nem ba\u015fkan\u0131 kim olacak?<br>Brezilya&#039;da 2022&#039;nin sonunda ba\u015fkanl\u0131k se\u00e7imleri yap\u0131lacak. Bir sonraki b\u00fcy\u00fck olaylar 2024&#039;teki ABD ba\u015fkanl\u0131k se\u00e7imi ve Ocak 2025&#039;teki Birle\u015fik Krall\u0131k&#039;\u0131n bir sonraki Ba\u015fbakan\u0131 olacak. Sitemizde ABD ba\u015fkanl\u0131k se\u00e7imini Demokrat Partinin mi yoksa Cumhuriyet\u00e7i Partinin hangi taraf\u0131n\u0131n kazanaca\u011f\u0131na dair bahis yap\u0131n.<\/p>\n<div id=\"toc_container\" class=\"no_bullets\"><p class=\"toc_title\">\u0130\u00e7indekiler<\/p><ul class=\"toc_list\"><li><ul><li><\/li><li><\/li><li><\/li><li><\/li><li><\/li><\/ul><\/li><li><ul><li><\/li><li><\/li><\/ul><\/li><\/ul><\/div>","protected":false},"excerpt":{"rendered":"<p>Bwin&#039;in Fransa, ABD se\u00e7imleri i\u00e7in t\u00fcm oranlar\u0131... Bwin, Spor Bahisleri alan\u0131nda liderlerden biriyse, ayn\u0131 zamanda Siyasi Bahisler ve Ba\u015fkanl\u0131k Se\u00e7imleri alan\u0131nda da en iyi bahis \u015firketidir \u00e7\u00fcnk\u00fc Fransa&#039;da da en fazla bahis sunmaktad\u0131r. politik ya\u015fam\u0131n yan\u0131 s\u0131ra Amerikan ve \u0130ngiliz ya\u015fam\u0131 (\u2026<\/p>","protected":false},"author":1,"featured_media":0,"parent":0,"menu_order":0,"comment_status":"closed","ping_status":"closed","template":"page-nosidebar.php","meta":{"footnotes":""},"yoast_head":"<!-- This site is optimized with the Yoast SEO Premium plugin v21.0 (Yoast SEO v21.0) - https:\/\/yoast.com\/wordpress\/plugins\/seo\/ -->\n<title>Bwin : Paris sur la Politique - Finale Coupe du Monde FIFA<\/title>\n<meta name=\"description\" content=\"Parier sur les \u00e9lections Fran\u00e7aise, Am\u00e9ricaine avec le meilleur Bookmaker : Bwin. Int\u00e9gralit\u00e9 des cotes et pronostics pour Parier sur la Politique.\" \/>\n<meta name=\"robots\" content=\"index, follow, max-snippet:-1, max-image-preview:large, max-video-preview:-1\" \/>\n<link rel=\"canonical\" href=\"https:\/\/parier-presidentielle.com\/tr\/bwin-politika-bahisleri\/\" \/>\n<meta property=\"og:locale\" content=\"tr_TR\" \/>\n<meta property=\"og:type\" content=\"article\" \/>\n<meta property=\"og:title\" content=\"Bwin : Paris sur la Politique\" \/>\n<meta property=\"og:description\" content=\"Parier sur les \u00e9lections Fran\u00e7aise, Am\u00e9ricaine avec le meilleur Bookmaker : Bwin. Int\u00e9gralit\u00e9 des cotes et pronostics pour Parier sur la Politique.\" \/>\n<meta property=\"og:url\" content=\"https:\/\/parier-presidentielle.com\/tr\/bwin-politika-bahisleri\/\" \/>\n<meta property=\"og:site_name\" content=\"Parier Pr\u00e9sidentielle\" \/>\n<meta property=\"article:modified_time\" content=\"2022-10-27T06:34:43+00:00\" \/>\n<meta property=\"og:image\" content=\"https:\/\/parier-presidentielle.com\/wp-content\/uploads\/2022\/02\/bwin-elections-300x175.png\" \/>\n<meta name=\"twitter:card\" content=\"summary_large_image\" \/>\n<meta name=\"twitter:label1\" content=\"Est. reading time\" \/>\n\t<meta name=\"twitter:data1\" content=\"4 dakika\" \/>\n<script type=\"application\/ld+json\" class=\"yoast-schema-graph\">{\"@context\":\"https:\/\/schema.org\",\"@graph\":[{\"@type\":\"WebPage\",\"@id\":\"https:\/\/parier-presidentielle.com\/bwin-paris-sur-la-politique\/\",\"url\":\"https:\/\/parier-presidentielle.com\/bwin-paris-sur-la-politique\/\",\"name\":\"Bwin : Paris sur la Politique - Finale Coupe du Monde FIFA\",\"isPartOf\":{\"@id\":\"https:\/\/parier-presidentielle.com\/#website\"},\"datePublished\":\"2022-02-21T11:38:33+00:00\",\"dateModified\":\"2022-10-27T06:34:43+00:00\",\"description\":\"Parier sur les \u00e9lections Fran\u00e7aise, Am\u00e9ricaine avec le meilleur Bookmaker : Bwin. Int\u00e9gralit\u00e9 des cotes et pronostics pour Parier sur la Politique.\",\"breadcrumb\":{\"@id\":\"https:\/\/parier-presidentielle.com\/bwin-paris-sur-la-politique\/#breadcrumb\"},\"inLanguage\":\"tr\",\"potentialAction\":[{\"@type\":\"ReadAction\",\"target\":[\"https:\/\/parier-presidentielle.com\/bwin-paris-sur-la-politique\/\"]}]},{\"@type\":\"BreadcrumbList\",\"@id\":\"https:\/\/parier-presidentielle.com\/bwin-paris-sur-la-politique\/#breadcrumb\",\"itemListElement\":[{\"@type\":\"ListItem\",\"position\":1,\"name\":\"Accueil\",\"item\":\"https:\/\/parier-presidentielle.com\/\"},{\"@type\":\"ListItem\",\"position\":2,\"name\":\"Bwin : Paris sur la Politique\"}]},{\"@type\":\"WebSite\",\"@id\":\"https:\/\/parier-presidentielle.com\/#website\",\"url\":\"https:\/\/parier-presidentielle.com\/\",\"name\":\"Parier Pr\u00e9sidentielle\",\"description\":\"Paris, Pronostics, Wiki sur la Politique, les Elections Am\u00e9ricaines: Joe Biden, Donald Trump avec les Bookmakers en ligne Unibet, Bwin, Betclic, Winamax\",\"potentialAction\":[{\"@type\":\"SearchAction\",\"target\":{\"@type\":\"EntryPoint\",\"urlTemplate\":\"https:\/\/parier-presidentielle.com\/?s={search_term_string}\"},\"query-input\":\"required name=search_term_string\"}],\"inLanguage\":\"tr\"}]}<\/script>\n<!-- \/ Yoast SEO Premium plugin. -->","yoast_head_json":{"title":"Bwin : Paris sur la Politique - Finale Coupe du Monde FIFA","description":"Parier sur les \u00e9lections Fran\u00e7aise, Am\u00e9ricaine avec le meilleur Bookmaker : Bwin. Int\u00e9gralit\u00e9 des cotes et pronostics pour Parier sur la Politique.","robots":{"index":"index","follow":"follow","max-snippet":"max-snippet:-1","max-image-preview":"max-image-preview:large","max-video-preview":"max-video-preview:-1"},"canonical":"https:\/\/parier-presidentielle.com\/tr\/bwin-politika-bahisleri\/","og_locale":"tr_TR","og_type":"article","og_title":"Bwin : Paris sur la Politique","og_description":"Parier sur les \u00e9lections Fran\u00e7aise, Am\u00e9ricaine avec le meilleur Bookmaker : Bwin. Int\u00e9gralit\u00e9 des cotes et pronostics pour Parier sur la Politique.","og_url":"https:\/\/parier-presidentielle.com\/tr\/bwin-politika-bahisleri\/","og_site_name":"Parier Pr\u00e9sidentielle","article_modified_time":"2022-10-27T06:34:43+00:00","og_image":[{"url":"https:\/\/parier-presidentielle.com\/wp-content\/uploads\/2022\/02\/bwin-elections-300x175.png"}],"twitter_card":"summary_large_image","twitter_misc":{"Est. reading time":"4 dakika"},"schema":{"@context":"https:\/\/schema.org","@graph":[{"@type":"WebPage","@id":"https:\/\/parier-presidentielle.com\/bwin-paris-sur-la-politique\/","url":"https:\/\/parier-presidentielle.com\/bwin-paris-sur-la-politique\/","name":"Bwin : Paris sur la Politique - Finale Coupe du Monde FIFA","isPartOf":{"@id":"https:\/\/parier-presidentielle.com\/#website"},"datePublished":"2022-02-21T11:38:33+00:00","dateModified":"2022-10-27T06:34:43+00:00","description":"Parier sur les \u00e9lections Fran\u00e7aise, Am\u00e9ricaine avec le meilleur Bookmaker : Bwin. Int\u00e9gralit\u00e9 des cotes et pronostics pour Parier sur la Politique.","breadcrumb":{"@id":"https:\/\/parier-presidentielle.com\/bwin-paris-sur-la-politique\/#breadcrumb"},"inLanguage":"tr","potentialAction":[{"@type":"ReadAction","target":["https:\/\/parier-presidentielle.com\/bwin-paris-sur-la-politique\/"]}]},{"@type":"BreadcrumbList","@id":"https:\/\/parier-presidentielle.com\/bwin-paris-sur-la-politique\/#breadcrumb","itemListElement":[{"@type":"ListItem","position":1,"name":"Accueil","item":"https:\/\/parier-presidentielle.com\/"},{"@type":"ListItem","position":2,"name":"Bwin : Paris sur la Politique"}]},{"@type":"WebSite","@id":"https:\/\/parier-presidentielle.com\/#website","url":"https:\/\/parier-presidentielle.com\/","name":"Parier Pr\u00e9sidentielle","description":"Paris, Pronostics, Wiki sur la Politique, les Elections Am\u00e9ricaines: Joe Biden, Donald Trump avec les Bookmakers en ligne Unibet, Bwin, Betclic, Winamax","potentialAction":[{"@type":"SearchAction","target":{"@type":"EntryPoint","urlTemplate":"https:\/\/parier-presidentielle.com\/?s={search_term_string}"},"query-input":"required name=search_term_string"}],"inLanguage":"tr"}]}},"_links":{"self":[{"href":"https:\/\/parier-presidentielle.com\/tr\/wp-json\/wp\/v2\/pages\/557"}],"collection":[{"href":"https:\/\/parier-presidentielle.com\/tr\/wp-json\/wp\/v2\/pages"}],"about":[{"href":"https:\/\/parier-presidentielle.com\/tr\/wp-json\/wp\/v2\/types\/page"}],"author":[{"embeddable":true,"href":"https:\/\/parier-presidentielle.com\/tr\/wp-json\/wp\/v2\/users\/1"}],"replies":[{"embeddable":true,"href":"https:\/\/parier-presidentielle.com\/tr\/wp-json\/wp\/v2\/comments?post=557"}],"version-history":[{"count":24,"href":"https:\/\/parier-presidentielle.com\/tr\/wp-json\/wp\/v2\/pages\/557\/revisions"}],"predecessor-version":[{"id":1684,"href":"https:\/\/parier-presidentielle.com\/tr\/wp-json\/wp\/v2\/pages\/557\/revisions\/1684"}],"wp:attachment":[{"href":"https:\/\/parier-presidentielle.com\/tr\/wp-json\/wp\/v2\/media?parent=557"}],"curies":[{"name":"wp","href":"https:\/\/api.w.org\/{rel}","templated":true}]}}