{"id":709,"date":"2022-02-23T13:20:38","date_gmt":"2022-02-23T12:20:38","guid":{"rendered":"https:\/\/parier-presidentielle.com\/?page_id=709"},"modified":"2022-02-24T23:13:37","modified_gmt":"2022-02-24T22:13:37","slug":"betclic-election-americaine-2024","status":"publish","type":"page","link":"https:\/\/parier-presidentielle.com\/tr\/betclic-amerikan-secim-2024\/","title":{"rendered":"Betclic: 2024 Amerika Ba\u015fkanl\u0131k Se\u00e7imine Bahis Yap\u0131n"},"content":{"rendered":"<div class=\"wp-block-image\"><figure class=\"aligncenter size-full is-resized\"><img decoding=\"async\" loading=\"lazy\" src=\"https:\/\/parier-presidentielle.com\/wp-content\/uploads\/2022\/02\/betclic-election-usa-2024-header.jpg\" alt=\"Se\u00e7im bahisleri Joe Biden ve Donald Trump 2024 adaylar\u0131\" class=\"wp-image-717\" width=\"480\" height=\"270\" srcset=\"https:\/\/parier-presidentielle.com\/wp-content\/uploads\/2022\/02\/betclic-election-usa-2024-header.jpg 640w, https:\/\/parier-presidentielle.com\/wp-content\/uploads\/2022\/02\/betclic-election-usa-2024-header-300x169.jpg 300w\" sizes=\"(max-width: 480px) 100vw, 480px\" \/><\/figure><\/div>\n\n\n\n<h2 class=\"wp-block-heading\"><span id=\"qui-sera-le-prochain-president-etats-unis\">Bir sonraki ABD Ba\u015fkan\u0131 kim olacak? <\/span><\/h2>\n\n\n\n<p>\u00d6ncelikle Joe Biden 2020&#039;de zorlukla se\u00e7ildi, Trump ve destek\u00e7ileri sab\u0131rs\u0131zl\u0131kla intikam\u0131n\u0131 bekliyor! Yani Joe Biden, Kamala Harris, Donald Trump, Nikki Haley Ron; Mike Pence... Betclic ile Dwayne Johnson, Kanye West, Oprah Winfrey, George Clooney, Mark Zuckerberg gibi \u00fcnl\u00fclere de bahis oynamak m\u00fcmk\u00fcn. Oranlar\u0131 200 olmas\u0131na ra\u011fmen bahis yapman\u0131z\u0131 \u00f6nermiyoruz!<br><\/p>\n\n\n\n<h3 class=\"wp-block-heading\"><span id=\"les-cotes-de-betclic-pour-l8217election-americaine\">Amerika Se\u00e7imi i\u00e7in Betclic Oranlar\u0131<\/span><\/h3>\n\n\n\n<p>Beyaz Saray&#039;\u0131n gelecekteki sakinine ili\u015fkin Betclic bahis\u00e7isinden \u00f6zel olarak t\u00fcm oranlar\u0131 bulun:<\/p>\n\n\n\n<div class=\"wp-block-group is-layout-flow wp-block-group-is-layout-flow\"><div class=\"wp-block-group__inner-container\">\n<div class=\"wp-block-columns is-layout-flex wp-container-6 wp-block-columns-is-layout-flex\">\n<div class=\"wp-block-column is-layout-flow wp-block-column-is-layout-flow\">\n<div class=\"wp-block-group is-layout-flow wp-block-group-is-layout-flow\"><div class=\"wp-block-group__inner-container\">\n<div class=\"wp-block-group is-layout-flow wp-block-group-is-layout-flow\"><div class=\"wp-block-group__inner-container\">\n<ul><li><em><strong>Joe Biden5<\/strong><\/em><\/li><li><em><strong>Kamala Harris 5.50<\/strong><\/em><\/li><li><em><strong>Donald Trump 7.00<\/strong><\/em><\/li><li><em>Nikki Haley 15<\/em><\/li><li><em>Ron DeSantis 13<\/em><\/li><li><em>Mike Pence 17<\/em><\/li><li><em>Jeff Bezos20<\/em><\/li><li><em>\u0130skenderiye Ocasio-Cortez 30<\/em><\/li><li><em>Dwayne Johnson30<\/em><\/li><li><em>michel obama 35<\/em><\/li><li><em>Pete Buttigieg 35<\/em><\/li><li><em>Tucker-Carlson 35<\/em><\/li><li><em>Ted Cruz 40<\/em><\/li><li><em>Candace Owens 40<\/em><\/li><li><em>Mike Pompeo 40<\/em><\/li><li><em>\u0130vanka Trump 50<\/em><\/li><\/ul>\n<\/div><\/div>\n<\/div><\/div>\n\n\n\n<p><\/p>\n\n\n\n<p><\/p>\n<\/div>\n\n\n\n<div class=\"wp-block-column is-layout-flow wp-block-column-is-layout-flow\">\n<ul><li><em>Michael Flynn 50<\/em><\/li><li><em>Tom Pamuk 50<\/em><\/li><li><em>Elizabeth Warren 50<\/em><\/li><li><em>Marco Rubio 50<\/em><\/li><li><em>John Kasich 60<\/em><\/li><li><em>Andrew Cuomo 65<\/em><\/li><li><em>K\u00fcba 65 i\u015fareti<\/em><\/li><li><em>Dan Crenshaw 65<\/em><\/li><li><em>Andrew Yang 65<\/em><\/li><li><em>Amy Klobuchar 65<\/em><\/li><li><em>Beto O&#039;Rourke 65<\/em><\/li><li><em>Ben Carson 80<\/em><\/li><li><em>Tulsi Gabbard 80<\/em><\/li><li><em>Keisha Lance Altlar\u0131 80<\/em><\/li><li><em>Val Demings 80<\/em><\/li><li><em>Cory Booker 100<\/em><\/li><\/ul>\n\n\n\n<p><\/p>\n<\/div>\n\n\n\n<div class=\"wp-block-column is-layout-flow wp-block-column-is-layout-flow\">\n<ul><li><em>Gavin Newsom 100<\/em><\/li><li><em>Stacey Abrams 100<\/em><\/li><li><em>Joseph P Kennedy 100<\/em><\/li><li><em>Paul Ryan 100<\/em><\/li><li><em>Bernie Sanders 100<\/em><\/li><li><em>Rand Paul 100<\/em><\/li><li><em>Susan Pirin\u00e7 100<\/em><\/li><li><em>Chris Christie 100<\/em><\/li><li><em>Hillary Clinton 100<\/em><\/li><li><em>Kanye Bat\u0131 100<\/em><\/li><li><em>Micheal Bloomberg 100<\/em><\/li><li><em>Mitt Romney 100<\/em><\/li><li><em>Oprah Winfrey 100<\/em><\/li><li><em>George Clooney100<\/em><\/li><li><em>Chelsea Clinton 200<\/em><\/li><li><em>Mark Zuckerberg200<\/em><\/li><\/ul>\n<\/div>\n<\/div>\n<\/div><\/div>\n\n\n\n<h4 class=\"has-text-align-center wp-block-heading\"><span id=\"presentation-des-cotes-de-du-site-de-betclic\">Betclic sitesinin oranlar\u0131n\u0131n sunumu<\/span><\/h4>\n\n\n\n<div class=\"wp-block-image\"><figure class=\"aligncenter size-large is-resized\"><img decoding=\"async\" loading=\"lazy\" src=\"https:\/\/parier-presidentielle.com\/wp-content\/uploads\/2022\/02\/betclic-election-usa-2024-976x1024.png\" alt=\"Bir sonraki aday Gelece\u011fin Amerikan Ba\u015fkan\u0131 i\u00e7in Betclic de\u011ferlendirmesi\" class=\"wp-image-710\" width=\"488\" height=\"512\"\/><\/figure><\/div>\n\n\n\n<h3 class=\"wp-block-heading\" id=\"analyse-et-pronostics\"><span id=\"analyse-et-pronostics-pour-parier-sur-le-futur-president-americain\">Gelece\u011fin Amerikan Ba\u015fkan\u0131 \u00fczerine bahse girmek i\u00e7in Analiz ve Tahminler<\/span><\/h3>\n\n\n\n<p>\u015eimdilik haberleri ve anketleri analiz ettikten sonra Joe Biden ile Donald Trump ba\u015fa ba\u015f gidiyor! Ayr\u0131ca bu 2 aday\u0131n oranlar\u0131 da \u00e7ok y\u00fcksek: 5 ve 7! Bu, art\u0131k bahis yapman\u0131n b\u00fcy\u00fck kazan\u00e7 sa\u011flayabilece\u011fi anlam\u0131na gelir; ayr\u0131ca bir aday\u0131n ba\u015fvuruda bulunmamas\u0131 durumunda bahisinizin otomatik olarak iade edilece\u011fini s\u00f6ylemeye bile gerek yok!<br><br><\/p>\n\n\n\n<h3 class=\"wp-block-heading\" id=\"comment-realiser-son-1-pari-avec-bwin-c\"><span id=\"comment-realiser-son-1er-pari-avec-betclic-sur-un-candidat-a-la-presidentielle-des-etats-unis\">Betclic ile Amerika Birle\u015fik Devletleri ba\u015fkan aday\u0131na ilk bahsinizi nas\u0131l yapars\u0131n\u0131z?<\/span><\/h3>\n\n\n\n<p id=\"comment-realiser-son-1-pari-avec-bwin-c\">T\u0131pk\u0131 favori futbol tak\u0131m\u0131n\u0131z\u0131n zaferine bahis oynayabilece\u011finiz gibi, Betclic bahis \u015firketiyle Amerika Birle\u015fik Devletleri ba\u015fkanl\u0131k se\u00e7iminin galibine de bahis oynamak m\u00fcmk\u00fcnd\u00fcr: bu h\u0131zl\u0131 ve kolayd\u0131r!<\/p>\n\n\n\n<ol><li>Bahis oynamak istedi\u011finiz Aday\u0131 se\u00e7in:<br>bizim \u00f6rne\u011fimizde Joe Biden.<br><\/li><li>Bahis yapmak istedi\u011finiz Bahsi belirtin,<br>Sim\u00fclasyonumuzda 10\u20ac<br><\/li><li>Ve \u015fimdi, bitti!<br>Ekran g\u00f6r\u00fcnt\u00fcm\u00fczde, Oran 5&#039;tir ve galibiyet durumunda bahis 10\u20ac&#039;dur. <strong>50\u20ac kazand\u0131n!<\/strong><\/li><\/ol>\n\n\n\n<div class=\"wp-block-image\"><figure class=\"aligncenter size-full is-resized\"><img decoding=\"async\" loading=\"lazy\" src=\"https:\/\/parier-presidentielle.com\/wp-content\/uploads\/2022\/02\/betclic-paris-president-des-etats-unis.png\" alt=\"Bir sonraki aday Gelece\u011fin Amerikan Ba\u015fkan\u0131 i\u00e7in bir sonraki aday i\u00e7in Betclic ile nas\u0131l bahse girilir\" class=\"wp-image-768\" width=\"259\" height=\"372\" srcset=\"https:\/\/parier-presidentielle.com\/wp-content\/uploads\/2022\/02\/betclic-paris-president-des-etats-unis.png 517w, https:\/\/parier-presidentielle.com\/wp-content\/uploads\/2022\/02\/betclic-paris-president-des-etats-unis-208x300.png 208w\" sizes=\"(max-width: 259px) 100vw, 259px\" \/><\/figure><\/div>\n\n\n\n<h2 class=\"wp-block-heading\"><span id=\"l8217actualite-des-candidats-a-l8217election-presidentielle-des-etats-unis\">ABD ba\u015fkanl\u0131k se\u00e7imi adaylar\u0131ndan haberler<\/span><\/h2>\n\n\n\n<h3 class=\"wp-block-heading\"><span id=\"plus-d8217interrogations-que-de-reponses-sur-l8217election-presidentielle-de-2024\">2024 ba\u015fkanl\u0131k se\u00e7imleriyle ilgili cevaplardan \u00e7ok sorular var. <\/span><\/h3>\n\n\n\n<p><br>Ba\u015fkan <strong>Joe Biden<\/strong> ortaya \u00e7\u0131kacak m\u0131? Bunu yapmay\u0131 planlad\u0131\u011f\u0131n\u0131 s\u00f6yl\u00fcyor ama e\u011fer yapmazsa Demokratlar\u0131n aday\u0131 kim olacak? Eski ba\u015fkan <strong>donald koz <\/strong>ortaya \u00e7\u0131kacak m\u0131? Birisi onun Cumhuriyet\u00e7i adayl\u0131\u011f\u0131na ciddi bir \u015fekilde itiraz edecek mi? Bilinen bilgilerden \u00e7ok bilinmeyenler var. <\/p>\n\n\n\n<blockquote class=\"wp-block-quote\"><p>Ancak yak\u0131n tarih bize rehberlik edecekse, \u00f6nemli bir \u015feyi biliyoruz: 2024 se\u00e7imleri zaten \u00e7ok yak\u0131n. <\/p><\/blockquote>\n\n\n\n<h3 class=\"wp-block-heading\"><span id=\"les-defis-et-les-dangers-auxquels-sont-confrontes-les-democrates-dans-la-prochaine-course-presidentielle\">Yakla\u015fan ba\u015fkanl\u0131k yar\u0131\u015f\u0131nda Demokratlar\u0131n kar\u015f\u0131la\u015ft\u0131\u011f\u0131 zorluklar ve tehlikeler.<\/span><\/h3>\n\n\n\n<p>\u201c1920&#039;den 1984&#039;e kadar yap\u0131lan 17 ba\u015fkanl\u0131k se\u00e7iminin 10&#039;unda halk oyu 10 puan veya daha fazla \u00f6ndeydi. \u2026 Ancak 1988&#039;den 2020&#039;ye kadar yap\u0131lan dokuz se\u00e7imde hi\u00e7bir aday 10&#039;a yakla\u015famad\u0131. Y\u00fczdelik puan kazand\u0131, son alt\u0131 se\u00e7imden be\u015fi y\u00fczde 5&#039;in alt\u0131nda bir puanla sonu\u00e7land\u0131.\u201d Olduk\u00e7a inan\u0131lmaz. Asl\u0131nda, son dokuz se\u00e7imdeki iki b\u00fcy\u00fck parti aday\u0131n\u0131n t\u00fcm oylar\u0131n\u0131 (yakla\u015f\u0131k 1 milyar) toplarsan\u0131z, Demokratlar toplam\u0131n 51,2 %&#039;sini al\u0131rken, Cumhuriyet\u00e7iler 48,2 % ald\u0131. Galston ve Carmack. Bu harika bir kravat. Bu rakamlar\u0131n ortaya koydu\u011fu ger\u00e7ek \u015fu ki, hi\u00e7bir partinin uzun bir s\u00fcre boyunca se\u00e7im avantaj\u0131 elde edemedi\u011fi de\u011fi\u015fken bir d\u00f6nemden ge\u00e7tik ve h\u00e2l\u00e2 da \u00f6yleyiz. (Son dokuz ba\u015fkanl\u0131k se\u00e7iminde Beyaz Saray&#039;\u0131n kontrol\u00fc be\u015f kez de\u011fi\u015fti.) <br>Bir parti \u00e7\u0131kmazdan kurtulana ve kal\u0131c\u0131 bir ulusal \u00e7o\u011funluk olu\u015fturana kadar, yak\u0131n se\u00e7imler kural olarak kalacak ve kilit eyaletlerdeki karars\u0131z se\u00e7menler zaferin anahtar\u0131 olmay\u0131 s\u00fcrd\u00fcrecek.<\/p>\n\n\n\n<h4 class=\"wp-block-heading\"><span id=\"la-candidature-de-trump-l8217element-determinant\"><br>Trump&#039;\u0131n adayl\u0131\u011f\u0131 belirleyici fakt\u00f6r<\/span><\/h4>\n\n\n\n<p>Trump notu sunarsa <a href=\"https:\/\/parier-presidentielle.com\/tr\/betclic-baskanlik-2022\/\">Betclic<\/a> 7&#039;de \u00e7ok iyi bir anla\u015fma \u00e7\u00fcnk\u00fc ba\u015fkanl\u0131\u011f\u0131 bir daha kazanamayaca\u011f\u0131na dair tahmin, bu makalenin bulgular\u0131yla do\u011frudan \u00e7eli\u015fiyor. 2024 ba\u015fkanl\u0131k se\u00e7imleri kesinlikle \u00e7ok yak\u0131n bir yar\u0131\u015f olacak, bu da Trump&#039;\u0131n zafer \u015fans\u0131n\u0131n yaz\u0131 tura atmaya \u00e7ok yak\u0131n olaca\u011f\u0131 anlam\u0131na geliyor!<br><\/p>\n\n\n\n<p class=\"has-text-align-center unibet\" style=\"font-size:25px\"><mark style=\"background-color:rgba(0, 0, 0, 0);color:#0d7a12\" class=\"has-inline-color\"><strong><a href=\"https:\/\/parier-presidentielle.com\/tr\/recommends\/unibet\/\">Unibet ile sunulan 150 \u20ac Bonus<br>1. Politik veya Spor Bahsiniz i\u00e7in: Buraya t\u0131klay\u0131n<\/a><\/strong><\/mark><\/p>\n\n\n\n<p><\/p>\n\n\n<div class=\"wp-block-image\">\n<figure class=\"aligncenter is-resized wp-duotone-000097-ff4747-8\"><img decoding=\"async\" loading=\"lazy\" src=\"https:\/\/parier-presidentielle.com\/wp-content\/uploads\/2021\/09\/election-standard-scale-4_00x-gigapixel-1024x623.jpg\" alt=\"Se\u00e7im 2022\" style=\"width:256px;height:156px\" width=\"256\" height=\"156\"\/><\/figure><\/div>\n\n\n<p><br><\/p>\n\n\n\n<p><strong>Parier-presidentielle, farkl\u0131 se\u00e7enekler aras\u0131nda se\u00e7im yapman\u0131za yard\u0131mc\u0131 olur.<a href=\"https:\/\/parier-presidentielle.com\/tr\/\"> Bahis\u00e7iler Bwin, Unibet, Betclic 2024&#039;te Gelece\u011fin Amerikan Ba\u015fkan\u0131na Bahis Yapacak<\/a> : <\/strong><br><a href=\"https:\/\/parier-presidentielle.com\/tr\/unibet-policy-secim-2022\/\">Unibet Cumhurba\u015fkanl\u0131\u011f\u0131 Bahis\u00e7isi<\/a> : T\u00fcm oranlarla \u00e7evrimi\u00e7i ilk bahsinizi yapmak ve sunulan Bonustan nas\u0131l yararlanaca\u011f\u0131n\u0131z konusunda ayr\u0131nt\u0131l\u0131 ve \u00fccretsiz rehber!<\/p>\n\n\n\n<p>Di\u011fer \u00e7evrimi\u00e7i bahis sitelerinin yan\u0131 s\u0131ra: <a href=\"https:\/\/parier-presidentielle.com\/tr\/unibet-policy-secim-2022\/\">Bwin<\/a>, <a href=\"https:\/\/parier-presidentielle.com\/tr\/netbet-paris-politika-secim-2022\/\">NetBet<\/a>, <a href=\"https:\/\/parier-presidentielle.com\/tr\/betclic-baskanlik-2022\/\">Betclic<\/a>, <a href=\"https:\/\/parier-presidentielle.com\/tr\/winamax-policy-secim-2022\/\">Winamax<\/a>, Parions Sport, Zebet, Betway, France-Pari, Vbet, Cloudbet, 1Xbit, 1xbet, Betfair, Betwinner\u2026<\/p>\n\n\n\n<div class=\"wp-block-columns is-layout-flex wp-container-13 wp-block-columns-is-layout-flex\">\n<div class=\"wp-block-column is-layout-flow wp-block-column-is-layout-flow\" style=\"flex-basis:33.33%\">\n<p>Dosyam\u0131z\u0131 okudunuz:<\/p>\n<\/div>\n\n\n\n<div class=\"wp-block-column is-layout-flow wp-block-column-is-layout-flow\" style=\"flex-basis:33.33%\">\n<div class=\"wp-block-group is-layout-flow wp-block-group-is-layout-flow\"><div class=\"wp-block-group__inner-container\"><h4 class=\"has-text-align-center wp-block-post-title\"><span id=\"betclic-parier-sur-l8217election-presidentielle-americaine-de-2024\"><a href=\"https:\/\/parier-presidentielle.com\/tr\/betclic-amerikan-secim-2024\/\" target=\"_self\" >Betclic: 2024 Amerika Ba\u015fkanl\u0131k Se\u00e7imine Bahis Yap\u0131n<\/a><\/span><\/h4><\/div><\/div>\n<\/div>\n\n\n\n<div class=\"wp-block-column is-layout-flow wp-block-column-is-layout-flow\" style=\"flex-basis:33.33%\">\n<p class=\"has-text-align-right\">Di\u011fer \u00f6zel dosyalar\u0131m\u0131zla okumaya devam edin,<\/p>\n<\/div>\n<\/div>\n\n\n\n<h3 class=\"wp-block-heading\" id=\"tous-les-pronostics-sondage-et-cotes-pour-parier-sur-le-futur-vainqueur-de-l-election-presidentielle-2022\"><span id=\"tous-les-pronostics-sondage-et-cotes-pour-parier-sur-le-futur-vainqueur-de-l8217election-presidentielle-2024\">2024 Cumhurba\u015fkanl\u0131\u011f\u0131 se\u00e7iminin gelecekteki kazanan\u0131na dair bahis yap\u0131labilecek t\u00fcm Tahminler, Anketler ve Oranlar:<\/span><\/h3>\n\n\n\n<ul>\n<li><a href=\"https:\/\/parier-presidentielle.com\/tr\/macron-secim\/\">Unibet, Betclic, Bwin ile Emmanuel Macron&#039;a bahis yap\u0131n<\/a> : Anketlerin ve tahminlerin favorisi <\/li>\n\n\n\n<li><a href=\"https:\/\/parier-presidentielle.com\/tr\/marine-le-pen-secim\/\">Marine Le Pen: Oranlar\u0131 ve Bahis\u00e7iler ile nas\u0131l bahis oynan\u0131r<\/a>: Unibet&#039;e g\u00f6re meydan okuyan<\/li>\n<\/ul>\n\n\n\n<p><\/p>\n\n\n\n<center><script type=\"text\/javascript\" charset=\"utf-8\" src=\"https:\/\/www.gambling-affiliation.com\/cpm\/v=AmIMTDSs92QY6b0MzDMvM5laCjJ-ZlA-1oQ-7tKsi.w_GA7331V2\"><\/script><\/center>\n\n\n\n<h3 class=\"wp-block-heading\"><span id=\"donald-trump-vs-joe-biden-la-video-qui-lance-les-paris-en-ligne-sur-l8217election-politique-de-2024\">Donald Trump vs Joe Biden: 2024 siyasi se\u00e7imlerinde \u00e7evrimi\u00e7i bahis oynamay\u0131 ba\u015flatan video<\/span><\/h3>\n\n\n\n<figure class=\"wp-block-embed is-type-video is-provider-youtube wp-block-embed-youtube wp-embed-aspect-16-9 wp-has-aspect-ratio\"><div class=\"wp-block-embed__wrapper\">\n<iframe loading=\"lazy\" title=\"Eski Ba\u015fkan Donald Trump, 2024 Beyaz Saray teklifini ba\u015flatt\u0131 #Short\" width=\"640\" height=\"360\" src=\"https:\/\/www.youtube.com\/embed\/hZykPRVe4Ag?feature=oembed\" frameborder=\"0\" allow=\"accelerometer; autoplay; clipboard-write; encrypted-media; gyroscope; picture-in-picture; web-share\" allowfullscreen><\/iframe>\n<\/div><\/figure>\n\n\n<div class=\"wp-block-image\">\n<figure class=\"aligncenter size-medium\"><a href=\"https:\/\/parier-presidentielle.com\/tr\/recommends\/unibet\/\" target=\"_blank\" rel=\"noopener\"><img decoding=\"async\" loading=\"lazy\" width=\"300\" height=\"169\" src=\"https:\/\/parier-presidentielle.com\/wp-content\/uploads\/2022\/04\/unibet-300x169.jpg\" alt=\"\" class=\"wp-image-1252\" srcset=\"https:\/\/parier-presidentielle.com\/wp-content\/uploads\/2022\/04\/unibet-300x169.jpg 300w, https:\/\/parier-presidentielle.com\/wp-content\/uploads\/2022\/04\/unibet-1024x576.jpg 1024w, https:\/\/parier-presidentielle.com\/wp-content\/uploads\/2022\/04\/unibet-768x432.jpg 768w, https:\/\/parier-presidentielle.com\/wp-content\/uploads\/2022\/04\/unibet-18x10.jpg 18w, https:\/\/parier-presidentielle.com\/wp-content\/uploads\/2022\/04\/unibet.jpg 1280w\" sizes=\"(max-width: 300px) 100vw, 300px\" \/><\/a><\/figure><\/div>\n\n\n<p>Esrar ve yasal t\u00fcrevleriyle ilgili ana siyasi haber olan Wiki&#039;yi bulun: <strong>HHC, H4cbd, Thcp, Thcv, HSD, HHCPO, C4B<\/strong><\/p>\n<div id=\"toc_container\" class=\"no_bullets\"><p class=\"toc_title\">\u0130\u00e7indekiler<\/p><ul class=\"toc_list\"><li><ul><li><ul><li><\/li><\/ul><\/li><li><\/li><li><\/li><\/ul><\/li><li><ul><li><\/li><li><ul><li><\/li><li><\/li><\/ul><\/li><li><\/li><li><\/li><\/ul><\/li><\/ul><\/div>","protected":false},"excerpt":{"rendered":"<p>Amerika Birle\u015fik Devletleri&#039;nin bir sonraki ba\u015fkan\u0131 kim olacak? \u00d6ncelikle Joe Biden 2020&#039;de zorlukla se\u00e7ildi, Trump ve destek\u00e7ileri sab\u0131rs\u0131zl\u0131kla intikam\u0131n\u0131 bekliyor! Yani Joe Biden ve Kamala ile Cumhuriyet\u00e7i ve Demokrat siyasetin ba\u015frollerini bulursak art\u0131k ba\u015fkanl\u0131k se\u00e7iminin galibi \u00fczerine bahse girebilirsiniz...<\/p>","protected":false},"author":1,"featured_media":0,"parent":0,"menu_order":0,"comment_status":"closed","ping_status":"closed","template":"page-nosidebar.php","meta":{"footnotes":""},"yoast_head":"<!-- This site is optimized with the Yoast SEO Premium plugin v21.0 (Yoast SEO v21.0) - https:\/\/yoast.com\/wordpress\/plugins\/seo\/ -->\n<title>Betclic : Parier sur l&#039;\u00c9lection Pr\u00e9sidentielle Am\u00e9ricaine de 2024 - Finale Coupe du Monde FIFA<\/title>\n<meta name=\"description\" content=\"L&#039;int\u00e9gral des Cotes de Betclic pour l\u2019\u00e9lection am\u00e9ricaine\" \/>\n<meta name=\"robots\" content=\"index, follow, max-snippet:-1, max-image-preview:large, max-video-preview:-1\" \/>\n<link rel=\"canonical\" href=\"https:\/\/parier-presidentielle.com\/tr\/betclic-amerikan-secim-2024\/\" \/>\n<meta property=\"og:locale\" content=\"tr_TR\" \/>\n<meta property=\"og:type\" content=\"article\" \/>\n<meta property=\"og:title\" content=\"Betclic : Parier sur l&#039;\u00c9lection Pr\u00e9sidentielle Am\u00e9ricaine de 2024\" \/>\n<meta property=\"og:description\" content=\"L&#039;int\u00e9gral des Cotes de Betclic pour l\u2019\u00e9lection am\u00e9ricaine\" \/>\n<meta property=\"og:url\" content=\"https:\/\/parier-presidentielle.com\/tr\/betclic-amerikan-secim-2024\/\" \/>\n<meta property=\"og:site_name\" content=\"Parier Pr\u00e9sidentielle\" \/>\n<meta property=\"article:modified_time\" content=\"2022-02-24T22:13:37+00:00\" \/>\n<meta property=\"og:image\" content=\"https:\/\/parier-presidentielle.com\/wp-content\/uploads\/2022\/02\/betclic-election-usa-2024-header.jpg\" \/>\n<meta name=\"twitter:card\" content=\"summary_large_image\" \/>\n<meta name=\"twitter:label1\" content=\"Est. reading time\" \/>\n\t<meta name=\"twitter:data1\" content=\"2 dakika\" \/>\n<script type=\"application\/ld+json\" class=\"yoast-schema-graph\">{\"@context\":\"https:\/\/schema.org\",\"@graph\":[{\"@type\":\"WebPage\",\"@id\":\"https:\/\/parier-presidentielle.com\/betclic-election-americaine-2024\/\",\"url\":\"https:\/\/parier-presidentielle.com\/betclic-election-americaine-2024\/\",\"name\":\"Betclic : Parier sur l'\u00c9lection Pr\u00e9sidentielle Am\u00e9ricaine de 2024 - Finale Coupe du Monde FIFA\",\"isPartOf\":{\"@id\":\"https:\/\/parier-presidentielle.com\/#website\"},\"datePublished\":\"2022-02-23T12:20:38+00:00\",\"dateModified\":\"2022-02-24T22:13:37+00:00\",\"description\":\"L'int\u00e9gral des Cotes de Betclic pour l\u2019\u00e9lection am\u00e9ricaine\",\"breadcrumb\":{\"@id\":\"https:\/\/parier-presidentielle.com\/betclic-election-americaine-2024\/#breadcrumb\"},\"inLanguage\":\"tr\",\"potentialAction\":[{\"@type\":\"ReadAction\",\"target\":[\"https:\/\/parier-presidentielle.com\/betclic-election-americaine-2024\/\"]}]},{\"@type\":\"BreadcrumbList\",\"@id\":\"https:\/\/parier-presidentielle.com\/betclic-election-americaine-2024\/#breadcrumb\",\"itemListElement\":[{\"@type\":\"ListItem\",\"position\":1,\"name\":\"Accueil\",\"item\":\"https:\/\/parier-presidentielle.com\/\"},{\"@type\":\"ListItem\",\"position\":2,\"name\":\"Betclic : Parier sur l&rsquo;\u00c9lection Pr\u00e9sidentielle Am\u00e9ricaine de 2024\"}]},{\"@type\":\"WebSite\",\"@id\":\"https:\/\/parier-presidentielle.com\/#website\",\"url\":\"https:\/\/parier-presidentielle.com\/\",\"name\":\"Parier Pr\u00e9sidentielle\",\"description\":\"Paris, Pronostics, Wiki sur la Politique, les Elections Am\u00e9ricaines: Joe Biden, Donald Trump avec les Bookmakers en ligne Unibet, Bwin, Betclic, Winamax\",\"potentialAction\":[{\"@type\":\"SearchAction\",\"target\":{\"@type\":\"EntryPoint\",\"urlTemplate\":\"https:\/\/parier-presidentielle.com\/?s={search_term_string}\"},\"query-input\":\"required name=search_term_string\"}],\"inLanguage\":\"tr\"}]}<\/script>\n<!-- \/ Yoast SEO Premium plugin. -->","yoast_head_json":{"title":"Betclic : Parier sur l'\u00c9lection Pr\u00e9sidentielle Am\u00e9ricaine de 2024 - Finale Coupe du Monde FIFA","description":"L'int\u00e9gral des Cotes de Betclic pour l\u2019\u00e9lection am\u00e9ricaine","robots":{"index":"index","follow":"follow","max-snippet":"max-snippet:-1","max-image-preview":"max-image-preview:large","max-video-preview":"max-video-preview:-1"},"canonical":"https:\/\/parier-presidentielle.com\/tr\/betclic-amerikan-secim-2024\/","og_locale":"tr_TR","og_type":"article","og_title":"Betclic : Parier sur l'\u00c9lection Pr\u00e9sidentielle Am\u00e9ricaine de 2024","og_description":"L'int\u00e9gral des Cotes de Betclic pour l\u2019\u00e9lection am\u00e9ricaine","og_url":"https:\/\/parier-presidentielle.com\/tr\/betclic-amerikan-secim-2024\/","og_site_name":"Parier Pr\u00e9sidentielle","article_modified_time":"2022-02-24T22:13:37+00:00","og_image":[{"url":"https:\/\/parier-presidentielle.com\/wp-content\/uploads\/2022\/02\/betclic-election-usa-2024-header.jpg"}],"twitter_card":"summary_large_image","twitter_misc":{"Est. reading time":"2 dakika"},"schema":{"@context":"https:\/\/schema.org","@graph":[{"@type":"WebPage","@id":"https:\/\/parier-presidentielle.com\/betclic-election-americaine-2024\/","url":"https:\/\/parier-presidentielle.com\/betclic-election-americaine-2024\/","name":"Betclic : Parier sur l'\u00c9lection Pr\u00e9sidentielle Am\u00e9ricaine de 2024 - Finale Coupe du Monde FIFA","isPartOf":{"@id":"https:\/\/parier-presidentielle.com\/#website"},"datePublished":"2022-02-23T12:20:38+00:00","dateModified":"2022-02-24T22:13:37+00:00","description":"L'int\u00e9gral des Cotes de Betclic pour l\u2019\u00e9lection am\u00e9ricaine","breadcrumb":{"@id":"https:\/\/parier-presidentielle.com\/betclic-election-americaine-2024\/#breadcrumb"},"inLanguage":"tr","potentialAction":[{"@type":"ReadAction","target":["https:\/\/parier-presidentielle.com\/betclic-election-americaine-2024\/"]}]},{"@type":"BreadcrumbList","@id":"https:\/\/parier-presidentielle.com\/betclic-election-americaine-2024\/#breadcrumb","itemListElement":[{"@type":"ListItem","position":1,"name":"Accueil","item":"https:\/\/parier-presidentielle.com\/"},{"@type":"ListItem","position":2,"name":"Betclic : Parier sur l&rsquo;\u00c9lection Pr\u00e9sidentielle Am\u00e9ricaine de 2024"}]},{"@type":"WebSite","@id":"https:\/\/parier-presidentielle.com\/#website","url":"https:\/\/parier-presidentielle.com\/","name":"Parier Pr\u00e9sidentielle","description":"Paris, Pronostics, Wiki sur la Politique, les Elections Am\u00e9ricaines: Joe Biden, Donald Trump avec les Bookmakers en ligne Unibet, Bwin, Betclic, Winamax","potentialAction":[{"@type":"SearchAction","target":{"@type":"EntryPoint","urlTemplate":"https:\/\/parier-presidentielle.com\/?s={search_term_string}"},"query-input":"required name=search_term_string"}],"inLanguage":"tr"}]}},"_links":{"self":[{"href":"https:\/\/parier-presidentielle.com\/tr\/wp-json\/wp\/v2\/pages\/709"}],"collection":[{"href":"https:\/\/parier-presidentielle.com\/tr\/wp-json\/wp\/v2\/pages"}],"about":[{"href":"https:\/\/parier-presidentielle.com\/tr\/wp-json\/wp\/v2\/types\/page"}],"author":[{"embeddable":true,"href":"https:\/\/parier-presidentielle.com\/tr\/wp-json\/wp\/v2\/users\/1"}],"replies":[{"embeddable":true,"href":"https:\/\/parier-presidentielle.com\/tr\/wp-json\/wp\/v2\/comments?post=709"}],"version-history":[{"count":37,"href":"https:\/\/parier-presidentielle.com\/tr\/wp-json\/wp\/v2\/pages\/709\/revisions"}],"predecessor-version":[{"id":777,"href":"https:\/\/parier-presidentielle.com\/tr\/wp-json\/wp\/v2\/pages\/709\/revisions\/777"}],"wp:attachment":[{"href":"https:\/\/parier-presidentielle.com\/tr\/wp-json\/wp\/v2\/media?parent=709"}],"curies":[{"name":"wp","href":"https:\/\/api.w.org\/{rel}","templated":true}]}}